{"id":16579,"date":"2025-10-20T17:28:47","date_gmt":"2025-10-20T15:28:47","guid":{"rendered":"https:\/\/animefigurer.se\/produkt\/batman-the-animated-series-one12-collective-the-joker-action-figure\/"},"modified":"2025-12-21T19:26:32","modified_gmt":"2025-12-21T18:26:32","slug":"batman-the-animated-series-one12-collective-the-joker-action-figure","status":"publish","type":"product","link":"https:\/\/animefigurer.se\/en\/figurer\/dc-comics\/batman-the-animated-series-one12-collective-the-joker-action-figure\/","title":{"rendered":"Batman: The Animated Series One:12 Collective The Joker Action Figure"},"content":{"rendered":"<p>Gotham&#039;s top prankster is back in the One:12 Collective series - The Joker is ready to wreak havoc!<\/p>\n<p>Dressed in his classic purple suit with bow tie and boutonni\u00e8re, the figure comes with four interchangeable head sculpts that capture his varying, manic expressions. Accessories cover everything from theatrical props to dangerous toys: a cane that splits to reveal a dagger, TNT bomb, Joker fish and more sections for your setup.<\/p>\n<p>In Batman: The Animated Series, the Joker is a theatrical, crazy figure who loves to run amok in Gotham \u2013 his chaos and absurd humor make him one of the city&#039;s most unpredictable villains.<\/p>","protected":false},"excerpt":{"rendered":"<p>Gotham&#039;s top prankster is back in the One:12 Collective series - The Joker is ready to wreak havoc!<\/p>\n<p>Dressed in his classic purple suit with bow tie and boutonni\u00e8re, the figure comes with four interchangeable head sculpts that capture his varying, manic expressions. Accessories cover everything<\/p>","protected":false},"featured_media":16580,"comment_status":"closed","ping_status":"open","template":"","meta":{"_acf_changed":false,"_monsterinsights_skip_tracking":false,"_monsterinsights_sitenote_active":false,"_monsterinsights_sitenote_note":"","_monsterinsights_sitenote_category":0},"product_brand":[7064],"product_cat":[1522,7233],"product_tag":[26],"giftcard-category":[],"class_list":{"0":"post-16579","1":"product","2":"type-product","3":"status-publish","4":"has-post-thumbnail","6":"product_brand-mezco-toys","7":"product_cat-dc-comics","8":"product_cat-pre-order","9":"product_tag-pre-order","10":"pa_franchise-batman-the-animated","11":"pa_karaktar-the-joker","12":"pa_material-plastic-and-fabric","13":"pa_skala-921","14":"pa_storlek-17-cm","16":"first","17":"instock","18":"taxable","19":"shipping-taxable","20":"purchasable","21":"product-type-simple"},"acf":[],"yoast_head":"<!-- This site is optimized with the Yoast SEO Premium plugin v24.6 (Yoast SEO v27.3) - https:\/\/yoast.com\/product\/yoast-seo-premium-wordpress\/ -->\n<title>Batman: The Animated Series One:12 Collective The Joker Action Figure | Animefigurer.se<\/title>\n<meta name=\"robots\" content=\"index, follow, max-snippet:-1, max-image-preview:large, max-video-preview:-1\" \/>\n<link rel=\"canonical\" href=\"https:\/\/animefigurer.se\/en\/figurer\/dc-comics\/batman-the-animated-series-one12-collective-the-joker-action-figure\/\" \/>\n<meta property=\"og:locale\" content=\"en_GB\" \/>\n<meta property=\"og:type\" content=\"article\" \/>\n<meta property=\"og:title\" content=\"Batman: The Animated Series One:12 Collective The Joker Action Figure\" \/>\n<meta property=\"og:description\" content=\"Gothams fr\u00e4mste sprattmakare \u00e4r tillbaka i One:12 Collective\u2011serien \u2013 Jokern \u00e4r redo att st\u00e4lla till med kaos! Figuren \u00e4r kl\u00e4dd i sin klassiska lila kostym med fluga och boutonni\u00e8re och levereras med fyra utbytbara huvudskulpturer som f\u00e5ngar hans varierande, maniska uttryck. Tillbeh\u00f6ren t\u00e4cker allt\" \/>\n<meta property=\"og:url\" content=\"https:\/\/animefigurer.se\/en\/figurer\/dc-comics\/batman-the-animated-series-one12-collective-the-joker-action-figure\/\" \/>\n<meta property=\"og:site_name\" content=\"Animefigurer.se\" \/>\n<meta property=\"article:publisher\" content=\"https:\/\/www.facebook.com\/profile.php?id=61581826539670\" \/>\n<meta property=\"article:modified_time\" content=\"2025-12-21T18:26:32+00:00\" \/>\n<meta property=\"og:image\" content=\"https:\/\/animefigurer.se\/wp-content\/uploads\/2025\/12\/Animefigurer_logowhite.png\" \/>\n\t<meta property=\"og:image:width\" content=\"1890\" \/>\n\t<meta property=\"og:image:height\" content=\"1417\" \/>\n\t<meta property=\"og:image:type\" content=\"image\/png\" \/>\n<meta name=\"twitter:card\" content=\"summary_large_image\" \/>\n<meta name=\"twitter:label1\" content=\"Estimated reading time\" \/>\n\t<meta name=\"twitter:data1\" content=\"1 minute\" \/>\n<script type=\"application\/ld+json\" class=\"yoast-schema-graph\">{\"@context\":\"https:\\\/\\\/schema.org\",\"@graph\":[{\"@type\":\"WebPage\",\"@id\":\"https:\\\/\\\/animefigurer.se\\\/en\\\/figurer\\\/dc-comics\\\/batman-the-animated-series-one12-collective-the-joker-action-figure\\\/\",\"url\":\"https:\\\/\\\/animefigurer.se\\\/en\\\/figurer\\\/dc-comics\\\/batman-the-animated-series-one12-collective-the-joker-action-figure\\\/\",\"name\":\"Batman: The Animated Series One:12 Collective The Joker Action Figure | Animefigurer.se\",\"isPartOf\":{\"@id\":\"https:\\\/\\\/animefigurer.se\\\/#website\"},\"primaryImageOfPage\":{\"@id\":\"https:\\\/\\\/animefigurer.se\\\/en\\\/figurer\\\/dc-comics\\\/batman-the-animated-series-one12-collective-the-joker-action-figure\\\/#primaryimage\"},\"image\":{\"@id\":\"https:\\\/\\\/animefigurer.se\\\/en\\\/figurer\\\/dc-comics\\\/batman-the-animated-series-one12-collective-the-joker-action-figure\\\/#primaryimage\"},\"thumbnailUrl\":\"https:\\\/\\\/animefigurer.se\\\/wp-content\\\/uploads\\\/2025\\\/10\\\/6878df59ab47c.jpeg\",\"datePublished\":\"2025-10-20T15:28:47+00:00\",\"dateModified\":\"2025-12-21T18:26:32+00:00\",\"breadcrumb\":{\"@id\":\"https:\\\/\\\/animefigurer.se\\\/en\\\/figurer\\\/dc-comics\\\/batman-the-animated-series-one12-collective-the-joker-action-figure\\\/#breadcrumb\"},\"inLanguage\":\"en-GB\",\"potentialAction\":[{\"@type\":\"ReadAction\",\"target\":[\"https:\\\/\\\/animefigurer.se\\\/en\\\/figurer\\\/dc-comics\\\/batman-the-animated-series-one12-collective-the-joker-action-figure\\\/\"]}]},{\"@type\":\"ImageObject\",\"inLanguage\":\"en-GB\",\"@id\":\"https:\\\/\\\/animefigurer.se\\\/en\\\/figurer\\\/dc-comics\\\/batman-the-animated-series-one12-collective-the-joker-action-figure\\\/#primaryimage\",\"url\":\"https:\\\/\\\/animefigurer.se\\\/wp-content\\\/uploads\\\/2025\\\/10\\\/6878df59ab47c.jpeg\",\"contentUrl\":\"https:\\\/\\\/animefigurer.se\\\/wp-content\\\/uploads\\\/2025\\\/10\\\/6878df59ab47c.jpeg\",\"width\":1000,\"height\":750},{\"@type\":\"BreadcrumbList\",\"@id\":\"https:\\\/\\\/animefigurer.se\\\/en\\\/figurer\\\/dc-comics\\\/batman-the-animated-series-one12-collective-the-joker-action-figure\\\/#breadcrumb\",\"itemListElement\":[{\"@type\":\"ListItem\",\"position\":1,\"name\":\"Home\",\"item\":\"https:\\\/\\\/animefigurer.se\\\/\"},{\"@type\":\"ListItem\",\"position\":2,\"name\":\"Butik\",\"item\":\"https:\\\/\\\/animefigurer.se\\\/figurer\\\/\"},{\"@type\":\"ListItem\",\"position\":3,\"name\":\"Batman: The Animated Series One:12 Collective The Joker Action Figure\"}]},{\"@type\":\"WebSite\",\"@id\":\"https:\\\/\\\/animefigurer.se\\\/#website\",\"url\":\"https:\\\/\\\/animefigurer.se\\\/\",\"name\":\"Animefigurer.se\",\"description\":\"Anime figurer fr\u00e5n \u00f6ver 300 olika anime serier med \u00f6ver 9000 produkter | Anime Shop\",\"publisher\":{\"@id\":\"https:\\\/\\\/animefigurer.se\\\/#organization\"},\"potentialAction\":[{\"@type\":\"SearchAction\",\"target\":{\"@type\":\"EntryPoint\",\"urlTemplate\":\"https:\\\/\\\/animefigurer.se\\\/?s={search_term_string}\"},\"query-input\":{\"@type\":\"PropertyValueSpecification\",\"valueRequired\":true,\"valueName\":\"search_term_string\"}}],\"inLanguage\":\"en-GB\"},{\"@type\":\"Organization\",\"@id\":\"https:\\\/\\\/animefigurer.se\\\/#organization\",\"name\":\"Animefigurer.se\",\"alternateName\":\"Anime figurer | Anime shop\",\"url\":\"https:\\\/\\\/animefigurer.se\\\/\",\"logo\":{\"@type\":\"ImageObject\",\"inLanguage\":\"en-GB\",\"@id\":\"https:\\\/\\\/animefigurer.se\\\/#\\\/schema\\\/logo\\\/image\\\/\",\"url\":\"https:\\\/\\\/animefigurer.se\\\/wp-content\\\/uploads\\\/2025\\\/12\\\/Animefigurer_logowhite.png\",\"contentUrl\":\"https:\\\/\\\/animefigurer.se\\\/wp-content\\\/uploads\\\/2025\\\/12\\\/Animefigurer_logowhite.png\",\"width\":1890,\"height\":1417,\"caption\":\"Animefigurer.se\"},\"image\":{\"@id\":\"https:\\\/\\\/animefigurer.se\\\/#\\\/schema\\\/logo\\\/image\\\/\"},\"sameAs\":[\"https:\\\/\\\/www.facebook.com\\\/profile.php?id=61581826539670\",\"https:\\\/\\\/www.instagram.com\\\/animefigurer.se\\\/\"],\"email\":\"info@animefigurer.se\"}]}<\/script>\n<!-- \/ Yoast SEO Premium plugin. -->","yoast_head_json":{"title":"Batman: The Animated Series One:12 Collective The Joker Action Figure | Animefigurer.se","robots":{"index":"index","follow":"follow","max-snippet":"max-snippet:-1","max-image-preview":"max-image-preview:large","max-video-preview":"max-video-preview:-1"},"canonical":"https:\/\/animefigurer.se\/en\/figurer\/dc-comics\/batman-the-animated-series-one12-collective-the-joker-action-figure\/","og_locale":"en_GB","og_type":"article","og_title":"Batman: The Animated Series One:12 Collective The Joker Action Figure","og_description":"Gothams fr\u00e4mste sprattmakare \u00e4r tillbaka i One:12 Collective\u2011serien \u2013 Jokern \u00e4r redo att st\u00e4lla till med kaos! Figuren \u00e4r kl\u00e4dd i sin klassiska lila kostym med fluga och boutonni\u00e8re och levereras med fyra utbytbara huvudskulpturer som f\u00e5ngar hans varierande, maniska uttryck. Tillbeh\u00f6ren t\u00e4cker allt","og_url":"https:\/\/animefigurer.se\/en\/figurer\/dc-comics\/batman-the-animated-series-one12-collective-the-joker-action-figure\/","og_site_name":"Animefigurer.se","article_publisher":"https:\/\/www.facebook.com\/profile.php?id=61581826539670","article_modified_time":"2025-12-21T18:26:32+00:00","og_image":[{"width":1890,"height":1417,"url":"https:\/\/animefigurer.se\/wp-content\/uploads\/2025\/12\/Animefigurer_logowhite.png","type":"image\/png"}],"twitter_card":"summary_large_image","twitter_misc":{"Estimated reading time":"1 minute"},"schema":{"@context":"https:\/\/schema.org","@graph":[{"@type":"WebPage","@id":"https:\/\/animefigurer.se\/en\/figurer\/dc-comics\/batman-the-animated-series-one12-collective-the-joker-action-figure\/","url":"https:\/\/animefigurer.se\/en\/figurer\/dc-comics\/batman-the-animated-series-one12-collective-the-joker-action-figure\/","name":"Batman: The Animated Series One:12 Collective The Joker Action Figure | Animefigurer.se","isPartOf":{"@id":"https:\/\/animefigurer.se\/#website"},"primaryImageOfPage":{"@id":"https:\/\/animefigurer.se\/en\/figurer\/dc-comics\/batman-the-animated-series-one12-collective-the-joker-action-figure\/#primaryimage"},"image":{"@id":"https:\/\/animefigurer.se\/en\/figurer\/dc-comics\/batman-the-animated-series-one12-collective-the-joker-action-figure\/#primaryimage"},"thumbnailUrl":"https:\/\/animefigurer.se\/wp-content\/uploads\/2025\/10\/6878df59ab47c.jpeg","datePublished":"2025-10-20T15:28:47+00:00","dateModified":"2025-12-21T18:26:32+00:00","breadcrumb":{"@id":"https:\/\/animefigurer.se\/en\/figurer\/dc-comics\/batman-the-animated-series-one12-collective-the-joker-action-figure\/#breadcrumb"},"inLanguage":"en-GB","potentialAction":[{"@type":"ReadAction","target":["https:\/\/animefigurer.se\/en\/figurer\/dc-comics\/batman-the-animated-series-one12-collective-the-joker-action-figure\/"]}]},{"@type":"ImageObject","inLanguage":"en-GB","@id":"https:\/\/animefigurer.se\/en\/figurer\/dc-comics\/batman-the-animated-series-one12-collective-the-joker-action-figure\/#primaryimage","url":"https:\/\/animefigurer.se\/wp-content\/uploads\/2025\/10\/6878df59ab47c.jpeg","contentUrl":"https:\/\/animefigurer.se\/wp-content\/uploads\/2025\/10\/6878df59ab47c.jpeg","width":1000,"height":750},{"@type":"BreadcrumbList","@id":"https:\/\/animefigurer.se\/en\/figurer\/dc-comics\/batman-the-animated-series-one12-collective-the-joker-action-figure\/#breadcrumb","itemListElement":[{"@type":"ListItem","position":1,"name":"Home","item":"https:\/\/animefigurer.se\/"},{"@type":"ListItem","position":2,"name":"Butik","item":"https:\/\/animefigurer.se\/figurer\/"},{"@type":"ListItem","position":3,"name":"Batman: The Animated Series One:12 Collective The Joker Action Figure"}]},{"@type":"WebSite","@id":"https:\/\/animefigurer.se\/#website","url":"https:\/\/animefigurer.se\/","name":"Animefigurer.se","description":"Anime figures from over 300 different anime series with over 9000 products | Anime Shop","publisher":{"@id":"https:\/\/animefigurer.se\/#organization"},"potentialAction":[{"@type":"SearchAction","target":{"@type":"EntryPoint","urlTemplate":"https:\/\/animefigurer.se\/?s={search_term_string}"},"query-input":{"@type":"PropertyValueSpecification","valueRequired":true,"valueName":"search_term_string"}}],"inLanguage":"en-GB"},{"@type":"Organization","@id":"https:\/\/animefigurer.se\/#organization","name":"Animefigurer.se","alternateName":"Anime figurer | Anime shop","url":"https:\/\/animefigurer.se\/","logo":{"@type":"ImageObject","inLanguage":"en-GB","@id":"https:\/\/animefigurer.se\/#\/schema\/logo\/image\/","url":"https:\/\/animefigurer.se\/wp-content\/uploads\/2025\/12\/Animefigurer_logowhite.png","contentUrl":"https:\/\/animefigurer.se\/wp-content\/uploads\/2025\/12\/Animefigurer_logowhite.png","width":1890,"height":1417,"caption":"Animefigurer.se"},"image":{"@id":"https:\/\/animefigurer.se\/#\/schema\/logo\/image\/"},"sameAs":["https:\/\/www.facebook.com\/profile.php?id=61581826539670","https:\/\/www.instagram.com\/animefigurer.se\/"],"email":"info@animefigurer.se"}]}},"_links":{"self":[{"href":"https:\/\/animefigurer.se\/en\/wp-json\/wp\/v2\/product\/16579","targetHints":{"allow":["GET"]}}],"collection":[{"href":"https:\/\/animefigurer.se\/en\/wp-json\/wp\/v2\/product"}],"about":[{"href":"https:\/\/animefigurer.se\/en\/wp-json\/wp\/v2\/types\/product"}],"replies":[{"embeddable":true,"href":"https:\/\/animefigurer.se\/en\/wp-json\/wp\/v2\/comments?post=16579"}],"wp:featuredmedia":[{"embeddable":true,"href":"https:\/\/animefigurer.se\/en\/wp-json\/wp\/v2\/media\/16580"}],"wp:attachment":[{"href":"https:\/\/animefigurer.se\/en\/wp-json\/wp\/v2\/media?parent=16579"}],"wp:term":[{"taxonomy":"product_brand","embeddable":true,"href":"https:\/\/animefigurer.se\/en\/wp-json\/wp\/v2\/product_brand?post=16579"},{"taxonomy":"product_cat","embeddable":true,"href":"https:\/\/animefigurer.se\/en\/wp-json\/wp\/v2\/product_cat?post=16579"},{"taxonomy":"product_tag","embeddable":true,"href":"https:\/\/animefigurer.se\/en\/wp-json\/wp\/v2\/product_tag?post=16579"},{"taxonomy":"giftcard-category","embeddable":true,"href":"https:\/\/animefigurer.se\/en\/wp-json\/wp\/v2\/giftcard-category?post=16579"}],"curies":[{"name":"wp","href":"https:\/\/api.w.org\/{rel}","templated":true}]}}