{"id":16547,"date":"2025-10-20T17:28:47","date_gmt":"2025-10-20T15:28:47","guid":{"rendered":"https:\/\/animefigurer.se\/produkt\/the-dark-knight-dx50-the-joker-bank-robber-ver-1-6th-scale-collectible-figure\/"},"modified":"2025-12-21T19:26:32","modified_gmt":"2025-12-21T18:26:32","slug":"the-dark-knight-dx50-the-joker-bank-robber-ver-1-6th-scale-collectible-figure","status":"publish","type":"product","link":"https:\/\/animefigurer.se\/en\/figurer\/dc-comics\/the-dark-knight-dx50-the-joker-bank-robber-ver-1-6th-scale-collectible-figure\/","title":{"rendered":"The Dark Knight DX50 The Joker (Bank Robber Ver.) 1\/6th Scale Collectible Figure"},"content":{"rendered":"<p>Heath Ledger&#039;s portrayal of the Joker shocked the world and his chilling laugh made the character immortal. The bank robbery scene in The Dark Knight introduces his chaotic charm and sets the tone for the rest of the film. Hot Toys now presents The Joker (Bank Robber Ver.) in 1\/6th scale \u2014 an authentic rendition of the iconic bank robber.<\/p>\n<p>The figure comes with two detailed head sculpts with separate rolling eyeballs: one with the Joker&#039;s evil grin and one with the bank robber&#039;s clown mask, capturing the bank heist&#039;s opening look. The hair is mid-length and dirty green, and the skin textures are finely painted with wrinkles and makeup smudges as in the film. The bank robber&#039;s outfit is tailored, with a striped shirt under a gray blazer and pants.<\/p>\n<p>Eight interchangeable hands allow for scenes with weapons, grenades, mask handling or casual poses. The weapon set emphasizes the heist theme and includes a pistol, shotgun, twelve round grenades, a smoke grenade with a pull cord, four additional smoke grenades and a grenade rack. The set also includes a duffel bag, stacks of money, Joker cards and a backdrop depicting the school bus from the robbery scene. A bank-themed diorama base\u2014including interchangeable glass door and broken wooden panels\u2014completes the presentation.<\/p>","protected":false},"excerpt":{"rendered":"<p>Heath Ledger&#039;s portrayal of the Joker shocked the world and his chilling laugh made the character immortal. The bank robbery scene in The Dark Knight introduces his chaotic charm and sets the tone for the rest of the film. Hot Toys now presents The Joker (Bank Robber Ver.) in 1\/6th scale \u2014 an authentic reproduction of the<\/p>","protected":false},"featured_media":16548,"comment_status":"closed","ping_status":"open","template":"","meta":{"_acf_changed":false,"_monsterinsights_skip_tracking":false,"_monsterinsights_sitenote_active":false,"_monsterinsights_sitenote_note":"","_monsterinsights_sitenote_category":0},"product_brand":[7024],"product_cat":[1522,7233],"product_tag":[26],"giftcard-category":[],"class_list":{"0":"post-16547","1":"product","2":"type-product","3":"status-publish","4":"has-post-thumbnail","6":"product_brand-hot-toys","7":"product_cat-dc-comics","8":"product_cat-pre-order","9":"product_tag-pre-order","10":"pa_franchise-the-dark-knight","11":"pa_karaktar-the-joker","12":"pa_material-plastic-and-fabric","13":"pa_skala-57","14":"pa_storlek-30-cm","16":"first","17":"instock","18":"taxable","19":"shipping-taxable","20":"purchasable","21":"product-type-simple"},"acf":[],"yoast_head":"<!-- This site is optimized with the Yoast SEO Premium plugin v24.6 (Yoast SEO v27.3) - https:\/\/yoast.com\/product\/yoast-seo-premium-wordpress\/ -->\n<title>The Dark Knight DX50 The Joker (Bank Robber Ver.) 1\/6th Scale Collectible Figure | Animefigurer.se<\/title>\n<meta name=\"robots\" content=\"index, follow, max-snippet:-1, max-image-preview:large, max-video-preview:-1\" \/>\n<link rel=\"canonical\" href=\"https:\/\/animefigurer.se\/en\/figurer\/dc-comics\/the-dark-knight-dx50-the-joker-bank-robber-ver-1-6th-scale-collectible-figure\/\" \/>\n<meta property=\"og:locale\" content=\"en_GB\" \/>\n<meta property=\"og:type\" content=\"article\" \/>\n<meta property=\"og:title\" content=\"The Dark Knight DX50 The Joker (Bank Robber Ver.) 1\/6th Scale Collectible Figure\" \/>\n<meta property=\"og:description\" content=\"Heath Ledgers Jokers tolkning chockade v\u00e4rlden och hans isande skratt gjorde karakt\u00e4ren od\u00f6dlig. Bankr\u00e5nsscenen i The Dark Knight introducerar hans kaotiska charm och s\u00e4tter tonen f\u00f6r resten av filmen. Hot Toys presenterar nu The Joker (Bank Robber Ver.) i 1\/6-skala \u2014 en autentisk \u00e5tergivning av den\" \/>\n<meta property=\"og:url\" content=\"https:\/\/animefigurer.se\/en\/figurer\/dc-comics\/the-dark-knight-dx50-the-joker-bank-robber-ver-1-6th-scale-collectible-figure\/\" \/>\n<meta property=\"og:site_name\" content=\"Animefigurer.se\" \/>\n<meta property=\"article:publisher\" content=\"https:\/\/www.facebook.com\/profile.php?id=61581826539670\" \/>\n<meta property=\"article:modified_time\" content=\"2025-12-21T18:26:32+00:00\" \/>\n<meta property=\"og:image\" content=\"https:\/\/animefigurer.se\/wp-content\/uploads\/2025\/12\/Animefigurer_logowhite.png\" \/>\n\t<meta property=\"og:image:width\" content=\"1890\" \/>\n\t<meta property=\"og:image:height\" content=\"1417\" \/>\n\t<meta property=\"og:image:type\" content=\"image\/png\" \/>\n<meta name=\"twitter:card\" content=\"summary_large_image\" \/>\n<meta name=\"twitter:label1\" content=\"Estimated reading time\" \/>\n\t<meta name=\"twitter:data1\" content=\"1 minute\" \/>\n<script type=\"application\/ld+json\" class=\"yoast-schema-graph\">{\"@context\":\"https:\\\/\\\/schema.org\",\"@graph\":[{\"@type\":\"WebPage\",\"@id\":\"https:\\\/\\\/animefigurer.se\\\/en\\\/figurer\\\/dc-comics\\\/the-dark-knight-dx50-the-joker-bank-robber-ver-1-6th-scale-collectible-figure\\\/\",\"url\":\"https:\\\/\\\/animefigurer.se\\\/en\\\/figurer\\\/dc-comics\\\/the-dark-knight-dx50-the-joker-bank-robber-ver-1-6th-scale-collectible-figure\\\/\",\"name\":\"The Dark Knight DX50 The Joker (Bank Robber Ver.) 1\\\/6th Scale Collectible Figure | Animefigurer.se\",\"isPartOf\":{\"@id\":\"https:\\\/\\\/animefigurer.se\\\/#website\"},\"primaryImageOfPage\":{\"@id\":\"https:\\\/\\\/animefigurer.se\\\/en\\\/figurer\\\/dc-comics\\\/the-dark-knight-dx50-the-joker-bank-robber-ver-1-6th-scale-collectible-figure\\\/#primaryimage\"},\"image\":{\"@id\":\"https:\\\/\\\/animefigurer.se\\\/en\\\/figurer\\\/dc-comics\\\/the-dark-knight-dx50-the-joker-bank-robber-ver-1-6th-scale-collectible-figure\\\/#primaryimage\"},\"thumbnailUrl\":\"https:\\\/\\\/animefigurer.se\\\/wp-content\\\/uploads\\\/2025\\\/10\\\/688b52c0c218f.jpeg\",\"datePublished\":\"2025-10-20T15:28:47+00:00\",\"dateModified\":\"2025-12-21T18:26:32+00:00\",\"breadcrumb\":{\"@id\":\"https:\\\/\\\/animefigurer.se\\\/en\\\/figurer\\\/dc-comics\\\/the-dark-knight-dx50-the-joker-bank-robber-ver-1-6th-scale-collectible-figure\\\/#breadcrumb\"},\"inLanguage\":\"en-GB\",\"potentialAction\":[{\"@type\":\"ReadAction\",\"target\":[\"https:\\\/\\\/animefigurer.se\\\/en\\\/figurer\\\/dc-comics\\\/the-dark-knight-dx50-the-joker-bank-robber-ver-1-6th-scale-collectible-figure\\\/\"]}]},{\"@type\":\"ImageObject\",\"inLanguage\":\"en-GB\",\"@id\":\"https:\\\/\\\/animefigurer.se\\\/en\\\/figurer\\\/dc-comics\\\/the-dark-knight-dx50-the-joker-bank-robber-ver-1-6th-scale-collectible-figure\\\/#primaryimage\",\"url\":\"https:\\\/\\\/animefigurer.se\\\/wp-content\\\/uploads\\\/2025\\\/10\\\/688b52c0c218f.jpeg\",\"contentUrl\":\"https:\\\/\\\/animefigurer.se\\\/wp-content\\\/uploads\\\/2025\\\/10\\\/688b52c0c218f.jpeg\",\"width\":1000,\"height\":750},{\"@type\":\"BreadcrumbList\",\"@id\":\"https:\\\/\\\/animefigurer.se\\\/en\\\/figurer\\\/dc-comics\\\/the-dark-knight-dx50-the-joker-bank-robber-ver-1-6th-scale-collectible-figure\\\/#breadcrumb\",\"itemListElement\":[{\"@type\":\"ListItem\",\"position\":1,\"name\":\"Home\",\"item\":\"https:\\\/\\\/animefigurer.se\\\/\"},{\"@type\":\"ListItem\",\"position\":2,\"name\":\"Butik\",\"item\":\"https:\\\/\\\/animefigurer.se\\\/figurer\\\/\"},{\"@type\":\"ListItem\",\"position\":3,\"name\":\"The Dark Knight DX50 The Joker (Bank Robber Ver.) 1\\\/6th Scale Collectible Figure\"}]},{\"@type\":\"WebSite\",\"@id\":\"https:\\\/\\\/animefigurer.se\\\/#website\",\"url\":\"https:\\\/\\\/animefigurer.se\\\/\",\"name\":\"Animefigurer.se\",\"description\":\"Anime figurer fr\u00e5n \u00f6ver 300 olika anime serier med \u00f6ver 9000 produkter | Anime Shop\",\"publisher\":{\"@id\":\"https:\\\/\\\/animefigurer.se\\\/#organization\"},\"potentialAction\":[{\"@type\":\"SearchAction\",\"target\":{\"@type\":\"EntryPoint\",\"urlTemplate\":\"https:\\\/\\\/animefigurer.se\\\/?s={search_term_string}\"},\"query-input\":{\"@type\":\"PropertyValueSpecification\",\"valueRequired\":true,\"valueName\":\"search_term_string\"}}],\"inLanguage\":\"en-GB\"},{\"@type\":\"Organization\",\"@id\":\"https:\\\/\\\/animefigurer.se\\\/#organization\",\"name\":\"Animefigurer.se\",\"alternateName\":\"Anime figurer | Anime shop\",\"url\":\"https:\\\/\\\/animefigurer.se\\\/\",\"logo\":{\"@type\":\"ImageObject\",\"inLanguage\":\"en-GB\",\"@id\":\"https:\\\/\\\/animefigurer.se\\\/#\\\/schema\\\/logo\\\/image\\\/\",\"url\":\"https:\\\/\\\/animefigurer.se\\\/wp-content\\\/uploads\\\/2025\\\/12\\\/Animefigurer_logowhite.png\",\"contentUrl\":\"https:\\\/\\\/animefigurer.se\\\/wp-content\\\/uploads\\\/2025\\\/12\\\/Animefigurer_logowhite.png\",\"width\":1890,\"height\":1417,\"caption\":\"Animefigurer.se\"},\"image\":{\"@id\":\"https:\\\/\\\/animefigurer.se\\\/#\\\/schema\\\/logo\\\/image\\\/\"},\"sameAs\":[\"https:\\\/\\\/www.facebook.com\\\/profile.php?id=61581826539670\",\"https:\\\/\\\/www.instagram.com\\\/animefigurer.se\\\/\"],\"email\":\"info@animefigurer.se\"}]}<\/script>\n<!-- \/ Yoast SEO Premium plugin. -->","yoast_head_json":{"title":"The Dark Knight DX50 The Joker (Bank Robber Ver.) 1\/6th Scale Collectible Figure | Animefigurer.se","robots":{"index":"index","follow":"follow","max-snippet":"max-snippet:-1","max-image-preview":"max-image-preview:large","max-video-preview":"max-video-preview:-1"},"canonical":"https:\/\/animefigurer.se\/en\/figurer\/dc-comics\/the-dark-knight-dx50-the-joker-bank-robber-ver-1-6th-scale-collectible-figure\/","og_locale":"en_GB","og_type":"article","og_title":"The Dark Knight DX50 The Joker (Bank Robber Ver.) 1\/6th Scale Collectible Figure","og_description":"Heath Ledgers Jokers tolkning chockade v\u00e4rlden och hans isande skratt gjorde karakt\u00e4ren od\u00f6dlig. Bankr\u00e5nsscenen i The Dark Knight introducerar hans kaotiska charm och s\u00e4tter tonen f\u00f6r resten av filmen. Hot Toys presenterar nu The Joker (Bank Robber Ver.) i 1\/6-skala \u2014 en autentisk \u00e5tergivning av den","og_url":"https:\/\/animefigurer.se\/en\/figurer\/dc-comics\/the-dark-knight-dx50-the-joker-bank-robber-ver-1-6th-scale-collectible-figure\/","og_site_name":"Animefigurer.se","article_publisher":"https:\/\/www.facebook.com\/profile.php?id=61581826539670","article_modified_time":"2025-12-21T18:26:32+00:00","og_image":[{"width":1890,"height":1417,"url":"https:\/\/animefigurer.se\/wp-content\/uploads\/2025\/12\/Animefigurer_logowhite.png","type":"image\/png"}],"twitter_card":"summary_large_image","twitter_misc":{"Estimated reading time":"1 minute"},"schema":{"@context":"https:\/\/schema.org","@graph":[{"@type":"WebPage","@id":"https:\/\/animefigurer.se\/en\/figurer\/dc-comics\/the-dark-knight-dx50-the-joker-bank-robber-ver-1-6th-scale-collectible-figure\/","url":"https:\/\/animefigurer.se\/en\/figurer\/dc-comics\/the-dark-knight-dx50-the-joker-bank-robber-ver-1-6th-scale-collectible-figure\/","name":"The Dark Knight DX50 The Joker (Bank Robber Ver.) 1\/6th Scale Collectible Figure | Animefigurer.se","isPartOf":{"@id":"https:\/\/animefigurer.se\/#website"},"primaryImageOfPage":{"@id":"https:\/\/animefigurer.se\/en\/figurer\/dc-comics\/the-dark-knight-dx50-the-joker-bank-robber-ver-1-6th-scale-collectible-figure\/#primaryimage"},"image":{"@id":"https:\/\/animefigurer.se\/en\/figurer\/dc-comics\/the-dark-knight-dx50-the-joker-bank-robber-ver-1-6th-scale-collectible-figure\/#primaryimage"},"thumbnailUrl":"https:\/\/animefigurer.se\/wp-content\/uploads\/2025\/10\/688b52c0c218f.jpeg","datePublished":"2025-10-20T15:28:47+00:00","dateModified":"2025-12-21T18:26:32+00:00","breadcrumb":{"@id":"https:\/\/animefigurer.se\/en\/figurer\/dc-comics\/the-dark-knight-dx50-the-joker-bank-robber-ver-1-6th-scale-collectible-figure\/#breadcrumb"},"inLanguage":"en-GB","potentialAction":[{"@type":"ReadAction","target":["https:\/\/animefigurer.se\/en\/figurer\/dc-comics\/the-dark-knight-dx50-the-joker-bank-robber-ver-1-6th-scale-collectible-figure\/"]}]},{"@type":"ImageObject","inLanguage":"en-GB","@id":"https:\/\/animefigurer.se\/en\/figurer\/dc-comics\/the-dark-knight-dx50-the-joker-bank-robber-ver-1-6th-scale-collectible-figure\/#primaryimage","url":"https:\/\/animefigurer.se\/wp-content\/uploads\/2025\/10\/688b52c0c218f.jpeg","contentUrl":"https:\/\/animefigurer.se\/wp-content\/uploads\/2025\/10\/688b52c0c218f.jpeg","width":1000,"height":750},{"@type":"BreadcrumbList","@id":"https:\/\/animefigurer.se\/en\/figurer\/dc-comics\/the-dark-knight-dx50-the-joker-bank-robber-ver-1-6th-scale-collectible-figure\/#breadcrumb","itemListElement":[{"@type":"ListItem","position":1,"name":"Home","item":"https:\/\/animefigurer.se\/"},{"@type":"ListItem","position":2,"name":"Butik","item":"https:\/\/animefigurer.se\/figurer\/"},{"@type":"ListItem","position":3,"name":"The Dark Knight DX50 The Joker (Bank Robber Ver.) 1\/6th Scale Collectible Figure"}]},{"@type":"WebSite","@id":"https:\/\/animefigurer.se\/#website","url":"https:\/\/animefigurer.se\/","name":"Animefigurer.se","description":"Anime figures from over 300 different anime series with over 9000 products | Anime Shop","publisher":{"@id":"https:\/\/animefigurer.se\/#organization"},"potentialAction":[{"@type":"SearchAction","target":{"@type":"EntryPoint","urlTemplate":"https:\/\/animefigurer.se\/?s={search_term_string}"},"query-input":{"@type":"PropertyValueSpecification","valueRequired":true,"valueName":"search_term_string"}}],"inLanguage":"en-GB"},{"@type":"Organization","@id":"https:\/\/animefigurer.se\/#organization","name":"Animefigurer.se","alternateName":"Anime figurer | Anime shop","url":"https:\/\/animefigurer.se\/","logo":{"@type":"ImageObject","inLanguage":"en-GB","@id":"https:\/\/animefigurer.se\/#\/schema\/logo\/image\/","url":"https:\/\/animefigurer.se\/wp-content\/uploads\/2025\/12\/Animefigurer_logowhite.png","contentUrl":"https:\/\/animefigurer.se\/wp-content\/uploads\/2025\/12\/Animefigurer_logowhite.png","width":1890,"height":1417,"caption":"Animefigurer.se"},"image":{"@id":"https:\/\/animefigurer.se\/#\/schema\/logo\/image\/"},"sameAs":["https:\/\/www.facebook.com\/profile.php?id=61581826539670","https:\/\/www.instagram.com\/animefigurer.se\/"],"email":"info@animefigurer.se"}]}},"_links":{"self":[{"href":"https:\/\/animefigurer.se\/en\/wp-json\/wp\/v2\/product\/16547","targetHints":{"allow":["GET"]}}],"collection":[{"href":"https:\/\/animefigurer.se\/en\/wp-json\/wp\/v2\/product"}],"about":[{"href":"https:\/\/animefigurer.se\/en\/wp-json\/wp\/v2\/types\/product"}],"replies":[{"embeddable":true,"href":"https:\/\/animefigurer.se\/en\/wp-json\/wp\/v2\/comments?post=16547"}],"wp:featuredmedia":[{"embeddable":true,"href":"https:\/\/animefigurer.se\/en\/wp-json\/wp\/v2\/media\/16548"}],"wp:attachment":[{"href":"https:\/\/animefigurer.se\/en\/wp-json\/wp\/v2\/media?parent=16547"}],"wp:term":[{"taxonomy":"product_brand","embeddable":true,"href":"https:\/\/animefigurer.se\/en\/wp-json\/wp\/v2\/product_brand?post=16547"},{"taxonomy":"product_cat","embeddable":true,"href":"https:\/\/animefigurer.se\/en\/wp-json\/wp\/v2\/product_cat?post=16547"},{"taxonomy":"product_tag","embeddable":true,"href":"https:\/\/animefigurer.se\/en\/wp-json\/wp\/v2\/product_tag?post=16547"},{"taxonomy":"giftcard-category","embeddable":true,"href":"https:\/\/animefigurer.se\/en\/wp-json\/wp\/v2\/giftcard-category?post=16547"}],"curies":[{"name":"wp","href":"https:\/\/api.w.org\/{rel}","templated":true}]}}