{"id":16526,"date":"2025-10-20T17:28:47","date_gmt":"2025-10-20T15:28:47","guid":{"rendered":"https:\/\/animefigurer.se\/produkt\/batman-the-killing-joke-cms028-the-joker-1-6th-scale-collectible-figure\/"},"modified":"2025-12-21T19:26:32","modified_gmt":"2025-12-21T18:26:32","slug":"batman-the-killing-joke-cms028-the-joker-1-6th-scale-collectible-figure","status":"publish","type":"product","link":"https:\/\/animefigurer.se\/en\/figurer\/dc-comics\/batman-the-killing-joke-cms028-the-joker-1-6th-scale-collectible-figure\/","title":{"rendered":"Batman: The Killing Joke CMS028 The Joker 1\/6th Scale Collectible Figure"},"content":{"rendered":"<p>Alan Moore and Brian Bolland&#039;s Batman: The Killing Joke is one of Batman&#039;s most iconic and disturbing series, exploring the origins of the Joker and his twisted philosophy \u2014 the question of whether one bad day can drive a person to madness runs through the story. In one of the series&#039; most famous scenes, the Joker stages a carnival of terror when he kidnaps Commissioner Gordon and tests his sanity.<\/p>\n<p>Hot Toys presents The Joker in 1\/6th scale, inspired by Batman: The Killing Joke. The figure features two new head sculpts with rolling eyeballs, detailed wrinkles, makeup and sculpted curly green hair. One head features an open-mouthed smile and a magnetically attachable tongue; the other features a squinting grin and comes with a removable hat that can be used for either head. The Joker wears a purple coat and jacket over a yellow vest, black shirt, green ribbon, black belt, purple pants and black shoes.<\/p>\n<p>Includes eight interchangeable, gloved hands for a variety of expressive poses. Props include a small knife and a gun that fires a \u201dClick Click Click\u201d flag, plus a camera, cane and a Joker card. The set is completed by an attachable backdrop featuring the cover of Batman: The Killing Joke and a specially designed figure stand.<\/p>\n<p>With dual heads, authentic costume details and faithful accessories, this 1\/6th scale figure captures the Joker&#039;s terrifying elegance\u2014a must-have for fans and collectors.<\/p>","protected":false},"excerpt":{"rendered":"<p>Alan Moore and Brian Bolland&#039;s Batman: The Killing Joke is one of Batman&#039;s most iconic and disturbing series, exploring the origins of the Joker and his twisted philosophy \u2014 the question of whether one bad day can drive a person to madness runs through the story. In one of the series&#039; most famous scenes, the<\/p>","protected":false},"featured_media":16527,"comment_status":"closed","ping_status":"open","template":"","meta":{"_acf_changed":false,"_monsterinsights_skip_tracking":false,"_monsterinsights_sitenote_active":false,"_monsterinsights_sitenote_note":"","_monsterinsights_sitenote_category":0},"product_brand":[7024],"product_cat":[1522,7233],"product_tag":[26],"giftcard-category":[],"class_list":{"0":"post-16526","1":"product","2":"type-product","3":"status-publish","4":"has-post-thumbnail","6":"product_brand-hot-toys","7":"product_cat-dc-comics","8":"product_cat-pre-order","9":"product_tag-pre-order","10":"pa_franchise-batman-the-killing-joke","11":"pa_karaktar-the-joker","12":"pa_material-plastic-and-fabric","13":"pa_skala-57","14":"pa_storlek-31-cm","16":"first","17":"instock","18":"taxable","19":"shipping-taxable","20":"purchasable","21":"product-type-simple"},"acf":[],"yoast_head":"<!-- This site is optimized with the Yoast SEO Premium plugin v24.6 (Yoast SEO v27.3) - https:\/\/yoast.com\/product\/yoast-seo-premium-wordpress\/ -->\n<title>Batman: The Killing Joke CMS028 The Joker 1\/6th Scale Collectible Figure | Animefigurer.se<\/title>\n<meta name=\"robots\" content=\"index, follow, max-snippet:-1, max-image-preview:large, max-video-preview:-1\" \/>\n<link rel=\"canonical\" href=\"https:\/\/animefigurer.se\/en\/figurer\/dc-comics\/batman-the-killing-joke-cms028-the-joker-1-6th-scale-collectible-figure\/\" \/>\n<meta property=\"og:locale\" content=\"en_GB\" \/>\n<meta property=\"og:type\" content=\"article\" \/>\n<meta property=\"og:title\" content=\"Batman: The Killing Joke CMS028 The Joker 1\/6th Scale Collectible Figure\" \/>\n<meta property=\"og:description\" content=\"Alan Moore och Brian Bollands Batman: The Killing Joke \u00e4r en av Batmans mest ikoniska och oroande serier, som utforskar Jokerns ursprung och hans f\u00f6rvr\u00e4ngda filosofi \u2014 fr\u00e5gan om en enda d\u00e5lig dag kan driva en m\u00e4nniska till galenskap genomsyrar ber\u00e4ttelsen. I en av seriens mest ber\u00f6mda scener iscens\u00e4\" \/>\n<meta property=\"og:url\" content=\"https:\/\/animefigurer.se\/en\/figurer\/dc-comics\/batman-the-killing-joke-cms028-the-joker-1-6th-scale-collectible-figure\/\" \/>\n<meta property=\"og:site_name\" content=\"Animefigurer.se\" \/>\n<meta property=\"article:publisher\" content=\"https:\/\/www.facebook.com\/profile.php?id=61581826539670\" \/>\n<meta property=\"article:modified_time\" content=\"2025-12-21T18:26:32+00:00\" \/>\n<meta property=\"og:image\" content=\"https:\/\/animefigurer.se\/wp-content\/uploads\/2025\/12\/Animefigurer_logowhite.png\" \/>\n\t<meta property=\"og:image:width\" content=\"1890\" \/>\n\t<meta property=\"og:image:height\" content=\"1417\" \/>\n\t<meta property=\"og:image:type\" content=\"image\/png\" \/>\n<meta name=\"twitter:card\" content=\"summary_large_image\" \/>\n<meta name=\"twitter:label1\" content=\"Estimated reading time\" \/>\n\t<meta name=\"twitter:data1\" content=\"1 minute\" \/>\n<script type=\"application\/ld+json\" class=\"yoast-schema-graph\">{\"@context\":\"https:\\\/\\\/schema.org\",\"@graph\":[{\"@type\":\"WebPage\",\"@id\":\"https:\\\/\\\/animefigurer.se\\\/en\\\/figurer\\\/dc-comics\\\/batman-the-killing-joke-cms028-the-joker-1-6th-scale-collectible-figure\\\/\",\"url\":\"https:\\\/\\\/animefigurer.se\\\/en\\\/figurer\\\/dc-comics\\\/batman-the-killing-joke-cms028-the-joker-1-6th-scale-collectible-figure\\\/\",\"name\":\"Batman: The Killing Joke CMS028 The Joker 1\\\/6th Scale Collectible Figure | Animefigurer.se\",\"isPartOf\":{\"@id\":\"https:\\\/\\\/animefigurer.se\\\/#website\"},\"primaryImageOfPage\":{\"@id\":\"https:\\\/\\\/animefigurer.se\\\/en\\\/figurer\\\/dc-comics\\\/batman-the-killing-joke-cms028-the-joker-1-6th-scale-collectible-figure\\\/#primaryimage\"},\"image\":{\"@id\":\"https:\\\/\\\/animefigurer.se\\\/en\\\/figurer\\\/dc-comics\\\/batman-the-killing-joke-cms028-the-joker-1-6th-scale-collectible-figure\\\/#primaryimage\"},\"thumbnailUrl\":\"https:\\\/\\\/animefigurer.se\\\/wp-content\\\/uploads\\\/2025\\\/10\\\/689a6248d66d0.jpeg\",\"datePublished\":\"2025-10-20T15:28:47+00:00\",\"dateModified\":\"2025-12-21T18:26:32+00:00\",\"breadcrumb\":{\"@id\":\"https:\\\/\\\/animefigurer.se\\\/en\\\/figurer\\\/dc-comics\\\/batman-the-killing-joke-cms028-the-joker-1-6th-scale-collectible-figure\\\/#breadcrumb\"},\"inLanguage\":\"en-GB\",\"potentialAction\":[{\"@type\":\"ReadAction\",\"target\":[\"https:\\\/\\\/animefigurer.se\\\/en\\\/figurer\\\/dc-comics\\\/batman-the-killing-joke-cms028-the-joker-1-6th-scale-collectible-figure\\\/\"]}]},{\"@type\":\"ImageObject\",\"inLanguage\":\"en-GB\",\"@id\":\"https:\\\/\\\/animefigurer.se\\\/en\\\/figurer\\\/dc-comics\\\/batman-the-killing-joke-cms028-the-joker-1-6th-scale-collectible-figure\\\/#primaryimage\",\"url\":\"https:\\\/\\\/animefigurer.se\\\/wp-content\\\/uploads\\\/2025\\\/10\\\/689a6248d66d0.jpeg\",\"contentUrl\":\"https:\\\/\\\/animefigurer.se\\\/wp-content\\\/uploads\\\/2025\\\/10\\\/689a6248d66d0.jpeg\",\"width\":1000,\"height\":750},{\"@type\":\"BreadcrumbList\",\"@id\":\"https:\\\/\\\/animefigurer.se\\\/en\\\/figurer\\\/dc-comics\\\/batman-the-killing-joke-cms028-the-joker-1-6th-scale-collectible-figure\\\/#breadcrumb\",\"itemListElement\":[{\"@type\":\"ListItem\",\"position\":1,\"name\":\"Home\",\"item\":\"https:\\\/\\\/animefigurer.se\\\/\"},{\"@type\":\"ListItem\",\"position\":2,\"name\":\"Butik\",\"item\":\"https:\\\/\\\/animefigurer.se\\\/figurer\\\/\"},{\"@type\":\"ListItem\",\"position\":3,\"name\":\"Batman: The Killing Joke CMS028 The Joker 1\\\/6th Scale Collectible Figure\"}]},{\"@type\":\"WebSite\",\"@id\":\"https:\\\/\\\/animefigurer.se\\\/#website\",\"url\":\"https:\\\/\\\/animefigurer.se\\\/\",\"name\":\"Animefigurer.se\",\"description\":\"Anime figurer fr\u00e5n \u00f6ver 300 olika anime serier med \u00f6ver 9000 produkter | Anime Shop\",\"publisher\":{\"@id\":\"https:\\\/\\\/animefigurer.se\\\/#organization\"},\"potentialAction\":[{\"@type\":\"SearchAction\",\"target\":{\"@type\":\"EntryPoint\",\"urlTemplate\":\"https:\\\/\\\/animefigurer.se\\\/?s={search_term_string}\"},\"query-input\":{\"@type\":\"PropertyValueSpecification\",\"valueRequired\":true,\"valueName\":\"search_term_string\"}}],\"inLanguage\":\"en-GB\"},{\"@type\":\"Organization\",\"@id\":\"https:\\\/\\\/animefigurer.se\\\/#organization\",\"name\":\"Animefigurer.se\",\"alternateName\":\"Anime figurer | Anime shop\",\"url\":\"https:\\\/\\\/animefigurer.se\\\/\",\"logo\":{\"@type\":\"ImageObject\",\"inLanguage\":\"en-GB\",\"@id\":\"https:\\\/\\\/animefigurer.se\\\/#\\\/schema\\\/logo\\\/image\\\/\",\"url\":\"https:\\\/\\\/animefigurer.se\\\/wp-content\\\/uploads\\\/2025\\\/12\\\/Animefigurer_logowhite.png\",\"contentUrl\":\"https:\\\/\\\/animefigurer.se\\\/wp-content\\\/uploads\\\/2025\\\/12\\\/Animefigurer_logowhite.png\",\"width\":1890,\"height\":1417,\"caption\":\"Animefigurer.se\"},\"image\":{\"@id\":\"https:\\\/\\\/animefigurer.se\\\/#\\\/schema\\\/logo\\\/image\\\/\"},\"sameAs\":[\"https:\\\/\\\/www.facebook.com\\\/profile.php?id=61581826539670\",\"https:\\\/\\\/www.instagram.com\\\/animefigurer.se\\\/\"],\"email\":\"info@animefigurer.se\"}]}<\/script>\n<!-- \/ Yoast SEO Premium plugin. -->","yoast_head_json":{"title":"Batman: The Killing Joke CMS028 The Joker 1\/6th Scale Collectible Figure | Animefigurer.se","robots":{"index":"index","follow":"follow","max-snippet":"max-snippet:-1","max-image-preview":"max-image-preview:large","max-video-preview":"max-video-preview:-1"},"canonical":"https:\/\/animefigurer.se\/en\/figurer\/dc-comics\/batman-the-killing-joke-cms028-the-joker-1-6th-scale-collectible-figure\/","og_locale":"en_GB","og_type":"article","og_title":"Batman: The Killing Joke CMS028 The Joker 1\/6th Scale Collectible Figure","og_description":"Alan Moore och Brian Bollands Batman: The Killing Joke \u00e4r en av Batmans mest ikoniska och oroande serier, som utforskar Jokerns ursprung och hans f\u00f6rvr\u00e4ngda filosofi \u2014 fr\u00e5gan om en enda d\u00e5lig dag kan driva en m\u00e4nniska till galenskap genomsyrar ber\u00e4ttelsen. I en av seriens mest ber\u00f6mda scener iscens\u00e4","og_url":"https:\/\/animefigurer.se\/en\/figurer\/dc-comics\/batman-the-killing-joke-cms028-the-joker-1-6th-scale-collectible-figure\/","og_site_name":"Animefigurer.se","article_publisher":"https:\/\/www.facebook.com\/profile.php?id=61581826539670","article_modified_time":"2025-12-21T18:26:32+00:00","og_image":[{"width":1890,"height":1417,"url":"https:\/\/animefigurer.se\/wp-content\/uploads\/2025\/12\/Animefigurer_logowhite.png","type":"image\/png"}],"twitter_card":"summary_large_image","twitter_misc":{"Estimated reading time":"1 minute"},"schema":{"@context":"https:\/\/schema.org","@graph":[{"@type":"WebPage","@id":"https:\/\/animefigurer.se\/en\/figurer\/dc-comics\/batman-the-killing-joke-cms028-the-joker-1-6th-scale-collectible-figure\/","url":"https:\/\/animefigurer.se\/en\/figurer\/dc-comics\/batman-the-killing-joke-cms028-the-joker-1-6th-scale-collectible-figure\/","name":"Batman: The Killing Joke CMS028 The Joker 1\/6th Scale Collectible Figure | Animefigurer.se","isPartOf":{"@id":"https:\/\/animefigurer.se\/#website"},"primaryImageOfPage":{"@id":"https:\/\/animefigurer.se\/en\/figurer\/dc-comics\/batman-the-killing-joke-cms028-the-joker-1-6th-scale-collectible-figure\/#primaryimage"},"image":{"@id":"https:\/\/animefigurer.se\/en\/figurer\/dc-comics\/batman-the-killing-joke-cms028-the-joker-1-6th-scale-collectible-figure\/#primaryimage"},"thumbnailUrl":"https:\/\/animefigurer.se\/wp-content\/uploads\/2025\/10\/689a6248d66d0.jpeg","datePublished":"2025-10-20T15:28:47+00:00","dateModified":"2025-12-21T18:26:32+00:00","breadcrumb":{"@id":"https:\/\/animefigurer.se\/en\/figurer\/dc-comics\/batman-the-killing-joke-cms028-the-joker-1-6th-scale-collectible-figure\/#breadcrumb"},"inLanguage":"en-GB","potentialAction":[{"@type":"ReadAction","target":["https:\/\/animefigurer.se\/en\/figurer\/dc-comics\/batman-the-killing-joke-cms028-the-joker-1-6th-scale-collectible-figure\/"]}]},{"@type":"ImageObject","inLanguage":"en-GB","@id":"https:\/\/animefigurer.se\/en\/figurer\/dc-comics\/batman-the-killing-joke-cms028-the-joker-1-6th-scale-collectible-figure\/#primaryimage","url":"https:\/\/animefigurer.se\/wp-content\/uploads\/2025\/10\/689a6248d66d0.jpeg","contentUrl":"https:\/\/animefigurer.se\/wp-content\/uploads\/2025\/10\/689a6248d66d0.jpeg","width":1000,"height":750},{"@type":"BreadcrumbList","@id":"https:\/\/animefigurer.se\/en\/figurer\/dc-comics\/batman-the-killing-joke-cms028-the-joker-1-6th-scale-collectible-figure\/#breadcrumb","itemListElement":[{"@type":"ListItem","position":1,"name":"Home","item":"https:\/\/animefigurer.se\/"},{"@type":"ListItem","position":2,"name":"Butik","item":"https:\/\/animefigurer.se\/figurer\/"},{"@type":"ListItem","position":3,"name":"Batman: The Killing Joke CMS028 The Joker 1\/6th Scale Collectible Figure"}]},{"@type":"WebSite","@id":"https:\/\/animefigurer.se\/#website","url":"https:\/\/animefigurer.se\/","name":"Animefigurer.se","description":"Anime figures from over 300 different anime series with over 9000 products | Anime Shop","publisher":{"@id":"https:\/\/animefigurer.se\/#organization"},"potentialAction":[{"@type":"SearchAction","target":{"@type":"EntryPoint","urlTemplate":"https:\/\/animefigurer.se\/?s={search_term_string}"},"query-input":{"@type":"PropertyValueSpecification","valueRequired":true,"valueName":"search_term_string"}}],"inLanguage":"en-GB"},{"@type":"Organization","@id":"https:\/\/animefigurer.se\/#organization","name":"Animefigurer.se","alternateName":"Anime figurer | Anime shop","url":"https:\/\/animefigurer.se\/","logo":{"@type":"ImageObject","inLanguage":"en-GB","@id":"https:\/\/animefigurer.se\/#\/schema\/logo\/image\/","url":"https:\/\/animefigurer.se\/wp-content\/uploads\/2025\/12\/Animefigurer_logowhite.png","contentUrl":"https:\/\/animefigurer.se\/wp-content\/uploads\/2025\/12\/Animefigurer_logowhite.png","width":1890,"height":1417,"caption":"Animefigurer.se"},"image":{"@id":"https:\/\/animefigurer.se\/#\/schema\/logo\/image\/"},"sameAs":["https:\/\/www.facebook.com\/profile.php?id=61581826539670","https:\/\/www.instagram.com\/animefigurer.se\/"],"email":"info@animefigurer.se"}]}},"_links":{"self":[{"href":"https:\/\/animefigurer.se\/en\/wp-json\/wp\/v2\/product\/16526","targetHints":{"allow":["GET"]}}],"collection":[{"href":"https:\/\/animefigurer.se\/en\/wp-json\/wp\/v2\/product"}],"about":[{"href":"https:\/\/animefigurer.se\/en\/wp-json\/wp\/v2\/types\/product"}],"replies":[{"embeddable":true,"href":"https:\/\/animefigurer.se\/en\/wp-json\/wp\/v2\/comments?post=16526"}],"wp:featuredmedia":[{"embeddable":true,"href":"https:\/\/animefigurer.se\/en\/wp-json\/wp\/v2\/media\/16527"}],"wp:attachment":[{"href":"https:\/\/animefigurer.se\/en\/wp-json\/wp\/v2\/media?parent=16526"}],"wp:term":[{"taxonomy":"product_brand","embeddable":true,"href":"https:\/\/animefigurer.se\/en\/wp-json\/wp\/v2\/product_brand?post=16526"},{"taxonomy":"product_cat","embeddable":true,"href":"https:\/\/animefigurer.se\/en\/wp-json\/wp\/v2\/product_cat?post=16526"},{"taxonomy":"product_tag","embeddable":true,"href":"https:\/\/animefigurer.se\/en\/wp-json\/wp\/v2\/product_tag?post=16526"},{"taxonomy":"giftcard-category","embeddable":true,"href":"https:\/\/animefigurer.se\/en\/wp-json\/wp\/v2\/giftcard-category?post=16526"}],"curies":[{"name":"wp","href":"https:\/\/api.w.org\/{rel}","templated":true}]}}