{"id":16294,"date":"2025-10-20T17:28:02","date_gmt":"2025-10-20T15:28:02","guid":{"rendered":"https:\/\/animefigurer.se\/produkt\/date-a-live-kd-colle-kurumi-tokisaki-fantasia-30th-anniversary-ver-1-7-scale-figure-rerelease\/"},"modified":"2025-12-21T19:26:30","modified_gmt":"2025-12-21T18:26:30","slug":"date-a-live-kd-colle-kurumi-tokisaki-fantasia-30th-anniversary-ver-1-7-scale-figure-rerelease","status":"publish","type":"product","link":"https:\/\/animefigurer.se\/en\/figurer\/date-a-live\/date-a-live-kd-colle-kurumi-tokisaki-fantasia-30th-anniversary-ver-1-7-scale-figure-rerelease\/","title":{"rendered":"Date A Live KD Colle Kurumi Tokisaki (Fantasia 30th Anniversary Ver.) 1\/7 Scale Figure (Rerelease)"},"content":{"rendered":"<p>Kurumi Tokisaki returns as a 1\/7th scale figure from KADOKAWA (rerelease), based on the illustration in volume 11 of the original light novel. The figure faithfully recreates Kurumi as she appeared five years earlier when she first met Shido Itsuka: soft flowing hair, a flowingly sculpted skirt, and her signature eye patch.<\/p>\n<p>Includes an interchangeable face piece without an eye patch so you can display an alternate version of the character. A detailed and nostalgic interpretation to add to your collection.<\/p>","protected":false},"excerpt":{"rendered":"<p>Kurumi Tokisaki returns as a 1\/7th scale figure from KADOKAWA (rerelease), based on the illustration in volume 11 of the original light novel. The figure recreates Kurumi as she appeared five years earlier when she first met Shido Itsuka: soft flowing hair, a flowingly sculpted skirt, and her character<\/p>","protected":false},"featured_media":16295,"comment_status":"closed","ping_status":"open","template":"","meta":{"_acf_changed":false,"_monsterinsights_skip_tracking":false,"_monsterinsights_sitenote_active":false,"_monsterinsights_sitenote_note":"","_monsterinsights_sitenote_category":0},"product_brand":[6891],"product_cat":[1497,7233],"product_tag":[26],"giftcard-category":[],"class_list":{"0":"post-16294","1":"product","2":"type-product","3":"status-publish","4":"has-post-thumbnail","6":"product_brand-kadokawa","7":"product_cat-date-a-live","8":"product_cat-pre-order","9":"product_tag-pre-order","10":"pa_franchise-date-a-live","11":"pa_karaktar-kurumi-tokisaki","12":"pa_material-pvc-abs","13":"pa_produktserie-kd-colle","14":"pa_storlek-25-cm","16":"first","17":"instock","18":"taxable","19":"shipping-taxable","20":"purchasable","21":"product-type-simple"},"acf":[],"yoast_head":"<!-- This site is optimized with the Yoast SEO Premium plugin v24.6 (Yoast SEO v27.4) - https:\/\/yoast.com\/product\/yoast-seo-premium-wordpress\/ -->\n<title>Date A Live KD Colle Kurumi Tokisaki (Fantasia 30th Anniversary Ver.) 1\/7 Scale Figure (Rerelease) | Animefigurer.se<\/title>\n<meta name=\"robots\" content=\"index, follow, max-snippet:-1, max-image-preview:large, max-video-preview:-1\" \/>\n<link rel=\"canonical\" href=\"https:\/\/animefigurer.se\/en\/figurer\/date-a-live\/date-a-live-kd-colle-kurumi-tokisaki-fantasia-30th-anniversary-ver-1-7-scale-figure-rerelease\/\" \/>\n<meta property=\"og:locale\" content=\"en_GB\" \/>\n<meta property=\"og:type\" content=\"article\" \/>\n<meta property=\"og:title\" content=\"Date A Live KD Colle Kurumi Tokisaki (Fantasia 30th Anniversary Ver.) 1\/7 Scale Figure (Rerelease)\" \/>\n<meta property=\"og:description\" content=\"Kurumi Tokisaki \u00e5terv\u00e4nder som en 1\/7\u2011skalafigur fr\u00e5n KADOKAWA (rerelease), baserad p\u00e5 illustrationen i volym 11 av den ursprungliga light novel. Figuren \u00e5terger Kurumi som hon s\u00e5g ut fem \u00e5r tidigare n\u00e4r hon f\u00f6rst m\u00f6tte Shido Itsuka: mjukt b\u00f6ljande h\u00e5r, en luftigt skulpterad kjol och hennes karakt\u00e4r\" \/>\n<meta property=\"og:url\" content=\"https:\/\/animefigurer.se\/en\/figurer\/date-a-live\/date-a-live-kd-colle-kurumi-tokisaki-fantasia-30th-anniversary-ver-1-7-scale-figure-rerelease\/\" \/>\n<meta property=\"og:site_name\" content=\"Animefigurer.se\" \/>\n<meta property=\"article:publisher\" content=\"https:\/\/www.facebook.com\/profile.php?id=61581826539670\" \/>\n<meta property=\"article:modified_time\" content=\"2025-12-21T18:26:30+00:00\" \/>\n<meta property=\"og:image\" content=\"https:\/\/animefigurer.se\/wp-content\/uploads\/2025\/12\/Animefigurer_logowhite.png\" \/>\n\t<meta property=\"og:image:width\" content=\"1890\" \/>\n\t<meta property=\"og:image:height\" content=\"1417\" \/>\n\t<meta property=\"og:image:type\" content=\"image\/png\" \/>\n<meta name=\"twitter:card\" content=\"summary_large_image\" \/>\n<script type=\"application\/ld+json\" class=\"yoast-schema-graph\">{\"@context\":\"https:\\\/\\\/schema.org\",\"@graph\":[{\"@type\":\"WebPage\",\"@id\":\"https:\\\/\\\/animefigurer.se\\\/figurer\\\/date-a-live\\\/date-a-live-kd-colle-kurumi-tokisaki-fantasia-30th-anniversary-ver-1-7-scale-figure-rerelease\\\/\",\"url\":\"https:\\\/\\\/animefigurer.se\\\/figurer\\\/date-a-live\\\/date-a-live-kd-colle-kurumi-tokisaki-fantasia-30th-anniversary-ver-1-7-scale-figure-rerelease\\\/\",\"name\":\"Date A Live KD Colle Kurumi Tokisaki (Fantasia 30th Anniversary Ver.) 1\\\/7 Scale Figure (Rerelease) | Animefigurer.se\",\"isPartOf\":{\"@id\":\"https:\\\/\\\/animefigurer.se\\\/#website\"},\"primaryImageOfPage\":{\"@id\":\"https:\\\/\\\/animefigurer.se\\\/figurer\\\/date-a-live\\\/date-a-live-kd-colle-kurumi-tokisaki-fantasia-30th-anniversary-ver-1-7-scale-figure-rerelease\\\/#primaryimage\"},\"image\":{\"@id\":\"https:\\\/\\\/animefigurer.se\\\/figurer\\\/date-a-live\\\/date-a-live-kd-colle-kurumi-tokisaki-fantasia-30th-anniversary-ver-1-7-scale-figure-rerelease\\\/#primaryimage\"},\"thumbnailUrl\":\"https:\\\/\\\/animefigurer.se\\\/wp-content\\\/uploads\\\/2025\\\/10\\\/6883d5e499fa4.jpeg\",\"datePublished\":\"2025-10-20T15:28:02+00:00\",\"dateModified\":\"2025-12-21T18:26:30+00:00\",\"breadcrumb\":{\"@id\":\"https:\\\/\\\/animefigurer.se\\\/figurer\\\/date-a-live\\\/date-a-live-kd-colle-kurumi-tokisaki-fantasia-30th-anniversary-ver-1-7-scale-figure-rerelease\\\/#breadcrumb\"},\"inLanguage\":\"en-GB\",\"potentialAction\":[{\"@type\":\"ReadAction\",\"target\":[\"https:\\\/\\\/animefigurer.se\\\/figurer\\\/date-a-live\\\/date-a-live-kd-colle-kurumi-tokisaki-fantasia-30th-anniversary-ver-1-7-scale-figure-rerelease\\\/\"]}]},{\"@type\":\"ImageObject\",\"inLanguage\":\"en-GB\",\"@id\":\"https:\\\/\\\/animefigurer.se\\\/figurer\\\/date-a-live\\\/date-a-live-kd-colle-kurumi-tokisaki-fantasia-30th-anniversary-ver-1-7-scale-figure-rerelease\\\/#primaryimage\",\"url\":\"https:\\\/\\\/animefigurer.se\\\/wp-content\\\/uploads\\\/2025\\\/10\\\/6883d5e499fa4.jpeg\",\"contentUrl\":\"https:\\\/\\\/animefigurer.se\\\/wp-content\\\/uploads\\\/2025\\\/10\\\/6883d5e499fa4.jpeg\",\"width\":1000,\"height\":750},{\"@type\":\"BreadcrumbList\",\"@id\":\"https:\\\/\\\/animefigurer.se\\\/figurer\\\/date-a-live\\\/date-a-live-kd-colle-kurumi-tokisaki-fantasia-30th-anniversary-ver-1-7-scale-figure-rerelease\\\/#breadcrumb\",\"itemListElement\":[{\"@type\":\"ListItem\",\"position\":1,\"name\":\"Home\",\"item\":\"https:\\\/\\\/animefigurer.se\\\/\"},{\"@type\":\"ListItem\",\"position\":2,\"name\":\"Butik\",\"item\":\"https:\\\/\\\/animefigurer.se\\\/figurer\\\/\"},{\"@type\":\"ListItem\",\"position\":3,\"name\":\"Date A Live KD Colle Kurumi Tokisaki (Fantasia 30th Anniversary Ver.) 1\\\/7 Scale Figure (Rerelease)\"}]},{\"@type\":\"WebSite\",\"@id\":\"https:\\\/\\\/animefigurer.se\\\/#website\",\"url\":\"https:\\\/\\\/animefigurer.se\\\/\",\"name\":\"Animefigurer.se\",\"description\":\"Anime figurer fr\u00e5n \u00f6ver 300 olika anime serier med \u00f6ver 9000 produkter | Anime Shop\",\"publisher\":{\"@id\":\"https:\\\/\\\/animefigurer.se\\\/#organization\"},\"potentialAction\":[{\"@type\":\"SearchAction\",\"target\":{\"@type\":\"EntryPoint\",\"urlTemplate\":\"https:\\\/\\\/animefigurer.se\\\/?s={search_term_string}\"},\"query-input\":{\"@type\":\"PropertyValueSpecification\",\"valueRequired\":true,\"valueName\":\"search_term_string\"}}],\"inLanguage\":\"en-GB\"},{\"@type\":\"Organization\",\"@id\":\"https:\\\/\\\/animefigurer.se\\\/#organization\",\"name\":\"Animefigurer.se\",\"alternateName\":\"Anime figurer | Anime shop\",\"url\":\"https:\\\/\\\/animefigurer.se\\\/\",\"logo\":{\"@type\":\"ImageObject\",\"inLanguage\":\"en-GB\",\"@id\":\"https:\\\/\\\/animefigurer.se\\\/#\\\/schema\\\/logo\\\/image\\\/\",\"url\":\"https:\\\/\\\/animefigurer.se\\\/wp-content\\\/uploads\\\/2025\\\/12\\\/Animefigurer_logowhite.png\",\"contentUrl\":\"https:\\\/\\\/animefigurer.se\\\/wp-content\\\/uploads\\\/2025\\\/12\\\/Animefigurer_logowhite.png\",\"width\":1890,\"height\":1417,\"caption\":\"Animefigurer.se\"},\"image\":{\"@id\":\"https:\\\/\\\/animefigurer.se\\\/#\\\/schema\\\/logo\\\/image\\\/\"},\"sameAs\":[\"https:\\\/\\\/www.facebook.com\\\/profile.php?id=61581826539670\",\"https:\\\/\\\/www.instagram.com\\\/animefigurer.se\\\/\"],\"email\":\"info@animefigurer.se\"}]}<\/script>\n<!-- \/ Yoast SEO Premium plugin. -->","yoast_head_json":{"title":"Date A Live KD Colle Kurumi Tokisaki (Fantasia 30th Anniversary Ver.) 1\/7 Scale Figure (Rerelease) | Animefigurer.se","robots":{"index":"index","follow":"follow","max-snippet":"max-snippet:-1","max-image-preview":"max-image-preview:large","max-video-preview":"max-video-preview:-1"},"canonical":"https:\/\/animefigurer.se\/en\/figurer\/date-a-live\/date-a-live-kd-colle-kurumi-tokisaki-fantasia-30th-anniversary-ver-1-7-scale-figure-rerelease\/","og_locale":"en_GB","og_type":"article","og_title":"Date A Live KD Colle Kurumi Tokisaki (Fantasia 30th Anniversary Ver.) 1\/7 Scale Figure (Rerelease)","og_description":"Kurumi Tokisaki \u00e5terv\u00e4nder som en 1\/7\u2011skalafigur fr\u00e5n KADOKAWA (rerelease), baserad p\u00e5 illustrationen i volym 11 av den ursprungliga light novel. Figuren \u00e5terger Kurumi som hon s\u00e5g ut fem \u00e5r tidigare n\u00e4r hon f\u00f6rst m\u00f6tte Shido Itsuka: mjukt b\u00f6ljande h\u00e5r, en luftigt skulpterad kjol och hennes karakt\u00e4r","og_url":"https:\/\/animefigurer.se\/en\/figurer\/date-a-live\/date-a-live-kd-colle-kurumi-tokisaki-fantasia-30th-anniversary-ver-1-7-scale-figure-rerelease\/","og_site_name":"Animefigurer.se","article_publisher":"https:\/\/www.facebook.com\/profile.php?id=61581826539670","article_modified_time":"2025-12-21T18:26:30+00:00","og_image":[{"width":1890,"height":1417,"url":"https:\/\/animefigurer.se\/wp-content\/uploads\/2025\/12\/Animefigurer_logowhite.png","type":"image\/png"}],"twitter_card":"summary_large_image","schema":{"@context":"https:\/\/schema.org","@graph":[{"@type":"WebPage","@id":"https:\/\/animefigurer.se\/figurer\/date-a-live\/date-a-live-kd-colle-kurumi-tokisaki-fantasia-30th-anniversary-ver-1-7-scale-figure-rerelease\/","url":"https:\/\/animefigurer.se\/figurer\/date-a-live\/date-a-live-kd-colle-kurumi-tokisaki-fantasia-30th-anniversary-ver-1-7-scale-figure-rerelease\/","name":"Date A Live KD Colle Kurumi Tokisaki (Fantasia 30th Anniversary Ver.) 1\/7 Scale Figure (Rerelease) | Animefigurer.se","isPartOf":{"@id":"https:\/\/animefigurer.se\/#website"},"primaryImageOfPage":{"@id":"https:\/\/animefigurer.se\/figurer\/date-a-live\/date-a-live-kd-colle-kurumi-tokisaki-fantasia-30th-anniversary-ver-1-7-scale-figure-rerelease\/#primaryimage"},"image":{"@id":"https:\/\/animefigurer.se\/figurer\/date-a-live\/date-a-live-kd-colle-kurumi-tokisaki-fantasia-30th-anniversary-ver-1-7-scale-figure-rerelease\/#primaryimage"},"thumbnailUrl":"https:\/\/animefigurer.se\/wp-content\/uploads\/2025\/10\/6883d5e499fa4.jpeg","datePublished":"2025-10-20T15:28:02+00:00","dateModified":"2025-12-21T18:26:30+00:00","breadcrumb":{"@id":"https:\/\/animefigurer.se\/figurer\/date-a-live\/date-a-live-kd-colle-kurumi-tokisaki-fantasia-30th-anniversary-ver-1-7-scale-figure-rerelease\/#breadcrumb"},"inLanguage":"en-GB","potentialAction":[{"@type":"ReadAction","target":["https:\/\/animefigurer.se\/figurer\/date-a-live\/date-a-live-kd-colle-kurumi-tokisaki-fantasia-30th-anniversary-ver-1-7-scale-figure-rerelease\/"]}]},{"@type":"ImageObject","inLanguage":"en-GB","@id":"https:\/\/animefigurer.se\/figurer\/date-a-live\/date-a-live-kd-colle-kurumi-tokisaki-fantasia-30th-anniversary-ver-1-7-scale-figure-rerelease\/#primaryimage","url":"https:\/\/animefigurer.se\/wp-content\/uploads\/2025\/10\/6883d5e499fa4.jpeg","contentUrl":"https:\/\/animefigurer.se\/wp-content\/uploads\/2025\/10\/6883d5e499fa4.jpeg","width":1000,"height":750},{"@type":"BreadcrumbList","@id":"https:\/\/animefigurer.se\/figurer\/date-a-live\/date-a-live-kd-colle-kurumi-tokisaki-fantasia-30th-anniversary-ver-1-7-scale-figure-rerelease\/#breadcrumb","itemListElement":[{"@type":"ListItem","position":1,"name":"Home","item":"https:\/\/animefigurer.se\/"},{"@type":"ListItem","position":2,"name":"Butik","item":"https:\/\/animefigurer.se\/figurer\/"},{"@type":"ListItem","position":3,"name":"Date A Live KD Colle Kurumi Tokisaki (Fantasia 30th Anniversary Ver.) 1\/7 Scale Figure (Rerelease)"}]},{"@type":"WebSite","@id":"https:\/\/animefigurer.se\/#website","url":"https:\/\/animefigurer.se\/","name":"Animefigurer.se","description":"Anime figures from over 300 different anime series with over 9000 products | Anime Shop","publisher":{"@id":"https:\/\/animefigurer.se\/#organization"},"potentialAction":[{"@type":"SearchAction","target":{"@type":"EntryPoint","urlTemplate":"https:\/\/animefigurer.se\/?s={search_term_string}"},"query-input":{"@type":"PropertyValueSpecification","valueRequired":true,"valueName":"search_term_string"}}],"inLanguage":"en-GB"},{"@type":"Organization","@id":"https:\/\/animefigurer.se\/#organization","name":"Animefigurer.se","alternateName":"Anime figurer | Anime shop","url":"https:\/\/animefigurer.se\/","logo":{"@type":"ImageObject","inLanguage":"en-GB","@id":"https:\/\/animefigurer.se\/#\/schema\/logo\/image\/","url":"https:\/\/animefigurer.se\/wp-content\/uploads\/2025\/12\/Animefigurer_logowhite.png","contentUrl":"https:\/\/animefigurer.se\/wp-content\/uploads\/2025\/12\/Animefigurer_logowhite.png","width":1890,"height":1417,"caption":"Animefigurer.se"},"image":{"@id":"https:\/\/animefigurer.se\/#\/schema\/logo\/image\/"},"sameAs":["https:\/\/www.facebook.com\/profile.php?id=61581826539670","https:\/\/www.instagram.com\/animefigurer.se\/"],"email":"info@animefigurer.se"}]}},"_links":{"self":[{"href":"https:\/\/animefigurer.se\/en\/wp-json\/wp\/v2\/product\/16294","targetHints":{"allow":["GET"]}}],"collection":[{"href":"https:\/\/animefigurer.se\/en\/wp-json\/wp\/v2\/product"}],"about":[{"href":"https:\/\/animefigurer.se\/en\/wp-json\/wp\/v2\/types\/product"}],"replies":[{"embeddable":true,"href":"https:\/\/animefigurer.se\/en\/wp-json\/wp\/v2\/comments?post=16294"}],"wp:featuredmedia":[{"embeddable":true,"href":"https:\/\/animefigurer.se\/en\/wp-json\/wp\/v2\/media\/16295"}],"wp:attachment":[{"href":"https:\/\/animefigurer.se\/en\/wp-json\/wp\/v2\/media?parent=16294"}],"wp:term":[{"taxonomy":"product_brand","embeddable":true,"href":"https:\/\/animefigurer.se\/en\/wp-json\/wp\/v2\/product_brand?post=16294"},{"taxonomy":"product_cat","embeddable":true,"href":"https:\/\/animefigurer.se\/en\/wp-json\/wp\/v2\/product_cat?post=16294"},{"taxonomy":"product_tag","embeddable":true,"href":"https:\/\/animefigurer.se\/en\/wp-json\/wp\/v2\/product_tag?post=16294"},{"taxonomy":"giftcard-category","embeddable":true,"href":"https:\/\/animefigurer.se\/en\/wp-json\/wp\/v2\/giftcard-category?post=16294"}],"curies":[{"name":"wp","href":"https:\/\/api.w.org\/{rel}","templated":true}]}}