{"id":16205,"date":"2025-10-20T17:28:02","date_gmt":"2025-10-20T15:28:02","guid":{"rendered":"https:\/\/animefigurer.se\/produkt\/date-a-live-v-bicute-bunnies-mukuro-hoshimiya-pink-color-ver-figure\/"},"modified":"2026-02-21T06:53:56","modified_gmt":"2026-02-21T05:53:56","slug":"date-a-live-v-bicute-bunnies-mukuro-hoshimiya-pink-color-ver-figure","status":"publish","type":"product","link":"https:\/\/animefigurer.se\/en\/figurer\/date-a-live\/date-a-live-v-bicute-bunnies-mukuro-hoshimiya-pink-color-ver-figure\/","title":{"rendered":"Date A Live V BiCute Bunnies Mukuro Hoshimiya (Pink Color Ver.) Figure"},"content":{"rendered":"<p>FuRyu presents Mukuro Hoshimiya in the BiCute Bunnies series from Date A Live V! The figure stands nearly 11 inches tall and depicts Mukuro in a pink bunny costume in a popular pose - an obvious choice for fans.<\/p>\n<p>The BiCute Bunnies line features popular characters transformed into charming bunny girls, standing approximately 12 inches tall and featuring real fishnet stockings for added detail. The series combines cuteness and style for collectors who appreciate both design and character.<\/p>","protected":false},"excerpt":{"rendered":"<p>FuRyu presents Mukuro Hoshimiya in the BiCute Bunnies series from Date A Live V! The figure stands nearly 11 inches tall and depicts Mukuro in a pink bunny costume in a popular pose - an obvious choice for fans.<\/p>\n<p>The BiCute Bunnies line features popular characters transformed into charming bunny girls, with a h<\/p>","protected":false},"featured_media":16206,"comment_status":"closed","ping_status":"closed","template":"","meta":{"_acf_changed":false,"_monsterinsights_skip_tracking":false,"_monsterinsights_sitenote_active":false,"_monsterinsights_sitenote_note":"","_monsterinsights_sitenote_category":0},"product_brand":[6994],"product_cat":[1497],"product_tag":[24],"giftcard-category":[],"class_list":{"0":"post-16205","1":"product","2":"type-product","3":"status-publish","4":"has-post-thumbnail","6":"product_brand-furyu","7":"product_cat-date-a-live","8":"product_tag-2-3-weeks","9":"pa_franchise-date-a-live","10":"pa_karaktar-mukuro-hoshimiya","11":"pa_material-pvc-abs","12":"pa_produktserie-bicute-bunnies","13":"pa_storlek-27-cm","15":"first","16":"instock","17":"taxable","18":"shipping-taxable","19":"purchasable","20":"product-type-simple"},"acf":[],"yoast_head":"<!-- This site is optimized with the Yoast SEO Premium plugin v24.6 (Yoast SEO v27.4) - https:\/\/yoast.com\/product\/yoast-seo-premium-wordpress\/ -->\n<title>Date A Live V BiCute Bunnies Mukuro Hoshimiya (Pink Color Ver.) Figure | Animefigurer.se<\/title>\n<meta name=\"robots\" content=\"index, follow, max-snippet:-1, max-image-preview:large, max-video-preview:-1\" \/>\n<link rel=\"canonical\" href=\"https:\/\/animefigurer.se\/en\/figurer\/date-a-live\/date-a-live-v-bicute-bunnies-mukuro-hoshimiya-pink-color-ver-figure\/\" \/>\n<meta property=\"og:locale\" content=\"en_GB\" \/>\n<meta property=\"og:type\" content=\"article\" \/>\n<meta property=\"og:title\" content=\"Date A Live V BiCute Bunnies Mukuro Hoshimiya (Pink Color Ver.) Figure\" \/>\n<meta property=\"og:description\" content=\"FuRyu presenterar Mukuro Hoshimiya i BiCute Bunnies\u2011serien fr\u00e5n Date A Live V! Figuren \u00e4r n\u00e4ra 11 tum h\u00f6g och f\u00f6rest\u00e4ller Mukuro i en rosa kanindr\u00e4kt i en popul\u00e4r pose \u2013 ett sj\u00e4lvklart val f\u00f6r fans.  BiCute Bunnies\u2011linjen visar popul\u00e4ra karakt\u00e4rer som f\u00f6rvandlats till charmiga kaninflickor, med en h\" \/>\n<meta property=\"og:url\" content=\"https:\/\/animefigurer.se\/en\/figurer\/date-a-live\/date-a-live-v-bicute-bunnies-mukuro-hoshimiya-pink-color-ver-figure\/\" \/>\n<meta property=\"og:site_name\" content=\"Animefigurer.se\" \/>\n<meta property=\"article:publisher\" content=\"https:\/\/www.facebook.com\/profile.php?id=61581826539670\" \/>\n<meta property=\"article:modified_time\" content=\"2026-02-21T05:53:56+00:00\" \/>\n<meta property=\"og:image\" content=\"https:\/\/animefigurer.se\/wp-content\/uploads\/2025\/12\/Animefigurer_logowhite.png\" \/>\n\t<meta property=\"og:image:width\" content=\"1890\" \/>\n\t<meta property=\"og:image:height\" content=\"1417\" \/>\n\t<meta property=\"og:image:type\" content=\"image\/png\" \/>\n<meta name=\"twitter:card\" content=\"summary_large_image\" \/>\n<meta name=\"twitter:label1\" content=\"Estimated reading time\" \/>\n\t<meta name=\"twitter:data1\" content=\"1 minute\" \/>\n<script type=\"application\/ld+json\" class=\"yoast-schema-graph\">{\"@context\":\"https:\\\/\\\/schema.org\",\"@graph\":[{\"@type\":\"WebPage\",\"@id\":\"https:\\\/\\\/animefigurer.se\\\/figurer\\\/date-a-live\\\/date-a-live-v-bicute-bunnies-mukuro-hoshimiya-pink-color-ver-figure\\\/\",\"url\":\"https:\\\/\\\/animefigurer.se\\\/figurer\\\/date-a-live\\\/date-a-live-v-bicute-bunnies-mukuro-hoshimiya-pink-color-ver-figure\\\/\",\"name\":\"Date A Live V BiCute Bunnies Mukuro Hoshimiya (Pink Color Ver.) Figure | Animefigurer.se\",\"isPartOf\":{\"@id\":\"https:\\\/\\\/animefigurer.se\\\/#website\"},\"primaryImageOfPage\":{\"@id\":\"https:\\\/\\\/animefigurer.se\\\/figurer\\\/date-a-live\\\/date-a-live-v-bicute-bunnies-mukuro-hoshimiya-pink-color-ver-figure\\\/#primaryimage\"},\"image\":{\"@id\":\"https:\\\/\\\/animefigurer.se\\\/figurer\\\/date-a-live\\\/date-a-live-v-bicute-bunnies-mukuro-hoshimiya-pink-color-ver-figure\\\/#primaryimage\"},\"thumbnailUrl\":\"https:\\\/\\\/animefigurer.se\\\/wp-content\\\/uploads\\\/2025\\\/10\\\/67dd87b57f699.jpeg\",\"datePublished\":\"2025-10-20T15:28:02+00:00\",\"dateModified\":\"2026-02-21T05:53:56+00:00\",\"breadcrumb\":{\"@id\":\"https:\\\/\\\/animefigurer.se\\\/figurer\\\/date-a-live\\\/date-a-live-v-bicute-bunnies-mukuro-hoshimiya-pink-color-ver-figure\\\/#breadcrumb\"},\"inLanguage\":\"en-GB\",\"potentialAction\":[{\"@type\":\"ReadAction\",\"target\":[\"https:\\\/\\\/animefigurer.se\\\/figurer\\\/date-a-live\\\/date-a-live-v-bicute-bunnies-mukuro-hoshimiya-pink-color-ver-figure\\\/\"]}]},{\"@type\":\"ImageObject\",\"inLanguage\":\"en-GB\",\"@id\":\"https:\\\/\\\/animefigurer.se\\\/figurer\\\/date-a-live\\\/date-a-live-v-bicute-bunnies-mukuro-hoshimiya-pink-color-ver-figure\\\/#primaryimage\",\"url\":\"https:\\\/\\\/animefigurer.se\\\/wp-content\\\/uploads\\\/2025\\\/10\\\/67dd87b57f699.jpeg\",\"contentUrl\":\"https:\\\/\\\/animefigurer.se\\\/wp-content\\\/uploads\\\/2025\\\/10\\\/67dd87b57f699.jpeg\",\"width\":720,\"height\":540},{\"@type\":\"BreadcrumbList\",\"@id\":\"https:\\\/\\\/animefigurer.se\\\/figurer\\\/date-a-live\\\/date-a-live-v-bicute-bunnies-mukuro-hoshimiya-pink-color-ver-figure\\\/#breadcrumb\",\"itemListElement\":[{\"@type\":\"ListItem\",\"position\":1,\"name\":\"Home\",\"item\":\"https:\\\/\\\/animefigurer.se\\\/\"},{\"@type\":\"ListItem\",\"position\":2,\"name\":\"Butik\",\"item\":\"https:\\\/\\\/animefigurer.se\\\/figurer\\\/\"},{\"@type\":\"ListItem\",\"position\":3,\"name\":\"Date A Live V BiCute Bunnies Mukuro Hoshimiya (Pink Color Ver.) Figure\"}]},{\"@type\":\"WebSite\",\"@id\":\"https:\\\/\\\/animefigurer.se\\\/#website\",\"url\":\"https:\\\/\\\/animefigurer.se\\\/\",\"name\":\"Animefigurer.se\",\"description\":\"Anime figurer fr\u00e5n \u00f6ver 300 olika anime serier med \u00f6ver 9000 produkter | Anime Shop\",\"publisher\":{\"@id\":\"https:\\\/\\\/animefigurer.se\\\/#organization\"},\"potentialAction\":[{\"@type\":\"SearchAction\",\"target\":{\"@type\":\"EntryPoint\",\"urlTemplate\":\"https:\\\/\\\/animefigurer.se\\\/?s={search_term_string}\"},\"query-input\":{\"@type\":\"PropertyValueSpecification\",\"valueRequired\":true,\"valueName\":\"search_term_string\"}}],\"inLanguage\":\"en-GB\"},{\"@type\":\"Organization\",\"@id\":\"https:\\\/\\\/animefigurer.se\\\/#organization\",\"name\":\"Animefigurer.se\",\"alternateName\":\"Anime figurer | Anime shop\",\"url\":\"https:\\\/\\\/animefigurer.se\\\/\",\"logo\":{\"@type\":\"ImageObject\",\"inLanguage\":\"en-GB\",\"@id\":\"https:\\\/\\\/animefigurer.se\\\/#\\\/schema\\\/logo\\\/image\\\/\",\"url\":\"https:\\\/\\\/animefigurer.se\\\/wp-content\\\/uploads\\\/2025\\\/12\\\/Animefigurer_logowhite.png\",\"contentUrl\":\"https:\\\/\\\/animefigurer.se\\\/wp-content\\\/uploads\\\/2025\\\/12\\\/Animefigurer_logowhite.png\",\"width\":1890,\"height\":1417,\"caption\":\"Animefigurer.se\"},\"image\":{\"@id\":\"https:\\\/\\\/animefigurer.se\\\/#\\\/schema\\\/logo\\\/image\\\/\"},\"sameAs\":[\"https:\\\/\\\/www.facebook.com\\\/profile.php?id=61581826539670\",\"https:\\\/\\\/www.instagram.com\\\/animefigurer.se\\\/\"],\"email\":\"info@animefigurer.se\"}]}<\/script>\n<!-- \/ Yoast SEO Premium plugin. -->","yoast_head_json":{"title":"Date A Live V BiCute Bunnies Mukuro Hoshimiya (Pink Color Ver.) Figure | Animefigurer.se","robots":{"index":"index","follow":"follow","max-snippet":"max-snippet:-1","max-image-preview":"max-image-preview:large","max-video-preview":"max-video-preview:-1"},"canonical":"https:\/\/animefigurer.se\/en\/figurer\/date-a-live\/date-a-live-v-bicute-bunnies-mukuro-hoshimiya-pink-color-ver-figure\/","og_locale":"en_GB","og_type":"article","og_title":"Date A Live V BiCute Bunnies Mukuro Hoshimiya (Pink Color Ver.) Figure","og_description":"FuRyu presenterar Mukuro Hoshimiya i BiCute Bunnies\u2011serien fr\u00e5n Date A Live V! Figuren \u00e4r n\u00e4ra 11 tum h\u00f6g och f\u00f6rest\u00e4ller Mukuro i en rosa kanindr\u00e4kt i en popul\u00e4r pose \u2013 ett sj\u00e4lvklart val f\u00f6r fans.  BiCute Bunnies\u2011linjen visar popul\u00e4ra karakt\u00e4rer som f\u00f6rvandlats till charmiga kaninflickor, med en h","og_url":"https:\/\/animefigurer.se\/en\/figurer\/date-a-live\/date-a-live-v-bicute-bunnies-mukuro-hoshimiya-pink-color-ver-figure\/","og_site_name":"Animefigurer.se","article_publisher":"https:\/\/www.facebook.com\/profile.php?id=61581826539670","article_modified_time":"2026-02-21T05:53:56+00:00","og_image":[{"width":1890,"height":1417,"url":"https:\/\/animefigurer.se\/wp-content\/uploads\/2025\/12\/Animefigurer_logowhite.png","type":"image\/png"}],"twitter_card":"summary_large_image","twitter_misc":{"Estimated reading time":"1 minute"},"schema":{"@context":"https:\/\/schema.org","@graph":[{"@type":"WebPage","@id":"https:\/\/animefigurer.se\/figurer\/date-a-live\/date-a-live-v-bicute-bunnies-mukuro-hoshimiya-pink-color-ver-figure\/","url":"https:\/\/animefigurer.se\/figurer\/date-a-live\/date-a-live-v-bicute-bunnies-mukuro-hoshimiya-pink-color-ver-figure\/","name":"Date A Live V BiCute Bunnies Mukuro Hoshimiya (Pink Color Ver.) Figure | Animefigurer.se","isPartOf":{"@id":"https:\/\/animefigurer.se\/#website"},"primaryImageOfPage":{"@id":"https:\/\/animefigurer.se\/figurer\/date-a-live\/date-a-live-v-bicute-bunnies-mukuro-hoshimiya-pink-color-ver-figure\/#primaryimage"},"image":{"@id":"https:\/\/animefigurer.se\/figurer\/date-a-live\/date-a-live-v-bicute-bunnies-mukuro-hoshimiya-pink-color-ver-figure\/#primaryimage"},"thumbnailUrl":"https:\/\/animefigurer.se\/wp-content\/uploads\/2025\/10\/67dd87b57f699.jpeg","datePublished":"2025-10-20T15:28:02+00:00","dateModified":"2026-02-21T05:53:56+00:00","breadcrumb":{"@id":"https:\/\/animefigurer.se\/figurer\/date-a-live\/date-a-live-v-bicute-bunnies-mukuro-hoshimiya-pink-color-ver-figure\/#breadcrumb"},"inLanguage":"en-GB","potentialAction":[{"@type":"ReadAction","target":["https:\/\/animefigurer.se\/figurer\/date-a-live\/date-a-live-v-bicute-bunnies-mukuro-hoshimiya-pink-color-ver-figure\/"]}]},{"@type":"ImageObject","inLanguage":"en-GB","@id":"https:\/\/animefigurer.se\/figurer\/date-a-live\/date-a-live-v-bicute-bunnies-mukuro-hoshimiya-pink-color-ver-figure\/#primaryimage","url":"https:\/\/animefigurer.se\/wp-content\/uploads\/2025\/10\/67dd87b57f699.jpeg","contentUrl":"https:\/\/animefigurer.se\/wp-content\/uploads\/2025\/10\/67dd87b57f699.jpeg","width":720,"height":540},{"@type":"BreadcrumbList","@id":"https:\/\/animefigurer.se\/figurer\/date-a-live\/date-a-live-v-bicute-bunnies-mukuro-hoshimiya-pink-color-ver-figure\/#breadcrumb","itemListElement":[{"@type":"ListItem","position":1,"name":"Home","item":"https:\/\/animefigurer.se\/"},{"@type":"ListItem","position":2,"name":"Butik","item":"https:\/\/animefigurer.se\/figurer\/"},{"@type":"ListItem","position":3,"name":"Date A Live V BiCute Bunnies Mukuro Hoshimiya (Pink Color Ver.) Figure"}]},{"@type":"WebSite","@id":"https:\/\/animefigurer.se\/#website","url":"https:\/\/animefigurer.se\/","name":"Animefigurer.se","description":"Anime figures from over 300 different anime series with over 9000 products | Anime Shop","publisher":{"@id":"https:\/\/animefigurer.se\/#organization"},"potentialAction":[{"@type":"SearchAction","target":{"@type":"EntryPoint","urlTemplate":"https:\/\/animefigurer.se\/?s={search_term_string}"},"query-input":{"@type":"PropertyValueSpecification","valueRequired":true,"valueName":"search_term_string"}}],"inLanguage":"en-GB"},{"@type":"Organization","@id":"https:\/\/animefigurer.se\/#organization","name":"Animefigurer.se","alternateName":"Anime figurer | Anime shop","url":"https:\/\/animefigurer.se\/","logo":{"@type":"ImageObject","inLanguage":"en-GB","@id":"https:\/\/animefigurer.se\/#\/schema\/logo\/image\/","url":"https:\/\/animefigurer.se\/wp-content\/uploads\/2025\/12\/Animefigurer_logowhite.png","contentUrl":"https:\/\/animefigurer.se\/wp-content\/uploads\/2025\/12\/Animefigurer_logowhite.png","width":1890,"height":1417,"caption":"Animefigurer.se"},"image":{"@id":"https:\/\/animefigurer.se\/#\/schema\/logo\/image\/"},"sameAs":["https:\/\/www.facebook.com\/profile.php?id=61581826539670","https:\/\/www.instagram.com\/animefigurer.se\/"],"email":"info@animefigurer.se"}]}},"_links":{"self":[{"href":"https:\/\/animefigurer.se\/en\/wp-json\/wp\/v2\/product\/16205","targetHints":{"allow":["GET"]}}],"collection":[{"href":"https:\/\/animefigurer.se\/en\/wp-json\/wp\/v2\/product"}],"about":[{"href":"https:\/\/animefigurer.se\/en\/wp-json\/wp\/v2\/types\/product"}],"replies":[{"embeddable":true,"href":"https:\/\/animefigurer.se\/en\/wp-json\/wp\/v2\/comments?post=16205"}],"wp:featuredmedia":[{"embeddable":true,"href":"https:\/\/animefigurer.se\/en\/wp-json\/wp\/v2\/media\/16206"}],"wp:attachment":[{"href":"https:\/\/animefigurer.se\/en\/wp-json\/wp\/v2\/media?parent=16205"}],"wp:term":[{"taxonomy":"product_brand","embeddable":true,"href":"https:\/\/animefigurer.se\/en\/wp-json\/wp\/v2\/product_brand?post=16205"},{"taxonomy":"product_cat","embeddable":true,"href":"https:\/\/animefigurer.se\/en\/wp-json\/wp\/v2\/product_cat?post=16205"},{"taxonomy":"product_tag","embeddable":true,"href":"https:\/\/animefigurer.se\/en\/wp-json\/wp\/v2\/product_tag?post=16205"},{"taxonomy":"giftcard-category","embeddable":true,"href":"https:\/\/animefigurer.se\/en\/wp-json\/wp\/v2\/giftcard-category?post=16205"}],"curies":[{"name":"wp","href":"https:\/\/api.w.org\/{rel}","templated":true}]}}