{"id":15982,"date":"2025-10-20T17:27:06","date_gmt":"2025-10-20T15:27:06","guid":{"rendered":"https:\/\/animefigurer.se\/produkt\/date-a-live-iv-tohka-yatogami-princess-amethyst-dress-ver-shibuya-scramble-figure\/"},"modified":"2026-03-14T12:22:52","modified_gmt":"2026-03-14T11:22:52","slug":"date-a-live-iv-tohka-yatogami-princess-amethyst-dress-ver-shibuya-scramble-figure","status":"publish","type":"product","link":"https:\/\/animefigurer.se\/en\/figurer\/date-a-live\/date-a-live-iv-tohka-yatogami-princess-amethyst-dress-ver-shibuya-scramble-figure\/","title":{"rendered":"Date A Live IV Tohka Yatogami (Princess Amethyst Dress Ver.) Shibuya Scramble Figure"},"content":{"rendered":"<p>Tohka Yatogami from Date A Live IV is now available as a beautiful 1\/7th scale Shibuya Scramble figure. She is portrayed with a powerful gaze and a gentle smile, brandishing her Sandalphone and surrounded by impressive effects parts. Her flowing hair and billowing dress add to the figure&#039;s visual weight and elegance.<\/p>","protected":false},"excerpt":{"rendered":"<p>Tohka Yatogami from Date A Live IV is now available as a beautiful 1\/7th scale Shibuya Scramble figure. She is portrayed with a powerful gaze and a gentle smile, brandishing her Sandalphone and surrounded by impressive effects parts. Her flowing hair and billowing dress add to the figure&#039;s visual weight<\/p>","protected":false},"featured_media":15983,"comment_status":"closed","ping_status":"closed","template":"","meta":{"_acf_changed":false,"_monsterinsights_skip_tracking":false,"_monsterinsights_sitenote_active":false,"_monsterinsights_sitenote_note":"","_monsterinsights_sitenote_category":0},"product_brand":[6976],"product_cat":[1497,7233],"product_tag":[24],"giftcard-category":[],"class_list":{"0":"post-15982","1":"product","2":"type-product","3":"status-publish","4":"has-post-thumbnail","6":"product_brand-estream","7":"product_cat-date-a-live","8":"product_cat-pre-order","9":"product_tag-2-3-weeks","10":"pa_franchise-date-a-live","11":"pa_karaktar-tohka-yatogami","12":"pa_material-pvc-abs","13":"pa_produktserie-shibuya-scramble-figure","14":"pa_skala-57","15":"pa_storlek-32-cm","17":"first","18":"instock","19":"taxable","20":"shipping-taxable","21":"purchasable","22":"product-type-simple"},"acf":[],"yoast_head":"<!-- This site is optimized with the Yoast SEO Premium plugin v24.6 (Yoast SEO v27.4) - https:\/\/yoast.com\/product\/yoast-seo-premium-wordpress\/ -->\n<title>Date A Live IV Tohka Yatogami (Princess Amethyst Dress Ver.) Shibuya Scramble Figure | Animefigurer.se<\/title>\n<meta name=\"robots\" content=\"index, follow, max-snippet:-1, max-image-preview:large, max-video-preview:-1\" \/>\n<link rel=\"canonical\" href=\"https:\/\/animefigurer.se\/en\/figurer\/date-a-live\/date-a-live-iv-tohka-yatogami-princess-amethyst-dress-ver-shibuya-scramble-figure\/\" \/>\n<meta property=\"og:locale\" content=\"en_GB\" \/>\n<meta property=\"og:type\" content=\"article\" \/>\n<meta property=\"og:title\" content=\"Date A Live IV Tohka Yatogami (Princess Amethyst Dress Ver.) Shibuya Scramble Figure\" \/>\n<meta property=\"og:description\" content=\"Tohka Yatogami fr\u00e5n Date A Live IV finns nu som en vacker 1\/7\u2011skala Shibuya Scramble\u2011figur. Hon \u00e4r portr\u00e4tterad med en kraftfull blick och ett milt leende, viftande med sin Sandalfon och omgiven av imponerande effektdelar. Hennes fl\u00f6dande h\u00e5r och b\u00f6ljande kl\u00e4nning bidrar till figurens visuella tyngd\" \/>\n<meta property=\"og:url\" content=\"https:\/\/animefigurer.se\/en\/figurer\/date-a-live\/date-a-live-iv-tohka-yatogami-princess-amethyst-dress-ver-shibuya-scramble-figure\/\" \/>\n<meta property=\"og:site_name\" content=\"Animefigurer.se\" \/>\n<meta property=\"article:publisher\" content=\"https:\/\/www.facebook.com\/profile.php?id=61581826539670\" \/>\n<meta property=\"article:modified_time\" content=\"2026-03-14T11:22:52+00:00\" \/>\n<meta property=\"og:image\" content=\"https:\/\/animefigurer.se\/wp-content\/uploads\/2025\/12\/Animefigurer_logowhite.png\" \/>\n\t<meta property=\"og:image:width\" content=\"1890\" \/>\n\t<meta property=\"og:image:height\" content=\"1417\" \/>\n\t<meta property=\"og:image:type\" content=\"image\/png\" \/>\n<meta name=\"twitter:card\" content=\"summary_large_image\" \/>\n<meta name=\"twitter:label1\" content=\"Estimated reading time\" \/>\n\t<meta name=\"twitter:data1\" content=\"1 minute\" \/>\n<script type=\"application\/ld+json\" class=\"yoast-schema-graph\">{\"@context\":\"https:\\\/\\\/schema.org\",\"@graph\":[{\"@type\":\"WebPage\",\"@id\":\"https:\\\/\\\/animefigurer.se\\\/figurer\\\/date-a-live\\\/date-a-live-iv-tohka-yatogami-princess-amethyst-dress-ver-shibuya-scramble-figure\\\/\",\"url\":\"https:\\\/\\\/animefigurer.se\\\/figurer\\\/date-a-live\\\/date-a-live-iv-tohka-yatogami-princess-amethyst-dress-ver-shibuya-scramble-figure\\\/\",\"name\":\"Date A Live IV Tohka Yatogami (Princess Amethyst Dress Ver.) Shibuya Scramble Figure | Animefigurer.se\",\"isPartOf\":{\"@id\":\"https:\\\/\\\/animefigurer.se\\\/#website\"},\"primaryImageOfPage\":{\"@id\":\"https:\\\/\\\/animefigurer.se\\\/figurer\\\/date-a-live\\\/date-a-live-iv-tohka-yatogami-princess-amethyst-dress-ver-shibuya-scramble-figure\\\/#primaryimage\"},\"image\":{\"@id\":\"https:\\\/\\\/animefigurer.se\\\/figurer\\\/date-a-live\\\/date-a-live-iv-tohka-yatogami-princess-amethyst-dress-ver-shibuya-scramble-figure\\\/#primaryimage\"},\"thumbnailUrl\":\"https:\\\/\\\/animefigurer.se\\\/wp-content\\\/uploads\\\/2025\\\/10\\\/66b22e19b7966.jpeg\",\"datePublished\":\"2025-10-20T15:27:06+00:00\",\"dateModified\":\"2026-03-14T11:22:52+00:00\",\"breadcrumb\":{\"@id\":\"https:\\\/\\\/animefigurer.se\\\/figurer\\\/date-a-live\\\/date-a-live-iv-tohka-yatogami-princess-amethyst-dress-ver-shibuya-scramble-figure\\\/#breadcrumb\"},\"inLanguage\":\"en-GB\",\"potentialAction\":[{\"@type\":\"ReadAction\",\"target\":[\"https:\\\/\\\/animefigurer.se\\\/figurer\\\/date-a-live\\\/date-a-live-iv-tohka-yatogami-princess-amethyst-dress-ver-shibuya-scramble-figure\\\/\"]}]},{\"@type\":\"ImageObject\",\"inLanguage\":\"en-GB\",\"@id\":\"https:\\\/\\\/animefigurer.se\\\/figurer\\\/date-a-live\\\/date-a-live-iv-tohka-yatogami-princess-amethyst-dress-ver-shibuya-scramble-figure\\\/#primaryimage\",\"url\":\"https:\\\/\\\/animefigurer.se\\\/wp-content\\\/uploads\\\/2025\\\/10\\\/66b22e19b7966.jpeg\",\"contentUrl\":\"https:\\\/\\\/animefigurer.se\\\/wp-content\\\/uploads\\\/2025\\\/10\\\/66b22e19b7966.jpeg\",\"width\":720,\"height\":540},{\"@type\":\"BreadcrumbList\",\"@id\":\"https:\\\/\\\/animefigurer.se\\\/figurer\\\/date-a-live\\\/date-a-live-iv-tohka-yatogami-princess-amethyst-dress-ver-shibuya-scramble-figure\\\/#breadcrumb\",\"itemListElement\":[{\"@type\":\"ListItem\",\"position\":1,\"name\":\"Home\",\"item\":\"https:\\\/\\\/animefigurer.se\\\/\"},{\"@type\":\"ListItem\",\"position\":2,\"name\":\"Butik\",\"item\":\"https:\\\/\\\/animefigurer.se\\\/figurer\\\/\"},{\"@type\":\"ListItem\",\"position\":3,\"name\":\"Date A Live IV Tohka Yatogami (Princess Amethyst Dress Ver.) Shibuya Scramble Figure\"}]},{\"@type\":\"WebSite\",\"@id\":\"https:\\\/\\\/animefigurer.se\\\/#website\",\"url\":\"https:\\\/\\\/animefigurer.se\\\/\",\"name\":\"Animefigurer.se\",\"description\":\"Anime figurer fr\u00e5n \u00f6ver 300 olika anime serier med \u00f6ver 9000 produkter | Anime Shop\",\"publisher\":{\"@id\":\"https:\\\/\\\/animefigurer.se\\\/#organization\"},\"potentialAction\":[{\"@type\":\"SearchAction\",\"target\":{\"@type\":\"EntryPoint\",\"urlTemplate\":\"https:\\\/\\\/animefigurer.se\\\/?s={search_term_string}\"},\"query-input\":{\"@type\":\"PropertyValueSpecification\",\"valueRequired\":true,\"valueName\":\"search_term_string\"}}],\"inLanguage\":\"en-GB\"},{\"@type\":\"Organization\",\"@id\":\"https:\\\/\\\/animefigurer.se\\\/#organization\",\"name\":\"Animefigurer.se\",\"alternateName\":\"Anime figurer | Anime shop\",\"url\":\"https:\\\/\\\/animefigurer.se\\\/\",\"logo\":{\"@type\":\"ImageObject\",\"inLanguage\":\"en-GB\",\"@id\":\"https:\\\/\\\/animefigurer.se\\\/#\\\/schema\\\/logo\\\/image\\\/\",\"url\":\"https:\\\/\\\/animefigurer.se\\\/wp-content\\\/uploads\\\/2025\\\/12\\\/Animefigurer_logowhite.png\",\"contentUrl\":\"https:\\\/\\\/animefigurer.se\\\/wp-content\\\/uploads\\\/2025\\\/12\\\/Animefigurer_logowhite.png\",\"width\":1890,\"height\":1417,\"caption\":\"Animefigurer.se\"},\"image\":{\"@id\":\"https:\\\/\\\/animefigurer.se\\\/#\\\/schema\\\/logo\\\/image\\\/\"},\"sameAs\":[\"https:\\\/\\\/www.facebook.com\\\/profile.php?id=61581826539670\",\"https:\\\/\\\/www.instagram.com\\\/animefigurer.se\\\/\"],\"email\":\"info@animefigurer.se\"}]}<\/script>\n<!-- \/ Yoast SEO Premium plugin. -->","yoast_head_json":{"title":"Date A Live IV Tohka Yatogami (Princess Amethyst Dress Ver.) Shibuya Scramble Figure | Animefigurer.se","robots":{"index":"index","follow":"follow","max-snippet":"max-snippet:-1","max-image-preview":"max-image-preview:large","max-video-preview":"max-video-preview:-1"},"canonical":"https:\/\/animefigurer.se\/en\/figurer\/date-a-live\/date-a-live-iv-tohka-yatogami-princess-amethyst-dress-ver-shibuya-scramble-figure\/","og_locale":"en_GB","og_type":"article","og_title":"Date A Live IV Tohka Yatogami (Princess Amethyst Dress Ver.) Shibuya Scramble Figure","og_description":"Tohka Yatogami fr\u00e5n Date A Live IV finns nu som en vacker 1\/7\u2011skala Shibuya Scramble\u2011figur. Hon \u00e4r portr\u00e4tterad med en kraftfull blick och ett milt leende, viftande med sin Sandalfon och omgiven av imponerande effektdelar. Hennes fl\u00f6dande h\u00e5r och b\u00f6ljande kl\u00e4nning bidrar till figurens visuella tyngd","og_url":"https:\/\/animefigurer.se\/en\/figurer\/date-a-live\/date-a-live-iv-tohka-yatogami-princess-amethyst-dress-ver-shibuya-scramble-figure\/","og_site_name":"Animefigurer.se","article_publisher":"https:\/\/www.facebook.com\/profile.php?id=61581826539670","article_modified_time":"2026-03-14T11:22:52+00:00","og_image":[{"width":1890,"height":1417,"url":"https:\/\/animefigurer.se\/wp-content\/uploads\/2025\/12\/Animefigurer_logowhite.png","type":"image\/png"}],"twitter_card":"summary_large_image","twitter_misc":{"Estimated reading time":"1 minute"},"schema":{"@context":"https:\/\/schema.org","@graph":[{"@type":"WebPage","@id":"https:\/\/animefigurer.se\/figurer\/date-a-live\/date-a-live-iv-tohka-yatogami-princess-amethyst-dress-ver-shibuya-scramble-figure\/","url":"https:\/\/animefigurer.se\/figurer\/date-a-live\/date-a-live-iv-tohka-yatogami-princess-amethyst-dress-ver-shibuya-scramble-figure\/","name":"Date A Live IV Tohka Yatogami (Princess Amethyst Dress Ver.) Shibuya Scramble Figure | Animefigurer.se","isPartOf":{"@id":"https:\/\/animefigurer.se\/#website"},"primaryImageOfPage":{"@id":"https:\/\/animefigurer.se\/figurer\/date-a-live\/date-a-live-iv-tohka-yatogami-princess-amethyst-dress-ver-shibuya-scramble-figure\/#primaryimage"},"image":{"@id":"https:\/\/animefigurer.se\/figurer\/date-a-live\/date-a-live-iv-tohka-yatogami-princess-amethyst-dress-ver-shibuya-scramble-figure\/#primaryimage"},"thumbnailUrl":"https:\/\/animefigurer.se\/wp-content\/uploads\/2025\/10\/66b22e19b7966.jpeg","datePublished":"2025-10-20T15:27:06+00:00","dateModified":"2026-03-14T11:22:52+00:00","breadcrumb":{"@id":"https:\/\/animefigurer.se\/figurer\/date-a-live\/date-a-live-iv-tohka-yatogami-princess-amethyst-dress-ver-shibuya-scramble-figure\/#breadcrumb"},"inLanguage":"en-GB","potentialAction":[{"@type":"ReadAction","target":["https:\/\/animefigurer.se\/figurer\/date-a-live\/date-a-live-iv-tohka-yatogami-princess-amethyst-dress-ver-shibuya-scramble-figure\/"]}]},{"@type":"ImageObject","inLanguage":"en-GB","@id":"https:\/\/animefigurer.se\/figurer\/date-a-live\/date-a-live-iv-tohka-yatogami-princess-amethyst-dress-ver-shibuya-scramble-figure\/#primaryimage","url":"https:\/\/animefigurer.se\/wp-content\/uploads\/2025\/10\/66b22e19b7966.jpeg","contentUrl":"https:\/\/animefigurer.se\/wp-content\/uploads\/2025\/10\/66b22e19b7966.jpeg","width":720,"height":540},{"@type":"BreadcrumbList","@id":"https:\/\/animefigurer.se\/figurer\/date-a-live\/date-a-live-iv-tohka-yatogami-princess-amethyst-dress-ver-shibuya-scramble-figure\/#breadcrumb","itemListElement":[{"@type":"ListItem","position":1,"name":"Home","item":"https:\/\/animefigurer.se\/"},{"@type":"ListItem","position":2,"name":"Butik","item":"https:\/\/animefigurer.se\/figurer\/"},{"@type":"ListItem","position":3,"name":"Date A Live IV Tohka Yatogami (Princess Amethyst Dress Ver.) Shibuya Scramble Figure"}]},{"@type":"WebSite","@id":"https:\/\/animefigurer.se\/#website","url":"https:\/\/animefigurer.se\/","name":"Animefigurer.se","description":"Anime figures from over 300 different anime series with over 9000 products | Anime Shop","publisher":{"@id":"https:\/\/animefigurer.se\/#organization"},"potentialAction":[{"@type":"SearchAction","target":{"@type":"EntryPoint","urlTemplate":"https:\/\/animefigurer.se\/?s={search_term_string}"},"query-input":{"@type":"PropertyValueSpecification","valueRequired":true,"valueName":"search_term_string"}}],"inLanguage":"en-GB"},{"@type":"Organization","@id":"https:\/\/animefigurer.se\/#organization","name":"Animefigurer.se","alternateName":"Anime figurer | Anime shop","url":"https:\/\/animefigurer.se\/","logo":{"@type":"ImageObject","inLanguage":"en-GB","@id":"https:\/\/animefigurer.se\/#\/schema\/logo\/image\/","url":"https:\/\/animefigurer.se\/wp-content\/uploads\/2025\/12\/Animefigurer_logowhite.png","contentUrl":"https:\/\/animefigurer.se\/wp-content\/uploads\/2025\/12\/Animefigurer_logowhite.png","width":1890,"height":1417,"caption":"Animefigurer.se"},"image":{"@id":"https:\/\/animefigurer.se\/#\/schema\/logo\/image\/"},"sameAs":["https:\/\/www.facebook.com\/profile.php?id=61581826539670","https:\/\/www.instagram.com\/animefigurer.se\/"],"email":"info@animefigurer.se"}]}},"_links":{"self":[{"href":"https:\/\/animefigurer.se\/en\/wp-json\/wp\/v2\/product\/15982","targetHints":{"allow":["GET"]}}],"collection":[{"href":"https:\/\/animefigurer.se\/en\/wp-json\/wp\/v2\/product"}],"about":[{"href":"https:\/\/animefigurer.se\/en\/wp-json\/wp\/v2\/types\/product"}],"replies":[{"embeddable":true,"href":"https:\/\/animefigurer.se\/en\/wp-json\/wp\/v2\/comments?post=15982"}],"wp:featuredmedia":[{"embeddable":true,"href":"https:\/\/animefigurer.se\/en\/wp-json\/wp\/v2\/media\/15983"}],"wp:attachment":[{"href":"https:\/\/animefigurer.se\/en\/wp-json\/wp\/v2\/media?parent=15982"}],"wp:term":[{"taxonomy":"product_brand","embeddable":true,"href":"https:\/\/animefigurer.se\/en\/wp-json\/wp\/v2\/product_brand?post=15982"},{"taxonomy":"product_cat","embeddable":true,"href":"https:\/\/animefigurer.se\/en\/wp-json\/wp\/v2\/product_cat?post=15982"},{"taxonomy":"product_tag","embeddable":true,"href":"https:\/\/animefigurer.se\/en\/wp-json\/wp\/v2\/product_tag?post=15982"},{"taxonomy":"giftcard-category","embeddable":true,"href":"https:\/\/animefigurer.se\/en\/wp-json\/wp\/v2\/giftcard-category?post=15982"}],"curies":[{"name":"wp","href":"https:\/\/api.w.org\/{rel}","templated":true}]}}