{"id":15713,"date":"2025-10-20T17:25:56","date_gmt":"2025-10-20T15:25:56","guid":{"rendered":"https:\/\/animefigurer.se\/produkt\/darkstalkers-real-elite-masterline-morrigan-1-4-scale-limited-edition-statue-with-bonus\/"},"modified":"2025-12-21T19:26:24","modified_gmt":"2025-12-21T18:26:24","slug":"darkstalkers-real-elite-masterline-morrigan-1-4-scale-limited-edition-statue-with-bonus","status":"publish","type":"product","link":"https:\/\/animefigurer.se\/en\/figurer\/darkstalkers\/darkstalkers-real-elite-masterline-morrigan-1-4-scale-limited-edition-statue-with-bonus\/","title":{"rendered":"Darkstalkers Real Elite Masterline Morrigan 1\/4 Scale Limited Edition Statue (With Bonus)"},"content":{"rendered":"<p>From the iconic fighting game series Darkstalkers, Morrigan comes to the Real Elite Masterline series, captured in a magnificent 1\/4 scale that pays homage to Capcom&#039;s legendary title. This statue interprets her anime-inspired design with a dreamy, imaginative aesthetic.<\/p>\n<p>Prime 1 Studio has worked with what they call demonic realism \u2014 a balanced blend of detailed realism and stylized features that highlight Morrigan&#039;s otherworldly, seductive forms. Her crossed legs and confident pose reflect both the elegance of the Aensland blood and a wild, unfettered freedom.<\/p>\n<p>Her eyes have a jade-like luster and are slightly enlarged for maximum effect; the narrow, vertical pupils give a predatory look that hints at her demonic origins. Her eyelids have a pearlescent finish that captures an eerie glow, while her porcelain-like complexion contrasts with detailed leather and sleeve textures. Every surface shows meticulous sculpting and advanced painting techniques.<\/p>\n<p>The custom-designed, Gothic base is adorned with a coiled serpent raising its head and petrified creatures forming a throne-like structure\u2014a dramatic symbolism of Morrigan\u2019s power and allure. Even in stone, there is a hint of frosty blood, an image of eternal pleasure and pain. Morrigan is reborn here with new, dark seductive power.<\/p>\n<p>This Limited Edition bonus version also includes a nameplate decorated with bats, candles and an impressive ancestral castle to enhance the presentation.<\/p>\n<p>Pair this statue with the upcoming Lilith release for a complete duo. This demonic succubus, rendered with demonic realism, deserves to be the centerpiece of your Darkstalkers collection.<\/p>","protected":false},"excerpt":{"rendered":"<p>From the iconic fighting game series Darkstalkers, Morrigan comes to the Real Elite Masterline series, captured in a magnificent 1\/4 scale that pays homage to Capcom&#039;s legendary title. This statue interprets her anime-inspired design with a dreamy, imaginative aesthetic.<\/p>\n<p>Prime 1 Studio has been working on what they can<\/p>","protected":false},"featured_media":15714,"comment_status":"closed","ping_status":"open","template":"","meta":{"_acf_changed":false,"_monsterinsights_skip_tracking":false,"_monsterinsights_sitenote_active":false,"_monsterinsights_sitenote_note":"","_monsterinsights_sitenote_category":0},"product_brand":[7111],"product_cat":[1488,7233],"product_tag":[26],"giftcard-category":[],"class_list":{"0":"post-15713","1":"product","2":"type-product","3":"status-publish","4":"has-post-thumbnail","6":"product_brand-prime-1-studio","7":"product_cat-darkstalkers","8":"product_cat-pre-order","9":"product_tag-pre-order","10":"pa_franchise-darkstalkers","11":"pa_karaktar-morrigan","12":"pa_material-polystone-and-other-materials","13":"pa_skala-54","14":"pa_storlek-55-cm","16":"first","17":"instock","18":"taxable","19":"shipping-taxable","20":"purchasable","21":"product-type-simple"},"acf":[],"yoast_head":"<!-- This site is optimized with the Yoast SEO Premium plugin v24.6 (Yoast SEO v27.3) - https:\/\/yoast.com\/product\/yoast-seo-premium-wordpress\/ -->\n<title>Darkstalkers Real Elite Masterline Morrigan 1\/4 Scale Limited Edition Statue (With Bonus) | Animefigurer.se<\/title>\n<meta name=\"robots\" content=\"index, follow, max-snippet:-1, max-image-preview:large, max-video-preview:-1\" \/>\n<link rel=\"canonical\" href=\"https:\/\/animefigurer.se\/en\/figurer\/darkstalkers\/darkstalkers-real-elite-masterline-morrigan-1-4-scale-limited-edition-statue-with-bonus\/\" \/>\n<meta property=\"og:locale\" content=\"en_GB\" \/>\n<meta property=\"og:type\" content=\"article\" \/>\n<meta property=\"og:title\" content=\"Darkstalkers Real Elite Masterline Morrigan 1\/4 Scale Limited Edition Statue (With Bonus)\" \/>\n<meta property=\"og:description\" content=\"Fr\u00e5n den ikoniska fightingspelsserien Darkstalkers kommer Morrigan till Real Elite Masterline-serien, f\u00e5ngad i en storslagen 1\/4-skala som hyllar Capcoms legendariska titel. Denna staty tolkar hennes animeinspirerade design med en dr\u00f6msk, fantasifull estetik. Prime 1 Studio har arbetat med vad de k\" \/>\n<meta property=\"og:url\" content=\"https:\/\/animefigurer.se\/en\/figurer\/darkstalkers\/darkstalkers-real-elite-masterline-morrigan-1-4-scale-limited-edition-statue-with-bonus\/\" \/>\n<meta property=\"og:site_name\" content=\"Animefigurer.se\" \/>\n<meta property=\"article:publisher\" content=\"https:\/\/www.facebook.com\/profile.php?id=61581826539670\" \/>\n<meta property=\"article:modified_time\" content=\"2025-12-21T18:26:24+00:00\" \/>\n<meta property=\"og:image\" content=\"https:\/\/animefigurer.se\/wp-content\/uploads\/2025\/12\/Animefigurer_logowhite.png\" \/>\n\t<meta property=\"og:image:width\" content=\"1890\" \/>\n\t<meta property=\"og:image:height\" content=\"1417\" \/>\n\t<meta property=\"og:image:type\" content=\"image\/png\" \/>\n<meta name=\"twitter:card\" content=\"summary_large_image\" \/>\n<meta name=\"twitter:label1\" content=\"Estimated reading time\" \/>\n\t<meta name=\"twitter:data1\" content=\"1 minute\" \/>\n<script type=\"application\/ld+json\" class=\"yoast-schema-graph\">{\"@context\":\"https:\\\/\\\/schema.org\",\"@graph\":[{\"@type\":\"WebPage\",\"@id\":\"https:\\\/\\\/animefigurer.se\\\/en\\\/figurer\\\/darkstalkers\\\/darkstalkers-real-elite-masterline-morrigan-1-4-scale-limited-edition-statue-with-bonus\\\/\",\"url\":\"https:\\\/\\\/animefigurer.se\\\/en\\\/figurer\\\/darkstalkers\\\/darkstalkers-real-elite-masterline-morrigan-1-4-scale-limited-edition-statue-with-bonus\\\/\",\"name\":\"Darkstalkers Real Elite Masterline Morrigan 1\\\/4 Scale Limited Edition Statue (With Bonus) | Animefigurer.se\",\"isPartOf\":{\"@id\":\"https:\\\/\\\/animefigurer.se\\\/#website\"},\"primaryImageOfPage\":{\"@id\":\"https:\\\/\\\/animefigurer.se\\\/en\\\/figurer\\\/darkstalkers\\\/darkstalkers-real-elite-masterline-morrigan-1-4-scale-limited-edition-statue-with-bonus\\\/#primaryimage\"},\"image\":{\"@id\":\"https:\\\/\\\/animefigurer.se\\\/en\\\/figurer\\\/darkstalkers\\\/darkstalkers-real-elite-masterline-morrigan-1-4-scale-limited-edition-statue-with-bonus\\\/#primaryimage\"},\"thumbnailUrl\":\"https:\\\/\\\/animefigurer.se\\\/wp-content\\\/uploads\\\/2025\\\/10\\\/67ffe8ce5bf30.jpeg\",\"datePublished\":\"2025-10-20T15:25:56+00:00\",\"dateModified\":\"2025-12-21T18:26:24+00:00\",\"breadcrumb\":{\"@id\":\"https:\\\/\\\/animefigurer.se\\\/en\\\/figurer\\\/darkstalkers\\\/darkstalkers-real-elite-masterline-morrigan-1-4-scale-limited-edition-statue-with-bonus\\\/#breadcrumb\"},\"inLanguage\":\"en-GB\",\"potentialAction\":[{\"@type\":\"ReadAction\",\"target\":[\"https:\\\/\\\/animefigurer.se\\\/en\\\/figurer\\\/darkstalkers\\\/darkstalkers-real-elite-masterline-morrigan-1-4-scale-limited-edition-statue-with-bonus\\\/\"]}]},{\"@type\":\"ImageObject\",\"inLanguage\":\"en-GB\",\"@id\":\"https:\\\/\\\/animefigurer.se\\\/en\\\/figurer\\\/darkstalkers\\\/darkstalkers-real-elite-masterline-morrigan-1-4-scale-limited-edition-statue-with-bonus\\\/#primaryimage\",\"url\":\"https:\\\/\\\/animefigurer.se\\\/wp-content\\\/uploads\\\/2025\\\/10\\\/67ffe8ce5bf30.jpeg\",\"contentUrl\":\"https:\\\/\\\/animefigurer.se\\\/wp-content\\\/uploads\\\/2025\\\/10\\\/67ffe8ce5bf30.jpeg\",\"width\":720,\"height\":540},{\"@type\":\"BreadcrumbList\",\"@id\":\"https:\\\/\\\/animefigurer.se\\\/en\\\/figurer\\\/darkstalkers\\\/darkstalkers-real-elite-masterline-morrigan-1-4-scale-limited-edition-statue-with-bonus\\\/#breadcrumb\",\"itemListElement\":[{\"@type\":\"ListItem\",\"position\":1,\"name\":\"Home\",\"item\":\"https:\\\/\\\/animefigurer.se\\\/\"},{\"@type\":\"ListItem\",\"position\":2,\"name\":\"Butik\",\"item\":\"https:\\\/\\\/animefigurer.se\\\/figurer\\\/\"},{\"@type\":\"ListItem\",\"position\":3,\"name\":\"Darkstalkers Real Elite Masterline Morrigan 1\\\/4 Scale Limited Edition Statue (With Bonus)\"}]},{\"@type\":\"WebSite\",\"@id\":\"https:\\\/\\\/animefigurer.se\\\/#website\",\"url\":\"https:\\\/\\\/animefigurer.se\\\/\",\"name\":\"Animefigurer.se\",\"description\":\"Anime figurer fr\u00e5n \u00f6ver 300 olika anime serier med \u00f6ver 9000 produkter | Anime Shop\",\"publisher\":{\"@id\":\"https:\\\/\\\/animefigurer.se\\\/#organization\"},\"potentialAction\":[{\"@type\":\"SearchAction\",\"target\":{\"@type\":\"EntryPoint\",\"urlTemplate\":\"https:\\\/\\\/animefigurer.se\\\/?s={search_term_string}\"},\"query-input\":{\"@type\":\"PropertyValueSpecification\",\"valueRequired\":true,\"valueName\":\"search_term_string\"}}],\"inLanguage\":\"en-GB\"},{\"@type\":\"Organization\",\"@id\":\"https:\\\/\\\/animefigurer.se\\\/#organization\",\"name\":\"Animefigurer.se\",\"alternateName\":\"Anime figurer | Anime shop\",\"url\":\"https:\\\/\\\/animefigurer.se\\\/\",\"logo\":{\"@type\":\"ImageObject\",\"inLanguage\":\"en-GB\",\"@id\":\"https:\\\/\\\/animefigurer.se\\\/#\\\/schema\\\/logo\\\/image\\\/\",\"url\":\"https:\\\/\\\/animefigurer.se\\\/wp-content\\\/uploads\\\/2025\\\/12\\\/Animefigurer_logowhite.png\",\"contentUrl\":\"https:\\\/\\\/animefigurer.se\\\/wp-content\\\/uploads\\\/2025\\\/12\\\/Animefigurer_logowhite.png\",\"width\":1890,\"height\":1417,\"caption\":\"Animefigurer.se\"},\"image\":{\"@id\":\"https:\\\/\\\/animefigurer.se\\\/#\\\/schema\\\/logo\\\/image\\\/\"},\"sameAs\":[\"https:\\\/\\\/www.facebook.com\\\/profile.php?id=61581826539670\",\"https:\\\/\\\/www.instagram.com\\\/animefigurer.se\\\/\"],\"email\":\"info@animefigurer.se\"}]}<\/script>\n<!-- \/ Yoast SEO Premium plugin. -->","yoast_head_json":{"title":"Darkstalkers Real Elite Masterline Morrigan 1\/4 Scale Limited Edition Statue (With Bonus) | Animefigurer.se","robots":{"index":"index","follow":"follow","max-snippet":"max-snippet:-1","max-image-preview":"max-image-preview:large","max-video-preview":"max-video-preview:-1"},"canonical":"https:\/\/animefigurer.se\/en\/figurer\/darkstalkers\/darkstalkers-real-elite-masterline-morrigan-1-4-scale-limited-edition-statue-with-bonus\/","og_locale":"en_GB","og_type":"article","og_title":"Darkstalkers Real Elite Masterline Morrigan 1\/4 Scale Limited Edition Statue (With Bonus)","og_description":"Fr\u00e5n den ikoniska fightingspelsserien Darkstalkers kommer Morrigan till Real Elite Masterline-serien, f\u00e5ngad i en storslagen 1\/4-skala som hyllar Capcoms legendariska titel. Denna staty tolkar hennes animeinspirerade design med en dr\u00f6msk, fantasifull estetik. Prime 1 Studio har arbetat med vad de k","og_url":"https:\/\/animefigurer.se\/en\/figurer\/darkstalkers\/darkstalkers-real-elite-masterline-morrigan-1-4-scale-limited-edition-statue-with-bonus\/","og_site_name":"Animefigurer.se","article_publisher":"https:\/\/www.facebook.com\/profile.php?id=61581826539670","article_modified_time":"2025-12-21T18:26:24+00:00","og_image":[{"width":1890,"height":1417,"url":"https:\/\/animefigurer.se\/wp-content\/uploads\/2025\/12\/Animefigurer_logowhite.png","type":"image\/png"}],"twitter_card":"summary_large_image","twitter_misc":{"Estimated reading time":"1 minute"},"schema":{"@context":"https:\/\/schema.org","@graph":[{"@type":"WebPage","@id":"https:\/\/animefigurer.se\/en\/figurer\/darkstalkers\/darkstalkers-real-elite-masterline-morrigan-1-4-scale-limited-edition-statue-with-bonus\/","url":"https:\/\/animefigurer.se\/en\/figurer\/darkstalkers\/darkstalkers-real-elite-masterline-morrigan-1-4-scale-limited-edition-statue-with-bonus\/","name":"Darkstalkers Real Elite Masterline Morrigan 1\/4 Scale Limited Edition Statue (With Bonus) | Animefigurer.se","isPartOf":{"@id":"https:\/\/animefigurer.se\/#website"},"primaryImageOfPage":{"@id":"https:\/\/animefigurer.se\/en\/figurer\/darkstalkers\/darkstalkers-real-elite-masterline-morrigan-1-4-scale-limited-edition-statue-with-bonus\/#primaryimage"},"image":{"@id":"https:\/\/animefigurer.se\/en\/figurer\/darkstalkers\/darkstalkers-real-elite-masterline-morrigan-1-4-scale-limited-edition-statue-with-bonus\/#primaryimage"},"thumbnailUrl":"https:\/\/animefigurer.se\/wp-content\/uploads\/2025\/10\/67ffe8ce5bf30.jpeg","datePublished":"2025-10-20T15:25:56+00:00","dateModified":"2025-12-21T18:26:24+00:00","breadcrumb":{"@id":"https:\/\/animefigurer.se\/en\/figurer\/darkstalkers\/darkstalkers-real-elite-masterline-morrigan-1-4-scale-limited-edition-statue-with-bonus\/#breadcrumb"},"inLanguage":"en-GB","potentialAction":[{"@type":"ReadAction","target":["https:\/\/animefigurer.se\/en\/figurer\/darkstalkers\/darkstalkers-real-elite-masterline-morrigan-1-4-scale-limited-edition-statue-with-bonus\/"]}]},{"@type":"ImageObject","inLanguage":"en-GB","@id":"https:\/\/animefigurer.se\/en\/figurer\/darkstalkers\/darkstalkers-real-elite-masterline-morrigan-1-4-scale-limited-edition-statue-with-bonus\/#primaryimage","url":"https:\/\/animefigurer.se\/wp-content\/uploads\/2025\/10\/67ffe8ce5bf30.jpeg","contentUrl":"https:\/\/animefigurer.se\/wp-content\/uploads\/2025\/10\/67ffe8ce5bf30.jpeg","width":720,"height":540},{"@type":"BreadcrumbList","@id":"https:\/\/animefigurer.se\/en\/figurer\/darkstalkers\/darkstalkers-real-elite-masterline-morrigan-1-4-scale-limited-edition-statue-with-bonus\/#breadcrumb","itemListElement":[{"@type":"ListItem","position":1,"name":"Home","item":"https:\/\/animefigurer.se\/"},{"@type":"ListItem","position":2,"name":"Butik","item":"https:\/\/animefigurer.se\/figurer\/"},{"@type":"ListItem","position":3,"name":"Darkstalkers Real Elite Masterline Morrigan 1\/4 Scale Limited Edition Statue (With Bonus)"}]},{"@type":"WebSite","@id":"https:\/\/animefigurer.se\/#website","url":"https:\/\/animefigurer.se\/","name":"Animefigurer.se","description":"Anime figures from over 300 different anime series with over 9000 products | Anime Shop","publisher":{"@id":"https:\/\/animefigurer.se\/#organization"},"potentialAction":[{"@type":"SearchAction","target":{"@type":"EntryPoint","urlTemplate":"https:\/\/animefigurer.se\/?s={search_term_string}"},"query-input":{"@type":"PropertyValueSpecification","valueRequired":true,"valueName":"search_term_string"}}],"inLanguage":"en-GB"},{"@type":"Organization","@id":"https:\/\/animefigurer.se\/#organization","name":"Animefigurer.se","alternateName":"Anime figurer | Anime shop","url":"https:\/\/animefigurer.se\/","logo":{"@type":"ImageObject","inLanguage":"en-GB","@id":"https:\/\/animefigurer.se\/#\/schema\/logo\/image\/","url":"https:\/\/animefigurer.se\/wp-content\/uploads\/2025\/12\/Animefigurer_logowhite.png","contentUrl":"https:\/\/animefigurer.se\/wp-content\/uploads\/2025\/12\/Animefigurer_logowhite.png","width":1890,"height":1417,"caption":"Animefigurer.se"},"image":{"@id":"https:\/\/animefigurer.se\/#\/schema\/logo\/image\/"},"sameAs":["https:\/\/www.facebook.com\/profile.php?id=61581826539670","https:\/\/www.instagram.com\/animefigurer.se\/"],"email":"info@animefigurer.se"}]}},"_links":{"self":[{"href":"https:\/\/animefigurer.se\/en\/wp-json\/wp\/v2\/product\/15713","targetHints":{"allow":["GET"]}}],"collection":[{"href":"https:\/\/animefigurer.se\/en\/wp-json\/wp\/v2\/product"}],"about":[{"href":"https:\/\/animefigurer.se\/en\/wp-json\/wp\/v2\/types\/product"}],"replies":[{"embeddable":true,"href":"https:\/\/animefigurer.se\/en\/wp-json\/wp\/v2\/comments?post=15713"}],"wp:featuredmedia":[{"embeddable":true,"href":"https:\/\/animefigurer.se\/en\/wp-json\/wp\/v2\/media\/15714"}],"wp:attachment":[{"href":"https:\/\/animefigurer.se\/en\/wp-json\/wp\/v2\/media?parent=15713"}],"wp:term":[{"taxonomy":"product_brand","embeddable":true,"href":"https:\/\/animefigurer.se\/en\/wp-json\/wp\/v2\/product_brand?post=15713"},{"taxonomy":"product_cat","embeddable":true,"href":"https:\/\/animefigurer.se\/en\/wp-json\/wp\/v2\/product_cat?post=15713"},{"taxonomy":"product_tag","embeddable":true,"href":"https:\/\/animefigurer.se\/en\/wp-json\/wp\/v2\/product_tag?post=15713"},{"taxonomy":"giftcard-category","embeddable":true,"href":"https:\/\/animefigurer.se\/en\/wp-json\/wp\/v2\/giftcard-category?post=15713"}],"curies":[{"name":"wp","href":"https:\/\/api.w.org\/{rel}","templated":true}]}}