{"id":15692,"date":"2025-10-20T17:24:48","date_gmt":"2025-10-20T15:24:48","guid":{"rendered":"https:\/\/animefigurer.se\/produkt\/darkstalkers-real-elite-masterline-morrigan-1-4-scale-statue\/"},"modified":"2025-12-21T19:26:24","modified_gmt":"2025-12-21T18:26:24","slug":"darkstalkers-real-elite-masterline-morrigan-1-4-scale-statue","status":"publish","type":"product","link":"https:\/\/animefigurer.se\/en\/figurer\/darkstalkers\/darkstalkers-real-elite-masterline-morrigan-1-4-scale-statue\/","title":{"rendered":"Darkstalkers Real Elite Masterline Morrigan 1\/4 Scale Statue"},"content":{"rendered":"<p>From Capcom&#039;s iconic Darkstalkers, Morrigan comes to Prime 1 Studio&#039;s Real Elite Masterline in a striking interpretation. This 1\/4 scale statue reimagines her anime-inspired look with a distinctive style and high level of detail.<\/p>\n<p>Prime 1 Studio has worked to capture what they call \u201ddemonic realism\u201d \u2014 a blend of realistic expressions and stylized features that highlight Morrigan\u2019s otherworldly allure. Her crossed legs and elegant stance showcase both the finesse of Aensland blood and a wild, fearless nature.<\/p>\n<p>The jade luster of her eyes and narrow, vertical pupils hint at her nocturnal origins, while the pearly shimmer of her wing membranes gives an eerie glow. Her skin is porcelain-like, and textures in the leather and sleeves have been painted to emphasize the feel of the material. Every detail reflects advanced sculpting and painting.<\/p>\n<p>The base has a special Gothic expression with a coiled snake raising its head and petrified creatures fused into a throne \u2014 an image of the Morrigan&#039;s power and seduction. Blood that seems to flow in the stone symbolizes an eternal mixture of pleasure and pain.<\/p>\n<p>Feel free to display her alongside the upcoming Lilith release for a complete presentation of these two iconic figures.<\/p>","protected":false},"excerpt":{"rendered":"<p>From Capcom&#039;s iconic Darkstalkers, Morrigan comes to Prime 1 Studio&#039;s Real Elite Masterline in a striking interpretation. This 1\/4 scale statue reimagines her anime-inspired look with a distinctive style and high level of detail.<\/p>\n<p>Prime 1 Studio has worked to capture what they call \u201ddemonic realism\u201d<\/p>","protected":false},"featured_media":15693,"comment_status":"closed","ping_status":"open","template":"","meta":{"_acf_changed":false,"_monsterinsights_skip_tracking":false,"_monsterinsights_sitenote_active":false,"_monsterinsights_sitenote_note":"","_monsterinsights_sitenote_category":0},"product_brand":[7111],"product_cat":[1488,7233],"product_tag":[26],"giftcard-category":[],"class_list":{"0":"post-15692","1":"product","2":"type-product","3":"status-publish","4":"has-post-thumbnail","6":"product_brand-prime-1-studio","7":"product_cat-darkstalkers","8":"product_cat-pre-order","9":"product_tag-pre-order","10":"pa_franchise-darkstalkers","11":"pa_karaktar-morrigan","12":"pa_material-polystone-and-other-materials","13":"pa_skala-54","14":"pa_storlek-55-cm","16":"first","17":"instock","18":"taxable","19":"shipping-taxable","20":"purchasable","21":"product-type-simple"},"acf":[],"yoast_head":"<!-- This site is optimized with the Yoast SEO Premium plugin v24.6 (Yoast SEO v27.3) - https:\/\/yoast.com\/product\/yoast-seo-premium-wordpress\/ -->\n<title>Darkstalkers Real Elite Masterline Morrigan 1\/4 Scale Statue | Animefigurer.se<\/title>\n<meta name=\"robots\" content=\"index, follow, max-snippet:-1, max-image-preview:large, max-video-preview:-1\" \/>\n<link rel=\"canonical\" href=\"https:\/\/animefigurer.se\/en\/figurer\/darkstalkers\/darkstalkers-real-elite-masterline-morrigan-1-4-scale-statue\/\" \/>\n<meta property=\"og:locale\" content=\"en_GB\" \/>\n<meta property=\"og:type\" content=\"article\" \/>\n<meta property=\"og:title\" content=\"Darkstalkers Real Elite Masterline Morrigan 1\/4 Scale Statue\" \/>\n<meta property=\"og:description\" content=\"Fr\u00e5n Capcoms ikoniska Darkstalkers kommer Morrigan till Prime 1 Studios Real Elite Masterline i en sl\u00e5ende tolkning. Denna 1\/4-skala staty omformar hennes animeinspirerade utseende med en distinkt stil och h\u00f6g detaljrikedom. Prime 1 Studio har arbetat f\u00f6r att f\u00e5nga vad de ben\u00e4mner &quot;demonisk realism\" \/>\n<meta property=\"og:url\" content=\"https:\/\/animefigurer.se\/en\/figurer\/darkstalkers\/darkstalkers-real-elite-masterline-morrigan-1-4-scale-statue\/\" \/>\n<meta property=\"og:site_name\" content=\"Animefigurer.se\" \/>\n<meta property=\"article:publisher\" content=\"https:\/\/www.facebook.com\/profile.php?id=61581826539670\" \/>\n<meta property=\"article:modified_time\" content=\"2025-12-21T18:26:24+00:00\" \/>\n<meta property=\"og:image\" content=\"https:\/\/animefigurer.se\/wp-content\/uploads\/2025\/12\/Animefigurer_logowhite.png\" \/>\n\t<meta property=\"og:image:width\" content=\"1890\" \/>\n\t<meta property=\"og:image:height\" content=\"1417\" \/>\n\t<meta property=\"og:image:type\" content=\"image\/png\" \/>\n<meta name=\"twitter:card\" content=\"summary_large_image\" \/>\n<meta name=\"twitter:label1\" content=\"Estimated reading time\" \/>\n\t<meta name=\"twitter:data1\" content=\"1 minute\" \/>\n<script type=\"application\/ld+json\" class=\"yoast-schema-graph\">{\"@context\":\"https:\\\/\\\/schema.org\",\"@graph\":[{\"@type\":\"WebPage\",\"@id\":\"https:\\\/\\\/animefigurer.se\\\/en\\\/figurer\\\/darkstalkers\\\/darkstalkers-real-elite-masterline-morrigan-1-4-scale-statue\\\/\",\"url\":\"https:\\\/\\\/animefigurer.se\\\/en\\\/figurer\\\/darkstalkers\\\/darkstalkers-real-elite-masterline-morrigan-1-4-scale-statue\\\/\",\"name\":\"Darkstalkers Real Elite Masterline Morrigan 1\\\/4 Scale Statue | Animefigurer.se\",\"isPartOf\":{\"@id\":\"https:\\\/\\\/animefigurer.se\\\/#website\"},\"primaryImageOfPage\":{\"@id\":\"https:\\\/\\\/animefigurer.se\\\/en\\\/figurer\\\/darkstalkers\\\/darkstalkers-real-elite-masterline-morrigan-1-4-scale-statue\\\/#primaryimage\"},\"image\":{\"@id\":\"https:\\\/\\\/animefigurer.se\\\/en\\\/figurer\\\/darkstalkers\\\/darkstalkers-real-elite-masterline-morrigan-1-4-scale-statue\\\/#primaryimage\"},\"thumbnailUrl\":\"https:\\\/\\\/animefigurer.se\\\/wp-content\\\/uploads\\\/2025\\\/10\\\/67ffe80616dac.jpeg\",\"datePublished\":\"2025-10-20T15:24:48+00:00\",\"dateModified\":\"2025-12-21T18:26:24+00:00\",\"breadcrumb\":{\"@id\":\"https:\\\/\\\/animefigurer.se\\\/en\\\/figurer\\\/darkstalkers\\\/darkstalkers-real-elite-masterline-morrigan-1-4-scale-statue\\\/#breadcrumb\"},\"inLanguage\":\"en-GB\",\"potentialAction\":[{\"@type\":\"ReadAction\",\"target\":[\"https:\\\/\\\/animefigurer.se\\\/en\\\/figurer\\\/darkstalkers\\\/darkstalkers-real-elite-masterline-morrigan-1-4-scale-statue\\\/\"]}]},{\"@type\":\"ImageObject\",\"inLanguage\":\"en-GB\",\"@id\":\"https:\\\/\\\/animefigurer.se\\\/en\\\/figurer\\\/darkstalkers\\\/darkstalkers-real-elite-masterline-morrigan-1-4-scale-statue\\\/#primaryimage\",\"url\":\"https:\\\/\\\/animefigurer.se\\\/wp-content\\\/uploads\\\/2025\\\/10\\\/67ffe80616dac.jpeg\",\"contentUrl\":\"https:\\\/\\\/animefigurer.se\\\/wp-content\\\/uploads\\\/2025\\\/10\\\/67ffe80616dac.jpeg\",\"width\":720,\"height\":540},{\"@type\":\"BreadcrumbList\",\"@id\":\"https:\\\/\\\/animefigurer.se\\\/en\\\/figurer\\\/darkstalkers\\\/darkstalkers-real-elite-masterline-morrigan-1-4-scale-statue\\\/#breadcrumb\",\"itemListElement\":[{\"@type\":\"ListItem\",\"position\":1,\"name\":\"Home\",\"item\":\"https:\\\/\\\/animefigurer.se\\\/\"},{\"@type\":\"ListItem\",\"position\":2,\"name\":\"Butik\",\"item\":\"https:\\\/\\\/animefigurer.se\\\/figurer\\\/\"},{\"@type\":\"ListItem\",\"position\":3,\"name\":\"Darkstalkers Real Elite Masterline Morrigan 1\\\/4 Scale Statue\"}]},{\"@type\":\"WebSite\",\"@id\":\"https:\\\/\\\/animefigurer.se\\\/#website\",\"url\":\"https:\\\/\\\/animefigurer.se\\\/\",\"name\":\"Animefigurer.se\",\"description\":\"Anime figurer fr\u00e5n \u00f6ver 300 olika anime serier med \u00f6ver 9000 produkter | Anime Shop\",\"publisher\":{\"@id\":\"https:\\\/\\\/animefigurer.se\\\/#organization\"},\"potentialAction\":[{\"@type\":\"SearchAction\",\"target\":{\"@type\":\"EntryPoint\",\"urlTemplate\":\"https:\\\/\\\/animefigurer.se\\\/?s={search_term_string}\"},\"query-input\":{\"@type\":\"PropertyValueSpecification\",\"valueRequired\":true,\"valueName\":\"search_term_string\"}}],\"inLanguage\":\"en-GB\"},{\"@type\":\"Organization\",\"@id\":\"https:\\\/\\\/animefigurer.se\\\/#organization\",\"name\":\"Animefigurer.se\",\"alternateName\":\"Anime figurer | Anime shop\",\"url\":\"https:\\\/\\\/animefigurer.se\\\/\",\"logo\":{\"@type\":\"ImageObject\",\"inLanguage\":\"en-GB\",\"@id\":\"https:\\\/\\\/animefigurer.se\\\/#\\\/schema\\\/logo\\\/image\\\/\",\"url\":\"https:\\\/\\\/animefigurer.se\\\/wp-content\\\/uploads\\\/2025\\\/12\\\/Animefigurer_logowhite.png\",\"contentUrl\":\"https:\\\/\\\/animefigurer.se\\\/wp-content\\\/uploads\\\/2025\\\/12\\\/Animefigurer_logowhite.png\",\"width\":1890,\"height\":1417,\"caption\":\"Animefigurer.se\"},\"image\":{\"@id\":\"https:\\\/\\\/animefigurer.se\\\/#\\\/schema\\\/logo\\\/image\\\/\"},\"sameAs\":[\"https:\\\/\\\/www.facebook.com\\\/profile.php?id=61581826539670\",\"https:\\\/\\\/www.instagram.com\\\/animefigurer.se\\\/\"],\"email\":\"info@animefigurer.se\"}]}<\/script>\n<!-- \/ Yoast SEO Premium plugin. -->","yoast_head_json":{"title":"Darkstalkers Real Elite Masterline Morrigan 1\/4 Scale Statue | Animefigurer.se","robots":{"index":"index","follow":"follow","max-snippet":"max-snippet:-1","max-image-preview":"max-image-preview:large","max-video-preview":"max-video-preview:-1"},"canonical":"https:\/\/animefigurer.se\/en\/figurer\/darkstalkers\/darkstalkers-real-elite-masterline-morrigan-1-4-scale-statue\/","og_locale":"en_GB","og_type":"article","og_title":"Darkstalkers Real Elite Masterline Morrigan 1\/4 Scale Statue","og_description":"Fr\u00e5n Capcoms ikoniska Darkstalkers kommer Morrigan till Prime 1 Studios Real Elite Masterline i en sl\u00e5ende tolkning. Denna 1\/4-skala staty omformar hennes animeinspirerade utseende med en distinkt stil och h\u00f6g detaljrikedom. Prime 1 Studio har arbetat f\u00f6r att f\u00e5nga vad de ben\u00e4mner \"demonisk realism","og_url":"https:\/\/animefigurer.se\/en\/figurer\/darkstalkers\/darkstalkers-real-elite-masterline-morrigan-1-4-scale-statue\/","og_site_name":"Animefigurer.se","article_publisher":"https:\/\/www.facebook.com\/profile.php?id=61581826539670","article_modified_time":"2025-12-21T18:26:24+00:00","og_image":[{"width":1890,"height":1417,"url":"https:\/\/animefigurer.se\/wp-content\/uploads\/2025\/12\/Animefigurer_logowhite.png","type":"image\/png"}],"twitter_card":"summary_large_image","twitter_misc":{"Estimated reading time":"1 minute"},"schema":{"@context":"https:\/\/schema.org","@graph":[{"@type":"WebPage","@id":"https:\/\/animefigurer.se\/en\/figurer\/darkstalkers\/darkstalkers-real-elite-masterline-morrigan-1-4-scale-statue\/","url":"https:\/\/animefigurer.se\/en\/figurer\/darkstalkers\/darkstalkers-real-elite-masterline-morrigan-1-4-scale-statue\/","name":"Darkstalkers Real Elite Masterline Morrigan 1\/4 Scale Statue | Animefigurer.se","isPartOf":{"@id":"https:\/\/animefigurer.se\/#website"},"primaryImageOfPage":{"@id":"https:\/\/animefigurer.se\/en\/figurer\/darkstalkers\/darkstalkers-real-elite-masterline-morrigan-1-4-scale-statue\/#primaryimage"},"image":{"@id":"https:\/\/animefigurer.se\/en\/figurer\/darkstalkers\/darkstalkers-real-elite-masterline-morrigan-1-4-scale-statue\/#primaryimage"},"thumbnailUrl":"https:\/\/animefigurer.se\/wp-content\/uploads\/2025\/10\/67ffe80616dac.jpeg","datePublished":"2025-10-20T15:24:48+00:00","dateModified":"2025-12-21T18:26:24+00:00","breadcrumb":{"@id":"https:\/\/animefigurer.se\/en\/figurer\/darkstalkers\/darkstalkers-real-elite-masterline-morrigan-1-4-scale-statue\/#breadcrumb"},"inLanguage":"en-GB","potentialAction":[{"@type":"ReadAction","target":["https:\/\/animefigurer.se\/en\/figurer\/darkstalkers\/darkstalkers-real-elite-masterline-morrigan-1-4-scale-statue\/"]}]},{"@type":"ImageObject","inLanguage":"en-GB","@id":"https:\/\/animefigurer.se\/en\/figurer\/darkstalkers\/darkstalkers-real-elite-masterline-morrigan-1-4-scale-statue\/#primaryimage","url":"https:\/\/animefigurer.se\/wp-content\/uploads\/2025\/10\/67ffe80616dac.jpeg","contentUrl":"https:\/\/animefigurer.se\/wp-content\/uploads\/2025\/10\/67ffe80616dac.jpeg","width":720,"height":540},{"@type":"BreadcrumbList","@id":"https:\/\/animefigurer.se\/en\/figurer\/darkstalkers\/darkstalkers-real-elite-masterline-morrigan-1-4-scale-statue\/#breadcrumb","itemListElement":[{"@type":"ListItem","position":1,"name":"Home","item":"https:\/\/animefigurer.se\/"},{"@type":"ListItem","position":2,"name":"Butik","item":"https:\/\/animefigurer.se\/figurer\/"},{"@type":"ListItem","position":3,"name":"Darkstalkers Real Elite Masterline Morrigan 1\/4 Scale Statue"}]},{"@type":"WebSite","@id":"https:\/\/animefigurer.se\/#website","url":"https:\/\/animefigurer.se\/","name":"Animefigurer.se","description":"Anime figures from over 300 different anime series with over 9000 products | Anime Shop","publisher":{"@id":"https:\/\/animefigurer.se\/#organization"},"potentialAction":[{"@type":"SearchAction","target":{"@type":"EntryPoint","urlTemplate":"https:\/\/animefigurer.se\/?s={search_term_string}"},"query-input":{"@type":"PropertyValueSpecification","valueRequired":true,"valueName":"search_term_string"}}],"inLanguage":"en-GB"},{"@type":"Organization","@id":"https:\/\/animefigurer.se\/#organization","name":"Animefigurer.se","alternateName":"Anime figurer | Anime shop","url":"https:\/\/animefigurer.se\/","logo":{"@type":"ImageObject","inLanguage":"en-GB","@id":"https:\/\/animefigurer.se\/#\/schema\/logo\/image\/","url":"https:\/\/animefigurer.se\/wp-content\/uploads\/2025\/12\/Animefigurer_logowhite.png","contentUrl":"https:\/\/animefigurer.se\/wp-content\/uploads\/2025\/12\/Animefigurer_logowhite.png","width":1890,"height":1417,"caption":"Animefigurer.se"},"image":{"@id":"https:\/\/animefigurer.se\/#\/schema\/logo\/image\/"},"sameAs":["https:\/\/www.facebook.com\/profile.php?id=61581826539670","https:\/\/www.instagram.com\/animefigurer.se\/"],"email":"info@animefigurer.se"}]}},"_links":{"self":[{"href":"https:\/\/animefigurer.se\/en\/wp-json\/wp\/v2\/product\/15692","targetHints":{"allow":["GET"]}}],"collection":[{"href":"https:\/\/animefigurer.se\/en\/wp-json\/wp\/v2\/product"}],"about":[{"href":"https:\/\/animefigurer.se\/en\/wp-json\/wp\/v2\/types\/product"}],"replies":[{"embeddable":true,"href":"https:\/\/animefigurer.se\/en\/wp-json\/wp\/v2\/comments?post=15692"}],"wp:featuredmedia":[{"embeddable":true,"href":"https:\/\/animefigurer.se\/en\/wp-json\/wp\/v2\/media\/15693"}],"wp:attachment":[{"href":"https:\/\/animefigurer.se\/en\/wp-json\/wp\/v2\/media?parent=15692"}],"wp:term":[{"taxonomy":"product_brand","embeddable":true,"href":"https:\/\/animefigurer.se\/en\/wp-json\/wp\/v2\/product_brand?post=15692"},{"taxonomy":"product_cat","embeddable":true,"href":"https:\/\/animefigurer.se\/en\/wp-json\/wp\/v2\/product_cat?post=15692"},{"taxonomy":"product_tag","embeddable":true,"href":"https:\/\/animefigurer.se\/en\/wp-json\/wp\/v2\/product_tag?post=15692"},{"taxonomy":"giftcard-category","embeddable":true,"href":"https:\/\/animefigurer.se\/en\/wp-json\/wp\/v2\/giftcard-category?post=15692"}],"curies":[{"name":"wp","href":"https:\/\/api.w.org\/{rel}","templated":true}]}}