{"id":14081,"date":"2025-10-20T17:18:40","date_gmt":"2025-10-20T15:18:40","guid":{"rendered":"https:\/\/animefigurer.se\/produkt\/cyberpunk-edgerunners-real-elite-masterline-lucy-deluxe-ver-1-4-scale-limited-edition-statue-with-bonus\/"},"modified":"2025-12-21T19:26:09","modified_gmt":"2025-12-21T18:26:09","slug":"cyberpunk-edgerunners-real-elite-masterline-lucy-deluxe-ver-1-4-scale-limited-edition-statue-with-bonus","status":"publish","type":"product","link":"https:\/\/animefigurer.se\/en\/figurer\/cyberpunk-2077\/cyberpunk-edgerunners-real-elite-masterline-lucy-deluxe-ver-1-4-scale-limited-edition-statue-with-bonus\/","title":{"rendered":"Cyberpunk: Edgerunners Real Elite Masterline Lucy (Deluxe Ver.) 1\/4 Scale Limited Edition Statue (With Bonus)"},"content":{"rendered":"<p>Lucy is resurrected in Real Elite Masterline Deluxe \u2014 now as a Limited Edition with bonuses!<\/p>\n<p>This 1\/4 scale statue captures Lucy&#039;s presence in a highly detailed CG-inspired interpretation. Facial features, asymmetrical hair colors, and textures are meticulously sculpted and painted, while the base is inspired by the Afterlife bar&#039;s atmosphere with neon lights (LED and reflective paint), weathered stickers, and colorful cocktails.<\/p>\n<p>The Deluxe version includes extra display pieces \u2014 like a cigarette wink or a battle-ready expression \u2014 as well as a head stand and more stage-building accessories. This Limited Edition also includes the Wyvern in flight mode as a sturdy bonus item, perfect for adding extra dynamics to your scene.<\/p>\n<p>Complete your collection with this exclusive Lucy. David and Rebecca are scheduled to be released later so you can build your crew.<\/p>","protected":false},"excerpt":{"rendered":"<p>Lucy is resurrected in Real Elite Masterline Deluxe \u2014 now as a Limited Edition with bonuses!<\/p>\n<p>This 1\/4 scale statue captures Lucy&#039;s presence in a highly detailed CG-inspired interpretation. Facial features, asymmetrical hair colors, and textures are meticulously sculpted and painted, while the base is inspired by the Afterlife base.<\/p>","protected":false},"featured_media":14082,"comment_status":"closed","ping_status":"open","template":"","meta":{"_acf_changed":false,"_monsterinsights_skip_tracking":false,"_monsterinsights_sitenote_active":false,"_monsterinsights_sitenote_note":"","_monsterinsights_sitenote_category":0},"product_brand":[7111],"product_cat":[1378,7233],"product_tag":[26],"giftcard-category":[],"class_list":{"0":"post-14081","1":"product","2":"type-product","3":"status-publish","4":"has-post-thumbnail","6":"product_brand-prime-1-studio","7":"product_cat-cyberpunk-2077","8":"product_cat-pre-order","9":"product_tag-pre-order","10":"pa_franchise-cyberpunk-edgerunners","11":"pa_karaktar-lucy","12":"pa_material-polystone-and-other-materials","13":"pa_skala-54","14":"pa_storlek-50-cm","16":"first","17":"instock","18":"taxable","19":"shipping-taxable","20":"purchasable","21":"product-type-simple"},"acf":[],"yoast_head":"<!-- This site is optimized with the Yoast SEO Premium plugin v24.6 (Yoast SEO v27.4) - https:\/\/yoast.com\/product\/yoast-seo-premium-wordpress\/ -->\n<title>Cyberpunk: Edgerunners Real Elite Masterline Lucy (Deluxe Ver.) 1\/4 Scale Limited Edition Statue (With Bonus) | Animefigurer.se<\/title>\n<meta name=\"robots\" content=\"index, follow, max-snippet:-1, max-image-preview:large, max-video-preview:-1\" \/>\n<link rel=\"canonical\" href=\"https:\/\/animefigurer.se\/en\/figurer\/cyberpunk-2077\/cyberpunk-edgerunners-real-elite-masterline-lucy-deluxe-ver-1-4-scale-limited-edition-statue-with-bonus\/\" \/>\n<meta property=\"og:locale\" content=\"en_GB\" \/>\n<meta property=\"og:type\" content=\"article\" \/>\n<meta property=\"og:title\" content=\"Cyberpunk: Edgerunners Real Elite Masterline Lucy (Deluxe Ver.) 1\/4 Scale Limited Edition Statue (With Bonus)\" \/>\n<meta property=\"og:description\" content=\"Lucy \u00e5teruppst\u00e5r i Real Elite Masterline Deluxe \u2014 nu som Limited Edition med bonus! Den h\u00e4r 1\/4-skala-statyn f\u00e5ngar Lucys n\u00e4rvaro i en h\u00f6gdetaljerad CG-inspirerad tolkning. Ansiktsdrag, asymmetriska h\u00e5rf\u00e4rger och texturer \u00e4r noggrant skulpterade och m\u00e5lade, medan basen \u00e4r inspirerad av Afterlife-ba\" \/>\n<meta property=\"og:url\" content=\"https:\/\/animefigurer.se\/en\/figurer\/cyberpunk-2077\/cyberpunk-edgerunners-real-elite-masterline-lucy-deluxe-ver-1-4-scale-limited-edition-statue-with-bonus\/\" \/>\n<meta property=\"og:site_name\" content=\"Animefigurer.se\" \/>\n<meta property=\"article:publisher\" content=\"https:\/\/www.facebook.com\/profile.php?id=61581826539670\" \/>\n<meta property=\"article:modified_time\" content=\"2025-12-21T18:26:09+00:00\" \/>\n<meta property=\"og:image\" content=\"https:\/\/animefigurer.se\/wp-content\/uploads\/2025\/12\/Animefigurer_logowhite.png\" \/>\n\t<meta property=\"og:image:width\" content=\"1890\" \/>\n\t<meta property=\"og:image:height\" content=\"1417\" \/>\n\t<meta property=\"og:image:type\" content=\"image\/png\" \/>\n<meta name=\"twitter:card\" content=\"summary_large_image\" \/>\n<meta name=\"twitter:label1\" content=\"Estimated reading time\" \/>\n\t<meta name=\"twitter:data1\" content=\"1 minute\" \/>\n<script type=\"application\/ld+json\" class=\"yoast-schema-graph\">{\"@context\":\"https:\\\/\\\/schema.org\",\"@graph\":[{\"@type\":\"WebPage\",\"@id\":\"https:\\\/\\\/animefigurer.se\\\/en\\\/figurer\\\/cyberpunk-2077\\\/cyberpunk-edgerunners-real-elite-masterline-lucy-deluxe-ver-1-4-scale-limited-edition-statue-with-bonus\\\/\",\"url\":\"https:\\\/\\\/animefigurer.se\\\/en\\\/figurer\\\/cyberpunk-2077\\\/cyberpunk-edgerunners-real-elite-masterline-lucy-deluxe-ver-1-4-scale-limited-edition-statue-with-bonus\\\/\",\"name\":\"Cyberpunk: Edgerunners Real Elite Masterline Lucy (Deluxe Ver.) 1\\\/4 Scale Limited Edition Statue (With Bonus) | Animefigurer.se\",\"isPartOf\":{\"@id\":\"https:\\\/\\\/animefigurer.se\\\/#website\"},\"primaryImageOfPage\":{\"@id\":\"https:\\\/\\\/animefigurer.se\\\/en\\\/figurer\\\/cyberpunk-2077\\\/cyberpunk-edgerunners-real-elite-masterline-lucy-deluxe-ver-1-4-scale-limited-edition-statue-with-bonus\\\/#primaryimage\"},\"image\":{\"@id\":\"https:\\\/\\\/animefigurer.se\\\/en\\\/figurer\\\/cyberpunk-2077\\\/cyberpunk-edgerunners-real-elite-masterline-lucy-deluxe-ver-1-4-scale-limited-edition-statue-with-bonus\\\/#primaryimage\"},\"thumbnailUrl\":\"https:\\\/\\\/animefigurer.se\\\/wp-content\\\/uploads\\\/2025\\\/10\\\/67f3f30370d11.jpeg\",\"datePublished\":\"2025-10-20T15:18:40+00:00\",\"dateModified\":\"2025-12-21T18:26:09+00:00\",\"breadcrumb\":{\"@id\":\"https:\\\/\\\/animefigurer.se\\\/en\\\/figurer\\\/cyberpunk-2077\\\/cyberpunk-edgerunners-real-elite-masterline-lucy-deluxe-ver-1-4-scale-limited-edition-statue-with-bonus\\\/#breadcrumb\"},\"inLanguage\":\"en-GB\",\"potentialAction\":[{\"@type\":\"ReadAction\",\"target\":[\"https:\\\/\\\/animefigurer.se\\\/en\\\/figurer\\\/cyberpunk-2077\\\/cyberpunk-edgerunners-real-elite-masterline-lucy-deluxe-ver-1-4-scale-limited-edition-statue-with-bonus\\\/\"]}]},{\"@type\":\"ImageObject\",\"inLanguage\":\"en-GB\",\"@id\":\"https:\\\/\\\/animefigurer.se\\\/en\\\/figurer\\\/cyberpunk-2077\\\/cyberpunk-edgerunners-real-elite-masterline-lucy-deluxe-ver-1-4-scale-limited-edition-statue-with-bonus\\\/#primaryimage\",\"url\":\"https:\\\/\\\/animefigurer.se\\\/wp-content\\\/uploads\\\/2025\\\/10\\\/67f3f30370d11.jpeg\",\"contentUrl\":\"https:\\\/\\\/animefigurer.se\\\/wp-content\\\/uploads\\\/2025\\\/10\\\/67f3f30370d11.jpeg\",\"width\":720,\"height\":540},{\"@type\":\"BreadcrumbList\",\"@id\":\"https:\\\/\\\/animefigurer.se\\\/en\\\/figurer\\\/cyberpunk-2077\\\/cyberpunk-edgerunners-real-elite-masterline-lucy-deluxe-ver-1-4-scale-limited-edition-statue-with-bonus\\\/#breadcrumb\",\"itemListElement\":[{\"@type\":\"ListItem\",\"position\":1,\"name\":\"Home\",\"item\":\"https:\\\/\\\/animefigurer.se\\\/\"},{\"@type\":\"ListItem\",\"position\":2,\"name\":\"Butik\",\"item\":\"https:\\\/\\\/animefigurer.se\\\/figurer\\\/\"},{\"@type\":\"ListItem\",\"position\":3,\"name\":\"Cyberpunk: Edgerunners Real Elite Masterline Lucy (Deluxe Ver.) 1\\\/4 Scale Limited Edition Statue (With Bonus)\"}]},{\"@type\":\"WebSite\",\"@id\":\"https:\\\/\\\/animefigurer.se\\\/#website\",\"url\":\"https:\\\/\\\/animefigurer.se\\\/\",\"name\":\"Animefigurer.se\",\"description\":\"Anime figurer fr\u00e5n \u00f6ver 300 olika anime serier med \u00f6ver 9000 produkter | Anime Shop\",\"publisher\":{\"@id\":\"https:\\\/\\\/animefigurer.se\\\/#organization\"},\"potentialAction\":[{\"@type\":\"SearchAction\",\"target\":{\"@type\":\"EntryPoint\",\"urlTemplate\":\"https:\\\/\\\/animefigurer.se\\\/?s={search_term_string}\"},\"query-input\":{\"@type\":\"PropertyValueSpecification\",\"valueRequired\":true,\"valueName\":\"search_term_string\"}}],\"inLanguage\":\"en-GB\"},{\"@type\":\"Organization\",\"@id\":\"https:\\\/\\\/animefigurer.se\\\/#organization\",\"name\":\"Animefigurer.se\",\"alternateName\":\"Anime figurer | Anime shop\",\"url\":\"https:\\\/\\\/animefigurer.se\\\/\",\"logo\":{\"@type\":\"ImageObject\",\"inLanguage\":\"en-GB\",\"@id\":\"https:\\\/\\\/animefigurer.se\\\/#\\\/schema\\\/logo\\\/image\\\/\",\"url\":\"https:\\\/\\\/animefigurer.se\\\/wp-content\\\/uploads\\\/2025\\\/12\\\/Animefigurer_logowhite.png\",\"contentUrl\":\"https:\\\/\\\/animefigurer.se\\\/wp-content\\\/uploads\\\/2025\\\/12\\\/Animefigurer_logowhite.png\",\"width\":1890,\"height\":1417,\"caption\":\"Animefigurer.se\"},\"image\":{\"@id\":\"https:\\\/\\\/animefigurer.se\\\/#\\\/schema\\\/logo\\\/image\\\/\"},\"sameAs\":[\"https:\\\/\\\/www.facebook.com\\\/profile.php?id=61581826539670\",\"https:\\\/\\\/www.instagram.com\\\/animefigurer.se\\\/\"],\"email\":\"info@animefigurer.se\"}]}<\/script>\n<!-- \/ Yoast SEO Premium plugin. -->","yoast_head_json":{"title":"Cyberpunk: Edgerunners Real Elite Masterline Lucy (Deluxe Ver.) 1\/4 Scale Limited Edition Statue (With Bonus) | Animefigurer.se","robots":{"index":"index","follow":"follow","max-snippet":"max-snippet:-1","max-image-preview":"max-image-preview:large","max-video-preview":"max-video-preview:-1"},"canonical":"https:\/\/animefigurer.se\/en\/figurer\/cyberpunk-2077\/cyberpunk-edgerunners-real-elite-masterline-lucy-deluxe-ver-1-4-scale-limited-edition-statue-with-bonus\/","og_locale":"en_GB","og_type":"article","og_title":"Cyberpunk: Edgerunners Real Elite Masterline Lucy (Deluxe Ver.) 1\/4 Scale Limited Edition Statue (With Bonus)","og_description":"Lucy \u00e5teruppst\u00e5r i Real Elite Masterline Deluxe \u2014 nu som Limited Edition med bonus! Den h\u00e4r 1\/4-skala-statyn f\u00e5ngar Lucys n\u00e4rvaro i en h\u00f6gdetaljerad CG-inspirerad tolkning. Ansiktsdrag, asymmetriska h\u00e5rf\u00e4rger och texturer \u00e4r noggrant skulpterade och m\u00e5lade, medan basen \u00e4r inspirerad av Afterlife-ba","og_url":"https:\/\/animefigurer.se\/en\/figurer\/cyberpunk-2077\/cyberpunk-edgerunners-real-elite-masterline-lucy-deluxe-ver-1-4-scale-limited-edition-statue-with-bonus\/","og_site_name":"Animefigurer.se","article_publisher":"https:\/\/www.facebook.com\/profile.php?id=61581826539670","article_modified_time":"2025-12-21T18:26:09+00:00","og_image":[{"width":1890,"height":1417,"url":"https:\/\/animefigurer.se\/wp-content\/uploads\/2025\/12\/Animefigurer_logowhite.png","type":"image\/png"}],"twitter_card":"summary_large_image","twitter_misc":{"Estimated reading time":"1 minute"},"schema":{"@context":"https:\/\/schema.org","@graph":[{"@type":"WebPage","@id":"https:\/\/animefigurer.se\/en\/figurer\/cyberpunk-2077\/cyberpunk-edgerunners-real-elite-masterline-lucy-deluxe-ver-1-4-scale-limited-edition-statue-with-bonus\/","url":"https:\/\/animefigurer.se\/en\/figurer\/cyberpunk-2077\/cyberpunk-edgerunners-real-elite-masterline-lucy-deluxe-ver-1-4-scale-limited-edition-statue-with-bonus\/","name":"Cyberpunk: Edgerunners Real Elite Masterline Lucy (Deluxe Ver.) 1\/4 Scale Limited Edition Statue (With Bonus) | Animefigurer.se","isPartOf":{"@id":"https:\/\/animefigurer.se\/#website"},"primaryImageOfPage":{"@id":"https:\/\/animefigurer.se\/en\/figurer\/cyberpunk-2077\/cyberpunk-edgerunners-real-elite-masterline-lucy-deluxe-ver-1-4-scale-limited-edition-statue-with-bonus\/#primaryimage"},"image":{"@id":"https:\/\/animefigurer.se\/en\/figurer\/cyberpunk-2077\/cyberpunk-edgerunners-real-elite-masterline-lucy-deluxe-ver-1-4-scale-limited-edition-statue-with-bonus\/#primaryimage"},"thumbnailUrl":"https:\/\/animefigurer.se\/wp-content\/uploads\/2025\/10\/67f3f30370d11.jpeg","datePublished":"2025-10-20T15:18:40+00:00","dateModified":"2025-12-21T18:26:09+00:00","breadcrumb":{"@id":"https:\/\/animefigurer.se\/en\/figurer\/cyberpunk-2077\/cyberpunk-edgerunners-real-elite-masterline-lucy-deluxe-ver-1-4-scale-limited-edition-statue-with-bonus\/#breadcrumb"},"inLanguage":"en-GB","potentialAction":[{"@type":"ReadAction","target":["https:\/\/animefigurer.se\/en\/figurer\/cyberpunk-2077\/cyberpunk-edgerunners-real-elite-masterline-lucy-deluxe-ver-1-4-scale-limited-edition-statue-with-bonus\/"]}]},{"@type":"ImageObject","inLanguage":"en-GB","@id":"https:\/\/animefigurer.se\/en\/figurer\/cyberpunk-2077\/cyberpunk-edgerunners-real-elite-masterline-lucy-deluxe-ver-1-4-scale-limited-edition-statue-with-bonus\/#primaryimage","url":"https:\/\/animefigurer.se\/wp-content\/uploads\/2025\/10\/67f3f30370d11.jpeg","contentUrl":"https:\/\/animefigurer.se\/wp-content\/uploads\/2025\/10\/67f3f30370d11.jpeg","width":720,"height":540},{"@type":"BreadcrumbList","@id":"https:\/\/animefigurer.se\/en\/figurer\/cyberpunk-2077\/cyberpunk-edgerunners-real-elite-masterline-lucy-deluxe-ver-1-4-scale-limited-edition-statue-with-bonus\/#breadcrumb","itemListElement":[{"@type":"ListItem","position":1,"name":"Home","item":"https:\/\/animefigurer.se\/"},{"@type":"ListItem","position":2,"name":"Butik","item":"https:\/\/animefigurer.se\/figurer\/"},{"@type":"ListItem","position":3,"name":"Cyberpunk: Edgerunners Real Elite Masterline Lucy (Deluxe Ver.) 1\/4 Scale Limited Edition Statue (With Bonus)"}]},{"@type":"WebSite","@id":"https:\/\/animefigurer.se\/#website","url":"https:\/\/animefigurer.se\/","name":"Animefigurer.se","description":"Anime figures from over 300 different anime series with over 9000 products | Anime Shop","publisher":{"@id":"https:\/\/animefigurer.se\/#organization"},"potentialAction":[{"@type":"SearchAction","target":{"@type":"EntryPoint","urlTemplate":"https:\/\/animefigurer.se\/?s={search_term_string}"},"query-input":{"@type":"PropertyValueSpecification","valueRequired":true,"valueName":"search_term_string"}}],"inLanguage":"en-GB"},{"@type":"Organization","@id":"https:\/\/animefigurer.se\/#organization","name":"Animefigurer.se","alternateName":"Anime figurer | Anime shop","url":"https:\/\/animefigurer.se\/","logo":{"@type":"ImageObject","inLanguage":"en-GB","@id":"https:\/\/animefigurer.se\/#\/schema\/logo\/image\/","url":"https:\/\/animefigurer.se\/wp-content\/uploads\/2025\/12\/Animefigurer_logowhite.png","contentUrl":"https:\/\/animefigurer.se\/wp-content\/uploads\/2025\/12\/Animefigurer_logowhite.png","width":1890,"height":1417,"caption":"Animefigurer.se"},"image":{"@id":"https:\/\/animefigurer.se\/#\/schema\/logo\/image\/"},"sameAs":["https:\/\/www.facebook.com\/profile.php?id=61581826539670","https:\/\/www.instagram.com\/animefigurer.se\/"],"email":"info@animefigurer.se"}]}},"_links":{"self":[{"href":"https:\/\/animefigurer.se\/en\/wp-json\/wp\/v2\/product\/14081","targetHints":{"allow":["GET"]}}],"collection":[{"href":"https:\/\/animefigurer.se\/en\/wp-json\/wp\/v2\/product"}],"about":[{"href":"https:\/\/animefigurer.se\/en\/wp-json\/wp\/v2\/types\/product"}],"replies":[{"embeddable":true,"href":"https:\/\/animefigurer.se\/en\/wp-json\/wp\/v2\/comments?post=14081"}],"wp:featuredmedia":[{"embeddable":true,"href":"https:\/\/animefigurer.se\/en\/wp-json\/wp\/v2\/media\/14082"}],"wp:attachment":[{"href":"https:\/\/animefigurer.se\/en\/wp-json\/wp\/v2\/media?parent=14081"}],"wp:term":[{"taxonomy":"product_brand","embeddable":true,"href":"https:\/\/animefigurer.se\/en\/wp-json\/wp\/v2\/product_brand?post=14081"},{"taxonomy":"product_cat","embeddable":true,"href":"https:\/\/animefigurer.se\/en\/wp-json\/wp\/v2\/product_cat?post=14081"},{"taxonomy":"product_tag","embeddable":true,"href":"https:\/\/animefigurer.se\/en\/wp-json\/wp\/v2\/product_tag?post=14081"},{"taxonomy":"giftcard-category","embeddable":true,"href":"https:\/\/animefigurer.se\/en\/wp-json\/wp\/v2\/giftcard-category?post=14081"}],"curies":[{"name":"wp","href":"https:\/\/api.w.org\/{rel}","templated":true}]}}