{"id":13242,"date":"2025-10-20T17:15:19","date_gmt":"2025-10-20T15:15:19","guid":{"rendered":"https:\/\/animefigurer.se\/produkt\/chainsaw-man-break-time-collection-vol-3-denji\/"},"modified":"2025-12-21T19:25:58","modified_gmt":"2025-12-21T18:25:58","slug":"chainsaw-man-break-time-collection-vol-3-denji","status":"publish","type":"product","link":"https:\/\/animefigurer.se\/en\/figurer\/chainsaw-man\/chainsaw-man-break-time-collection-vol-3-denji\/","title":{"rendered":"Chainsaw Man Break Time Collection Vol.3 Denji"},"content":{"rendered":"<p>Denji is the main character in Chainsaw Man. To pay off his father&#039;s debt, he becomes a devil hunter for the Yakuza, but when the Yakuza betray and kill him, the chainsaw devil Pochita becomes his heart \u2014 and thus Chainsaw Man is born.<\/p>","protected":false},"excerpt":{"rendered":"<p>Denji is the main character in Chainsaw Man. To pay off his father&#039;s debt, he becomes a devil hunter for the Yakuza, but when the Yakuza betray and kill him, the chainsaw devil Pochita becomes his heart \u2014 and thus Chainsaw Man is born.<\/p>","protected":false},"featured_media":13243,"comment_status":"closed","ping_status":"open","template":"","meta":{"_acf_changed":false,"_monsterinsights_skip_tracking":false,"_monsterinsights_sitenote_active":false,"_monsterinsights_sitenote_note":"","_monsterinsights_sitenote_category":0},"product_brand":[6928],"product_cat":[1224],"product_tag":[24],"giftcard-category":[],"class_list":{"0":"post-13242","1":"product","2":"type-product","3":"status-publish","4":"has-post-thumbnail","6":"product_brand-banpresto","7":"product_cat-chainsaw-man","8":"product_tag-2-3-weeks","9":"pa_franchise-chainsaw-man","10":"pa_karaktar-denji","11":"pa_material-pvc-abs","12":"pa_produktserie-break-time-collection","13":"pa_storlek-7-cm","15":"first","16":"instock","17":"taxable","18":"shipping-taxable","19":"purchasable","20":"product-type-simple"},"acf":[],"yoast_head":"<!-- This site is optimized with the Yoast SEO Premium plugin v24.6 (Yoast SEO v27.4) - https:\/\/yoast.com\/product\/yoast-seo-premium-wordpress\/ -->\n<title>Chainsaw Man Break Time Collection Vol.3 Denji | Animefigurer.se<\/title>\n<meta name=\"robots\" content=\"index, follow, max-snippet:-1, max-image-preview:large, max-video-preview:-1\" \/>\n<link rel=\"canonical\" href=\"https:\/\/animefigurer.se\/en\/figurer\/chainsaw-man\/chainsaw-man-break-time-collection-vol-3-denji\/\" \/>\n<meta property=\"og:locale\" content=\"en_GB\" \/>\n<meta property=\"og:type\" content=\"article\" \/>\n<meta property=\"og:title\" content=\"Chainsaw Man Break Time Collection Vol.3 Denji\" \/>\n<meta property=\"og:description\" content=\"Denji \u00e4r huvudpersonen i Chainsaw Man. F\u00f6r att betala sin fars skuld blir han dj\u00e4vulsj\u00e4gare \u00e5t Yakuza, men n\u00e4r Yakuza f\u00f6rr\u00e5der och d\u00f6dar honom blir motors\u00e5gsdj\u00e4vulen Pochita hans hj\u00e4rta \u2014 och s\u00e5 f\u00f6ds Chainsaw Man.\" \/>\n<meta property=\"og:url\" content=\"https:\/\/animefigurer.se\/en\/figurer\/chainsaw-man\/chainsaw-man-break-time-collection-vol-3-denji\/\" \/>\n<meta property=\"og:site_name\" content=\"Animefigurer.se\" \/>\n<meta property=\"article:publisher\" content=\"https:\/\/www.facebook.com\/profile.php?id=61581826539670\" \/>\n<meta property=\"article:modified_time\" content=\"2025-12-21T18:25:58+00:00\" \/>\n<meta property=\"og:image\" content=\"https:\/\/animefigurer.se\/wp-content\/uploads\/2025\/12\/Animefigurer_logowhite.png\" \/>\n\t<meta property=\"og:image:width\" content=\"1890\" \/>\n\t<meta property=\"og:image:height\" content=\"1417\" \/>\n\t<meta property=\"og:image:type\" content=\"image\/png\" \/>\n<meta name=\"twitter:card\" content=\"summary_large_image\" \/>\n<script type=\"application\/ld+json\" class=\"yoast-schema-graph\">{\"@context\":\"https:\\\/\\\/schema.org\",\"@graph\":[{\"@type\":\"WebPage\",\"@id\":\"https:\\\/\\\/animefigurer.se\\\/figurer\\\/chainsaw-man\\\/chainsaw-man-break-time-collection-vol-3-denji\\\/\",\"url\":\"https:\\\/\\\/animefigurer.se\\\/figurer\\\/chainsaw-man\\\/chainsaw-man-break-time-collection-vol-3-denji\\\/\",\"name\":\"Chainsaw Man Break Time Collection Vol.3 Denji | Animefigurer.se\",\"isPartOf\":{\"@id\":\"https:\\\/\\\/animefigurer.se\\\/#website\"},\"primaryImageOfPage\":{\"@id\":\"https:\\\/\\\/animefigurer.se\\\/figurer\\\/chainsaw-man\\\/chainsaw-man-break-time-collection-vol-3-denji\\\/#primaryimage\"},\"image\":{\"@id\":\"https:\\\/\\\/animefigurer.se\\\/figurer\\\/chainsaw-man\\\/chainsaw-man-break-time-collection-vol-3-denji\\\/#primaryimage\"},\"thumbnailUrl\":\"https:\\\/\\\/animefigurer.se\\\/wp-content\\\/uploads\\\/2025\\\/10\\\/66aba19dd976d.jpeg\",\"datePublished\":\"2025-10-20T15:15:19+00:00\",\"dateModified\":\"2025-12-21T18:25:58+00:00\",\"breadcrumb\":{\"@id\":\"https:\\\/\\\/animefigurer.se\\\/figurer\\\/chainsaw-man\\\/chainsaw-man-break-time-collection-vol-3-denji\\\/#breadcrumb\"},\"inLanguage\":\"en-GB\",\"potentialAction\":[{\"@type\":\"ReadAction\",\"target\":[\"https:\\\/\\\/animefigurer.se\\\/figurer\\\/chainsaw-man\\\/chainsaw-man-break-time-collection-vol-3-denji\\\/\"]}]},{\"@type\":\"ImageObject\",\"inLanguage\":\"en-GB\",\"@id\":\"https:\\\/\\\/animefigurer.se\\\/figurer\\\/chainsaw-man\\\/chainsaw-man-break-time-collection-vol-3-denji\\\/#primaryimage\",\"url\":\"https:\\\/\\\/animefigurer.se\\\/wp-content\\\/uploads\\\/2025\\\/10\\\/66aba19dd976d.jpeg\",\"contentUrl\":\"https:\\\/\\\/animefigurer.se\\\/wp-content\\\/uploads\\\/2025\\\/10\\\/66aba19dd976d.jpeg\",\"width\":720,\"height\":540},{\"@type\":\"BreadcrumbList\",\"@id\":\"https:\\\/\\\/animefigurer.se\\\/figurer\\\/chainsaw-man\\\/chainsaw-man-break-time-collection-vol-3-denji\\\/#breadcrumb\",\"itemListElement\":[{\"@type\":\"ListItem\",\"position\":1,\"name\":\"Home\",\"item\":\"https:\\\/\\\/animefigurer.se\\\/\"},{\"@type\":\"ListItem\",\"position\":2,\"name\":\"Butik\",\"item\":\"https:\\\/\\\/animefigurer.se\\\/figurer\\\/\"},{\"@type\":\"ListItem\",\"position\":3,\"name\":\"Chainsaw Man Break Time Collection Vol.3 Denji\"}]},{\"@type\":\"WebSite\",\"@id\":\"https:\\\/\\\/animefigurer.se\\\/#website\",\"url\":\"https:\\\/\\\/animefigurer.se\\\/\",\"name\":\"Animefigurer.se\",\"description\":\"Anime figurer fr\u00e5n \u00f6ver 300 olika anime serier med \u00f6ver 9000 produkter | Anime Shop\",\"publisher\":{\"@id\":\"https:\\\/\\\/animefigurer.se\\\/#organization\"},\"potentialAction\":[{\"@type\":\"SearchAction\",\"target\":{\"@type\":\"EntryPoint\",\"urlTemplate\":\"https:\\\/\\\/animefigurer.se\\\/?s={search_term_string}\"},\"query-input\":{\"@type\":\"PropertyValueSpecification\",\"valueRequired\":true,\"valueName\":\"search_term_string\"}}],\"inLanguage\":\"en-GB\"},{\"@type\":\"Organization\",\"@id\":\"https:\\\/\\\/animefigurer.se\\\/#organization\",\"name\":\"Animefigurer.se\",\"alternateName\":\"Anime figurer | Anime shop\",\"url\":\"https:\\\/\\\/animefigurer.se\\\/\",\"logo\":{\"@type\":\"ImageObject\",\"inLanguage\":\"en-GB\",\"@id\":\"https:\\\/\\\/animefigurer.se\\\/#\\\/schema\\\/logo\\\/image\\\/\",\"url\":\"https:\\\/\\\/animefigurer.se\\\/wp-content\\\/uploads\\\/2025\\\/12\\\/Animefigurer_logowhite.png\",\"contentUrl\":\"https:\\\/\\\/animefigurer.se\\\/wp-content\\\/uploads\\\/2025\\\/12\\\/Animefigurer_logowhite.png\",\"width\":1890,\"height\":1417,\"caption\":\"Animefigurer.se\"},\"image\":{\"@id\":\"https:\\\/\\\/animefigurer.se\\\/#\\\/schema\\\/logo\\\/image\\\/\"},\"sameAs\":[\"https:\\\/\\\/www.facebook.com\\\/profile.php?id=61581826539670\",\"https:\\\/\\\/www.instagram.com\\\/animefigurer.se\\\/\"],\"email\":\"info@animefigurer.se\"}]}<\/script>\n<!-- \/ Yoast SEO Premium plugin. -->","yoast_head_json":{"title":"Chainsaw Man Break Time Collection Vol.3 Denji | Animefigurer.se","robots":{"index":"index","follow":"follow","max-snippet":"max-snippet:-1","max-image-preview":"max-image-preview:large","max-video-preview":"max-video-preview:-1"},"canonical":"https:\/\/animefigurer.se\/en\/figurer\/chainsaw-man\/chainsaw-man-break-time-collection-vol-3-denji\/","og_locale":"en_GB","og_type":"article","og_title":"Chainsaw Man Break Time Collection Vol.3 Denji","og_description":"Denji \u00e4r huvudpersonen i Chainsaw Man. F\u00f6r att betala sin fars skuld blir han dj\u00e4vulsj\u00e4gare \u00e5t Yakuza, men n\u00e4r Yakuza f\u00f6rr\u00e5der och d\u00f6dar honom blir motors\u00e5gsdj\u00e4vulen Pochita hans hj\u00e4rta \u2014 och s\u00e5 f\u00f6ds Chainsaw Man.","og_url":"https:\/\/animefigurer.se\/en\/figurer\/chainsaw-man\/chainsaw-man-break-time-collection-vol-3-denji\/","og_site_name":"Animefigurer.se","article_publisher":"https:\/\/www.facebook.com\/profile.php?id=61581826539670","article_modified_time":"2025-12-21T18:25:58+00:00","og_image":[{"width":1890,"height":1417,"url":"https:\/\/animefigurer.se\/wp-content\/uploads\/2025\/12\/Animefigurer_logowhite.png","type":"image\/png"}],"twitter_card":"summary_large_image","schema":{"@context":"https:\/\/schema.org","@graph":[{"@type":"WebPage","@id":"https:\/\/animefigurer.se\/figurer\/chainsaw-man\/chainsaw-man-break-time-collection-vol-3-denji\/","url":"https:\/\/animefigurer.se\/figurer\/chainsaw-man\/chainsaw-man-break-time-collection-vol-3-denji\/","name":"Chainsaw Man Break Time Collection Vol.3 Denji | Animefigurer.se","isPartOf":{"@id":"https:\/\/animefigurer.se\/#website"},"primaryImageOfPage":{"@id":"https:\/\/animefigurer.se\/figurer\/chainsaw-man\/chainsaw-man-break-time-collection-vol-3-denji\/#primaryimage"},"image":{"@id":"https:\/\/animefigurer.se\/figurer\/chainsaw-man\/chainsaw-man-break-time-collection-vol-3-denji\/#primaryimage"},"thumbnailUrl":"https:\/\/animefigurer.se\/wp-content\/uploads\/2025\/10\/66aba19dd976d.jpeg","datePublished":"2025-10-20T15:15:19+00:00","dateModified":"2025-12-21T18:25:58+00:00","breadcrumb":{"@id":"https:\/\/animefigurer.se\/figurer\/chainsaw-man\/chainsaw-man-break-time-collection-vol-3-denji\/#breadcrumb"},"inLanguage":"en-GB","potentialAction":[{"@type":"ReadAction","target":["https:\/\/animefigurer.se\/figurer\/chainsaw-man\/chainsaw-man-break-time-collection-vol-3-denji\/"]}]},{"@type":"ImageObject","inLanguage":"en-GB","@id":"https:\/\/animefigurer.se\/figurer\/chainsaw-man\/chainsaw-man-break-time-collection-vol-3-denji\/#primaryimage","url":"https:\/\/animefigurer.se\/wp-content\/uploads\/2025\/10\/66aba19dd976d.jpeg","contentUrl":"https:\/\/animefigurer.se\/wp-content\/uploads\/2025\/10\/66aba19dd976d.jpeg","width":720,"height":540},{"@type":"BreadcrumbList","@id":"https:\/\/animefigurer.se\/figurer\/chainsaw-man\/chainsaw-man-break-time-collection-vol-3-denji\/#breadcrumb","itemListElement":[{"@type":"ListItem","position":1,"name":"Home","item":"https:\/\/animefigurer.se\/"},{"@type":"ListItem","position":2,"name":"Butik","item":"https:\/\/animefigurer.se\/figurer\/"},{"@type":"ListItem","position":3,"name":"Chainsaw Man Break Time Collection Vol.3 Denji"}]},{"@type":"WebSite","@id":"https:\/\/animefigurer.se\/#website","url":"https:\/\/animefigurer.se\/","name":"Animefigurer.se","description":"Anime figures from over 300 different anime series with over 9000 products | Anime Shop","publisher":{"@id":"https:\/\/animefigurer.se\/#organization"},"potentialAction":[{"@type":"SearchAction","target":{"@type":"EntryPoint","urlTemplate":"https:\/\/animefigurer.se\/?s={search_term_string}"},"query-input":{"@type":"PropertyValueSpecification","valueRequired":true,"valueName":"search_term_string"}}],"inLanguage":"en-GB"},{"@type":"Organization","@id":"https:\/\/animefigurer.se\/#organization","name":"Animefigurer.se","alternateName":"Anime figurer | Anime shop","url":"https:\/\/animefigurer.se\/","logo":{"@type":"ImageObject","inLanguage":"en-GB","@id":"https:\/\/animefigurer.se\/#\/schema\/logo\/image\/","url":"https:\/\/animefigurer.se\/wp-content\/uploads\/2025\/12\/Animefigurer_logowhite.png","contentUrl":"https:\/\/animefigurer.se\/wp-content\/uploads\/2025\/12\/Animefigurer_logowhite.png","width":1890,"height":1417,"caption":"Animefigurer.se"},"image":{"@id":"https:\/\/animefigurer.se\/#\/schema\/logo\/image\/"},"sameAs":["https:\/\/www.facebook.com\/profile.php?id=61581826539670","https:\/\/www.instagram.com\/animefigurer.se\/"],"email":"info@animefigurer.se"}]}},"_links":{"self":[{"href":"https:\/\/animefigurer.se\/en\/wp-json\/wp\/v2\/product\/13242","targetHints":{"allow":["GET"]}}],"collection":[{"href":"https:\/\/animefigurer.se\/en\/wp-json\/wp\/v2\/product"}],"about":[{"href":"https:\/\/animefigurer.se\/en\/wp-json\/wp\/v2\/types\/product"}],"replies":[{"embeddable":true,"href":"https:\/\/animefigurer.se\/en\/wp-json\/wp\/v2\/comments?post=13242"}],"wp:featuredmedia":[{"embeddable":true,"href":"https:\/\/animefigurer.se\/en\/wp-json\/wp\/v2\/media\/13243"}],"wp:attachment":[{"href":"https:\/\/animefigurer.se\/en\/wp-json\/wp\/v2\/media?parent=13242"}],"wp:term":[{"taxonomy":"product_brand","embeddable":true,"href":"https:\/\/animefigurer.se\/en\/wp-json\/wp\/v2\/product_brand?post=13242"},{"taxonomy":"product_cat","embeddable":true,"href":"https:\/\/animefigurer.se\/en\/wp-json\/wp\/v2\/product_cat?post=13242"},{"taxonomy":"product_tag","embeddable":true,"href":"https:\/\/animefigurer.se\/en\/wp-json\/wp\/v2\/product_tag?post=13242"},{"taxonomy":"giftcard-category","embeddable":true,"href":"https:\/\/animefigurer.se\/en\/wp-json\/wp\/v2\/giftcard-category?post=13242"}],"curies":[{"name":"wp","href":"https:\/\/api.w.org\/{rel}","templated":true}]}}