{"id":12457,"date":"2025-10-20T17:12:01","date_gmt":"2025-10-20T15:12:01","guid":{"rendered":"https:\/\/animefigurer.se\/produkt\/cardcaptor-sakura-clow-card-pop-up-parade-sakura-kinomoto\/"},"modified":"2025-12-21T19:25:50","modified_gmt":"2025-12-21T18:25:50","slug":"cardcaptor-sakura-clow-card-pop-up-parade-sakura-kinomoto","status":"publish","type":"product","link":"https:\/\/animefigurer.se\/en\/figurer\/cardcaptor-sakura\/cardcaptor-sakura-clow-card-pop-up-parade-sakura-kinomoto\/","title":{"rendered":"Cardcaptor Sakura: Clow Card Pop Up Parade Sakura Kinomoto"},"content":{"rendered":"<p>From Cardcaptor Sakura comes a new Pop Up Parade figure of Sakura Kinomoto from Good Smile Company. This meticulously crafted figure faithfully depicts Sakura as she appears in the series and will fit nicely into any collection.<\/p>","protected":false},"excerpt":{"rendered":"<p>From Cardcaptor Sakura comes a new Pop Up Parade figure of Sakura Kinomoto from Good Smile Company. This meticulously crafted figure faithfully depicts Sakura as she appears in the series and will fit nicely into any collection.<\/p>","protected":false},"featured_media":12458,"comment_status":"closed","ping_status":"open","template":"","meta":{"_acf_changed":false,"_monsterinsights_skip_tracking":false,"_monsterinsights_sitenote_active":false,"_monsterinsights_sitenote_note":"","_monsterinsights_sitenote_category":0},"product_brand":[7055],"product_cat":[1196],"product_tag":[24],"giftcard-category":[],"class_list":{"0":"post-12457","1":"product","2":"type-product","3":"status-publish","4":"has-post-thumbnail","6":"product_brand-max-factory","7":"product_cat-cardcaptor-sakura","8":"product_tag-2-3-weeks","9":"pa_franchise-cardcaptor-sakura-clow-card","10":"pa_karaktar-sakura-kinomoto","11":"pa_material-pvc-abs","12":"pa_produktserie-pop-up-parade","13":"pa_storlek-16-cm","15":"first","16":"instock","17":"taxable","18":"shipping-taxable","19":"purchasable","20":"product-type-simple"},"acf":[],"yoast_head":"<!-- This site is optimized with the Yoast SEO Premium plugin v24.6 (Yoast SEO v27.3) - https:\/\/yoast.com\/product\/yoast-seo-premium-wordpress\/ -->\n<title>Cardcaptor Sakura: Clow Card Pop Up Parade Sakura Kinomoto | Animefigurer.se<\/title>\n<meta name=\"robots\" content=\"index, follow, max-snippet:-1, max-image-preview:large, max-video-preview:-1\" \/>\n<link rel=\"canonical\" href=\"https:\/\/animefigurer.se\/en\/figurer\/cardcaptor-sakura\/cardcaptor-sakura-clow-card-pop-up-parade-sakura-kinomoto\/\" \/>\n<meta property=\"og:locale\" content=\"en_GB\" \/>\n<meta property=\"og:type\" content=\"article\" \/>\n<meta property=\"og:title\" content=\"Cardcaptor Sakura: Clow Card Pop Up Parade Sakura Kinomoto\" \/>\n<meta property=\"og:description\" content=\"Fr\u00e5n Cardcaptor Sakura kommer en ny Pop Up Parade-figur av Sakura Kinomoto fr\u00e5n Good Smile Company. Denna noggrant utf\u00f6rda figur visar Sakura trogen sin framst\u00e4llning i serien och passar fint i varje samling.\" \/>\n<meta property=\"og:url\" content=\"https:\/\/animefigurer.se\/en\/figurer\/cardcaptor-sakura\/cardcaptor-sakura-clow-card-pop-up-parade-sakura-kinomoto\/\" \/>\n<meta property=\"og:site_name\" content=\"Animefigurer.se\" \/>\n<meta property=\"article:publisher\" content=\"https:\/\/www.facebook.com\/profile.php?id=61581826539670\" \/>\n<meta property=\"article:modified_time\" content=\"2025-12-21T18:25:50+00:00\" \/>\n<meta property=\"og:image\" content=\"https:\/\/animefigurer.se\/wp-content\/uploads\/2025\/12\/Animefigurer_logowhite.png\" \/>\n\t<meta property=\"og:image:width\" content=\"1890\" \/>\n\t<meta property=\"og:image:height\" content=\"1417\" \/>\n\t<meta property=\"og:image:type\" content=\"image\/png\" \/>\n<meta name=\"twitter:card\" content=\"summary_large_image\" \/>\n<script type=\"application\/ld+json\" class=\"yoast-schema-graph\">{\"@context\":\"https:\\\/\\\/schema.org\",\"@graph\":[{\"@type\":\"WebPage\",\"@id\":\"https:\\\/\\\/animefigurer.se\\\/en\\\/figurer\\\/cardcaptor-sakura\\\/cardcaptor-sakura-clow-card-pop-up-parade-sakura-kinomoto\\\/\",\"url\":\"https:\\\/\\\/animefigurer.se\\\/en\\\/figurer\\\/cardcaptor-sakura\\\/cardcaptor-sakura-clow-card-pop-up-parade-sakura-kinomoto\\\/\",\"name\":\"Cardcaptor Sakura: Clow Card Pop Up Parade Sakura Kinomoto | Animefigurer.se\",\"isPartOf\":{\"@id\":\"https:\\\/\\\/animefigurer.se\\\/#website\"},\"primaryImageOfPage\":{\"@id\":\"https:\\\/\\\/animefigurer.se\\\/en\\\/figurer\\\/cardcaptor-sakura\\\/cardcaptor-sakura-clow-card-pop-up-parade-sakura-kinomoto\\\/#primaryimage\"},\"image\":{\"@id\":\"https:\\\/\\\/animefigurer.se\\\/en\\\/figurer\\\/cardcaptor-sakura\\\/cardcaptor-sakura-clow-card-pop-up-parade-sakura-kinomoto\\\/#primaryimage\"},\"thumbnailUrl\":\"https:\\\/\\\/animefigurer.se\\\/wp-content\\\/uploads\\\/2025\\\/10\\\/65d60ea420240.jpeg\",\"datePublished\":\"2025-10-20T15:12:01+00:00\",\"dateModified\":\"2025-12-21T18:25:50+00:00\",\"breadcrumb\":{\"@id\":\"https:\\\/\\\/animefigurer.se\\\/en\\\/figurer\\\/cardcaptor-sakura\\\/cardcaptor-sakura-clow-card-pop-up-parade-sakura-kinomoto\\\/#breadcrumb\"},\"inLanguage\":\"en-GB\",\"potentialAction\":[{\"@type\":\"ReadAction\",\"target\":[\"https:\\\/\\\/animefigurer.se\\\/en\\\/figurer\\\/cardcaptor-sakura\\\/cardcaptor-sakura-clow-card-pop-up-parade-sakura-kinomoto\\\/\"]}]},{\"@type\":\"ImageObject\",\"inLanguage\":\"en-GB\",\"@id\":\"https:\\\/\\\/animefigurer.se\\\/en\\\/figurer\\\/cardcaptor-sakura\\\/cardcaptor-sakura-clow-card-pop-up-parade-sakura-kinomoto\\\/#primaryimage\",\"url\":\"https:\\\/\\\/animefigurer.se\\\/wp-content\\\/uploads\\\/2025\\\/10\\\/65d60ea420240.jpeg\",\"contentUrl\":\"https:\\\/\\\/animefigurer.se\\\/wp-content\\\/uploads\\\/2025\\\/10\\\/65d60ea420240.jpeg\",\"width\":720,\"height\":540},{\"@type\":\"BreadcrumbList\",\"@id\":\"https:\\\/\\\/animefigurer.se\\\/en\\\/figurer\\\/cardcaptor-sakura\\\/cardcaptor-sakura-clow-card-pop-up-parade-sakura-kinomoto\\\/#breadcrumb\",\"itemListElement\":[{\"@type\":\"ListItem\",\"position\":1,\"name\":\"Home\",\"item\":\"https:\\\/\\\/animefigurer.se\\\/\"},{\"@type\":\"ListItem\",\"position\":2,\"name\":\"Butik\",\"item\":\"https:\\\/\\\/animefigurer.se\\\/figurer\\\/\"},{\"@type\":\"ListItem\",\"position\":3,\"name\":\"Cardcaptor Sakura: Clow Card Pop Up Parade Sakura Kinomoto\"}]},{\"@type\":\"WebSite\",\"@id\":\"https:\\\/\\\/animefigurer.se\\\/#website\",\"url\":\"https:\\\/\\\/animefigurer.se\\\/\",\"name\":\"Animefigurer.se\",\"description\":\"Anime figurer fr\u00e5n \u00f6ver 300 olika anime serier med \u00f6ver 9000 produkter | Anime Shop\",\"publisher\":{\"@id\":\"https:\\\/\\\/animefigurer.se\\\/#organization\"},\"potentialAction\":[{\"@type\":\"SearchAction\",\"target\":{\"@type\":\"EntryPoint\",\"urlTemplate\":\"https:\\\/\\\/animefigurer.se\\\/?s={search_term_string}\"},\"query-input\":{\"@type\":\"PropertyValueSpecification\",\"valueRequired\":true,\"valueName\":\"search_term_string\"}}],\"inLanguage\":\"en-GB\"},{\"@type\":\"Organization\",\"@id\":\"https:\\\/\\\/animefigurer.se\\\/#organization\",\"name\":\"Animefigurer.se\",\"alternateName\":\"Anime figurer | Anime shop\",\"url\":\"https:\\\/\\\/animefigurer.se\\\/\",\"logo\":{\"@type\":\"ImageObject\",\"inLanguage\":\"en-GB\",\"@id\":\"https:\\\/\\\/animefigurer.se\\\/#\\\/schema\\\/logo\\\/image\\\/\",\"url\":\"https:\\\/\\\/animefigurer.se\\\/wp-content\\\/uploads\\\/2025\\\/12\\\/Animefigurer_logowhite.png\",\"contentUrl\":\"https:\\\/\\\/animefigurer.se\\\/wp-content\\\/uploads\\\/2025\\\/12\\\/Animefigurer_logowhite.png\",\"width\":1890,\"height\":1417,\"caption\":\"Animefigurer.se\"},\"image\":{\"@id\":\"https:\\\/\\\/animefigurer.se\\\/#\\\/schema\\\/logo\\\/image\\\/\"},\"sameAs\":[\"https:\\\/\\\/www.facebook.com\\\/profile.php?id=61581826539670\",\"https:\\\/\\\/www.instagram.com\\\/animefigurer.se\\\/\"],\"email\":\"info@animefigurer.se\"}]}<\/script>\n<!-- \/ Yoast SEO Premium plugin. -->","yoast_head_json":{"title":"Cardcaptor Sakura: Clow Card Pop Up Parade Sakura Kinomoto | Animefigurer.se","robots":{"index":"index","follow":"follow","max-snippet":"max-snippet:-1","max-image-preview":"max-image-preview:large","max-video-preview":"max-video-preview:-1"},"canonical":"https:\/\/animefigurer.se\/en\/figurer\/cardcaptor-sakura\/cardcaptor-sakura-clow-card-pop-up-parade-sakura-kinomoto\/","og_locale":"en_GB","og_type":"article","og_title":"Cardcaptor Sakura: Clow Card Pop Up Parade Sakura Kinomoto","og_description":"Fr\u00e5n Cardcaptor Sakura kommer en ny Pop Up Parade-figur av Sakura Kinomoto fr\u00e5n Good Smile Company. Denna noggrant utf\u00f6rda figur visar Sakura trogen sin framst\u00e4llning i serien och passar fint i varje samling.","og_url":"https:\/\/animefigurer.se\/en\/figurer\/cardcaptor-sakura\/cardcaptor-sakura-clow-card-pop-up-parade-sakura-kinomoto\/","og_site_name":"Animefigurer.se","article_publisher":"https:\/\/www.facebook.com\/profile.php?id=61581826539670","article_modified_time":"2025-12-21T18:25:50+00:00","og_image":[{"width":1890,"height":1417,"url":"https:\/\/animefigurer.se\/wp-content\/uploads\/2025\/12\/Animefigurer_logowhite.png","type":"image\/png"}],"twitter_card":"summary_large_image","schema":{"@context":"https:\/\/schema.org","@graph":[{"@type":"WebPage","@id":"https:\/\/animefigurer.se\/en\/figurer\/cardcaptor-sakura\/cardcaptor-sakura-clow-card-pop-up-parade-sakura-kinomoto\/","url":"https:\/\/animefigurer.se\/en\/figurer\/cardcaptor-sakura\/cardcaptor-sakura-clow-card-pop-up-parade-sakura-kinomoto\/","name":"Cardcaptor Sakura: Clow Card Pop Up Parade Sakura Kinomoto | Animefigurer.se","isPartOf":{"@id":"https:\/\/animefigurer.se\/#website"},"primaryImageOfPage":{"@id":"https:\/\/animefigurer.se\/en\/figurer\/cardcaptor-sakura\/cardcaptor-sakura-clow-card-pop-up-parade-sakura-kinomoto\/#primaryimage"},"image":{"@id":"https:\/\/animefigurer.se\/en\/figurer\/cardcaptor-sakura\/cardcaptor-sakura-clow-card-pop-up-parade-sakura-kinomoto\/#primaryimage"},"thumbnailUrl":"https:\/\/animefigurer.se\/wp-content\/uploads\/2025\/10\/65d60ea420240.jpeg","datePublished":"2025-10-20T15:12:01+00:00","dateModified":"2025-12-21T18:25:50+00:00","breadcrumb":{"@id":"https:\/\/animefigurer.se\/en\/figurer\/cardcaptor-sakura\/cardcaptor-sakura-clow-card-pop-up-parade-sakura-kinomoto\/#breadcrumb"},"inLanguage":"en-GB","potentialAction":[{"@type":"ReadAction","target":["https:\/\/animefigurer.se\/en\/figurer\/cardcaptor-sakura\/cardcaptor-sakura-clow-card-pop-up-parade-sakura-kinomoto\/"]}]},{"@type":"ImageObject","inLanguage":"en-GB","@id":"https:\/\/animefigurer.se\/en\/figurer\/cardcaptor-sakura\/cardcaptor-sakura-clow-card-pop-up-parade-sakura-kinomoto\/#primaryimage","url":"https:\/\/animefigurer.se\/wp-content\/uploads\/2025\/10\/65d60ea420240.jpeg","contentUrl":"https:\/\/animefigurer.se\/wp-content\/uploads\/2025\/10\/65d60ea420240.jpeg","width":720,"height":540},{"@type":"BreadcrumbList","@id":"https:\/\/animefigurer.se\/en\/figurer\/cardcaptor-sakura\/cardcaptor-sakura-clow-card-pop-up-parade-sakura-kinomoto\/#breadcrumb","itemListElement":[{"@type":"ListItem","position":1,"name":"Home","item":"https:\/\/animefigurer.se\/"},{"@type":"ListItem","position":2,"name":"Butik","item":"https:\/\/animefigurer.se\/figurer\/"},{"@type":"ListItem","position":3,"name":"Cardcaptor Sakura: Clow Card Pop Up Parade Sakura Kinomoto"}]},{"@type":"WebSite","@id":"https:\/\/animefigurer.se\/#website","url":"https:\/\/animefigurer.se\/","name":"Animefigurer.se","description":"Anime figures from over 300 different anime series with over 9000 products | Anime Shop","publisher":{"@id":"https:\/\/animefigurer.se\/#organization"},"potentialAction":[{"@type":"SearchAction","target":{"@type":"EntryPoint","urlTemplate":"https:\/\/animefigurer.se\/?s={search_term_string}"},"query-input":{"@type":"PropertyValueSpecification","valueRequired":true,"valueName":"search_term_string"}}],"inLanguage":"en-GB"},{"@type":"Organization","@id":"https:\/\/animefigurer.se\/#organization","name":"Animefigurer.se","alternateName":"Anime figurer | Anime shop","url":"https:\/\/animefigurer.se\/","logo":{"@type":"ImageObject","inLanguage":"en-GB","@id":"https:\/\/animefigurer.se\/#\/schema\/logo\/image\/","url":"https:\/\/animefigurer.se\/wp-content\/uploads\/2025\/12\/Animefigurer_logowhite.png","contentUrl":"https:\/\/animefigurer.se\/wp-content\/uploads\/2025\/12\/Animefigurer_logowhite.png","width":1890,"height":1417,"caption":"Animefigurer.se"},"image":{"@id":"https:\/\/animefigurer.se\/#\/schema\/logo\/image\/"},"sameAs":["https:\/\/www.facebook.com\/profile.php?id=61581826539670","https:\/\/www.instagram.com\/animefigurer.se\/"],"email":"info@animefigurer.se"}]}},"_links":{"self":[{"href":"https:\/\/animefigurer.se\/en\/wp-json\/wp\/v2\/product\/12457","targetHints":{"allow":["GET"]}}],"collection":[{"href":"https:\/\/animefigurer.se\/en\/wp-json\/wp\/v2\/product"}],"about":[{"href":"https:\/\/animefigurer.se\/en\/wp-json\/wp\/v2\/types\/product"}],"replies":[{"embeddable":true,"href":"https:\/\/animefigurer.se\/en\/wp-json\/wp\/v2\/comments?post=12457"}],"wp:featuredmedia":[{"embeddable":true,"href":"https:\/\/animefigurer.se\/en\/wp-json\/wp\/v2\/media\/12458"}],"wp:attachment":[{"href":"https:\/\/animefigurer.se\/en\/wp-json\/wp\/v2\/media?parent=12457"}],"wp:term":[{"taxonomy":"product_brand","embeddable":true,"href":"https:\/\/animefigurer.se\/en\/wp-json\/wp\/v2\/product_brand?post=12457"},{"taxonomy":"product_cat","embeddable":true,"href":"https:\/\/animefigurer.se\/en\/wp-json\/wp\/v2\/product_cat?post=12457"},{"taxonomy":"product_tag","embeddable":true,"href":"https:\/\/animefigurer.se\/en\/wp-json\/wp\/v2\/product_tag?post=12457"},{"taxonomy":"giftcard-category","embeddable":true,"href":"https:\/\/animefigurer.se\/en\/wp-json\/wp\/v2\/giftcard-category?post=12457"}],"curies":[{"name":"wp","href":"https:\/\/api.w.org\/{rel}","templated":true}]}}