{"id":11910,"date":"2025-10-20T17:03:10","date_gmt":"2025-10-20T15:03:10","guid":{"rendered":"https:\/\/animefigurer.se\/produkt\/bang-brave-bang-braver-pop-up-parade-swacchao-isami-ao\/"},"modified":"2025-12-21T19:25:44","modified_gmt":"2025-12-21T18:25:44","slug":"bang-brave-bang-braver-pop-up-parade-swaccao-isami-ao","status":"publish","type":"product","link":"https:\/\/animefigurer.se\/en\/figurer\/brave-bang-bravern\/bang-brave-bang-braver-pop-up-parade-swacchao-isami-ao\/","title":{"rendered":"Bang Brave Bang Braver Pop Up Parade Swacchao! Isami Ao"},"content":{"rendered":"<p>Seated figures you can place almost anywhere\u2014Swacchao!<\/p>\n<p>POP UP PARADE Swacchao! is an affordable series of charming seated figures that are easy to display on shelves, desks or other surfaces.<\/p>","protected":false},"excerpt":{"rendered":"<p>Seated figures you can place almost anywhere\u2014Swacchao!<\/p>\n<p>POP UP PARADE Swacchao! is an affordable series of charming seated figures that are easy to display on shelves, desks or other surfaces.<\/p>","protected":false},"featured_media":11911,"comment_status":"closed","ping_status":"open","template":"","meta":{"_acf_changed":false,"_monsterinsights_skip_tracking":false,"_monsterinsights_sitenote_active":false,"_monsterinsights_sitenote_note":"","_monsterinsights_sitenote_category":0},"product_brand":[6890],"product_cat":[1102],"product_tag":[24],"giftcard-category":[],"class_list":{"0":"post-11910","1":"product","2":"type-product","3":"status-publish","4":"has-post-thumbnail","6":"product_brand-good-smile-company","7":"product_cat-brave-bang-bravern","8":"product_tag-2-3-weeks","9":"pa_franchise-bang-brave-bang-braver","10":"pa_karaktar-isami-ao","11":"pa_material-pvc-abs","12":"pa_produktserie-pop-up-parade-swacchao","13":"pa_storlek-8-cm","15":"first","16":"instock","17":"taxable","18":"shipping-taxable","19":"purchasable","20":"product-type-simple"},"acf":[],"yoast_head":"<!-- This site is optimized with the Yoast SEO Premium plugin v24.6 (Yoast SEO v27.3) - https:\/\/yoast.com\/product\/yoast-seo-premium-wordpress\/ -->\n<title>Bang Brave Bang Braver Pop Up Parade Swacchao! Isami Ao | Animefigurer.se<\/title>\n<meta name=\"robots\" content=\"index, follow, max-snippet:-1, max-image-preview:large, max-video-preview:-1\" \/>\n<link rel=\"canonical\" href=\"https:\/\/animefigurer.se\/en\/figurer\/brave-bang-bravern\/bang-brave-bang-braver-pop-up-parade-swaccao-isami-ao\/\" \/>\n<meta property=\"og:locale\" content=\"en_GB\" \/>\n<meta property=\"og:type\" content=\"article\" \/>\n<meta property=\"og:title\" content=\"Bang Brave Bang Braver Pop Up Parade Swacchao! Isami Ao\" \/>\n<meta property=\"og:description\" content=\"Sittande figurer du kan placera n\u00e4stan var som helst\u2014Swacchao! POP UP PARADE Swacchao! \u00e4r en prisv\u00e4rd serie med charmiga sittande figurer som \u00e4r enkla att visa upp p\u00e5 hyllor, skrivbord eller andra ytor.\" \/>\n<meta property=\"og:url\" content=\"https:\/\/animefigurer.se\/en\/figurer\/brave-bang-bravern\/bang-brave-bang-braver-pop-up-parade-swaccao-isami-ao\/\" \/>\n<meta property=\"og:site_name\" content=\"Animefigurer.se\" \/>\n<meta property=\"article:publisher\" content=\"https:\/\/www.facebook.com\/profile.php?id=61581826539670\" \/>\n<meta property=\"article:modified_time\" content=\"2025-12-21T18:25:44+00:00\" \/>\n<meta property=\"og:image\" content=\"https:\/\/animefigurer.se\/wp-content\/uploads\/2025\/12\/Animefigurer_logowhite.png\" \/>\n\t<meta property=\"og:image:width\" content=\"1890\" \/>\n\t<meta property=\"og:image:height\" content=\"1417\" \/>\n\t<meta property=\"og:image:type\" content=\"image\/png\" \/>\n<meta name=\"twitter:card\" content=\"summary_large_image\" \/>\n<script type=\"application\/ld+json\" class=\"yoast-schema-graph\">{\"@context\":\"https:\\\/\\\/schema.org\",\"@graph\":[{\"@type\":\"WebPage\",\"@id\":\"https:\\\/\\\/animefigurer.se\\\/figurer\\\/brave-bang-bravern\\\/bang-brave-bang-braver-pop-up-parade-swacchao-isami-ao\\\/\",\"url\":\"https:\\\/\\\/animefigurer.se\\\/figurer\\\/brave-bang-bravern\\\/bang-brave-bang-braver-pop-up-parade-swacchao-isami-ao\\\/\",\"name\":\"Bang Brave Bang Braver Pop Up Parade Swacchao! Isami Ao | Animefigurer.se\",\"isPartOf\":{\"@id\":\"https:\\\/\\\/animefigurer.se\\\/#website\"},\"primaryImageOfPage\":{\"@id\":\"https:\\\/\\\/animefigurer.se\\\/figurer\\\/brave-bang-bravern\\\/bang-brave-bang-braver-pop-up-parade-swacchao-isami-ao\\\/#primaryimage\"},\"image\":{\"@id\":\"https:\\\/\\\/animefigurer.se\\\/figurer\\\/brave-bang-bravern\\\/bang-brave-bang-braver-pop-up-parade-swacchao-isami-ao\\\/#primaryimage\"},\"thumbnailUrl\":\"https:\\\/\\\/animefigurer.se\\\/wp-content\\\/uploads\\\/2025\\\/10\\\/669fc70635be7.jpeg\",\"datePublished\":\"2025-10-20T15:03:10+00:00\",\"dateModified\":\"2025-12-21T18:25:44+00:00\",\"breadcrumb\":{\"@id\":\"https:\\\/\\\/animefigurer.se\\\/figurer\\\/brave-bang-bravern\\\/bang-brave-bang-braver-pop-up-parade-swacchao-isami-ao\\\/#breadcrumb\"},\"inLanguage\":\"en-GB\",\"potentialAction\":[{\"@type\":\"ReadAction\",\"target\":[\"https:\\\/\\\/animefigurer.se\\\/figurer\\\/brave-bang-bravern\\\/bang-brave-bang-braver-pop-up-parade-swacchao-isami-ao\\\/\"]}]},{\"@type\":\"ImageObject\",\"inLanguage\":\"en-GB\",\"@id\":\"https:\\\/\\\/animefigurer.se\\\/figurer\\\/brave-bang-bravern\\\/bang-brave-bang-braver-pop-up-parade-swacchao-isami-ao\\\/#primaryimage\",\"url\":\"https:\\\/\\\/animefigurer.se\\\/wp-content\\\/uploads\\\/2025\\\/10\\\/669fc70635be7.jpeg\",\"contentUrl\":\"https:\\\/\\\/animefigurer.se\\\/wp-content\\\/uploads\\\/2025\\\/10\\\/669fc70635be7.jpeg\",\"width\":720,\"height\":540},{\"@type\":\"BreadcrumbList\",\"@id\":\"https:\\\/\\\/animefigurer.se\\\/figurer\\\/brave-bang-bravern\\\/bang-brave-bang-braver-pop-up-parade-swacchao-isami-ao\\\/#breadcrumb\",\"itemListElement\":[{\"@type\":\"ListItem\",\"position\":1,\"name\":\"Home\",\"item\":\"https:\\\/\\\/animefigurer.se\\\/\"},{\"@type\":\"ListItem\",\"position\":2,\"name\":\"Butik\",\"item\":\"https:\\\/\\\/animefigurer.se\\\/figurer\\\/\"},{\"@type\":\"ListItem\",\"position\":3,\"name\":\"Bang Brave Bang Braver Pop Up Parade Swacchao! Isami Ao\"}]},{\"@type\":\"WebSite\",\"@id\":\"https:\\\/\\\/animefigurer.se\\\/#website\",\"url\":\"https:\\\/\\\/animefigurer.se\\\/\",\"name\":\"Animefigurer.se\",\"description\":\"Anime figurer fr\u00e5n \u00f6ver 300 olika anime serier med \u00f6ver 9000 produkter | Anime Shop\",\"publisher\":{\"@id\":\"https:\\\/\\\/animefigurer.se\\\/#organization\"},\"potentialAction\":[{\"@type\":\"SearchAction\",\"target\":{\"@type\":\"EntryPoint\",\"urlTemplate\":\"https:\\\/\\\/animefigurer.se\\\/?s={search_term_string}\"},\"query-input\":{\"@type\":\"PropertyValueSpecification\",\"valueRequired\":true,\"valueName\":\"search_term_string\"}}],\"inLanguage\":\"en-GB\"},{\"@type\":\"Organization\",\"@id\":\"https:\\\/\\\/animefigurer.se\\\/#organization\",\"name\":\"Animefigurer.se\",\"alternateName\":\"Anime figurer | Anime shop\",\"url\":\"https:\\\/\\\/animefigurer.se\\\/\",\"logo\":{\"@type\":\"ImageObject\",\"inLanguage\":\"en-GB\",\"@id\":\"https:\\\/\\\/animefigurer.se\\\/#\\\/schema\\\/logo\\\/image\\\/\",\"url\":\"https:\\\/\\\/animefigurer.se\\\/wp-content\\\/uploads\\\/2025\\\/12\\\/Animefigurer_logowhite.png\",\"contentUrl\":\"https:\\\/\\\/animefigurer.se\\\/wp-content\\\/uploads\\\/2025\\\/12\\\/Animefigurer_logowhite.png\",\"width\":1890,\"height\":1417,\"caption\":\"Animefigurer.se\"},\"image\":{\"@id\":\"https:\\\/\\\/animefigurer.se\\\/#\\\/schema\\\/logo\\\/image\\\/\"},\"sameAs\":[\"https:\\\/\\\/www.facebook.com\\\/profile.php?id=61581826539670\",\"https:\\\/\\\/www.instagram.com\\\/animefigurer.se\\\/\"],\"email\":\"info@animefigurer.se\"}]}<\/script>\n<!-- \/ Yoast SEO Premium plugin. -->","yoast_head_json":{"title":"Bang Brave Bang Braver Pop Up Parade Swacchao! Isami Ao | Animefigurer.se","robots":{"index":"index","follow":"follow","max-snippet":"max-snippet:-1","max-image-preview":"max-image-preview:large","max-video-preview":"max-video-preview:-1"},"canonical":"https:\/\/animefigurer.se\/en\/figurer\/brave-bang-bravern\/bang-brave-bang-braver-pop-up-parade-swaccao-isami-ao\/","og_locale":"en_GB","og_type":"article","og_title":"Bang Brave Bang Braver Pop Up Parade Swacchao! Isami Ao","og_description":"Sittande figurer du kan placera n\u00e4stan var som helst\u2014Swacchao! POP UP PARADE Swacchao! \u00e4r en prisv\u00e4rd serie med charmiga sittande figurer som \u00e4r enkla att visa upp p\u00e5 hyllor, skrivbord eller andra ytor.","og_url":"https:\/\/animefigurer.se\/en\/figurer\/brave-bang-bravern\/bang-brave-bang-braver-pop-up-parade-swaccao-isami-ao\/","og_site_name":"Animefigurer.se","article_publisher":"https:\/\/www.facebook.com\/profile.php?id=61581826539670","article_modified_time":"2025-12-21T18:25:44+00:00","og_image":[{"width":1890,"height":1417,"url":"https:\/\/animefigurer.se\/wp-content\/uploads\/2025\/12\/Animefigurer_logowhite.png","type":"image\/png"}],"twitter_card":"summary_large_image","schema":{"@context":"https:\/\/schema.org","@graph":[{"@type":"WebPage","@id":"https:\/\/animefigurer.se\/figurer\/brave-bang-bravern\/bang-brave-bang-braver-pop-up-parade-swacchao-isami-ao\/","url":"https:\/\/animefigurer.se\/figurer\/brave-bang-bravern\/bang-brave-bang-braver-pop-up-parade-swacchao-isami-ao\/","name":"Bang Brave Bang Braver Pop Up Parade Swacchao! Isami Ao | Animefigurer.se","isPartOf":{"@id":"https:\/\/animefigurer.se\/#website"},"primaryImageOfPage":{"@id":"https:\/\/animefigurer.se\/figurer\/brave-bang-bravern\/bang-brave-bang-braver-pop-up-parade-swacchao-isami-ao\/#primaryimage"},"image":{"@id":"https:\/\/animefigurer.se\/figurer\/brave-bang-bravern\/bang-brave-bang-braver-pop-up-parade-swacchao-isami-ao\/#primaryimage"},"thumbnailUrl":"https:\/\/animefigurer.se\/wp-content\/uploads\/2025\/10\/669fc70635be7.jpeg","datePublished":"2025-10-20T15:03:10+00:00","dateModified":"2025-12-21T18:25:44+00:00","breadcrumb":{"@id":"https:\/\/animefigurer.se\/figurer\/brave-bang-bravern\/bang-brave-bang-braver-pop-up-parade-swacchao-isami-ao\/#breadcrumb"},"inLanguage":"en-GB","potentialAction":[{"@type":"ReadAction","target":["https:\/\/animefigurer.se\/figurer\/brave-bang-bravern\/bang-brave-bang-braver-pop-up-parade-swacchao-isami-ao\/"]}]},{"@type":"ImageObject","inLanguage":"en-GB","@id":"https:\/\/animefigurer.se\/figurer\/brave-bang-bravern\/bang-brave-bang-braver-pop-up-parade-swacchao-isami-ao\/#primaryimage","url":"https:\/\/animefigurer.se\/wp-content\/uploads\/2025\/10\/669fc70635be7.jpeg","contentUrl":"https:\/\/animefigurer.se\/wp-content\/uploads\/2025\/10\/669fc70635be7.jpeg","width":720,"height":540},{"@type":"BreadcrumbList","@id":"https:\/\/animefigurer.se\/figurer\/brave-bang-bravern\/bang-brave-bang-braver-pop-up-parade-swacchao-isami-ao\/#breadcrumb","itemListElement":[{"@type":"ListItem","position":1,"name":"Home","item":"https:\/\/animefigurer.se\/"},{"@type":"ListItem","position":2,"name":"Butik","item":"https:\/\/animefigurer.se\/figurer\/"},{"@type":"ListItem","position":3,"name":"Bang Brave Bang Braver Pop Up Parade Swacchao! Isami Ao"}]},{"@type":"WebSite","@id":"https:\/\/animefigurer.se\/#website","url":"https:\/\/animefigurer.se\/","name":"Animefigurer.se","description":"Anime figures from over 300 different anime series with over 9000 products | Anime Shop","publisher":{"@id":"https:\/\/animefigurer.se\/#organization"},"potentialAction":[{"@type":"SearchAction","target":{"@type":"EntryPoint","urlTemplate":"https:\/\/animefigurer.se\/?s={search_term_string}"},"query-input":{"@type":"PropertyValueSpecification","valueRequired":true,"valueName":"search_term_string"}}],"inLanguage":"en-GB"},{"@type":"Organization","@id":"https:\/\/animefigurer.se\/#organization","name":"Animefigurer.se","alternateName":"Anime figurer | Anime shop","url":"https:\/\/animefigurer.se\/","logo":{"@type":"ImageObject","inLanguage":"en-GB","@id":"https:\/\/animefigurer.se\/#\/schema\/logo\/image\/","url":"https:\/\/animefigurer.se\/wp-content\/uploads\/2025\/12\/Animefigurer_logowhite.png","contentUrl":"https:\/\/animefigurer.se\/wp-content\/uploads\/2025\/12\/Animefigurer_logowhite.png","width":1890,"height":1417,"caption":"Animefigurer.se"},"image":{"@id":"https:\/\/animefigurer.se\/#\/schema\/logo\/image\/"},"sameAs":["https:\/\/www.facebook.com\/profile.php?id=61581826539670","https:\/\/www.instagram.com\/animefigurer.se\/"],"email":"info@animefigurer.se"}]}},"_links":{"self":[{"href":"https:\/\/animefigurer.se\/en\/wp-json\/wp\/v2\/product\/11910","targetHints":{"allow":["GET"]}}],"collection":[{"href":"https:\/\/animefigurer.se\/en\/wp-json\/wp\/v2\/product"}],"about":[{"href":"https:\/\/animefigurer.se\/en\/wp-json\/wp\/v2\/types\/product"}],"replies":[{"embeddable":true,"href":"https:\/\/animefigurer.se\/en\/wp-json\/wp\/v2\/comments?post=11910"}],"wp:featuredmedia":[{"embeddable":true,"href":"https:\/\/animefigurer.se\/en\/wp-json\/wp\/v2\/media\/11911"}],"wp:attachment":[{"href":"https:\/\/animefigurer.se\/en\/wp-json\/wp\/v2\/media?parent=11910"}],"wp:term":[{"taxonomy":"product_brand","embeddable":true,"href":"https:\/\/animefigurer.se\/en\/wp-json\/wp\/v2\/product_brand?post=11910"},{"taxonomy":"product_cat","embeddable":true,"href":"https:\/\/animefigurer.se\/en\/wp-json\/wp\/v2\/product_cat?post=11910"},{"taxonomy":"product_tag","embeddable":true,"href":"https:\/\/animefigurer.se\/en\/wp-json\/wp\/v2\/product_tag?post=11910"},{"taxonomy":"giftcard-category","embeddable":true,"href":"https:\/\/animefigurer.se\/en\/wp-json\/wp\/v2\/giftcard-category?post=11910"}],"curies":[{"name":"wp","href":"https:\/\/api.w.org\/{rel}","templated":true}]}}