{"id":11420,"date":"2025-10-20T17:01:38","date_gmt":"2025-10-20T15:01:38","guid":{"rendered":"https:\/\/animefigurer.se\/produkt\/bocchi-the-rock-hitori-gotoh-deformed-figure\/"},"modified":"2025-12-21T19:25:39","modified_gmt":"2025-12-21T18:25:39","slug":"bocchi-the-rock-hitori-gotoh-deformed-figure","status":"publish","type":"product","link":"https:\/\/animefigurer.se\/en\/figurer\/bocchi-the-rock\/bocchi-the-rock-hitori-gotoh-deformed-figure\/","title":{"rendered":"Bocchi the Rock! Hitori Gotoh Deformed Figure"},"content":{"rendered":"<p>The deformed illustration of Hitori Gotoh, created by Amelicart, has now become a figure. We have carefully captured the soft and adorable feel of the illustration. Despite its small size, the figure perfectly reproduces the detailed colors and storybook style. This cute &#039;Bocchi-chan&#039; is definitely one you will want to add to your collection.<\/p>","protected":false},"excerpt":{"rendered":"<p>The deformed illustration of Hitori Gotoh, created by Amelicart, has now become a figure. We have carefully captured the soft and adorable feel of the illustration. Despite its small size, the figure perfectly reproduces the detailed colors and storybook style. This cute &#039;Bocchi-chan&#039; is definitely one to want<\/p>","protected":false},"featured_media":11421,"comment_status":"closed","ping_status":"open","template":"","meta":{"_acf_changed":false,"_monsterinsights_skip_tracking":false,"_monsterinsights_sitenote_active":false,"_monsterinsights_sitenote_note":"","_monsterinsights_sitenote_category":0},"product_brand":[6913],"product_cat":[1070],"product_tag":[24],"giftcard-category":[],"class_list":{"0":"post-11420","1":"product","2":"type-product","3":"status-publish","4":"has-post-thumbnail","6":"product_brand-aniplex","7":"product_cat-bocchi-the-rock","8":"product_tag-2-3-weeks","9":"pa_franchise-bocchi-the-rock","10":"pa_karaktar-hitori-gotoh","11":"pa_material-pvc-abs","12":"pa_storlek-10-cm","14":"first","15":"instock","16":"taxable","17":"shipping-taxable","18":"purchasable","19":"product-type-simple"},"acf":[],"yoast_head":"<!-- This site is optimized with the Yoast SEO Premium plugin v24.6 (Yoast SEO v27.3) - https:\/\/yoast.com\/product\/yoast-seo-premium-wordpress\/ -->\n<title>Bocchi the Rock! Hitori Gotoh Deformed Figure | Animefigurer.se<\/title>\n<meta name=\"robots\" content=\"index, follow, max-snippet:-1, max-image-preview:large, max-video-preview:-1\" \/>\n<link rel=\"canonical\" href=\"https:\/\/animefigurer.se\/en\/figurer\/bocchi-the-rock\/bocchi-the-rock-hitori-gotoh-deformed-figure\/\" \/>\n<meta property=\"og:locale\" content=\"en_GB\" \/>\n<meta property=\"og:type\" content=\"article\" \/>\n<meta property=\"og:title\" content=\"Bocchi the Rock! Hitori Gotoh Deformed Figure\" \/>\n<meta property=\"og:description\" content=\"Den deformerade illustrationen av Hitori Gotoh, skapad av Amelicart, har nu blivit en figur. Vi har noggrant f\u00e5ngat illustrationens mjuka och bed\u00e5rande k\u00e4nsla. Trots sin lilla storlek \u00e5terger figuren de detaljrika f\u00e4rgerna och den sagobokslika stilen perfekt. Denna s\u00f6ta &#039;Bocchi-chan&#039; vill du definit\" \/>\n<meta property=\"og:url\" content=\"https:\/\/animefigurer.se\/en\/figurer\/bocchi-the-rock\/bocchi-the-rock-hitori-gotoh-deformed-figure\/\" \/>\n<meta property=\"og:site_name\" content=\"Animefigurer.se\" \/>\n<meta property=\"article:publisher\" content=\"https:\/\/www.facebook.com\/profile.php?id=61581826539670\" \/>\n<meta property=\"article:modified_time\" content=\"2025-12-21T18:25:39+00:00\" \/>\n<meta property=\"og:image\" content=\"https:\/\/animefigurer.se\/wp-content\/uploads\/2025\/12\/Animefigurer_logowhite.png\" \/>\n\t<meta property=\"og:image:width\" content=\"1890\" \/>\n\t<meta property=\"og:image:height\" content=\"1417\" \/>\n\t<meta property=\"og:image:type\" content=\"image\/png\" \/>\n<meta name=\"twitter:card\" content=\"summary_large_image\" \/>\n<script type=\"application\/ld+json\" class=\"yoast-schema-graph\">{\"@context\":\"https:\\\/\\\/schema.org\",\"@graph\":[{\"@type\":\"WebPage\",\"@id\":\"https:\\\/\\\/animefigurer.se\\\/figurer\\\/bocchi-the-rock\\\/bocchi-the-rock-hitori-gotoh-deformed-figure\\\/\",\"url\":\"https:\\\/\\\/animefigurer.se\\\/figurer\\\/bocchi-the-rock\\\/bocchi-the-rock-hitori-gotoh-deformed-figure\\\/\",\"name\":\"Bocchi the Rock! Hitori Gotoh Deformed Figure | Animefigurer.se\",\"isPartOf\":{\"@id\":\"https:\\\/\\\/animefigurer.se\\\/#website\"},\"primaryImageOfPage\":{\"@id\":\"https:\\\/\\\/animefigurer.se\\\/figurer\\\/bocchi-the-rock\\\/bocchi-the-rock-hitori-gotoh-deformed-figure\\\/#primaryimage\"},\"image\":{\"@id\":\"https:\\\/\\\/animefigurer.se\\\/figurer\\\/bocchi-the-rock\\\/bocchi-the-rock-hitori-gotoh-deformed-figure\\\/#primaryimage\"},\"thumbnailUrl\":\"https:\\\/\\\/animefigurer.se\\\/wp-content\\\/uploads\\\/2025\\\/10\\\/1719333394667ae85fa9668.jpeg\",\"datePublished\":\"2025-10-20T15:01:38+00:00\",\"dateModified\":\"2025-12-21T18:25:39+00:00\",\"breadcrumb\":{\"@id\":\"https:\\\/\\\/animefigurer.se\\\/figurer\\\/bocchi-the-rock\\\/bocchi-the-rock-hitori-gotoh-deformed-figure\\\/#breadcrumb\"},\"inLanguage\":\"en-GB\",\"potentialAction\":[{\"@type\":\"ReadAction\",\"target\":[\"https:\\\/\\\/animefigurer.se\\\/figurer\\\/bocchi-the-rock\\\/bocchi-the-rock-hitori-gotoh-deformed-figure\\\/\"]}]},{\"@type\":\"ImageObject\",\"inLanguage\":\"en-GB\",\"@id\":\"https:\\\/\\\/animefigurer.se\\\/figurer\\\/bocchi-the-rock\\\/bocchi-the-rock-hitori-gotoh-deformed-figure\\\/#primaryimage\",\"url\":\"https:\\\/\\\/animefigurer.se\\\/wp-content\\\/uploads\\\/2025\\\/10\\\/1719333394667ae85fa9668.jpeg\",\"contentUrl\":\"https:\\\/\\\/animefigurer.se\\\/wp-content\\\/uploads\\\/2025\\\/10\\\/1719333394667ae85fa9668.jpeg\",\"width\":720,\"height\":540},{\"@type\":\"BreadcrumbList\",\"@id\":\"https:\\\/\\\/animefigurer.se\\\/figurer\\\/bocchi-the-rock\\\/bocchi-the-rock-hitori-gotoh-deformed-figure\\\/#breadcrumb\",\"itemListElement\":[{\"@type\":\"ListItem\",\"position\":1,\"name\":\"Home\",\"item\":\"https:\\\/\\\/animefigurer.se\\\/\"},{\"@type\":\"ListItem\",\"position\":2,\"name\":\"Butik\",\"item\":\"https:\\\/\\\/animefigurer.se\\\/figurer\\\/\"},{\"@type\":\"ListItem\",\"position\":3,\"name\":\"Bocchi the Rock! Hitori Gotoh Deformed Figure\"}]},{\"@type\":\"WebSite\",\"@id\":\"https:\\\/\\\/animefigurer.se\\\/#website\",\"url\":\"https:\\\/\\\/animefigurer.se\\\/\",\"name\":\"Animefigurer.se\",\"description\":\"Anime figurer fr\u00e5n \u00f6ver 300 olika anime serier med \u00f6ver 9000 produkter | Anime Shop\",\"publisher\":{\"@id\":\"https:\\\/\\\/animefigurer.se\\\/#organization\"},\"potentialAction\":[{\"@type\":\"SearchAction\",\"target\":{\"@type\":\"EntryPoint\",\"urlTemplate\":\"https:\\\/\\\/animefigurer.se\\\/?s={search_term_string}\"},\"query-input\":{\"@type\":\"PropertyValueSpecification\",\"valueRequired\":true,\"valueName\":\"search_term_string\"}}],\"inLanguage\":\"en-GB\"},{\"@type\":\"Organization\",\"@id\":\"https:\\\/\\\/animefigurer.se\\\/#organization\",\"name\":\"Animefigurer.se\",\"alternateName\":\"Anime figurer | Anime shop\",\"url\":\"https:\\\/\\\/animefigurer.se\\\/\",\"logo\":{\"@type\":\"ImageObject\",\"inLanguage\":\"en-GB\",\"@id\":\"https:\\\/\\\/animefigurer.se\\\/#\\\/schema\\\/logo\\\/image\\\/\",\"url\":\"https:\\\/\\\/animefigurer.se\\\/wp-content\\\/uploads\\\/2025\\\/12\\\/Animefigurer_logowhite.png\",\"contentUrl\":\"https:\\\/\\\/animefigurer.se\\\/wp-content\\\/uploads\\\/2025\\\/12\\\/Animefigurer_logowhite.png\",\"width\":1890,\"height\":1417,\"caption\":\"Animefigurer.se\"},\"image\":{\"@id\":\"https:\\\/\\\/animefigurer.se\\\/#\\\/schema\\\/logo\\\/image\\\/\"},\"sameAs\":[\"https:\\\/\\\/www.facebook.com\\\/profile.php?id=61581826539670\",\"https:\\\/\\\/www.instagram.com\\\/animefigurer.se\\\/\"],\"email\":\"info@animefigurer.se\"}]}<\/script>\n<!-- \/ Yoast SEO Premium plugin. -->","yoast_head_json":{"title":"Bocchi the Rock! Hitori Gotoh Deformed Figure | Animefigurer.se","robots":{"index":"index","follow":"follow","max-snippet":"max-snippet:-1","max-image-preview":"max-image-preview:large","max-video-preview":"max-video-preview:-1"},"canonical":"https:\/\/animefigurer.se\/en\/figurer\/bocchi-the-rock\/bocchi-the-rock-hitori-gotoh-deformed-figure\/","og_locale":"en_GB","og_type":"article","og_title":"Bocchi the Rock! Hitori Gotoh Deformed Figure","og_description":"Den deformerade illustrationen av Hitori Gotoh, skapad av Amelicart, har nu blivit en figur. Vi har noggrant f\u00e5ngat illustrationens mjuka och bed\u00e5rande k\u00e4nsla. Trots sin lilla storlek \u00e5terger figuren de detaljrika f\u00e4rgerna och den sagobokslika stilen perfekt. Denna s\u00f6ta 'Bocchi-chan' vill du definit","og_url":"https:\/\/animefigurer.se\/en\/figurer\/bocchi-the-rock\/bocchi-the-rock-hitori-gotoh-deformed-figure\/","og_site_name":"Animefigurer.se","article_publisher":"https:\/\/www.facebook.com\/profile.php?id=61581826539670","article_modified_time":"2025-12-21T18:25:39+00:00","og_image":[{"width":1890,"height":1417,"url":"https:\/\/animefigurer.se\/wp-content\/uploads\/2025\/12\/Animefigurer_logowhite.png","type":"image\/png"}],"twitter_card":"summary_large_image","schema":{"@context":"https:\/\/schema.org","@graph":[{"@type":"WebPage","@id":"https:\/\/animefigurer.se\/figurer\/bocchi-the-rock\/bocchi-the-rock-hitori-gotoh-deformed-figure\/","url":"https:\/\/animefigurer.se\/figurer\/bocchi-the-rock\/bocchi-the-rock-hitori-gotoh-deformed-figure\/","name":"Bocchi the Rock! Hitori Gotoh Deformed Figure | Animefigurer.se","isPartOf":{"@id":"https:\/\/animefigurer.se\/#website"},"primaryImageOfPage":{"@id":"https:\/\/animefigurer.se\/figurer\/bocchi-the-rock\/bocchi-the-rock-hitori-gotoh-deformed-figure\/#primaryimage"},"image":{"@id":"https:\/\/animefigurer.se\/figurer\/bocchi-the-rock\/bocchi-the-rock-hitori-gotoh-deformed-figure\/#primaryimage"},"thumbnailUrl":"https:\/\/animefigurer.se\/wp-content\/uploads\/2025\/10\/1719333394667ae85fa9668.jpeg","datePublished":"2025-10-20T15:01:38+00:00","dateModified":"2025-12-21T18:25:39+00:00","breadcrumb":{"@id":"https:\/\/animefigurer.se\/figurer\/bocchi-the-rock\/bocchi-the-rock-hitori-gotoh-deformed-figure\/#breadcrumb"},"inLanguage":"en-GB","potentialAction":[{"@type":"ReadAction","target":["https:\/\/animefigurer.se\/figurer\/bocchi-the-rock\/bocchi-the-rock-hitori-gotoh-deformed-figure\/"]}]},{"@type":"ImageObject","inLanguage":"en-GB","@id":"https:\/\/animefigurer.se\/figurer\/bocchi-the-rock\/bocchi-the-rock-hitori-gotoh-deformed-figure\/#primaryimage","url":"https:\/\/animefigurer.se\/wp-content\/uploads\/2025\/10\/1719333394667ae85fa9668.jpeg","contentUrl":"https:\/\/animefigurer.se\/wp-content\/uploads\/2025\/10\/1719333394667ae85fa9668.jpeg","width":720,"height":540},{"@type":"BreadcrumbList","@id":"https:\/\/animefigurer.se\/figurer\/bocchi-the-rock\/bocchi-the-rock-hitori-gotoh-deformed-figure\/#breadcrumb","itemListElement":[{"@type":"ListItem","position":1,"name":"Home","item":"https:\/\/animefigurer.se\/"},{"@type":"ListItem","position":2,"name":"Butik","item":"https:\/\/animefigurer.se\/figurer\/"},{"@type":"ListItem","position":3,"name":"Bocchi the Rock! Hitori Gotoh Deformed Figure"}]},{"@type":"WebSite","@id":"https:\/\/animefigurer.se\/#website","url":"https:\/\/animefigurer.se\/","name":"Animefigurer.se","description":"Anime figures from over 300 different anime series with over 9000 products | Anime Shop","publisher":{"@id":"https:\/\/animefigurer.se\/#organization"},"potentialAction":[{"@type":"SearchAction","target":{"@type":"EntryPoint","urlTemplate":"https:\/\/animefigurer.se\/?s={search_term_string}"},"query-input":{"@type":"PropertyValueSpecification","valueRequired":true,"valueName":"search_term_string"}}],"inLanguage":"en-GB"},{"@type":"Organization","@id":"https:\/\/animefigurer.se\/#organization","name":"Animefigurer.se","alternateName":"Anime figurer | Anime shop","url":"https:\/\/animefigurer.se\/","logo":{"@type":"ImageObject","inLanguage":"en-GB","@id":"https:\/\/animefigurer.se\/#\/schema\/logo\/image\/","url":"https:\/\/animefigurer.se\/wp-content\/uploads\/2025\/12\/Animefigurer_logowhite.png","contentUrl":"https:\/\/animefigurer.se\/wp-content\/uploads\/2025\/12\/Animefigurer_logowhite.png","width":1890,"height":1417,"caption":"Animefigurer.se"},"image":{"@id":"https:\/\/animefigurer.se\/#\/schema\/logo\/image\/"},"sameAs":["https:\/\/www.facebook.com\/profile.php?id=61581826539670","https:\/\/www.instagram.com\/animefigurer.se\/"],"email":"info@animefigurer.se"}]}},"_links":{"self":[{"href":"https:\/\/animefigurer.se\/en\/wp-json\/wp\/v2\/product\/11420","targetHints":{"allow":["GET"]}}],"collection":[{"href":"https:\/\/animefigurer.se\/en\/wp-json\/wp\/v2\/product"}],"about":[{"href":"https:\/\/animefigurer.se\/en\/wp-json\/wp\/v2\/types\/product"}],"replies":[{"embeddable":true,"href":"https:\/\/animefigurer.se\/en\/wp-json\/wp\/v2\/comments?post=11420"}],"wp:featuredmedia":[{"embeddable":true,"href":"https:\/\/animefigurer.se\/en\/wp-json\/wp\/v2\/media\/11421"}],"wp:attachment":[{"href":"https:\/\/animefigurer.se\/en\/wp-json\/wp\/v2\/media?parent=11420"}],"wp:term":[{"taxonomy":"product_brand","embeddable":true,"href":"https:\/\/animefigurer.se\/en\/wp-json\/wp\/v2\/product_brand?post=11420"},{"taxonomy":"product_cat","embeddable":true,"href":"https:\/\/animefigurer.se\/en\/wp-json\/wp\/v2\/product_cat?post=11420"},{"taxonomy":"product_tag","embeddable":true,"href":"https:\/\/animefigurer.se\/en\/wp-json\/wp\/v2\/product_tag?post=11420"},{"taxonomy":"giftcard-category","embeddable":true,"href":"https:\/\/animefigurer.se\/en\/wp-json\/wp\/v2\/giftcard-category?post=11420"}],"curies":[{"name":"wp","href":"https:\/\/api.w.org\/{rel}","templated":true}]}}