{"id":11180,"date":"2025-10-20T17:00:26","date_gmt":"2025-10-20T15:00:26","guid":{"rendered":"https:\/\/animefigurer.se\/produkt\/blue-lock-look-up-series-rin-itoshi-japanese-national-player-match-ver\/"},"modified":"2025-12-21T19:25:36","modified_gmt":"2025-12-21T18:25:36","slug":"blue-lock-look-up-series-rin-itoshi-japanese-national-player-match-ver","status":"publish","type":"product","link":"https:\/\/animefigurer.se\/en\/figurer\/blue-lock\/blue-lock-look-up-series-rin-itoshi-japanese-national-player-match-ver\/","title":{"rendered":"Blue Lock Look Up Series Rin Itoshi (Japanese National Player Match Ver.)"},"content":{"rendered":"<p>The Look Up series consists of figures posed sitting and looking upwards, allowing them to be displayed at your side and always appear to be looking up at you. The necks have joints so that the heads can be directed towards the viewer.<\/p>","protected":false},"excerpt":{"rendered":"<p>The Look Up series consists of figures posed sitting and looking upwards, allowing them to be displayed at your side and always appear to be looking up at you. The necks have joints so that the heads can be directed towards the viewer.<\/p>","protected":false},"featured_media":11181,"comment_status":"closed","ping_status":"open","template":"","meta":{"_acf_changed":false,"_monsterinsights_skip_tracking":false,"_monsterinsights_sitenote_active":false,"_monsterinsights_sitenote_note":"","_monsterinsights_sitenote_category":0},"product_brand":[7061],"product_cat":[1051],"product_tag":[24],"giftcard-category":[],"class_list":{"0":"post-11180","1":"product","2":"type-product","3":"status-publish","4":"has-post-thumbnail","6":"product_brand-megahouse","7":"product_cat-blue-lock","8":"product_tag-2-3-weeks","9":"pa_franchise-blue-lock","10":"pa_karaktar-rin-itoshi","11":"pa_material-pvc-abs","12":"pa_produktserie-look-up-series","13":"pa_storlek-11-cm","15":"first","16":"instock","17":"taxable","18":"shipping-taxable","19":"purchasable","20":"product-type-simple"},"acf":[],"yoast_head":"<!-- This site is optimized with the Yoast SEO Premium plugin v24.6 (Yoast SEO v27.4) - https:\/\/yoast.com\/product\/yoast-seo-premium-wordpress\/ -->\n<title>Blue Lock Look Up Series Rin Itoshi (Japanese National Player Match Ver.) | Animefigurer.se<\/title>\n<meta name=\"robots\" content=\"index, follow, max-snippet:-1, max-image-preview:large, max-video-preview:-1\" \/>\n<link rel=\"canonical\" href=\"https:\/\/animefigurer.se\/en\/figurer\/blue-lock\/blue-lock-look-up-series-rin-itoshi-japanese-national-player-match-ver\/\" \/>\n<meta property=\"og:locale\" content=\"en_GB\" \/>\n<meta property=\"og:type\" content=\"article\" \/>\n<meta property=\"og:title\" content=\"Blue Lock Look Up Series Rin Itoshi (Japanese National Player Match Ver.)\" \/>\n<meta property=\"og:description\" content=\"Look Up-serien best\u00e5r av figurer poserade sittande och blickande upp\u00e5t, vilket l\u00e5ter dem visas vid din sida och alltid se ut att titta upp mot dig. Halsarna har leder s\u00e5 att huvudena kan riktas mot betraktaren.\" \/>\n<meta property=\"og:url\" content=\"https:\/\/animefigurer.se\/en\/figurer\/blue-lock\/blue-lock-look-up-series-rin-itoshi-japanese-national-player-match-ver\/\" \/>\n<meta property=\"og:site_name\" content=\"Animefigurer.se\" \/>\n<meta property=\"article:publisher\" content=\"https:\/\/www.facebook.com\/profile.php?id=61581826539670\" \/>\n<meta property=\"article:modified_time\" content=\"2025-12-21T18:25:36+00:00\" \/>\n<meta property=\"og:image\" content=\"https:\/\/animefigurer.se\/wp-content\/uploads\/2025\/12\/Animefigurer_logowhite.png\" \/>\n\t<meta property=\"og:image:width\" content=\"1890\" \/>\n\t<meta property=\"og:image:height\" content=\"1417\" \/>\n\t<meta property=\"og:image:type\" content=\"image\/png\" \/>\n<meta name=\"twitter:card\" content=\"summary_large_image\" \/>\n<script type=\"application\/ld+json\" class=\"yoast-schema-graph\">{\"@context\":\"https:\\\/\\\/schema.org\",\"@graph\":[{\"@type\":\"WebPage\",\"@id\":\"https:\\\/\\\/animefigurer.se\\\/figurer\\\/blue-lock\\\/blue-lock-look-up-series-rin-itoshi-japanese-national-player-match-ver\\\/\",\"url\":\"https:\\\/\\\/animefigurer.se\\\/figurer\\\/blue-lock\\\/blue-lock-look-up-series-rin-itoshi-japanese-national-player-match-ver\\\/\",\"name\":\"Blue Lock Look Up Series Rin Itoshi (Japanese National Player Match Ver.) | Animefigurer.se\",\"isPartOf\":{\"@id\":\"https:\\\/\\\/animefigurer.se\\\/#website\"},\"primaryImageOfPage\":{\"@id\":\"https:\\\/\\\/animefigurer.se\\\/figurer\\\/blue-lock\\\/blue-lock-look-up-series-rin-itoshi-japanese-national-player-match-ver\\\/#primaryimage\"},\"image\":{\"@id\":\"https:\\\/\\\/animefigurer.se\\\/figurer\\\/blue-lock\\\/blue-lock-look-up-series-rin-itoshi-japanese-national-player-match-ver\\\/#primaryimage\"},\"thumbnailUrl\":\"https:\\\/\\\/animefigurer.se\\\/wp-content\\\/uploads\\\/2025\\\/10\\\/67aa66f2c1416.jpeg\",\"datePublished\":\"2025-10-20T15:00:26+00:00\",\"dateModified\":\"2025-12-21T18:25:36+00:00\",\"breadcrumb\":{\"@id\":\"https:\\\/\\\/animefigurer.se\\\/figurer\\\/blue-lock\\\/blue-lock-look-up-series-rin-itoshi-japanese-national-player-match-ver\\\/#breadcrumb\"},\"inLanguage\":\"en-GB\",\"potentialAction\":[{\"@type\":\"ReadAction\",\"target\":[\"https:\\\/\\\/animefigurer.se\\\/figurer\\\/blue-lock\\\/blue-lock-look-up-series-rin-itoshi-japanese-national-player-match-ver\\\/\"]}]},{\"@type\":\"ImageObject\",\"inLanguage\":\"en-GB\",\"@id\":\"https:\\\/\\\/animefigurer.se\\\/figurer\\\/blue-lock\\\/blue-lock-look-up-series-rin-itoshi-japanese-national-player-match-ver\\\/#primaryimage\",\"url\":\"https:\\\/\\\/animefigurer.se\\\/wp-content\\\/uploads\\\/2025\\\/10\\\/67aa66f2c1416.jpeg\",\"contentUrl\":\"https:\\\/\\\/animefigurer.se\\\/wp-content\\\/uploads\\\/2025\\\/10\\\/67aa66f2c1416.jpeg\",\"width\":1000,\"height\":1000},{\"@type\":\"BreadcrumbList\",\"@id\":\"https:\\\/\\\/animefigurer.se\\\/figurer\\\/blue-lock\\\/blue-lock-look-up-series-rin-itoshi-japanese-national-player-match-ver\\\/#breadcrumb\",\"itemListElement\":[{\"@type\":\"ListItem\",\"position\":1,\"name\":\"Home\",\"item\":\"https:\\\/\\\/animefigurer.se\\\/\"},{\"@type\":\"ListItem\",\"position\":2,\"name\":\"Butik\",\"item\":\"https:\\\/\\\/animefigurer.se\\\/figurer\\\/\"},{\"@type\":\"ListItem\",\"position\":3,\"name\":\"Blue Lock Look Up Series Rin Itoshi (Japanese National Player Match Ver.)\"}]},{\"@type\":\"WebSite\",\"@id\":\"https:\\\/\\\/animefigurer.se\\\/#website\",\"url\":\"https:\\\/\\\/animefigurer.se\\\/\",\"name\":\"Animefigurer.se\",\"description\":\"Anime figurer fr\u00e5n \u00f6ver 300 olika anime serier med \u00f6ver 9000 produkter | Anime Shop\",\"publisher\":{\"@id\":\"https:\\\/\\\/animefigurer.se\\\/#organization\"},\"potentialAction\":[{\"@type\":\"SearchAction\",\"target\":{\"@type\":\"EntryPoint\",\"urlTemplate\":\"https:\\\/\\\/animefigurer.se\\\/?s={search_term_string}\"},\"query-input\":{\"@type\":\"PropertyValueSpecification\",\"valueRequired\":true,\"valueName\":\"search_term_string\"}}],\"inLanguage\":\"en-GB\"},{\"@type\":\"Organization\",\"@id\":\"https:\\\/\\\/animefigurer.se\\\/#organization\",\"name\":\"Animefigurer.se\",\"alternateName\":\"Anime figurer | Anime shop\",\"url\":\"https:\\\/\\\/animefigurer.se\\\/\",\"logo\":{\"@type\":\"ImageObject\",\"inLanguage\":\"en-GB\",\"@id\":\"https:\\\/\\\/animefigurer.se\\\/#\\\/schema\\\/logo\\\/image\\\/\",\"url\":\"https:\\\/\\\/animefigurer.se\\\/wp-content\\\/uploads\\\/2025\\\/12\\\/Animefigurer_logowhite.png\",\"contentUrl\":\"https:\\\/\\\/animefigurer.se\\\/wp-content\\\/uploads\\\/2025\\\/12\\\/Animefigurer_logowhite.png\",\"width\":1890,\"height\":1417,\"caption\":\"Animefigurer.se\"},\"image\":{\"@id\":\"https:\\\/\\\/animefigurer.se\\\/#\\\/schema\\\/logo\\\/image\\\/\"},\"sameAs\":[\"https:\\\/\\\/www.facebook.com\\\/profile.php?id=61581826539670\",\"https:\\\/\\\/www.instagram.com\\\/animefigurer.se\\\/\"],\"email\":\"info@animefigurer.se\"}]}<\/script>\n<!-- \/ Yoast SEO Premium plugin. -->","yoast_head_json":{"title":"Blue Lock Look Up Series Rin Itoshi (Japanese National Player Match Ver.) | Animefigurer.se","robots":{"index":"index","follow":"follow","max-snippet":"max-snippet:-1","max-image-preview":"max-image-preview:large","max-video-preview":"max-video-preview:-1"},"canonical":"https:\/\/animefigurer.se\/en\/figurer\/blue-lock\/blue-lock-look-up-series-rin-itoshi-japanese-national-player-match-ver\/","og_locale":"en_GB","og_type":"article","og_title":"Blue Lock Look Up Series Rin Itoshi (Japanese National Player Match Ver.)","og_description":"Look Up-serien best\u00e5r av figurer poserade sittande och blickande upp\u00e5t, vilket l\u00e5ter dem visas vid din sida och alltid se ut att titta upp mot dig. Halsarna har leder s\u00e5 att huvudena kan riktas mot betraktaren.","og_url":"https:\/\/animefigurer.se\/en\/figurer\/blue-lock\/blue-lock-look-up-series-rin-itoshi-japanese-national-player-match-ver\/","og_site_name":"Animefigurer.se","article_publisher":"https:\/\/www.facebook.com\/profile.php?id=61581826539670","article_modified_time":"2025-12-21T18:25:36+00:00","og_image":[{"width":1890,"height":1417,"url":"https:\/\/animefigurer.se\/wp-content\/uploads\/2025\/12\/Animefigurer_logowhite.png","type":"image\/png"}],"twitter_card":"summary_large_image","schema":{"@context":"https:\/\/schema.org","@graph":[{"@type":"WebPage","@id":"https:\/\/animefigurer.se\/figurer\/blue-lock\/blue-lock-look-up-series-rin-itoshi-japanese-national-player-match-ver\/","url":"https:\/\/animefigurer.se\/figurer\/blue-lock\/blue-lock-look-up-series-rin-itoshi-japanese-national-player-match-ver\/","name":"Blue Lock Look Up Series Rin Itoshi (Japanese National Player Match Ver.) | Animefigurer.se","isPartOf":{"@id":"https:\/\/animefigurer.se\/#website"},"primaryImageOfPage":{"@id":"https:\/\/animefigurer.se\/figurer\/blue-lock\/blue-lock-look-up-series-rin-itoshi-japanese-national-player-match-ver\/#primaryimage"},"image":{"@id":"https:\/\/animefigurer.se\/figurer\/blue-lock\/blue-lock-look-up-series-rin-itoshi-japanese-national-player-match-ver\/#primaryimage"},"thumbnailUrl":"https:\/\/animefigurer.se\/wp-content\/uploads\/2025\/10\/67aa66f2c1416.jpeg","datePublished":"2025-10-20T15:00:26+00:00","dateModified":"2025-12-21T18:25:36+00:00","breadcrumb":{"@id":"https:\/\/animefigurer.se\/figurer\/blue-lock\/blue-lock-look-up-series-rin-itoshi-japanese-national-player-match-ver\/#breadcrumb"},"inLanguage":"en-GB","potentialAction":[{"@type":"ReadAction","target":["https:\/\/animefigurer.se\/figurer\/blue-lock\/blue-lock-look-up-series-rin-itoshi-japanese-national-player-match-ver\/"]}]},{"@type":"ImageObject","inLanguage":"en-GB","@id":"https:\/\/animefigurer.se\/figurer\/blue-lock\/blue-lock-look-up-series-rin-itoshi-japanese-national-player-match-ver\/#primaryimage","url":"https:\/\/animefigurer.se\/wp-content\/uploads\/2025\/10\/67aa66f2c1416.jpeg","contentUrl":"https:\/\/animefigurer.se\/wp-content\/uploads\/2025\/10\/67aa66f2c1416.jpeg","width":1000,"height":1000},{"@type":"BreadcrumbList","@id":"https:\/\/animefigurer.se\/figurer\/blue-lock\/blue-lock-look-up-series-rin-itoshi-japanese-national-player-match-ver\/#breadcrumb","itemListElement":[{"@type":"ListItem","position":1,"name":"Home","item":"https:\/\/animefigurer.se\/"},{"@type":"ListItem","position":2,"name":"Butik","item":"https:\/\/animefigurer.se\/figurer\/"},{"@type":"ListItem","position":3,"name":"Blue Lock Look Up Series Rin Itoshi (Japanese National Player Match Ver.)"}]},{"@type":"WebSite","@id":"https:\/\/animefigurer.se\/#website","url":"https:\/\/animefigurer.se\/","name":"Animefigurer.se","description":"Anime figures from over 300 different anime series with over 9000 products | Anime Shop","publisher":{"@id":"https:\/\/animefigurer.se\/#organization"},"potentialAction":[{"@type":"SearchAction","target":{"@type":"EntryPoint","urlTemplate":"https:\/\/animefigurer.se\/?s={search_term_string}"},"query-input":{"@type":"PropertyValueSpecification","valueRequired":true,"valueName":"search_term_string"}}],"inLanguage":"en-GB"},{"@type":"Organization","@id":"https:\/\/animefigurer.se\/#organization","name":"Animefigurer.se","alternateName":"Anime figurer | Anime shop","url":"https:\/\/animefigurer.se\/","logo":{"@type":"ImageObject","inLanguage":"en-GB","@id":"https:\/\/animefigurer.se\/#\/schema\/logo\/image\/","url":"https:\/\/animefigurer.se\/wp-content\/uploads\/2025\/12\/Animefigurer_logowhite.png","contentUrl":"https:\/\/animefigurer.se\/wp-content\/uploads\/2025\/12\/Animefigurer_logowhite.png","width":1890,"height":1417,"caption":"Animefigurer.se"},"image":{"@id":"https:\/\/animefigurer.se\/#\/schema\/logo\/image\/"},"sameAs":["https:\/\/www.facebook.com\/profile.php?id=61581826539670","https:\/\/www.instagram.com\/animefigurer.se\/"],"email":"info@animefigurer.se"}]}},"_links":{"self":[{"href":"https:\/\/animefigurer.se\/en\/wp-json\/wp\/v2\/product\/11180","targetHints":{"allow":["GET"]}}],"collection":[{"href":"https:\/\/animefigurer.se\/en\/wp-json\/wp\/v2\/product"}],"about":[{"href":"https:\/\/animefigurer.se\/en\/wp-json\/wp\/v2\/types\/product"}],"replies":[{"embeddable":true,"href":"https:\/\/animefigurer.se\/en\/wp-json\/wp\/v2\/comments?post=11180"}],"wp:featuredmedia":[{"embeddable":true,"href":"https:\/\/animefigurer.se\/en\/wp-json\/wp\/v2\/media\/11181"}],"wp:attachment":[{"href":"https:\/\/animefigurer.se\/en\/wp-json\/wp\/v2\/media?parent=11180"}],"wp:term":[{"taxonomy":"product_brand","embeddable":true,"href":"https:\/\/animefigurer.se\/en\/wp-json\/wp\/v2\/product_brand?post=11180"},{"taxonomy":"product_cat","embeddable":true,"href":"https:\/\/animefigurer.se\/en\/wp-json\/wp\/v2\/product_cat?post=11180"},{"taxonomy":"product_tag","embeddable":true,"href":"https:\/\/animefigurer.se\/en\/wp-json\/wp\/v2\/product_tag?post=11180"},{"taxonomy":"giftcard-category","embeddable":true,"href":"https:\/\/animefigurer.se\/en\/wp-json\/wp\/v2\/giftcard-category?post=11180"}],"curies":[{"name":"wp","href":"https:\/\/api.w.org\/{rel}","templated":true}]}}