{"id":10825,"date":"2025-10-20T16:59:05","date_gmt":"2025-10-20T14:59:05","guid":{"rendered":"https:\/\/animefigurer.se\/produkt\/blue-archive-kazusa-band-ver-1-7-scale-figure\/"},"modified":"2025-12-21T19:25:33","modified_gmt":"2025-12-21T18:25:33","slug":"blue-archive-kazusa-band-ver-1-7-scale-figure","status":"publish","type":"product","link":"https:\/\/animefigurer.se\/en\/figurer\/blue-archive\/blue-archive-kazusa-band-ver-1-7-scale-figure\/","title":{"rendered":"Blue Archive Kazusa (Band Ver.) 1\/7 Scale Figure"},"content":{"rendered":"<p>From Blue Archive comes a 1\/7th scale figure of Kazusa in her band outfit! The figure highlights Kazusa&#039;s slender arms and legs, the detailed texture of the black mask and T-shirt, and the different shades of black that make the figure interesting from all angles.<\/p>\n<p>The bass, which is part of her band setup, is meticulously rendered with individually sculpted strings and adorned with the SUGAR RUSH logo for added character. Add the sweet yet elegant Kazusa to your collection!<\/p>","protected":false},"excerpt":{"rendered":"<p>From Blue Archive comes a 1\/7th scale figure of Kazusa in her band outfit! The figure highlights Kazusa&#039;s slender arms and legs, the detailed texture of the black mask and T-shirt, and the different shades of black that make the figure interesting from all angles.<\/p>\n<p>The bass, which is part of her band setup, is accurate<\/p>","protected":false},"featured_media":10826,"comment_status":"closed","ping_status":"open","template":"","meta":{"_acf_changed":false,"_monsterinsights_skip_tracking":false,"_monsterinsights_sitenote_active":false,"_monsterinsights_sitenote_note":"","_monsterinsights_sitenote_category":0},"product_brand":[7070],"product_cat":[985,7233],"product_tag":[26],"giftcard-category":[],"class_list":{"0":"post-10825","1":"product","2":"type-product","3":"status-publish","4":"has-post-thumbnail","6":"product_brand-miyuki","7":"product_cat-blue-archive","8":"product_cat-pre-order","9":"product_tag-pre-order","10":"pa_franchise-blue-archive","11":"pa_karaktar-kazusa","12":"pa_material-pvc-abs","13":"pa_skala-41","14":"pa_storlek-23-cm","16":"first","17":"instock","18":"taxable","19":"shipping-taxable","20":"purchasable","21":"product-type-simple"},"acf":[],"yoast_head":"<!-- This site is optimized with the Yoast SEO Premium plugin v24.6 (Yoast SEO v27.4) - https:\/\/yoast.com\/product\/yoast-seo-premium-wordpress\/ -->\n<title>Blue Archive Kazusa (Band Ver.) 1\/7 Scale Figure | Animefigurer.se<\/title>\n<meta name=\"robots\" content=\"index, follow, max-snippet:-1, max-image-preview:large, max-video-preview:-1\" \/>\n<link rel=\"canonical\" href=\"https:\/\/animefigurer.se\/en\/figurer\/blue-archive\/blue-archive-kazusa-band-ver-1-7-scale-figure\/\" \/>\n<meta property=\"og:locale\" content=\"en_GB\" \/>\n<meta property=\"og:type\" content=\"article\" \/>\n<meta property=\"og:title\" content=\"Blue Archive Kazusa (Band Ver.) 1\/7 Scale Figure\" \/>\n<meta property=\"og:description\" content=\"Fr\u00e5n Blue Archive kommer en 1\/7-skalafigur av Kazusa i hennes bandoutfit! Figuren framh\u00e4ver Kazusas smala armar och ben, den detaljerade svarta maskens och T-shirtens textur samt de olika svarta nyanserna som g\u00f6r figuren intressant fr\u00e5n alla vinklar. Basen, som h\u00f6r till hennes bandsetup, \u00e4r noggran\" \/>\n<meta property=\"og:url\" content=\"https:\/\/animefigurer.se\/en\/figurer\/blue-archive\/blue-archive-kazusa-band-ver-1-7-scale-figure\/\" \/>\n<meta property=\"og:site_name\" content=\"Animefigurer.se\" \/>\n<meta property=\"article:publisher\" content=\"https:\/\/www.facebook.com\/profile.php?id=61581826539670\" \/>\n<meta property=\"article:modified_time\" content=\"2025-12-21T18:25:33+00:00\" \/>\n<meta property=\"og:image\" content=\"https:\/\/animefigurer.se\/wp-content\/uploads\/2025\/12\/Animefigurer_logowhite.png\" \/>\n\t<meta property=\"og:image:width\" content=\"1890\" \/>\n\t<meta property=\"og:image:height\" content=\"1417\" \/>\n\t<meta property=\"og:image:type\" content=\"image\/png\" \/>\n<meta name=\"twitter:card\" content=\"summary_large_image\" \/>\n<script type=\"application\/ld+json\" class=\"yoast-schema-graph\">{\"@context\":\"https:\\\/\\\/schema.org\",\"@graph\":[{\"@type\":\"WebPage\",\"@id\":\"https:\\\/\\\/animefigurer.se\\\/figurer\\\/blue-archive\\\/blue-archive-kazusa-band-ver-1-7-scale-figure\\\/\",\"url\":\"https:\\\/\\\/animefigurer.se\\\/figurer\\\/blue-archive\\\/blue-archive-kazusa-band-ver-1-7-scale-figure\\\/\",\"name\":\"Blue Archive Kazusa (Band Ver.) 1\\\/7 Scale Figure | Animefigurer.se\",\"isPartOf\":{\"@id\":\"https:\\\/\\\/animefigurer.se\\\/#website\"},\"primaryImageOfPage\":{\"@id\":\"https:\\\/\\\/animefigurer.se\\\/figurer\\\/blue-archive\\\/blue-archive-kazusa-band-ver-1-7-scale-figure\\\/#primaryimage\"},\"image\":{\"@id\":\"https:\\\/\\\/animefigurer.se\\\/figurer\\\/blue-archive\\\/blue-archive-kazusa-band-ver-1-7-scale-figure\\\/#primaryimage\"},\"thumbnailUrl\":\"https:\\\/\\\/animefigurer.se\\\/wp-content\\\/uploads\\\/2025\\\/10\\\/68ac42c018647.jpeg\",\"datePublished\":\"2025-10-20T14:59:05+00:00\",\"dateModified\":\"2025-12-21T18:25:33+00:00\",\"breadcrumb\":{\"@id\":\"https:\\\/\\\/animefigurer.se\\\/figurer\\\/blue-archive\\\/blue-archive-kazusa-band-ver-1-7-scale-figure\\\/#breadcrumb\"},\"inLanguage\":\"en-GB\",\"potentialAction\":[{\"@type\":\"ReadAction\",\"target\":[\"https:\\\/\\\/animefigurer.se\\\/figurer\\\/blue-archive\\\/blue-archive-kazusa-band-ver-1-7-scale-figure\\\/\"]}]},{\"@type\":\"ImageObject\",\"inLanguage\":\"en-GB\",\"@id\":\"https:\\\/\\\/animefigurer.se\\\/figurer\\\/blue-archive\\\/blue-archive-kazusa-band-ver-1-7-scale-figure\\\/#primaryimage\",\"url\":\"https:\\\/\\\/animefigurer.se\\\/wp-content\\\/uploads\\\/2025\\\/10\\\/68ac42c018647.jpeg\",\"contentUrl\":\"https:\\\/\\\/animefigurer.se\\\/wp-content\\\/uploads\\\/2025\\\/10\\\/68ac42c018647.jpeg\",\"width\":1000,\"height\":750},{\"@type\":\"BreadcrumbList\",\"@id\":\"https:\\\/\\\/animefigurer.se\\\/figurer\\\/blue-archive\\\/blue-archive-kazusa-band-ver-1-7-scale-figure\\\/#breadcrumb\",\"itemListElement\":[{\"@type\":\"ListItem\",\"position\":1,\"name\":\"Home\",\"item\":\"https:\\\/\\\/animefigurer.se\\\/\"},{\"@type\":\"ListItem\",\"position\":2,\"name\":\"Butik\",\"item\":\"https:\\\/\\\/animefigurer.se\\\/figurer\\\/\"},{\"@type\":\"ListItem\",\"position\":3,\"name\":\"Blue Archive Kazusa (Band Ver.) 1\\\/7 Scale Figure\"}]},{\"@type\":\"WebSite\",\"@id\":\"https:\\\/\\\/animefigurer.se\\\/#website\",\"url\":\"https:\\\/\\\/animefigurer.se\\\/\",\"name\":\"Animefigurer.se\",\"description\":\"Anime figurer fr\u00e5n \u00f6ver 300 olika anime serier med \u00f6ver 9000 produkter | Anime Shop\",\"publisher\":{\"@id\":\"https:\\\/\\\/animefigurer.se\\\/#organization\"},\"potentialAction\":[{\"@type\":\"SearchAction\",\"target\":{\"@type\":\"EntryPoint\",\"urlTemplate\":\"https:\\\/\\\/animefigurer.se\\\/?s={search_term_string}\"},\"query-input\":{\"@type\":\"PropertyValueSpecification\",\"valueRequired\":true,\"valueName\":\"search_term_string\"}}],\"inLanguage\":\"en-GB\"},{\"@type\":\"Organization\",\"@id\":\"https:\\\/\\\/animefigurer.se\\\/#organization\",\"name\":\"Animefigurer.se\",\"alternateName\":\"Anime figurer | Anime shop\",\"url\":\"https:\\\/\\\/animefigurer.se\\\/\",\"logo\":{\"@type\":\"ImageObject\",\"inLanguage\":\"en-GB\",\"@id\":\"https:\\\/\\\/animefigurer.se\\\/#\\\/schema\\\/logo\\\/image\\\/\",\"url\":\"https:\\\/\\\/animefigurer.se\\\/wp-content\\\/uploads\\\/2025\\\/12\\\/Animefigurer_logowhite.png\",\"contentUrl\":\"https:\\\/\\\/animefigurer.se\\\/wp-content\\\/uploads\\\/2025\\\/12\\\/Animefigurer_logowhite.png\",\"width\":1890,\"height\":1417,\"caption\":\"Animefigurer.se\"},\"image\":{\"@id\":\"https:\\\/\\\/animefigurer.se\\\/#\\\/schema\\\/logo\\\/image\\\/\"},\"sameAs\":[\"https:\\\/\\\/www.facebook.com\\\/profile.php?id=61581826539670\",\"https:\\\/\\\/www.instagram.com\\\/animefigurer.se\\\/\"],\"email\":\"info@animefigurer.se\"}]}<\/script>\n<!-- \/ Yoast SEO Premium plugin. -->","yoast_head_json":{"title":"Blue Archive Kazusa (Band Ver.) 1\/7 Scale Figure | Animefigurer.se","robots":{"index":"index","follow":"follow","max-snippet":"max-snippet:-1","max-image-preview":"max-image-preview:large","max-video-preview":"max-video-preview:-1"},"canonical":"https:\/\/animefigurer.se\/en\/figurer\/blue-archive\/blue-archive-kazusa-band-ver-1-7-scale-figure\/","og_locale":"en_GB","og_type":"article","og_title":"Blue Archive Kazusa (Band Ver.) 1\/7 Scale Figure","og_description":"Fr\u00e5n Blue Archive kommer en 1\/7-skalafigur av Kazusa i hennes bandoutfit! Figuren framh\u00e4ver Kazusas smala armar och ben, den detaljerade svarta maskens och T-shirtens textur samt de olika svarta nyanserna som g\u00f6r figuren intressant fr\u00e5n alla vinklar. Basen, som h\u00f6r till hennes bandsetup, \u00e4r noggran","og_url":"https:\/\/animefigurer.se\/en\/figurer\/blue-archive\/blue-archive-kazusa-band-ver-1-7-scale-figure\/","og_site_name":"Animefigurer.se","article_publisher":"https:\/\/www.facebook.com\/profile.php?id=61581826539670","article_modified_time":"2025-12-21T18:25:33+00:00","og_image":[{"width":1890,"height":1417,"url":"https:\/\/animefigurer.se\/wp-content\/uploads\/2025\/12\/Animefigurer_logowhite.png","type":"image\/png"}],"twitter_card":"summary_large_image","schema":{"@context":"https:\/\/schema.org","@graph":[{"@type":"WebPage","@id":"https:\/\/animefigurer.se\/figurer\/blue-archive\/blue-archive-kazusa-band-ver-1-7-scale-figure\/","url":"https:\/\/animefigurer.se\/figurer\/blue-archive\/blue-archive-kazusa-band-ver-1-7-scale-figure\/","name":"Blue Archive Kazusa (Band Ver.) 1\/7 Scale Figure | Animefigurer.se","isPartOf":{"@id":"https:\/\/animefigurer.se\/#website"},"primaryImageOfPage":{"@id":"https:\/\/animefigurer.se\/figurer\/blue-archive\/blue-archive-kazusa-band-ver-1-7-scale-figure\/#primaryimage"},"image":{"@id":"https:\/\/animefigurer.se\/figurer\/blue-archive\/blue-archive-kazusa-band-ver-1-7-scale-figure\/#primaryimage"},"thumbnailUrl":"https:\/\/animefigurer.se\/wp-content\/uploads\/2025\/10\/68ac42c018647.jpeg","datePublished":"2025-10-20T14:59:05+00:00","dateModified":"2025-12-21T18:25:33+00:00","breadcrumb":{"@id":"https:\/\/animefigurer.se\/figurer\/blue-archive\/blue-archive-kazusa-band-ver-1-7-scale-figure\/#breadcrumb"},"inLanguage":"en-GB","potentialAction":[{"@type":"ReadAction","target":["https:\/\/animefigurer.se\/figurer\/blue-archive\/blue-archive-kazusa-band-ver-1-7-scale-figure\/"]}]},{"@type":"ImageObject","inLanguage":"en-GB","@id":"https:\/\/animefigurer.se\/figurer\/blue-archive\/blue-archive-kazusa-band-ver-1-7-scale-figure\/#primaryimage","url":"https:\/\/animefigurer.se\/wp-content\/uploads\/2025\/10\/68ac42c018647.jpeg","contentUrl":"https:\/\/animefigurer.se\/wp-content\/uploads\/2025\/10\/68ac42c018647.jpeg","width":1000,"height":750},{"@type":"BreadcrumbList","@id":"https:\/\/animefigurer.se\/figurer\/blue-archive\/blue-archive-kazusa-band-ver-1-7-scale-figure\/#breadcrumb","itemListElement":[{"@type":"ListItem","position":1,"name":"Home","item":"https:\/\/animefigurer.se\/"},{"@type":"ListItem","position":2,"name":"Butik","item":"https:\/\/animefigurer.se\/figurer\/"},{"@type":"ListItem","position":3,"name":"Blue Archive Kazusa (Band Ver.) 1\/7 Scale Figure"}]},{"@type":"WebSite","@id":"https:\/\/animefigurer.se\/#website","url":"https:\/\/animefigurer.se\/","name":"Animefigurer.se","description":"Anime figures from over 300 different anime series with over 9000 products | Anime Shop","publisher":{"@id":"https:\/\/animefigurer.se\/#organization"},"potentialAction":[{"@type":"SearchAction","target":{"@type":"EntryPoint","urlTemplate":"https:\/\/animefigurer.se\/?s={search_term_string}"},"query-input":{"@type":"PropertyValueSpecification","valueRequired":true,"valueName":"search_term_string"}}],"inLanguage":"en-GB"},{"@type":"Organization","@id":"https:\/\/animefigurer.se\/#organization","name":"Animefigurer.se","alternateName":"Anime figurer | Anime shop","url":"https:\/\/animefigurer.se\/","logo":{"@type":"ImageObject","inLanguage":"en-GB","@id":"https:\/\/animefigurer.se\/#\/schema\/logo\/image\/","url":"https:\/\/animefigurer.se\/wp-content\/uploads\/2025\/12\/Animefigurer_logowhite.png","contentUrl":"https:\/\/animefigurer.se\/wp-content\/uploads\/2025\/12\/Animefigurer_logowhite.png","width":1890,"height":1417,"caption":"Animefigurer.se"},"image":{"@id":"https:\/\/animefigurer.se\/#\/schema\/logo\/image\/"},"sameAs":["https:\/\/www.facebook.com\/profile.php?id=61581826539670","https:\/\/www.instagram.com\/animefigurer.se\/"],"email":"info@animefigurer.se"}]}},"_links":{"self":[{"href":"https:\/\/animefigurer.se\/en\/wp-json\/wp\/v2\/product\/10825","targetHints":{"allow":["GET"]}}],"collection":[{"href":"https:\/\/animefigurer.se\/en\/wp-json\/wp\/v2\/product"}],"about":[{"href":"https:\/\/animefigurer.se\/en\/wp-json\/wp\/v2\/types\/product"}],"replies":[{"embeddable":true,"href":"https:\/\/animefigurer.se\/en\/wp-json\/wp\/v2\/comments?post=10825"}],"wp:featuredmedia":[{"embeddable":true,"href":"https:\/\/animefigurer.se\/en\/wp-json\/wp\/v2\/media\/10826"}],"wp:attachment":[{"href":"https:\/\/animefigurer.se\/en\/wp-json\/wp\/v2\/media?parent=10825"}],"wp:term":[{"taxonomy":"product_brand","embeddable":true,"href":"https:\/\/animefigurer.se\/en\/wp-json\/wp\/v2\/product_brand?post=10825"},{"taxonomy":"product_cat","embeddable":true,"href":"https:\/\/animefigurer.se\/en\/wp-json\/wp\/v2\/product_cat?post=10825"},{"taxonomy":"product_tag","embeddable":true,"href":"https:\/\/animefigurer.se\/en\/wp-json\/wp\/v2\/product_tag?post=10825"},{"taxonomy":"giftcard-category","embeddable":true,"href":"https:\/\/animefigurer.se\/en\/wp-json\/wp\/v2\/giftcard-category?post=10825"}],"curies":[{"name":"wp","href":"https:\/\/api.w.org\/{rel}","templated":true}]}}