{"id":105846,"date":"2026-05-12T16:20:35","date_gmt":"2026-05-12T14:20:35","guid":{"rendered":"https:\/\/animefigurer.se\/?post_type=product&#038;p=105846"},"modified":"2026-05-12T16:20:35","modified_gmt":"2026-05-12T14:20:35","slug":"hatsune-miku-mug-sakura-miku-cherry-blossom-325-ml","status":"publish","type":"product","link":"https:\/\/animefigurer.se\/en\/figurer\/hatsune-miku\/hatsune-miku-mug-sakura-miku-cherry-blossom-325-ml\/","title":{"rendered":"Hatsune Miku Mug Sakura Miku Cherry Blossom 325 ml"},"content":{"rendered":"<p>Keramikmugg med ett f\u00e4rgglatt motiv av Sakura Miku fr\u00e5n Hatsune Miku-serien. Muggen har ett vackert k\u00f6rsb\u00e4rsblomstema som passar perfekt f\u00f6r fans av Vocaloid och japansk popkultur.<\/p>\n<p>Den h\u00f6gkvalitativa muggen rymmer 325 ml och \u00e4r idealisk f\u00f6r kaffe, te eller som dekorativ samlarartikel p\u00e5 skrivbord eller hylla.<\/p>","protected":false},"excerpt":{"rendered":"<p>Keramikmugg med ett f\u00e4rgglatt motiv av Sakura Miku fr\u00e5n Hatsune Miku-serien. Muggen har ett vackert k\u00f6rsb\u00e4rsblomstema som passar perfekt f\u00f6r fans av Vocaloid och japansk popkultur. Den h\u00f6gkvalitativa muggen rymmer 325 ml och \u00e4r idealisk f\u00f6r kaffe, te eller som dekorativ samlarartikel p\u00e5 skrivbord eller hylla.<\/p>","protected":false},"featured_media":105847,"comment_status":"open","ping_status":"closed","template":"","meta":{"_acf_changed":false,"_monsterinsights_skip_tracking":false,"_monsterinsights_sitenote_active":false,"_monsterinsights_sitenote_note":"","_monsterinsights_sitenote_category":0},"product_brand":[7108],"product_cat":[2832],"product_tag":[25],"giftcard-category":[],"class_list":{"0":"post-105846","1":"product","2":"type-product","3":"status-publish","4":"has-post-thumbnail","6":"product_brand-popbuddies","7":"product_cat-hatsune-miku","8":"product_tag-i-lager","9":"pa_franchise-hatsune-miku","10":"pa_karaktar-hatsune-miku","11":"pa_material-ceramic","12":"pa_typ-mug","14":"first","15":"instock","16":"taxable","17":"shipping-taxable","18":"purchasable","19":"product-type-simple"},"acf":[],"yoast_head":"<!-- This site is optimized with the Yoast SEO Premium plugin v24.6 (Yoast SEO v27.6) - https:\/\/yoast.com\/product\/yoast-seo-premium-wordpress\/ -->\n<title>Hatsune Miku Mug Sakura Miku Cherry Blossom 325 ml | Animefigurer.se<\/title>\n<meta name=\"robots\" content=\"index, follow, max-snippet:-1, max-image-preview:large, max-video-preview:-1\" \/>\n<link rel=\"canonical\" href=\"https:\/\/animefigurer.se\/en\/figurer\/hatsune-miku\/hatsune-miku-mug-sakura-miku-cherry-blossom-325-ml\/\" \/>\n<meta property=\"og:locale\" content=\"en_GB\" \/>\n<meta property=\"og:type\" content=\"article\" \/>\n<meta property=\"og:title\" content=\"Hatsune Miku Mug Sakura Miku Cherry Blossom 325 ml\" \/>\n<meta property=\"og:description\" content=\"Keramikmugg med ett f\u00e4rgglatt motiv av Sakura Miku fr\u00e5n Hatsune Miku-serien. Muggen har ett vackert k\u00f6rsb\u00e4rsblomstema som passar perfekt f\u00f6r fans av Vocaloid och japansk popkultur. Den h\u00f6gkvalitativa muggen rymmer 325 ml och \u00e4r idealisk f\u00f6r kaffe, te eller som dekorativ samlarartikel p\u00e5 skrivbord eller hylla.\" \/>\n<meta property=\"og:url\" content=\"https:\/\/animefigurer.se\/en\/figurer\/hatsune-miku\/hatsune-miku-mug-sakura-miku-cherry-blossom-325-ml\/\" \/>\n<meta property=\"og:site_name\" content=\"Animefigurer.se\" \/>\n<meta property=\"article:publisher\" content=\"https:\/\/www.facebook.com\/profile.php?id=61581826539670\" \/>\n<meta property=\"og:image\" content=\"https:\/\/animefigurer.se\/wp-content\/uploads\/2026\/05\/x_popb-pbmu24.jpg\" \/>\n\t<meta property=\"og:image:width\" content=\"1000\" \/>\n\t<meta property=\"og:image:height\" content=\"1000\" \/>\n\t<meta property=\"og:image:type\" content=\"image\/jpeg\" \/>\n<meta name=\"twitter:card\" content=\"summary_large_image\" \/>\n<meta name=\"twitter:label1\" content=\"Estimated reading time\" \/>\n\t<meta name=\"twitter:data1\" content=\"1 minute\" \/>\n<script type=\"application\/ld+json\" class=\"yoast-schema-graph\">{\"@context\":\"https:\\\/\\\/schema.org\",\"@graph\":[{\"@type\":\"WebPage\",\"@id\":\"https:\\\/\\\/animefigurer.se\\\/figurer\\\/hatsune-miku\\\/hatsune-miku-mug-sakura-miku-cherry-blossom-325-ml\\\/\",\"url\":\"https:\\\/\\\/animefigurer.se\\\/figurer\\\/hatsune-miku\\\/hatsune-miku-mug-sakura-miku-cherry-blossom-325-ml\\\/\",\"name\":\"Hatsune Miku Mug Sakura Miku Cherry Blossom 325 ml | Animefigurer.se\",\"isPartOf\":{\"@id\":\"https:\\\/\\\/animefigurer.se\\\/#website\"},\"primaryImageOfPage\":{\"@id\":\"https:\\\/\\\/animefigurer.se\\\/figurer\\\/hatsune-miku\\\/hatsune-miku-mug-sakura-miku-cherry-blossom-325-ml\\\/#primaryimage\"},\"image\":{\"@id\":\"https:\\\/\\\/animefigurer.se\\\/figurer\\\/hatsune-miku\\\/hatsune-miku-mug-sakura-miku-cherry-blossom-325-ml\\\/#primaryimage\"},\"thumbnailUrl\":\"https:\\\/\\\/animefigurer.se\\\/wp-content\\\/uploads\\\/2026\\\/05\\\/x_popb-pbmu24.jpg\",\"datePublished\":\"2026-05-12T14:20:35+00:00\",\"breadcrumb\":{\"@id\":\"https:\\\/\\\/animefigurer.se\\\/figurer\\\/hatsune-miku\\\/hatsune-miku-mug-sakura-miku-cherry-blossom-325-ml\\\/#breadcrumb\"},\"inLanguage\":\"en-GB\",\"potentialAction\":[{\"@type\":\"ReadAction\",\"target\":[\"https:\\\/\\\/animefigurer.se\\\/figurer\\\/hatsune-miku\\\/hatsune-miku-mug-sakura-miku-cherry-blossom-325-ml\\\/\"]}]},{\"@type\":\"ImageObject\",\"inLanguage\":\"en-GB\",\"@id\":\"https:\\\/\\\/animefigurer.se\\\/figurer\\\/hatsune-miku\\\/hatsune-miku-mug-sakura-miku-cherry-blossom-325-ml\\\/#primaryimage\",\"url\":\"https:\\\/\\\/animefigurer.se\\\/wp-content\\\/uploads\\\/2026\\\/05\\\/x_popb-pbmu24.jpg\",\"contentUrl\":\"https:\\\/\\\/animefigurer.se\\\/wp-content\\\/uploads\\\/2026\\\/05\\\/x_popb-pbmu24.jpg\",\"width\":1000,\"height\":1000},{\"@type\":\"BreadcrumbList\",\"@id\":\"https:\\\/\\\/animefigurer.se\\\/figurer\\\/hatsune-miku\\\/hatsune-miku-mug-sakura-miku-cherry-blossom-325-ml\\\/#breadcrumb\",\"itemListElement\":[{\"@type\":\"ListItem\",\"position\":1,\"name\":\"Home\",\"item\":\"https:\\\/\\\/animefigurer.se\\\/\"},{\"@type\":\"ListItem\",\"position\":2,\"name\":\"Butik\",\"item\":\"https:\\\/\\\/animefigurer.se\\\/figurer\\\/\"},{\"@type\":\"ListItem\",\"position\":3,\"name\":\"Hatsune Miku Mug Sakura Miku Cherry Blossom 325 ml\"}]},{\"@type\":\"WebSite\",\"@id\":\"https:\\\/\\\/animefigurer.se\\\/#website\",\"url\":\"https:\\\/\\\/animefigurer.se\\\/\",\"name\":\"Animefigurer.se\",\"description\":\"Anime figurer fr\u00e5n \u00f6ver 300 olika anime serier med \u00f6ver 9000 produkter | Anime Shop\",\"publisher\":{\"@id\":\"https:\\\/\\\/animefigurer.se\\\/#organization\"},\"potentialAction\":[{\"@type\":\"SearchAction\",\"target\":{\"@type\":\"EntryPoint\",\"urlTemplate\":\"https:\\\/\\\/animefigurer.se\\\/?s={search_term_string}\"},\"query-input\":{\"@type\":\"PropertyValueSpecification\",\"valueRequired\":true,\"valueName\":\"search_term_string\"}}],\"inLanguage\":\"en-GB\"},{\"@type\":\"Organization\",\"@id\":\"https:\\\/\\\/animefigurer.se\\\/#organization\",\"name\":\"Animefigurer.se\",\"alternateName\":\"Anime figurer | Anime shop\",\"url\":\"https:\\\/\\\/animefigurer.se\\\/\",\"logo\":{\"@type\":\"ImageObject\",\"inLanguage\":\"en-GB\",\"@id\":\"https:\\\/\\\/animefigurer.se\\\/#\\\/schema\\\/logo\\\/image\\\/\",\"url\":\"https:\\\/\\\/animefigurer.se\\\/wp-content\\\/uploads\\\/2025\\\/12\\\/Animefigurer_logowhite.png\",\"contentUrl\":\"https:\\\/\\\/animefigurer.se\\\/wp-content\\\/uploads\\\/2025\\\/12\\\/Animefigurer_logowhite.png\",\"width\":1890,\"height\":1417,\"caption\":\"Animefigurer.se\"},\"image\":{\"@id\":\"https:\\\/\\\/animefigurer.se\\\/#\\\/schema\\\/logo\\\/image\\\/\"},\"sameAs\":[\"https:\\\/\\\/www.facebook.com\\\/profile.php?id=61581826539670\",\"https:\\\/\\\/www.instagram.com\\\/animefigurer.se\\\/\"],\"email\":\"info@animefigurer.se\"}]}<\/script>\n<!-- \/ Yoast SEO Premium plugin. -->","yoast_head_json":{"title":"Hatsune Miku Mug Sakura Miku Cherry Blossom 325 ml | Animefigurer.se","robots":{"index":"index","follow":"follow","max-snippet":"max-snippet:-1","max-image-preview":"max-image-preview:large","max-video-preview":"max-video-preview:-1"},"canonical":"https:\/\/animefigurer.se\/en\/figurer\/hatsune-miku\/hatsune-miku-mug-sakura-miku-cherry-blossom-325-ml\/","og_locale":"en_GB","og_type":"article","og_title":"Hatsune Miku Mug Sakura Miku Cherry Blossom 325 ml","og_description":"Keramikmugg med ett f\u00e4rgglatt motiv av Sakura Miku fr\u00e5n Hatsune Miku-serien. Muggen har ett vackert k\u00f6rsb\u00e4rsblomstema som passar perfekt f\u00f6r fans av Vocaloid och japansk popkultur. Den h\u00f6gkvalitativa muggen rymmer 325 ml och \u00e4r idealisk f\u00f6r kaffe, te eller som dekorativ samlarartikel p\u00e5 skrivbord eller hylla.","og_url":"https:\/\/animefigurer.se\/en\/figurer\/hatsune-miku\/hatsune-miku-mug-sakura-miku-cherry-blossom-325-ml\/","og_site_name":"Animefigurer.se","article_publisher":"https:\/\/www.facebook.com\/profile.php?id=61581826539670","og_image":[{"width":1000,"height":1000,"url":"https:\/\/animefigurer.se\/wp-content\/uploads\/2026\/05\/x_popb-pbmu24.jpg","type":"image\/jpeg"}],"twitter_card":"summary_large_image","twitter_misc":{"Estimated reading time":"1 minute"},"schema":{"@context":"https:\/\/schema.org","@graph":[{"@type":"WebPage","@id":"https:\/\/animefigurer.se\/figurer\/hatsune-miku\/hatsune-miku-mug-sakura-miku-cherry-blossom-325-ml\/","url":"https:\/\/animefigurer.se\/figurer\/hatsune-miku\/hatsune-miku-mug-sakura-miku-cherry-blossom-325-ml\/","name":"Hatsune Miku Mug Sakura Miku Cherry Blossom 325 ml | Animefigurer.se","isPartOf":{"@id":"https:\/\/animefigurer.se\/#website"},"primaryImageOfPage":{"@id":"https:\/\/animefigurer.se\/figurer\/hatsune-miku\/hatsune-miku-mug-sakura-miku-cherry-blossom-325-ml\/#primaryimage"},"image":{"@id":"https:\/\/animefigurer.se\/figurer\/hatsune-miku\/hatsune-miku-mug-sakura-miku-cherry-blossom-325-ml\/#primaryimage"},"thumbnailUrl":"https:\/\/animefigurer.se\/wp-content\/uploads\/2026\/05\/x_popb-pbmu24.jpg","datePublished":"2026-05-12T14:20:35+00:00","breadcrumb":{"@id":"https:\/\/animefigurer.se\/figurer\/hatsune-miku\/hatsune-miku-mug-sakura-miku-cherry-blossom-325-ml\/#breadcrumb"},"inLanguage":"en-GB","potentialAction":[{"@type":"ReadAction","target":["https:\/\/animefigurer.se\/figurer\/hatsune-miku\/hatsune-miku-mug-sakura-miku-cherry-blossom-325-ml\/"]}]},{"@type":"ImageObject","inLanguage":"en-GB","@id":"https:\/\/animefigurer.se\/figurer\/hatsune-miku\/hatsune-miku-mug-sakura-miku-cherry-blossom-325-ml\/#primaryimage","url":"https:\/\/animefigurer.se\/wp-content\/uploads\/2026\/05\/x_popb-pbmu24.jpg","contentUrl":"https:\/\/animefigurer.se\/wp-content\/uploads\/2026\/05\/x_popb-pbmu24.jpg","width":1000,"height":1000},{"@type":"BreadcrumbList","@id":"https:\/\/animefigurer.se\/figurer\/hatsune-miku\/hatsune-miku-mug-sakura-miku-cherry-blossom-325-ml\/#breadcrumb","itemListElement":[{"@type":"ListItem","position":1,"name":"Home","item":"https:\/\/animefigurer.se\/"},{"@type":"ListItem","position":2,"name":"Butik","item":"https:\/\/animefigurer.se\/figurer\/"},{"@type":"ListItem","position":3,"name":"Hatsune Miku Mug Sakura Miku Cherry Blossom 325 ml"}]},{"@type":"WebSite","@id":"https:\/\/animefigurer.se\/#website","url":"https:\/\/animefigurer.se\/","name":"Animefigurer.se","description":"Anime figures from over 300 different anime series with over 9000 products | Anime Shop","publisher":{"@id":"https:\/\/animefigurer.se\/#organization"},"potentialAction":[{"@type":"SearchAction","target":{"@type":"EntryPoint","urlTemplate":"https:\/\/animefigurer.se\/?s={search_term_string}"},"query-input":{"@type":"PropertyValueSpecification","valueRequired":true,"valueName":"search_term_string"}}],"inLanguage":"en-GB"},{"@type":"Organization","@id":"https:\/\/animefigurer.se\/#organization","name":"Animefigurer.se","alternateName":"Anime figurer | Anime shop","url":"https:\/\/animefigurer.se\/","logo":{"@type":"ImageObject","inLanguage":"en-GB","@id":"https:\/\/animefigurer.se\/#\/schema\/logo\/image\/","url":"https:\/\/animefigurer.se\/wp-content\/uploads\/2025\/12\/Animefigurer_logowhite.png","contentUrl":"https:\/\/animefigurer.se\/wp-content\/uploads\/2025\/12\/Animefigurer_logowhite.png","width":1890,"height":1417,"caption":"Animefigurer.se"},"image":{"@id":"https:\/\/animefigurer.se\/#\/schema\/logo\/image\/"},"sameAs":["https:\/\/www.facebook.com\/profile.php?id=61581826539670","https:\/\/www.instagram.com\/animefigurer.se\/"],"email":"info@animefigurer.se"}]}},"_links":{"self":[{"href":"https:\/\/animefigurer.se\/en\/wp-json\/wp\/v2\/product\/105846","targetHints":{"allow":["GET"]}}],"collection":[{"href":"https:\/\/animefigurer.se\/en\/wp-json\/wp\/v2\/product"}],"about":[{"href":"https:\/\/animefigurer.se\/en\/wp-json\/wp\/v2\/types\/product"}],"replies":[{"embeddable":true,"href":"https:\/\/animefigurer.se\/en\/wp-json\/wp\/v2\/comments?post=105846"}],"wp:featuredmedia":[{"embeddable":true,"href":"https:\/\/animefigurer.se\/en\/wp-json\/wp\/v2\/media\/105847"}],"wp:attachment":[{"href":"https:\/\/animefigurer.se\/en\/wp-json\/wp\/v2\/media?parent=105846"}],"wp:term":[{"taxonomy":"product_brand","embeddable":true,"href":"https:\/\/animefigurer.se\/en\/wp-json\/wp\/v2\/product_brand?post=105846"},{"taxonomy":"product_cat","embeddable":true,"href":"https:\/\/animefigurer.se\/en\/wp-json\/wp\/v2\/product_cat?post=105846"},{"taxonomy":"product_tag","embeddable":true,"href":"https:\/\/animefigurer.se\/en\/wp-json\/wp\/v2\/product_tag?post=105846"},{"taxonomy":"giftcard-category","embeddable":true,"href":"https:\/\/animefigurer.se\/en\/wp-json\/wp\/v2\/giftcard-category?post=105846"}],"curies":[{"name":"wp","href":"https:\/\/api.w.org\/{rel}","templated":true}]}}