{"id":105618,"date":"2026-05-10T19:27:36","date_gmt":"2026-05-10T17:27:36","guid":{"rendered":"https:\/\/animefigurer.se\/?post_type=product&#038;p=105618"},"modified":"2026-05-11T07:54:20","modified_gmt":"2026-05-11T05:54:20","slug":"overlord-bicute-ribbons-figure-albedo","status":"publish","type":"product","link":"https:\/\/animefigurer.se\/en\/figurer\/overlord\/overlord-bicute-ribbons-figure-albedo\/","title":{"rendered":"Overlord BiCute Ribbons Figure \u2013 Albedo"},"content":{"rendered":"<p>Elegant BiCute Ribbons-figur av Albedo fr\u00e5n Overlord, producerad av FuRyu. Figuren visar Albedo i en stilren lila outfit med karakteristiska banddetaljer och en glamor\u00f6s pose.Med sin detaljrika skulptering och imponerande storlek \u00e4r denna figur ett perfekt tillskott f\u00f6r fans av Overlord och FuRyus popul\u00e4ra BiCute Ribbons-serie.<\/p>","protected":false},"excerpt":{"rendered":"<p>Elegant BiCute Ribbons-figur av Albedo fr\u00e5n Overlord, producerad av FuRyu. Figuren visar Albedo i en stilren lila outfit med karakteristiska banddetaljer och en glamor\u00f6s pose.Med sin detaljrika skulptering och imponerande storlek \u00e4r denna figur ett perfekt tillskott f\u00f6r fans av Overlord och FuRyus popul\u00e4ra BiCute Ribbons-serie.<\/p>","protected":false},"featured_media":105617,"comment_status":"closed","ping_status":"closed","template":"","meta":{"_acf_changed":false,"_monsterinsights_skip_tracking":false,"_monsterinsights_sitenote_active":false,"_monsterinsights_sitenote_note":"","_monsterinsights_sitenote_category":0},"product_brand":[6994],"product_cat":[4393],"product_tag":[26],"giftcard-category":[],"class_list":{"0":"post-105618","1":"product","2":"type-product","3":"status-publish","4":"has-post-thumbnail","6":"product_brand-furyu","7":"product_cat-overlord","8":"product_tag-pre-order","9":"pa_franchise-overlord","10":"pa_karaktar-albedo","11":"pa_material-abs","12":"pa_material-pvc","13":"pa_produktserie-bicute-ribbons","14":"pa_storlek-22-cm","16":"first","17":"instock","18":"taxable","19":"shipping-taxable","20":"purchasable","21":"product-type-simple"},"acf":[],"yoast_head":"<!-- This site is optimized with the Yoast SEO Premium plugin v24.6 (Yoast SEO v27.6) - https:\/\/yoast.com\/product\/yoast-seo-premium-wordpress\/ -->\n<title>Overlord BiCute Ribbons Figure \u2013 Albedo | Animefigurer.se<\/title>\n<meta name=\"robots\" content=\"index, follow, max-snippet:-1, max-image-preview:large, max-video-preview:-1\" \/>\n<link rel=\"canonical\" href=\"https:\/\/animefigurer.se\/en\/figurer\/overlord\/overlord-bicute-ribbons-figure-albedo\/\" \/>\n<meta property=\"og:locale\" content=\"en_GB\" \/>\n<meta property=\"og:type\" content=\"article\" \/>\n<meta property=\"og:title\" content=\"Overlord BiCute Ribbons Figure \u2013 Albedo\" \/>\n<meta property=\"og:description\" content=\"Elegant BiCute Ribbons-figur av Albedo fr\u00e5n Overlord, producerad av FuRyu. Figuren visar Albedo i en stilren lila outfit med karakteristiska banddetaljer och en glamor\u00f6s pose.Med sin detaljrika skulptering och imponerande storlek \u00e4r denna figur ett perfekt tillskott f\u00f6r fans av Overlord och FuRyus popul\u00e4ra BiCute Ribbons-serie.\" \/>\n<meta property=\"og:url\" content=\"https:\/\/animefigurer.se\/en\/figurer\/overlord\/overlord-bicute-ribbons-figure-albedo\/\" \/>\n<meta property=\"og:site_name\" content=\"Animefigurer.se\" \/>\n<meta property=\"article:publisher\" content=\"https:\/\/www.facebook.com\/profile.php?id=61581826539670\" \/>\n<meta property=\"article:modified_time\" content=\"2026-05-11T05:54:20+00:00\" \/>\n<meta property=\"og:image\" content=\"https:\/\/animefigurer.se\/wp-content\/uploads\/2026\/05\/OverlordBiCuteRibbonsFigure-Albedo6.jpg\" \/>\n\t<meta property=\"og:image:width\" content=\"700\" \/>\n\t<meta property=\"og:image:height\" content=\"700\" \/>\n\t<meta property=\"og:image:type\" content=\"image\/jpeg\" \/>\n<meta name=\"twitter:card\" content=\"summary_large_image\" \/>\n<meta name=\"twitter:label1\" content=\"Estimated reading time\" \/>\n\t<meta name=\"twitter:data1\" content=\"1 minute\" \/>\n<script type=\"application\/ld+json\" class=\"yoast-schema-graph\">{\"@context\":\"https:\\\/\\\/schema.org\",\"@graph\":[{\"@type\":\"WebPage\",\"@id\":\"https:\\\/\\\/animefigurer.se\\\/figurer\\\/overlord\\\/overlord-bicute-ribbons-figure-albedo\\\/\",\"url\":\"https:\\\/\\\/animefigurer.se\\\/figurer\\\/overlord\\\/overlord-bicute-ribbons-figure-albedo\\\/\",\"name\":\"Overlord BiCute Ribbons Figure \u2013 Albedo | Animefigurer.se\",\"isPartOf\":{\"@id\":\"https:\\\/\\\/animefigurer.se\\\/#website\"},\"primaryImageOfPage\":{\"@id\":\"https:\\\/\\\/animefigurer.se\\\/figurer\\\/overlord\\\/overlord-bicute-ribbons-figure-albedo\\\/#primaryimage\"},\"image\":{\"@id\":\"https:\\\/\\\/animefigurer.se\\\/figurer\\\/overlord\\\/overlord-bicute-ribbons-figure-albedo\\\/#primaryimage\"},\"thumbnailUrl\":\"https:\\\/\\\/animefigurer.se\\\/wp-content\\\/uploads\\\/2026\\\/05\\\/OverlordBiCuteRibbonsFigure-Albedo6.jpg\",\"datePublished\":\"2026-05-10T17:27:36+00:00\",\"dateModified\":\"2026-05-11T05:54:20+00:00\",\"breadcrumb\":{\"@id\":\"https:\\\/\\\/animefigurer.se\\\/figurer\\\/overlord\\\/overlord-bicute-ribbons-figure-albedo\\\/#breadcrumb\"},\"inLanguage\":\"en-GB\",\"potentialAction\":[{\"@type\":\"ReadAction\",\"target\":[\"https:\\\/\\\/animefigurer.se\\\/figurer\\\/overlord\\\/overlord-bicute-ribbons-figure-albedo\\\/\"]}]},{\"@type\":\"ImageObject\",\"inLanguage\":\"en-GB\",\"@id\":\"https:\\\/\\\/animefigurer.se\\\/figurer\\\/overlord\\\/overlord-bicute-ribbons-figure-albedo\\\/#primaryimage\",\"url\":\"https:\\\/\\\/animefigurer.se\\\/wp-content\\\/uploads\\\/2026\\\/05\\\/OverlordBiCuteRibbonsFigure-Albedo6.jpg\",\"contentUrl\":\"https:\\\/\\\/animefigurer.se\\\/wp-content\\\/uploads\\\/2026\\\/05\\\/OverlordBiCuteRibbonsFigure-Albedo6.jpg\",\"width\":700,\"height\":700},{\"@type\":\"BreadcrumbList\",\"@id\":\"https:\\\/\\\/animefigurer.se\\\/figurer\\\/overlord\\\/overlord-bicute-ribbons-figure-albedo\\\/#breadcrumb\",\"itemListElement\":[{\"@type\":\"ListItem\",\"position\":1,\"name\":\"Home\",\"item\":\"https:\\\/\\\/animefigurer.se\\\/\"},{\"@type\":\"ListItem\",\"position\":2,\"name\":\"Butik\",\"item\":\"https:\\\/\\\/animefigurer.se\\\/figurer\\\/\"},{\"@type\":\"ListItem\",\"position\":3,\"name\":\"Overlord BiCute Ribbons Figure \u2013 Albedo\"}]},{\"@type\":\"WebSite\",\"@id\":\"https:\\\/\\\/animefigurer.se\\\/#website\",\"url\":\"https:\\\/\\\/animefigurer.se\\\/\",\"name\":\"Animefigurer.se\",\"description\":\"Anime figurer fr\u00e5n \u00f6ver 300 olika anime serier med \u00f6ver 9000 produkter | Anime Shop\",\"publisher\":{\"@id\":\"https:\\\/\\\/animefigurer.se\\\/#organization\"},\"potentialAction\":[{\"@type\":\"SearchAction\",\"target\":{\"@type\":\"EntryPoint\",\"urlTemplate\":\"https:\\\/\\\/animefigurer.se\\\/?s={search_term_string}\"},\"query-input\":{\"@type\":\"PropertyValueSpecification\",\"valueRequired\":true,\"valueName\":\"search_term_string\"}}],\"inLanguage\":\"en-GB\"},{\"@type\":\"Organization\",\"@id\":\"https:\\\/\\\/animefigurer.se\\\/#organization\",\"name\":\"Animefigurer.se\",\"alternateName\":\"Anime figurer | Anime shop\",\"url\":\"https:\\\/\\\/animefigurer.se\\\/\",\"logo\":{\"@type\":\"ImageObject\",\"inLanguage\":\"en-GB\",\"@id\":\"https:\\\/\\\/animefigurer.se\\\/#\\\/schema\\\/logo\\\/image\\\/\",\"url\":\"https:\\\/\\\/animefigurer.se\\\/wp-content\\\/uploads\\\/2025\\\/12\\\/Animefigurer_logowhite.png\",\"contentUrl\":\"https:\\\/\\\/animefigurer.se\\\/wp-content\\\/uploads\\\/2025\\\/12\\\/Animefigurer_logowhite.png\",\"width\":1890,\"height\":1417,\"caption\":\"Animefigurer.se\"},\"image\":{\"@id\":\"https:\\\/\\\/animefigurer.se\\\/#\\\/schema\\\/logo\\\/image\\\/\"},\"sameAs\":[\"https:\\\/\\\/www.facebook.com\\\/profile.php?id=61581826539670\",\"https:\\\/\\\/www.instagram.com\\\/animefigurer.se\\\/\"],\"email\":\"info@animefigurer.se\"}]}<\/script>\n<!-- \/ Yoast SEO Premium plugin. -->","yoast_head_json":{"title":"Overlord BiCute Ribbons Figure \u2013 Albedo | Animefigurer.se","robots":{"index":"index","follow":"follow","max-snippet":"max-snippet:-1","max-image-preview":"max-image-preview:large","max-video-preview":"max-video-preview:-1"},"canonical":"https:\/\/animefigurer.se\/en\/figurer\/overlord\/overlord-bicute-ribbons-figure-albedo\/","og_locale":"en_GB","og_type":"article","og_title":"Overlord BiCute Ribbons Figure \u2013 Albedo","og_description":"Elegant BiCute Ribbons-figur av Albedo fr\u00e5n Overlord, producerad av FuRyu. Figuren visar Albedo i en stilren lila outfit med karakteristiska banddetaljer och en glamor\u00f6s pose.Med sin detaljrika skulptering och imponerande storlek \u00e4r denna figur ett perfekt tillskott f\u00f6r fans av Overlord och FuRyus popul\u00e4ra BiCute Ribbons-serie.","og_url":"https:\/\/animefigurer.se\/en\/figurer\/overlord\/overlord-bicute-ribbons-figure-albedo\/","og_site_name":"Animefigurer.se","article_publisher":"https:\/\/www.facebook.com\/profile.php?id=61581826539670","article_modified_time":"2026-05-11T05:54:20+00:00","og_image":[{"width":700,"height":700,"url":"https:\/\/animefigurer.se\/wp-content\/uploads\/2026\/05\/OverlordBiCuteRibbonsFigure-Albedo6.jpg","type":"image\/jpeg"}],"twitter_card":"summary_large_image","twitter_misc":{"Estimated reading time":"1 minute"},"schema":{"@context":"https:\/\/schema.org","@graph":[{"@type":"WebPage","@id":"https:\/\/animefigurer.se\/figurer\/overlord\/overlord-bicute-ribbons-figure-albedo\/","url":"https:\/\/animefigurer.se\/figurer\/overlord\/overlord-bicute-ribbons-figure-albedo\/","name":"Overlord BiCute Ribbons Figure \u2013 Albedo | Animefigurer.se","isPartOf":{"@id":"https:\/\/animefigurer.se\/#website"},"primaryImageOfPage":{"@id":"https:\/\/animefigurer.se\/figurer\/overlord\/overlord-bicute-ribbons-figure-albedo\/#primaryimage"},"image":{"@id":"https:\/\/animefigurer.se\/figurer\/overlord\/overlord-bicute-ribbons-figure-albedo\/#primaryimage"},"thumbnailUrl":"https:\/\/animefigurer.se\/wp-content\/uploads\/2026\/05\/OverlordBiCuteRibbonsFigure-Albedo6.jpg","datePublished":"2026-05-10T17:27:36+00:00","dateModified":"2026-05-11T05:54:20+00:00","breadcrumb":{"@id":"https:\/\/animefigurer.se\/figurer\/overlord\/overlord-bicute-ribbons-figure-albedo\/#breadcrumb"},"inLanguage":"en-GB","potentialAction":[{"@type":"ReadAction","target":["https:\/\/animefigurer.se\/figurer\/overlord\/overlord-bicute-ribbons-figure-albedo\/"]}]},{"@type":"ImageObject","inLanguage":"en-GB","@id":"https:\/\/animefigurer.se\/figurer\/overlord\/overlord-bicute-ribbons-figure-albedo\/#primaryimage","url":"https:\/\/animefigurer.se\/wp-content\/uploads\/2026\/05\/OverlordBiCuteRibbonsFigure-Albedo6.jpg","contentUrl":"https:\/\/animefigurer.se\/wp-content\/uploads\/2026\/05\/OverlordBiCuteRibbonsFigure-Albedo6.jpg","width":700,"height":700},{"@type":"BreadcrumbList","@id":"https:\/\/animefigurer.se\/figurer\/overlord\/overlord-bicute-ribbons-figure-albedo\/#breadcrumb","itemListElement":[{"@type":"ListItem","position":1,"name":"Home","item":"https:\/\/animefigurer.se\/"},{"@type":"ListItem","position":2,"name":"Butik","item":"https:\/\/animefigurer.se\/figurer\/"},{"@type":"ListItem","position":3,"name":"Overlord BiCute Ribbons Figure \u2013 Albedo"}]},{"@type":"WebSite","@id":"https:\/\/animefigurer.se\/#website","url":"https:\/\/animefigurer.se\/","name":"Animefigurer.se","description":"Anime figures from over 300 different anime series with over 9000 products | Anime Shop","publisher":{"@id":"https:\/\/animefigurer.se\/#organization"},"potentialAction":[{"@type":"SearchAction","target":{"@type":"EntryPoint","urlTemplate":"https:\/\/animefigurer.se\/?s={search_term_string}"},"query-input":{"@type":"PropertyValueSpecification","valueRequired":true,"valueName":"search_term_string"}}],"inLanguage":"en-GB"},{"@type":"Organization","@id":"https:\/\/animefigurer.se\/#organization","name":"Animefigurer.se","alternateName":"Anime figurer | Anime shop","url":"https:\/\/animefigurer.se\/","logo":{"@type":"ImageObject","inLanguage":"en-GB","@id":"https:\/\/animefigurer.se\/#\/schema\/logo\/image\/","url":"https:\/\/animefigurer.se\/wp-content\/uploads\/2025\/12\/Animefigurer_logowhite.png","contentUrl":"https:\/\/animefigurer.se\/wp-content\/uploads\/2025\/12\/Animefigurer_logowhite.png","width":1890,"height":1417,"caption":"Animefigurer.se"},"image":{"@id":"https:\/\/animefigurer.se\/#\/schema\/logo\/image\/"},"sameAs":["https:\/\/www.facebook.com\/profile.php?id=61581826539670","https:\/\/www.instagram.com\/animefigurer.se\/"],"email":"info@animefigurer.se"}]}},"_links":{"self":[{"href":"https:\/\/animefigurer.se\/en\/wp-json\/wp\/v2\/product\/105618","targetHints":{"allow":["GET"]}}],"collection":[{"href":"https:\/\/animefigurer.se\/en\/wp-json\/wp\/v2\/product"}],"about":[{"href":"https:\/\/animefigurer.se\/en\/wp-json\/wp\/v2\/types\/product"}],"replies":[{"embeddable":true,"href":"https:\/\/animefigurer.se\/en\/wp-json\/wp\/v2\/comments?post=105618"}],"wp:featuredmedia":[{"embeddable":true,"href":"https:\/\/animefigurer.se\/en\/wp-json\/wp\/v2\/media\/105617"}],"wp:attachment":[{"href":"https:\/\/animefigurer.se\/en\/wp-json\/wp\/v2\/media?parent=105618"}],"wp:term":[{"taxonomy":"product_brand","embeddable":true,"href":"https:\/\/animefigurer.se\/en\/wp-json\/wp\/v2\/product_brand?post=105618"},{"taxonomy":"product_cat","embeddable":true,"href":"https:\/\/animefigurer.se\/en\/wp-json\/wp\/v2\/product_cat?post=105618"},{"taxonomy":"product_tag","embeddable":true,"href":"https:\/\/animefigurer.se\/en\/wp-json\/wp\/v2\/product_tag?post=105618"},{"taxonomy":"giftcard-category","embeddable":true,"href":"https:\/\/animefigurer.se\/en\/wp-json\/wp\/v2\/giftcard-category?post=105618"}],"curies":[{"name":"wp","href":"https:\/\/api.w.org\/{rel}","templated":true}]}}