{"id":104325,"date":"2026-05-09T10:56:40","date_gmt":"2026-05-09T08:56:40","guid":{"rendered":"https:\/\/animefigurer.se\/?post_type=product&#038;p=104325"},"modified":"2026-05-09T12:52:15","modified_gmt":"2026-05-09T10:52:15","slug":"the-world-ends-with-you-final-remix-plush-action-doll-mr-mew-26-cm","status":"publish","type":"product","link":"https:\/\/animefigurer.se\/en\/figurer\/the-world-ends-with-you-final-remix\/the-world-ends-with-you-final-remix-plush-action-doll-mr-mew-26-cm\/","title":{"rendered":"The World Ends with You &#8211; Final Remix Plush Action Doll Mr. Mew 26 cm"},"content":{"rendered":"<p>The World Ends with You -Final Remix- Plush Action Doll Mr. Mew \u00e4r en mjuk och detaljerad plushfigur fr\u00e5n Square Enix baserad p\u00e5 den ikoniska katten Mr. Mew fr\u00e5n The World Ends with You. Figuren har ett stilrent och charmigt utseende som troget \u00e5terger karakt\u00e4rens design.<\/p>\n<p>Den h\u00f6gkvalitativa plushdockan \u00e4r perfekt f\u00f6r samlare och fans av serien som vill ha en s\u00f6t och unik figur till sin samling eller som dekoration.<\/p>","protected":false},"excerpt":{"rendered":"<p>The World Ends with You -Final Remix- Plush Action Doll Mr. Mew \u00e4r en mjuk och detaljerad plushfigur fr\u00e5n Square Enix baserad p\u00e5 den ikoniska katten Mr. Mew fr\u00e5n The World Ends with You. Figuren har ett stilrent och charmigt utseende som troget \u00e5terger karakt\u00e4rens design. Den h\u00f6gkvalitativa plushdockan \u00e4r perfekt f\u00f6r samlare och fans [&hellip;]<\/p>\n","protected":false},"featured_media":104324,"comment_status":"closed","ping_status":"closed","template":"","meta":{"_acf_changed":false,"_monsterinsights_skip_tracking":false,"_monsterinsights_sitenote_active":false,"_monsterinsights_sitenote_note":"","_monsterinsights_sitenote_category":0},"product_brand":[7145],"product_cat":[8458],"product_tag":[26],"giftcard-category":[],"class_list":{"0":"post-104325","1":"product","2":"type-product","3":"status-publish","4":"has-post-thumbnail","6":"product_brand-square-enix","7":"product_cat-the-world-ends-with-you-final-remix","8":"product_tag-pre-order","9":"pa_franchise-the-world-ends-with-you-final-remix","10":"pa_karaktar-mr-mew","11":"pa_material-plush","12":"pa_produktserie-plushie","13":"pa_storlek-26-cm","15":"first","16":"instock","17":"taxable","18":"shipping-taxable","19":"purchasable","20":"product-type-simple"},"acf":[],"yoast_head":"<!-- This site is optimized with the Yoast SEO Premium plugin v24.6 (Yoast SEO v27.6) - https:\/\/yoast.com\/product\/yoast-seo-premium-wordpress\/ -->\n<title>The World Ends with You - Final Remix Plush Action Doll Mr. Mew 26 cm | Animefigurer.se<\/title>\n<meta name=\"robots\" content=\"index, follow, max-snippet:-1, max-image-preview:large, max-video-preview:-1\" \/>\n<link rel=\"canonical\" href=\"https:\/\/animefigurer.se\/en\/figurer\/the-world-ends-with-you-final-remix\/the-world-ends-with-you-final-remix-plush-action-doll-mr-mew-26-cm\/\" \/>\n<meta property=\"og:locale\" content=\"en_GB\" \/>\n<meta property=\"og:type\" content=\"article\" \/>\n<meta property=\"og:title\" content=\"The World Ends with You - Final Remix Plush Action Doll Mr. Mew 26 cm\" \/>\n<meta property=\"og:description\" content=\"The World Ends with You -Final Remix- Plush Action Doll Mr. Mew \u00e4r en mjuk och detaljerad plushfigur fr\u00e5n Square Enix baserad p\u00e5 den ikoniska katten Mr. Mew fr\u00e5n The World Ends with You. Figuren har ett stilrent och charmigt utseende som troget \u00e5terger karakt\u00e4rens design. Den h\u00f6gkvalitativa plushdockan \u00e4r perfekt f\u00f6r samlare och fans [&hellip;]\" \/>\n<meta property=\"og:url\" content=\"https:\/\/animefigurer.se\/en\/figurer\/the-world-ends-with-you-final-remix\/the-world-ends-with-you-final-remix-plush-action-doll-mr-mew-26-cm\/\" \/>\n<meta property=\"og:site_name\" content=\"Animefigurer.se\" \/>\n<meta property=\"article:publisher\" content=\"https:\/\/www.facebook.com\/profile.php?id=61581826539670\" \/>\n<meta property=\"article:modified_time\" content=\"2026-05-09T10:52:15+00:00\" \/>\n<meta property=\"og:image\" content=\"https:\/\/animefigurer.se\/wp-content\/uploads\/2026\/05\/x_sqe33732.jpg\" \/>\n\t<meta property=\"og:image:width\" content=\"1000\" \/>\n\t<meta property=\"og:image:height\" content=\"1000\" \/>\n\t<meta property=\"og:image:type\" content=\"image\/jpeg\" \/>\n<meta name=\"twitter:card\" content=\"summary_large_image\" \/>\n<meta name=\"twitter:label1\" content=\"Estimated reading time\" \/>\n\t<meta name=\"twitter:data1\" content=\"1 minute\" \/>\n<script type=\"application\/ld+json\" class=\"yoast-schema-graph\">{\"@context\":\"https:\\\/\\\/schema.org\",\"@graph\":[{\"@type\":\"WebPage\",\"@id\":\"https:\\\/\\\/animefigurer.se\\\/figurer\\\/the-world-ends-with-you-final-remix\\\/the-world-ends-with-you-final-remix-plush-action-doll-mr-mew-26-cm\\\/\",\"url\":\"https:\\\/\\\/animefigurer.se\\\/figurer\\\/the-world-ends-with-you-final-remix\\\/the-world-ends-with-you-final-remix-plush-action-doll-mr-mew-26-cm\\\/\",\"name\":\"The World Ends with You - Final Remix Plush Action Doll Mr. Mew 26 cm | Animefigurer.se\",\"isPartOf\":{\"@id\":\"https:\\\/\\\/animefigurer.se\\\/#website\"},\"primaryImageOfPage\":{\"@id\":\"https:\\\/\\\/animefigurer.se\\\/figurer\\\/the-world-ends-with-you-final-remix\\\/the-world-ends-with-you-final-remix-plush-action-doll-mr-mew-26-cm\\\/#primaryimage\"},\"image\":{\"@id\":\"https:\\\/\\\/animefigurer.se\\\/figurer\\\/the-world-ends-with-you-final-remix\\\/the-world-ends-with-you-final-remix-plush-action-doll-mr-mew-26-cm\\\/#primaryimage\"},\"thumbnailUrl\":\"https:\\\/\\\/animefigurer.se\\\/wp-content\\\/uploads\\\/2026\\\/05\\\/x_sqe33732.jpg\",\"datePublished\":\"2026-05-09T08:56:40+00:00\",\"dateModified\":\"2026-05-09T10:52:15+00:00\",\"breadcrumb\":{\"@id\":\"https:\\\/\\\/animefigurer.se\\\/figurer\\\/the-world-ends-with-you-final-remix\\\/the-world-ends-with-you-final-remix-plush-action-doll-mr-mew-26-cm\\\/#breadcrumb\"},\"inLanguage\":\"en-GB\",\"potentialAction\":[{\"@type\":\"ReadAction\",\"target\":[\"https:\\\/\\\/animefigurer.se\\\/figurer\\\/the-world-ends-with-you-final-remix\\\/the-world-ends-with-you-final-remix-plush-action-doll-mr-mew-26-cm\\\/\"]}]},{\"@type\":\"ImageObject\",\"inLanguage\":\"en-GB\",\"@id\":\"https:\\\/\\\/animefigurer.se\\\/figurer\\\/the-world-ends-with-you-final-remix\\\/the-world-ends-with-you-final-remix-plush-action-doll-mr-mew-26-cm\\\/#primaryimage\",\"url\":\"https:\\\/\\\/animefigurer.se\\\/wp-content\\\/uploads\\\/2026\\\/05\\\/x_sqe33732.jpg\",\"contentUrl\":\"https:\\\/\\\/animefigurer.se\\\/wp-content\\\/uploads\\\/2026\\\/05\\\/x_sqe33732.jpg\",\"width\":1000,\"height\":1000},{\"@type\":\"BreadcrumbList\",\"@id\":\"https:\\\/\\\/animefigurer.se\\\/figurer\\\/the-world-ends-with-you-final-remix\\\/the-world-ends-with-you-final-remix-plush-action-doll-mr-mew-26-cm\\\/#breadcrumb\",\"itemListElement\":[{\"@type\":\"ListItem\",\"position\":1,\"name\":\"Home\",\"item\":\"https:\\\/\\\/animefigurer.se\\\/\"},{\"@type\":\"ListItem\",\"position\":2,\"name\":\"Butik\",\"item\":\"https:\\\/\\\/animefigurer.se\\\/figurer\\\/\"},{\"@type\":\"ListItem\",\"position\":3,\"name\":\"The World Ends with You &#8211; Final Remix Plush Action Doll Mr. Mew 26 cm\"}]},{\"@type\":\"WebSite\",\"@id\":\"https:\\\/\\\/animefigurer.se\\\/#website\",\"url\":\"https:\\\/\\\/animefigurer.se\\\/\",\"name\":\"Animefigurer.se\",\"description\":\"Anime figurer fr\u00e5n \u00f6ver 300 olika anime serier med \u00f6ver 9000 produkter | Anime Shop\",\"publisher\":{\"@id\":\"https:\\\/\\\/animefigurer.se\\\/#organization\"},\"potentialAction\":[{\"@type\":\"SearchAction\",\"target\":{\"@type\":\"EntryPoint\",\"urlTemplate\":\"https:\\\/\\\/animefigurer.se\\\/?s={search_term_string}\"},\"query-input\":{\"@type\":\"PropertyValueSpecification\",\"valueRequired\":true,\"valueName\":\"search_term_string\"}}],\"inLanguage\":\"en-GB\"},{\"@type\":\"Organization\",\"@id\":\"https:\\\/\\\/animefigurer.se\\\/#organization\",\"name\":\"Animefigurer.se\",\"alternateName\":\"Anime figurer | Anime shop\",\"url\":\"https:\\\/\\\/animefigurer.se\\\/\",\"logo\":{\"@type\":\"ImageObject\",\"inLanguage\":\"en-GB\",\"@id\":\"https:\\\/\\\/animefigurer.se\\\/#\\\/schema\\\/logo\\\/image\\\/\",\"url\":\"https:\\\/\\\/animefigurer.se\\\/wp-content\\\/uploads\\\/2025\\\/12\\\/Animefigurer_logowhite.png\",\"contentUrl\":\"https:\\\/\\\/animefigurer.se\\\/wp-content\\\/uploads\\\/2025\\\/12\\\/Animefigurer_logowhite.png\",\"width\":1890,\"height\":1417,\"caption\":\"Animefigurer.se\"},\"image\":{\"@id\":\"https:\\\/\\\/animefigurer.se\\\/#\\\/schema\\\/logo\\\/image\\\/\"},\"sameAs\":[\"https:\\\/\\\/www.facebook.com\\\/profile.php?id=61581826539670\",\"https:\\\/\\\/www.instagram.com\\\/animefigurer.se\\\/\"],\"email\":\"info@animefigurer.se\"}]}<\/script>\n<!-- \/ Yoast SEO Premium plugin. -->","yoast_head_json":{"title":"The World Ends with You - Final Remix Plush Action Doll Mr. Mew 26 cm | Animefigurer.se","robots":{"index":"index","follow":"follow","max-snippet":"max-snippet:-1","max-image-preview":"max-image-preview:large","max-video-preview":"max-video-preview:-1"},"canonical":"https:\/\/animefigurer.se\/en\/figurer\/the-world-ends-with-you-final-remix\/the-world-ends-with-you-final-remix-plush-action-doll-mr-mew-26-cm\/","og_locale":"en_GB","og_type":"article","og_title":"The World Ends with You - Final Remix Plush Action Doll Mr. Mew 26 cm","og_description":"The World Ends with You -Final Remix- Plush Action Doll Mr. Mew \u00e4r en mjuk och detaljerad plushfigur fr\u00e5n Square Enix baserad p\u00e5 den ikoniska katten Mr. Mew fr\u00e5n The World Ends with You. Figuren har ett stilrent och charmigt utseende som troget \u00e5terger karakt\u00e4rens design. Den h\u00f6gkvalitativa plushdockan \u00e4r perfekt f\u00f6r samlare och fans [&hellip;]","og_url":"https:\/\/animefigurer.se\/en\/figurer\/the-world-ends-with-you-final-remix\/the-world-ends-with-you-final-remix-plush-action-doll-mr-mew-26-cm\/","og_site_name":"Animefigurer.se","article_publisher":"https:\/\/www.facebook.com\/profile.php?id=61581826539670","article_modified_time":"2026-05-09T10:52:15+00:00","og_image":[{"width":1000,"height":1000,"url":"https:\/\/animefigurer.se\/wp-content\/uploads\/2026\/05\/x_sqe33732.jpg","type":"image\/jpeg"}],"twitter_card":"summary_large_image","twitter_misc":{"Estimated reading time":"1 minute"},"schema":{"@context":"https:\/\/schema.org","@graph":[{"@type":"WebPage","@id":"https:\/\/animefigurer.se\/figurer\/the-world-ends-with-you-final-remix\/the-world-ends-with-you-final-remix-plush-action-doll-mr-mew-26-cm\/","url":"https:\/\/animefigurer.se\/figurer\/the-world-ends-with-you-final-remix\/the-world-ends-with-you-final-remix-plush-action-doll-mr-mew-26-cm\/","name":"The World Ends with You - Final Remix Plush Action Doll Mr. Mew 26 cm | Animefigurer.se","isPartOf":{"@id":"https:\/\/animefigurer.se\/#website"},"primaryImageOfPage":{"@id":"https:\/\/animefigurer.se\/figurer\/the-world-ends-with-you-final-remix\/the-world-ends-with-you-final-remix-plush-action-doll-mr-mew-26-cm\/#primaryimage"},"image":{"@id":"https:\/\/animefigurer.se\/figurer\/the-world-ends-with-you-final-remix\/the-world-ends-with-you-final-remix-plush-action-doll-mr-mew-26-cm\/#primaryimage"},"thumbnailUrl":"https:\/\/animefigurer.se\/wp-content\/uploads\/2026\/05\/x_sqe33732.jpg","datePublished":"2026-05-09T08:56:40+00:00","dateModified":"2026-05-09T10:52:15+00:00","breadcrumb":{"@id":"https:\/\/animefigurer.se\/figurer\/the-world-ends-with-you-final-remix\/the-world-ends-with-you-final-remix-plush-action-doll-mr-mew-26-cm\/#breadcrumb"},"inLanguage":"en-GB","potentialAction":[{"@type":"ReadAction","target":["https:\/\/animefigurer.se\/figurer\/the-world-ends-with-you-final-remix\/the-world-ends-with-you-final-remix-plush-action-doll-mr-mew-26-cm\/"]}]},{"@type":"ImageObject","inLanguage":"en-GB","@id":"https:\/\/animefigurer.se\/figurer\/the-world-ends-with-you-final-remix\/the-world-ends-with-you-final-remix-plush-action-doll-mr-mew-26-cm\/#primaryimage","url":"https:\/\/animefigurer.se\/wp-content\/uploads\/2026\/05\/x_sqe33732.jpg","contentUrl":"https:\/\/animefigurer.se\/wp-content\/uploads\/2026\/05\/x_sqe33732.jpg","width":1000,"height":1000},{"@type":"BreadcrumbList","@id":"https:\/\/animefigurer.se\/figurer\/the-world-ends-with-you-final-remix\/the-world-ends-with-you-final-remix-plush-action-doll-mr-mew-26-cm\/#breadcrumb","itemListElement":[{"@type":"ListItem","position":1,"name":"Home","item":"https:\/\/animefigurer.se\/"},{"@type":"ListItem","position":2,"name":"Butik","item":"https:\/\/animefigurer.se\/figurer\/"},{"@type":"ListItem","position":3,"name":"The World Ends with You &#8211; Final Remix Plush Action Doll Mr. Mew 26 cm"}]},{"@type":"WebSite","@id":"https:\/\/animefigurer.se\/#website","url":"https:\/\/animefigurer.se\/","name":"Animefigurer.se","description":"Anime figures from over 300 different anime series with over 9000 products | Anime Shop","publisher":{"@id":"https:\/\/animefigurer.se\/#organization"},"potentialAction":[{"@type":"SearchAction","target":{"@type":"EntryPoint","urlTemplate":"https:\/\/animefigurer.se\/?s={search_term_string}"},"query-input":{"@type":"PropertyValueSpecification","valueRequired":true,"valueName":"search_term_string"}}],"inLanguage":"en-GB"},{"@type":"Organization","@id":"https:\/\/animefigurer.se\/#organization","name":"Animefigurer.se","alternateName":"Anime figurer | Anime shop","url":"https:\/\/animefigurer.se\/","logo":{"@type":"ImageObject","inLanguage":"en-GB","@id":"https:\/\/animefigurer.se\/#\/schema\/logo\/image\/","url":"https:\/\/animefigurer.se\/wp-content\/uploads\/2025\/12\/Animefigurer_logowhite.png","contentUrl":"https:\/\/animefigurer.se\/wp-content\/uploads\/2025\/12\/Animefigurer_logowhite.png","width":1890,"height":1417,"caption":"Animefigurer.se"},"image":{"@id":"https:\/\/animefigurer.se\/#\/schema\/logo\/image\/"},"sameAs":["https:\/\/www.facebook.com\/profile.php?id=61581826539670","https:\/\/www.instagram.com\/animefigurer.se\/"],"email":"info@animefigurer.se"}]}},"_links":{"self":[{"href":"https:\/\/animefigurer.se\/en\/wp-json\/wp\/v2\/product\/104325","targetHints":{"allow":["GET"]}}],"collection":[{"href":"https:\/\/animefigurer.se\/en\/wp-json\/wp\/v2\/product"}],"about":[{"href":"https:\/\/animefigurer.se\/en\/wp-json\/wp\/v2\/types\/product"}],"replies":[{"embeddable":true,"href":"https:\/\/animefigurer.se\/en\/wp-json\/wp\/v2\/comments?post=104325"}],"wp:featuredmedia":[{"embeddable":true,"href":"https:\/\/animefigurer.se\/en\/wp-json\/wp\/v2\/media\/104324"}],"wp:attachment":[{"href":"https:\/\/animefigurer.se\/en\/wp-json\/wp\/v2\/media?parent=104325"}],"wp:term":[{"taxonomy":"product_brand","embeddable":true,"href":"https:\/\/animefigurer.se\/en\/wp-json\/wp\/v2\/product_brand?post=104325"},{"taxonomy":"product_cat","embeddable":true,"href":"https:\/\/animefigurer.se\/en\/wp-json\/wp\/v2\/product_cat?post=104325"},{"taxonomy":"product_tag","embeddable":true,"href":"https:\/\/animefigurer.se\/en\/wp-json\/wp\/v2\/product_tag?post=104325"},{"taxonomy":"giftcard-category","embeddable":true,"href":"https:\/\/animefigurer.se\/en\/wp-json\/wp\/v2\/giftcard-category?post=104325"}],"curies":[{"name":"wp","href":"https:\/\/api.w.org\/{rel}","templated":true}]}}