{"id":104306,"date":"2026-05-09T10:56:34","date_gmt":"2026-05-09T08:56:34","guid":{"rendered":"https:\/\/animefigurer.se\/?post_type=product&#038;p=104306"},"modified":"2026-05-09T12:51:50","modified_gmt":"2026-05-09T10:51:50","slug":"final-fantasy-vii-remake-play-arts-kai-action-figure-tifa-lockhart-exotic-dress-ver-25-cm","status":"publish","type":"product","link":"https:\/\/animefigurer.se\/en\/figurer\/final-fantasy-vii-remake\/final-fantasy-vii-remake-play-arts-kai-action-figure-tifa-lockhart-exotic-dress-ver-25-cm\/","title":{"rendered":"Final Fantasy VII Remake Play Arts Kai Action Figure Tifa Lockhart Exotic Dress Ver. 25 cm"},"content":{"rendered":"<p>Final Fantasy VII Remake Play Arts Kai Action Figure Tifa Lockhart Exotic Dress Ver. \u00e4r en h\u00f6gdetaljerad actionfigur fr\u00e5n Square Enix baserad p\u00e5 Tifa Lockhart fr\u00e5n Final Fantasy VII Remake. Figuren visar Tifa i hennes eleganta Exotic Dress-version med imponerande detaljer och realistisk design.<\/p>\n<p>Den ledade figuren fr\u00e5n Play Arts Kai-serien levereras med utbytbara ansiktsdelar och h\u00e4nder f\u00f6r olika poseringsm\u00f6jligheter, vilket g\u00f6r den perfekt f\u00f6r samlare och fans av Final Fantasy.<\/p>","protected":false},"excerpt":{"rendered":"<p>Final Fantasy VII Remake Play Arts Kai Action Figure Tifa Lockhart Exotic Dress Ver. \u00e4r en h\u00f6gdetaljerad actionfigur fr\u00e5n Square Enix baserad p\u00e5 Tifa Lockhart fr\u00e5n Final Fantasy VII Remake. Figuren visar Tifa i hennes eleganta Exotic Dress-version med imponerande detaljer och realistisk design. Den ledade figuren fr\u00e5n Play Arts Kai-serien levereras med utbytbara ansiktsdelar [&hellip;]<\/p>\n","protected":false},"featured_media":104305,"comment_status":"closed","ping_status":"closed","template":"","meta":{"_acf_changed":false,"_monsterinsights_skip_tracking":false,"_monsterinsights_sitenote_active":false,"_monsterinsights_sitenote_note":"","_monsterinsights_sitenote_category":0},"product_brand":[7145],"product_cat":[8447],"product_tag":[26],"giftcard-category":[],"class_list":{"0":"post-104306","1":"product","2":"type-product","3":"status-publish","4":"has-post-thumbnail","6":"product_brand-square-enix","7":"product_cat-final-fantasy-vii-remake","8":"product_tag-pre-order","9":"pa_franchise-final-fantasy-vii-remake","10":"pa_karaktar-tifa-lockhart","11":"pa_material-pvc","12":"pa_storlek-25-cm","14":"first","15":"instock","16":"taxable","17":"shipping-taxable","18":"purchasable","19":"product-type-simple"},"acf":[],"yoast_head":"<!-- This site is optimized with the Yoast SEO Premium plugin v24.6 (Yoast SEO v27.6) - https:\/\/yoast.com\/product\/yoast-seo-premium-wordpress\/ -->\n<title>Final Fantasy VII Remake Play Arts Kai Action Figure Tifa Lockhart Exotic Dress Ver. 25 cm | Animefigurer.se<\/title>\n<meta name=\"robots\" content=\"index, follow, max-snippet:-1, max-image-preview:large, max-video-preview:-1\" \/>\n<link rel=\"canonical\" href=\"https:\/\/animefigurer.se\/en\/figurer\/final-fantasy-vii-remake\/final-fantasy-vii-remake-play-arts-kai-action-figure-tifa-lockhart-exotic-dress-ver-25-cm\/\" \/>\n<meta property=\"og:locale\" content=\"en_GB\" \/>\n<meta property=\"og:type\" content=\"article\" \/>\n<meta property=\"og:title\" content=\"Final Fantasy VII Remake Play Arts Kai Action Figure Tifa Lockhart Exotic Dress Ver. 25 cm\" \/>\n<meta property=\"og:description\" content=\"Final Fantasy VII Remake Play Arts Kai Action Figure Tifa Lockhart Exotic Dress Ver. \u00e4r en h\u00f6gdetaljerad actionfigur fr\u00e5n Square Enix baserad p\u00e5 Tifa Lockhart fr\u00e5n Final Fantasy VII Remake. Figuren visar Tifa i hennes eleganta Exotic Dress-version med imponerande detaljer och realistisk design. Den ledade figuren fr\u00e5n Play Arts Kai-serien levereras med utbytbara ansiktsdelar [&hellip;]\" \/>\n<meta property=\"og:url\" content=\"https:\/\/animefigurer.se\/en\/figurer\/final-fantasy-vii-remake\/final-fantasy-vii-remake-play-arts-kai-action-figure-tifa-lockhart-exotic-dress-ver-25-cm\/\" \/>\n<meta property=\"og:site_name\" content=\"Animefigurer.se\" \/>\n<meta property=\"article:publisher\" content=\"https:\/\/www.facebook.com\/profile.php?id=61581826539670\" \/>\n<meta property=\"article:modified_time\" content=\"2026-05-09T10:51:50+00:00\" \/>\n<meta property=\"og:image\" content=\"https:\/\/animefigurer.se\/wp-content\/uploads\/2026\/05\/x_sqe36629.jpg\" \/>\n\t<meta property=\"og:image:width\" content=\"1000\" \/>\n\t<meta property=\"og:image:height\" content=\"1000\" \/>\n\t<meta property=\"og:image:type\" content=\"image\/jpeg\" \/>\n<meta name=\"twitter:card\" content=\"summary_large_image\" \/>\n<meta name=\"twitter:label1\" content=\"Estimated reading time\" \/>\n\t<meta name=\"twitter:data1\" content=\"1 minute\" \/>\n<script type=\"application\/ld+json\" class=\"yoast-schema-graph\">{\"@context\":\"https:\\\/\\\/schema.org\",\"@graph\":[{\"@type\":\"WebPage\",\"@id\":\"https:\\\/\\\/animefigurer.se\\\/figurer\\\/final-fantasy-vii-remake\\\/final-fantasy-vii-remake-play-arts-kai-action-figure-tifa-lockhart-exotic-dress-ver-25-cm\\\/\",\"url\":\"https:\\\/\\\/animefigurer.se\\\/figurer\\\/final-fantasy-vii-remake\\\/final-fantasy-vii-remake-play-arts-kai-action-figure-tifa-lockhart-exotic-dress-ver-25-cm\\\/\",\"name\":\"Final Fantasy VII Remake Play Arts Kai Action Figure Tifa Lockhart Exotic Dress Ver. 25 cm | Animefigurer.se\",\"isPartOf\":{\"@id\":\"https:\\\/\\\/animefigurer.se\\\/#website\"},\"primaryImageOfPage\":{\"@id\":\"https:\\\/\\\/animefigurer.se\\\/figurer\\\/final-fantasy-vii-remake\\\/final-fantasy-vii-remake-play-arts-kai-action-figure-tifa-lockhart-exotic-dress-ver-25-cm\\\/#primaryimage\"},\"image\":{\"@id\":\"https:\\\/\\\/animefigurer.se\\\/figurer\\\/final-fantasy-vii-remake\\\/final-fantasy-vii-remake-play-arts-kai-action-figure-tifa-lockhart-exotic-dress-ver-25-cm\\\/#primaryimage\"},\"thumbnailUrl\":\"https:\\\/\\\/animefigurer.se\\\/wp-content\\\/uploads\\\/2026\\\/05\\\/x_sqe36629.jpg\",\"datePublished\":\"2026-05-09T08:56:34+00:00\",\"dateModified\":\"2026-05-09T10:51:50+00:00\",\"breadcrumb\":{\"@id\":\"https:\\\/\\\/animefigurer.se\\\/figurer\\\/final-fantasy-vii-remake\\\/final-fantasy-vii-remake-play-arts-kai-action-figure-tifa-lockhart-exotic-dress-ver-25-cm\\\/#breadcrumb\"},\"inLanguage\":\"en-GB\",\"potentialAction\":[{\"@type\":\"ReadAction\",\"target\":[\"https:\\\/\\\/animefigurer.se\\\/figurer\\\/final-fantasy-vii-remake\\\/final-fantasy-vii-remake-play-arts-kai-action-figure-tifa-lockhart-exotic-dress-ver-25-cm\\\/\"]}]},{\"@type\":\"ImageObject\",\"inLanguage\":\"en-GB\",\"@id\":\"https:\\\/\\\/animefigurer.se\\\/figurer\\\/final-fantasy-vii-remake\\\/final-fantasy-vii-remake-play-arts-kai-action-figure-tifa-lockhart-exotic-dress-ver-25-cm\\\/#primaryimage\",\"url\":\"https:\\\/\\\/animefigurer.se\\\/wp-content\\\/uploads\\\/2026\\\/05\\\/x_sqe36629.jpg\",\"contentUrl\":\"https:\\\/\\\/animefigurer.se\\\/wp-content\\\/uploads\\\/2026\\\/05\\\/x_sqe36629.jpg\",\"width\":1000,\"height\":1000},{\"@type\":\"BreadcrumbList\",\"@id\":\"https:\\\/\\\/animefigurer.se\\\/figurer\\\/final-fantasy-vii-remake\\\/final-fantasy-vii-remake-play-arts-kai-action-figure-tifa-lockhart-exotic-dress-ver-25-cm\\\/#breadcrumb\",\"itemListElement\":[{\"@type\":\"ListItem\",\"position\":1,\"name\":\"Home\",\"item\":\"https:\\\/\\\/animefigurer.se\\\/\"},{\"@type\":\"ListItem\",\"position\":2,\"name\":\"Butik\",\"item\":\"https:\\\/\\\/animefigurer.se\\\/figurer\\\/\"},{\"@type\":\"ListItem\",\"position\":3,\"name\":\"Final Fantasy VII Remake Play Arts Kai Action Figure Tifa Lockhart Exotic Dress Ver. 25 cm\"}]},{\"@type\":\"WebSite\",\"@id\":\"https:\\\/\\\/animefigurer.se\\\/#website\",\"url\":\"https:\\\/\\\/animefigurer.se\\\/\",\"name\":\"Animefigurer.se\",\"description\":\"Anime figurer fr\u00e5n \u00f6ver 300 olika anime serier med \u00f6ver 9000 produkter | Anime Shop\",\"publisher\":{\"@id\":\"https:\\\/\\\/animefigurer.se\\\/#organization\"},\"potentialAction\":[{\"@type\":\"SearchAction\",\"target\":{\"@type\":\"EntryPoint\",\"urlTemplate\":\"https:\\\/\\\/animefigurer.se\\\/?s={search_term_string}\"},\"query-input\":{\"@type\":\"PropertyValueSpecification\",\"valueRequired\":true,\"valueName\":\"search_term_string\"}}],\"inLanguage\":\"en-GB\"},{\"@type\":\"Organization\",\"@id\":\"https:\\\/\\\/animefigurer.se\\\/#organization\",\"name\":\"Animefigurer.se\",\"alternateName\":\"Anime figurer | Anime shop\",\"url\":\"https:\\\/\\\/animefigurer.se\\\/\",\"logo\":{\"@type\":\"ImageObject\",\"inLanguage\":\"en-GB\",\"@id\":\"https:\\\/\\\/animefigurer.se\\\/#\\\/schema\\\/logo\\\/image\\\/\",\"url\":\"https:\\\/\\\/animefigurer.se\\\/wp-content\\\/uploads\\\/2025\\\/12\\\/Animefigurer_logowhite.png\",\"contentUrl\":\"https:\\\/\\\/animefigurer.se\\\/wp-content\\\/uploads\\\/2025\\\/12\\\/Animefigurer_logowhite.png\",\"width\":1890,\"height\":1417,\"caption\":\"Animefigurer.se\"},\"image\":{\"@id\":\"https:\\\/\\\/animefigurer.se\\\/#\\\/schema\\\/logo\\\/image\\\/\"},\"sameAs\":[\"https:\\\/\\\/www.facebook.com\\\/profile.php?id=61581826539670\",\"https:\\\/\\\/www.instagram.com\\\/animefigurer.se\\\/\"],\"email\":\"info@animefigurer.se\"}]}<\/script>\n<!-- \/ Yoast SEO Premium plugin. -->","yoast_head_json":{"title":"Final Fantasy VII Remake Play Arts Kai Action Figure Tifa Lockhart Exotic Dress Ver. 25 cm | Animefigurer.se","robots":{"index":"index","follow":"follow","max-snippet":"max-snippet:-1","max-image-preview":"max-image-preview:large","max-video-preview":"max-video-preview:-1"},"canonical":"https:\/\/animefigurer.se\/en\/figurer\/final-fantasy-vii-remake\/final-fantasy-vii-remake-play-arts-kai-action-figure-tifa-lockhart-exotic-dress-ver-25-cm\/","og_locale":"en_GB","og_type":"article","og_title":"Final Fantasy VII Remake Play Arts Kai Action Figure Tifa Lockhart Exotic Dress Ver. 25 cm","og_description":"Final Fantasy VII Remake Play Arts Kai Action Figure Tifa Lockhart Exotic Dress Ver. \u00e4r en h\u00f6gdetaljerad actionfigur fr\u00e5n Square Enix baserad p\u00e5 Tifa Lockhart fr\u00e5n Final Fantasy VII Remake. Figuren visar Tifa i hennes eleganta Exotic Dress-version med imponerande detaljer och realistisk design. Den ledade figuren fr\u00e5n Play Arts Kai-serien levereras med utbytbara ansiktsdelar [&hellip;]","og_url":"https:\/\/animefigurer.se\/en\/figurer\/final-fantasy-vii-remake\/final-fantasy-vii-remake-play-arts-kai-action-figure-tifa-lockhart-exotic-dress-ver-25-cm\/","og_site_name":"Animefigurer.se","article_publisher":"https:\/\/www.facebook.com\/profile.php?id=61581826539670","article_modified_time":"2026-05-09T10:51:50+00:00","og_image":[{"width":1000,"height":1000,"url":"https:\/\/animefigurer.se\/wp-content\/uploads\/2026\/05\/x_sqe36629.jpg","type":"image\/jpeg"}],"twitter_card":"summary_large_image","twitter_misc":{"Estimated reading time":"1 minute"},"schema":{"@context":"https:\/\/schema.org","@graph":[{"@type":"WebPage","@id":"https:\/\/animefigurer.se\/figurer\/final-fantasy-vii-remake\/final-fantasy-vii-remake-play-arts-kai-action-figure-tifa-lockhart-exotic-dress-ver-25-cm\/","url":"https:\/\/animefigurer.se\/figurer\/final-fantasy-vii-remake\/final-fantasy-vii-remake-play-arts-kai-action-figure-tifa-lockhart-exotic-dress-ver-25-cm\/","name":"Final Fantasy VII Remake Play Arts Kai Action Figure Tifa Lockhart Exotic Dress Ver. 25 cm | Animefigurer.se","isPartOf":{"@id":"https:\/\/animefigurer.se\/#website"},"primaryImageOfPage":{"@id":"https:\/\/animefigurer.se\/figurer\/final-fantasy-vii-remake\/final-fantasy-vii-remake-play-arts-kai-action-figure-tifa-lockhart-exotic-dress-ver-25-cm\/#primaryimage"},"image":{"@id":"https:\/\/animefigurer.se\/figurer\/final-fantasy-vii-remake\/final-fantasy-vii-remake-play-arts-kai-action-figure-tifa-lockhart-exotic-dress-ver-25-cm\/#primaryimage"},"thumbnailUrl":"https:\/\/animefigurer.se\/wp-content\/uploads\/2026\/05\/x_sqe36629.jpg","datePublished":"2026-05-09T08:56:34+00:00","dateModified":"2026-05-09T10:51:50+00:00","breadcrumb":{"@id":"https:\/\/animefigurer.se\/figurer\/final-fantasy-vii-remake\/final-fantasy-vii-remake-play-arts-kai-action-figure-tifa-lockhart-exotic-dress-ver-25-cm\/#breadcrumb"},"inLanguage":"en-GB","potentialAction":[{"@type":"ReadAction","target":["https:\/\/animefigurer.se\/figurer\/final-fantasy-vii-remake\/final-fantasy-vii-remake-play-arts-kai-action-figure-tifa-lockhart-exotic-dress-ver-25-cm\/"]}]},{"@type":"ImageObject","inLanguage":"en-GB","@id":"https:\/\/animefigurer.se\/figurer\/final-fantasy-vii-remake\/final-fantasy-vii-remake-play-arts-kai-action-figure-tifa-lockhart-exotic-dress-ver-25-cm\/#primaryimage","url":"https:\/\/animefigurer.se\/wp-content\/uploads\/2026\/05\/x_sqe36629.jpg","contentUrl":"https:\/\/animefigurer.se\/wp-content\/uploads\/2026\/05\/x_sqe36629.jpg","width":1000,"height":1000},{"@type":"BreadcrumbList","@id":"https:\/\/animefigurer.se\/figurer\/final-fantasy-vii-remake\/final-fantasy-vii-remake-play-arts-kai-action-figure-tifa-lockhart-exotic-dress-ver-25-cm\/#breadcrumb","itemListElement":[{"@type":"ListItem","position":1,"name":"Home","item":"https:\/\/animefigurer.se\/"},{"@type":"ListItem","position":2,"name":"Butik","item":"https:\/\/animefigurer.se\/figurer\/"},{"@type":"ListItem","position":3,"name":"Final Fantasy VII Remake Play Arts Kai Action Figure Tifa Lockhart Exotic Dress Ver. 25 cm"}]},{"@type":"WebSite","@id":"https:\/\/animefigurer.se\/#website","url":"https:\/\/animefigurer.se\/","name":"Animefigurer.se","description":"Anime figures from over 300 different anime series with over 9000 products | Anime Shop","publisher":{"@id":"https:\/\/animefigurer.se\/#organization"},"potentialAction":[{"@type":"SearchAction","target":{"@type":"EntryPoint","urlTemplate":"https:\/\/animefigurer.se\/?s={search_term_string}"},"query-input":{"@type":"PropertyValueSpecification","valueRequired":true,"valueName":"search_term_string"}}],"inLanguage":"en-GB"},{"@type":"Organization","@id":"https:\/\/animefigurer.se\/#organization","name":"Animefigurer.se","alternateName":"Anime figurer | Anime shop","url":"https:\/\/animefigurer.se\/","logo":{"@type":"ImageObject","inLanguage":"en-GB","@id":"https:\/\/animefigurer.se\/#\/schema\/logo\/image\/","url":"https:\/\/animefigurer.se\/wp-content\/uploads\/2025\/12\/Animefigurer_logowhite.png","contentUrl":"https:\/\/animefigurer.se\/wp-content\/uploads\/2025\/12\/Animefigurer_logowhite.png","width":1890,"height":1417,"caption":"Animefigurer.se"},"image":{"@id":"https:\/\/animefigurer.se\/#\/schema\/logo\/image\/"},"sameAs":["https:\/\/www.facebook.com\/profile.php?id=61581826539670","https:\/\/www.instagram.com\/animefigurer.se\/"],"email":"info@animefigurer.se"}]}},"_links":{"self":[{"href":"https:\/\/animefigurer.se\/en\/wp-json\/wp\/v2\/product\/104306","targetHints":{"allow":["GET"]}}],"collection":[{"href":"https:\/\/animefigurer.se\/en\/wp-json\/wp\/v2\/product"}],"about":[{"href":"https:\/\/animefigurer.se\/en\/wp-json\/wp\/v2\/types\/product"}],"replies":[{"embeddable":true,"href":"https:\/\/animefigurer.se\/en\/wp-json\/wp\/v2\/comments?post=104306"}],"wp:featuredmedia":[{"embeddable":true,"href":"https:\/\/animefigurer.se\/en\/wp-json\/wp\/v2\/media\/104305"}],"wp:attachment":[{"href":"https:\/\/animefigurer.se\/en\/wp-json\/wp\/v2\/media?parent=104306"}],"wp:term":[{"taxonomy":"product_brand","embeddable":true,"href":"https:\/\/animefigurer.se\/en\/wp-json\/wp\/v2\/product_brand?post=104306"},{"taxonomy":"product_cat","embeddable":true,"href":"https:\/\/animefigurer.se\/en\/wp-json\/wp\/v2\/product_cat?post=104306"},{"taxonomy":"product_tag","embeddable":true,"href":"https:\/\/animefigurer.se\/en\/wp-json\/wp\/v2\/product_tag?post=104306"},{"taxonomy":"giftcard-category","embeddable":true,"href":"https:\/\/animefigurer.se\/en\/wp-json\/wp\/v2\/giftcard-category?post=104306"}],"curies":[{"name":"wp","href":"https:\/\/api.w.org\/{rel}","templated":true}]}}