{"id":104202,"date":"2026-05-09T10:55:53","date_gmt":"2026-05-09T08:55:53","guid":{"rendered":"https:\/\/animefigurer.se\/?post_type=product&#038;p=104202"},"modified":"2026-05-09T12:48:28","modified_gmt":"2026-05-09T10:48:28","slug":"danganronpa-2-plush-figure-chiaki-nanami-22-cm","status":"publish","type":"product","link":"https:\/\/animefigurer.se\/en\/figurer\/danganronpa-2\/danganronpa-2-plush-figure-chiaki-nanami-22-cm\/","title":{"rendered":"Danganronpa 2 Plush Figure Chiaki Nanami 22 cm"},"content":{"rendered":"<p>Danganronpa 2 Plush Figure Chiaki Nanami \u00e4r en mjuk och charmig plushfigur fr\u00e5n Youtooz Collectibles baserad p\u00e5 Chiaki Nanami fr\u00e5n Danganronpa 2. Figuren f\u00e5ngar hennes s\u00f6ta och lugna personlighet med detaljer som hennes h\u00e5rsp\u00e4nne och ikoniska outfit.<\/p>\n<p>Den h\u00f6gkvalitativa plushfiguren \u00e4r perfekt f\u00f6r fans av Danganronpa och samlare som uppskattar kawaii-design och mjuka samlarfigurer.<\/p>","protected":false},"excerpt":{"rendered":"<p>Danganronpa 2 Plush Figure Chiaki Nanami \u00e4r en mjuk och charmig plushfigur fr\u00e5n Youtooz Collectibles baserad p\u00e5 Chiaki Nanami fr\u00e5n Danganronpa 2. Figuren f\u00e5ngar hennes s\u00f6ta och lugna personlighet med detaljer som hennes h\u00e5rsp\u00e4nne och ikoniska outfit. Den h\u00f6gkvalitativa plushfiguren \u00e4r perfekt f\u00f6r fans av Danganronpa och samlare som uppskattar kawaii-design och mjuka samlarfigurer.<\/p>","protected":false},"featured_media":104201,"comment_status":"closed","ping_status":"closed","template":"","meta":{"_acf_changed":false,"_monsterinsights_skip_tracking":false,"_monsterinsights_sitenote_active":false,"_monsterinsights_sitenote_note":"","_monsterinsights_sitenote_category":0},"product_brand":[7189],"product_cat":[8437],"product_tag":[26],"giftcard-category":[],"class_list":{"0":"post-104202","1":"product","2":"type-product","3":"status-publish","4":"has-post-thumbnail","6":"product_brand-youtooz","7":"product_cat-danganronpa-2","8":"product_tag-pre-order","9":"pa_franchise-danganronpa-2","10":"pa_karaktar-chiaki-nanami","11":"pa_material-plush","12":"pa_produktserie-plushie","13":"pa_storlek-22-cm","15":"first","16":"instock","17":"taxable","18":"shipping-taxable","19":"purchasable","20":"product-type-simple"},"acf":[],"yoast_head":"<!-- This site is optimized with the Yoast SEO Premium plugin v27.6 (Yoast SEO v27.6) - https:\/\/yoast.com\/product\/yoast-seo-premium-wordpress\/ -->\n<title>Danganronpa 2 Plush Figure Chiaki Nanami 22 cm | Animefigurer.se<\/title>\n<meta name=\"robots\" content=\"index, follow, max-snippet:-1, max-image-preview:large, max-video-preview:-1\" \/>\n<link rel=\"canonical\" href=\"https:\/\/animefigurer.se\/en\/figurer\/danganronpa-2\/danganronpa-2-plush-figure-chiaki-nanami-22-cm\/\" \/>\n<meta property=\"og:locale\" content=\"en_GB\" \/>\n<meta property=\"og:type\" content=\"article\" \/>\n<meta property=\"og:title\" content=\"Danganronpa 2 Plush Figure Chiaki Nanami 22 cm\" \/>\n<meta property=\"og:description\" content=\"Danganronpa 2 Plush Figure Chiaki Nanami \u00e4r en mjuk och charmig plushfigur fr\u00e5n Youtooz Collectibles baserad p\u00e5 Chiaki Nanami fr\u00e5n Danganronpa 2. Figuren f\u00e5ngar hennes s\u00f6ta och lugna personlighet med detaljer som hennes h\u00e5rsp\u00e4nne och ikoniska outfit. Den h\u00f6gkvalitativa plushfiguren \u00e4r perfekt f\u00f6r fans av Danganronpa och samlare som uppskattar kawaii-design och mjuka samlarfigurer.\" \/>\n<meta property=\"og:url\" content=\"https:\/\/animefigurer.se\/en\/figurer\/danganronpa-2\/danganronpa-2-plush-figure-chiaki-nanami-22-cm\/\" \/>\n<meta property=\"og:site_name\" content=\"Animefigurer.se\" \/>\n<meta property=\"article:publisher\" content=\"https:\/\/www.facebook.com\/profile.php?id=61581826539670\" \/>\n<meta property=\"article:modified_time\" content=\"2026-05-09T10:48:28+00:00\" \/>\n<meta property=\"og:image\" content=\"https:\/\/animefigurer.se\/wp-content\/uploads\/2026\/05\/x_yoto43558.jpg\" \/>\n\t<meta property=\"og:image:width\" content=\"907\" \/>\n\t<meta property=\"og:image:height\" content=\"1000\" \/>\n\t<meta property=\"og:image:type\" content=\"image\/jpeg\" \/>\n<meta name=\"twitter:card\" content=\"summary_large_image\" \/>\n<meta name=\"twitter:label1\" content=\"Estimated reading time\" \/>\n\t<meta name=\"twitter:data1\" content=\"1 minute\" \/>\n<script type=\"application\/ld+json\" class=\"yoast-schema-graph\">{\"@context\":\"https:\\\/\\\/schema.org\",\"@graph\":[{\"@type\":\"WebPage\",\"@id\":\"https:\\\/\\\/animefigurer.se\\\/figurer\\\/danganronpa-2\\\/danganronpa-2-plush-figure-chiaki-nanami-22-cm\\\/\",\"url\":\"https:\\\/\\\/animefigurer.se\\\/figurer\\\/danganronpa-2\\\/danganronpa-2-plush-figure-chiaki-nanami-22-cm\\\/\",\"name\":\"Danganronpa 2 Plush Figure Chiaki Nanami 22 cm | Animefigurer.se\",\"isPartOf\":{\"@id\":\"https:\\\/\\\/animefigurer.se\\\/#website\"},\"primaryImageOfPage\":{\"@id\":\"https:\\\/\\\/animefigurer.se\\\/figurer\\\/danganronpa-2\\\/danganronpa-2-plush-figure-chiaki-nanami-22-cm\\\/#primaryimage\"},\"image\":{\"@id\":\"https:\\\/\\\/animefigurer.se\\\/figurer\\\/danganronpa-2\\\/danganronpa-2-plush-figure-chiaki-nanami-22-cm\\\/#primaryimage\"},\"thumbnailUrl\":\"https:\\\/\\\/animefigurer.se\\\/wp-content\\\/uploads\\\/2026\\\/05\\\/x_yoto43558.jpg\",\"datePublished\":\"2026-05-09T08:55:53+00:00\",\"dateModified\":\"2026-05-09T10:48:28+00:00\",\"breadcrumb\":{\"@id\":\"https:\\\/\\\/animefigurer.se\\\/figurer\\\/danganronpa-2\\\/danganronpa-2-plush-figure-chiaki-nanami-22-cm\\\/#breadcrumb\"},\"inLanguage\":\"en-GB\",\"potentialAction\":[{\"@type\":\"ReadAction\",\"target\":[\"https:\\\/\\\/animefigurer.se\\\/figurer\\\/danganronpa-2\\\/danganronpa-2-plush-figure-chiaki-nanami-22-cm\\\/\"]}]},{\"@type\":\"ImageObject\",\"inLanguage\":\"en-GB\",\"@id\":\"https:\\\/\\\/animefigurer.se\\\/figurer\\\/danganronpa-2\\\/danganronpa-2-plush-figure-chiaki-nanami-22-cm\\\/#primaryimage\",\"url\":\"https:\\\/\\\/animefigurer.se\\\/wp-content\\\/uploads\\\/2026\\\/05\\\/x_yoto43558.jpg\",\"contentUrl\":\"https:\\\/\\\/animefigurer.se\\\/wp-content\\\/uploads\\\/2026\\\/05\\\/x_yoto43558.jpg\",\"width\":907,\"height\":1000},{\"@type\":\"BreadcrumbList\",\"@id\":\"https:\\\/\\\/animefigurer.se\\\/figurer\\\/danganronpa-2\\\/danganronpa-2-plush-figure-chiaki-nanami-22-cm\\\/#breadcrumb\",\"itemListElement\":[{\"@type\":\"ListItem\",\"position\":1,\"name\":\"Home\",\"item\":\"https:\\\/\\\/animefigurer.se\\\/\"},{\"@type\":\"ListItem\",\"position\":2,\"name\":\"Butik\",\"item\":\"https:\\\/\\\/animefigurer.se\\\/figurer\\\/\"},{\"@type\":\"ListItem\",\"position\":3,\"name\":\"Danganronpa 2 Plush Figure Chiaki Nanami 22 cm\"}]},{\"@type\":\"WebSite\",\"@id\":\"https:\\\/\\\/animefigurer.se\\\/#website\",\"url\":\"https:\\\/\\\/animefigurer.se\\\/\",\"name\":\"Animefigurer.se\",\"description\":\"Anime figurer fr\u00e5n \u00f6ver 300 olika anime serier med \u00f6ver 9000 produkter | Anime Shop\",\"publisher\":{\"@id\":\"https:\\\/\\\/animefigurer.se\\\/#organization\"},\"potentialAction\":[{\"@type\":\"SearchAction\",\"target\":{\"@type\":\"EntryPoint\",\"urlTemplate\":\"https:\\\/\\\/animefigurer.se\\\/?s={search_term_string}\"},\"query-input\":{\"@type\":\"PropertyValueSpecification\",\"valueRequired\":true,\"valueName\":\"search_term_string\"}}],\"inLanguage\":\"en-GB\"},{\"@type\":\"Organization\",\"@id\":\"https:\\\/\\\/animefigurer.se\\\/#organization\",\"name\":\"Animefigurer.se\",\"alternateName\":\"Anime figurer | Anime shop\",\"url\":\"https:\\\/\\\/animefigurer.se\\\/\",\"logo\":{\"@type\":\"ImageObject\",\"inLanguage\":\"en-GB\",\"@id\":\"https:\\\/\\\/animefigurer.se\\\/#\\\/schema\\\/logo\\\/image\\\/\",\"url\":\"https:\\\/\\\/animefigurer.se\\\/wp-content\\\/uploads\\\/2025\\\/12\\\/Animefigurer_logowhite.png\",\"contentUrl\":\"https:\\\/\\\/animefigurer.se\\\/wp-content\\\/uploads\\\/2025\\\/12\\\/Animefigurer_logowhite.png\",\"width\":1890,\"height\":1417,\"caption\":\"Animefigurer.se\"},\"image\":{\"@id\":\"https:\\\/\\\/animefigurer.se\\\/#\\\/schema\\\/logo\\\/image\\\/\"},\"sameAs\":[\"https:\\\/\\\/www.facebook.com\\\/profile.php?id=61581826539670\",\"https:\\\/\\\/www.instagram.com\\\/animefigurer.se\\\/\"],\"email\":\"info@animefigurer.se\"}]}<\/script>\n<!-- \/ Yoast SEO Premium plugin. -->","yoast_head_json":{"title":"Danganronpa 2 Plush Figure Chiaki Nanami 22 cm | Animefigurer.se","robots":{"index":"index","follow":"follow","max-snippet":"max-snippet:-1","max-image-preview":"max-image-preview:large","max-video-preview":"max-video-preview:-1"},"canonical":"https:\/\/animefigurer.se\/en\/figurer\/danganronpa-2\/danganronpa-2-plush-figure-chiaki-nanami-22-cm\/","og_locale":"en_GB","og_type":"article","og_title":"Danganronpa 2 Plush Figure Chiaki Nanami 22 cm","og_description":"Danganronpa 2 Plush Figure Chiaki Nanami \u00e4r en mjuk och charmig plushfigur fr\u00e5n Youtooz Collectibles baserad p\u00e5 Chiaki Nanami fr\u00e5n Danganronpa 2. Figuren f\u00e5ngar hennes s\u00f6ta och lugna personlighet med detaljer som hennes h\u00e5rsp\u00e4nne och ikoniska outfit. Den h\u00f6gkvalitativa plushfiguren \u00e4r perfekt f\u00f6r fans av Danganronpa och samlare som uppskattar kawaii-design och mjuka samlarfigurer.","og_url":"https:\/\/animefigurer.se\/en\/figurer\/danganronpa-2\/danganronpa-2-plush-figure-chiaki-nanami-22-cm\/","og_site_name":"Animefigurer.se","article_publisher":"https:\/\/www.facebook.com\/profile.php?id=61581826539670","article_modified_time":"2026-05-09T10:48:28+00:00","og_image":[{"width":907,"height":1000,"url":"https:\/\/animefigurer.se\/wp-content\/uploads\/2026\/05\/x_yoto43558.jpg","type":"image\/jpeg"}],"twitter_card":"summary_large_image","twitter_misc":{"Estimated reading time":"1 minute"},"schema":{"@context":"https:\/\/schema.org","@graph":[{"@type":"WebPage","@id":"https:\/\/animefigurer.se\/figurer\/danganronpa-2\/danganronpa-2-plush-figure-chiaki-nanami-22-cm\/","url":"https:\/\/animefigurer.se\/figurer\/danganronpa-2\/danganronpa-2-plush-figure-chiaki-nanami-22-cm\/","name":"Danganronpa 2 Plush Figure Chiaki Nanami 22 cm | Animefigurer.se","isPartOf":{"@id":"https:\/\/animefigurer.se\/#website"},"primaryImageOfPage":{"@id":"https:\/\/animefigurer.se\/figurer\/danganronpa-2\/danganronpa-2-plush-figure-chiaki-nanami-22-cm\/#primaryimage"},"image":{"@id":"https:\/\/animefigurer.se\/figurer\/danganronpa-2\/danganronpa-2-plush-figure-chiaki-nanami-22-cm\/#primaryimage"},"thumbnailUrl":"https:\/\/animefigurer.se\/wp-content\/uploads\/2026\/05\/x_yoto43558.jpg","datePublished":"2026-05-09T08:55:53+00:00","dateModified":"2026-05-09T10:48:28+00:00","breadcrumb":{"@id":"https:\/\/animefigurer.se\/figurer\/danganronpa-2\/danganronpa-2-plush-figure-chiaki-nanami-22-cm\/#breadcrumb"},"inLanguage":"en-GB","potentialAction":[{"@type":"ReadAction","target":["https:\/\/animefigurer.se\/figurer\/danganronpa-2\/danganronpa-2-plush-figure-chiaki-nanami-22-cm\/"]}]},{"@type":"ImageObject","inLanguage":"en-GB","@id":"https:\/\/animefigurer.se\/figurer\/danganronpa-2\/danganronpa-2-plush-figure-chiaki-nanami-22-cm\/#primaryimage","url":"https:\/\/animefigurer.se\/wp-content\/uploads\/2026\/05\/x_yoto43558.jpg","contentUrl":"https:\/\/animefigurer.se\/wp-content\/uploads\/2026\/05\/x_yoto43558.jpg","width":907,"height":1000},{"@type":"BreadcrumbList","@id":"https:\/\/animefigurer.se\/figurer\/danganronpa-2\/danganronpa-2-plush-figure-chiaki-nanami-22-cm\/#breadcrumb","itemListElement":[{"@type":"ListItem","position":1,"name":"Home","item":"https:\/\/animefigurer.se\/"},{"@type":"ListItem","position":2,"name":"Butik","item":"https:\/\/animefigurer.se\/figurer\/"},{"@type":"ListItem","position":3,"name":"Danganronpa 2 Plush Figure Chiaki Nanami 22 cm"}]},{"@type":"WebSite","@id":"https:\/\/animefigurer.se\/#website","url":"https:\/\/animefigurer.se\/","name":"Animefigurer.se","description":"Anime figures from over 300 different anime series with over 9000 products | Anime Shop","publisher":{"@id":"https:\/\/animefigurer.se\/#organization"},"potentialAction":[{"@type":"SearchAction","target":{"@type":"EntryPoint","urlTemplate":"https:\/\/animefigurer.se\/?s={search_term_string}"},"query-input":{"@type":"PropertyValueSpecification","valueRequired":true,"valueName":"search_term_string"}}],"inLanguage":"en-GB"},{"@type":"Organization","@id":"https:\/\/animefigurer.se\/#organization","name":"Animefigurer.se","alternateName":"Anime figurer | Anime shop","url":"https:\/\/animefigurer.se\/","logo":{"@type":"ImageObject","inLanguage":"en-GB","@id":"https:\/\/animefigurer.se\/#\/schema\/logo\/image\/","url":"https:\/\/animefigurer.se\/wp-content\/uploads\/2025\/12\/Animefigurer_logowhite.png","contentUrl":"https:\/\/animefigurer.se\/wp-content\/uploads\/2025\/12\/Animefigurer_logowhite.png","width":1890,"height":1417,"caption":"Animefigurer.se"},"image":{"@id":"https:\/\/animefigurer.se\/#\/schema\/logo\/image\/"},"sameAs":["https:\/\/www.facebook.com\/profile.php?id=61581826539670","https:\/\/www.instagram.com\/animefigurer.se\/"],"email":"info@animefigurer.se"}]}},"_links":{"self":[{"href":"https:\/\/animefigurer.se\/en\/wp-json\/wp\/v2\/product\/104202","targetHints":{"allow":["GET"]}}],"collection":[{"href":"https:\/\/animefigurer.se\/en\/wp-json\/wp\/v2\/product"}],"about":[{"href":"https:\/\/animefigurer.se\/en\/wp-json\/wp\/v2\/types\/product"}],"replies":[{"embeddable":true,"href":"https:\/\/animefigurer.se\/en\/wp-json\/wp\/v2\/comments?post=104202"}],"wp:featuredmedia":[{"embeddable":true,"href":"https:\/\/animefigurer.se\/en\/wp-json\/wp\/v2\/media\/104201"}],"wp:attachment":[{"href":"https:\/\/animefigurer.se\/en\/wp-json\/wp\/v2\/media?parent=104202"}],"wp:term":[{"taxonomy":"product_brand","embeddable":true,"href":"https:\/\/animefigurer.se\/en\/wp-json\/wp\/v2\/product_brand?post=104202"},{"taxonomy":"product_cat","embeddable":true,"href":"https:\/\/animefigurer.se\/en\/wp-json\/wp\/v2\/product_cat?post=104202"},{"taxonomy":"product_tag","embeddable":true,"href":"https:\/\/animefigurer.se\/en\/wp-json\/wp\/v2\/product_tag?post=104202"},{"taxonomy":"giftcard-category","embeddable":true,"href":"https:\/\/animefigurer.se\/en\/wp-json\/wp\/v2\/giftcard-category?post=104202"}],"curies":[{"name":"wp","href":"https:\/\/api.w.org\/{rel}","templated":true}]}}