{"id":103499,"date":"2026-05-07T15:03:52","date_gmt":"2026-05-07T13:03:52","guid":{"rendered":"https:\/\/animefigurer.se\/?post_type=product&#038;p=103499"},"modified":"2026-05-07T16:27:45","modified_gmt":"2026-05-07T14:27:45","slug":"fresh-farm-mini-figures-blind-box-display-8","status":"publish","type":"product","link":"https:\/\/animefigurer.se\/en\/figurer\/original-character\/fresh-farm-mini-figures-blind-box-display-8\/","title":{"rendered":"Fresh Farm Mini Figures Blind Box Display (8)"},"content":{"rendered":"<p>Fresh Farm Mini Figures Blind Box Display fr\u00e5n Re-Ment \u00e4r ett charmigt miniatyrset med lantg\u00e5rdstema och \u00e5tta olika sm\u00e5 scenbyggen fyllda med s\u00f6ta djur och tillbeh\u00f6r. Serien inneh\u00e5ller detaljerade delar inspirerade av g\u00e5rdsliv, mejeriprodukter och picknickmilj\u00f6er.<\/p>\n<p>Figurerna och tillbeh\u00f6ren \u00e4r tillverkade i PVC med h\u00f6g detaljniv\u00e5 och passar perfekt f\u00f6r samlare av kawaii-miniatyrer, dockhus eller dekorativa displaymilj\u00f6er.<\/p>","protected":false},"excerpt":{"rendered":"<p>Fresh Farm Mini Figures Blind Box Display fr\u00e5n Re-Ment \u00e4r ett charmigt miniatyrset med lantg\u00e5rdstema och \u00e5tta olika sm\u00e5 scenbyggen fyllda med s\u00f6ta djur och tillbeh\u00f6r. Serien inneh\u00e5ller detaljerade delar inspirerade av g\u00e5rdsliv, mejeriprodukter och picknickmilj\u00f6er. Figurerna och tillbeh\u00f6ren \u00e4r tillverkade i PVC med h\u00f6g detaljniv\u00e5 och passar perfekt f\u00f6r samlare av kawaii-miniatyrer, dockhus eller [&hellip;]<\/p>\n","protected":false},"featured_media":103498,"comment_status":"closed","ping_status":"closed","template":"","meta":{"_acf_changed":false,"_monsterinsights_skip_tracking":false,"_monsterinsights_sitenote_active":false,"_monsterinsights_sitenote_note":"","_monsterinsights_sitenote_category":0},"product_brand":[7119],"product_cat":[4204],"product_tag":[26],"giftcard-category":[],"class_list":{"0":"post-103499","1":"product","2":"type-product","3":"status-publish","4":"has-post-thumbnail","6":"product_brand-re-ment","7":"product_cat-original-character","8":"product_tag-pre-order","9":"pa_franchise-original-character","10":"pa_material-pvc","12":"first","13":"instock","14":"taxable","15":"shipping-taxable","16":"purchasable","17":"product-type-simple"},"acf":[],"yoast_head":"<!-- This site is optimized with the Yoast SEO Premium plugin v27.6 (Yoast SEO v27.6) - https:\/\/yoast.com\/product\/yoast-seo-premium-wordpress\/ -->\n<title>Fresh Farm Mini Figures Blind Box Display (8) | Animefigurer.se<\/title>\n<meta name=\"robots\" content=\"index, follow, max-snippet:-1, max-image-preview:large, max-video-preview:-1\" \/>\n<link rel=\"canonical\" href=\"https:\/\/animefigurer.se\/en\/figurer\/original-character\/fresh-farm-mini-figures-blind-box-display-8\/\" \/>\n<meta property=\"og:locale\" content=\"en_GB\" \/>\n<meta property=\"og:type\" content=\"article\" \/>\n<meta property=\"og:title\" content=\"Fresh Farm Mini Figures Blind Box Display (8)\" \/>\n<meta property=\"og:description\" content=\"Fresh Farm Mini Figures Blind Box Display fr\u00e5n Re-Ment \u00e4r ett charmigt miniatyrset med lantg\u00e5rdstema och \u00e5tta olika sm\u00e5 scenbyggen fyllda med s\u00f6ta djur och tillbeh\u00f6r. Serien inneh\u00e5ller detaljerade delar inspirerade av g\u00e5rdsliv, mejeriprodukter och picknickmilj\u00f6er. Figurerna och tillbeh\u00f6ren \u00e4r tillverkade i PVC med h\u00f6g detaljniv\u00e5 och passar perfekt f\u00f6r samlare av kawaii-miniatyrer, dockhus eller [&hellip;]\" \/>\n<meta property=\"og:url\" content=\"https:\/\/animefigurer.se\/en\/figurer\/original-character\/fresh-farm-mini-figures-blind-box-display-8\/\" \/>\n<meta property=\"og:site_name\" content=\"Animefigurer.se\" \/>\n<meta property=\"article:publisher\" content=\"https:\/\/www.facebook.com\/profile.php?id=61581826539670\" \/>\n<meta property=\"article:modified_time\" content=\"2026-05-07T14:27:45+00:00\" \/>\n<meta property=\"og:image\" content=\"https:\/\/animefigurer.se\/wp-content\/uploads\/2026\/05\/x_rmnt701011.jpg\" \/>\n\t<meta property=\"og:image:width\" content=\"827\" \/>\n\t<meta property=\"og:image:height\" content=\"1000\" \/>\n\t<meta property=\"og:image:type\" content=\"image\/jpeg\" \/>\n<meta name=\"twitter:card\" content=\"summary_large_image\" \/>\n<meta name=\"twitter:label1\" content=\"Estimated reading time\" \/>\n\t<meta name=\"twitter:data1\" content=\"1 minute\" \/>\n<script type=\"application\/ld+json\" class=\"yoast-schema-graph\">{\"@context\":\"https:\\\/\\\/schema.org\",\"@graph\":[{\"@type\":\"WebPage\",\"@id\":\"https:\\\/\\\/animefigurer.se\\\/figurer\\\/original-character\\\/fresh-farm-mini-figures-blind-box-display-8\\\/\",\"url\":\"https:\\\/\\\/animefigurer.se\\\/figurer\\\/original-character\\\/fresh-farm-mini-figures-blind-box-display-8\\\/\",\"name\":\"Fresh Farm Mini Figures Blind Box Display (8) | Animefigurer.se\",\"isPartOf\":{\"@id\":\"https:\\\/\\\/animefigurer.se\\\/#website\"},\"primaryImageOfPage\":{\"@id\":\"https:\\\/\\\/animefigurer.se\\\/figurer\\\/original-character\\\/fresh-farm-mini-figures-blind-box-display-8\\\/#primaryimage\"},\"image\":{\"@id\":\"https:\\\/\\\/animefigurer.se\\\/figurer\\\/original-character\\\/fresh-farm-mini-figures-blind-box-display-8\\\/#primaryimage\"},\"thumbnailUrl\":\"https:\\\/\\\/animefigurer.se\\\/wp-content\\\/uploads\\\/2026\\\/05\\\/x_rmnt701011.jpg\",\"datePublished\":\"2026-05-07T13:03:52+00:00\",\"dateModified\":\"2026-05-07T14:27:45+00:00\",\"breadcrumb\":{\"@id\":\"https:\\\/\\\/animefigurer.se\\\/figurer\\\/original-character\\\/fresh-farm-mini-figures-blind-box-display-8\\\/#breadcrumb\"},\"inLanguage\":\"en-GB\",\"potentialAction\":[{\"@type\":\"ReadAction\",\"target\":[\"https:\\\/\\\/animefigurer.se\\\/figurer\\\/original-character\\\/fresh-farm-mini-figures-blind-box-display-8\\\/\"]}]},{\"@type\":\"ImageObject\",\"inLanguage\":\"en-GB\",\"@id\":\"https:\\\/\\\/animefigurer.se\\\/figurer\\\/original-character\\\/fresh-farm-mini-figures-blind-box-display-8\\\/#primaryimage\",\"url\":\"https:\\\/\\\/animefigurer.se\\\/wp-content\\\/uploads\\\/2026\\\/05\\\/x_rmnt701011.jpg\",\"contentUrl\":\"https:\\\/\\\/animefigurer.se\\\/wp-content\\\/uploads\\\/2026\\\/05\\\/x_rmnt701011.jpg\",\"width\":827,\"height\":1000},{\"@type\":\"BreadcrumbList\",\"@id\":\"https:\\\/\\\/animefigurer.se\\\/figurer\\\/original-character\\\/fresh-farm-mini-figures-blind-box-display-8\\\/#breadcrumb\",\"itemListElement\":[{\"@type\":\"ListItem\",\"position\":1,\"name\":\"Home\",\"item\":\"https:\\\/\\\/animefigurer.se\\\/\"},{\"@type\":\"ListItem\",\"position\":2,\"name\":\"Butik\",\"item\":\"https:\\\/\\\/animefigurer.se\\\/figurer\\\/\"},{\"@type\":\"ListItem\",\"position\":3,\"name\":\"Fresh Farm Mini Figures Blind Box Display (8)\"}]},{\"@type\":\"WebSite\",\"@id\":\"https:\\\/\\\/animefigurer.se\\\/#website\",\"url\":\"https:\\\/\\\/animefigurer.se\\\/\",\"name\":\"Animefigurer.se\",\"description\":\"Anime figurer fr\u00e5n \u00f6ver 300 olika anime serier med \u00f6ver 9000 produkter | Anime Shop\",\"publisher\":{\"@id\":\"https:\\\/\\\/animefigurer.se\\\/#organization\"},\"potentialAction\":[{\"@type\":\"SearchAction\",\"target\":{\"@type\":\"EntryPoint\",\"urlTemplate\":\"https:\\\/\\\/animefigurer.se\\\/?s={search_term_string}\"},\"query-input\":{\"@type\":\"PropertyValueSpecification\",\"valueRequired\":true,\"valueName\":\"search_term_string\"}}],\"inLanguage\":\"en-GB\"},{\"@type\":\"Organization\",\"@id\":\"https:\\\/\\\/animefigurer.se\\\/#organization\",\"name\":\"Animefigurer.se\",\"alternateName\":\"Anime figurer | Anime shop\",\"url\":\"https:\\\/\\\/animefigurer.se\\\/\",\"logo\":{\"@type\":\"ImageObject\",\"inLanguage\":\"en-GB\",\"@id\":\"https:\\\/\\\/animefigurer.se\\\/#\\\/schema\\\/logo\\\/image\\\/\",\"url\":\"https:\\\/\\\/animefigurer.se\\\/wp-content\\\/uploads\\\/2025\\\/12\\\/Animefigurer_logowhite.png\",\"contentUrl\":\"https:\\\/\\\/animefigurer.se\\\/wp-content\\\/uploads\\\/2025\\\/12\\\/Animefigurer_logowhite.png\",\"width\":1890,\"height\":1417,\"caption\":\"Animefigurer.se\"},\"image\":{\"@id\":\"https:\\\/\\\/animefigurer.se\\\/#\\\/schema\\\/logo\\\/image\\\/\"},\"sameAs\":[\"https:\\\/\\\/www.facebook.com\\\/profile.php?id=61581826539670\",\"https:\\\/\\\/www.instagram.com\\\/animefigurer.se\\\/\"],\"email\":\"info@animefigurer.se\"}]}<\/script>\n<!-- \/ Yoast SEO Premium plugin. -->","yoast_head_json":{"title":"Fresh Farm Mini Figures Blind Box Display (8) | Animefigurer.se","robots":{"index":"index","follow":"follow","max-snippet":"max-snippet:-1","max-image-preview":"max-image-preview:large","max-video-preview":"max-video-preview:-1"},"canonical":"https:\/\/animefigurer.se\/en\/figurer\/original-character\/fresh-farm-mini-figures-blind-box-display-8\/","og_locale":"en_GB","og_type":"article","og_title":"Fresh Farm Mini Figures Blind Box Display (8)","og_description":"Fresh Farm Mini Figures Blind Box Display fr\u00e5n Re-Ment \u00e4r ett charmigt miniatyrset med lantg\u00e5rdstema och \u00e5tta olika sm\u00e5 scenbyggen fyllda med s\u00f6ta djur och tillbeh\u00f6r. Serien inneh\u00e5ller detaljerade delar inspirerade av g\u00e5rdsliv, mejeriprodukter och picknickmilj\u00f6er. Figurerna och tillbeh\u00f6ren \u00e4r tillverkade i PVC med h\u00f6g detaljniv\u00e5 och passar perfekt f\u00f6r samlare av kawaii-miniatyrer, dockhus eller [&hellip;]","og_url":"https:\/\/animefigurer.se\/en\/figurer\/original-character\/fresh-farm-mini-figures-blind-box-display-8\/","og_site_name":"Animefigurer.se","article_publisher":"https:\/\/www.facebook.com\/profile.php?id=61581826539670","article_modified_time":"2026-05-07T14:27:45+00:00","og_image":[{"width":827,"height":1000,"url":"https:\/\/animefigurer.se\/wp-content\/uploads\/2026\/05\/x_rmnt701011.jpg","type":"image\/jpeg"}],"twitter_card":"summary_large_image","twitter_misc":{"Estimated reading time":"1 minute"},"schema":{"@context":"https:\/\/schema.org","@graph":[{"@type":"WebPage","@id":"https:\/\/animefigurer.se\/figurer\/original-character\/fresh-farm-mini-figures-blind-box-display-8\/","url":"https:\/\/animefigurer.se\/figurer\/original-character\/fresh-farm-mini-figures-blind-box-display-8\/","name":"Fresh Farm Mini Figures Blind Box Display (8) | Animefigurer.se","isPartOf":{"@id":"https:\/\/animefigurer.se\/#website"},"primaryImageOfPage":{"@id":"https:\/\/animefigurer.se\/figurer\/original-character\/fresh-farm-mini-figures-blind-box-display-8\/#primaryimage"},"image":{"@id":"https:\/\/animefigurer.se\/figurer\/original-character\/fresh-farm-mini-figures-blind-box-display-8\/#primaryimage"},"thumbnailUrl":"https:\/\/animefigurer.se\/wp-content\/uploads\/2026\/05\/x_rmnt701011.jpg","datePublished":"2026-05-07T13:03:52+00:00","dateModified":"2026-05-07T14:27:45+00:00","breadcrumb":{"@id":"https:\/\/animefigurer.se\/figurer\/original-character\/fresh-farm-mini-figures-blind-box-display-8\/#breadcrumb"},"inLanguage":"en-GB","potentialAction":[{"@type":"ReadAction","target":["https:\/\/animefigurer.se\/figurer\/original-character\/fresh-farm-mini-figures-blind-box-display-8\/"]}]},{"@type":"ImageObject","inLanguage":"en-GB","@id":"https:\/\/animefigurer.se\/figurer\/original-character\/fresh-farm-mini-figures-blind-box-display-8\/#primaryimage","url":"https:\/\/animefigurer.se\/wp-content\/uploads\/2026\/05\/x_rmnt701011.jpg","contentUrl":"https:\/\/animefigurer.se\/wp-content\/uploads\/2026\/05\/x_rmnt701011.jpg","width":827,"height":1000},{"@type":"BreadcrumbList","@id":"https:\/\/animefigurer.se\/figurer\/original-character\/fresh-farm-mini-figures-blind-box-display-8\/#breadcrumb","itemListElement":[{"@type":"ListItem","position":1,"name":"Home","item":"https:\/\/animefigurer.se\/"},{"@type":"ListItem","position":2,"name":"Butik","item":"https:\/\/animefigurer.se\/figurer\/"},{"@type":"ListItem","position":3,"name":"Fresh Farm Mini Figures Blind Box Display (8)"}]},{"@type":"WebSite","@id":"https:\/\/animefigurer.se\/#website","url":"https:\/\/animefigurer.se\/","name":"Animefigurer.se","description":"Anime figures from over 300 different anime series with over 9000 products | Anime Shop","publisher":{"@id":"https:\/\/animefigurer.se\/#organization"},"potentialAction":[{"@type":"SearchAction","target":{"@type":"EntryPoint","urlTemplate":"https:\/\/animefigurer.se\/?s={search_term_string}"},"query-input":{"@type":"PropertyValueSpecification","valueRequired":true,"valueName":"search_term_string"}}],"inLanguage":"en-GB"},{"@type":"Organization","@id":"https:\/\/animefigurer.se\/#organization","name":"Animefigurer.se","alternateName":"Anime figurer | Anime shop","url":"https:\/\/animefigurer.se\/","logo":{"@type":"ImageObject","inLanguage":"en-GB","@id":"https:\/\/animefigurer.se\/#\/schema\/logo\/image\/","url":"https:\/\/animefigurer.se\/wp-content\/uploads\/2025\/12\/Animefigurer_logowhite.png","contentUrl":"https:\/\/animefigurer.se\/wp-content\/uploads\/2025\/12\/Animefigurer_logowhite.png","width":1890,"height":1417,"caption":"Animefigurer.se"},"image":{"@id":"https:\/\/animefigurer.se\/#\/schema\/logo\/image\/"},"sameAs":["https:\/\/www.facebook.com\/profile.php?id=61581826539670","https:\/\/www.instagram.com\/animefigurer.se\/"],"email":"info@animefigurer.se"}]}},"_links":{"self":[{"href":"https:\/\/animefigurer.se\/en\/wp-json\/wp\/v2\/product\/103499","targetHints":{"allow":["GET"]}}],"collection":[{"href":"https:\/\/animefigurer.se\/en\/wp-json\/wp\/v2\/product"}],"about":[{"href":"https:\/\/animefigurer.se\/en\/wp-json\/wp\/v2\/types\/product"}],"replies":[{"embeddable":true,"href":"https:\/\/animefigurer.se\/en\/wp-json\/wp\/v2\/comments?post=103499"}],"wp:featuredmedia":[{"embeddable":true,"href":"https:\/\/animefigurer.se\/en\/wp-json\/wp\/v2\/media\/103498"}],"wp:attachment":[{"href":"https:\/\/animefigurer.se\/en\/wp-json\/wp\/v2\/media?parent=103499"}],"wp:term":[{"taxonomy":"product_brand","embeddable":true,"href":"https:\/\/animefigurer.se\/en\/wp-json\/wp\/v2\/product_brand?post=103499"},{"taxonomy":"product_cat","embeddable":true,"href":"https:\/\/animefigurer.se\/en\/wp-json\/wp\/v2\/product_cat?post=103499"},{"taxonomy":"product_tag","embeddable":true,"href":"https:\/\/animefigurer.se\/en\/wp-json\/wp\/v2\/product_tag?post=103499"},{"taxonomy":"giftcard-category","embeddable":true,"href":"https:\/\/animefigurer.se\/en\/wp-json\/wp\/v2\/giftcard-category?post=103499"}],"curies":[{"name":"wp","href":"https:\/\/api.w.org\/{rel}","templated":true}]}}