{"id":102789,"date":"2026-05-06T10:03:02","date_gmt":"2026-05-06T08:03:02","guid":{"rendered":"https:\/\/animefigurer.se\/?post_type=product&#038;p=102789"},"modified":"2026-05-06T12:07:07","modified_gmt":"2026-05-06T10:07:07","slug":"the-mandalorian-grogu-grogu-collection-statue-grogu-popcorn-time","status":"publish","type":"product","link":"https:\/\/animefigurer.se\/en\/figurer\/star-wars\/the-mandalorian-grogu-grogu-collection-statue-grogu-popcorn-time\/","title":{"rendered":"The Mandalorian &#038; Grogu Grogu Collection Statue Grogu Popcorn Time"},"content":{"rendered":"<p>The Mandalorian &amp; Grogu Grogu Collection Statue Grogu Popcorn Time \u00e4r en charmig samlarstaty fr\u00e5n Iron Studios som visar Grogu sittande med popcorn i ett lekfullt och avslappnat \u00f6gonblick inspirerat av The Mandalorian. Statyn f\u00e5ngar hans s\u00f6ta uttryck och nyfikna personlighet med imponerande detaljrikedom.<\/p>\n<p>Den handm\u00e5lade statyn \u00e4r tillverkad med premiumkvalitet och inkluderar tygdetaljer p\u00e5 kappan f\u00f6r en mer realistisk presentation. Ett perfekt samlarobjekt f\u00f6r fans av Grogu och Star Wars-universumet.<\/p>","protected":false},"excerpt":{"rendered":"<p>The Mandalorian &amp; Grogu Grogu Collection Statue Grogu Popcorn Time \u00e4r en charmig samlarstaty fr\u00e5n Iron Studios som visar Grogu sittande med popcorn i ett lekfullt och avslappnat \u00f6gonblick inspirerat av The Mandalorian. Statyn f\u00e5ngar hans s\u00f6ta uttryck och nyfikna personlighet med imponerande detaljrikedom. Den handm\u00e5lade statyn \u00e4r tillverkad med premiumkvalitet och inkluderar tygdetaljer p\u00e5 [&hellip;]<\/p>\n","protected":false},"featured_media":102788,"comment_status":"closed","ping_status":"closed","template":"","meta":{"_acf_changed":false,"_monsterinsights_skip_tracking":false,"_monsterinsights_sitenote_active":false,"_monsterinsights_sitenote_note":"","_monsterinsights_sitenote_category":0},"product_brand":[7035],"product_cat":[5098],"product_tag":[26],"giftcard-category":[],"class_list":{"0":"post-102789","1":"product","2":"type-product","3":"status-publish","4":"has-post-thumbnail","6":"product_brand-iron-studios","7":"product_cat-star-wars","8":"product_tag-pre-order","9":"pa_franchise-the-mandalorian","10":"pa_karaktar-grogu","11":"pa_material-abs","12":"pa_material-fabric","13":"pa_material-polystone","14":"pa_material-pvc","15":"pa_material-resin","17":"first","18":"instock","19":"taxable","20":"shipping-taxable","21":"purchasable","22":"product-type-simple"},"acf":[],"yoast_head":"<!-- This site is optimized with the Yoast SEO Premium plugin v24.6 (Yoast SEO v27.4) - https:\/\/yoast.com\/product\/yoast-seo-premium-wordpress\/ -->\n<title>The Mandalorian &amp; Grogu Grogu Collection Statue Grogu Popcorn Time | Animefigurer.se<\/title>\n<meta name=\"robots\" content=\"index, follow, max-snippet:-1, max-image-preview:large, max-video-preview:-1\" \/>\n<link rel=\"canonical\" href=\"https:\/\/animefigurer.se\/en\/figurer\/star-wars\/the-mandalorian-grogu-grogu-collection-statue-grogu-popcorn-time\/\" \/>\n<meta property=\"og:locale\" content=\"en_GB\" \/>\n<meta property=\"og:type\" content=\"article\" \/>\n<meta property=\"og:title\" content=\"The Mandalorian &amp; Grogu Grogu Collection Statue Grogu Popcorn Time\" \/>\n<meta property=\"og:description\" content=\"The Mandalorian &amp; Grogu Grogu Collection Statue Grogu Popcorn Time \u00e4r en charmig samlarstaty fr\u00e5n Iron Studios som visar Grogu sittande med popcorn i ett lekfullt och avslappnat \u00f6gonblick inspirerat av The Mandalorian. Statyn f\u00e5ngar hans s\u00f6ta uttryck och nyfikna personlighet med imponerande detaljrikedom. Den handm\u00e5lade statyn \u00e4r tillverkad med premiumkvalitet och inkluderar tygdetaljer p\u00e5 [&hellip;]\" \/>\n<meta property=\"og:url\" content=\"https:\/\/animefigurer.se\/en\/figurer\/star-wars\/the-mandalorian-grogu-grogu-collection-statue-grogu-popcorn-time\/\" \/>\n<meta property=\"og:site_name\" content=\"Animefigurer.se\" \/>\n<meta property=\"article:publisher\" content=\"https:\/\/www.facebook.com\/profile.php?id=61581826539670\" \/>\n<meta property=\"article:modified_time\" content=\"2026-05-06T10:07:07+00:00\" \/>\n<meta property=\"og:image\" content=\"https:\/\/animefigurer.se\/wp-content\/uploads\/2026\/05\/x_is33667.jpg\" \/>\n\t<meta property=\"og:image:width\" content=\"1000\" \/>\n\t<meta property=\"og:image:height\" content=\"883\" \/>\n\t<meta property=\"og:image:type\" content=\"image\/jpeg\" \/>\n<meta name=\"twitter:card\" content=\"summary_large_image\" \/>\n<meta name=\"twitter:label1\" content=\"Estimated reading time\" \/>\n\t<meta name=\"twitter:data1\" content=\"1 minute\" \/>\n<script type=\"application\/ld+json\" class=\"yoast-schema-graph\">{\"@context\":\"https:\\\/\\\/schema.org\",\"@graph\":[{\"@type\":\"WebPage\",\"@id\":\"https:\\\/\\\/animefigurer.se\\\/figurer\\\/star-wars\\\/the-mandalorian-grogu-grogu-collection-statue-grogu-popcorn-time\\\/\",\"url\":\"https:\\\/\\\/animefigurer.se\\\/figurer\\\/star-wars\\\/the-mandalorian-grogu-grogu-collection-statue-grogu-popcorn-time\\\/\",\"name\":\"The Mandalorian & Grogu Grogu Collection Statue Grogu Popcorn Time | Animefigurer.se\",\"isPartOf\":{\"@id\":\"https:\\\/\\\/animefigurer.se\\\/#website\"},\"primaryImageOfPage\":{\"@id\":\"https:\\\/\\\/animefigurer.se\\\/figurer\\\/star-wars\\\/the-mandalorian-grogu-grogu-collection-statue-grogu-popcorn-time\\\/#primaryimage\"},\"image\":{\"@id\":\"https:\\\/\\\/animefigurer.se\\\/figurer\\\/star-wars\\\/the-mandalorian-grogu-grogu-collection-statue-grogu-popcorn-time\\\/#primaryimage\"},\"thumbnailUrl\":\"https:\\\/\\\/animefigurer.se\\\/wp-content\\\/uploads\\\/2026\\\/05\\\/x_is33667.jpg\",\"datePublished\":\"2026-05-06T08:03:02+00:00\",\"dateModified\":\"2026-05-06T10:07:07+00:00\",\"breadcrumb\":{\"@id\":\"https:\\\/\\\/animefigurer.se\\\/figurer\\\/star-wars\\\/the-mandalorian-grogu-grogu-collection-statue-grogu-popcorn-time\\\/#breadcrumb\"},\"inLanguage\":\"en-GB\",\"potentialAction\":[{\"@type\":\"ReadAction\",\"target\":[\"https:\\\/\\\/animefigurer.se\\\/figurer\\\/star-wars\\\/the-mandalorian-grogu-grogu-collection-statue-grogu-popcorn-time\\\/\"]}]},{\"@type\":\"ImageObject\",\"inLanguage\":\"en-GB\",\"@id\":\"https:\\\/\\\/animefigurer.se\\\/figurer\\\/star-wars\\\/the-mandalorian-grogu-grogu-collection-statue-grogu-popcorn-time\\\/#primaryimage\",\"url\":\"https:\\\/\\\/animefigurer.se\\\/wp-content\\\/uploads\\\/2026\\\/05\\\/x_is33667.jpg\",\"contentUrl\":\"https:\\\/\\\/animefigurer.se\\\/wp-content\\\/uploads\\\/2026\\\/05\\\/x_is33667.jpg\",\"width\":1000,\"height\":883},{\"@type\":\"BreadcrumbList\",\"@id\":\"https:\\\/\\\/animefigurer.se\\\/figurer\\\/star-wars\\\/the-mandalorian-grogu-grogu-collection-statue-grogu-popcorn-time\\\/#breadcrumb\",\"itemListElement\":[{\"@type\":\"ListItem\",\"position\":1,\"name\":\"Home\",\"item\":\"https:\\\/\\\/animefigurer.se\\\/\"},{\"@type\":\"ListItem\",\"position\":2,\"name\":\"Butik\",\"item\":\"https:\\\/\\\/animefigurer.se\\\/figurer\\\/\"},{\"@type\":\"ListItem\",\"position\":3,\"name\":\"The Mandalorian &#038; Grogu Grogu Collection Statue Grogu Popcorn Time\"}]},{\"@type\":\"WebSite\",\"@id\":\"https:\\\/\\\/animefigurer.se\\\/#website\",\"url\":\"https:\\\/\\\/animefigurer.se\\\/\",\"name\":\"Animefigurer.se\",\"description\":\"Anime figurer fr\u00e5n \u00f6ver 300 olika anime serier med \u00f6ver 9000 produkter | Anime Shop\",\"publisher\":{\"@id\":\"https:\\\/\\\/animefigurer.se\\\/#organization\"},\"potentialAction\":[{\"@type\":\"SearchAction\",\"target\":{\"@type\":\"EntryPoint\",\"urlTemplate\":\"https:\\\/\\\/animefigurer.se\\\/?s={search_term_string}\"},\"query-input\":{\"@type\":\"PropertyValueSpecification\",\"valueRequired\":true,\"valueName\":\"search_term_string\"}}],\"inLanguage\":\"en-GB\"},{\"@type\":\"Organization\",\"@id\":\"https:\\\/\\\/animefigurer.se\\\/#organization\",\"name\":\"Animefigurer.se\",\"alternateName\":\"Anime figurer | Anime shop\",\"url\":\"https:\\\/\\\/animefigurer.se\\\/\",\"logo\":{\"@type\":\"ImageObject\",\"inLanguage\":\"en-GB\",\"@id\":\"https:\\\/\\\/animefigurer.se\\\/#\\\/schema\\\/logo\\\/image\\\/\",\"url\":\"https:\\\/\\\/animefigurer.se\\\/wp-content\\\/uploads\\\/2025\\\/12\\\/Animefigurer_logowhite.png\",\"contentUrl\":\"https:\\\/\\\/animefigurer.se\\\/wp-content\\\/uploads\\\/2025\\\/12\\\/Animefigurer_logowhite.png\",\"width\":1890,\"height\":1417,\"caption\":\"Animefigurer.se\"},\"image\":{\"@id\":\"https:\\\/\\\/animefigurer.se\\\/#\\\/schema\\\/logo\\\/image\\\/\"},\"sameAs\":[\"https:\\\/\\\/www.facebook.com\\\/profile.php?id=61581826539670\",\"https:\\\/\\\/www.instagram.com\\\/animefigurer.se\\\/\"],\"email\":\"info@animefigurer.se\"}]}<\/script>\n<!-- \/ Yoast SEO Premium plugin. -->","yoast_head_json":{"title":"The Mandalorian & Grogu Grogu Collection Statue Grogu Popcorn Time | Animefigurer.se","robots":{"index":"index","follow":"follow","max-snippet":"max-snippet:-1","max-image-preview":"max-image-preview:large","max-video-preview":"max-video-preview:-1"},"canonical":"https:\/\/animefigurer.se\/en\/figurer\/star-wars\/the-mandalorian-grogu-grogu-collection-statue-grogu-popcorn-time\/","og_locale":"en_GB","og_type":"article","og_title":"The Mandalorian & Grogu Grogu Collection Statue Grogu Popcorn Time","og_description":"The Mandalorian &amp; Grogu Grogu Collection Statue Grogu Popcorn Time \u00e4r en charmig samlarstaty fr\u00e5n Iron Studios som visar Grogu sittande med popcorn i ett lekfullt och avslappnat \u00f6gonblick inspirerat av The Mandalorian. Statyn f\u00e5ngar hans s\u00f6ta uttryck och nyfikna personlighet med imponerande detaljrikedom. Den handm\u00e5lade statyn \u00e4r tillverkad med premiumkvalitet och inkluderar tygdetaljer p\u00e5 [&hellip;]","og_url":"https:\/\/animefigurer.se\/en\/figurer\/star-wars\/the-mandalorian-grogu-grogu-collection-statue-grogu-popcorn-time\/","og_site_name":"Animefigurer.se","article_publisher":"https:\/\/www.facebook.com\/profile.php?id=61581826539670","article_modified_time":"2026-05-06T10:07:07+00:00","og_image":[{"width":1000,"height":883,"url":"https:\/\/animefigurer.se\/wp-content\/uploads\/2026\/05\/x_is33667.jpg","type":"image\/jpeg"}],"twitter_card":"summary_large_image","twitter_misc":{"Estimated reading time":"1 minute"},"schema":{"@context":"https:\/\/schema.org","@graph":[{"@type":"WebPage","@id":"https:\/\/animefigurer.se\/figurer\/star-wars\/the-mandalorian-grogu-grogu-collection-statue-grogu-popcorn-time\/","url":"https:\/\/animefigurer.se\/figurer\/star-wars\/the-mandalorian-grogu-grogu-collection-statue-grogu-popcorn-time\/","name":"The Mandalorian & Grogu Grogu Collection Statue Grogu Popcorn Time | Animefigurer.se","isPartOf":{"@id":"https:\/\/animefigurer.se\/#website"},"primaryImageOfPage":{"@id":"https:\/\/animefigurer.se\/figurer\/star-wars\/the-mandalorian-grogu-grogu-collection-statue-grogu-popcorn-time\/#primaryimage"},"image":{"@id":"https:\/\/animefigurer.se\/figurer\/star-wars\/the-mandalorian-grogu-grogu-collection-statue-grogu-popcorn-time\/#primaryimage"},"thumbnailUrl":"https:\/\/animefigurer.se\/wp-content\/uploads\/2026\/05\/x_is33667.jpg","datePublished":"2026-05-06T08:03:02+00:00","dateModified":"2026-05-06T10:07:07+00:00","breadcrumb":{"@id":"https:\/\/animefigurer.se\/figurer\/star-wars\/the-mandalorian-grogu-grogu-collection-statue-grogu-popcorn-time\/#breadcrumb"},"inLanguage":"en-GB","potentialAction":[{"@type":"ReadAction","target":["https:\/\/animefigurer.se\/figurer\/star-wars\/the-mandalorian-grogu-grogu-collection-statue-grogu-popcorn-time\/"]}]},{"@type":"ImageObject","inLanguage":"en-GB","@id":"https:\/\/animefigurer.se\/figurer\/star-wars\/the-mandalorian-grogu-grogu-collection-statue-grogu-popcorn-time\/#primaryimage","url":"https:\/\/animefigurer.se\/wp-content\/uploads\/2026\/05\/x_is33667.jpg","contentUrl":"https:\/\/animefigurer.se\/wp-content\/uploads\/2026\/05\/x_is33667.jpg","width":1000,"height":883},{"@type":"BreadcrumbList","@id":"https:\/\/animefigurer.se\/figurer\/star-wars\/the-mandalorian-grogu-grogu-collection-statue-grogu-popcorn-time\/#breadcrumb","itemListElement":[{"@type":"ListItem","position":1,"name":"Home","item":"https:\/\/animefigurer.se\/"},{"@type":"ListItem","position":2,"name":"Butik","item":"https:\/\/animefigurer.se\/figurer\/"},{"@type":"ListItem","position":3,"name":"The Mandalorian &#038; Grogu Grogu Collection Statue Grogu Popcorn Time"}]},{"@type":"WebSite","@id":"https:\/\/animefigurer.se\/#website","url":"https:\/\/animefigurer.se\/","name":"Animefigurer.se","description":"Anime figures from over 300 different anime series with over 9000 products | Anime Shop","publisher":{"@id":"https:\/\/animefigurer.se\/#organization"},"potentialAction":[{"@type":"SearchAction","target":{"@type":"EntryPoint","urlTemplate":"https:\/\/animefigurer.se\/?s={search_term_string}"},"query-input":{"@type":"PropertyValueSpecification","valueRequired":true,"valueName":"search_term_string"}}],"inLanguage":"en-GB"},{"@type":"Organization","@id":"https:\/\/animefigurer.se\/#organization","name":"Animefigurer.se","alternateName":"Anime figurer | Anime shop","url":"https:\/\/animefigurer.se\/","logo":{"@type":"ImageObject","inLanguage":"en-GB","@id":"https:\/\/animefigurer.se\/#\/schema\/logo\/image\/","url":"https:\/\/animefigurer.se\/wp-content\/uploads\/2025\/12\/Animefigurer_logowhite.png","contentUrl":"https:\/\/animefigurer.se\/wp-content\/uploads\/2025\/12\/Animefigurer_logowhite.png","width":1890,"height":1417,"caption":"Animefigurer.se"},"image":{"@id":"https:\/\/animefigurer.se\/#\/schema\/logo\/image\/"},"sameAs":["https:\/\/www.facebook.com\/profile.php?id=61581826539670","https:\/\/www.instagram.com\/animefigurer.se\/"],"email":"info@animefigurer.se"}]}},"_links":{"self":[{"href":"https:\/\/animefigurer.se\/en\/wp-json\/wp\/v2\/product\/102789","targetHints":{"allow":["GET"]}}],"collection":[{"href":"https:\/\/animefigurer.se\/en\/wp-json\/wp\/v2\/product"}],"about":[{"href":"https:\/\/animefigurer.se\/en\/wp-json\/wp\/v2\/types\/product"}],"replies":[{"embeddable":true,"href":"https:\/\/animefigurer.se\/en\/wp-json\/wp\/v2\/comments?post=102789"}],"wp:featuredmedia":[{"embeddable":true,"href":"https:\/\/animefigurer.se\/en\/wp-json\/wp\/v2\/media\/102788"}],"wp:attachment":[{"href":"https:\/\/animefigurer.se\/en\/wp-json\/wp\/v2\/media?parent=102789"}],"wp:term":[{"taxonomy":"product_brand","embeddable":true,"href":"https:\/\/animefigurer.se\/en\/wp-json\/wp\/v2\/product_brand?post=102789"},{"taxonomy":"product_cat","embeddable":true,"href":"https:\/\/animefigurer.se\/en\/wp-json\/wp\/v2\/product_cat?post=102789"},{"taxonomy":"product_tag","embeddable":true,"href":"https:\/\/animefigurer.se\/en\/wp-json\/wp\/v2\/product_tag?post=102789"},{"taxonomy":"giftcard-category","embeddable":true,"href":"https:\/\/animefigurer.se\/en\/wp-json\/wp\/v2\/giftcard-category?post=102789"}],"curies":[{"name":"wp","href":"https:\/\/api.w.org\/{rel}","templated":true}]}}