{"id":10271,"date":"2025-10-20T16:57:10","date_gmt":"2025-10-20T14:57:10","guid":{"rendered":"https:\/\/animefigurer.se\/produkt\/blue-archive-miyako-tsukiyuki-swimsuit-memorial-lobby-ver\/"},"modified":"2025-12-21T19:25:27","modified_gmt":"2025-12-21T18:25:27","slug":"blue-archive-miyako-tsukiyuki-swimsuit-memorial-lobby-ver","status":"publish","type":"product","link":"https:\/\/animefigurer.se\/en\/figurer\/blue-archive\/blue-archive-miyako-tsukiyuki-swimsuit-memorial-lobby-ver\/","title":{"rendered":"Blue Archive Miyako Tsukiyuki (Swimsuit Memorial Lobby Ver.)"},"content":{"rendered":"<p>From Blue Archive comes Miyako Tsukiyuki (Swimsuit Memorial Lobby Ver.) in 1\/7 scale \u2014 SRT Special Academy&#039;s student and leader of the RABBIT Squad, here in a swimsuit for an undercover mission.<\/p>\n<p>The scene of Miyako taking a morning dip has been meticulously captured: from the wet swimsuit to the damp hair, various textures have been rendered through detailed sculpting and painting. Translucent elements are used in the ruffles to mimic the morning sunlight in the Memorial Lobby.<\/p>","protected":false},"excerpt":{"rendered":"<p>From Blue Archive comes Miyako Tsukiyuki (Swimsuit Memorial Lobby Ver.) in 1\/7 scale \u2014 SRT Special Academy&#039;s student and leader of the RABBIT Squad, here in a swimsuit for an undercover mission.<\/p>\n<p>The scene of Miyako taking a morning swim has been meticulously captured: from the wet swimsuit to the damp hair <\/p>","protected":false},"featured_media":10272,"comment_status":"closed","ping_status":"open","template":"","meta":{"_acf_changed":false,"_monsterinsights_skip_tracking":false,"_monsterinsights_sitenote_active":false,"_monsterinsights_sitenote_note":"","_monsterinsights_sitenote_category":0},"product_brand":[6890],"product_cat":[985],"product_tag":[24],"giftcard-category":[],"class_list":{"0":"post-10271","1":"product","2":"type-product","3":"status-publish","4":"has-post-thumbnail","6":"product_brand-good-smile-company","7":"product_cat-blue-archive","8":"product_tag-2-3-weeks","9":"pa_franchise-blue-archive","10":"pa_karaktar-miyako-tsukiyuki","11":"pa_material-pvc-abs","12":"pa_skala-41","13":"pa_storlek-24-cm","15":"first","16":"instock","17":"taxable","18":"shipping-taxable","19":"purchasable","20":"product-type-simple"},"acf":[],"yoast_head":"<!-- This site is optimized with the Yoast SEO Premium plugin v24.6 (Yoast SEO v27.3) - https:\/\/yoast.com\/product\/yoast-seo-premium-wordpress\/ -->\n<title>Blue Archive Miyako Tsukiyuki (Swimsuit Memorial Lobby Ver.) | Animefigurer.se<\/title>\n<meta name=\"robots\" content=\"index, follow, max-snippet:-1, max-image-preview:large, max-video-preview:-1\" \/>\n<link rel=\"canonical\" href=\"https:\/\/animefigurer.se\/en\/figurer\/blue-archive\/blue-archive-miyako-tsukiyuki-swimsuit-memorial-lobby-ver\/\" \/>\n<meta property=\"og:locale\" content=\"en_GB\" \/>\n<meta property=\"og:type\" content=\"article\" \/>\n<meta property=\"og:title\" content=\"Blue Archive Miyako Tsukiyuki (Swimsuit Memorial Lobby Ver.)\" \/>\n<meta property=\"og:description\" content=\"Fr\u00e5n Blue Archive kommer Miyako Tsukiyuki (Swimsuit Memorial Lobby Ver.) i skala 1\/7 \u2014 SRT Special Academys student och ledare f\u00f6r RABBIT Squad, h\u00e4r i baddr\u00e4kt f\u00f6r ett undercover-uppdrag. Scenen med Miyako som tar ett morgondopp har noggrant f\u00e5ngats: fr\u00e5n den v\u00e5ta baddr\u00e4kten till det fuktiga h\u00e5ret\" \/>\n<meta property=\"og:url\" content=\"https:\/\/animefigurer.se\/en\/figurer\/blue-archive\/blue-archive-miyako-tsukiyuki-swimsuit-memorial-lobby-ver\/\" \/>\n<meta property=\"og:site_name\" content=\"Animefigurer.se\" \/>\n<meta property=\"article:publisher\" content=\"https:\/\/www.facebook.com\/profile.php?id=61581826539670\" \/>\n<meta property=\"article:modified_time\" content=\"2025-12-21T18:25:27+00:00\" \/>\n<meta property=\"og:image\" content=\"https:\/\/animefigurer.se\/wp-content\/uploads\/2025\/12\/Animefigurer_logowhite.png\" \/>\n\t<meta property=\"og:image:width\" content=\"1890\" \/>\n\t<meta property=\"og:image:height\" content=\"1417\" \/>\n\t<meta property=\"og:image:type\" content=\"image\/png\" \/>\n<meta name=\"twitter:card\" content=\"summary_large_image\" \/>\n<script type=\"application\/ld+json\" class=\"yoast-schema-graph\">{\"@context\":\"https:\\\/\\\/schema.org\",\"@graph\":[{\"@type\":\"WebPage\",\"@id\":\"https:\\\/\\\/animefigurer.se\\\/en\\\/figurer\\\/blue-archive\\\/blue-archive-miyako-tsukiyuki-swimsuit-memorial-lobby-ver\\\/\",\"url\":\"https:\\\/\\\/animefigurer.se\\\/en\\\/figurer\\\/blue-archive\\\/blue-archive-miyako-tsukiyuki-swimsuit-memorial-lobby-ver\\\/\",\"name\":\"Blue Archive Miyako Tsukiyuki (Swimsuit Memorial Lobby Ver.) | Animefigurer.se\",\"isPartOf\":{\"@id\":\"https:\\\/\\\/animefigurer.se\\\/#website\"},\"primaryImageOfPage\":{\"@id\":\"https:\\\/\\\/animefigurer.se\\\/en\\\/figurer\\\/blue-archive\\\/blue-archive-miyako-tsukiyuki-swimsuit-memorial-lobby-ver\\\/#primaryimage\"},\"image\":{\"@id\":\"https:\\\/\\\/animefigurer.se\\\/en\\\/figurer\\\/blue-archive\\\/blue-archive-miyako-tsukiyuki-swimsuit-memorial-lobby-ver\\\/#primaryimage\"},\"thumbnailUrl\":\"https:\\\/\\\/animefigurer.se\\\/wp-content\\\/uploads\\\/2025\\\/10\\\/664f5e2715903.jpeg\",\"datePublished\":\"2025-10-20T14:57:10+00:00\",\"dateModified\":\"2025-12-21T18:25:27+00:00\",\"breadcrumb\":{\"@id\":\"https:\\\/\\\/animefigurer.se\\\/en\\\/figurer\\\/blue-archive\\\/blue-archive-miyako-tsukiyuki-swimsuit-memorial-lobby-ver\\\/#breadcrumb\"},\"inLanguage\":\"en-GB\",\"potentialAction\":[{\"@type\":\"ReadAction\",\"target\":[\"https:\\\/\\\/animefigurer.se\\\/en\\\/figurer\\\/blue-archive\\\/blue-archive-miyako-tsukiyuki-swimsuit-memorial-lobby-ver\\\/\"]}]},{\"@type\":\"ImageObject\",\"inLanguage\":\"en-GB\",\"@id\":\"https:\\\/\\\/animefigurer.se\\\/en\\\/figurer\\\/blue-archive\\\/blue-archive-miyako-tsukiyuki-swimsuit-memorial-lobby-ver\\\/#primaryimage\",\"url\":\"https:\\\/\\\/animefigurer.se\\\/wp-content\\\/uploads\\\/2025\\\/10\\\/664f5e2715903.jpeg\",\"contentUrl\":\"https:\\\/\\\/animefigurer.se\\\/wp-content\\\/uploads\\\/2025\\\/10\\\/664f5e2715903.jpeg\",\"width\":720,\"height\":540},{\"@type\":\"BreadcrumbList\",\"@id\":\"https:\\\/\\\/animefigurer.se\\\/en\\\/figurer\\\/blue-archive\\\/blue-archive-miyako-tsukiyuki-swimsuit-memorial-lobby-ver\\\/#breadcrumb\",\"itemListElement\":[{\"@type\":\"ListItem\",\"position\":1,\"name\":\"Home\",\"item\":\"https:\\\/\\\/animefigurer.se\\\/\"},{\"@type\":\"ListItem\",\"position\":2,\"name\":\"Butik\",\"item\":\"https:\\\/\\\/animefigurer.se\\\/figurer\\\/\"},{\"@type\":\"ListItem\",\"position\":3,\"name\":\"Blue Archive Miyako Tsukiyuki (Swimsuit Memorial Lobby Ver.)\"}]},{\"@type\":\"WebSite\",\"@id\":\"https:\\\/\\\/animefigurer.se\\\/#website\",\"url\":\"https:\\\/\\\/animefigurer.se\\\/\",\"name\":\"Animefigurer.se\",\"description\":\"Anime figurer fr\u00e5n \u00f6ver 300 olika anime serier med \u00f6ver 9000 produkter | Anime Shop\",\"publisher\":{\"@id\":\"https:\\\/\\\/animefigurer.se\\\/#organization\"},\"potentialAction\":[{\"@type\":\"SearchAction\",\"target\":{\"@type\":\"EntryPoint\",\"urlTemplate\":\"https:\\\/\\\/animefigurer.se\\\/?s={search_term_string}\"},\"query-input\":{\"@type\":\"PropertyValueSpecification\",\"valueRequired\":true,\"valueName\":\"search_term_string\"}}],\"inLanguage\":\"en-GB\"},{\"@type\":\"Organization\",\"@id\":\"https:\\\/\\\/animefigurer.se\\\/#organization\",\"name\":\"Animefigurer.se\",\"alternateName\":\"Anime figurer | Anime shop\",\"url\":\"https:\\\/\\\/animefigurer.se\\\/\",\"logo\":{\"@type\":\"ImageObject\",\"inLanguage\":\"en-GB\",\"@id\":\"https:\\\/\\\/animefigurer.se\\\/#\\\/schema\\\/logo\\\/image\\\/\",\"url\":\"https:\\\/\\\/animefigurer.se\\\/wp-content\\\/uploads\\\/2025\\\/12\\\/Animefigurer_logowhite.png\",\"contentUrl\":\"https:\\\/\\\/animefigurer.se\\\/wp-content\\\/uploads\\\/2025\\\/12\\\/Animefigurer_logowhite.png\",\"width\":1890,\"height\":1417,\"caption\":\"Animefigurer.se\"},\"image\":{\"@id\":\"https:\\\/\\\/animefigurer.se\\\/#\\\/schema\\\/logo\\\/image\\\/\"},\"sameAs\":[\"https:\\\/\\\/www.facebook.com\\\/profile.php?id=61581826539670\",\"https:\\\/\\\/www.instagram.com\\\/animefigurer.se\\\/\"],\"email\":\"info@animefigurer.se\"}]}<\/script>\n<!-- \/ Yoast SEO Premium plugin. -->","yoast_head_json":{"title":"Blue Archive Miyako Tsukiyuki (Swimsuit Memorial Lobby Ver.) | Animefigurer.se","robots":{"index":"index","follow":"follow","max-snippet":"max-snippet:-1","max-image-preview":"max-image-preview:large","max-video-preview":"max-video-preview:-1"},"canonical":"https:\/\/animefigurer.se\/en\/figurer\/blue-archive\/blue-archive-miyako-tsukiyuki-swimsuit-memorial-lobby-ver\/","og_locale":"en_GB","og_type":"article","og_title":"Blue Archive Miyako Tsukiyuki (Swimsuit Memorial Lobby Ver.)","og_description":"Fr\u00e5n Blue Archive kommer Miyako Tsukiyuki (Swimsuit Memorial Lobby Ver.) i skala 1\/7 \u2014 SRT Special Academys student och ledare f\u00f6r RABBIT Squad, h\u00e4r i baddr\u00e4kt f\u00f6r ett undercover-uppdrag. Scenen med Miyako som tar ett morgondopp har noggrant f\u00e5ngats: fr\u00e5n den v\u00e5ta baddr\u00e4kten till det fuktiga h\u00e5ret","og_url":"https:\/\/animefigurer.se\/en\/figurer\/blue-archive\/blue-archive-miyako-tsukiyuki-swimsuit-memorial-lobby-ver\/","og_site_name":"Animefigurer.se","article_publisher":"https:\/\/www.facebook.com\/profile.php?id=61581826539670","article_modified_time":"2025-12-21T18:25:27+00:00","og_image":[{"width":1890,"height":1417,"url":"https:\/\/animefigurer.se\/wp-content\/uploads\/2025\/12\/Animefigurer_logowhite.png","type":"image\/png"}],"twitter_card":"summary_large_image","schema":{"@context":"https:\/\/schema.org","@graph":[{"@type":"WebPage","@id":"https:\/\/animefigurer.se\/en\/figurer\/blue-archive\/blue-archive-miyako-tsukiyuki-swimsuit-memorial-lobby-ver\/","url":"https:\/\/animefigurer.se\/en\/figurer\/blue-archive\/blue-archive-miyako-tsukiyuki-swimsuit-memorial-lobby-ver\/","name":"Blue Archive Miyako Tsukiyuki (Swimsuit Memorial Lobby Ver.) | Animefigurer.se","isPartOf":{"@id":"https:\/\/animefigurer.se\/#website"},"primaryImageOfPage":{"@id":"https:\/\/animefigurer.se\/en\/figurer\/blue-archive\/blue-archive-miyako-tsukiyuki-swimsuit-memorial-lobby-ver\/#primaryimage"},"image":{"@id":"https:\/\/animefigurer.se\/en\/figurer\/blue-archive\/blue-archive-miyako-tsukiyuki-swimsuit-memorial-lobby-ver\/#primaryimage"},"thumbnailUrl":"https:\/\/animefigurer.se\/wp-content\/uploads\/2025\/10\/664f5e2715903.jpeg","datePublished":"2025-10-20T14:57:10+00:00","dateModified":"2025-12-21T18:25:27+00:00","breadcrumb":{"@id":"https:\/\/animefigurer.se\/en\/figurer\/blue-archive\/blue-archive-miyako-tsukiyuki-swimsuit-memorial-lobby-ver\/#breadcrumb"},"inLanguage":"en-GB","potentialAction":[{"@type":"ReadAction","target":["https:\/\/animefigurer.se\/en\/figurer\/blue-archive\/blue-archive-miyako-tsukiyuki-swimsuit-memorial-lobby-ver\/"]}]},{"@type":"ImageObject","inLanguage":"en-GB","@id":"https:\/\/animefigurer.se\/en\/figurer\/blue-archive\/blue-archive-miyako-tsukiyuki-swimsuit-memorial-lobby-ver\/#primaryimage","url":"https:\/\/animefigurer.se\/wp-content\/uploads\/2025\/10\/664f5e2715903.jpeg","contentUrl":"https:\/\/animefigurer.se\/wp-content\/uploads\/2025\/10\/664f5e2715903.jpeg","width":720,"height":540},{"@type":"BreadcrumbList","@id":"https:\/\/animefigurer.se\/en\/figurer\/blue-archive\/blue-archive-miyako-tsukiyuki-swimsuit-memorial-lobby-ver\/#breadcrumb","itemListElement":[{"@type":"ListItem","position":1,"name":"Home","item":"https:\/\/animefigurer.se\/"},{"@type":"ListItem","position":2,"name":"Butik","item":"https:\/\/animefigurer.se\/figurer\/"},{"@type":"ListItem","position":3,"name":"Blue Archive Miyako Tsukiyuki (Swimsuit Memorial Lobby Ver.)"}]},{"@type":"WebSite","@id":"https:\/\/animefigurer.se\/#website","url":"https:\/\/animefigurer.se\/","name":"Animefigurer.se","description":"Anime figures from over 300 different anime series with over 9000 products | Anime Shop","publisher":{"@id":"https:\/\/animefigurer.se\/#organization"},"potentialAction":[{"@type":"SearchAction","target":{"@type":"EntryPoint","urlTemplate":"https:\/\/animefigurer.se\/?s={search_term_string}"},"query-input":{"@type":"PropertyValueSpecification","valueRequired":true,"valueName":"search_term_string"}}],"inLanguage":"en-GB"},{"@type":"Organization","@id":"https:\/\/animefigurer.se\/#organization","name":"Animefigurer.se","alternateName":"Anime figurer | Anime shop","url":"https:\/\/animefigurer.se\/","logo":{"@type":"ImageObject","inLanguage":"en-GB","@id":"https:\/\/animefigurer.se\/#\/schema\/logo\/image\/","url":"https:\/\/animefigurer.se\/wp-content\/uploads\/2025\/12\/Animefigurer_logowhite.png","contentUrl":"https:\/\/animefigurer.se\/wp-content\/uploads\/2025\/12\/Animefigurer_logowhite.png","width":1890,"height":1417,"caption":"Animefigurer.se"},"image":{"@id":"https:\/\/animefigurer.se\/#\/schema\/logo\/image\/"},"sameAs":["https:\/\/www.facebook.com\/profile.php?id=61581826539670","https:\/\/www.instagram.com\/animefigurer.se\/"],"email":"info@animefigurer.se"}]}},"_links":{"self":[{"href":"https:\/\/animefigurer.se\/en\/wp-json\/wp\/v2\/product\/10271","targetHints":{"allow":["GET"]}}],"collection":[{"href":"https:\/\/animefigurer.se\/en\/wp-json\/wp\/v2\/product"}],"about":[{"href":"https:\/\/animefigurer.se\/en\/wp-json\/wp\/v2\/types\/product"}],"replies":[{"embeddable":true,"href":"https:\/\/animefigurer.se\/en\/wp-json\/wp\/v2\/comments?post=10271"}],"wp:featuredmedia":[{"embeddable":true,"href":"https:\/\/animefigurer.se\/en\/wp-json\/wp\/v2\/media\/10272"}],"wp:attachment":[{"href":"https:\/\/animefigurer.se\/en\/wp-json\/wp\/v2\/media?parent=10271"}],"wp:term":[{"taxonomy":"product_brand","embeddable":true,"href":"https:\/\/animefigurer.se\/en\/wp-json\/wp\/v2\/product_brand?post=10271"},{"taxonomy":"product_cat","embeddable":true,"href":"https:\/\/animefigurer.se\/en\/wp-json\/wp\/v2\/product_cat?post=10271"},{"taxonomy":"product_tag","embeddable":true,"href":"https:\/\/animefigurer.se\/en\/wp-json\/wp\/v2\/product_tag?post=10271"},{"taxonomy":"giftcard-category","embeddable":true,"href":"https:\/\/animefigurer.se\/en\/wp-json\/wp\/v2\/giftcard-category?post=10271"}],"curies":[{"name":"wp","href":"https:\/\/api.w.org\/{rel}","templated":true}]}}