{"id":102433,"date":"2026-05-06T10:00:58","date_gmt":"2026-05-06T08:00:58","guid":{"rendered":"https:\/\/animefigurer.se\/?post_type=product&#038;p=102433"},"modified":"2026-05-06T12:12:22","modified_gmt":"2026-05-06T10:12:22","slug":"one-piece-wallet-man-zip-skull","status":"publish","type":"product","link":"https:\/\/animefigurer.se\/en\/figurer\/one-piece\/one-piece-wallet-man-zip-skull\/","title":{"rendered":"One Piece Wallet Man Zip Skull"},"content":{"rendered":"<p>One Piece Wallet Man Zip Skull \u00e4r en stilren pl\u00e5nbok inspirerad av den popul\u00e4ra anime-serien One Piece. Designen med Straw Hat Pirates ikoniska d\u00f6dskalle-emblem ger pl\u00e5nboken ett klassiskt och tidl\u00f6st utseende f\u00f6r alla fans av serien.<\/p>\n<p>Pl\u00e5nboken har en praktisk dragkedjest\u00e4ngning som h\u00e5ller kort, sedlar och sm\u00e5 tillh\u00f6righeter s\u00e4kra. Den kompakta designen g\u00f6r den perfekt f\u00f6r vardaglig anv\u00e4ndning.<\/p>","protected":false},"excerpt":{"rendered":"<p>One Piece Wallet Man Zip Skull \u00e4r en stilren pl\u00e5nbok inspirerad av den popul\u00e4ra anime-serien One Piece. Designen med Straw Hat Pirates ikoniska d\u00f6dskalle-emblem ger pl\u00e5nboken ett klassiskt och tidl\u00f6st utseende f\u00f6r alla fans av serien. Pl\u00e5nboken har en praktisk dragkedjest\u00e4ngning som h\u00e5ller kort, sedlar och sm\u00e5 tillh\u00f6righeter s\u00e4kra. Den kompakta designen g\u00f6r den perfekt [&hellip;]<\/p>\n","protected":false},"featured_media":102432,"comment_status":"closed","ping_status":"closed","template":"","meta":{"_acf_changed":false,"_monsterinsights_skip_tracking":false,"_monsterinsights_sitenote_active":false,"_monsterinsights_sitenote_note":"","_monsterinsights_sitenote_category":0},"product_brand":[7892],"product_cat":[18],"product_tag":[26],"giftcard-category":[],"class_list":{"0":"post-102433","1":"product","2":"type-product","3":"status-publish","4":"has-post-thumbnail","6":"product_brand-karactermania","7":"product_cat-one-piece","8":"product_tag-pre-order","9":"pa_franchise-one-piece","11":"first","12":"instock","13":"taxable","14":"shipping-taxable","15":"purchasable","16":"product-type-simple"},"acf":[],"yoast_head":"<!-- This site is optimized with the Yoast SEO Premium plugin v24.6 (Yoast SEO v27.4) - https:\/\/yoast.com\/product\/yoast-seo-premium-wordpress\/ -->\n<title>One Piece Wallet Man Zip Skull | Animefigurer.se<\/title>\n<meta name=\"robots\" content=\"index, follow, max-snippet:-1, max-image-preview:large, max-video-preview:-1\" \/>\n<link rel=\"canonical\" href=\"https:\/\/animefigurer.se\/en\/figurer\/one-piece\/one-piece-wallet-man-zip-skull\/\" \/>\n<meta property=\"og:locale\" content=\"en_GB\" \/>\n<meta property=\"og:type\" content=\"article\" \/>\n<meta property=\"og:title\" content=\"One Piece Wallet Man Zip Skull\" \/>\n<meta property=\"og:description\" content=\"One Piece Wallet Man Zip Skull \u00e4r en stilren pl\u00e5nbok inspirerad av den popul\u00e4ra anime-serien One Piece. Designen med Straw Hat Pirates ikoniska d\u00f6dskalle-emblem ger pl\u00e5nboken ett klassiskt och tidl\u00f6st utseende f\u00f6r alla fans av serien. Pl\u00e5nboken har en praktisk dragkedjest\u00e4ngning som h\u00e5ller kort, sedlar och sm\u00e5 tillh\u00f6righeter s\u00e4kra. Den kompakta designen g\u00f6r den perfekt [&hellip;]\" \/>\n<meta property=\"og:url\" content=\"https:\/\/animefigurer.se\/en\/figurer\/one-piece\/one-piece-wallet-man-zip-skull\/\" \/>\n<meta property=\"og:site_name\" content=\"Animefigurer.se\" \/>\n<meta property=\"article:publisher\" content=\"https:\/\/www.facebook.com\/profile.php?id=61581826539670\" \/>\n<meta property=\"article:modified_time\" content=\"2026-05-06T10:12:22+00:00\" \/>\n<meta property=\"og:image\" content=\"https:\/\/animefigurer.se\/wp-content\/uploads\/2026\/05\/x_kmn10147.jpg\" \/>\n\t<meta property=\"og:image:width\" content=\"1000\" \/>\n\t<meta property=\"og:image:height\" content=\"800\" \/>\n\t<meta property=\"og:image:type\" content=\"image\/jpeg\" \/>\n<meta name=\"twitter:card\" content=\"summary_large_image\" \/>\n<meta name=\"twitter:label1\" content=\"Estimated reading time\" \/>\n\t<meta name=\"twitter:data1\" content=\"1 minute\" \/>\n<script type=\"application\/ld+json\" class=\"yoast-schema-graph\">{\"@context\":\"https:\\\/\\\/schema.org\",\"@graph\":[{\"@type\":\"WebPage\",\"@id\":\"https:\\\/\\\/animefigurer.se\\\/figurer\\\/one-piece\\\/one-piece-wallet-man-zip-skull\\\/\",\"url\":\"https:\\\/\\\/animefigurer.se\\\/figurer\\\/one-piece\\\/one-piece-wallet-man-zip-skull\\\/\",\"name\":\"One Piece Wallet Man Zip Skull | Animefigurer.se\",\"isPartOf\":{\"@id\":\"https:\\\/\\\/animefigurer.se\\\/#website\"},\"primaryImageOfPage\":{\"@id\":\"https:\\\/\\\/animefigurer.se\\\/figurer\\\/one-piece\\\/one-piece-wallet-man-zip-skull\\\/#primaryimage\"},\"image\":{\"@id\":\"https:\\\/\\\/animefigurer.se\\\/figurer\\\/one-piece\\\/one-piece-wallet-man-zip-skull\\\/#primaryimage\"},\"thumbnailUrl\":\"https:\\\/\\\/animefigurer.se\\\/wp-content\\\/uploads\\\/2026\\\/05\\\/x_kmn10147.jpg\",\"datePublished\":\"2026-05-06T08:00:58+00:00\",\"dateModified\":\"2026-05-06T10:12:22+00:00\",\"breadcrumb\":{\"@id\":\"https:\\\/\\\/animefigurer.se\\\/figurer\\\/one-piece\\\/one-piece-wallet-man-zip-skull\\\/#breadcrumb\"},\"inLanguage\":\"en-GB\",\"potentialAction\":[{\"@type\":\"ReadAction\",\"target\":[\"https:\\\/\\\/animefigurer.se\\\/figurer\\\/one-piece\\\/one-piece-wallet-man-zip-skull\\\/\"]}]},{\"@type\":\"ImageObject\",\"inLanguage\":\"en-GB\",\"@id\":\"https:\\\/\\\/animefigurer.se\\\/figurer\\\/one-piece\\\/one-piece-wallet-man-zip-skull\\\/#primaryimage\",\"url\":\"https:\\\/\\\/animefigurer.se\\\/wp-content\\\/uploads\\\/2026\\\/05\\\/x_kmn10147.jpg\",\"contentUrl\":\"https:\\\/\\\/animefigurer.se\\\/wp-content\\\/uploads\\\/2026\\\/05\\\/x_kmn10147.jpg\",\"width\":1000,\"height\":800},{\"@type\":\"BreadcrumbList\",\"@id\":\"https:\\\/\\\/animefigurer.se\\\/figurer\\\/one-piece\\\/one-piece-wallet-man-zip-skull\\\/#breadcrumb\",\"itemListElement\":[{\"@type\":\"ListItem\",\"position\":1,\"name\":\"Home\",\"item\":\"https:\\\/\\\/animefigurer.se\\\/\"},{\"@type\":\"ListItem\",\"position\":2,\"name\":\"Butik\",\"item\":\"https:\\\/\\\/animefigurer.se\\\/figurer\\\/\"},{\"@type\":\"ListItem\",\"position\":3,\"name\":\"One Piece Wallet Man Zip Skull\"}]},{\"@type\":\"WebSite\",\"@id\":\"https:\\\/\\\/animefigurer.se\\\/#website\",\"url\":\"https:\\\/\\\/animefigurer.se\\\/\",\"name\":\"Animefigurer.se\",\"description\":\"Anime figurer fr\u00e5n \u00f6ver 300 olika anime serier med \u00f6ver 9000 produkter | Anime Shop\",\"publisher\":{\"@id\":\"https:\\\/\\\/animefigurer.se\\\/#organization\"},\"potentialAction\":[{\"@type\":\"SearchAction\",\"target\":{\"@type\":\"EntryPoint\",\"urlTemplate\":\"https:\\\/\\\/animefigurer.se\\\/?s={search_term_string}\"},\"query-input\":{\"@type\":\"PropertyValueSpecification\",\"valueRequired\":true,\"valueName\":\"search_term_string\"}}],\"inLanguage\":\"en-GB\"},{\"@type\":\"Organization\",\"@id\":\"https:\\\/\\\/animefigurer.se\\\/#organization\",\"name\":\"Animefigurer.se\",\"alternateName\":\"Anime figurer | Anime shop\",\"url\":\"https:\\\/\\\/animefigurer.se\\\/\",\"logo\":{\"@type\":\"ImageObject\",\"inLanguage\":\"en-GB\",\"@id\":\"https:\\\/\\\/animefigurer.se\\\/#\\\/schema\\\/logo\\\/image\\\/\",\"url\":\"https:\\\/\\\/animefigurer.se\\\/wp-content\\\/uploads\\\/2025\\\/12\\\/Animefigurer_logowhite.png\",\"contentUrl\":\"https:\\\/\\\/animefigurer.se\\\/wp-content\\\/uploads\\\/2025\\\/12\\\/Animefigurer_logowhite.png\",\"width\":1890,\"height\":1417,\"caption\":\"Animefigurer.se\"},\"image\":{\"@id\":\"https:\\\/\\\/animefigurer.se\\\/#\\\/schema\\\/logo\\\/image\\\/\"},\"sameAs\":[\"https:\\\/\\\/www.facebook.com\\\/profile.php?id=61581826539670\",\"https:\\\/\\\/www.instagram.com\\\/animefigurer.se\\\/\"],\"email\":\"info@animefigurer.se\"}]}<\/script>\n<!-- \/ Yoast SEO Premium plugin. -->","yoast_head_json":{"title":"One Piece Wallet Man Zip Skull | Animefigurer.se","robots":{"index":"index","follow":"follow","max-snippet":"max-snippet:-1","max-image-preview":"max-image-preview:large","max-video-preview":"max-video-preview:-1"},"canonical":"https:\/\/animefigurer.se\/en\/figurer\/one-piece\/one-piece-wallet-man-zip-skull\/","og_locale":"en_GB","og_type":"article","og_title":"One Piece Wallet Man Zip Skull","og_description":"One Piece Wallet Man Zip Skull \u00e4r en stilren pl\u00e5nbok inspirerad av den popul\u00e4ra anime-serien One Piece. Designen med Straw Hat Pirates ikoniska d\u00f6dskalle-emblem ger pl\u00e5nboken ett klassiskt och tidl\u00f6st utseende f\u00f6r alla fans av serien. Pl\u00e5nboken har en praktisk dragkedjest\u00e4ngning som h\u00e5ller kort, sedlar och sm\u00e5 tillh\u00f6righeter s\u00e4kra. Den kompakta designen g\u00f6r den perfekt [&hellip;]","og_url":"https:\/\/animefigurer.se\/en\/figurer\/one-piece\/one-piece-wallet-man-zip-skull\/","og_site_name":"Animefigurer.se","article_publisher":"https:\/\/www.facebook.com\/profile.php?id=61581826539670","article_modified_time":"2026-05-06T10:12:22+00:00","og_image":[{"width":1000,"height":800,"url":"https:\/\/animefigurer.se\/wp-content\/uploads\/2026\/05\/x_kmn10147.jpg","type":"image\/jpeg"}],"twitter_card":"summary_large_image","twitter_misc":{"Estimated reading time":"1 minute"},"schema":{"@context":"https:\/\/schema.org","@graph":[{"@type":"WebPage","@id":"https:\/\/animefigurer.se\/figurer\/one-piece\/one-piece-wallet-man-zip-skull\/","url":"https:\/\/animefigurer.se\/figurer\/one-piece\/one-piece-wallet-man-zip-skull\/","name":"One Piece Wallet Man Zip Skull | Animefigurer.se","isPartOf":{"@id":"https:\/\/animefigurer.se\/#website"},"primaryImageOfPage":{"@id":"https:\/\/animefigurer.se\/figurer\/one-piece\/one-piece-wallet-man-zip-skull\/#primaryimage"},"image":{"@id":"https:\/\/animefigurer.se\/figurer\/one-piece\/one-piece-wallet-man-zip-skull\/#primaryimage"},"thumbnailUrl":"https:\/\/animefigurer.se\/wp-content\/uploads\/2026\/05\/x_kmn10147.jpg","datePublished":"2026-05-06T08:00:58+00:00","dateModified":"2026-05-06T10:12:22+00:00","breadcrumb":{"@id":"https:\/\/animefigurer.se\/figurer\/one-piece\/one-piece-wallet-man-zip-skull\/#breadcrumb"},"inLanguage":"en-GB","potentialAction":[{"@type":"ReadAction","target":["https:\/\/animefigurer.se\/figurer\/one-piece\/one-piece-wallet-man-zip-skull\/"]}]},{"@type":"ImageObject","inLanguage":"en-GB","@id":"https:\/\/animefigurer.se\/figurer\/one-piece\/one-piece-wallet-man-zip-skull\/#primaryimage","url":"https:\/\/animefigurer.se\/wp-content\/uploads\/2026\/05\/x_kmn10147.jpg","contentUrl":"https:\/\/animefigurer.se\/wp-content\/uploads\/2026\/05\/x_kmn10147.jpg","width":1000,"height":800},{"@type":"BreadcrumbList","@id":"https:\/\/animefigurer.se\/figurer\/one-piece\/one-piece-wallet-man-zip-skull\/#breadcrumb","itemListElement":[{"@type":"ListItem","position":1,"name":"Home","item":"https:\/\/animefigurer.se\/"},{"@type":"ListItem","position":2,"name":"Butik","item":"https:\/\/animefigurer.se\/figurer\/"},{"@type":"ListItem","position":3,"name":"One Piece Wallet Man Zip Skull"}]},{"@type":"WebSite","@id":"https:\/\/animefigurer.se\/#website","url":"https:\/\/animefigurer.se\/","name":"Animefigurer.se","description":"Anime figures from over 300 different anime series with over 9000 products | Anime Shop","publisher":{"@id":"https:\/\/animefigurer.se\/#organization"},"potentialAction":[{"@type":"SearchAction","target":{"@type":"EntryPoint","urlTemplate":"https:\/\/animefigurer.se\/?s={search_term_string}"},"query-input":{"@type":"PropertyValueSpecification","valueRequired":true,"valueName":"search_term_string"}}],"inLanguage":"en-GB"},{"@type":"Organization","@id":"https:\/\/animefigurer.se\/#organization","name":"Animefigurer.se","alternateName":"Anime figurer | Anime shop","url":"https:\/\/animefigurer.se\/","logo":{"@type":"ImageObject","inLanguage":"en-GB","@id":"https:\/\/animefigurer.se\/#\/schema\/logo\/image\/","url":"https:\/\/animefigurer.se\/wp-content\/uploads\/2025\/12\/Animefigurer_logowhite.png","contentUrl":"https:\/\/animefigurer.se\/wp-content\/uploads\/2025\/12\/Animefigurer_logowhite.png","width":1890,"height":1417,"caption":"Animefigurer.se"},"image":{"@id":"https:\/\/animefigurer.se\/#\/schema\/logo\/image\/"},"sameAs":["https:\/\/www.facebook.com\/profile.php?id=61581826539670","https:\/\/www.instagram.com\/animefigurer.se\/"],"email":"info@animefigurer.se"}]}},"_links":{"self":[{"href":"https:\/\/animefigurer.se\/en\/wp-json\/wp\/v2\/product\/102433","targetHints":{"allow":["GET"]}}],"collection":[{"href":"https:\/\/animefigurer.se\/en\/wp-json\/wp\/v2\/product"}],"about":[{"href":"https:\/\/animefigurer.se\/en\/wp-json\/wp\/v2\/types\/product"}],"replies":[{"embeddable":true,"href":"https:\/\/animefigurer.se\/en\/wp-json\/wp\/v2\/comments?post=102433"}],"wp:featuredmedia":[{"embeddable":true,"href":"https:\/\/animefigurer.se\/en\/wp-json\/wp\/v2\/media\/102432"}],"wp:attachment":[{"href":"https:\/\/animefigurer.se\/en\/wp-json\/wp\/v2\/media?parent=102433"}],"wp:term":[{"taxonomy":"product_brand","embeddable":true,"href":"https:\/\/animefigurer.se\/en\/wp-json\/wp\/v2\/product_brand?post=102433"},{"taxonomy":"product_cat","embeddable":true,"href":"https:\/\/animefigurer.se\/en\/wp-json\/wp\/v2\/product_cat?post=102433"},{"taxonomy":"product_tag","embeddable":true,"href":"https:\/\/animefigurer.se\/en\/wp-json\/wp\/v2\/product_tag?post=102433"},{"taxonomy":"giftcard-category","embeddable":true,"href":"https:\/\/animefigurer.se\/en\/wp-json\/wp\/v2\/giftcard-category?post=102433"}],"curies":[{"name":"wp","href":"https:\/\/api.w.org\/{rel}","templated":true}]}}