{"id":102408,"date":"2026-05-06T10:00:52","date_gmt":"2026-05-06T08:00:52","guid":{"rendered":"https:\/\/animefigurer.se\/?post_type=product&#038;p=102408"},"modified":"2026-05-06T12:13:35","modified_gmt":"2026-05-06T10:13:35","slug":"lilo-stitch-3d-b-wheels-mischievous","status":"publish","type":"product","link":"https:\/\/animefigurer.se\/en\/figurer\/lilo-stitch\/lilo-stitch-3d-b-wheels-mischievous\/","title":{"rendered":"Lilo &#038; Stitch 3D B. Wheels Mischievous"},"content":{"rendered":"<p>Lilo &amp; Stitch 3D B. Wheels Mischievous \u00e4r en f\u00e4rgglad trolleyryggs\u00e4ck med ett charmigt 3D-motiv av Stitch fr\u00e5n Disneys popul\u00e4ra Lilo &amp; Stitch. Den lekfulla designen och de tropiska detaljerna g\u00f6r v\u00e4skan perfekt f\u00f6r skola, resor och vardagliga \u00e4ventyr.<\/p>\n<p>Ryggs\u00e4cken \u00e4r utrustad med hjul och utdragbart handtag f\u00f6r enkel transport samt bekv\u00e4ma axelremmar f\u00f6r flexibel anv\u00e4ndning. Tillverkad i slitstarka material f\u00f6r l\u00e5ngvarig h\u00e5llbarhet och komfort.<\/p>","protected":false},"excerpt":{"rendered":"<p>Lilo &amp; Stitch 3D B. Wheels Mischievous \u00e4r en f\u00e4rgglad trolleyryggs\u00e4ck med ett charmigt 3D-motiv av Stitch fr\u00e5n Disneys popul\u00e4ra Lilo &amp; Stitch. Den lekfulla designen och de tropiska detaljerna g\u00f6r v\u00e4skan perfekt f\u00f6r skola, resor och vardagliga \u00e4ventyr. Ryggs\u00e4cken \u00e4r utrustad med hjul och utdragbart handtag f\u00f6r enkel transport samt bekv\u00e4ma axelremmar f\u00f6r flexibel [&hellip;]<\/p>\n","protected":false},"featured_media":102407,"comment_status":"closed","ping_status":"closed","template":"","meta":{"_acf_changed":false,"_monsterinsights_skip_tracking":false,"_monsterinsights_sitenote_active":false,"_monsterinsights_sitenote_note":"","_monsterinsights_sitenote_category":0},"product_brand":[7892],"product_cat":[7736],"product_tag":[26],"giftcard-category":[],"class_list":{"0":"post-102408","1":"product","2":"type-product","3":"status-publish","4":"has-post-thumbnail","6":"product_brand-karactermania","7":"product_cat-lilo-stitch","8":"product_tag-pre-order","9":"pa_franchise-lilo-stitch","10":"pa_karaktar-stitch","11":"pa_material-eva","12":"pa_material-polyester","13":"pa_material-synthetic","15":"first","16":"instock","17":"taxable","18":"shipping-taxable","19":"purchasable","20":"product-type-simple"},"acf":[],"yoast_head":"<!-- This site is optimized with the Yoast SEO Premium plugin v24.6 (Yoast SEO v27.4) - https:\/\/yoast.com\/product\/yoast-seo-premium-wordpress\/ -->\n<title>Lilo &amp; Stitch 3D B. Wheels Mischievous | Animefigurer.se<\/title>\n<meta name=\"robots\" content=\"index, follow, max-snippet:-1, max-image-preview:large, max-video-preview:-1\" \/>\n<link rel=\"canonical\" href=\"https:\/\/animefigurer.se\/en\/figurer\/lilo-stitch\/lilo-stitch-3d-b-wheels-mischievous\/\" \/>\n<meta property=\"og:locale\" content=\"en_GB\" \/>\n<meta property=\"og:type\" content=\"article\" \/>\n<meta property=\"og:title\" content=\"Lilo &amp; Stitch 3D B. Wheels Mischievous\" \/>\n<meta property=\"og:description\" content=\"Lilo &amp; Stitch 3D B. Wheels Mischievous \u00e4r en f\u00e4rgglad trolleyryggs\u00e4ck med ett charmigt 3D-motiv av Stitch fr\u00e5n Disneys popul\u00e4ra Lilo &amp; Stitch. Den lekfulla designen och de tropiska detaljerna g\u00f6r v\u00e4skan perfekt f\u00f6r skola, resor och vardagliga \u00e4ventyr. Ryggs\u00e4cken \u00e4r utrustad med hjul och utdragbart handtag f\u00f6r enkel transport samt bekv\u00e4ma axelremmar f\u00f6r flexibel [&hellip;]\" \/>\n<meta property=\"og:url\" content=\"https:\/\/animefigurer.se\/en\/figurer\/lilo-stitch\/lilo-stitch-3d-b-wheels-mischievous\/\" \/>\n<meta property=\"og:site_name\" content=\"Animefigurer.se\" \/>\n<meta property=\"article:publisher\" content=\"https:\/\/www.facebook.com\/profile.php?id=61581826539670\" \/>\n<meta property=\"article:modified_time\" content=\"2026-05-06T10:13:35+00:00\" \/>\n<meta property=\"og:image\" content=\"https:\/\/animefigurer.se\/wp-content\/uploads\/2026\/05\/x_kmn09623.jpg\" \/>\n\t<meta property=\"og:image:width\" content=\"742\" \/>\n\t<meta property=\"og:image:height\" content=\"1000\" \/>\n\t<meta property=\"og:image:type\" content=\"image\/jpeg\" \/>\n<meta name=\"twitter:card\" content=\"summary_large_image\" \/>\n<meta name=\"twitter:label1\" content=\"Estimated reading time\" \/>\n\t<meta name=\"twitter:data1\" content=\"1 minute\" \/>\n<script type=\"application\/ld+json\" class=\"yoast-schema-graph\">{\"@context\":\"https:\\\/\\\/schema.org\",\"@graph\":[{\"@type\":\"WebPage\",\"@id\":\"https:\\\/\\\/animefigurer.se\\\/figurer\\\/lilo-stitch\\\/lilo-stitch-3d-b-wheels-mischievous\\\/\",\"url\":\"https:\\\/\\\/animefigurer.se\\\/figurer\\\/lilo-stitch\\\/lilo-stitch-3d-b-wheels-mischievous\\\/\",\"name\":\"Lilo & Stitch 3D B. Wheels Mischievous | Animefigurer.se\",\"isPartOf\":{\"@id\":\"https:\\\/\\\/animefigurer.se\\\/#website\"},\"primaryImageOfPage\":{\"@id\":\"https:\\\/\\\/animefigurer.se\\\/figurer\\\/lilo-stitch\\\/lilo-stitch-3d-b-wheels-mischievous\\\/#primaryimage\"},\"image\":{\"@id\":\"https:\\\/\\\/animefigurer.se\\\/figurer\\\/lilo-stitch\\\/lilo-stitch-3d-b-wheels-mischievous\\\/#primaryimage\"},\"thumbnailUrl\":\"https:\\\/\\\/animefigurer.se\\\/wp-content\\\/uploads\\\/2026\\\/05\\\/x_kmn09623.jpg\",\"datePublished\":\"2026-05-06T08:00:52+00:00\",\"dateModified\":\"2026-05-06T10:13:35+00:00\",\"breadcrumb\":{\"@id\":\"https:\\\/\\\/animefigurer.se\\\/figurer\\\/lilo-stitch\\\/lilo-stitch-3d-b-wheels-mischievous\\\/#breadcrumb\"},\"inLanguage\":\"en-GB\",\"potentialAction\":[{\"@type\":\"ReadAction\",\"target\":[\"https:\\\/\\\/animefigurer.se\\\/figurer\\\/lilo-stitch\\\/lilo-stitch-3d-b-wheels-mischievous\\\/\"]}]},{\"@type\":\"ImageObject\",\"inLanguage\":\"en-GB\",\"@id\":\"https:\\\/\\\/animefigurer.se\\\/figurer\\\/lilo-stitch\\\/lilo-stitch-3d-b-wheels-mischievous\\\/#primaryimage\",\"url\":\"https:\\\/\\\/animefigurer.se\\\/wp-content\\\/uploads\\\/2026\\\/05\\\/x_kmn09623.jpg\",\"contentUrl\":\"https:\\\/\\\/animefigurer.se\\\/wp-content\\\/uploads\\\/2026\\\/05\\\/x_kmn09623.jpg\",\"width\":742,\"height\":1000},{\"@type\":\"BreadcrumbList\",\"@id\":\"https:\\\/\\\/animefigurer.se\\\/figurer\\\/lilo-stitch\\\/lilo-stitch-3d-b-wheels-mischievous\\\/#breadcrumb\",\"itemListElement\":[{\"@type\":\"ListItem\",\"position\":1,\"name\":\"Home\",\"item\":\"https:\\\/\\\/animefigurer.se\\\/\"},{\"@type\":\"ListItem\",\"position\":2,\"name\":\"Butik\",\"item\":\"https:\\\/\\\/animefigurer.se\\\/figurer\\\/\"},{\"@type\":\"ListItem\",\"position\":3,\"name\":\"Lilo &#038; Stitch 3D B. Wheels Mischievous\"}]},{\"@type\":\"WebSite\",\"@id\":\"https:\\\/\\\/animefigurer.se\\\/#website\",\"url\":\"https:\\\/\\\/animefigurer.se\\\/\",\"name\":\"Animefigurer.se\",\"description\":\"Anime figurer fr\u00e5n \u00f6ver 300 olika anime serier med \u00f6ver 9000 produkter | Anime Shop\",\"publisher\":{\"@id\":\"https:\\\/\\\/animefigurer.se\\\/#organization\"},\"potentialAction\":[{\"@type\":\"SearchAction\",\"target\":{\"@type\":\"EntryPoint\",\"urlTemplate\":\"https:\\\/\\\/animefigurer.se\\\/?s={search_term_string}\"},\"query-input\":{\"@type\":\"PropertyValueSpecification\",\"valueRequired\":true,\"valueName\":\"search_term_string\"}}],\"inLanguage\":\"en-GB\"},{\"@type\":\"Organization\",\"@id\":\"https:\\\/\\\/animefigurer.se\\\/#organization\",\"name\":\"Animefigurer.se\",\"alternateName\":\"Anime figurer | Anime shop\",\"url\":\"https:\\\/\\\/animefigurer.se\\\/\",\"logo\":{\"@type\":\"ImageObject\",\"inLanguage\":\"en-GB\",\"@id\":\"https:\\\/\\\/animefigurer.se\\\/#\\\/schema\\\/logo\\\/image\\\/\",\"url\":\"https:\\\/\\\/animefigurer.se\\\/wp-content\\\/uploads\\\/2025\\\/12\\\/Animefigurer_logowhite.png\",\"contentUrl\":\"https:\\\/\\\/animefigurer.se\\\/wp-content\\\/uploads\\\/2025\\\/12\\\/Animefigurer_logowhite.png\",\"width\":1890,\"height\":1417,\"caption\":\"Animefigurer.se\"},\"image\":{\"@id\":\"https:\\\/\\\/animefigurer.se\\\/#\\\/schema\\\/logo\\\/image\\\/\"},\"sameAs\":[\"https:\\\/\\\/www.facebook.com\\\/profile.php?id=61581826539670\",\"https:\\\/\\\/www.instagram.com\\\/animefigurer.se\\\/\"],\"email\":\"info@animefigurer.se\"}]}<\/script>\n<!-- \/ Yoast SEO Premium plugin. -->","yoast_head_json":{"title":"Lilo & Stitch 3D B. Wheels Mischievous | Animefigurer.se","robots":{"index":"index","follow":"follow","max-snippet":"max-snippet:-1","max-image-preview":"max-image-preview:large","max-video-preview":"max-video-preview:-1"},"canonical":"https:\/\/animefigurer.se\/en\/figurer\/lilo-stitch\/lilo-stitch-3d-b-wheels-mischievous\/","og_locale":"en_GB","og_type":"article","og_title":"Lilo & Stitch 3D B. Wheels Mischievous","og_description":"Lilo &amp; Stitch 3D B. Wheels Mischievous \u00e4r en f\u00e4rgglad trolleyryggs\u00e4ck med ett charmigt 3D-motiv av Stitch fr\u00e5n Disneys popul\u00e4ra Lilo &amp; Stitch. Den lekfulla designen och de tropiska detaljerna g\u00f6r v\u00e4skan perfekt f\u00f6r skola, resor och vardagliga \u00e4ventyr. Ryggs\u00e4cken \u00e4r utrustad med hjul och utdragbart handtag f\u00f6r enkel transport samt bekv\u00e4ma axelremmar f\u00f6r flexibel [&hellip;]","og_url":"https:\/\/animefigurer.se\/en\/figurer\/lilo-stitch\/lilo-stitch-3d-b-wheels-mischievous\/","og_site_name":"Animefigurer.se","article_publisher":"https:\/\/www.facebook.com\/profile.php?id=61581826539670","article_modified_time":"2026-05-06T10:13:35+00:00","og_image":[{"width":742,"height":1000,"url":"https:\/\/animefigurer.se\/wp-content\/uploads\/2026\/05\/x_kmn09623.jpg","type":"image\/jpeg"}],"twitter_card":"summary_large_image","twitter_misc":{"Estimated reading time":"1 minute"},"schema":{"@context":"https:\/\/schema.org","@graph":[{"@type":"WebPage","@id":"https:\/\/animefigurer.se\/figurer\/lilo-stitch\/lilo-stitch-3d-b-wheels-mischievous\/","url":"https:\/\/animefigurer.se\/figurer\/lilo-stitch\/lilo-stitch-3d-b-wheels-mischievous\/","name":"Lilo & Stitch 3D B. Wheels Mischievous | Animefigurer.se","isPartOf":{"@id":"https:\/\/animefigurer.se\/#website"},"primaryImageOfPage":{"@id":"https:\/\/animefigurer.se\/figurer\/lilo-stitch\/lilo-stitch-3d-b-wheels-mischievous\/#primaryimage"},"image":{"@id":"https:\/\/animefigurer.se\/figurer\/lilo-stitch\/lilo-stitch-3d-b-wheels-mischievous\/#primaryimage"},"thumbnailUrl":"https:\/\/animefigurer.se\/wp-content\/uploads\/2026\/05\/x_kmn09623.jpg","datePublished":"2026-05-06T08:00:52+00:00","dateModified":"2026-05-06T10:13:35+00:00","breadcrumb":{"@id":"https:\/\/animefigurer.se\/figurer\/lilo-stitch\/lilo-stitch-3d-b-wheels-mischievous\/#breadcrumb"},"inLanguage":"en-GB","potentialAction":[{"@type":"ReadAction","target":["https:\/\/animefigurer.se\/figurer\/lilo-stitch\/lilo-stitch-3d-b-wheels-mischievous\/"]}]},{"@type":"ImageObject","inLanguage":"en-GB","@id":"https:\/\/animefigurer.se\/figurer\/lilo-stitch\/lilo-stitch-3d-b-wheels-mischievous\/#primaryimage","url":"https:\/\/animefigurer.se\/wp-content\/uploads\/2026\/05\/x_kmn09623.jpg","contentUrl":"https:\/\/animefigurer.se\/wp-content\/uploads\/2026\/05\/x_kmn09623.jpg","width":742,"height":1000},{"@type":"BreadcrumbList","@id":"https:\/\/animefigurer.se\/figurer\/lilo-stitch\/lilo-stitch-3d-b-wheels-mischievous\/#breadcrumb","itemListElement":[{"@type":"ListItem","position":1,"name":"Home","item":"https:\/\/animefigurer.se\/"},{"@type":"ListItem","position":2,"name":"Butik","item":"https:\/\/animefigurer.se\/figurer\/"},{"@type":"ListItem","position":3,"name":"Lilo &#038; Stitch 3D B. Wheels Mischievous"}]},{"@type":"WebSite","@id":"https:\/\/animefigurer.se\/#website","url":"https:\/\/animefigurer.se\/","name":"Animefigurer.se","description":"Anime figures from over 300 different anime series with over 9000 products | Anime Shop","publisher":{"@id":"https:\/\/animefigurer.se\/#organization"},"potentialAction":[{"@type":"SearchAction","target":{"@type":"EntryPoint","urlTemplate":"https:\/\/animefigurer.se\/?s={search_term_string}"},"query-input":{"@type":"PropertyValueSpecification","valueRequired":true,"valueName":"search_term_string"}}],"inLanguage":"en-GB"},{"@type":"Organization","@id":"https:\/\/animefigurer.se\/#organization","name":"Animefigurer.se","alternateName":"Anime figurer | Anime shop","url":"https:\/\/animefigurer.se\/","logo":{"@type":"ImageObject","inLanguage":"en-GB","@id":"https:\/\/animefigurer.se\/#\/schema\/logo\/image\/","url":"https:\/\/animefigurer.se\/wp-content\/uploads\/2025\/12\/Animefigurer_logowhite.png","contentUrl":"https:\/\/animefigurer.se\/wp-content\/uploads\/2025\/12\/Animefigurer_logowhite.png","width":1890,"height":1417,"caption":"Animefigurer.se"},"image":{"@id":"https:\/\/animefigurer.se\/#\/schema\/logo\/image\/"},"sameAs":["https:\/\/www.facebook.com\/profile.php?id=61581826539670","https:\/\/www.instagram.com\/animefigurer.se\/"],"email":"info@animefigurer.se"}]}},"_links":{"self":[{"href":"https:\/\/animefigurer.se\/en\/wp-json\/wp\/v2\/product\/102408","targetHints":{"allow":["GET"]}}],"collection":[{"href":"https:\/\/animefigurer.se\/en\/wp-json\/wp\/v2\/product"}],"about":[{"href":"https:\/\/animefigurer.se\/en\/wp-json\/wp\/v2\/types\/product"}],"replies":[{"embeddable":true,"href":"https:\/\/animefigurer.se\/en\/wp-json\/wp\/v2\/comments?post=102408"}],"wp:featuredmedia":[{"embeddable":true,"href":"https:\/\/animefigurer.se\/en\/wp-json\/wp\/v2\/media\/102407"}],"wp:attachment":[{"href":"https:\/\/animefigurer.se\/en\/wp-json\/wp\/v2\/media?parent=102408"}],"wp:term":[{"taxonomy":"product_brand","embeddable":true,"href":"https:\/\/animefigurer.se\/en\/wp-json\/wp\/v2\/product_brand?post=102408"},{"taxonomy":"product_cat","embeddable":true,"href":"https:\/\/animefigurer.se\/en\/wp-json\/wp\/v2\/product_cat?post=102408"},{"taxonomy":"product_tag","embeddable":true,"href":"https:\/\/animefigurer.se\/en\/wp-json\/wp\/v2\/product_tag?post=102408"},{"taxonomy":"giftcard-category","embeddable":true,"href":"https:\/\/animefigurer.se\/en\/wp-json\/wp\/v2\/giftcard-category?post=102408"}],"curies":[{"name":"wp","href":"https:\/\/api.w.org\/{rel}","templated":true}]}}