{"id":102359,"date":"2026-05-05T16:37:47","date_gmt":"2026-05-05T14:37:47","guid":{"rendered":"https:\/\/animefigurer.se\/?post_type=product&#038;p=102359"},"modified":"2026-05-05T16:37:48","modified_gmt":"2026-05-05T14:37:48","slug":"hololive-hook-figure-vol-3","status":"publish","type":"product","link":"https:\/\/animefigurer.se\/en\/figurer\/hololive\/hololive-hook-figure-vol-3\/","title":{"rendered":"Hololive Hook Figure Vol.3"},"content":{"rendered":"<p>Denna charmiga figurserie fr\u00e5n Hololive Production inneh\u00e5ller s\u00f6ta chibi-versioner av popul\u00e4ra karakt\u00e4rer, designade f\u00f6r att enkelt kunna placeras p\u00e5 kanter som skrivbord eller hyllor. Den kompakta designen g\u00f6r dem b\u00e5de dekorativa och praktiska.<\/p>\n<p>Med sin lekfulla stil och f\u00e4rgglada baser \u00e4r dessa figurer perfekta f\u00f6r fans som vill samla p\u00e5 sina favoritkarakt\u00e4rer i ett mindre och mer stiliserat format.<\/p>","protected":false},"excerpt":{"rendered":"<p>Denna charmiga figurserie fr\u00e5n Hololive Production inneh\u00e5ller s\u00f6ta chibi-versioner av popul\u00e4ra karakt\u00e4rer, designade f\u00f6r att enkelt kunna placeras p\u00e5 kanter som skrivbord eller hyllor. Den kompakta designen g\u00f6r dem b\u00e5de dekorativa och praktiska. Med sin lekfulla stil och f\u00e4rgglada baser \u00e4r dessa figurer perfekta f\u00f6r fans som vill samla p\u00e5 sina favoritkarakt\u00e4rer i ett mindre [&hellip;]<\/p>\n","protected":false},"featured_media":102360,"comment_status":"open","ping_status":"closed","template":"","meta":{"_acf_changed":false,"_monsterinsights_skip_tracking":false,"_monsterinsights_sitenote_active":false,"_monsterinsights_sitenote_note":"","_monsterinsights_sitenote_category":0},"product_brand":[6994],"product_cat":[8180],"product_tag":[26],"giftcard-category":[],"class_list":{"0":"post-102359","1":"product","2":"type-product","3":"status-publish","4":"has-post-thumbnail","6":"product_brand-furyu","7":"product_cat-hololive","8":"product_tag-pre-order","9":"pa_franchise-hololive","10":"pa_karaktar-inugami-korone","11":"pa_karaktar-nekomata-okayu","12":"pa_karaktar-roboco-san","13":"pa_material-pvc","15":"first","16":"instock","17":"taxable","18":"shipping-taxable","19":"purchasable","20":"product-type-simple"},"acf":[],"yoast_head":"<!-- This site is optimized with the Yoast SEO Premium plugin v24.6 (Yoast SEO v27.4) - https:\/\/yoast.com\/product\/yoast-seo-premium-wordpress\/ -->\n<title>Hololive Hook Figure Vol.3 | Animefigurer.se<\/title>\n<meta name=\"robots\" content=\"index, follow, max-snippet:-1, max-image-preview:large, max-video-preview:-1\" \/>\n<link rel=\"canonical\" href=\"https:\/\/animefigurer.se\/en\/figurer\/hololive\/hololive-hook-figure-vol-3\/\" \/>\n<meta property=\"og:locale\" content=\"en_GB\" \/>\n<meta property=\"og:type\" content=\"article\" \/>\n<meta property=\"og:title\" content=\"Hololive Hook Figure Vol.3\" \/>\n<meta property=\"og:description\" content=\"Denna charmiga figurserie fr\u00e5n Hololive Production inneh\u00e5ller s\u00f6ta chibi-versioner av popul\u00e4ra karakt\u00e4rer, designade f\u00f6r att enkelt kunna placeras p\u00e5 kanter som skrivbord eller hyllor. Den kompakta designen g\u00f6r dem b\u00e5de dekorativa och praktiska. Med sin lekfulla stil och f\u00e4rgglada baser \u00e4r dessa figurer perfekta f\u00f6r fans som vill samla p\u00e5 sina favoritkarakt\u00e4rer i ett mindre [&hellip;]\" \/>\n<meta property=\"og:url\" content=\"https:\/\/animefigurer.se\/en\/figurer\/hololive\/hololive-hook-figure-vol-3\/\" \/>\n<meta property=\"og:site_name\" content=\"Animefigurer.se\" \/>\n<meta property=\"article:publisher\" content=\"https:\/\/www.facebook.com\/profile.php?id=61581826539670\" \/>\n<meta property=\"article:modified_time\" content=\"2026-05-05T14:37:48+00:00\" \/>\n<meta property=\"og:image\" content=\"https:\/\/animefigurer.se\/wp-content\/uploads\/2026\/05\/478156810.jpg\" \/>\n\t<meta property=\"og:image:width\" content=\"800\" \/>\n\t<meta property=\"og:image:height\" content=\"800\" \/>\n\t<meta property=\"og:image:type\" content=\"image\/jpeg\" \/>\n<meta name=\"twitter:card\" content=\"summary_large_image\" \/>\n<meta name=\"twitter:label1\" content=\"Estimated reading time\" \/>\n\t<meta name=\"twitter:data1\" content=\"1 minute\" \/>\n<script type=\"application\/ld+json\" class=\"yoast-schema-graph\">{\"@context\":\"https:\\\/\\\/schema.org\",\"@graph\":[{\"@type\":\"WebPage\",\"@id\":\"https:\\\/\\\/animefigurer.se\\\/figurer\\\/hololive\\\/hololive-hook-figure-vol-3\\\/\",\"url\":\"https:\\\/\\\/animefigurer.se\\\/figurer\\\/hololive\\\/hololive-hook-figure-vol-3\\\/\",\"name\":\"Hololive Hook Figure Vol.3 | Animefigurer.se\",\"isPartOf\":{\"@id\":\"https:\\\/\\\/animefigurer.se\\\/#website\"},\"primaryImageOfPage\":{\"@id\":\"https:\\\/\\\/animefigurer.se\\\/figurer\\\/hololive\\\/hololive-hook-figure-vol-3\\\/#primaryimage\"},\"image\":{\"@id\":\"https:\\\/\\\/animefigurer.se\\\/figurer\\\/hololive\\\/hololive-hook-figure-vol-3\\\/#primaryimage\"},\"thumbnailUrl\":\"https:\\\/\\\/animefigurer.se\\\/wp-content\\\/uploads\\\/2026\\\/05\\\/478156810.jpg\",\"datePublished\":\"2026-05-05T14:37:47+00:00\",\"dateModified\":\"2026-05-05T14:37:48+00:00\",\"breadcrumb\":{\"@id\":\"https:\\\/\\\/animefigurer.se\\\/figurer\\\/hololive\\\/hololive-hook-figure-vol-3\\\/#breadcrumb\"},\"inLanguage\":\"en-GB\",\"potentialAction\":[{\"@type\":\"ReadAction\",\"target\":[\"https:\\\/\\\/animefigurer.se\\\/figurer\\\/hololive\\\/hololive-hook-figure-vol-3\\\/\"]}]},{\"@type\":\"ImageObject\",\"inLanguage\":\"en-GB\",\"@id\":\"https:\\\/\\\/animefigurer.se\\\/figurer\\\/hololive\\\/hololive-hook-figure-vol-3\\\/#primaryimage\",\"url\":\"https:\\\/\\\/animefigurer.se\\\/wp-content\\\/uploads\\\/2026\\\/05\\\/478156810.jpg\",\"contentUrl\":\"https:\\\/\\\/animefigurer.se\\\/wp-content\\\/uploads\\\/2026\\\/05\\\/478156810.jpg\",\"width\":800,\"height\":800,\"caption\":\"Hololive Hook Figure Vol.3\"},{\"@type\":\"BreadcrumbList\",\"@id\":\"https:\\\/\\\/animefigurer.se\\\/figurer\\\/hololive\\\/hololive-hook-figure-vol-3\\\/#breadcrumb\",\"itemListElement\":[{\"@type\":\"ListItem\",\"position\":1,\"name\":\"Home\",\"item\":\"https:\\\/\\\/animefigurer.se\\\/\"},{\"@type\":\"ListItem\",\"position\":2,\"name\":\"Butik\",\"item\":\"https:\\\/\\\/animefigurer.se\\\/figurer\\\/\"},{\"@type\":\"ListItem\",\"position\":3,\"name\":\"Hololive Hook Figure Vol.3\"}]},{\"@type\":\"WebSite\",\"@id\":\"https:\\\/\\\/animefigurer.se\\\/#website\",\"url\":\"https:\\\/\\\/animefigurer.se\\\/\",\"name\":\"Animefigurer.se\",\"description\":\"Anime figurer fr\u00e5n \u00f6ver 300 olika anime serier med \u00f6ver 9000 produkter | Anime Shop\",\"publisher\":{\"@id\":\"https:\\\/\\\/animefigurer.se\\\/#organization\"},\"potentialAction\":[{\"@type\":\"SearchAction\",\"target\":{\"@type\":\"EntryPoint\",\"urlTemplate\":\"https:\\\/\\\/animefigurer.se\\\/?s={search_term_string}\"},\"query-input\":{\"@type\":\"PropertyValueSpecification\",\"valueRequired\":true,\"valueName\":\"search_term_string\"}}],\"inLanguage\":\"en-GB\"},{\"@type\":\"Organization\",\"@id\":\"https:\\\/\\\/animefigurer.se\\\/#organization\",\"name\":\"Animefigurer.se\",\"alternateName\":\"Anime figurer | Anime shop\",\"url\":\"https:\\\/\\\/animefigurer.se\\\/\",\"logo\":{\"@type\":\"ImageObject\",\"inLanguage\":\"en-GB\",\"@id\":\"https:\\\/\\\/animefigurer.se\\\/#\\\/schema\\\/logo\\\/image\\\/\",\"url\":\"https:\\\/\\\/animefigurer.se\\\/wp-content\\\/uploads\\\/2025\\\/12\\\/Animefigurer_logowhite.png\",\"contentUrl\":\"https:\\\/\\\/animefigurer.se\\\/wp-content\\\/uploads\\\/2025\\\/12\\\/Animefigurer_logowhite.png\",\"width\":1890,\"height\":1417,\"caption\":\"Animefigurer.se\"},\"image\":{\"@id\":\"https:\\\/\\\/animefigurer.se\\\/#\\\/schema\\\/logo\\\/image\\\/\"},\"sameAs\":[\"https:\\\/\\\/www.facebook.com\\\/profile.php?id=61581826539670\",\"https:\\\/\\\/www.instagram.com\\\/animefigurer.se\\\/\"],\"email\":\"info@animefigurer.se\"}]}<\/script>\n<!-- \/ Yoast SEO Premium plugin. -->","yoast_head_json":{"title":"Hololive Hook Figure Vol.3 | Animefigurer.se","robots":{"index":"index","follow":"follow","max-snippet":"max-snippet:-1","max-image-preview":"max-image-preview:large","max-video-preview":"max-video-preview:-1"},"canonical":"https:\/\/animefigurer.se\/en\/figurer\/hololive\/hololive-hook-figure-vol-3\/","og_locale":"en_GB","og_type":"article","og_title":"Hololive Hook Figure Vol.3","og_description":"Denna charmiga figurserie fr\u00e5n Hololive Production inneh\u00e5ller s\u00f6ta chibi-versioner av popul\u00e4ra karakt\u00e4rer, designade f\u00f6r att enkelt kunna placeras p\u00e5 kanter som skrivbord eller hyllor. Den kompakta designen g\u00f6r dem b\u00e5de dekorativa och praktiska. Med sin lekfulla stil och f\u00e4rgglada baser \u00e4r dessa figurer perfekta f\u00f6r fans som vill samla p\u00e5 sina favoritkarakt\u00e4rer i ett mindre [&hellip;]","og_url":"https:\/\/animefigurer.se\/en\/figurer\/hololive\/hololive-hook-figure-vol-3\/","og_site_name":"Animefigurer.se","article_publisher":"https:\/\/www.facebook.com\/profile.php?id=61581826539670","article_modified_time":"2026-05-05T14:37:48+00:00","og_image":[{"width":800,"height":800,"url":"https:\/\/animefigurer.se\/wp-content\/uploads\/2026\/05\/478156810.jpg","type":"image\/jpeg"}],"twitter_card":"summary_large_image","twitter_misc":{"Estimated reading time":"1 minute"},"schema":{"@context":"https:\/\/schema.org","@graph":[{"@type":"WebPage","@id":"https:\/\/animefigurer.se\/figurer\/hololive\/hololive-hook-figure-vol-3\/","url":"https:\/\/animefigurer.se\/figurer\/hololive\/hololive-hook-figure-vol-3\/","name":"Hololive Hook Figure Vol.3 | Animefigurer.se","isPartOf":{"@id":"https:\/\/animefigurer.se\/#website"},"primaryImageOfPage":{"@id":"https:\/\/animefigurer.se\/figurer\/hololive\/hololive-hook-figure-vol-3\/#primaryimage"},"image":{"@id":"https:\/\/animefigurer.se\/figurer\/hololive\/hololive-hook-figure-vol-3\/#primaryimage"},"thumbnailUrl":"https:\/\/animefigurer.se\/wp-content\/uploads\/2026\/05\/478156810.jpg","datePublished":"2026-05-05T14:37:47+00:00","dateModified":"2026-05-05T14:37:48+00:00","breadcrumb":{"@id":"https:\/\/animefigurer.se\/figurer\/hololive\/hololive-hook-figure-vol-3\/#breadcrumb"},"inLanguage":"en-GB","potentialAction":[{"@type":"ReadAction","target":["https:\/\/animefigurer.se\/figurer\/hololive\/hololive-hook-figure-vol-3\/"]}]},{"@type":"ImageObject","inLanguage":"en-GB","@id":"https:\/\/animefigurer.se\/figurer\/hololive\/hololive-hook-figure-vol-3\/#primaryimage","url":"https:\/\/animefigurer.se\/wp-content\/uploads\/2026\/05\/478156810.jpg","contentUrl":"https:\/\/animefigurer.se\/wp-content\/uploads\/2026\/05\/478156810.jpg","width":800,"height":800,"caption":"Hololive Hook Figure Vol.3"},{"@type":"BreadcrumbList","@id":"https:\/\/animefigurer.se\/figurer\/hololive\/hololive-hook-figure-vol-3\/#breadcrumb","itemListElement":[{"@type":"ListItem","position":1,"name":"Home","item":"https:\/\/animefigurer.se\/"},{"@type":"ListItem","position":2,"name":"Butik","item":"https:\/\/animefigurer.se\/figurer\/"},{"@type":"ListItem","position":3,"name":"Hololive Hook Figure Vol.3"}]},{"@type":"WebSite","@id":"https:\/\/animefigurer.se\/#website","url":"https:\/\/animefigurer.se\/","name":"Animefigurer.se","description":"Anime figures from over 300 different anime series with over 9000 products | Anime Shop","publisher":{"@id":"https:\/\/animefigurer.se\/#organization"},"potentialAction":[{"@type":"SearchAction","target":{"@type":"EntryPoint","urlTemplate":"https:\/\/animefigurer.se\/?s={search_term_string}"},"query-input":{"@type":"PropertyValueSpecification","valueRequired":true,"valueName":"search_term_string"}}],"inLanguage":"en-GB"},{"@type":"Organization","@id":"https:\/\/animefigurer.se\/#organization","name":"Animefigurer.se","alternateName":"Anime figurer | Anime shop","url":"https:\/\/animefigurer.se\/","logo":{"@type":"ImageObject","inLanguage":"en-GB","@id":"https:\/\/animefigurer.se\/#\/schema\/logo\/image\/","url":"https:\/\/animefigurer.se\/wp-content\/uploads\/2025\/12\/Animefigurer_logowhite.png","contentUrl":"https:\/\/animefigurer.se\/wp-content\/uploads\/2025\/12\/Animefigurer_logowhite.png","width":1890,"height":1417,"caption":"Animefigurer.se"},"image":{"@id":"https:\/\/animefigurer.se\/#\/schema\/logo\/image\/"},"sameAs":["https:\/\/www.facebook.com\/profile.php?id=61581826539670","https:\/\/www.instagram.com\/animefigurer.se\/"],"email":"info@animefigurer.se"}]}},"_links":{"self":[{"href":"https:\/\/animefigurer.se\/en\/wp-json\/wp\/v2\/product\/102359","targetHints":{"allow":["GET"]}}],"collection":[{"href":"https:\/\/animefigurer.se\/en\/wp-json\/wp\/v2\/product"}],"about":[{"href":"https:\/\/animefigurer.se\/en\/wp-json\/wp\/v2\/types\/product"}],"replies":[{"embeddable":true,"href":"https:\/\/animefigurer.se\/en\/wp-json\/wp\/v2\/comments?post=102359"}],"wp:featuredmedia":[{"embeddable":true,"href":"https:\/\/animefigurer.se\/en\/wp-json\/wp\/v2\/media\/102360"}],"wp:attachment":[{"href":"https:\/\/animefigurer.se\/en\/wp-json\/wp\/v2\/media?parent=102359"}],"wp:term":[{"taxonomy":"product_brand","embeddable":true,"href":"https:\/\/animefigurer.se\/en\/wp-json\/wp\/v2\/product_brand?post=102359"},{"taxonomy":"product_cat","embeddable":true,"href":"https:\/\/animefigurer.se\/en\/wp-json\/wp\/v2\/product_cat?post=102359"},{"taxonomy":"product_tag","embeddable":true,"href":"https:\/\/animefigurer.se\/en\/wp-json\/wp\/v2\/product_tag?post=102359"},{"taxonomy":"giftcard-category","embeddable":true,"href":"https:\/\/animefigurer.se\/en\/wp-json\/wp\/v2\/giftcard-category?post=102359"}],"curies":[{"name":"wp","href":"https:\/\/api.w.org\/{rel}","templated":true}]}}