{"id":102346,"date":"2026-05-05T15:01:35","date_gmt":"2026-05-05T13:01:35","guid":{"rendered":"https:\/\/animefigurer.se\/?post_type=product&#038;p=102346"},"modified":"2026-05-05T16:35:39","modified_gmt":"2026-05-05T14:35:39","slug":"puella-magi-madoka-magica-movie-figure-madoka-kaname","status":"publish","type":"product","link":"https:\/\/animefigurer.se\/en\/figurer\/puella-magi-madoka-magica\/puella-magi-madoka-magica-movie-figure-madoka-kaname\/","title":{"rendered":"Puella Magi Madoka Magica Movie Figure \u2013 Madoka Kaname"},"content":{"rendered":"<p>Denne smukke figur af Madoka Kaname fra Puella Magi Madoka Magica The Movie: Walpurgisnacht Rising fremviser karakterens ikoniske magiske pige-design i en elegant og dynamisk pose. Med fine detaljer og bl\u00f8de farver indfanger figuren perfekt seriens unikke \u00e6stetik.<\/p>\n<p>Et must-have for fans af Madoka Magica, denne figur er ideel til display og tilf\u00f8jer et magisk og charmerende touch til enhver anime-samling.<\/p>","protected":false},"excerpt":{"rendered":"<p>Denne smukke figur af Madoka Kaname fra Puella Magi Madoka Magica The Movie: Walpurgisnacht Rising fremviser karakterens ikoniske magiske pige-design i en elegant og dynamisk pose. Med fine detaljer og bl\u00f8de farver indfanger figuren perfekt seriens unikke \u00e6stetik. Et must-have for fans af Madoka Magica, denne figur er ideel til display og tilf\u00f8jer et magisk [&hellip;]<\/p>\n","protected":false},"featured_media":102345,"comment_status":"closed","ping_status":"closed","template":"","meta":{"_acf_changed":false,"_monsterinsights_skip_tracking":false,"_monsterinsights_sitenote_active":false,"_monsterinsights_sitenote_note":"","_monsterinsights_sitenote_category":0},"product_brand":[6928],"product_cat":[4570],"product_tag":[26],"giftcard-category":[],"class_list":{"0":"post-102346","1":"product","2":"type-product","3":"status-publish","4":"has-post-thumbnail","6":"product_brand-banpresto","7":"product_cat-puella-magi-madoka-magica","8":"product_tag-pre-order","9":"pa_franchise-puella-magi-madoka-magica","10":"pa_karaktar-madoka-kaname","11":"pa_material-pvc","12":"pa_produktserie-banpresto-crane-games","14":"first","15":"instock","16":"taxable","17":"shipping-taxable","18":"purchasable","19":"product-type-simple"},"acf":[],"yoast_head":"<!-- This site is optimized with the Yoast SEO Premium plugin v24.6 (Yoast SEO v27.4) - https:\/\/yoast.com\/product\/yoast-seo-premium-wordpress\/ -->\n<title>Puella Magi Madoka Magica Movie Figure \u2013 Madoka Kaname | Animefigurer.se<\/title>\n<meta name=\"robots\" content=\"index, follow, max-snippet:-1, max-image-preview:large, max-video-preview:-1\" \/>\n<link rel=\"canonical\" href=\"https:\/\/animefigurer.se\/en\/figurer\/puella-magi-madoka-magica\/puella-magi-madoka-magica-movie-figure-madoka-kaname\/\" \/>\n<meta property=\"og:locale\" content=\"en_GB\" \/>\n<meta property=\"og:type\" content=\"article\" \/>\n<meta property=\"og:title\" content=\"Puella Magi Madoka Magica Movie Figure \u2013 Madoka Kaname\" \/>\n<meta property=\"og:description\" content=\"Denne smukke figur af Madoka Kaname fra Puella Magi Madoka Magica The Movie: Walpurgisnacht Rising fremviser karakterens ikoniske magiske pige-design i en elegant og dynamisk pose. Med fine detaljer og bl\u00f8de farver indfanger figuren perfekt seriens unikke \u00e6stetik. Et must-have for fans af Madoka Magica, denne figur er ideel til display og tilf\u00f8jer et magisk [&hellip;]\" \/>\n<meta property=\"og:url\" content=\"https:\/\/animefigurer.se\/en\/figurer\/puella-magi-madoka-magica\/puella-magi-madoka-magica-movie-figure-madoka-kaname\/\" \/>\n<meta property=\"og:site_name\" content=\"Animefigurer.se\" \/>\n<meta property=\"article:publisher\" content=\"https:\/\/www.facebook.com\/profile.php?id=61581826539670\" \/>\n<meta property=\"article:modified_time\" content=\"2026-05-05T14:35:39+00:00\" \/>\n<meta property=\"og:image\" content=\"https:\/\/animefigurer.se\/wp-content\/uploads\/2026\/05\/2774392.jpg\" \/>\n\t<meta property=\"og:image:width\" content=\"2000\" \/>\n\t<meta property=\"og:image:height\" content=\"2000\" \/>\n\t<meta property=\"og:image:type\" content=\"image\/jpeg\" \/>\n<meta name=\"twitter:card\" content=\"summary_large_image\" \/>\n<meta name=\"twitter:label1\" content=\"Estimated reading time\" \/>\n\t<meta name=\"twitter:data1\" content=\"1 minute\" \/>\n<script type=\"application\/ld+json\" class=\"yoast-schema-graph\">{\"@context\":\"https:\\\/\\\/schema.org\",\"@graph\":[{\"@type\":\"WebPage\",\"@id\":\"https:\\\/\\\/animefigurer.se\\\/figurer\\\/puella-magi-madoka-magica\\\/puella-magi-madoka-magica-movie-figure-madoka-kaname\\\/\",\"url\":\"https:\\\/\\\/animefigurer.se\\\/figurer\\\/puella-magi-madoka-magica\\\/puella-magi-madoka-magica-movie-figure-madoka-kaname\\\/\",\"name\":\"Puella Magi Madoka Magica Movie Figure \u2013 Madoka Kaname | Animefigurer.se\",\"isPartOf\":{\"@id\":\"https:\\\/\\\/animefigurer.se\\\/#website\"},\"primaryImageOfPage\":{\"@id\":\"https:\\\/\\\/animefigurer.se\\\/figurer\\\/puella-magi-madoka-magica\\\/puella-magi-madoka-magica-movie-figure-madoka-kaname\\\/#primaryimage\"},\"image\":{\"@id\":\"https:\\\/\\\/animefigurer.se\\\/figurer\\\/puella-magi-madoka-magica\\\/puella-magi-madoka-magica-movie-figure-madoka-kaname\\\/#primaryimage\"},\"thumbnailUrl\":\"https:\\\/\\\/animefigurer.se\\\/wp-content\\\/uploads\\\/2026\\\/05\\\/2774392.jpg\",\"datePublished\":\"2026-05-05T13:01:35+00:00\",\"dateModified\":\"2026-05-05T14:35:39+00:00\",\"breadcrumb\":{\"@id\":\"https:\\\/\\\/animefigurer.se\\\/figurer\\\/puella-magi-madoka-magica\\\/puella-magi-madoka-magica-movie-figure-madoka-kaname\\\/#breadcrumb\"},\"inLanguage\":\"en-GB\",\"potentialAction\":[{\"@type\":\"ReadAction\",\"target\":[\"https:\\\/\\\/animefigurer.se\\\/figurer\\\/puella-magi-madoka-magica\\\/puella-magi-madoka-magica-movie-figure-madoka-kaname\\\/\"]}]},{\"@type\":\"ImageObject\",\"inLanguage\":\"en-GB\",\"@id\":\"https:\\\/\\\/animefigurer.se\\\/figurer\\\/puella-magi-madoka-magica\\\/puella-magi-madoka-magica-movie-figure-madoka-kaname\\\/#primaryimage\",\"url\":\"https:\\\/\\\/animefigurer.se\\\/wp-content\\\/uploads\\\/2026\\\/05\\\/2774392.jpg\",\"contentUrl\":\"https:\\\/\\\/animefigurer.se\\\/wp-content\\\/uploads\\\/2026\\\/05\\\/2774392.jpg\",\"width\":2000,\"height\":2000},{\"@type\":\"BreadcrumbList\",\"@id\":\"https:\\\/\\\/animefigurer.se\\\/figurer\\\/puella-magi-madoka-magica\\\/puella-magi-madoka-magica-movie-figure-madoka-kaname\\\/#breadcrumb\",\"itemListElement\":[{\"@type\":\"ListItem\",\"position\":1,\"name\":\"Home\",\"item\":\"https:\\\/\\\/animefigurer.se\\\/\"},{\"@type\":\"ListItem\",\"position\":2,\"name\":\"Butik\",\"item\":\"https:\\\/\\\/animefigurer.se\\\/figurer\\\/\"},{\"@type\":\"ListItem\",\"position\":3,\"name\":\"Puella Magi Madoka Magica Movie Figure \u2013 Madoka Kaname\"}]},{\"@type\":\"WebSite\",\"@id\":\"https:\\\/\\\/animefigurer.se\\\/#website\",\"url\":\"https:\\\/\\\/animefigurer.se\\\/\",\"name\":\"Animefigurer.se\",\"description\":\"Anime figurer fr\u00e5n \u00f6ver 300 olika anime serier med \u00f6ver 9000 produkter | Anime Shop\",\"publisher\":{\"@id\":\"https:\\\/\\\/animefigurer.se\\\/#organization\"},\"potentialAction\":[{\"@type\":\"SearchAction\",\"target\":{\"@type\":\"EntryPoint\",\"urlTemplate\":\"https:\\\/\\\/animefigurer.se\\\/?s={search_term_string}\"},\"query-input\":{\"@type\":\"PropertyValueSpecification\",\"valueRequired\":true,\"valueName\":\"search_term_string\"}}],\"inLanguage\":\"en-GB\"},{\"@type\":\"Organization\",\"@id\":\"https:\\\/\\\/animefigurer.se\\\/#organization\",\"name\":\"Animefigurer.se\",\"alternateName\":\"Anime figurer | Anime shop\",\"url\":\"https:\\\/\\\/animefigurer.se\\\/\",\"logo\":{\"@type\":\"ImageObject\",\"inLanguage\":\"en-GB\",\"@id\":\"https:\\\/\\\/animefigurer.se\\\/#\\\/schema\\\/logo\\\/image\\\/\",\"url\":\"https:\\\/\\\/animefigurer.se\\\/wp-content\\\/uploads\\\/2025\\\/12\\\/Animefigurer_logowhite.png\",\"contentUrl\":\"https:\\\/\\\/animefigurer.se\\\/wp-content\\\/uploads\\\/2025\\\/12\\\/Animefigurer_logowhite.png\",\"width\":1890,\"height\":1417,\"caption\":\"Animefigurer.se\"},\"image\":{\"@id\":\"https:\\\/\\\/animefigurer.se\\\/#\\\/schema\\\/logo\\\/image\\\/\"},\"sameAs\":[\"https:\\\/\\\/www.facebook.com\\\/profile.php?id=61581826539670\",\"https:\\\/\\\/www.instagram.com\\\/animefigurer.se\\\/\"],\"email\":\"info@animefigurer.se\"}]}<\/script>\n<!-- \/ Yoast SEO Premium plugin. -->","yoast_head_json":{"title":"Puella Magi Madoka Magica Movie Figure \u2013 Madoka Kaname | Animefigurer.se","robots":{"index":"index","follow":"follow","max-snippet":"max-snippet:-1","max-image-preview":"max-image-preview:large","max-video-preview":"max-video-preview:-1"},"canonical":"https:\/\/animefigurer.se\/en\/figurer\/puella-magi-madoka-magica\/puella-magi-madoka-magica-movie-figure-madoka-kaname\/","og_locale":"en_GB","og_type":"article","og_title":"Puella Magi Madoka Magica Movie Figure \u2013 Madoka Kaname","og_description":"Denne smukke figur af Madoka Kaname fra Puella Magi Madoka Magica The Movie: Walpurgisnacht Rising fremviser karakterens ikoniske magiske pige-design i en elegant og dynamisk pose. Med fine detaljer og bl\u00f8de farver indfanger figuren perfekt seriens unikke \u00e6stetik. Et must-have for fans af Madoka Magica, denne figur er ideel til display og tilf\u00f8jer et magisk [&hellip;]","og_url":"https:\/\/animefigurer.se\/en\/figurer\/puella-magi-madoka-magica\/puella-magi-madoka-magica-movie-figure-madoka-kaname\/","og_site_name":"Animefigurer.se","article_publisher":"https:\/\/www.facebook.com\/profile.php?id=61581826539670","article_modified_time":"2026-05-05T14:35:39+00:00","og_image":[{"width":2000,"height":2000,"url":"https:\/\/animefigurer.se\/wp-content\/uploads\/2026\/05\/2774392.jpg","type":"image\/jpeg"}],"twitter_card":"summary_large_image","twitter_misc":{"Estimated reading time":"1 minute"},"schema":{"@context":"https:\/\/schema.org","@graph":[{"@type":"WebPage","@id":"https:\/\/animefigurer.se\/figurer\/puella-magi-madoka-magica\/puella-magi-madoka-magica-movie-figure-madoka-kaname\/","url":"https:\/\/animefigurer.se\/figurer\/puella-magi-madoka-magica\/puella-magi-madoka-magica-movie-figure-madoka-kaname\/","name":"Puella Magi Madoka Magica Movie Figure \u2013 Madoka Kaname | Animefigurer.se","isPartOf":{"@id":"https:\/\/animefigurer.se\/#website"},"primaryImageOfPage":{"@id":"https:\/\/animefigurer.se\/figurer\/puella-magi-madoka-magica\/puella-magi-madoka-magica-movie-figure-madoka-kaname\/#primaryimage"},"image":{"@id":"https:\/\/animefigurer.se\/figurer\/puella-magi-madoka-magica\/puella-magi-madoka-magica-movie-figure-madoka-kaname\/#primaryimage"},"thumbnailUrl":"https:\/\/animefigurer.se\/wp-content\/uploads\/2026\/05\/2774392.jpg","datePublished":"2026-05-05T13:01:35+00:00","dateModified":"2026-05-05T14:35:39+00:00","breadcrumb":{"@id":"https:\/\/animefigurer.se\/figurer\/puella-magi-madoka-magica\/puella-magi-madoka-magica-movie-figure-madoka-kaname\/#breadcrumb"},"inLanguage":"en-GB","potentialAction":[{"@type":"ReadAction","target":["https:\/\/animefigurer.se\/figurer\/puella-magi-madoka-magica\/puella-magi-madoka-magica-movie-figure-madoka-kaname\/"]}]},{"@type":"ImageObject","inLanguage":"en-GB","@id":"https:\/\/animefigurer.se\/figurer\/puella-magi-madoka-magica\/puella-magi-madoka-magica-movie-figure-madoka-kaname\/#primaryimage","url":"https:\/\/animefigurer.se\/wp-content\/uploads\/2026\/05\/2774392.jpg","contentUrl":"https:\/\/animefigurer.se\/wp-content\/uploads\/2026\/05\/2774392.jpg","width":2000,"height":2000},{"@type":"BreadcrumbList","@id":"https:\/\/animefigurer.se\/figurer\/puella-magi-madoka-magica\/puella-magi-madoka-magica-movie-figure-madoka-kaname\/#breadcrumb","itemListElement":[{"@type":"ListItem","position":1,"name":"Home","item":"https:\/\/animefigurer.se\/"},{"@type":"ListItem","position":2,"name":"Butik","item":"https:\/\/animefigurer.se\/figurer\/"},{"@type":"ListItem","position":3,"name":"Puella Magi Madoka Magica Movie Figure \u2013 Madoka Kaname"}]},{"@type":"WebSite","@id":"https:\/\/animefigurer.se\/#website","url":"https:\/\/animefigurer.se\/","name":"Animefigurer.se","description":"Anime figures from over 300 different anime series with over 9000 products | Anime Shop","publisher":{"@id":"https:\/\/animefigurer.se\/#organization"},"potentialAction":[{"@type":"SearchAction","target":{"@type":"EntryPoint","urlTemplate":"https:\/\/animefigurer.se\/?s={search_term_string}"},"query-input":{"@type":"PropertyValueSpecification","valueRequired":true,"valueName":"search_term_string"}}],"inLanguage":"en-GB"},{"@type":"Organization","@id":"https:\/\/animefigurer.se\/#organization","name":"Animefigurer.se","alternateName":"Anime figurer | Anime shop","url":"https:\/\/animefigurer.se\/","logo":{"@type":"ImageObject","inLanguage":"en-GB","@id":"https:\/\/animefigurer.se\/#\/schema\/logo\/image\/","url":"https:\/\/animefigurer.se\/wp-content\/uploads\/2025\/12\/Animefigurer_logowhite.png","contentUrl":"https:\/\/animefigurer.se\/wp-content\/uploads\/2025\/12\/Animefigurer_logowhite.png","width":1890,"height":1417,"caption":"Animefigurer.se"},"image":{"@id":"https:\/\/animefigurer.se\/#\/schema\/logo\/image\/"},"sameAs":["https:\/\/www.facebook.com\/profile.php?id=61581826539670","https:\/\/www.instagram.com\/animefigurer.se\/"],"email":"info@animefigurer.se"}]}},"_links":{"self":[{"href":"https:\/\/animefigurer.se\/en\/wp-json\/wp\/v2\/product\/102346","targetHints":{"allow":["GET"]}}],"collection":[{"href":"https:\/\/animefigurer.se\/en\/wp-json\/wp\/v2\/product"}],"about":[{"href":"https:\/\/animefigurer.se\/en\/wp-json\/wp\/v2\/types\/product"}],"replies":[{"embeddable":true,"href":"https:\/\/animefigurer.se\/en\/wp-json\/wp\/v2\/comments?post=102346"}],"wp:featuredmedia":[{"embeddable":true,"href":"https:\/\/animefigurer.se\/en\/wp-json\/wp\/v2\/media\/102345"}],"wp:attachment":[{"href":"https:\/\/animefigurer.se\/en\/wp-json\/wp\/v2\/media?parent=102346"}],"wp:term":[{"taxonomy":"product_brand","embeddable":true,"href":"https:\/\/animefigurer.se\/en\/wp-json\/wp\/v2\/product_brand?post=102346"},{"taxonomy":"product_cat","embeddable":true,"href":"https:\/\/animefigurer.se\/en\/wp-json\/wp\/v2\/product_cat?post=102346"},{"taxonomy":"product_tag","embeddable":true,"href":"https:\/\/animefigurer.se\/en\/wp-json\/wp\/v2\/product_tag?post=102346"},{"taxonomy":"giftcard-category","embeddable":true,"href":"https:\/\/animefigurer.se\/en\/wp-json\/wp\/v2\/giftcard-category?post=102346"}],"curies":[{"name":"wp","href":"https:\/\/api.w.org\/{rel}","templated":true}]}}