{"id":102344,"date":"2026-05-05T15:01:33","date_gmt":"2026-05-05T13:01:33","guid":{"rendered":"https:\/\/animefigurer.se\/?post_type=product&#038;p=102344"},"modified":"2026-05-05T16:35:07","modified_gmt":"2026-05-05T14:35:07","slug":"baka-and-test-bicute-bunnies-figure-mizuki-himeji","status":"publish","type":"product","link":"https:\/\/animefigurer.se\/en\/figurer\/baka-test\/baka-and-test-bicute-bunnies-figure-mizuki-himeji\/","title":{"rendered":"Baka and Test BiCute Bunnies Figure \u2013 Mizuki Himeji"},"content":{"rendered":"<p>Denne elegante BiCute Bunnies figur af Mizuki Himeji fra Baka &amp; Test \u2013 Summon the Beasts fremh\u00e6ver karakterens charme i et stilfuldt bunny-outfit. Med bl\u00f8de farver og fine detaljer bringer figuren et feminint og legende udtryk, der passer perfekt til enhver anime-samling.<\/p>\n<p>Designet med fokus p\u00e5 \u00e6stetik og display-v\u00e6rdi er denne figur ideel for samlere, der \u00f8nsker en i\u00f8jnefaldende og s\u00f8d tilf\u00f8jelse til deres hylde.<\/p>","protected":false},"excerpt":{"rendered":"<p>Denne elegante BiCute Bunnies figur af Mizuki Himeji fra Baka &amp; Test \u2013 Summon the Beasts fremh\u00e6ver karakterens charme i et stilfuldt bunny-outfit. Med bl\u00f8de farver og fine detaljer bringer figuren et feminint og legende udtryk, der passer perfekt til enhver anime-samling. Designet med fokus p\u00e5 \u00e6stetik og display-v\u00e6rdi er denne figur ideel for samlere, [&hellip;]<\/p>\n","protected":false},"featured_media":102343,"comment_status":"closed","ping_status":"closed","template":"","meta":{"_acf_changed":false,"_monsterinsights_skip_tracking":false,"_monsterinsights_sitenote_active":false,"_monsterinsights_sitenote_note":"","_monsterinsights_sitenote_category":0},"product_brand":[6994],"product_cat":[8319],"product_tag":[26],"giftcard-category":[],"class_list":{"0":"post-102344","1":"product","2":"type-product","3":"status-publish","4":"has-post-thumbnail","6":"product_brand-furyu","7":"product_cat-baka-test","8":"product_tag-pre-order","9":"pa_franchise-baka-test","10":"pa_karaktar-mizuki-himeji","11":"pa_material-abs","12":"pa_material-pvc","13":"pa_produktserie-bicute-bunnies","15":"first","16":"instock","17":"taxable","18":"shipping-taxable","19":"purchasable","20":"product-type-simple"},"acf":[],"yoast_head":"<!-- This site is optimized with the Yoast SEO Premium plugin v24.6 (Yoast SEO v27.4) - https:\/\/yoast.com\/product\/yoast-seo-premium-wordpress\/ -->\n<title>Baka and Test BiCute Bunnies Figure \u2013 Mizuki Himeji | Animefigurer.se<\/title>\n<meta name=\"robots\" content=\"index, follow, max-snippet:-1, max-image-preview:large, max-video-preview:-1\" \/>\n<link rel=\"canonical\" href=\"https:\/\/animefigurer.se\/en\/figurer\/baka-test\/baka-and-test-bicute-bunnies-figure-mizuki-himeji\/\" \/>\n<meta property=\"og:locale\" content=\"en_GB\" \/>\n<meta property=\"og:type\" content=\"article\" \/>\n<meta property=\"og:title\" content=\"Baka and Test BiCute Bunnies Figure \u2013 Mizuki Himeji\" \/>\n<meta property=\"og:description\" content=\"Denne elegante BiCute Bunnies figur af Mizuki Himeji fra Baka &amp; Test \u2013 Summon the Beasts fremh\u00e6ver karakterens charme i et stilfuldt bunny-outfit. Med bl\u00f8de farver og fine detaljer bringer figuren et feminint og legende udtryk, der passer perfekt til enhver anime-samling. Designet med fokus p\u00e5 \u00e6stetik og display-v\u00e6rdi er denne figur ideel for samlere, [&hellip;]\" \/>\n<meta property=\"og:url\" content=\"https:\/\/animefigurer.se\/en\/figurer\/baka-test\/baka-and-test-bicute-bunnies-figure-mizuki-himeji\/\" \/>\n<meta property=\"og:site_name\" content=\"Animefigurer.se\" \/>\n<meta property=\"article:publisher\" content=\"https:\/\/www.facebook.com\/profile.php?id=61581826539670\" \/>\n<meta property=\"article:modified_time\" content=\"2026-05-05T14:35:07+00:00\" \/>\n<meta property=\"og:image\" content=\"https:\/\/animefigurer.se\/wp-content\/uploads\/2026\/05\/Baka_TestSummontheBeastsBiCuteBunniesFigure-MizukiHimeji.jpg\" \/>\n\t<meta property=\"og:image:width\" content=\"1280\" \/>\n\t<meta property=\"og:image:height\" content=\"1280\" \/>\n\t<meta property=\"og:image:type\" content=\"image\/jpeg\" \/>\n<meta name=\"twitter:card\" content=\"summary_large_image\" \/>\n<meta name=\"twitter:label1\" content=\"Estimated reading time\" \/>\n\t<meta name=\"twitter:data1\" content=\"1 minute\" \/>\n<script type=\"application\/ld+json\" class=\"yoast-schema-graph\">{\"@context\":\"https:\\\/\\\/schema.org\",\"@graph\":[{\"@type\":\"WebPage\",\"@id\":\"https:\\\/\\\/animefigurer.se\\\/figurer\\\/baka-test\\\/baka-and-test-bicute-bunnies-figure-mizuki-himeji\\\/\",\"url\":\"https:\\\/\\\/animefigurer.se\\\/figurer\\\/baka-test\\\/baka-and-test-bicute-bunnies-figure-mizuki-himeji\\\/\",\"name\":\"Baka and Test BiCute Bunnies Figure \u2013 Mizuki Himeji | Animefigurer.se\",\"isPartOf\":{\"@id\":\"https:\\\/\\\/animefigurer.se\\\/#website\"},\"primaryImageOfPage\":{\"@id\":\"https:\\\/\\\/animefigurer.se\\\/figurer\\\/baka-test\\\/baka-and-test-bicute-bunnies-figure-mizuki-himeji\\\/#primaryimage\"},\"image\":{\"@id\":\"https:\\\/\\\/animefigurer.se\\\/figurer\\\/baka-test\\\/baka-and-test-bicute-bunnies-figure-mizuki-himeji\\\/#primaryimage\"},\"thumbnailUrl\":\"https:\\\/\\\/animefigurer.se\\\/wp-content\\\/uploads\\\/2026\\\/05\\\/Baka_TestSummontheBeastsBiCuteBunniesFigure-MizukiHimeji.jpg\",\"datePublished\":\"2026-05-05T13:01:33+00:00\",\"dateModified\":\"2026-05-05T14:35:07+00:00\",\"breadcrumb\":{\"@id\":\"https:\\\/\\\/animefigurer.se\\\/figurer\\\/baka-test\\\/baka-and-test-bicute-bunnies-figure-mizuki-himeji\\\/#breadcrumb\"},\"inLanguage\":\"en-GB\",\"potentialAction\":[{\"@type\":\"ReadAction\",\"target\":[\"https:\\\/\\\/animefigurer.se\\\/figurer\\\/baka-test\\\/baka-and-test-bicute-bunnies-figure-mizuki-himeji\\\/\"]}]},{\"@type\":\"ImageObject\",\"inLanguage\":\"en-GB\",\"@id\":\"https:\\\/\\\/animefigurer.se\\\/figurer\\\/baka-test\\\/baka-and-test-bicute-bunnies-figure-mizuki-himeji\\\/#primaryimage\",\"url\":\"https:\\\/\\\/animefigurer.se\\\/wp-content\\\/uploads\\\/2026\\\/05\\\/Baka_TestSummontheBeastsBiCuteBunniesFigure-MizukiHimeji.jpg\",\"contentUrl\":\"https:\\\/\\\/animefigurer.se\\\/wp-content\\\/uploads\\\/2026\\\/05\\\/Baka_TestSummontheBeastsBiCuteBunniesFigure-MizukiHimeji.jpg\",\"width\":1280,\"height\":1280},{\"@type\":\"BreadcrumbList\",\"@id\":\"https:\\\/\\\/animefigurer.se\\\/figurer\\\/baka-test\\\/baka-and-test-bicute-bunnies-figure-mizuki-himeji\\\/#breadcrumb\",\"itemListElement\":[{\"@type\":\"ListItem\",\"position\":1,\"name\":\"Home\",\"item\":\"https:\\\/\\\/animefigurer.se\\\/\"},{\"@type\":\"ListItem\",\"position\":2,\"name\":\"Butik\",\"item\":\"https:\\\/\\\/animefigurer.se\\\/figurer\\\/\"},{\"@type\":\"ListItem\",\"position\":3,\"name\":\"Baka and Test BiCute Bunnies Figure \u2013 Mizuki Himeji\"}]},{\"@type\":\"WebSite\",\"@id\":\"https:\\\/\\\/animefigurer.se\\\/#website\",\"url\":\"https:\\\/\\\/animefigurer.se\\\/\",\"name\":\"Animefigurer.se\",\"description\":\"Anime figurer fr\u00e5n \u00f6ver 300 olika anime serier med \u00f6ver 9000 produkter | Anime Shop\",\"publisher\":{\"@id\":\"https:\\\/\\\/animefigurer.se\\\/#organization\"},\"potentialAction\":[{\"@type\":\"SearchAction\",\"target\":{\"@type\":\"EntryPoint\",\"urlTemplate\":\"https:\\\/\\\/animefigurer.se\\\/?s={search_term_string}\"},\"query-input\":{\"@type\":\"PropertyValueSpecification\",\"valueRequired\":true,\"valueName\":\"search_term_string\"}}],\"inLanguage\":\"en-GB\"},{\"@type\":\"Organization\",\"@id\":\"https:\\\/\\\/animefigurer.se\\\/#organization\",\"name\":\"Animefigurer.se\",\"alternateName\":\"Anime figurer | Anime shop\",\"url\":\"https:\\\/\\\/animefigurer.se\\\/\",\"logo\":{\"@type\":\"ImageObject\",\"inLanguage\":\"en-GB\",\"@id\":\"https:\\\/\\\/animefigurer.se\\\/#\\\/schema\\\/logo\\\/image\\\/\",\"url\":\"https:\\\/\\\/animefigurer.se\\\/wp-content\\\/uploads\\\/2025\\\/12\\\/Animefigurer_logowhite.png\",\"contentUrl\":\"https:\\\/\\\/animefigurer.se\\\/wp-content\\\/uploads\\\/2025\\\/12\\\/Animefigurer_logowhite.png\",\"width\":1890,\"height\":1417,\"caption\":\"Animefigurer.se\"},\"image\":{\"@id\":\"https:\\\/\\\/animefigurer.se\\\/#\\\/schema\\\/logo\\\/image\\\/\"},\"sameAs\":[\"https:\\\/\\\/www.facebook.com\\\/profile.php?id=61581826539670\",\"https:\\\/\\\/www.instagram.com\\\/animefigurer.se\\\/\"],\"email\":\"info@animefigurer.se\"}]}<\/script>\n<!-- \/ Yoast SEO Premium plugin. -->","yoast_head_json":{"title":"Baka and Test BiCute Bunnies Figure \u2013 Mizuki Himeji | Animefigurer.se","robots":{"index":"index","follow":"follow","max-snippet":"max-snippet:-1","max-image-preview":"max-image-preview:large","max-video-preview":"max-video-preview:-1"},"canonical":"https:\/\/animefigurer.se\/en\/figurer\/baka-test\/baka-and-test-bicute-bunnies-figure-mizuki-himeji\/","og_locale":"en_GB","og_type":"article","og_title":"Baka and Test BiCute Bunnies Figure \u2013 Mizuki Himeji","og_description":"Denne elegante BiCute Bunnies figur af Mizuki Himeji fra Baka &amp; Test \u2013 Summon the Beasts fremh\u00e6ver karakterens charme i et stilfuldt bunny-outfit. Med bl\u00f8de farver og fine detaljer bringer figuren et feminint og legende udtryk, der passer perfekt til enhver anime-samling. Designet med fokus p\u00e5 \u00e6stetik og display-v\u00e6rdi er denne figur ideel for samlere, [&hellip;]","og_url":"https:\/\/animefigurer.se\/en\/figurer\/baka-test\/baka-and-test-bicute-bunnies-figure-mizuki-himeji\/","og_site_name":"Animefigurer.se","article_publisher":"https:\/\/www.facebook.com\/profile.php?id=61581826539670","article_modified_time":"2026-05-05T14:35:07+00:00","og_image":[{"width":1280,"height":1280,"url":"https:\/\/animefigurer.se\/wp-content\/uploads\/2026\/05\/Baka_TestSummontheBeastsBiCuteBunniesFigure-MizukiHimeji.jpg","type":"image\/jpeg"}],"twitter_card":"summary_large_image","twitter_misc":{"Estimated reading time":"1 minute"},"schema":{"@context":"https:\/\/schema.org","@graph":[{"@type":"WebPage","@id":"https:\/\/animefigurer.se\/figurer\/baka-test\/baka-and-test-bicute-bunnies-figure-mizuki-himeji\/","url":"https:\/\/animefigurer.se\/figurer\/baka-test\/baka-and-test-bicute-bunnies-figure-mizuki-himeji\/","name":"Baka and Test BiCute Bunnies Figure \u2013 Mizuki Himeji | Animefigurer.se","isPartOf":{"@id":"https:\/\/animefigurer.se\/#website"},"primaryImageOfPage":{"@id":"https:\/\/animefigurer.se\/figurer\/baka-test\/baka-and-test-bicute-bunnies-figure-mizuki-himeji\/#primaryimage"},"image":{"@id":"https:\/\/animefigurer.se\/figurer\/baka-test\/baka-and-test-bicute-bunnies-figure-mizuki-himeji\/#primaryimage"},"thumbnailUrl":"https:\/\/animefigurer.se\/wp-content\/uploads\/2026\/05\/Baka_TestSummontheBeastsBiCuteBunniesFigure-MizukiHimeji.jpg","datePublished":"2026-05-05T13:01:33+00:00","dateModified":"2026-05-05T14:35:07+00:00","breadcrumb":{"@id":"https:\/\/animefigurer.se\/figurer\/baka-test\/baka-and-test-bicute-bunnies-figure-mizuki-himeji\/#breadcrumb"},"inLanguage":"en-GB","potentialAction":[{"@type":"ReadAction","target":["https:\/\/animefigurer.se\/figurer\/baka-test\/baka-and-test-bicute-bunnies-figure-mizuki-himeji\/"]}]},{"@type":"ImageObject","inLanguage":"en-GB","@id":"https:\/\/animefigurer.se\/figurer\/baka-test\/baka-and-test-bicute-bunnies-figure-mizuki-himeji\/#primaryimage","url":"https:\/\/animefigurer.se\/wp-content\/uploads\/2026\/05\/Baka_TestSummontheBeastsBiCuteBunniesFigure-MizukiHimeji.jpg","contentUrl":"https:\/\/animefigurer.se\/wp-content\/uploads\/2026\/05\/Baka_TestSummontheBeastsBiCuteBunniesFigure-MizukiHimeji.jpg","width":1280,"height":1280},{"@type":"BreadcrumbList","@id":"https:\/\/animefigurer.se\/figurer\/baka-test\/baka-and-test-bicute-bunnies-figure-mizuki-himeji\/#breadcrumb","itemListElement":[{"@type":"ListItem","position":1,"name":"Home","item":"https:\/\/animefigurer.se\/"},{"@type":"ListItem","position":2,"name":"Butik","item":"https:\/\/animefigurer.se\/figurer\/"},{"@type":"ListItem","position":3,"name":"Baka and Test BiCute Bunnies Figure \u2013 Mizuki Himeji"}]},{"@type":"WebSite","@id":"https:\/\/animefigurer.se\/#website","url":"https:\/\/animefigurer.se\/","name":"Animefigurer.se","description":"Anime figures from over 300 different anime series with over 9000 products | Anime Shop","publisher":{"@id":"https:\/\/animefigurer.se\/#organization"},"potentialAction":[{"@type":"SearchAction","target":{"@type":"EntryPoint","urlTemplate":"https:\/\/animefigurer.se\/?s={search_term_string}"},"query-input":{"@type":"PropertyValueSpecification","valueRequired":true,"valueName":"search_term_string"}}],"inLanguage":"en-GB"},{"@type":"Organization","@id":"https:\/\/animefigurer.se\/#organization","name":"Animefigurer.se","alternateName":"Anime figurer | Anime shop","url":"https:\/\/animefigurer.se\/","logo":{"@type":"ImageObject","inLanguage":"en-GB","@id":"https:\/\/animefigurer.se\/#\/schema\/logo\/image\/","url":"https:\/\/animefigurer.se\/wp-content\/uploads\/2025\/12\/Animefigurer_logowhite.png","contentUrl":"https:\/\/animefigurer.se\/wp-content\/uploads\/2025\/12\/Animefigurer_logowhite.png","width":1890,"height":1417,"caption":"Animefigurer.se"},"image":{"@id":"https:\/\/animefigurer.se\/#\/schema\/logo\/image\/"},"sameAs":["https:\/\/www.facebook.com\/profile.php?id=61581826539670","https:\/\/www.instagram.com\/animefigurer.se\/"],"email":"info@animefigurer.se"}]}},"_links":{"self":[{"href":"https:\/\/animefigurer.se\/en\/wp-json\/wp\/v2\/product\/102344","targetHints":{"allow":["GET"]}}],"collection":[{"href":"https:\/\/animefigurer.se\/en\/wp-json\/wp\/v2\/product"}],"about":[{"href":"https:\/\/animefigurer.se\/en\/wp-json\/wp\/v2\/types\/product"}],"replies":[{"embeddable":true,"href":"https:\/\/animefigurer.se\/en\/wp-json\/wp\/v2\/comments?post=102344"}],"wp:featuredmedia":[{"embeddable":true,"href":"https:\/\/animefigurer.se\/en\/wp-json\/wp\/v2\/media\/102343"}],"wp:attachment":[{"href":"https:\/\/animefigurer.se\/en\/wp-json\/wp\/v2\/media?parent=102344"}],"wp:term":[{"taxonomy":"product_brand","embeddable":true,"href":"https:\/\/animefigurer.se\/en\/wp-json\/wp\/v2\/product_brand?post=102344"},{"taxonomy":"product_cat","embeddable":true,"href":"https:\/\/animefigurer.se\/en\/wp-json\/wp\/v2\/product_cat?post=102344"},{"taxonomy":"product_tag","embeddable":true,"href":"https:\/\/animefigurer.se\/en\/wp-json\/wp\/v2\/product_tag?post=102344"},{"taxonomy":"giftcard-category","embeddable":true,"href":"https:\/\/animefigurer.se\/en\/wp-json\/wp\/v2\/giftcard-category?post=102344"}],"curies":[{"name":"wp","href":"https:\/\/api.w.org\/{rel}","templated":true}]}}