{"id":102215,"date":"2026-05-04T15:32:52","date_gmt":"2026-05-04T13:32:52","guid":{"rendered":"https:\/\/animefigurer.se\/?post_type=product&#038;p=102215"},"modified":"2026-05-04T15:48:51","modified_gmt":"2026-05-04T13:48:51","slug":"jujutsu-kaisen-mystery-box-max-1st-kund-animefigurer-exclusive","status":"publish","type":"product","link":"https:\/\/animefigurer.se\/en\/figurer\/jujutsu-kaisen\/jujutsu-kaisen-mystery-box-max-1st-kund-animefigurer-exclusive\/","title":{"rendered":"Jujutsu Kaisen Mystery Box (Max 1st\/kund) Animefigurer Exclusive"},"content":{"rendered":"<p data-start=\"0\" data-end=\"112\"><strong data-start=\"0\" data-end=\"112\">Jujutsu Kaisen Mystery Box \u2013 Inneh\u00e5llet \u00e4r v\u00e4rderat till ett minimum av 1500\u20132000:- SEK (Boxen \u00e4r 30x30x30 cm, eller st\u00f6rre)<\/strong><\/p>\n<p data-start=\"114\" data-end=\"507\">Gillar du Jujutsu Kaisen och vill ha en \u00f6verraskning? D\u00e5 \u00e4r v\u00e5r Mystery Box perfekt. Varje box inneh\u00e5ller en mix av Jujutsu Kaisen figurer och officiellt inspirerad merch som kan vara allt fr\u00e5n sm\u00e5 samlarprylar till praktiska accessoarer, limited figurer och annan merch. Inneh\u00e5llet \u00e4r hemligt tills du \u00f6ppnar \u2013 vilket g\u00f6r den lika rolig att ge bort som att beh\u00e5lla sj\u00e4lv.<\/p>\n<p data-start=\"509\" data-end=\"540\"><strong data-start=\"509\" data-end=\"540\">This may be in the box:<\/strong><\/p>\n<ul data-start=\"542\" data-end=\"785\">\n<li data-section-id=\"1hudscb\" data-start=\"542\" data-end=\"593\">Minst 2x Jujutsu Kaisen man figurer<\/li>\n<li data-section-id=\"1cmml9\" data-start=\"594\" data-end=\"673\">Merch such as key chains, pins, stickers, straps, cards, small accessories<\/li>\n<li data-section-id=\"1b0q8cg\" data-start=\"674\" data-end=\"737\">Sometimes you can find extra \u201cbonus items\u201d depending on the box level<\/li>\n<li data-section-id=\"1k139g4\" data-start=\"738\" data-end=\"785\">Annan typ av merch fr\u00e5n Jujutsu Kaisen serien<\/li>\n<\/ul>\n<p data-start=\"787\" data-end=\"818\"><strong data-start=\"787\" data-end=\"818\">Why you&#039;ll love it:<\/strong><\/p>\n<ul data-start=\"820\" data-end=\"1020\">\n<li data-section-id=\"18ds9p8\" data-start=\"820\" data-end=\"904\">Perfekt f\u00f6r samlare och fans av Makina, Aki, Pochita, Denji, Power, Reze och fler?<\/li>\n<li data-section-id=\"7x9684\" data-start=\"905\" data-end=\"950\">Fun \u201cunboxing\u201d feeling \u2013 each box is unique<\/li>\n<li data-section-id=\"1s7vsya\" data-start=\"951\" data-end=\"1020\">Bra present till Jujutsu Kaisen-fans (f\u00f6delsedag, jul, spontang\u00e5va)<\/li>\n<\/ul>\n<p data-start=\"1022\" data-end=\"1039\"><strong data-start=\"1022\" data-end=\"1039\">Good to know:<\/strong><\/p>\n<ul data-start=\"1041\" data-end=\"1217\" data-is-last-node=\"\" data-is-only-node=\"\">\n<li data-section-id=\"3ma3bx\" data-start=\"1041\" data-end=\"1145\">Inneh\u00e5llet varierar mellan boxar, ingen f\u00e5r exakt samma figur, sm\u00e5 merch kan vara samma i vissa fall<\/li>\n<li data-section-id=\"17tt1vy\" data-start=\"1146\" data-end=\"1217\" data-is-last-node=\"\">Products may come in mixed sizes\/designs depending on stock.<\/li>\n<\/ul>","protected":false},"excerpt":{"rendered":"<p data-start=\"0\" data-end=\"112\"><strong data-start=\"0\" data-end=\"112\">Jujutsu Kaisen Mystery Box \u2013 Inneh\u00e5llet \u00e4r v\u00e4rderat till ett minimum av 1500\u20132000:- SEK (Boxen \u00e4r 30x30x30 cm, eller st\u00f6rre)<\/strong><\/p>\n<p data-start=\"114\" data-end=\"507\">Gillar du Jujutsu Kaisen och vill ha en \u00f6verraskning? D\u00e5 \u00e4r v\u00e5r Mystery Box perfekt. Varje box inneh\u00e5ller en mix av Jujutsu Kaisen figurer och officiellt inspirerad merch som kan vara allt fr\u00e5n sm\u00e5 samlarprylar till praktiska accessoarer, limited figurer och annan merch. Inneh\u00e5llet \u00e4r hemligt tills du \u00f6ppnar \u2013 vilket g\u00f6r den lika rolig att ge bort som att beh\u00e5lla sj\u00e4lv.<\/p>\n<p data-start=\"509\" data-end=\"540\"><strong data-start=\"509\" data-end=\"540\">This may be in the box:<\/strong><\/p>\n<ul data-start=\"542\" data-end=\"785\">\n<li data-section-id=\"1hudscb\" data-start=\"542\" data-end=\"593\">Minst 2x Jujutsu Kaisen man figurer<\/li>\n<li data-section-id=\"1cmml9\" data-start=\"594\" data-end=\"673\">Merch such as key chains, pins, stickers, straps, cards, small accessories<\/li>\n<li data-section-id=\"1b0q8cg\" data-start=\"674\" data-end=\"737\">Sometimes you can find extra \u201cbonus items\u201d depending on the box level<\/li>\n<li data-section-id=\"1k139g4\" data-start=\"738\" data-end=\"785\">Annan typ av merch fr\u00e5n Jujutsu Kaisen serien<\/li>\n<\/ul>","protected":false},"featured_media":102222,"comment_status":"open","ping_status":"closed","template":"","meta":{"_acf_changed":false,"_monsterinsights_skip_tracking":false,"_monsterinsights_sitenote_active":false,"_monsterinsights_sitenote_note":"","_monsterinsights_sitenote_category":0},"product_brand":[7512],"product_cat":[7930,3210],"product_tag":[25],"giftcard-category":[],"class_list":{"0":"post-102215","1":"product","2":"type-product","3":"status-publish","4":"has-post-thumbnail","6":"product_brand-animefigurer-se","7":"product_cat-animefigurer","8":"product_cat-jujutsu-kaisen","9":"product_tag-i-lager","11":"first","12":"instock","13":"sold-individually","14":"taxable","15":"shipping-taxable","16":"purchasable","17":"product-type-simple"},"acf":[],"yoast_head":"<!-- This site is optimized with the Yoast SEO Premium plugin v24.6 (Yoast SEO v27.4) - https:\/\/yoast.com\/product\/yoast-seo-premium-wordpress\/ -->\n<title>Jujutsu Kaisen Mystery Box (Max 1st\/kund) Animefigurer Exclusive | Animefigurer.se<\/title>\n<meta name=\"robots\" content=\"index, follow, max-snippet:-1, max-image-preview:large, max-video-preview:-1\" \/>\n<link rel=\"canonical\" href=\"https:\/\/animefigurer.se\/en\/figurer\/the-jujutsu-kaise\/jujutsu-kaisen-mystery-box-max-1st-kund-animefigurer-exclusive\/\" \/>\n<meta property=\"og:locale\" content=\"en_GB\" \/>\n<meta property=\"og:type\" content=\"article\" \/>\n<meta property=\"og:title\" content=\"Jujutsu Kaisen Mystery Box (Max 1st\/kund) Animefigurer Exclusive\" \/>\n<meta property=\"og:description\" content=\"Jujutsu Kaisen Mystery Box \u2013 Inneh\u00e5llet \u00e4r v\u00e4rderat till ett minimum av 1500\u20132000:- SEK (Boxen \u00e4r 30x30x30 cm, eller st\u00f6rre) Gillar du Jujutsu Kaisen och vill ha en \u00f6verraskning? D\u00e5 \u00e4r v\u00e5r Mystery Box perfekt. Varje box inneh\u00e5ller en mix av Jujutsu Kaisen figurer och officiellt inspirerad merch som kan vara allt fr\u00e5n sm\u00e5 samlarprylar till praktiska accessoarer, limited figurer och annan merch. Inneh\u00e5llet \u00e4r hemligt tills du \u00f6ppnar \u2013 vilket g\u00f6r den lika rolig att ge bort som att beh\u00e5lla sj\u00e4lv. Det h\u00e4r kan finnas i boxen:    Minst 2x Jujutsu Kaisen man figurer  Merch som t.ex. nyckelringar, pins, stickers, straps, kort, sm\u00e5 accessoarer  Ibland kan du hitta extra \u201cbonus-items\u201d beroende p\u00e5 boxniv\u00e5  Annan typ av merch fr\u00e5n Jujutsu Kaisen serien\" \/>\n<meta property=\"og:url\" content=\"https:\/\/animefigurer.se\/en\/figurer\/the-jujutsu-kaise\/jujutsu-kaisen-mystery-box-max-1st-kund-animefigurer-exclusive\/\" \/>\n<meta property=\"og:site_name\" content=\"Animefigurer.se\" \/>\n<meta property=\"article:publisher\" content=\"https:\/\/www.facebook.com\/profile.php?id=61581826539670\" \/>\n<meta property=\"article:modified_time\" content=\"2026-05-04T13:48:51+00:00\" \/>\n<meta property=\"og:image\" content=\"https:\/\/animefigurer.se\/wp-content\/uploads\/2026\/05\/4-Mystery-Box-Mockup-Jujutsu-Kaisen-v1-scaled.jpg\" \/>\n\t<meta property=\"og:image:width\" content=\"2560\" \/>\n\t<meta property=\"og:image:height\" content=\"2560\" \/>\n\t<meta property=\"og:image:type\" content=\"image\/jpeg\" \/>\n<meta name=\"twitter:card\" content=\"summary_large_image\" \/>\n<meta name=\"twitter:label1\" content=\"Estimated reading time\" \/>\n\t<meta name=\"twitter:data1\" content=\"2 minutes\" \/>\n<script type=\"application\/ld+json\" class=\"yoast-schema-graph\">{\"@context\":\"https:\\\/\\\/schema.org\",\"@graph\":[{\"@type\":\"WebPage\",\"@id\":\"https:\\\/\\\/animefigurer.se\\\/figurer\\\/jujutsu-kaisen\\\/jujutsu-kaisen-mystery-box-max-1st-kund-animefigurer-exclusive\\\/\",\"url\":\"https:\\\/\\\/animefigurer.se\\\/figurer\\\/jujutsu-kaisen\\\/jujutsu-kaisen-mystery-box-max-1st-kund-animefigurer-exclusive\\\/\",\"name\":\"Jujutsu Kaisen Mystery Box (Max 1st\\\/kund) Animefigurer Exclusive | Animefigurer.se\",\"isPartOf\":{\"@id\":\"https:\\\/\\\/animefigurer.se\\\/#website\"},\"primaryImageOfPage\":{\"@id\":\"https:\\\/\\\/animefigurer.se\\\/figurer\\\/jujutsu-kaisen\\\/jujutsu-kaisen-mystery-box-max-1st-kund-animefigurer-exclusive\\\/#primaryimage\"},\"image\":{\"@id\":\"https:\\\/\\\/animefigurer.se\\\/figurer\\\/jujutsu-kaisen\\\/jujutsu-kaisen-mystery-box-max-1st-kund-animefigurer-exclusive\\\/#primaryimage\"},\"thumbnailUrl\":\"https:\\\/\\\/animefigurer.se\\\/wp-content\\\/uploads\\\/2026\\\/05\\\/4-Mystery-Box-Mockup-Jujutsu-Kaisen-v1-scaled.jpg\",\"datePublished\":\"2026-05-04T13:32:52+00:00\",\"dateModified\":\"2026-05-04T13:48:51+00:00\",\"breadcrumb\":{\"@id\":\"https:\\\/\\\/animefigurer.se\\\/figurer\\\/jujutsu-kaisen\\\/jujutsu-kaisen-mystery-box-max-1st-kund-animefigurer-exclusive\\\/#breadcrumb\"},\"inLanguage\":\"en-GB\",\"potentialAction\":[{\"@type\":\"ReadAction\",\"target\":[\"https:\\\/\\\/animefigurer.se\\\/figurer\\\/jujutsu-kaisen\\\/jujutsu-kaisen-mystery-box-max-1st-kund-animefigurer-exclusive\\\/\"]}]},{\"@type\":\"ImageObject\",\"inLanguage\":\"en-GB\",\"@id\":\"https:\\\/\\\/animefigurer.se\\\/figurer\\\/jujutsu-kaisen\\\/jujutsu-kaisen-mystery-box-max-1st-kund-animefigurer-exclusive\\\/#primaryimage\",\"url\":\"https:\\\/\\\/animefigurer.se\\\/wp-content\\\/uploads\\\/2026\\\/05\\\/4-Mystery-Box-Mockup-Jujutsu-Kaisen-v1-scaled.jpg\",\"contentUrl\":\"https:\\\/\\\/animefigurer.se\\\/wp-content\\\/uploads\\\/2026\\\/05\\\/4-Mystery-Box-Mockup-Jujutsu-Kaisen-v1-scaled.jpg\",\"width\":2560,\"height\":2560},{\"@type\":\"BreadcrumbList\",\"@id\":\"https:\\\/\\\/animefigurer.se\\\/figurer\\\/jujutsu-kaisen\\\/jujutsu-kaisen-mystery-box-max-1st-kund-animefigurer-exclusive\\\/#breadcrumb\",\"itemListElement\":[{\"@type\":\"ListItem\",\"position\":1,\"name\":\"Home\",\"item\":\"https:\\\/\\\/animefigurer.se\\\/\"},{\"@type\":\"ListItem\",\"position\":2,\"name\":\"Butik\",\"item\":\"https:\\\/\\\/animefigurer.se\\\/figurer\\\/\"},{\"@type\":\"ListItem\",\"position\":3,\"name\":\"Jujutsu Kaisen Mystery Box (Max 1st\\\/kund) Animefigurer Exclusive\"}]},{\"@type\":\"WebSite\",\"@id\":\"https:\\\/\\\/animefigurer.se\\\/#website\",\"url\":\"https:\\\/\\\/animefigurer.se\\\/\",\"name\":\"Animefigurer.se\",\"description\":\"Anime figurer fr\u00e5n \u00f6ver 300 olika anime serier med \u00f6ver 9000 produkter | Anime Shop\",\"publisher\":{\"@id\":\"https:\\\/\\\/animefigurer.se\\\/#organization\"},\"potentialAction\":[{\"@type\":\"SearchAction\",\"target\":{\"@type\":\"EntryPoint\",\"urlTemplate\":\"https:\\\/\\\/animefigurer.se\\\/?s={search_term_string}\"},\"query-input\":{\"@type\":\"PropertyValueSpecification\",\"valueRequired\":true,\"valueName\":\"search_term_string\"}}],\"inLanguage\":\"en-GB\"},{\"@type\":\"Organization\",\"@id\":\"https:\\\/\\\/animefigurer.se\\\/#organization\",\"name\":\"Animefigurer.se\",\"alternateName\":\"Anime figurer | Anime shop\",\"url\":\"https:\\\/\\\/animefigurer.se\\\/\",\"logo\":{\"@type\":\"ImageObject\",\"inLanguage\":\"en-GB\",\"@id\":\"https:\\\/\\\/animefigurer.se\\\/#\\\/schema\\\/logo\\\/image\\\/\",\"url\":\"https:\\\/\\\/animefigurer.se\\\/wp-content\\\/uploads\\\/2025\\\/12\\\/Animefigurer_logowhite.png\",\"contentUrl\":\"https:\\\/\\\/animefigurer.se\\\/wp-content\\\/uploads\\\/2025\\\/12\\\/Animefigurer_logowhite.png\",\"width\":1890,\"height\":1417,\"caption\":\"Animefigurer.se\"},\"image\":{\"@id\":\"https:\\\/\\\/animefigurer.se\\\/#\\\/schema\\\/logo\\\/image\\\/\"},\"sameAs\":[\"https:\\\/\\\/www.facebook.com\\\/profile.php?id=61581826539670\",\"https:\\\/\\\/www.instagram.com\\\/animefigurer.se\\\/\"],\"email\":\"info@animefigurer.se\"}]}<\/script>\n<!-- \/ Yoast SEO Premium plugin. -->","yoast_head_json":{"title":"Jujutsu Kaisen Mystery Box (Max 1st\/kund) Animefigurer Exclusive | Animefigurer.se","robots":{"index":"index","follow":"follow","max-snippet":"max-snippet:-1","max-image-preview":"max-image-preview:large","max-video-preview":"max-video-preview:-1"},"canonical":"https:\/\/animefigurer.se\/en\/figurer\/the-jujutsu-kaise\/jujutsu-kaisen-mystery-box-max-1st-kund-animefigurer-exclusive\/","og_locale":"en_GB","og_type":"article","og_title":"Jujutsu Kaisen Mystery Box (Max 1st\/kund) Animefigurer Exclusive","og_description":"Jujutsu Kaisen Mystery Box \u2013 Inneh\u00e5llet \u00e4r v\u00e4rderat till ett minimum av 1500\u20132000:- SEK (Boxen \u00e4r 30x30x30 cm, eller st\u00f6rre) Gillar du Jujutsu Kaisen och vill ha en \u00f6verraskning? D\u00e5 \u00e4r v\u00e5r Mystery Box perfekt. Varje box inneh\u00e5ller en mix av Jujutsu Kaisen figurer och officiellt inspirerad merch som kan vara allt fr\u00e5n sm\u00e5 samlarprylar till praktiska accessoarer, limited figurer och annan merch. Inneh\u00e5llet \u00e4r hemligt tills du \u00f6ppnar \u2013 vilket g\u00f6r den lika rolig att ge bort som att beh\u00e5lla sj\u00e4lv. Det h\u00e4r kan finnas i boxen:    Minst 2x Jujutsu Kaisen man figurer  Merch som t.ex. nyckelringar, pins, stickers, straps, kort, sm\u00e5 accessoarer  Ibland kan du hitta extra \u201cbonus-items\u201d beroende p\u00e5 boxniv\u00e5  Annan typ av merch fr\u00e5n Jujutsu Kaisen serien","og_url":"https:\/\/animefigurer.se\/en\/figurer\/the-jujutsu-kaise\/jujutsu-kaisen-mystery-box-max-1st-kund-animefigurer-exclusive\/","og_site_name":"Animefigurer.se","article_publisher":"https:\/\/www.facebook.com\/profile.php?id=61581826539670","article_modified_time":"2026-05-04T13:48:51+00:00","og_image":[{"width":2560,"height":2560,"url":"https:\/\/animefigurer.se\/wp-content\/uploads\/2026\/05\/4-Mystery-Box-Mockup-Jujutsu-Kaisen-v1-scaled.jpg","type":"image\/jpeg"}],"twitter_card":"summary_large_image","twitter_misc":{"Estimated reading time":"2 minutes"},"schema":{"@context":"https:\/\/schema.org","@graph":[{"@type":"WebPage","@id":"https:\/\/animefigurer.se\/figurer\/jujutsu-kaisen\/jujutsu-kaisen-mystery-box-max-1st-kund-animefigurer-exclusive\/","url":"https:\/\/animefigurer.se\/figurer\/jujutsu-kaisen\/jujutsu-kaisen-mystery-box-max-1st-kund-animefigurer-exclusive\/","name":"Jujutsu Kaisen Mystery Box (Max 1st\/kund) Animefigurer Exclusive | Animefigurer.se","isPartOf":{"@id":"https:\/\/animefigurer.se\/#website"},"primaryImageOfPage":{"@id":"https:\/\/animefigurer.se\/figurer\/jujutsu-kaisen\/jujutsu-kaisen-mystery-box-max-1st-kund-animefigurer-exclusive\/#primaryimage"},"image":{"@id":"https:\/\/animefigurer.se\/figurer\/jujutsu-kaisen\/jujutsu-kaisen-mystery-box-max-1st-kund-animefigurer-exclusive\/#primaryimage"},"thumbnailUrl":"https:\/\/animefigurer.se\/wp-content\/uploads\/2026\/05\/4-Mystery-Box-Mockup-Jujutsu-Kaisen-v1-scaled.jpg","datePublished":"2026-05-04T13:32:52+00:00","dateModified":"2026-05-04T13:48:51+00:00","breadcrumb":{"@id":"https:\/\/animefigurer.se\/figurer\/jujutsu-kaisen\/jujutsu-kaisen-mystery-box-max-1st-kund-animefigurer-exclusive\/#breadcrumb"},"inLanguage":"en-GB","potentialAction":[{"@type":"ReadAction","target":["https:\/\/animefigurer.se\/figurer\/jujutsu-kaisen\/jujutsu-kaisen-mystery-box-max-1st-kund-animefigurer-exclusive\/"]}]},{"@type":"ImageObject","inLanguage":"en-GB","@id":"https:\/\/animefigurer.se\/figurer\/jujutsu-kaisen\/jujutsu-kaisen-mystery-box-max-1st-kund-animefigurer-exclusive\/#primaryimage","url":"https:\/\/animefigurer.se\/wp-content\/uploads\/2026\/05\/4-Mystery-Box-Mockup-Jujutsu-Kaisen-v1-scaled.jpg","contentUrl":"https:\/\/animefigurer.se\/wp-content\/uploads\/2026\/05\/4-Mystery-Box-Mockup-Jujutsu-Kaisen-v1-scaled.jpg","width":2560,"height":2560},{"@type":"BreadcrumbList","@id":"https:\/\/animefigurer.se\/figurer\/jujutsu-kaisen\/jujutsu-kaisen-mystery-box-max-1st-kund-animefigurer-exclusive\/#breadcrumb","itemListElement":[{"@type":"ListItem","position":1,"name":"Home","item":"https:\/\/animefigurer.se\/"},{"@type":"ListItem","position":2,"name":"Butik","item":"https:\/\/animefigurer.se\/figurer\/"},{"@type":"ListItem","position":3,"name":"Jujutsu Kaisen Mystery Box (Max 1st\/kund) Animefigurer Exclusive"}]},{"@type":"WebSite","@id":"https:\/\/animefigurer.se\/#website","url":"https:\/\/animefigurer.se\/","name":"Animefigurer.se","description":"Anime figures from over 300 different anime series with over 9000 products | Anime Shop","publisher":{"@id":"https:\/\/animefigurer.se\/#organization"},"potentialAction":[{"@type":"SearchAction","target":{"@type":"EntryPoint","urlTemplate":"https:\/\/animefigurer.se\/?s={search_term_string}"},"query-input":{"@type":"PropertyValueSpecification","valueRequired":true,"valueName":"search_term_string"}}],"inLanguage":"en-GB"},{"@type":"Organization","@id":"https:\/\/animefigurer.se\/#organization","name":"Animefigurer.se","alternateName":"Anime figurer | Anime shop","url":"https:\/\/animefigurer.se\/","logo":{"@type":"ImageObject","inLanguage":"en-GB","@id":"https:\/\/animefigurer.se\/#\/schema\/logo\/image\/","url":"https:\/\/animefigurer.se\/wp-content\/uploads\/2025\/12\/Animefigurer_logowhite.png","contentUrl":"https:\/\/animefigurer.se\/wp-content\/uploads\/2025\/12\/Animefigurer_logowhite.png","width":1890,"height":1417,"caption":"Animefigurer.se"},"image":{"@id":"https:\/\/animefigurer.se\/#\/schema\/logo\/image\/"},"sameAs":["https:\/\/www.facebook.com\/profile.php?id=61581826539670","https:\/\/www.instagram.com\/animefigurer.se\/"],"email":"info@animefigurer.se"}]}},"_links":{"self":[{"href":"https:\/\/animefigurer.se\/en\/wp-json\/wp\/v2\/product\/102215","targetHints":{"allow":["GET"]}}],"collection":[{"href":"https:\/\/animefigurer.se\/en\/wp-json\/wp\/v2\/product"}],"about":[{"href":"https:\/\/animefigurer.se\/en\/wp-json\/wp\/v2\/types\/product"}],"replies":[{"embeddable":true,"href":"https:\/\/animefigurer.se\/en\/wp-json\/wp\/v2\/comments?post=102215"}],"wp:featuredmedia":[{"embeddable":true,"href":"https:\/\/animefigurer.se\/en\/wp-json\/wp\/v2\/media\/102222"}],"wp:attachment":[{"href":"https:\/\/animefigurer.se\/en\/wp-json\/wp\/v2\/media?parent=102215"}],"wp:term":[{"taxonomy":"product_brand","embeddable":true,"href":"https:\/\/animefigurer.se\/en\/wp-json\/wp\/v2\/product_brand?post=102215"},{"taxonomy":"product_cat","embeddable":true,"href":"https:\/\/animefigurer.se\/en\/wp-json\/wp\/v2\/product_cat?post=102215"},{"taxonomy":"product_tag","embeddable":true,"href":"https:\/\/animefigurer.se\/en\/wp-json\/wp\/v2\/product_tag?post=102215"},{"taxonomy":"giftcard-category","embeddable":true,"href":"https:\/\/animefigurer.se\/en\/wp-json\/wp\/v2\/giftcard-category?post=102215"}],"curies":[{"name":"wp","href":"https:\/\/api.w.org\/{rel}","templated":true}]}}