{"id":102158,"date":"2026-05-03T14:24:51","date_gmt":"2026-05-03T12:24:51","guid":{"rendered":"https:\/\/animefigurer.se\/?post_type=product&#038;p=102158"},"modified":"2026-05-03T14:47:20","modified_gmt":"2026-05-03T12:47:20","slug":"mobile-suit-gundam-seed-genkai-toppa-strike-gundam-figure-28cm","status":"publish","type":"product","link":"https:\/\/animefigurer.se\/en\/figurer\/mobile-suit-gundam\/mobile-suit-gundam-seed-genkai-toppa-strike-gundam-figure-28cm\/","title":{"rendered":"Mobile Suit Gundam Seed Genkai Toppa Strike Gundam figure 28cm"},"content":{"rendered":"<p>Denna imponerande figur av Strike Gundam fr\u00e5n Mobile Suit Gundam visar den ikoniska mecha-designen i en kraftfull och klassisk pose. Med sin karakteristiska f\u00e4rgs\u00e4ttning och robusta konstruktion f\u00e5ngar figuren essensen av en av seriens mest igenk\u00e4nnbara robotar.<\/p>\n<p>Med h\u00f6g detaljniv\u00e5 och noggrant utformade delar \u00e4r denna figur ett utm\u00e4rkt tillskott f\u00f6r b\u00e5de samlare och fans av mecha-genren som vill lyfta sin samling med en tidl\u00f6s design.<\/p>","protected":false},"excerpt":{"rendered":"<p>Denna imponerande figur av Strike Gundam fr\u00e5n Mobile Suit Gundam visar den ikoniska mecha-designen i en kraftfull och klassisk pose. Med sin karakteristiska f\u00e4rgs\u00e4ttning och robusta konstruktion f\u00e5ngar figuren essensen av en av seriens mest igenk\u00e4nnbara robotar. Med h\u00f6g detaljniv\u00e5 och noggrant utformade delar \u00e4r denna figur ett utm\u00e4rkt tillskott f\u00f6r b\u00e5de samlare och fans [&hellip;]<\/p>\n","protected":false},"featured_media":102157,"comment_status":"closed","ping_status":"closed","template":"","meta":{"_acf_changed":false,"_monsterinsights_skip_tracking":false,"_monsterinsights_sitenote_active":false,"_monsterinsights_sitenote_note":"","_monsterinsights_sitenote_category":0},"product_brand":[6928],"product_cat":[8316],"product_tag":[26],"giftcard-category":[],"class_list":{"0":"post-102158","1":"product","2":"type-product","3":"status-publish","4":"has-post-thumbnail","6":"product_brand-banpresto","7":"product_cat-mobile-suit-gundam","8":"product_tag-pre-order","9":"pa_franchise-mobile-suit-gundam","10":"pa_karaktar-strike-gundam","11":"pa_material-pvc","12":"pa_storlek-28-cm","14":"first","15":"instock","16":"taxable","17":"shipping-taxable","18":"purchasable","19":"product-type-simple"},"acf":[],"yoast_head":"<!-- This site is optimized with the Yoast SEO Premium plugin v24.6 (Yoast SEO v27.4) - https:\/\/yoast.com\/product\/yoast-seo-premium-wordpress\/ -->\n<title>Mobile Suit Gundam Seed Genkai Toppa Strike Gundam figure 28cm | Animefigurer.se<\/title>\n<meta name=\"robots\" content=\"index, follow, max-snippet:-1, max-image-preview:large, max-video-preview:-1\" \/>\n<link rel=\"canonical\" href=\"https:\/\/animefigurer.se\/en\/figurer\/mobile-suit-gundam\/mobile-suit-gundam-seed-genkai-toppa-strike-gundam-figure-28cm\/\" \/>\n<meta property=\"og:locale\" content=\"en_GB\" \/>\n<meta property=\"og:type\" content=\"article\" \/>\n<meta property=\"og:title\" content=\"Mobile Suit Gundam Seed Genkai Toppa Strike Gundam figure 28cm\" \/>\n<meta property=\"og:description\" content=\"Denna imponerande figur av Strike Gundam fr\u00e5n Mobile Suit Gundam visar den ikoniska mecha-designen i en kraftfull och klassisk pose. Med sin karakteristiska f\u00e4rgs\u00e4ttning och robusta konstruktion f\u00e5ngar figuren essensen av en av seriens mest igenk\u00e4nnbara robotar. Med h\u00f6g detaljniv\u00e5 och noggrant utformade delar \u00e4r denna figur ett utm\u00e4rkt tillskott f\u00f6r b\u00e5de samlare och fans [&hellip;]\" \/>\n<meta property=\"og:url\" content=\"https:\/\/animefigurer.se\/en\/figurer\/mobile-suit-gundam\/mobile-suit-gundam-seed-genkai-toppa-strike-gundam-figure-28cm\/\" \/>\n<meta property=\"og:site_name\" content=\"Animefigurer.se\" \/>\n<meta property=\"article:publisher\" content=\"https:\/\/www.facebook.com\/profile.php?id=61581826539670\" \/>\n<meta property=\"article:modified_time\" content=\"2026-05-03T12:47:20+00:00\" \/>\n<meta property=\"og:image\" content=\"https:\/\/animefigurer.se\/wp-content\/uploads\/2026\/05\/img_463329_bd6d72067640574f9e6532f26f7e9bb6_1.jpg\" \/>\n\t<meta property=\"og:image:width\" content=\"1000\" \/>\n\t<meta property=\"og:image:height\" content=\"1000\" \/>\n\t<meta property=\"og:image:type\" content=\"image\/jpeg\" \/>\n<meta name=\"twitter:card\" content=\"summary_large_image\" \/>\n<meta name=\"twitter:label1\" content=\"Estimated reading time\" \/>\n\t<meta name=\"twitter:data1\" content=\"1 minute\" \/>\n<script type=\"application\/ld+json\" class=\"yoast-schema-graph\">{\"@context\":\"https:\\\/\\\/schema.org\",\"@graph\":[{\"@type\":\"WebPage\",\"@id\":\"https:\\\/\\\/animefigurer.se\\\/figurer\\\/mobile-suit-gundam\\\/mobile-suit-gundam-seed-genkai-toppa-strike-gundam-figure-28cm\\\/\",\"url\":\"https:\\\/\\\/animefigurer.se\\\/figurer\\\/mobile-suit-gundam\\\/mobile-suit-gundam-seed-genkai-toppa-strike-gundam-figure-28cm\\\/\",\"name\":\"Mobile Suit Gundam Seed Genkai Toppa Strike Gundam figure 28cm | Animefigurer.se\",\"isPartOf\":{\"@id\":\"https:\\\/\\\/animefigurer.se\\\/#website\"},\"primaryImageOfPage\":{\"@id\":\"https:\\\/\\\/animefigurer.se\\\/figurer\\\/mobile-suit-gundam\\\/mobile-suit-gundam-seed-genkai-toppa-strike-gundam-figure-28cm\\\/#primaryimage\"},\"image\":{\"@id\":\"https:\\\/\\\/animefigurer.se\\\/figurer\\\/mobile-suit-gundam\\\/mobile-suit-gundam-seed-genkai-toppa-strike-gundam-figure-28cm\\\/#primaryimage\"},\"thumbnailUrl\":\"https:\\\/\\\/animefigurer.se\\\/wp-content\\\/uploads\\\/2026\\\/05\\\/img_463329_bd6d72067640574f9e6532f26f7e9bb6_1.jpg\",\"datePublished\":\"2026-05-03T12:24:51+00:00\",\"dateModified\":\"2026-05-03T12:47:20+00:00\",\"breadcrumb\":{\"@id\":\"https:\\\/\\\/animefigurer.se\\\/figurer\\\/mobile-suit-gundam\\\/mobile-suit-gundam-seed-genkai-toppa-strike-gundam-figure-28cm\\\/#breadcrumb\"},\"inLanguage\":\"en-GB\",\"potentialAction\":[{\"@type\":\"ReadAction\",\"target\":[\"https:\\\/\\\/animefigurer.se\\\/figurer\\\/mobile-suit-gundam\\\/mobile-suit-gundam-seed-genkai-toppa-strike-gundam-figure-28cm\\\/\"]}]},{\"@type\":\"ImageObject\",\"inLanguage\":\"en-GB\",\"@id\":\"https:\\\/\\\/animefigurer.se\\\/figurer\\\/mobile-suit-gundam\\\/mobile-suit-gundam-seed-genkai-toppa-strike-gundam-figure-28cm\\\/#primaryimage\",\"url\":\"https:\\\/\\\/animefigurer.se\\\/wp-content\\\/uploads\\\/2026\\\/05\\\/img_463329_bd6d72067640574f9e6532f26f7e9bb6_1.jpg\",\"contentUrl\":\"https:\\\/\\\/animefigurer.se\\\/wp-content\\\/uploads\\\/2026\\\/05\\\/img_463329_bd6d72067640574f9e6532f26f7e9bb6_1.jpg\",\"width\":1000,\"height\":1000},{\"@type\":\"BreadcrumbList\",\"@id\":\"https:\\\/\\\/animefigurer.se\\\/figurer\\\/mobile-suit-gundam\\\/mobile-suit-gundam-seed-genkai-toppa-strike-gundam-figure-28cm\\\/#breadcrumb\",\"itemListElement\":[{\"@type\":\"ListItem\",\"position\":1,\"name\":\"Home\",\"item\":\"https:\\\/\\\/animefigurer.se\\\/\"},{\"@type\":\"ListItem\",\"position\":2,\"name\":\"Butik\",\"item\":\"https:\\\/\\\/animefigurer.se\\\/figurer\\\/\"},{\"@type\":\"ListItem\",\"position\":3,\"name\":\"Mobile Suit Gundam Seed Genkai Toppa Strike Gundam figure 28cm\"}]},{\"@type\":\"WebSite\",\"@id\":\"https:\\\/\\\/animefigurer.se\\\/#website\",\"url\":\"https:\\\/\\\/animefigurer.se\\\/\",\"name\":\"Animefigurer.se\",\"description\":\"Anime figurer fr\u00e5n \u00f6ver 300 olika anime serier med \u00f6ver 9000 produkter | Anime Shop\",\"publisher\":{\"@id\":\"https:\\\/\\\/animefigurer.se\\\/#organization\"},\"potentialAction\":[{\"@type\":\"SearchAction\",\"target\":{\"@type\":\"EntryPoint\",\"urlTemplate\":\"https:\\\/\\\/animefigurer.se\\\/?s={search_term_string}\"},\"query-input\":{\"@type\":\"PropertyValueSpecification\",\"valueRequired\":true,\"valueName\":\"search_term_string\"}}],\"inLanguage\":\"en-GB\"},{\"@type\":\"Organization\",\"@id\":\"https:\\\/\\\/animefigurer.se\\\/#organization\",\"name\":\"Animefigurer.se\",\"alternateName\":\"Anime figurer | Anime shop\",\"url\":\"https:\\\/\\\/animefigurer.se\\\/\",\"logo\":{\"@type\":\"ImageObject\",\"inLanguage\":\"en-GB\",\"@id\":\"https:\\\/\\\/animefigurer.se\\\/#\\\/schema\\\/logo\\\/image\\\/\",\"url\":\"https:\\\/\\\/animefigurer.se\\\/wp-content\\\/uploads\\\/2025\\\/12\\\/Animefigurer_logowhite.png\",\"contentUrl\":\"https:\\\/\\\/animefigurer.se\\\/wp-content\\\/uploads\\\/2025\\\/12\\\/Animefigurer_logowhite.png\",\"width\":1890,\"height\":1417,\"caption\":\"Animefigurer.se\"},\"image\":{\"@id\":\"https:\\\/\\\/animefigurer.se\\\/#\\\/schema\\\/logo\\\/image\\\/\"},\"sameAs\":[\"https:\\\/\\\/www.facebook.com\\\/profile.php?id=61581826539670\",\"https:\\\/\\\/www.instagram.com\\\/animefigurer.se\\\/\"],\"email\":\"info@animefigurer.se\"}]}<\/script>\n<!-- \/ Yoast SEO Premium plugin. -->","yoast_head_json":{"title":"Mobile Suit Gundam Seed Genkai Toppa Strike Gundam figure 28cm | Animefigurer.se","robots":{"index":"index","follow":"follow","max-snippet":"max-snippet:-1","max-image-preview":"max-image-preview:large","max-video-preview":"max-video-preview:-1"},"canonical":"https:\/\/animefigurer.se\/en\/figurer\/mobile-suit-gundam\/mobile-suit-gundam-seed-genkai-toppa-strike-gundam-figure-28cm\/","og_locale":"en_GB","og_type":"article","og_title":"Mobile Suit Gundam Seed Genkai Toppa Strike Gundam figure 28cm","og_description":"Denna imponerande figur av Strike Gundam fr\u00e5n Mobile Suit Gundam visar den ikoniska mecha-designen i en kraftfull och klassisk pose. Med sin karakteristiska f\u00e4rgs\u00e4ttning och robusta konstruktion f\u00e5ngar figuren essensen av en av seriens mest igenk\u00e4nnbara robotar. Med h\u00f6g detaljniv\u00e5 och noggrant utformade delar \u00e4r denna figur ett utm\u00e4rkt tillskott f\u00f6r b\u00e5de samlare och fans [&hellip;]","og_url":"https:\/\/animefigurer.se\/en\/figurer\/mobile-suit-gundam\/mobile-suit-gundam-seed-genkai-toppa-strike-gundam-figure-28cm\/","og_site_name":"Animefigurer.se","article_publisher":"https:\/\/www.facebook.com\/profile.php?id=61581826539670","article_modified_time":"2026-05-03T12:47:20+00:00","og_image":[{"width":1000,"height":1000,"url":"https:\/\/animefigurer.se\/wp-content\/uploads\/2026\/05\/img_463329_bd6d72067640574f9e6532f26f7e9bb6_1.jpg","type":"image\/jpeg"}],"twitter_card":"summary_large_image","twitter_misc":{"Estimated reading time":"1 minute"},"schema":{"@context":"https:\/\/schema.org","@graph":[{"@type":"WebPage","@id":"https:\/\/animefigurer.se\/figurer\/mobile-suit-gundam\/mobile-suit-gundam-seed-genkai-toppa-strike-gundam-figure-28cm\/","url":"https:\/\/animefigurer.se\/figurer\/mobile-suit-gundam\/mobile-suit-gundam-seed-genkai-toppa-strike-gundam-figure-28cm\/","name":"Mobile Suit Gundam Seed Genkai Toppa Strike Gundam figure 28cm | Animefigurer.se","isPartOf":{"@id":"https:\/\/animefigurer.se\/#website"},"primaryImageOfPage":{"@id":"https:\/\/animefigurer.se\/figurer\/mobile-suit-gundam\/mobile-suit-gundam-seed-genkai-toppa-strike-gundam-figure-28cm\/#primaryimage"},"image":{"@id":"https:\/\/animefigurer.se\/figurer\/mobile-suit-gundam\/mobile-suit-gundam-seed-genkai-toppa-strike-gundam-figure-28cm\/#primaryimage"},"thumbnailUrl":"https:\/\/animefigurer.se\/wp-content\/uploads\/2026\/05\/img_463329_bd6d72067640574f9e6532f26f7e9bb6_1.jpg","datePublished":"2026-05-03T12:24:51+00:00","dateModified":"2026-05-03T12:47:20+00:00","breadcrumb":{"@id":"https:\/\/animefigurer.se\/figurer\/mobile-suit-gundam\/mobile-suit-gundam-seed-genkai-toppa-strike-gundam-figure-28cm\/#breadcrumb"},"inLanguage":"en-GB","potentialAction":[{"@type":"ReadAction","target":["https:\/\/animefigurer.se\/figurer\/mobile-suit-gundam\/mobile-suit-gundam-seed-genkai-toppa-strike-gundam-figure-28cm\/"]}]},{"@type":"ImageObject","inLanguage":"en-GB","@id":"https:\/\/animefigurer.se\/figurer\/mobile-suit-gundam\/mobile-suit-gundam-seed-genkai-toppa-strike-gundam-figure-28cm\/#primaryimage","url":"https:\/\/animefigurer.se\/wp-content\/uploads\/2026\/05\/img_463329_bd6d72067640574f9e6532f26f7e9bb6_1.jpg","contentUrl":"https:\/\/animefigurer.se\/wp-content\/uploads\/2026\/05\/img_463329_bd6d72067640574f9e6532f26f7e9bb6_1.jpg","width":1000,"height":1000},{"@type":"BreadcrumbList","@id":"https:\/\/animefigurer.se\/figurer\/mobile-suit-gundam\/mobile-suit-gundam-seed-genkai-toppa-strike-gundam-figure-28cm\/#breadcrumb","itemListElement":[{"@type":"ListItem","position":1,"name":"Home","item":"https:\/\/animefigurer.se\/"},{"@type":"ListItem","position":2,"name":"Butik","item":"https:\/\/animefigurer.se\/figurer\/"},{"@type":"ListItem","position":3,"name":"Mobile Suit Gundam Seed Genkai Toppa Strike Gundam figure 28cm"}]},{"@type":"WebSite","@id":"https:\/\/animefigurer.se\/#website","url":"https:\/\/animefigurer.se\/","name":"Animefigurer.se","description":"Anime figures from over 300 different anime series with over 9000 products | Anime Shop","publisher":{"@id":"https:\/\/animefigurer.se\/#organization"},"potentialAction":[{"@type":"SearchAction","target":{"@type":"EntryPoint","urlTemplate":"https:\/\/animefigurer.se\/?s={search_term_string}"},"query-input":{"@type":"PropertyValueSpecification","valueRequired":true,"valueName":"search_term_string"}}],"inLanguage":"en-GB"},{"@type":"Organization","@id":"https:\/\/animefigurer.se\/#organization","name":"Animefigurer.se","alternateName":"Anime figurer | Anime shop","url":"https:\/\/animefigurer.se\/","logo":{"@type":"ImageObject","inLanguage":"en-GB","@id":"https:\/\/animefigurer.se\/#\/schema\/logo\/image\/","url":"https:\/\/animefigurer.se\/wp-content\/uploads\/2025\/12\/Animefigurer_logowhite.png","contentUrl":"https:\/\/animefigurer.se\/wp-content\/uploads\/2025\/12\/Animefigurer_logowhite.png","width":1890,"height":1417,"caption":"Animefigurer.se"},"image":{"@id":"https:\/\/animefigurer.se\/#\/schema\/logo\/image\/"},"sameAs":["https:\/\/www.facebook.com\/profile.php?id=61581826539670","https:\/\/www.instagram.com\/animefigurer.se\/"],"email":"info@animefigurer.se"}]}},"_links":{"self":[{"href":"https:\/\/animefigurer.se\/en\/wp-json\/wp\/v2\/product\/102158","targetHints":{"allow":["GET"]}}],"collection":[{"href":"https:\/\/animefigurer.se\/en\/wp-json\/wp\/v2\/product"}],"about":[{"href":"https:\/\/animefigurer.se\/en\/wp-json\/wp\/v2\/types\/product"}],"replies":[{"embeddable":true,"href":"https:\/\/animefigurer.se\/en\/wp-json\/wp\/v2\/comments?post=102158"}],"wp:featuredmedia":[{"embeddable":true,"href":"https:\/\/animefigurer.se\/en\/wp-json\/wp\/v2\/media\/102157"}],"wp:attachment":[{"href":"https:\/\/animefigurer.se\/en\/wp-json\/wp\/v2\/media?parent=102158"}],"wp:term":[{"taxonomy":"product_brand","embeddable":true,"href":"https:\/\/animefigurer.se\/en\/wp-json\/wp\/v2\/product_brand?post=102158"},{"taxonomy":"product_cat","embeddable":true,"href":"https:\/\/animefigurer.se\/en\/wp-json\/wp\/v2\/product_cat?post=102158"},{"taxonomy":"product_tag","embeddable":true,"href":"https:\/\/animefigurer.se\/en\/wp-json\/wp\/v2\/product_tag?post=102158"},{"taxonomy":"giftcard-category","embeddable":true,"href":"https:\/\/animefigurer.se\/en\/wp-json\/wp\/v2\/giftcard-category?post=102158"}],"curies":[{"name":"wp","href":"https:\/\/api.w.org\/{rel}","templated":true}]}}