{"id":101922,"date":"2026-05-03T04:04:55","date_gmt":"2026-05-03T02:04:55","guid":{"rendered":"https:\/\/animefigurer.se\/?post_type=product&#038;p=101922"},"modified":"2026-05-03T14:43:14","modified_gmt":"2026-05-03T12:43:14","slug":"sonic-adventure-2-sonic-the-hedgehog-statue-completed","status":"publish","type":"product","link":"https:\/\/animefigurer.se\/en\/figurer\/sonic-the-hedgehog\/sonic-adventure-2-sonic-the-hedgehog-statue-completed\/","title":{"rendered":"Sonic Adventure 2\/ Sonic the Hedgehog Statue (Completed)"},"content":{"rendered":"<p>Denna staty av Sonic the Hedgehog fr\u00e5n Sonic Adventure 2 visar den ikoniska hj\u00e4lten i en dynamisk pose ovanp\u00e5 en virvlande bl\u00e5 vortex. Figuren \u00e4r inspirerad av spelets originalillustration och f\u00e5ngar Sonics energi, snabbhet och karakt\u00e4ristiska stil.<\/p>\n<p>Ett h\u00f6gkvalitativt samlarobjekt f\u00f6r fans av klassiska videospel och Sonic-serien.<\/p>","protected":false},"excerpt":{"rendered":"<p>Denna staty av Sonic the Hedgehog fr\u00e5n Sonic Adventure 2 visar den ikoniska hj\u00e4lten i en dynamisk pose ovanp\u00e5 en virvlande bl\u00e5 vortex. Figuren \u00e4r inspirerad av spelets originalillustration och f\u00e5ngar Sonics energi, snabbhet och karakt\u00e4ristiska stil. Ett h\u00f6gkvalitativt samlarobjekt f\u00f6r fans av klassiska videospel och Sonic-serien.<\/p>","protected":false},"featured_media":101921,"comment_status":"closed","ping_status":"closed","template":"","meta":{"_acf_changed":false,"_monsterinsights_skip_tracking":false,"_monsterinsights_sitenote_active":false,"_monsterinsights_sitenote_note":"","_monsterinsights_sitenote_category":0},"product_brand":[6986],"product_cat":[4952],"product_tag":[26],"giftcard-category":[],"class_list":{"0":"post-101922","1":"product","2":"type-product","3":"status-publish","4":"has-post-thumbnail","6":"product_brand-first-4-figures","7":"product_cat-sonic-the-hedgehog","8":"product_tag-pre-order","9":"pa_franchise-sonic-the-hedgehog","10":"pa_karaktar-sonic-the-hedgehog","11":"pa_storlek-24-5-cm","13":"first","14":"instock","15":"taxable","16":"shipping-taxable","17":"purchasable","18":"product-type-simple"},"acf":[],"yoast_head":"<!-- This site is optimized with the Yoast SEO Premium plugin v24.6 (Yoast SEO v27.4) - https:\/\/yoast.com\/product\/yoast-seo-premium-wordpress\/ -->\n<title>Sonic Adventure 2\/ Sonic the Hedgehog Statue (Completed) | Animefigurer.se<\/title>\n<meta name=\"robots\" content=\"index, follow, max-snippet:-1, max-image-preview:large, max-video-preview:-1\" \/>\n<link rel=\"canonical\" href=\"https:\/\/animefigurer.se\/en\/figurer\/sonic-the-hedgehog\/sonic-adventure-2-sonic-the-hedgehog-statue-completed\/\" \/>\n<meta property=\"og:locale\" content=\"en_GB\" \/>\n<meta property=\"og:type\" content=\"article\" \/>\n<meta property=\"og:title\" content=\"Sonic Adventure 2\/ Sonic the Hedgehog Statue (Completed)\" \/>\n<meta property=\"og:description\" content=\"Denna staty av Sonic the Hedgehog fr\u00e5n Sonic Adventure 2 visar den ikoniska hj\u00e4lten i en dynamisk pose ovanp\u00e5 en virvlande bl\u00e5 vortex. Figuren \u00e4r inspirerad av spelets originalillustration och f\u00e5ngar Sonics energi, snabbhet och karakt\u00e4ristiska stil. Ett h\u00f6gkvalitativt samlarobjekt f\u00f6r fans av klassiska videospel och Sonic-serien.\" \/>\n<meta property=\"og:url\" content=\"https:\/\/animefigurer.se\/en\/figurer\/sonic-the-hedgehog\/sonic-adventure-2-sonic-the-hedgehog-statue-completed\/\" \/>\n<meta property=\"og:site_name\" content=\"Animefigurer.se\" \/>\n<meta property=\"article:publisher\" content=\"https:\/\/www.facebook.com\/profile.php?id=61581826539670\" \/>\n<meta property=\"article:modified_time\" content=\"2026-05-03T12:43:14+00:00\" \/>\n<meta property=\"og:image\" content=\"https:\/\/animefigurer.se\/wp-content\/uploads\/2026\/05\/11378674a.jpg\" \/>\n\t<meta property=\"og:image:width\" content=\"1200\" \/>\n\t<meta property=\"og:image:height\" content=\"880\" \/>\n\t<meta property=\"og:image:type\" content=\"image\/jpeg\" \/>\n<meta name=\"twitter:card\" content=\"summary_large_image\" \/>\n<meta name=\"twitter:label1\" content=\"Estimated reading time\" \/>\n\t<meta name=\"twitter:data1\" content=\"1 minute\" \/>\n<script type=\"application\/ld+json\" class=\"yoast-schema-graph\">{\"@context\":\"https:\\\/\\\/schema.org\",\"@graph\":[{\"@type\":\"WebPage\",\"@id\":\"https:\\\/\\\/animefigurer.se\\\/figurer\\\/sonic-the-hedgehog\\\/sonic-adventure-2-sonic-the-hedgehog-statue-completed\\\/\",\"url\":\"https:\\\/\\\/animefigurer.se\\\/figurer\\\/sonic-the-hedgehog\\\/sonic-adventure-2-sonic-the-hedgehog-statue-completed\\\/\",\"name\":\"Sonic Adventure 2\\\/ Sonic the Hedgehog Statue (Completed) | Animefigurer.se\",\"isPartOf\":{\"@id\":\"https:\\\/\\\/animefigurer.se\\\/#website\"},\"primaryImageOfPage\":{\"@id\":\"https:\\\/\\\/animefigurer.se\\\/figurer\\\/sonic-the-hedgehog\\\/sonic-adventure-2-sonic-the-hedgehog-statue-completed\\\/#primaryimage\"},\"image\":{\"@id\":\"https:\\\/\\\/animefigurer.se\\\/figurer\\\/sonic-the-hedgehog\\\/sonic-adventure-2-sonic-the-hedgehog-statue-completed\\\/#primaryimage\"},\"thumbnailUrl\":\"https:\\\/\\\/animefigurer.se\\\/wp-content\\\/uploads\\\/2026\\\/05\\\/11378674a.jpg\",\"datePublished\":\"2026-05-03T02:04:55+00:00\",\"dateModified\":\"2026-05-03T12:43:14+00:00\",\"breadcrumb\":{\"@id\":\"https:\\\/\\\/animefigurer.se\\\/figurer\\\/sonic-the-hedgehog\\\/sonic-adventure-2-sonic-the-hedgehog-statue-completed\\\/#breadcrumb\"},\"inLanguage\":\"en-GB\",\"potentialAction\":[{\"@type\":\"ReadAction\",\"target\":[\"https:\\\/\\\/animefigurer.se\\\/figurer\\\/sonic-the-hedgehog\\\/sonic-adventure-2-sonic-the-hedgehog-statue-completed\\\/\"]}]},{\"@type\":\"ImageObject\",\"inLanguage\":\"en-GB\",\"@id\":\"https:\\\/\\\/animefigurer.se\\\/figurer\\\/sonic-the-hedgehog\\\/sonic-adventure-2-sonic-the-hedgehog-statue-completed\\\/#primaryimage\",\"url\":\"https:\\\/\\\/animefigurer.se\\\/wp-content\\\/uploads\\\/2026\\\/05\\\/11378674a.jpg\",\"contentUrl\":\"https:\\\/\\\/animefigurer.se\\\/wp-content\\\/uploads\\\/2026\\\/05\\\/11378674a.jpg\",\"width\":1200,\"height\":880},{\"@type\":\"BreadcrumbList\",\"@id\":\"https:\\\/\\\/animefigurer.se\\\/figurer\\\/sonic-the-hedgehog\\\/sonic-adventure-2-sonic-the-hedgehog-statue-completed\\\/#breadcrumb\",\"itemListElement\":[{\"@type\":\"ListItem\",\"position\":1,\"name\":\"Home\",\"item\":\"https:\\\/\\\/animefigurer.se\\\/\"},{\"@type\":\"ListItem\",\"position\":2,\"name\":\"Butik\",\"item\":\"https:\\\/\\\/animefigurer.se\\\/figurer\\\/\"},{\"@type\":\"ListItem\",\"position\":3,\"name\":\"Sonic Adventure 2\\\/ Sonic the Hedgehog Statue (Completed)\"}]},{\"@type\":\"WebSite\",\"@id\":\"https:\\\/\\\/animefigurer.se\\\/#website\",\"url\":\"https:\\\/\\\/animefigurer.se\\\/\",\"name\":\"Animefigurer.se\",\"description\":\"Anime figurer fr\u00e5n \u00f6ver 300 olika anime serier med \u00f6ver 9000 produkter | Anime Shop\",\"publisher\":{\"@id\":\"https:\\\/\\\/animefigurer.se\\\/#organization\"},\"potentialAction\":[{\"@type\":\"SearchAction\",\"target\":{\"@type\":\"EntryPoint\",\"urlTemplate\":\"https:\\\/\\\/animefigurer.se\\\/?s={search_term_string}\"},\"query-input\":{\"@type\":\"PropertyValueSpecification\",\"valueRequired\":true,\"valueName\":\"search_term_string\"}}],\"inLanguage\":\"en-GB\"},{\"@type\":\"Organization\",\"@id\":\"https:\\\/\\\/animefigurer.se\\\/#organization\",\"name\":\"Animefigurer.se\",\"alternateName\":\"Anime figurer | Anime shop\",\"url\":\"https:\\\/\\\/animefigurer.se\\\/\",\"logo\":{\"@type\":\"ImageObject\",\"inLanguage\":\"en-GB\",\"@id\":\"https:\\\/\\\/animefigurer.se\\\/#\\\/schema\\\/logo\\\/image\\\/\",\"url\":\"https:\\\/\\\/animefigurer.se\\\/wp-content\\\/uploads\\\/2025\\\/12\\\/Animefigurer_logowhite.png\",\"contentUrl\":\"https:\\\/\\\/animefigurer.se\\\/wp-content\\\/uploads\\\/2025\\\/12\\\/Animefigurer_logowhite.png\",\"width\":1890,\"height\":1417,\"caption\":\"Animefigurer.se\"},\"image\":{\"@id\":\"https:\\\/\\\/animefigurer.se\\\/#\\\/schema\\\/logo\\\/image\\\/\"},\"sameAs\":[\"https:\\\/\\\/www.facebook.com\\\/profile.php?id=61581826539670\",\"https:\\\/\\\/www.instagram.com\\\/animefigurer.se\\\/\"],\"email\":\"info@animefigurer.se\"}]}<\/script>\n<!-- \/ Yoast SEO Premium plugin. -->","yoast_head_json":{"title":"Sonic Adventure 2\/ Sonic the Hedgehog Statue (Completed) | Animefigurer.se","robots":{"index":"index","follow":"follow","max-snippet":"max-snippet:-1","max-image-preview":"max-image-preview:large","max-video-preview":"max-video-preview:-1"},"canonical":"https:\/\/animefigurer.se\/en\/figurer\/sonic-the-hedgehog\/sonic-adventure-2-sonic-the-hedgehog-statue-completed\/","og_locale":"en_GB","og_type":"article","og_title":"Sonic Adventure 2\/ Sonic the Hedgehog Statue (Completed)","og_description":"Denna staty av Sonic the Hedgehog fr\u00e5n Sonic Adventure 2 visar den ikoniska hj\u00e4lten i en dynamisk pose ovanp\u00e5 en virvlande bl\u00e5 vortex. Figuren \u00e4r inspirerad av spelets originalillustration och f\u00e5ngar Sonics energi, snabbhet och karakt\u00e4ristiska stil. Ett h\u00f6gkvalitativt samlarobjekt f\u00f6r fans av klassiska videospel och Sonic-serien.","og_url":"https:\/\/animefigurer.se\/en\/figurer\/sonic-the-hedgehog\/sonic-adventure-2-sonic-the-hedgehog-statue-completed\/","og_site_name":"Animefigurer.se","article_publisher":"https:\/\/www.facebook.com\/profile.php?id=61581826539670","article_modified_time":"2026-05-03T12:43:14+00:00","og_image":[{"width":1200,"height":880,"url":"https:\/\/animefigurer.se\/wp-content\/uploads\/2026\/05\/11378674a.jpg","type":"image\/jpeg"}],"twitter_card":"summary_large_image","twitter_misc":{"Estimated reading time":"1 minute"},"schema":{"@context":"https:\/\/schema.org","@graph":[{"@type":"WebPage","@id":"https:\/\/animefigurer.se\/figurer\/sonic-the-hedgehog\/sonic-adventure-2-sonic-the-hedgehog-statue-completed\/","url":"https:\/\/animefigurer.se\/figurer\/sonic-the-hedgehog\/sonic-adventure-2-sonic-the-hedgehog-statue-completed\/","name":"Sonic Adventure 2\/ Sonic the Hedgehog Statue (Completed) | Animefigurer.se","isPartOf":{"@id":"https:\/\/animefigurer.se\/#website"},"primaryImageOfPage":{"@id":"https:\/\/animefigurer.se\/figurer\/sonic-the-hedgehog\/sonic-adventure-2-sonic-the-hedgehog-statue-completed\/#primaryimage"},"image":{"@id":"https:\/\/animefigurer.se\/figurer\/sonic-the-hedgehog\/sonic-adventure-2-sonic-the-hedgehog-statue-completed\/#primaryimage"},"thumbnailUrl":"https:\/\/animefigurer.se\/wp-content\/uploads\/2026\/05\/11378674a.jpg","datePublished":"2026-05-03T02:04:55+00:00","dateModified":"2026-05-03T12:43:14+00:00","breadcrumb":{"@id":"https:\/\/animefigurer.se\/figurer\/sonic-the-hedgehog\/sonic-adventure-2-sonic-the-hedgehog-statue-completed\/#breadcrumb"},"inLanguage":"en-GB","potentialAction":[{"@type":"ReadAction","target":["https:\/\/animefigurer.se\/figurer\/sonic-the-hedgehog\/sonic-adventure-2-sonic-the-hedgehog-statue-completed\/"]}]},{"@type":"ImageObject","inLanguage":"en-GB","@id":"https:\/\/animefigurer.se\/figurer\/sonic-the-hedgehog\/sonic-adventure-2-sonic-the-hedgehog-statue-completed\/#primaryimage","url":"https:\/\/animefigurer.se\/wp-content\/uploads\/2026\/05\/11378674a.jpg","contentUrl":"https:\/\/animefigurer.se\/wp-content\/uploads\/2026\/05\/11378674a.jpg","width":1200,"height":880},{"@type":"BreadcrumbList","@id":"https:\/\/animefigurer.se\/figurer\/sonic-the-hedgehog\/sonic-adventure-2-sonic-the-hedgehog-statue-completed\/#breadcrumb","itemListElement":[{"@type":"ListItem","position":1,"name":"Home","item":"https:\/\/animefigurer.se\/"},{"@type":"ListItem","position":2,"name":"Butik","item":"https:\/\/animefigurer.se\/figurer\/"},{"@type":"ListItem","position":3,"name":"Sonic Adventure 2\/ Sonic the Hedgehog Statue (Completed)"}]},{"@type":"WebSite","@id":"https:\/\/animefigurer.se\/#website","url":"https:\/\/animefigurer.se\/","name":"Animefigurer.se","description":"Anime figures from over 300 different anime series with over 9000 products | Anime Shop","publisher":{"@id":"https:\/\/animefigurer.se\/#organization"},"potentialAction":[{"@type":"SearchAction","target":{"@type":"EntryPoint","urlTemplate":"https:\/\/animefigurer.se\/?s={search_term_string}"},"query-input":{"@type":"PropertyValueSpecification","valueRequired":true,"valueName":"search_term_string"}}],"inLanguage":"en-GB"},{"@type":"Organization","@id":"https:\/\/animefigurer.se\/#organization","name":"Animefigurer.se","alternateName":"Anime figurer | Anime shop","url":"https:\/\/animefigurer.se\/","logo":{"@type":"ImageObject","inLanguage":"en-GB","@id":"https:\/\/animefigurer.se\/#\/schema\/logo\/image\/","url":"https:\/\/animefigurer.se\/wp-content\/uploads\/2025\/12\/Animefigurer_logowhite.png","contentUrl":"https:\/\/animefigurer.se\/wp-content\/uploads\/2025\/12\/Animefigurer_logowhite.png","width":1890,"height":1417,"caption":"Animefigurer.se"},"image":{"@id":"https:\/\/animefigurer.se\/#\/schema\/logo\/image\/"},"sameAs":["https:\/\/www.facebook.com\/profile.php?id=61581826539670","https:\/\/www.instagram.com\/animefigurer.se\/"],"email":"info@animefigurer.se"}]}},"_links":{"self":[{"href":"https:\/\/animefigurer.se\/en\/wp-json\/wp\/v2\/product\/101922","targetHints":{"allow":["GET"]}}],"collection":[{"href":"https:\/\/animefigurer.se\/en\/wp-json\/wp\/v2\/product"}],"about":[{"href":"https:\/\/animefigurer.se\/en\/wp-json\/wp\/v2\/types\/product"}],"replies":[{"embeddable":true,"href":"https:\/\/animefigurer.se\/en\/wp-json\/wp\/v2\/comments?post=101922"}],"wp:featuredmedia":[{"embeddable":true,"href":"https:\/\/animefigurer.se\/en\/wp-json\/wp\/v2\/media\/101921"}],"wp:attachment":[{"href":"https:\/\/animefigurer.se\/en\/wp-json\/wp\/v2\/media?parent=101922"}],"wp:term":[{"taxonomy":"product_brand","embeddable":true,"href":"https:\/\/animefigurer.se\/en\/wp-json\/wp\/v2\/product_brand?post=101922"},{"taxonomy":"product_cat","embeddable":true,"href":"https:\/\/animefigurer.se\/en\/wp-json\/wp\/v2\/product_cat?post=101922"},{"taxonomy":"product_tag","embeddable":true,"href":"https:\/\/animefigurer.se\/en\/wp-json\/wp\/v2\/product_tag?post=101922"},{"taxonomy":"giftcard-category","embeddable":true,"href":"https:\/\/animefigurer.se\/en\/wp-json\/wp\/v2\/giftcard-category?post=101922"}],"curies":[{"name":"wp","href":"https:\/\/api.w.org\/{rel}","templated":true}]}}