{"id":101748,"date":"2026-05-03T04:02:28","date_gmt":"2026-05-03T02:02:28","guid":{"rendered":"https:\/\/animefigurer.se\/?post_type=product&#038;p=101748"},"modified":"2026-05-03T14:30:44","modified_gmt":"2026-05-03T12:30:44","slug":"azur-lane-kearsarge-nightpool","status":"publish","type":"product","link":"https:\/\/animefigurer.se\/en\/figurer\/18\/azur-lane-kearsarge-nightpool\/","title":{"rendered":"Azur Lane Kearsarge: Nightpool"},"content":{"rendered":"<p>Denna detaljerade 1\/6-skala figur av Kearsarge fr\u00e5n Azur Lane visar henne i en elegant baddr\u00e4kt med subtila f\u00e4rg\u00f6verg\u00e5ngar och noggrant skulpterade detaljer. Hennes karakteristiska uttryck och l\u00e5nga h\u00e5r har \u00e5terskapats med h\u00f6g precision f\u00f6r ett livfullt samlarobjekt.<\/p>\n<p>Med en h\u00f6jd p\u00e5 cirka 28 cm kombinerar figuren stilren design med h\u00f6gkvalitativ m\u00e5lning och \u00e4r ett utm\u00e4rkt tillskott f\u00f6r samlare.<\/p>","protected":false},"excerpt":{"rendered":"<p>Denna detaljerade 1\/6-skala figur av Kearsarge fr\u00e5n Azur Lane visar henne i en elegant baddr\u00e4kt med subtila f\u00e4rg\u00f6verg\u00e5ngar och noggrant skulpterade detaljer. Hennes karakteristiska uttryck och l\u00e5nga h\u00e5r har \u00e5terskapats med h\u00f6g precision f\u00f6r ett livfullt samlarobjekt. Med en h\u00f6jd p\u00e5 cirka 28 cm kombinerar figuren stilren design med h\u00f6gkvalitativ m\u00e5lning och \u00e4r ett utm\u00e4rkt [&hellip;]<\/p>\n","protected":false},"featured_media":101747,"comment_status":"closed","ping_status":"closed","template":"","meta":{"_acf_changed":false,"_monsterinsights_skip_tracking":false,"_monsterinsights_sitenote_active":false,"_monsterinsights_sitenote_note":"","_monsterinsights_sitenote_category":0},"product_brand":[7050],"product_cat":[23,727],"product_tag":[26],"giftcard-category":[],"class_list":{"0":"post-101748","1":"product","2":"type-product","3":"status-publish","4":"has-post-thumbnail","6":"product_brand-luminous-box","7":"product_cat-23","8":"product_cat-azur-lane","9":"product_tag-pre-order","10":"pa_franchise-azur-lane","11":"pa_karaktar-kearsarge","12":"pa_material-plastic","13":"pa_skala-41","14":"pa_storlek-28-cm","16":"first","17":"instock","18":"taxable","19":"shipping-taxable","20":"purchasable","21":"product-type-simple"},"acf":[],"yoast_head":"<!-- This site is optimized with the Yoast SEO Premium plugin v24.6 (Yoast SEO v27.4) - https:\/\/yoast.com\/product\/yoast-seo-premium-wordpress\/ -->\n<title>Azur Lane Kearsarge: Nightpool | Animefigurer.se<\/title>\n<meta name=\"robots\" content=\"index, follow, max-snippet:-1, max-image-preview:large, max-video-preview:-1\" \/>\n<link rel=\"canonical\" href=\"https:\/\/animefigurer.se\/en\/figurer\/18\/azur-lane-kearsarge-nightpool\/\" \/>\n<meta property=\"og:locale\" content=\"en_GB\" \/>\n<meta property=\"og:type\" content=\"article\" \/>\n<meta property=\"og:title\" content=\"Azur Lane Kearsarge: Nightpool\" \/>\n<meta property=\"og:description\" content=\"Denna detaljerade 1\/6-skala figur av Kearsarge fr\u00e5n Azur Lane visar henne i en elegant baddr\u00e4kt med subtila f\u00e4rg\u00f6verg\u00e5ngar och noggrant skulpterade detaljer. Hennes karakteristiska uttryck och l\u00e5nga h\u00e5r har \u00e5terskapats med h\u00f6g precision f\u00f6r ett livfullt samlarobjekt. Med en h\u00f6jd p\u00e5 cirka 28 cm kombinerar figuren stilren design med h\u00f6gkvalitativ m\u00e5lning och \u00e4r ett utm\u00e4rkt [&hellip;]\" \/>\n<meta property=\"og:url\" content=\"https:\/\/animefigurer.se\/en\/figurer\/18\/azur-lane-kearsarge-nightpool\/\" \/>\n<meta property=\"og:site_name\" content=\"Animefigurer.se\" \/>\n<meta property=\"article:publisher\" content=\"https:\/\/www.facebook.com\/profile.php?id=61581826539670\" \/>\n<meta property=\"article:modified_time\" content=\"2026-05-03T12:30:44+00:00\" \/>\n<meta property=\"og:image\" content=\"https:\/\/animefigurer.se\/wp-content\/uploads\/2026\/05\/aHUsrFbmzDpKw8Zkyg7G10Lni4RCWMqT.jpg\" \/>\n\t<meta property=\"og:image:width\" content=\"750\" \/>\n\t<meta property=\"og:image:height\" content=\"1125\" \/>\n\t<meta property=\"og:image:type\" content=\"image\/jpeg\" \/>\n<meta name=\"twitter:card\" content=\"summary_large_image\" \/>\n<meta name=\"twitter:label1\" content=\"Estimated reading time\" \/>\n\t<meta name=\"twitter:data1\" content=\"1 minute\" \/>\n<script type=\"application\/ld+json\" class=\"yoast-schema-graph\">{\"@context\":\"https:\\\/\\\/schema.org\",\"@graph\":[{\"@type\":\"WebPage\",\"@id\":\"https:\\\/\\\/animefigurer.se\\\/figurer\\\/18\\\/azur-lane-kearsarge-nightpool\\\/\",\"url\":\"https:\\\/\\\/animefigurer.se\\\/figurer\\\/18\\\/azur-lane-kearsarge-nightpool\\\/\",\"name\":\"Azur Lane Kearsarge: Nightpool | Animefigurer.se\",\"isPartOf\":{\"@id\":\"https:\\\/\\\/animefigurer.se\\\/#website\"},\"primaryImageOfPage\":{\"@id\":\"https:\\\/\\\/animefigurer.se\\\/figurer\\\/18\\\/azur-lane-kearsarge-nightpool\\\/#primaryimage\"},\"image\":{\"@id\":\"https:\\\/\\\/animefigurer.se\\\/figurer\\\/18\\\/azur-lane-kearsarge-nightpool\\\/#primaryimage\"},\"thumbnailUrl\":\"https:\\\/\\\/animefigurer.se\\\/wp-content\\\/uploads\\\/2026\\\/05\\\/aHUsrFbmzDpKw8Zkyg7G10Lni4RCWMqT.jpg\",\"datePublished\":\"2026-05-03T02:02:28+00:00\",\"dateModified\":\"2026-05-03T12:30:44+00:00\",\"breadcrumb\":{\"@id\":\"https:\\\/\\\/animefigurer.se\\\/figurer\\\/18\\\/azur-lane-kearsarge-nightpool\\\/#breadcrumb\"},\"inLanguage\":\"en-GB\",\"potentialAction\":[{\"@type\":\"ReadAction\",\"target\":[\"https:\\\/\\\/animefigurer.se\\\/figurer\\\/18\\\/azur-lane-kearsarge-nightpool\\\/\"]}]},{\"@type\":\"ImageObject\",\"inLanguage\":\"en-GB\",\"@id\":\"https:\\\/\\\/animefigurer.se\\\/figurer\\\/18\\\/azur-lane-kearsarge-nightpool\\\/#primaryimage\",\"url\":\"https:\\\/\\\/animefigurer.se\\\/wp-content\\\/uploads\\\/2026\\\/05\\\/aHUsrFbmzDpKw8Zkyg7G10Lni4RCWMqT.jpg\",\"contentUrl\":\"https:\\\/\\\/animefigurer.se\\\/wp-content\\\/uploads\\\/2026\\\/05\\\/aHUsrFbmzDpKw8Zkyg7G10Lni4RCWMqT.jpg\",\"width\":750,\"height\":1125},{\"@type\":\"BreadcrumbList\",\"@id\":\"https:\\\/\\\/animefigurer.se\\\/figurer\\\/18\\\/azur-lane-kearsarge-nightpool\\\/#breadcrumb\",\"itemListElement\":[{\"@type\":\"ListItem\",\"position\":1,\"name\":\"Home\",\"item\":\"https:\\\/\\\/animefigurer.se\\\/\"},{\"@type\":\"ListItem\",\"position\":2,\"name\":\"Butik\",\"item\":\"https:\\\/\\\/animefigurer.se\\\/figurer\\\/\"},{\"@type\":\"ListItem\",\"position\":3,\"name\":\"Azur Lane Kearsarge: Nightpool\"}]},{\"@type\":\"WebSite\",\"@id\":\"https:\\\/\\\/animefigurer.se\\\/#website\",\"url\":\"https:\\\/\\\/animefigurer.se\\\/\",\"name\":\"Animefigurer.se\",\"description\":\"Anime figurer fr\u00e5n \u00f6ver 300 olika anime serier med \u00f6ver 9000 produkter | Anime Shop\",\"publisher\":{\"@id\":\"https:\\\/\\\/animefigurer.se\\\/#organization\"},\"potentialAction\":[{\"@type\":\"SearchAction\",\"target\":{\"@type\":\"EntryPoint\",\"urlTemplate\":\"https:\\\/\\\/animefigurer.se\\\/?s={search_term_string}\"},\"query-input\":{\"@type\":\"PropertyValueSpecification\",\"valueRequired\":true,\"valueName\":\"search_term_string\"}}],\"inLanguage\":\"en-GB\"},{\"@type\":\"Organization\",\"@id\":\"https:\\\/\\\/animefigurer.se\\\/#organization\",\"name\":\"Animefigurer.se\",\"alternateName\":\"Anime figurer | Anime shop\",\"url\":\"https:\\\/\\\/animefigurer.se\\\/\",\"logo\":{\"@type\":\"ImageObject\",\"inLanguage\":\"en-GB\",\"@id\":\"https:\\\/\\\/animefigurer.se\\\/#\\\/schema\\\/logo\\\/image\\\/\",\"url\":\"https:\\\/\\\/animefigurer.se\\\/wp-content\\\/uploads\\\/2025\\\/12\\\/Animefigurer_logowhite.png\",\"contentUrl\":\"https:\\\/\\\/animefigurer.se\\\/wp-content\\\/uploads\\\/2025\\\/12\\\/Animefigurer_logowhite.png\",\"width\":1890,\"height\":1417,\"caption\":\"Animefigurer.se\"},\"image\":{\"@id\":\"https:\\\/\\\/animefigurer.se\\\/#\\\/schema\\\/logo\\\/image\\\/\"},\"sameAs\":[\"https:\\\/\\\/www.facebook.com\\\/profile.php?id=61581826539670\",\"https:\\\/\\\/www.instagram.com\\\/animefigurer.se\\\/\"],\"email\":\"info@animefigurer.se\"}]}<\/script>\n<!-- \/ Yoast SEO Premium plugin. -->","yoast_head_json":{"title":"Azur Lane Kearsarge: Nightpool | Animefigurer.se","robots":{"index":"index","follow":"follow","max-snippet":"max-snippet:-1","max-image-preview":"max-image-preview:large","max-video-preview":"max-video-preview:-1"},"canonical":"https:\/\/animefigurer.se\/en\/figurer\/18\/azur-lane-kearsarge-nightpool\/","og_locale":"en_GB","og_type":"article","og_title":"Azur Lane Kearsarge: Nightpool","og_description":"Denna detaljerade 1\/6-skala figur av Kearsarge fr\u00e5n Azur Lane visar henne i en elegant baddr\u00e4kt med subtila f\u00e4rg\u00f6verg\u00e5ngar och noggrant skulpterade detaljer. Hennes karakteristiska uttryck och l\u00e5nga h\u00e5r har \u00e5terskapats med h\u00f6g precision f\u00f6r ett livfullt samlarobjekt. Med en h\u00f6jd p\u00e5 cirka 28 cm kombinerar figuren stilren design med h\u00f6gkvalitativ m\u00e5lning och \u00e4r ett utm\u00e4rkt [&hellip;]","og_url":"https:\/\/animefigurer.se\/en\/figurer\/18\/azur-lane-kearsarge-nightpool\/","og_site_name":"Animefigurer.se","article_publisher":"https:\/\/www.facebook.com\/profile.php?id=61581826539670","article_modified_time":"2026-05-03T12:30:44+00:00","og_image":[{"width":750,"height":1125,"url":"https:\/\/animefigurer.se\/wp-content\/uploads\/2026\/05\/aHUsrFbmzDpKw8Zkyg7G10Lni4RCWMqT.jpg","type":"image\/jpeg"}],"twitter_card":"summary_large_image","twitter_misc":{"Estimated reading time":"1 minute"},"schema":{"@context":"https:\/\/schema.org","@graph":[{"@type":"WebPage","@id":"https:\/\/animefigurer.se\/figurer\/18\/azur-lane-kearsarge-nightpool\/","url":"https:\/\/animefigurer.se\/figurer\/18\/azur-lane-kearsarge-nightpool\/","name":"Azur Lane Kearsarge: Nightpool | Animefigurer.se","isPartOf":{"@id":"https:\/\/animefigurer.se\/#website"},"primaryImageOfPage":{"@id":"https:\/\/animefigurer.se\/figurer\/18\/azur-lane-kearsarge-nightpool\/#primaryimage"},"image":{"@id":"https:\/\/animefigurer.se\/figurer\/18\/azur-lane-kearsarge-nightpool\/#primaryimage"},"thumbnailUrl":"https:\/\/animefigurer.se\/wp-content\/uploads\/2026\/05\/aHUsrFbmzDpKw8Zkyg7G10Lni4RCWMqT.jpg","datePublished":"2026-05-03T02:02:28+00:00","dateModified":"2026-05-03T12:30:44+00:00","breadcrumb":{"@id":"https:\/\/animefigurer.se\/figurer\/18\/azur-lane-kearsarge-nightpool\/#breadcrumb"},"inLanguage":"en-GB","potentialAction":[{"@type":"ReadAction","target":["https:\/\/animefigurer.se\/figurer\/18\/azur-lane-kearsarge-nightpool\/"]}]},{"@type":"ImageObject","inLanguage":"en-GB","@id":"https:\/\/animefigurer.se\/figurer\/18\/azur-lane-kearsarge-nightpool\/#primaryimage","url":"https:\/\/animefigurer.se\/wp-content\/uploads\/2026\/05\/aHUsrFbmzDpKw8Zkyg7G10Lni4RCWMqT.jpg","contentUrl":"https:\/\/animefigurer.se\/wp-content\/uploads\/2026\/05\/aHUsrFbmzDpKw8Zkyg7G10Lni4RCWMqT.jpg","width":750,"height":1125},{"@type":"BreadcrumbList","@id":"https:\/\/animefigurer.se\/figurer\/18\/azur-lane-kearsarge-nightpool\/#breadcrumb","itemListElement":[{"@type":"ListItem","position":1,"name":"Home","item":"https:\/\/animefigurer.se\/"},{"@type":"ListItem","position":2,"name":"Butik","item":"https:\/\/animefigurer.se\/figurer\/"},{"@type":"ListItem","position":3,"name":"Azur Lane Kearsarge: Nightpool"}]},{"@type":"WebSite","@id":"https:\/\/animefigurer.se\/#website","url":"https:\/\/animefigurer.se\/","name":"Animefigurer.se","description":"Anime figures from over 300 different anime series with over 9000 products | Anime Shop","publisher":{"@id":"https:\/\/animefigurer.se\/#organization"},"potentialAction":[{"@type":"SearchAction","target":{"@type":"EntryPoint","urlTemplate":"https:\/\/animefigurer.se\/?s={search_term_string}"},"query-input":{"@type":"PropertyValueSpecification","valueRequired":true,"valueName":"search_term_string"}}],"inLanguage":"en-GB"},{"@type":"Organization","@id":"https:\/\/animefigurer.se\/#organization","name":"Animefigurer.se","alternateName":"Anime figurer | Anime shop","url":"https:\/\/animefigurer.se\/","logo":{"@type":"ImageObject","inLanguage":"en-GB","@id":"https:\/\/animefigurer.se\/#\/schema\/logo\/image\/","url":"https:\/\/animefigurer.se\/wp-content\/uploads\/2025\/12\/Animefigurer_logowhite.png","contentUrl":"https:\/\/animefigurer.se\/wp-content\/uploads\/2025\/12\/Animefigurer_logowhite.png","width":1890,"height":1417,"caption":"Animefigurer.se"},"image":{"@id":"https:\/\/animefigurer.se\/#\/schema\/logo\/image\/"},"sameAs":["https:\/\/www.facebook.com\/profile.php?id=61581826539670","https:\/\/www.instagram.com\/animefigurer.se\/"],"email":"info@animefigurer.se"}]}},"_links":{"self":[{"href":"https:\/\/animefigurer.se\/en\/wp-json\/wp\/v2\/product\/101748","targetHints":{"allow":["GET"]}}],"collection":[{"href":"https:\/\/animefigurer.se\/en\/wp-json\/wp\/v2\/product"}],"about":[{"href":"https:\/\/animefigurer.se\/en\/wp-json\/wp\/v2\/types\/product"}],"replies":[{"embeddable":true,"href":"https:\/\/animefigurer.se\/en\/wp-json\/wp\/v2\/comments?post=101748"}],"wp:featuredmedia":[{"embeddable":true,"href":"https:\/\/animefigurer.se\/en\/wp-json\/wp\/v2\/media\/101747"}],"wp:attachment":[{"href":"https:\/\/animefigurer.se\/en\/wp-json\/wp\/v2\/media?parent=101748"}],"wp:term":[{"taxonomy":"product_brand","embeddable":true,"href":"https:\/\/animefigurer.se\/en\/wp-json\/wp\/v2\/product_brand?post=101748"},{"taxonomy":"product_cat","embeddable":true,"href":"https:\/\/animefigurer.se\/en\/wp-json\/wp\/v2\/product_cat?post=101748"},{"taxonomy":"product_tag","embeddable":true,"href":"https:\/\/animefigurer.se\/en\/wp-json\/wp\/v2\/product_tag?post=101748"},{"taxonomy":"giftcard-category","embeddable":true,"href":"https:\/\/animefigurer.se\/en\/wp-json\/wp\/v2\/giftcard-category?post=101748"}],"curies":[{"name":"wp","href":"https:\/\/api.w.org\/{rel}","templated":true}]}}