{"id":101636,"date":"2026-05-02T09:57:46","date_gmt":"2026-05-02T07:57:46","guid":{"rendered":"https:\/\/animefigurer.se\/?post_type=product&#038;p=101636"},"modified":"2026-05-03T14:48:31","modified_gmt":"2026-05-03T12:48:31","slug":"my-hero-academia-maximatic-pvc-figure-katsuki-bakugo-the-beginning-21-cm","status":"publish","type":"product","link":"https:\/\/animefigurer.se\/en\/figurer\/my-hero-academia-figurer-hero-samlarfigurer\/my-hero-academia-maximatic-pvc-figure-katsuki-bakugo-the-beginning-21-cm\/","title":{"rendered":"My Hero Academia Maximatic PVC Figure Katsuki Bakugo (The Beginning) 21 cm"},"content":{"rendered":"<p>Denna kraftfulla PVC-figur fr\u00e5n Maximatic-serien f\u00f6rest\u00e4ller Katsuki Bakugo fr\u00e5n My Hero Academia i en sj\u00e4lvs\u00e4ker och explosiv pose fr\u00e5n hans tidiga utveckling som hj\u00e4lte. Figuren \u00e4r cirka 21 cm h\u00f6g och har detaljerad skulptering som f\u00e5ngar hans intensiva uttryck och ikoniska kostym.<\/p>\n<p>Ett m\u00e5ste f\u00f6r fans av serien som vill komplettera sin samling med en av de mest dynamiska karakt\u00e4rerna.<\/p>","protected":false},"excerpt":{"rendered":"<p>Denna kraftfulla PVC-figur fr\u00e5n Maximatic-serien f\u00f6rest\u00e4ller Katsuki Bakugo fr\u00e5n My Hero Academia i en sj\u00e4lvs\u00e4ker och explosiv pose fr\u00e5n hans tidiga utveckling som hj\u00e4lte. Figuren \u00e4r cirka 21 cm h\u00f6g och har detaljerad skulptering som f\u00e5ngar hans intensiva uttryck och ikoniska kostym. Ett m\u00e5ste f\u00f6r fans av serien som vill komplettera sin samling med en [&hellip;]<\/p>\n","protected":false},"featured_media":101691,"comment_status":"closed","ping_status":"closed","template":"","meta":{"_acf_changed":false,"_monsterinsights_skip_tracking":false,"_monsterinsights_sitenote_active":false,"_monsterinsights_sitenote_note":"","_monsterinsights_sitenote_category":0},"product_brand":[6928],"product_cat":[3902],"product_tag":[26],"giftcard-category":[],"class_list":{"0":"post-101636","1":"product","2":"type-product","3":"status-publish","4":"has-post-thumbnail","6":"product_brand-banpresto","7":"product_cat-my-hero-academia-figurer-hero-samlarfigurer","8":"product_tag-pre-order","9":"pa_franchise-my-hero-academia","10":"pa_karaktar-katsuki-bakugo","11":"pa_material-pvc","12":"pa_produktserie-maximatic","13":"pa_storlek-21-cm","15":"first","16":"instock","17":"taxable","18":"shipping-taxable","19":"purchasable","20":"product-type-simple"},"acf":[],"yoast_head":"<!-- This site is optimized with the Yoast SEO Premium plugin v24.6 (Yoast SEO v27.4) - https:\/\/yoast.com\/product\/yoast-seo-premium-wordpress\/ -->\n<title>My Hero Academia Maximatic PVC Figure Katsuki Bakugo (The Beginning) 21 cm | Animefigurer.se<\/title>\n<meta name=\"robots\" content=\"index, follow, max-snippet:-1, max-image-preview:large, max-video-preview:-1\" \/>\n<link rel=\"canonical\" href=\"https:\/\/animefigurer.se\/en\/figurer\/my-hero-academia-figurer-hero-samlarfigurer\/my-hero-academia-maximatic-pvc-figure-katsuki-bakugo-the-beginning-21-cm\/\" \/>\n<meta property=\"og:locale\" content=\"en_GB\" \/>\n<meta property=\"og:type\" content=\"article\" \/>\n<meta property=\"og:title\" content=\"My Hero Academia Maximatic PVC Figure Katsuki Bakugo (The Beginning) 21 cm\" \/>\n<meta property=\"og:description\" content=\"Denna kraftfulla PVC-figur fr\u00e5n Maximatic-serien f\u00f6rest\u00e4ller Katsuki Bakugo fr\u00e5n My Hero Academia i en sj\u00e4lvs\u00e4ker och explosiv pose fr\u00e5n hans tidiga utveckling som hj\u00e4lte. Figuren \u00e4r cirka 21 cm h\u00f6g och har detaljerad skulptering som f\u00e5ngar hans intensiva uttryck och ikoniska kostym. Ett m\u00e5ste f\u00f6r fans av serien som vill komplettera sin samling med en [&hellip;]\" \/>\n<meta property=\"og:url\" content=\"https:\/\/animefigurer.se\/en\/figurer\/my-hero-academia-figurer-hero-samlarfigurer\/my-hero-academia-maximatic-pvc-figure-katsuki-bakugo-the-beginning-21-cm\/\" \/>\n<meta property=\"og:site_name\" content=\"Animefigurer.se\" \/>\n<meta property=\"article:publisher\" content=\"https:\/\/www.facebook.com\/profile.php?id=61581826539670\" \/>\n<meta property=\"article:modified_time\" content=\"2026-05-03T12:48:31+00:00\" \/>\n<meta property=\"og:image\" content=\"https:\/\/animefigurer.se\/wp-content\/uploads\/2026\/05\/My-Hero-Academia-PVC-Statue-Maximatic-Katsuki-Baku-0.webp\" \/>\n\t<meta property=\"og:image:width\" content=\"1200\" \/>\n\t<meta property=\"og:image:height\" content=\"1200\" \/>\n\t<meta property=\"og:image:type\" content=\"image\/webp\" \/>\n<meta name=\"twitter:card\" content=\"summary_large_image\" \/>\n<meta name=\"twitter:label1\" content=\"Estimated reading time\" \/>\n\t<meta name=\"twitter:data1\" content=\"1 minute\" \/>\n<script type=\"application\/ld+json\" class=\"yoast-schema-graph\">{\"@context\":\"https:\\\/\\\/schema.org\",\"@graph\":[{\"@type\":\"WebPage\",\"@id\":\"https:\\\/\\\/animefigurer.se\\\/figurer\\\/my-hero-academia-figurer-hero-samlarfigurer\\\/my-hero-academia-maximatic-pvc-figure-katsuki-bakugo-the-beginning-21-cm\\\/\",\"url\":\"https:\\\/\\\/animefigurer.se\\\/figurer\\\/my-hero-academia-figurer-hero-samlarfigurer\\\/my-hero-academia-maximatic-pvc-figure-katsuki-bakugo-the-beginning-21-cm\\\/\",\"name\":\"My Hero Academia Maximatic PVC Figure Katsuki Bakugo (The Beginning) 21 cm | Animefigurer.se\",\"isPartOf\":{\"@id\":\"https:\\\/\\\/animefigurer.se\\\/#website\"},\"primaryImageOfPage\":{\"@id\":\"https:\\\/\\\/animefigurer.se\\\/figurer\\\/my-hero-academia-figurer-hero-samlarfigurer\\\/my-hero-academia-maximatic-pvc-figure-katsuki-bakugo-the-beginning-21-cm\\\/#primaryimage\"},\"image\":{\"@id\":\"https:\\\/\\\/animefigurer.se\\\/figurer\\\/my-hero-academia-figurer-hero-samlarfigurer\\\/my-hero-academia-maximatic-pvc-figure-katsuki-bakugo-the-beginning-21-cm\\\/#primaryimage\"},\"thumbnailUrl\":\"https:\\\/\\\/animefigurer.se\\\/wp-content\\\/uploads\\\/2026\\\/05\\\/My-Hero-Academia-PVC-Statue-Maximatic-Katsuki-Baku-0.webp\",\"datePublished\":\"2026-05-02T07:57:46+00:00\",\"dateModified\":\"2026-05-03T12:48:31+00:00\",\"breadcrumb\":{\"@id\":\"https:\\\/\\\/animefigurer.se\\\/figurer\\\/my-hero-academia-figurer-hero-samlarfigurer\\\/my-hero-academia-maximatic-pvc-figure-katsuki-bakugo-the-beginning-21-cm\\\/#breadcrumb\"},\"inLanguage\":\"en-GB\",\"potentialAction\":[{\"@type\":\"ReadAction\",\"target\":[\"https:\\\/\\\/animefigurer.se\\\/figurer\\\/my-hero-academia-figurer-hero-samlarfigurer\\\/my-hero-academia-maximatic-pvc-figure-katsuki-bakugo-the-beginning-21-cm\\\/\"]}]},{\"@type\":\"ImageObject\",\"inLanguage\":\"en-GB\",\"@id\":\"https:\\\/\\\/animefigurer.se\\\/figurer\\\/my-hero-academia-figurer-hero-samlarfigurer\\\/my-hero-academia-maximatic-pvc-figure-katsuki-bakugo-the-beginning-21-cm\\\/#primaryimage\",\"url\":\"https:\\\/\\\/animefigurer.se\\\/wp-content\\\/uploads\\\/2026\\\/05\\\/My-Hero-Academia-PVC-Statue-Maximatic-Katsuki-Baku-0.webp\",\"contentUrl\":\"https:\\\/\\\/animefigurer.se\\\/wp-content\\\/uploads\\\/2026\\\/05\\\/My-Hero-Academia-PVC-Statue-Maximatic-Katsuki-Baku-0.webp\",\"width\":1200,\"height\":1200},{\"@type\":\"BreadcrumbList\",\"@id\":\"https:\\\/\\\/animefigurer.se\\\/figurer\\\/my-hero-academia-figurer-hero-samlarfigurer\\\/my-hero-academia-maximatic-pvc-figure-katsuki-bakugo-the-beginning-21-cm\\\/#breadcrumb\",\"itemListElement\":[{\"@type\":\"ListItem\",\"position\":1,\"name\":\"Home\",\"item\":\"https:\\\/\\\/animefigurer.se\\\/\"},{\"@type\":\"ListItem\",\"position\":2,\"name\":\"Butik\",\"item\":\"https:\\\/\\\/animefigurer.se\\\/figurer\\\/\"},{\"@type\":\"ListItem\",\"position\":3,\"name\":\"My Hero Academia Maximatic PVC Figure Katsuki Bakugo (The Beginning) 21 cm\"}]},{\"@type\":\"WebSite\",\"@id\":\"https:\\\/\\\/animefigurer.se\\\/#website\",\"url\":\"https:\\\/\\\/animefigurer.se\\\/\",\"name\":\"Animefigurer.se\",\"description\":\"Anime figurer fr\u00e5n \u00f6ver 300 olika anime serier med \u00f6ver 9000 produkter | Anime Shop\",\"publisher\":{\"@id\":\"https:\\\/\\\/animefigurer.se\\\/#organization\"},\"potentialAction\":[{\"@type\":\"SearchAction\",\"target\":{\"@type\":\"EntryPoint\",\"urlTemplate\":\"https:\\\/\\\/animefigurer.se\\\/?s={search_term_string}\"},\"query-input\":{\"@type\":\"PropertyValueSpecification\",\"valueRequired\":true,\"valueName\":\"search_term_string\"}}],\"inLanguage\":\"en-GB\"},{\"@type\":\"Organization\",\"@id\":\"https:\\\/\\\/animefigurer.se\\\/#organization\",\"name\":\"Animefigurer.se\",\"alternateName\":\"Anime figurer | Anime shop\",\"url\":\"https:\\\/\\\/animefigurer.se\\\/\",\"logo\":{\"@type\":\"ImageObject\",\"inLanguage\":\"en-GB\",\"@id\":\"https:\\\/\\\/animefigurer.se\\\/#\\\/schema\\\/logo\\\/image\\\/\",\"url\":\"https:\\\/\\\/animefigurer.se\\\/wp-content\\\/uploads\\\/2025\\\/12\\\/Animefigurer_logowhite.png\",\"contentUrl\":\"https:\\\/\\\/animefigurer.se\\\/wp-content\\\/uploads\\\/2025\\\/12\\\/Animefigurer_logowhite.png\",\"width\":1890,\"height\":1417,\"caption\":\"Animefigurer.se\"},\"image\":{\"@id\":\"https:\\\/\\\/animefigurer.se\\\/#\\\/schema\\\/logo\\\/image\\\/\"},\"sameAs\":[\"https:\\\/\\\/www.facebook.com\\\/profile.php?id=61581826539670\",\"https:\\\/\\\/www.instagram.com\\\/animefigurer.se\\\/\"],\"email\":\"info@animefigurer.se\"}]}<\/script>\n<!-- \/ Yoast SEO Premium plugin. -->","yoast_head_json":{"title":"My Hero Academia Maximatic PVC Figure Katsuki Bakugo (The Beginning) 21 cm | Animefigurer.se","robots":{"index":"index","follow":"follow","max-snippet":"max-snippet:-1","max-image-preview":"max-image-preview:large","max-video-preview":"max-video-preview:-1"},"canonical":"https:\/\/animefigurer.se\/en\/figurer\/my-hero-academia-figurer-hero-samlarfigurer\/my-hero-academia-maximatic-pvc-figure-katsuki-bakugo-the-beginning-21-cm\/","og_locale":"en_GB","og_type":"article","og_title":"My Hero Academia Maximatic PVC Figure Katsuki Bakugo (The Beginning) 21 cm","og_description":"Denna kraftfulla PVC-figur fr\u00e5n Maximatic-serien f\u00f6rest\u00e4ller Katsuki Bakugo fr\u00e5n My Hero Academia i en sj\u00e4lvs\u00e4ker och explosiv pose fr\u00e5n hans tidiga utveckling som hj\u00e4lte. Figuren \u00e4r cirka 21 cm h\u00f6g och har detaljerad skulptering som f\u00e5ngar hans intensiva uttryck och ikoniska kostym. Ett m\u00e5ste f\u00f6r fans av serien som vill komplettera sin samling med en [&hellip;]","og_url":"https:\/\/animefigurer.se\/en\/figurer\/my-hero-academia-figurer-hero-samlarfigurer\/my-hero-academia-maximatic-pvc-figure-katsuki-bakugo-the-beginning-21-cm\/","og_site_name":"Animefigurer.se","article_publisher":"https:\/\/www.facebook.com\/profile.php?id=61581826539670","article_modified_time":"2026-05-03T12:48:31+00:00","og_image":[{"width":1200,"height":1200,"url":"https:\/\/animefigurer.se\/wp-content\/uploads\/2026\/05\/My-Hero-Academia-PVC-Statue-Maximatic-Katsuki-Baku-0.webp","type":"image\/webp"}],"twitter_card":"summary_large_image","twitter_misc":{"Estimated reading time":"1 minute"},"schema":{"@context":"https:\/\/schema.org","@graph":[{"@type":"WebPage","@id":"https:\/\/animefigurer.se\/figurer\/my-hero-academia-figurer-hero-samlarfigurer\/my-hero-academia-maximatic-pvc-figure-katsuki-bakugo-the-beginning-21-cm\/","url":"https:\/\/animefigurer.se\/figurer\/my-hero-academia-figurer-hero-samlarfigurer\/my-hero-academia-maximatic-pvc-figure-katsuki-bakugo-the-beginning-21-cm\/","name":"My Hero Academia Maximatic PVC Figure Katsuki Bakugo (The Beginning) 21 cm | Animefigurer.se","isPartOf":{"@id":"https:\/\/animefigurer.se\/#website"},"primaryImageOfPage":{"@id":"https:\/\/animefigurer.se\/figurer\/my-hero-academia-figurer-hero-samlarfigurer\/my-hero-academia-maximatic-pvc-figure-katsuki-bakugo-the-beginning-21-cm\/#primaryimage"},"image":{"@id":"https:\/\/animefigurer.se\/figurer\/my-hero-academia-figurer-hero-samlarfigurer\/my-hero-academia-maximatic-pvc-figure-katsuki-bakugo-the-beginning-21-cm\/#primaryimage"},"thumbnailUrl":"https:\/\/animefigurer.se\/wp-content\/uploads\/2026\/05\/My-Hero-Academia-PVC-Statue-Maximatic-Katsuki-Baku-0.webp","datePublished":"2026-05-02T07:57:46+00:00","dateModified":"2026-05-03T12:48:31+00:00","breadcrumb":{"@id":"https:\/\/animefigurer.se\/figurer\/my-hero-academia-figurer-hero-samlarfigurer\/my-hero-academia-maximatic-pvc-figure-katsuki-bakugo-the-beginning-21-cm\/#breadcrumb"},"inLanguage":"en-GB","potentialAction":[{"@type":"ReadAction","target":["https:\/\/animefigurer.se\/figurer\/my-hero-academia-figurer-hero-samlarfigurer\/my-hero-academia-maximatic-pvc-figure-katsuki-bakugo-the-beginning-21-cm\/"]}]},{"@type":"ImageObject","inLanguage":"en-GB","@id":"https:\/\/animefigurer.se\/figurer\/my-hero-academia-figurer-hero-samlarfigurer\/my-hero-academia-maximatic-pvc-figure-katsuki-bakugo-the-beginning-21-cm\/#primaryimage","url":"https:\/\/animefigurer.se\/wp-content\/uploads\/2026\/05\/My-Hero-Academia-PVC-Statue-Maximatic-Katsuki-Baku-0.webp","contentUrl":"https:\/\/animefigurer.se\/wp-content\/uploads\/2026\/05\/My-Hero-Academia-PVC-Statue-Maximatic-Katsuki-Baku-0.webp","width":1200,"height":1200},{"@type":"BreadcrumbList","@id":"https:\/\/animefigurer.se\/figurer\/my-hero-academia-figurer-hero-samlarfigurer\/my-hero-academia-maximatic-pvc-figure-katsuki-bakugo-the-beginning-21-cm\/#breadcrumb","itemListElement":[{"@type":"ListItem","position":1,"name":"Home","item":"https:\/\/animefigurer.se\/"},{"@type":"ListItem","position":2,"name":"Butik","item":"https:\/\/animefigurer.se\/figurer\/"},{"@type":"ListItem","position":3,"name":"My Hero Academia Maximatic PVC Figure Katsuki Bakugo (The Beginning) 21 cm"}]},{"@type":"WebSite","@id":"https:\/\/animefigurer.se\/#website","url":"https:\/\/animefigurer.se\/","name":"Animefigurer.se","description":"Anime figures from over 300 different anime series with over 9000 products | Anime Shop","publisher":{"@id":"https:\/\/animefigurer.se\/#organization"},"potentialAction":[{"@type":"SearchAction","target":{"@type":"EntryPoint","urlTemplate":"https:\/\/animefigurer.se\/?s={search_term_string}"},"query-input":{"@type":"PropertyValueSpecification","valueRequired":true,"valueName":"search_term_string"}}],"inLanguage":"en-GB"},{"@type":"Organization","@id":"https:\/\/animefigurer.se\/#organization","name":"Animefigurer.se","alternateName":"Anime figurer | Anime shop","url":"https:\/\/animefigurer.se\/","logo":{"@type":"ImageObject","inLanguage":"en-GB","@id":"https:\/\/animefigurer.se\/#\/schema\/logo\/image\/","url":"https:\/\/animefigurer.se\/wp-content\/uploads\/2025\/12\/Animefigurer_logowhite.png","contentUrl":"https:\/\/animefigurer.se\/wp-content\/uploads\/2025\/12\/Animefigurer_logowhite.png","width":1890,"height":1417,"caption":"Animefigurer.se"},"image":{"@id":"https:\/\/animefigurer.se\/#\/schema\/logo\/image\/"},"sameAs":["https:\/\/www.facebook.com\/profile.php?id=61581826539670","https:\/\/www.instagram.com\/animefigurer.se\/"],"email":"info@animefigurer.se"}]}},"_links":{"self":[{"href":"https:\/\/animefigurer.se\/en\/wp-json\/wp\/v2\/product\/101636","targetHints":{"allow":["GET"]}}],"collection":[{"href":"https:\/\/animefigurer.se\/en\/wp-json\/wp\/v2\/product"}],"about":[{"href":"https:\/\/animefigurer.se\/en\/wp-json\/wp\/v2\/types\/product"}],"replies":[{"embeddable":true,"href":"https:\/\/animefigurer.se\/en\/wp-json\/wp\/v2\/comments?post=101636"}],"wp:featuredmedia":[{"embeddable":true,"href":"https:\/\/animefigurer.se\/en\/wp-json\/wp\/v2\/media\/101691"}],"wp:attachment":[{"href":"https:\/\/animefigurer.se\/en\/wp-json\/wp\/v2\/media?parent=101636"}],"wp:term":[{"taxonomy":"product_brand","embeddable":true,"href":"https:\/\/animefigurer.se\/en\/wp-json\/wp\/v2\/product_brand?post=101636"},{"taxonomy":"product_cat","embeddable":true,"href":"https:\/\/animefigurer.se\/en\/wp-json\/wp\/v2\/product_cat?post=101636"},{"taxonomy":"product_tag","embeddable":true,"href":"https:\/\/animefigurer.se\/en\/wp-json\/wp\/v2\/product_tag?post=101636"},{"taxonomy":"giftcard-category","embeddable":true,"href":"https:\/\/animefigurer.se\/en\/wp-json\/wp\/v2\/giftcard-category?post=101636"}],"curies":[{"name":"wp","href":"https:\/\/api.w.org\/{rel}","templated":true}]}}