{"id":101502,"date":"2026-05-01T17:40:35","date_gmt":"2026-05-01T15:40:35","guid":{"rendered":"https:\/\/animefigurer.se\/?post_type=product&#038;p=101502"},"modified":"2026-05-01T18:02:45","modified_gmt":"2026-05-01T16:02:45","slug":"tokyo-revengers-prisma-wing-pvc-statue-1-7-manjiro-sano-23-cm","status":"publish","type":"product","link":"https:\/\/animefigurer.se\/en\/figurer\/tokyo-revengers\/tokyo-revengers-prisma-wing-pvc-statue-1-7-manjiro-sano-23-cm\/","title":{"rendered":"Tokyo Revengers Prisma Wing PVC Statue 1\/7 Manjiro Sano 23 cm"},"content":{"rendered":"<p>Denna h\u00f6gkvalitativa 1:7-skala PVC-staty f\u00f6rest\u00e4ller Manjiro Sano (Mikey) fr\u00e5n Tokyo Revengers och f\u00e5ngar hans karisma och styrka i en dynamisk pose. Figuren visar noggrant skulpterade detaljer fr\u00e5n hans ikoniska frisyr till de realistiska veck i kl\u00e4derna.<\/p>\n<p>Basen \u00e4r inspirerad av Shibuyas gator och ger en autentisk k\u00e4nsla till presentationen. En imponerande samlarfigur som passar perfekt f\u00f6r fans av serien.<\/p>","protected":false},"excerpt":{"rendered":"<p>Denna h\u00f6gkvalitativa 1:7-skala PVC-staty f\u00f6rest\u00e4ller Manjiro Sano (Mikey) fr\u00e5n Tokyo Revengers och f\u00e5ngar hans karisma och styrka i en dynamisk pose. Figuren visar noggrant skulpterade detaljer fr\u00e5n hans ikoniska frisyr till de realistiska veck i kl\u00e4derna. Basen \u00e4r inspirerad av Shibuyas gator och ger en autentisk k\u00e4nsla till presentationen. En imponerande samlarfigur som passar perfekt [&hellip;]<\/p>\n","protected":false},"featured_media":101503,"comment_status":"open","ping_status":"closed","template":"","meta":{"_acf_changed":false,"_monsterinsights_skip_tracking":false,"_monsterinsights_sitenote_active":false,"_monsterinsights_sitenote_note":"","_monsterinsights_sitenote_category":0},"product_brand":[7111],"product_cat":[5701],"product_tag":[24],"giftcard-category":[],"class_list":{"0":"post-101502","1":"product","2":"type-product","3":"status-publish","4":"has-post-thumbnail","6":"product_brand-prime-1-studio","7":"product_cat-tokyo-revengers","8":"product_tag-2-3-weeks","9":"pa_franchise-tokyo-revengers","10":"pa_karaktar-manjiro-sano","11":"pa_produktserie-prisma-wing","12":"pa_skala-41","13":"pa_storlek-23-cm","15":"first","16":"instock","17":"sale","18":"taxable","19":"shipping-taxable","20":"purchasable","21":"product-type-simple"},"acf":[],"yoast_head":"<!-- This site is optimized with the Yoast SEO Premium plugin v24.6 (Yoast SEO v27.4) - https:\/\/yoast.com\/product\/yoast-seo-premium-wordpress\/ -->\n<title>Tokyo Revengers Prisma Wing PVC Statue 1\/7 Manjiro Sano 23 cm | Animefigurer.se<\/title>\n<meta name=\"robots\" content=\"index, follow, max-snippet:-1, max-image-preview:large, max-video-preview:-1\" \/>\n<link rel=\"canonical\" href=\"https:\/\/animefigurer.se\/en\/figurer\/tokyo-revengers\/tokyo-revengers-prisma-wing-pvc-statue-1-7-manjiro-sano-23-cm\/\" \/>\n<meta property=\"og:locale\" content=\"en_GB\" \/>\n<meta property=\"og:type\" content=\"article\" \/>\n<meta property=\"og:title\" content=\"Tokyo Revengers Prisma Wing PVC Statue 1\/7 Manjiro Sano 23 cm\" \/>\n<meta property=\"og:description\" content=\"Denna h\u00f6gkvalitativa 1:7-skala PVC-staty f\u00f6rest\u00e4ller Manjiro Sano (Mikey) fr\u00e5n Tokyo Revengers och f\u00e5ngar hans karisma och styrka i en dynamisk pose. Figuren visar noggrant skulpterade detaljer fr\u00e5n hans ikoniska frisyr till de realistiska veck i kl\u00e4derna. Basen \u00e4r inspirerad av Shibuyas gator och ger en autentisk k\u00e4nsla till presentationen. En imponerande samlarfigur som passar perfekt [&hellip;]\" \/>\n<meta property=\"og:url\" content=\"https:\/\/animefigurer.se\/en\/figurer\/tokyo-revengers\/tokyo-revengers-prisma-wing-pvc-statue-1-7-manjiro-sano-23-cm\/\" \/>\n<meta property=\"og:site_name\" content=\"Animefigurer.se\" \/>\n<meta property=\"article:publisher\" content=\"https:\/\/www.facebook.com\/profile.php?id=61581826539670\" \/>\n<meta property=\"article:modified_time\" content=\"2026-05-01T16:02:45+00:00\" \/>\n<meta property=\"og:image\" content=\"https:\/\/animefigurer.se\/wp-content\/uploads\/2026\/05\/x_p1spwtrv-01pwl_j.jpg\" \/>\n\t<meta property=\"og:image:width\" content=\"707\" \/>\n\t<meta property=\"og:image:height\" content=\"1000\" \/>\n\t<meta property=\"og:image:type\" content=\"image\/jpeg\" \/>\n<meta name=\"twitter:card\" content=\"summary_large_image\" \/>\n<meta name=\"twitter:label1\" content=\"Estimated reading time\" \/>\n\t<meta name=\"twitter:data1\" content=\"1 minute\" \/>\n<script type=\"application\/ld+json\" class=\"yoast-schema-graph\">{\"@context\":\"https:\\\/\\\/schema.org\",\"@graph\":[{\"@type\":\"WebPage\",\"@id\":\"https:\\\/\\\/animefigurer.se\\\/figurer\\\/tokyo-revengers\\\/tokyo-revengers-prisma-wing-pvc-statue-1-7-manjiro-sano-23-cm\\\/\",\"url\":\"https:\\\/\\\/animefigurer.se\\\/figurer\\\/tokyo-revengers\\\/tokyo-revengers-prisma-wing-pvc-statue-1-7-manjiro-sano-23-cm\\\/\",\"name\":\"Tokyo Revengers Prisma Wing PVC Statue 1\\\/7 Manjiro Sano 23 cm | Animefigurer.se\",\"isPartOf\":{\"@id\":\"https:\\\/\\\/animefigurer.se\\\/#website\"},\"primaryImageOfPage\":{\"@id\":\"https:\\\/\\\/animefigurer.se\\\/figurer\\\/tokyo-revengers\\\/tokyo-revengers-prisma-wing-pvc-statue-1-7-manjiro-sano-23-cm\\\/#primaryimage\"},\"image\":{\"@id\":\"https:\\\/\\\/animefigurer.se\\\/figurer\\\/tokyo-revengers\\\/tokyo-revengers-prisma-wing-pvc-statue-1-7-manjiro-sano-23-cm\\\/#primaryimage\"},\"thumbnailUrl\":\"https:\\\/\\\/animefigurer.se\\\/wp-content\\\/uploads\\\/2026\\\/05\\\/x_p1spwtrv-01pwl_j.jpg\",\"datePublished\":\"2026-05-01T15:40:35+00:00\",\"dateModified\":\"2026-05-01T16:02:45+00:00\",\"breadcrumb\":{\"@id\":\"https:\\\/\\\/animefigurer.se\\\/figurer\\\/tokyo-revengers\\\/tokyo-revengers-prisma-wing-pvc-statue-1-7-manjiro-sano-23-cm\\\/#breadcrumb\"},\"inLanguage\":\"en-GB\",\"potentialAction\":[{\"@type\":\"ReadAction\",\"target\":[\"https:\\\/\\\/animefigurer.se\\\/figurer\\\/tokyo-revengers\\\/tokyo-revengers-prisma-wing-pvc-statue-1-7-manjiro-sano-23-cm\\\/\"]}]},{\"@type\":\"ImageObject\",\"inLanguage\":\"en-GB\",\"@id\":\"https:\\\/\\\/animefigurer.se\\\/figurer\\\/tokyo-revengers\\\/tokyo-revengers-prisma-wing-pvc-statue-1-7-manjiro-sano-23-cm\\\/#primaryimage\",\"url\":\"https:\\\/\\\/animefigurer.se\\\/wp-content\\\/uploads\\\/2026\\\/05\\\/x_p1spwtrv-01pwl_j.jpg\",\"contentUrl\":\"https:\\\/\\\/animefigurer.se\\\/wp-content\\\/uploads\\\/2026\\\/05\\\/x_p1spwtrv-01pwl_j.jpg\",\"width\":707,\"height\":1000,\"caption\":\"Tokyo Revengers Prisma Wing PVC Statue 1\\\/7 Manjiro Sano 23 cm\"},{\"@type\":\"BreadcrumbList\",\"@id\":\"https:\\\/\\\/animefigurer.se\\\/figurer\\\/tokyo-revengers\\\/tokyo-revengers-prisma-wing-pvc-statue-1-7-manjiro-sano-23-cm\\\/#breadcrumb\",\"itemListElement\":[{\"@type\":\"ListItem\",\"position\":1,\"name\":\"Home\",\"item\":\"https:\\\/\\\/animefigurer.se\\\/\"},{\"@type\":\"ListItem\",\"position\":2,\"name\":\"Butik\",\"item\":\"https:\\\/\\\/animefigurer.se\\\/figurer\\\/\"},{\"@type\":\"ListItem\",\"position\":3,\"name\":\"Tokyo Revengers Prisma Wing PVC Statue 1\\\/7 Manjiro Sano 23 cm\"}]},{\"@type\":\"WebSite\",\"@id\":\"https:\\\/\\\/animefigurer.se\\\/#website\",\"url\":\"https:\\\/\\\/animefigurer.se\\\/\",\"name\":\"Animefigurer.se\",\"description\":\"Anime figurer fr\u00e5n \u00f6ver 300 olika anime serier med \u00f6ver 9000 produkter | Anime Shop\",\"publisher\":{\"@id\":\"https:\\\/\\\/animefigurer.se\\\/#organization\"},\"potentialAction\":[{\"@type\":\"SearchAction\",\"target\":{\"@type\":\"EntryPoint\",\"urlTemplate\":\"https:\\\/\\\/animefigurer.se\\\/?s={search_term_string}\"},\"query-input\":{\"@type\":\"PropertyValueSpecification\",\"valueRequired\":true,\"valueName\":\"search_term_string\"}}],\"inLanguage\":\"en-GB\"},{\"@type\":\"Organization\",\"@id\":\"https:\\\/\\\/animefigurer.se\\\/#organization\",\"name\":\"Animefigurer.se\",\"alternateName\":\"Anime figurer | Anime shop\",\"url\":\"https:\\\/\\\/animefigurer.se\\\/\",\"logo\":{\"@type\":\"ImageObject\",\"inLanguage\":\"en-GB\",\"@id\":\"https:\\\/\\\/animefigurer.se\\\/#\\\/schema\\\/logo\\\/image\\\/\",\"url\":\"https:\\\/\\\/animefigurer.se\\\/wp-content\\\/uploads\\\/2025\\\/12\\\/Animefigurer_logowhite.png\",\"contentUrl\":\"https:\\\/\\\/animefigurer.se\\\/wp-content\\\/uploads\\\/2025\\\/12\\\/Animefigurer_logowhite.png\",\"width\":1890,\"height\":1417,\"caption\":\"Animefigurer.se\"},\"image\":{\"@id\":\"https:\\\/\\\/animefigurer.se\\\/#\\\/schema\\\/logo\\\/image\\\/\"},\"sameAs\":[\"https:\\\/\\\/www.facebook.com\\\/profile.php?id=61581826539670\",\"https:\\\/\\\/www.instagram.com\\\/animefigurer.se\\\/\"],\"email\":\"info@animefigurer.se\"}]}<\/script>\n<!-- \/ Yoast SEO Premium plugin. -->","yoast_head_json":{"title":"Tokyo Revengers Prisma Wing PVC Statue 1\/7 Manjiro Sano 23 cm | Animefigurer.se","robots":{"index":"index","follow":"follow","max-snippet":"max-snippet:-1","max-image-preview":"max-image-preview:large","max-video-preview":"max-video-preview:-1"},"canonical":"https:\/\/animefigurer.se\/en\/figurer\/tokyo-revengers\/tokyo-revengers-prisma-wing-pvc-statue-1-7-manjiro-sano-23-cm\/","og_locale":"en_GB","og_type":"article","og_title":"Tokyo Revengers Prisma Wing PVC Statue 1\/7 Manjiro Sano 23 cm","og_description":"Denna h\u00f6gkvalitativa 1:7-skala PVC-staty f\u00f6rest\u00e4ller Manjiro Sano (Mikey) fr\u00e5n Tokyo Revengers och f\u00e5ngar hans karisma och styrka i en dynamisk pose. Figuren visar noggrant skulpterade detaljer fr\u00e5n hans ikoniska frisyr till de realistiska veck i kl\u00e4derna. Basen \u00e4r inspirerad av Shibuyas gator och ger en autentisk k\u00e4nsla till presentationen. En imponerande samlarfigur som passar perfekt [&hellip;]","og_url":"https:\/\/animefigurer.se\/en\/figurer\/tokyo-revengers\/tokyo-revengers-prisma-wing-pvc-statue-1-7-manjiro-sano-23-cm\/","og_site_name":"Animefigurer.se","article_publisher":"https:\/\/www.facebook.com\/profile.php?id=61581826539670","article_modified_time":"2026-05-01T16:02:45+00:00","og_image":[{"width":707,"height":1000,"url":"https:\/\/animefigurer.se\/wp-content\/uploads\/2026\/05\/x_p1spwtrv-01pwl_j.jpg","type":"image\/jpeg"}],"twitter_card":"summary_large_image","twitter_misc":{"Estimated reading time":"1 minute"},"schema":{"@context":"https:\/\/schema.org","@graph":[{"@type":"WebPage","@id":"https:\/\/animefigurer.se\/figurer\/tokyo-revengers\/tokyo-revengers-prisma-wing-pvc-statue-1-7-manjiro-sano-23-cm\/","url":"https:\/\/animefigurer.se\/figurer\/tokyo-revengers\/tokyo-revengers-prisma-wing-pvc-statue-1-7-manjiro-sano-23-cm\/","name":"Tokyo Revengers Prisma Wing PVC Statue 1\/7 Manjiro Sano 23 cm | Animefigurer.se","isPartOf":{"@id":"https:\/\/animefigurer.se\/#website"},"primaryImageOfPage":{"@id":"https:\/\/animefigurer.se\/figurer\/tokyo-revengers\/tokyo-revengers-prisma-wing-pvc-statue-1-7-manjiro-sano-23-cm\/#primaryimage"},"image":{"@id":"https:\/\/animefigurer.se\/figurer\/tokyo-revengers\/tokyo-revengers-prisma-wing-pvc-statue-1-7-manjiro-sano-23-cm\/#primaryimage"},"thumbnailUrl":"https:\/\/animefigurer.se\/wp-content\/uploads\/2026\/05\/x_p1spwtrv-01pwl_j.jpg","datePublished":"2026-05-01T15:40:35+00:00","dateModified":"2026-05-01T16:02:45+00:00","breadcrumb":{"@id":"https:\/\/animefigurer.se\/figurer\/tokyo-revengers\/tokyo-revengers-prisma-wing-pvc-statue-1-7-manjiro-sano-23-cm\/#breadcrumb"},"inLanguage":"en-GB","potentialAction":[{"@type":"ReadAction","target":["https:\/\/animefigurer.se\/figurer\/tokyo-revengers\/tokyo-revengers-prisma-wing-pvc-statue-1-7-manjiro-sano-23-cm\/"]}]},{"@type":"ImageObject","inLanguage":"en-GB","@id":"https:\/\/animefigurer.se\/figurer\/tokyo-revengers\/tokyo-revengers-prisma-wing-pvc-statue-1-7-manjiro-sano-23-cm\/#primaryimage","url":"https:\/\/animefigurer.se\/wp-content\/uploads\/2026\/05\/x_p1spwtrv-01pwl_j.jpg","contentUrl":"https:\/\/animefigurer.se\/wp-content\/uploads\/2026\/05\/x_p1spwtrv-01pwl_j.jpg","width":707,"height":1000,"caption":"Tokyo Revengers Prisma Wing PVC Statue 1\/7 Manjiro Sano 23 cm"},{"@type":"BreadcrumbList","@id":"https:\/\/animefigurer.se\/figurer\/tokyo-revengers\/tokyo-revengers-prisma-wing-pvc-statue-1-7-manjiro-sano-23-cm\/#breadcrumb","itemListElement":[{"@type":"ListItem","position":1,"name":"Home","item":"https:\/\/animefigurer.se\/"},{"@type":"ListItem","position":2,"name":"Butik","item":"https:\/\/animefigurer.se\/figurer\/"},{"@type":"ListItem","position":3,"name":"Tokyo Revengers Prisma Wing PVC Statue 1\/7 Manjiro Sano 23 cm"}]},{"@type":"WebSite","@id":"https:\/\/animefigurer.se\/#website","url":"https:\/\/animefigurer.se\/","name":"Animefigurer.se","description":"Anime figures from over 300 different anime series with over 9000 products | Anime Shop","publisher":{"@id":"https:\/\/animefigurer.se\/#organization"},"potentialAction":[{"@type":"SearchAction","target":{"@type":"EntryPoint","urlTemplate":"https:\/\/animefigurer.se\/?s={search_term_string}"},"query-input":{"@type":"PropertyValueSpecification","valueRequired":true,"valueName":"search_term_string"}}],"inLanguage":"en-GB"},{"@type":"Organization","@id":"https:\/\/animefigurer.se\/#organization","name":"Animefigurer.se","alternateName":"Anime figurer | Anime shop","url":"https:\/\/animefigurer.se\/","logo":{"@type":"ImageObject","inLanguage":"en-GB","@id":"https:\/\/animefigurer.se\/#\/schema\/logo\/image\/","url":"https:\/\/animefigurer.se\/wp-content\/uploads\/2025\/12\/Animefigurer_logowhite.png","contentUrl":"https:\/\/animefigurer.se\/wp-content\/uploads\/2025\/12\/Animefigurer_logowhite.png","width":1890,"height":1417,"caption":"Animefigurer.se"},"image":{"@id":"https:\/\/animefigurer.se\/#\/schema\/logo\/image\/"},"sameAs":["https:\/\/www.facebook.com\/profile.php?id=61581826539670","https:\/\/www.instagram.com\/animefigurer.se\/"],"email":"info@animefigurer.se"}]}},"_links":{"self":[{"href":"https:\/\/animefigurer.se\/en\/wp-json\/wp\/v2\/product\/101502","targetHints":{"allow":["GET"]}}],"collection":[{"href":"https:\/\/animefigurer.se\/en\/wp-json\/wp\/v2\/product"}],"about":[{"href":"https:\/\/animefigurer.se\/en\/wp-json\/wp\/v2\/types\/product"}],"replies":[{"embeddable":true,"href":"https:\/\/animefigurer.se\/en\/wp-json\/wp\/v2\/comments?post=101502"}],"wp:featuredmedia":[{"embeddable":true,"href":"https:\/\/animefigurer.se\/en\/wp-json\/wp\/v2\/media\/101503"}],"wp:attachment":[{"href":"https:\/\/animefigurer.se\/en\/wp-json\/wp\/v2\/media?parent=101502"}],"wp:term":[{"taxonomy":"product_brand","embeddable":true,"href":"https:\/\/animefigurer.se\/en\/wp-json\/wp\/v2\/product_brand?post=101502"},{"taxonomy":"product_cat","embeddable":true,"href":"https:\/\/animefigurer.se\/en\/wp-json\/wp\/v2\/product_cat?post=101502"},{"taxonomy":"product_tag","embeddable":true,"href":"https:\/\/animefigurer.se\/en\/wp-json\/wp\/v2\/product_tag?post=101502"},{"taxonomy":"giftcard-category","embeddable":true,"href":"https:\/\/animefigurer.se\/en\/wp-json\/wp\/v2\/giftcard-category?post=101502"}],"curies":[{"name":"wp","href":"https:\/\/api.w.org\/{rel}","templated":true}]}}