{"id":101348,"date":"2026-05-01T10:08:21","date_gmt":"2026-05-01T08:08:21","guid":{"rendered":"https:\/\/animefigurer.se\/?post_type=product&#038;p=101348"},"modified":"2026-05-01T21:07:52","modified_gmt":"2026-05-01T19:07:52","slug":"arknights-hang-on-chibi-figure-series-civilight-eterna-figure","status":"publish","type":"product","link":"https:\/\/animefigurer.se\/en\/figurer\/arknights\/arknights-hang-on-chibi-figure-series-civilight-eterna-figure\/","title":{"rendered":"Arknights Hang on chibi figure series Civilight Eterna (Figure)"},"content":{"rendered":"<p>Denna chibi-figur f\u00f6rest\u00e4ller Civilight Eterna fr\u00e5n Arknights och ing\u00e5r i Hang On-serien. Figuren har en s\u00f6t och detaljerad design och kan visas upph\u00e4ngd eller p\u00e5 den medf\u00f6ljande st\u00e4llningen.<\/p>\n<p>Tillverkad i PVC, ABS och metall \u00e4r denna kompakta figur perfekt som samlarobjekt eller dekorativ accessoar f\u00f6r fans av Arknights.<\/p>","protected":false},"excerpt":{"rendered":"<p>Denna chibi-figur f\u00f6rest\u00e4ller Civilight Eterna fr\u00e5n Arknights och ing\u00e5r i Hang On-serien. Figuren har en s\u00f6t och detaljerad design och kan visas upph\u00e4ngd eller p\u00e5 den medf\u00f6ljande st\u00e4llningen. Tillverkad i PVC, ABS och metall \u00e4r denna kompakta figur perfekt som samlarobjekt eller dekorativ accessoar f\u00f6r fans av Arknights.<\/p>","protected":false},"featured_media":101347,"comment_status":"closed","ping_status":"closed","template":"","meta":{"_acf_changed":false,"_monsterinsights_skip_tracking":false,"_monsterinsights_sitenote_active":false,"_monsterinsights_sitenote_note":"","_monsterinsights_sitenote_category":0},"product_brand":[7074],"product_cat":[537],"product_tag":[26],"giftcard-category":[],"class_list":{"0":"post-101348","1":"product","2":"type-product","3":"status-publish","4":"has-post-thumbnail","6":"product_brand-myethos","7":"product_cat-arknights","8":"product_tag-pre-order","9":"pa_franchise-arknights","10":"pa_karaktar-civilight-eterna","11":"pa_material-abs","12":"pa_material-metal","13":"pa_material-pvc","14":"pa_storlek-10-cm","16":"first","17":"instock","18":"taxable","19":"shipping-taxable","20":"purchasable","21":"product-type-simple"},"acf":[],"yoast_head":"<!-- This site is optimized with the Yoast SEO Premium plugin v24.6 (Yoast SEO v27.4) - https:\/\/yoast.com\/product\/yoast-seo-premium-wordpress\/ -->\n<title>Arknights Hang on chibi figure series Civilight Eterna (Figure) | Animefigurer.se<\/title>\n<meta name=\"robots\" content=\"index, follow, max-snippet:-1, max-image-preview:large, max-video-preview:-1\" \/>\n<link rel=\"canonical\" href=\"https:\/\/animefigurer.se\/en\/figurer\/arknights\/arknights-hang-on-chibi-figure-series-civilight-eterna-figure\/\" \/>\n<meta property=\"og:locale\" content=\"en_GB\" \/>\n<meta property=\"og:type\" content=\"article\" \/>\n<meta property=\"og:title\" content=\"Arknights Hang on chibi figure series Civilight Eterna (Figure)\" \/>\n<meta property=\"og:description\" content=\"Denna chibi-figur f\u00f6rest\u00e4ller Civilight Eterna fr\u00e5n Arknights och ing\u00e5r i Hang On-serien. Figuren har en s\u00f6t och detaljerad design och kan visas upph\u00e4ngd eller p\u00e5 den medf\u00f6ljande st\u00e4llningen. Tillverkad i PVC, ABS och metall \u00e4r denna kompakta figur perfekt som samlarobjekt eller dekorativ accessoar f\u00f6r fans av Arknights.\" \/>\n<meta property=\"og:url\" content=\"https:\/\/animefigurer.se\/en\/figurer\/arknights\/arknights-hang-on-chibi-figure-series-civilight-eterna-figure\/\" \/>\n<meta property=\"og:site_name\" content=\"Animefigurer.se\" \/>\n<meta property=\"article:publisher\" content=\"https:\/\/www.facebook.com\/profile.php?id=61581826539670\" \/>\n<meta property=\"article:modified_time\" content=\"2026-05-01T19:07:52+00:00\" \/>\n<meta property=\"og:image\" content=\"https:\/\/animefigurer.se\/wp-content\/uploads\/2026\/05\/11378479a.jpg\" \/>\n\t<meta property=\"og:image:width\" content=\"1200\" \/>\n\t<meta property=\"og:image:height\" content=\"1200\" \/>\n\t<meta property=\"og:image:type\" content=\"image\/jpeg\" \/>\n<meta name=\"twitter:card\" content=\"summary_large_image\" \/>\n<meta name=\"twitter:label1\" content=\"Estimated reading time\" \/>\n\t<meta name=\"twitter:data1\" content=\"1 minute\" \/>\n<script type=\"application\/ld+json\" class=\"yoast-schema-graph\">{\"@context\":\"https:\\\/\\\/schema.org\",\"@graph\":[{\"@type\":\"WebPage\",\"@id\":\"https:\\\/\\\/animefigurer.se\\\/figurer\\\/arknights\\\/arknights-hang-on-chibi-figure-series-civilight-eterna-figure\\\/\",\"url\":\"https:\\\/\\\/animefigurer.se\\\/figurer\\\/arknights\\\/arknights-hang-on-chibi-figure-series-civilight-eterna-figure\\\/\",\"name\":\"Arknights Hang on chibi figure series Civilight Eterna (Figure) | Animefigurer.se\",\"isPartOf\":{\"@id\":\"https:\\\/\\\/animefigurer.se\\\/#website\"},\"primaryImageOfPage\":{\"@id\":\"https:\\\/\\\/animefigurer.se\\\/figurer\\\/arknights\\\/arknights-hang-on-chibi-figure-series-civilight-eterna-figure\\\/#primaryimage\"},\"image\":{\"@id\":\"https:\\\/\\\/animefigurer.se\\\/figurer\\\/arknights\\\/arknights-hang-on-chibi-figure-series-civilight-eterna-figure\\\/#primaryimage\"},\"thumbnailUrl\":\"https:\\\/\\\/animefigurer.se\\\/wp-content\\\/uploads\\\/2026\\\/05\\\/11378479a.jpg\",\"datePublished\":\"2026-05-01T08:08:21+00:00\",\"dateModified\":\"2026-05-01T19:07:52+00:00\",\"breadcrumb\":{\"@id\":\"https:\\\/\\\/animefigurer.se\\\/figurer\\\/arknights\\\/arknights-hang-on-chibi-figure-series-civilight-eterna-figure\\\/#breadcrumb\"},\"inLanguage\":\"en-GB\",\"potentialAction\":[{\"@type\":\"ReadAction\",\"target\":[\"https:\\\/\\\/animefigurer.se\\\/figurer\\\/arknights\\\/arknights-hang-on-chibi-figure-series-civilight-eterna-figure\\\/\"]}]},{\"@type\":\"ImageObject\",\"inLanguage\":\"en-GB\",\"@id\":\"https:\\\/\\\/animefigurer.se\\\/figurer\\\/arknights\\\/arknights-hang-on-chibi-figure-series-civilight-eterna-figure\\\/#primaryimage\",\"url\":\"https:\\\/\\\/animefigurer.se\\\/wp-content\\\/uploads\\\/2026\\\/05\\\/11378479a.jpg\",\"contentUrl\":\"https:\\\/\\\/animefigurer.se\\\/wp-content\\\/uploads\\\/2026\\\/05\\\/11378479a.jpg\",\"width\":1200,\"height\":1200},{\"@type\":\"BreadcrumbList\",\"@id\":\"https:\\\/\\\/animefigurer.se\\\/figurer\\\/arknights\\\/arknights-hang-on-chibi-figure-series-civilight-eterna-figure\\\/#breadcrumb\",\"itemListElement\":[{\"@type\":\"ListItem\",\"position\":1,\"name\":\"Home\",\"item\":\"https:\\\/\\\/animefigurer.se\\\/\"},{\"@type\":\"ListItem\",\"position\":2,\"name\":\"Butik\",\"item\":\"https:\\\/\\\/animefigurer.se\\\/figurer\\\/\"},{\"@type\":\"ListItem\",\"position\":3,\"name\":\"Arknights Hang on chibi figure series Civilight Eterna (Figure)\"}]},{\"@type\":\"WebSite\",\"@id\":\"https:\\\/\\\/animefigurer.se\\\/#website\",\"url\":\"https:\\\/\\\/animefigurer.se\\\/\",\"name\":\"Animefigurer.se\",\"description\":\"Anime figurer fr\u00e5n \u00f6ver 300 olika anime serier med \u00f6ver 9000 produkter | Anime Shop\",\"publisher\":{\"@id\":\"https:\\\/\\\/animefigurer.se\\\/#organization\"},\"potentialAction\":[{\"@type\":\"SearchAction\",\"target\":{\"@type\":\"EntryPoint\",\"urlTemplate\":\"https:\\\/\\\/animefigurer.se\\\/?s={search_term_string}\"},\"query-input\":{\"@type\":\"PropertyValueSpecification\",\"valueRequired\":true,\"valueName\":\"search_term_string\"}}],\"inLanguage\":\"en-GB\"},{\"@type\":\"Organization\",\"@id\":\"https:\\\/\\\/animefigurer.se\\\/#organization\",\"name\":\"Animefigurer.se\",\"alternateName\":\"Anime figurer | Anime shop\",\"url\":\"https:\\\/\\\/animefigurer.se\\\/\",\"logo\":{\"@type\":\"ImageObject\",\"inLanguage\":\"en-GB\",\"@id\":\"https:\\\/\\\/animefigurer.se\\\/#\\\/schema\\\/logo\\\/image\\\/\",\"url\":\"https:\\\/\\\/animefigurer.se\\\/wp-content\\\/uploads\\\/2025\\\/12\\\/Animefigurer_logowhite.png\",\"contentUrl\":\"https:\\\/\\\/animefigurer.se\\\/wp-content\\\/uploads\\\/2025\\\/12\\\/Animefigurer_logowhite.png\",\"width\":1890,\"height\":1417,\"caption\":\"Animefigurer.se\"},\"image\":{\"@id\":\"https:\\\/\\\/animefigurer.se\\\/#\\\/schema\\\/logo\\\/image\\\/\"},\"sameAs\":[\"https:\\\/\\\/www.facebook.com\\\/profile.php?id=61581826539670\",\"https:\\\/\\\/www.instagram.com\\\/animefigurer.se\\\/\"],\"email\":\"info@animefigurer.se\"}]}<\/script>\n<!-- \/ Yoast SEO Premium plugin. -->","yoast_head_json":{"title":"Arknights Hang on chibi figure series Civilight Eterna (Figure) | Animefigurer.se","robots":{"index":"index","follow":"follow","max-snippet":"max-snippet:-1","max-image-preview":"max-image-preview:large","max-video-preview":"max-video-preview:-1"},"canonical":"https:\/\/animefigurer.se\/en\/figurer\/arknights\/arknights-hang-on-chibi-figure-series-civilight-eterna-figure\/","og_locale":"en_GB","og_type":"article","og_title":"Arknights Hang on chibi figure series Civilight Eterna (Figure)","og_description":"Denna chibi-figur f\u00f6rest\u00e4ller Civilight Eterna fr\u00e5n Arknights och ing\u00e5r i Hang On-serien. Figuren har en s\u00f6t och detaljerad design och kan visas upph\u00e4ngd eller p\u00e5 den medf\u00f6ljande st\u00e4llningen. Tillverkad i PVC, ABS och metall \u00e4r denna kompakta figur perfekt som samlarobjekt eller dekorativ accessoar f\u00f6r fans av Arknights.","og_url":"https:\/\/animefigurer.se\/en\/figurer\/arknights\/arknights-hang-on-chibi-figure-series-civilight-eterna-figure\/","og_site_name":"Animefigurer.se","article_publisher":"https:\/\/www.facebook.com\/profile.php?id=61581826539670","article_modified_time":"2026-05-01T19:07:52+00:00","og_image":[{"width":1200,"height":1200,"url":"https:\/\/animefigurer.se\/wp-content\/uploads\/2026\/05\/11378479a.jpg","type":"image\/jpeg"}],"twitter_card":"summary_large_image","twitter_misc":{"Estimated reading time":"1 minute"},"schema":{"@context":"https:\/\/schema.org","@graph":[{"@type":"WebPage","@id":"https:\/\/animefigurer.se\/figurer\/arknights\/arknights-hang-on-chibi-figure-series-civilight-eterna-figure\/","url":"https:\/\/animefigurer.se\/figurer\/arknights\/arknights-hang-on-chibi-figure-series-civilight-eterna-figure\/","name":"Arknights Hang on chibi figure series Civilight Eterna (Figure) | Animefigurer.se","isPartOf":{"@id":"https:\/\/animefigurer.se\/#website"},"primaryImageOfPage":{"@id":"https:\/\/animefigurer.se\/figurer\/arknights\/arknights-hang-on-chibi-figure-series-civilight-eterna-figure\/#primaryimage"},"image":{"@id":"https:\/\/animefigurer.se\/figurer\/arknights\/arknights-hang-on-chibi-figure-series-civilight-eterna-figure\/#primaryimage"},"thumbnailUrl":"https:\/\/animefigurer.se\/wp-content\/uploads\/2026\/05\/11378479a.jpg","datePublished":"2026-05-01T08:08:21+00:00","dateModified":"2026-05-01T19:07:52+00:00","breadcrumb":{"@id":"https:\/\/animefigurer.se\/figurer\/arknights\/arknights-hang-on-chibi-figure-series-civilight-eterna-figure\/#breadcrumb"},"inLanguage":"en-GB","potentialAction":[{"@type":"ReadAction","target":["https:\/\/animefigurer.se\/figurer\/arknights\/arknights-hang-on-chibi-figure-series-civilight-eterna-figure\/"]}]},{"@type":"ImageObject","inLanguage":"en-GB","@id":"https:\/\/animefigurer.se\/figurer\/arknights\/arknights-hang-on-chibi-figure-series-civilight-eterna-figure\/#primaryimage","url":"https:\/\/animefigurer.se\/wp-content\/uploads\/2026\/05\/11378479a.jpg","contentUrl":"https:\/\/animefigurer.se\/wp-content\/uploads\/2026\/05\/11378479a.jpg","width":1200,"height":1200},{"@type":"BreadcrumbList","@id":"https:\/\/animefigurer.se\/figurer\/arknights\/arknights-hang-on-chibi-figure-series-civilight-eterna-figure\/#breadcrumb","itemListElement":[{"@type":"ListItem","position":1,"name":"Home","item":"https:\/\/animefigurer.se\/"},{"@type":"ListItem","position":2,"name":"Butik","item":"https:\/\/animefigurer.se\/figurer\/"},{"@type":"ListItem","position":3,"name":"Arknights Hang on chibi figure series Civilight Eterna (Figure)"}]},{"@type":"WebSite","@id":"https:\/\/animefigurer.se\/#website","url":"https:\/\/animefigurer.se\/","name":"Animefigurer.se","description":"Anime figures from over 300 different anime series with over 9000 products | Anime Shop","publisher":{"@id":"https:\/\/animefigurer.se\/#organization"},"potentialAction":[{"@type":"SearchAction","target":{"@type":"EntryPoint","urlTemplate":"https:\/\/animefigurer.se\/?s={search_term_string}"},"query-input":{"@type":"PropertyValueSpecification","valueRequired":true,"valueName":"search_term_string"}}],"inLanguage":"en-GB"},{"@type":"Organization","@id":"https:\/\/animefigurer.se\/#organization","name":"Animefigurer.se","alternateName":"Anime figurer | Anime shop","url":"https:\/\/animefigurer.se\/","logo":{"@type":"ImageObject","inLanguage":"en-GB","@id":"https:\/\/animefigurer.se\/#\/schema\/logo\/image\/","url":"https:\/\/animefigurer.se\/wp-content\/uploads\/2025\/12\/Animefigurer_logowhite.png","contentUrl":"https:\/\/animefigurer.se\/wp-content\/uploads\/2025\/12\/Animefigurer_logowhite.png","width":1890,"height":1417,"caption":"Animefigurer.se"},"image":{"@id":"https:\/\/animefigurer.se\/#\/schema\/logo\/image\/"},"sameAs":["https:\/\/www.facebook.com\/profile.php?id=61581826539670","https:\/\/www.instagram.com\/animefigurer.se\/"],"email":"info@animefigurer.se"}]}},"_links":{"self":[{"href":"https:\/\/animefigurer.se\/en\/wp-json\/wp\/v2\/product\/101348","targetHints":{"allow":["GET"]}}],"collection":[{"href":"https:\/\/animefigurer.se\/en\/wp-json\/wp\/v2\/product"}],"about":[{"href":"https:\/\/animefigurer.se\/en\/wp-json\/wp\/v2\/types\/product"}],"replies":[{"embeddable":true,"href":"https:\/\/animefigurer.se\/en\/wp-json\/wp\/v2\/comments?post=101348"}],"wp:featuredmedia":[{"embeddable":true,"href":"https:\/\/animefigurer.se\/en\/wp-json\/wp\/v2\/media\/101347"}],"wp:attachment":[{"href":"https:\/\/animefigurer.se\/en\/wp-json\/wp\/v2\/media?parent=101348"}],"wp:term":[{"taxonomy":"product_brand","embeddable":true,"href":"https:\/\/animefigurer.se\/en\/wp-json\/wp\/v2\/product_brand?post=101348"},{"taxonomy":"product_cat","embeddable":true,"href":"https:\/\/animefigurer.se\/en\/wp-json\/wp\/v2\/product_cat?post=101348"},{"taxonomy":"product_tag","embeddable":true,"href":"https:\/\/animefigurer.se\/en\/wp-json\/wp\/v2\/product_tag?post=101348"},{"taxonomy":"giftcard-category","embeddable":true,"href":"https:\/\/animefigurer.se\/en\/wp-json\/wp\/v2\/giftcard-category?post=101348"}],"curies":[{"name":"wp","href":"https:\/\/api.w.org\/{rel}","templated":true}]}}