{"id":101076,"date":"2026-04-29T17:46:28","date_gmt":"2026-04-29T15:46:28","guid":{"rendered":"https:\/\/animefigurer.se\/?post_type=product&#038;p=101076"},"modified":"2026-04-29T20:37:24","modified_gmt":"2026-04-29T18:37:24","slug":"kimmon-blind-box-mini-figures-ootd-display-6","status":"publish","type":"product","link":"https:\/\/animefigurer.se\/en\/figurer\/kimmon\/kimmon-blind-box-mini-figures-ootd-display-6\/","title":{"rendered":"Kimmon Blind Box Mini Figures OOTD Display (6)"},"content":{"rendered":"<p>Detta displayset inneh\u00e5ller 6 blind box-minifigurer fr\u00e5n Kimmon OOTD-serien. Varje figur har en unik outfit och design, vilket g\u00f6r varje box till en sp\u00e4nnande \u00f6verraskning f\u00f6r samlare.<\/p>\n<p>Perfekt f\u00f6r fans av s\u00f6ta designerfigurer d\u00e4r varje \u00f6ppnad box ger en ny karakt\u00e4r att l\u00e4gga till i samlingen.<\/p>","protected":false},"excerpt":{"rendered":"<p>Detta displayset inneh\u00e5ller 6 blind box-minifigurer fr\u00e5n Kimmon OOTD-serien. Varje figur har en unik outfit och design, vilket g\u00f6r varje box till en sp\u00e4nnande \u00f6verraskning f\u00f6r samlare. Perfekt f\u00f6r fans av s\u00f6ta designerfigurer d\u00e4r varje \u00f6ppnad box ger en ny karakt\u00e4r att l\u00e4gga till i samlingen.<\/p>","protected":false},"featured_media":101075,"comment_status":"closed","ping_status":"closed","template":"","meta":{"_acf_changed":false,"_monsterinsights_skip_tracking":false,"_monsterinsights_sitenote_active":false,"_monsterinsights_sitenote_note":"","_monsterinsights_sitenote_category":0},"product_brand":[8234],"product_cat":[8233],"product_tag":[26],"giftcard-category":[],"class_list":{"0":"post-101076","1":"product","2":"type-product","3":"status-publish","4":"has-post-thumbnail","6":"product_brand-centel","7":"product_cat-kimmon","8":"product_tag-pre-order","9":"pa_franchise-kimmon","10":"pa_material-abs","11":"pa_material-pvc","12":"pa_storlek-12-cm","14":"first","15":"instock","16":"taxable","17":"shipping-taxable","18":"purchasable","19":"product-type-simple"},"acf":[],"yoast_head":"<!-- This site is optimized with the Yoast SEO Premium plugin v24.6 (Yoast SEO v27.4) - https:\/\/yoast.com\/product\/yoast-seo-premium-wordpress\/ -->\n<title>Kimmon Blind Box Mini Figures OOTD Display (6) | Animefigurer.se<\/title>\n<meta name=\"robots\" content=\"index, follow, max-snippet:-1, max-image-preview:large, max-video-preview:-1\" \/>\n<link rel=\"canonical\" href=\"https:\/\/animefigurer.se\/en\/figurer\/kimmon\/kimmon-blind-box-mini-figures-ootd-display-6\/\" \/>\n<meta property=\"og:locale\" content=\"en_GB\" \/>\n<meta property=\"og:type\" content=\"article\" \/>\n<meta property=\"og:title\" content=\"Kimmon Blind Box Mini Figures OOTD Display (6)\" \/>\n<meta property=\"og:description\" content=\"Detta displayset inneh\u00e5ller 6 blind box-minifigurer fr\u00e5n Kimmon OOTD-serien. Varje figur har en unik outfit och design, vilket g\u00f6r varje box till en sp\u00e4nnande \u00f6verraskning f\u00f6r samlare. Perfekt f\u00f6r fans av s\u00f6ta designerfigurer d\u00e4r varje \u00f6ppnad box ger en ny karakt\u00e4r att l\u00e4gga till i samlingen.\" \/>\n<meta property=\"og:url\" content=\"https:\/\/animefigurer.se\/en\/figurer\/kimmon\/kimmon-blind-box-mini-figures-ootd-display-6\/\" \/>\n<meta property=\"og:site_name\" content=\"Animefigurer.se\" \/>\n<meta property=\"article:publisher\" content=\"https:\/\/www.facebook.com\/profile.php?id=61581826539670\" \/>\n<meta property=\"article:modified_time\" content=\"2026-04-29T18:37:24+00:00\" \/>\n<meta property=\"og:image\" content=\"https:\/\/animefigurer.se\/wp-content\/uploads\/2026\/04\/x_cntlki556035-6.jpg\" \/>\n\t<meta property=\"og:image:width\" content=\"500\" \/>\n\t<meta property=\"og:image:height\" content=\"500\" \/>\n\t<meta property=\"og:image:type\" content=\"image\/jpeg\" \/>\n<meta name=\"twitter:card\" content=\"summary_large_image\" \/>\n<meta name=\"twitter:label1\" content=\"Estimated reading time\" \/>\n\t<meta name=\"twitter:data1\" content=\"1 minute\" \/>\n<script type=\"application\/ld+json\" class=\"yoast-schema-graph\">{\"@context\":\"https:\\\/\\\/schema.org\",\"@graph\":[{\"@type\":\"WebPage\",\"@id\":\"https:\\\/\\\/animefigurer.se\\\/figurer\\\/kimmon\\\/kimmon-blind-box-mini-figures-ootd-display-6\\\/\",\"url\":\"https:\\\/\\\/animefigurer.se\\\/figurer\\\/kimmon\\\/kimmon-blind-box-mini-figures-ootd-display-6\\\/\",\"name\":\"Kimmon Blind Box Mini Figures OOTD Display (6) | Animefigurer.se\",\"isPartOf\":{\"@id\":\"https:\\\/\\\/animefigurer.se\\\/#website\"},\"primaryImageOfPage\":{\"@id\":\"https:\\\/\\\/animefigurer.se\\\/figurer\\\/kimmon\\\/kimmon-blind-box-mini-figures-ootd-display-6\\\/#primaryimage\"},\"image\":{\"@id\":\"https:\\\/\\\/animefigurer.se\\\/figurer\\\/kimmon\\\/kimmon-blind-box-mini-figures-ootd-display-6\\\/#primaryimage\"},\"thumbnailUrl\":\"https:\\\/\\\/animefigurer.se\\\/wp-content\\\/uploads\\\/2026\\\/04\\\/x_cntlki556035-6.jpg\",\"datePublished\":\"2026-04-29T15:46:28+00:00\",\"dateModified\":\"2026-04-29T18:37:24+00:00\",\"breadcrumb\":{\"@id\":\"https:\\\/\\\/animefigurer.se\\\/figurer\\\/kimmon\\\/kimmon-blind-box-mini-figures-ootd-display-6\\\/#breadcrumb\"},\"inLanguage\":\"en-GB\",\"potentialAction\":[{\"@type\":\"ReadAction\",\"target\":[\"https:\\\/\\\/animefigurer.se\\\/figurer\\\/kimmon\\\/kimmon-blind-box-mini-figures-ootd-display-6\\\/\"]}]},{\"@type\":\"ImageObject\",\"inLanguage\":\"en-GB\",\"@id\":\"https:\\\/\\\/animefigurer.se\\\/figurer\\\/kimmon\\\/kimmon-blind-box-mini-figures-ootd-display-6\\\/#primaryimage\",\"url\":\"https:\\\/\\\/animefigurer.se\\\/wp-content\\\/uploads\\\/2026\\\/04\\\/x_cntlki556035-6.jpg\",\"contentUrl\":\"https:\\\/\\\/animefigurer.se\\\/wp-content\\\/uploads\\\/2026\\\/04\\\/x_cntlki556035-6.jpg\",\"width\":500,\"height\":500},{\"@type\":\"BreadcrumbList\",\"@id\":\"https:\\\/\\\/animefigurer.se\\\/figurer\\\/kimmon\\\/kimmon-blind-box-mini-figures-ootd-display-6\\\/#breadcrumb\",\"itemListElement\":[{\"@type\":\"ListItem\",\"position\":1,\"name\":\"Home\",\"item\":\"https:\\\/\\\/animefigurer.se\\\/\"},{\"@type\":\"ListItem\",\"position\":2,\"name\":\"Butik\",\"item\":\"https:\\\/\\\/animefigurer.se\\\/figurer\\\/\"},{\"@type\":\"ListItem\",\"position\":3,\"name\":\"Kimmon Blind Box Mini Figures OOTD Display (6)\"}]},{\"@type\":\"WebSite\",\"@id\":\"https:\\\/\\\/animefigurer.se\\\/#website\",\"url\":\"https:\\\/\\\/animefigurer.se\\\/\",\"name\":\"Animefigurer.se\",\"description\":\"Anime figurer fr\u00e5n \u00f6ver 300 olika anime serier med \u00f6ver 9000 produkter | Anime Shop\",\"publisher\":{\"@id\":\"https:\\\/\\\/animefigurer.se\\\/#organization\"},\"potentialAction\":[{\"@type\":\"SearchAction\",\"target\":{\"@type\":\"EntryPoint\",\"urlTemplate\":\"https:\\\/\\\/animefigurer.se\\\/?s={search_term_string}\"},\"query-input\":{\"@type\":\"PropertyValueSpecification\",\"valueRequired\":true,\"valueName\":\"search_term_string\"}}],\"inLanguage\":\"en-GB\"},{\"@type\":\"Organization\",\"@id\":\"https:\\\/\\\/animefigurer.se\\\/#organization\",\"name\":\"Animefigurer.se\",\"alternateName\":\"Anime figurer | Anime shop\",\"url\":\"https:\\\/\\\/animefigurer.se\\\/\",\"logo\":{\"@type\":\"ImageObject\",\"inLanguage\":\"en-GB\",\"@id\":\"https:\\\/\\\/animefigurer.se\\\/#\\\/schema\\\/logo\\\/image\\\/\",\"url\":\"https:\\\/\\\/animefigurer.se\\\/wp-content\\\/uploads\\\/2025\\\/12\\\/Animefigurer_logowhite.png\",\"contentUrl\":\"https:\\\/\\\/animefigurer.se\\\/wp-content\\\/uploads\\\/2025\\\/12\\\/Animefigurer_logowhite.png\",\"width\":1890,\"height\":1417,\"caption\":\"Animefigurer.se\"},\"image\":{\"@id\":\"https:\\\/\\\/animefigurer.se\\\/#\\\/schema\\\/logo\\\/image\\\/\"},\"sameAs\":[\"https:\\\/\\\/www.facebook.com\\\/profile.php?id=61581826539670\",\"https:\\\/\\\/www.instagram.com\\\/animefigurer.se\\\/\"],\"email\":\"info@animefigurer.se\"}]}<\/script>\n<!-- \/ Yoast SEO Premium plugin. -->","yoast_head_json":{"title":"Kimmon Blind Box Mini Figures OOTD Display (6) | Animefigurer.se","robots":{"index":"index","follow":"follow","max-snippet":"max-snippet:-1","max-image-preview":"max-image-preview:large","max-video-preview":"max-video-preview:-1"},"canonical":"https:\/\/animefigurer.se\/en\/figurer\/kimmon\/kimmon-blind-box-mini-figures-ootd-display-6\/","og_locale":"en_GB","og_type":"article","og_title":"Kimmon Blind Box Mini Figures OOTD Display (6)","og_description":"Detta displayset inneh\u00e5ller 6 blind box-minifigurer fr\u00e5n Kimmon OOTD-serien. Varje figur har en unik outfit och design, vilket g\u00f6r varje box till en sp\u00e4nnande \u00f6verraskning f\u00f6r samlare. Perfekt f\u00f6r fans av s\u00f6ta designerfigurer d\u00e4r varje \u00f6ppnad box ger en ny karakt\u00e4r att l\u00e4gga till i samlingen.","og_url":"https:\/\/animefigurer.se\/en\/figurer\/kimmon\/kimmon-blind-box-mini-figures-ootd-display-6\/","og_site_name":"Animefigurer.se","article_publisher":"https:\/\/www.facebook.com\/profile.php?id=61581826539670","article_modified_time":"2026-04-29T18:37:24+00:00","og_image":[{"width":500,"height":500,"url":"https:\/\/animefigurer.se\/wp-content\/uploads\/2026\/04\/x_cntlki556035-6.jpg","type":"image\/jpeg"}],"twitter_card":"summary_large_image","twitter_misc":{"Estimated reading time":"1 minute"},"schema":{"@context":"https:\/\/schema.org","@graph":[{"@type":"WebPage","@id":"https:\/\/animefigurer.se\/figurer\/kimmon\/kimmon-blind-box-mini-figures-ootd-display-6\/","url":"https:\/\/animefigurer.se\/figurer\/kimmon\/kimmon-blind-box-mini-figures-ootd-display-6\/","name":"Kimmon Blind Box Mini Figures OOTD Display (6) | Animefigurer.se","isPartOf":{"@id":"https:\/\/animefigurer.se\/#website"},"primaryImageOfPage":{"@id":"https:\/\/animefigurer.se\/figurer\/kimmon\/kimmon-blind-box-mini-figures-ootd-display-6\/#primaryimage"},"image":{"@id":"https:\/\/animefigurer.se\/figurer\/kimmon\/kimmon-blind-box-mini-figures-ootd-display-6\/#primaryimage"},"thumbnailUrl":"https:\/\/animefigurer.se\/wp-content\/uploads\/2026\/04\/x_cntlki556035-6.jpg","datePublished":"2026-04-29T15:46:28+00:00","dateModified":"2026-04-29T18:37:24+00:00","breadcrumb":{"@id":"https:\/\/animefigurer.se\/figurer\/kimmon\/kimmon-blind-box-mini-figures-ootd-display-6\/#breadcrumb"},"inLanguage":"en-GB","potentialAction":[{"@type":"ReadAction","target":["https:\/\/animefigurer.se\/figurer\/kimmon\/kimmon-blind-box-mini-figures-ootd-display-6\/"]}]},{"@type":"ImageObject","inLanguage":"en-GB","@id":"https:\/\/animefigurer.se\/figurer\/kimmon\/kimmon-blind-box-mini-figures-ootd-display-6\/#primaryimage","url":"https:\/\/animefigurer.se\/wp-content\/uploads\/2026\/04\/x_cntlki556035-6.jpg","contentUrl":"https:\/\/animefigurer.se\/wp-content\/uploads\/2026\/04\/x_cntlki556035-6.jpg","width":500,"height":500},{"@type":"BreadcrumbList","@id":"https:\/\/animefigurer.se\/figurer\/kimmon\/kimmon-blind-box-mini-figures-ootd-display-6\/#breadcrumb","itemListElement":[{"@type":"ListItem","position":1,"name":"Home","item":"https:\/\/animefigurer.se\/"},{"@type":"ListItem","position":2,"name":"Butik","item":"https:\/\/animefigurer.se\/figurer\/"},{"@type":"ListItem","position":3,"name":"Kimmon Blind Box Mini Figures OOTD Display (6)"}]},{"@type":"WebSite","@id":"https:\/\/animefigurer.se\/#website","url":"https:\/\/animefigurer.se\/","name":"Animefigurer.se","description":"Anime figures from over 300 different anime series with over 9000 products | Anime Shop","publisher":{"@id":"https:\/\/animefigurer.se\/#organization"},"potentialAction":[{"@type":"SearchAction","target":{"@type":"EntryPoint","urlTemplate":"https:\/\/animefigurer.se\/?s={search_term_string}"},"query-input":{"@type":"PropertyValueSpecification","valueRequired":true,"valueName":"search_term_string"}}],"inLanguage":"en-GB"},{"@type":"Organization","@id":"https:\/\/animefigurer.se\/#organization","name":"Animefigurer.se","alternateName":"Anime figurer | Anime shop","url":"https:\/\/animefigurer.se\/","logo":{"@type":"ImageObject","inLanguage":"en-GB","@id":"https:\/\/animefigurer.se\/#\/schema\/logo\/image\/","url":"https:\/\/animefigurer.se\/wp-content\/uploads\/2025\/12\/Animefigurer_logowhite.png","contentUrl":"https:\/\/animefigurer.se\/wp-content\/uploads\/2025\/12\/Animefigurer_logowhite.png","width":1890,"height":1417,"caption":"Animefigurer.se"},"image":{"@id":"https:\/\/animefigurer.se\/#\/schema\/logo\/image\/"},"sameAs":["https:\/\/www.facebook.com\/profile.php?id=61581826539670","https:\/\/www.instagram.com\/animefigurer.se\/"],"email":"info@animefigurer.se"}]}},"_links":{"self":[{"href":"https:\/\/animefigurer.se\/en\/wp-json\/wp\/v2\/product\/101076","targetHints":{"allow":["GET"]}}],"collection":[{"href":"https:\/\/animefigurer.se\/en\/wp-json\/wp\/v2\/product"}],"about":[{"href":"https:\/\/animefigurer.se\/en\/wp-json\/wp\/v2\/types\/product"}],"replies":[{"embeddable":true,"href":"https:\/\/animefigurer.se\/en\/wp-json\/wp\/v2\/comments?post=101076"}],"wp:featuredmedia":[{"embeddable":true,"href":"https:\/\/animefigurer.se\/en\/wp-json\/wp\/v2\/media\/101075"}],"wp:attachment":[{"href":"https:\/\/animefigurer.se\/en\/wp-json\/wp\/v2\/media?parent=101076"}],"wp:term":[{"taxonomy":"product_brand","embeddable":true,"href":"https:\/\/animefigurer.se\/en\/wp-json\/wp\/v2\/product_brand?post=101076"},{"taxonomy":"product_cat","embeddable":true,"href":"https:\/\/animefigurer.se\/en\/wp-json\/wp\/v2\/product_cat?post=101076"},{"taxonomy":"product_tag","embeddable":true,"href":"https:\/\/animefigurer.se\/en\/wp-json\/wp\/v2\/product_tag?post=101076"},{"taxonomy":"giftcard-category","embeddable":true,"href":"https:\/\/animefigurer.se\/en\/wp-json\/wp\/v2\/giftcard-category?post=101076"}],"curies":[{"name":"wp","href":"https:\/\/api.w.org\/{rel}","templated":true}]}}