{"id":100821,"date":"2026-04-29T17:44:51","date_gmt":"2026-04-29T15:44:51","guid":{"rendered":"https:\/\/animefigurer.se\/?post_type=product&#038;p=100821"},"modified":"2026-04-29T20:47:23","modified_gmt":"2026-04-29T18:47:23","slug":"one-piece-giant-bash-vol-2-ichibansho-masterlise-expiece-pvc-figure-character-a-tba-16-cm","status":"publish","type":"product","link":"https:\/\/animefigurer.se\/en\/figurer\/one-piece\/one-piece-giant-bash-vol-2-ichibansho-masterlise-expiece-pvc-figure-character-a-tba-16-cm\/","title":{"rendered":"One Piece Giant Bash!! Vol. 2 Ichibansho Masterlise Expiece PVC Figure Character A (TBA) 16 cm"},"content":{"rendered":"<p>Denna figur \u00e4r en del av One Piece Giant Bash!! Vol. 2-serien och ing\u00e5r i Ichibansho Masterlise Expiece-kollektionen. Figuren representerar en \u00e4nnu ej avsl\u00f6jad karakt\u00e4r och erbjuder en sp\u00e4nnande \u00f6verraskning f\u00f6r samlare.<\/p>\n<p>Med en h\u00f6jd p\u00e5 cirka 16 cm och tillverkad i PVC \u00e4r denna figur ett intressant tillskott f\u00f6r fans som vill komplettera sin samling fr\u00e5n denna serie.<\/p>","protected":false},"excerpt":{"rendered":"<p>Denna figur \u00e4r en del av One Piece Giant Bash!! Vol. 2-serien och ing\u00e5r i Ichibansho Masterlise Expiece-kollektionen. Figuren representerar en \u00e4nnu ej avsl\u00f6jad karakt\u00e4r och erbjuder en sp\u00e4nnande \u00f6verraskning f\u00f6r samlare. Med en h\u00f6jd p\u00e5 cirka 16 cm och tillverkad i PVC \u00e4r denna figur ett intressant tillskott f\u00f6r fans som vill komplettera sin [&hellip;]<\/p>\n","protected":false},"featured_media":100820,"comment_status":"closed","ping_status":"closed","template":"","meta":{"_acf_changed":false,"_monsterinsights_skip_tracking":false,"_monsterinsights_sitenote_active":false,"_monsterinsights_sitenote_note":"","_monsterinsights_sitenote_category":0},"product_brand":[6924],"product_cat":[18],"product_tag":[26],"giftcard-category":[],"class_list":{"0":"post-100821","1":"product","2":"type-product","3":"status-publish","4":"has-post-thumbnail","6":"product_brand-bandai","7":"product_cat-one-piece","8":"product_tag-pre-order","9":"pa_franchise-one-piece","10":"pa_material-pvc","11":"pa_produktserie-ichibansho","12":"pa_storlek-16-cm","14":"first","15":"instock","16":"taxable","17":"shipping-taxable","18":"purchasable","19":"product-type-simple"},"acf":[],"yoast_head":"<!-- This site is optimized with the Yoast SEO Premium plugin v24.6 (Yoast SEO v27.4) - https:\/\/yoast.com\/product\/yoast-seo-premium-wordpress\/ -->\n<title>One Piece Giant Bash!! Vol. 2 Ichibansho Masterlise Expiece PVC Figure Character A (TBA) 16 cm | Animefigurer.se<\/title>\n<meta name=\"robots\" content=\"index, follow, max-snippet:-1, max-image-preview:large, max-video-preview:-1\" \/>\n<link rel=\"canonical\" href=\"https:\/\/animefigurer.se\/en\/figurer\/one-piece\/one-piece-giant-bash-vol-2-ichibansho-masterlise-expiece-pvc-figure-character-a-tba-16-cm\/\" \/>\n<meta property=\"og:locale\" content=\"en_GB\" \/>\n<meta property=\"og:type\" content=\"article\" \/>\n<meta property=\"og:title\" content=\"One Piece Giant Bash!! Vol. 2 Ichibansho Masterlise Expiece PVC Figure Character A (TBA) 16 cm\" \/>\n<meta property=\"og:description\" content=\"Denna figur \u00e4r en del av One Piece Giant Bash!! Vol. 2-serien och ing\u00e5r i Ichibansho Masterlise Expiece-kollektionen. Figuren representerar en \u00e4nnu ej avsl\u00f6jad karakt\u00e4r och erbjuder en sp\u00e4nnande \u00f6verraskning f\u00f6r samlare. Med en h\u00f6jd p\u00e5 cirka 16 cm och tillverkad i PVC \u00e4r denna figur ett intressant tillskott f\u00f6r fans som vill komplettera sin [&hellip;]\" \/>\n<meta property=\"og:url\" content=\"https:\/\/animefigurer.se\/en\/figurer\/one-piece\/one-piece-giant-bash-vol-2-ichibansho-masterlise-expiece-pvc-figure-character-a-tba-16-cm\/\" \/>\n<meta property=\"og:site_name\" content=\"Animefigurer.se\" \/>\n<meta property=\"article:publisher\" content=\"https:\/\/www.facebook.com\/profile.php?id=61581826539670\" \/>\n<meta property=\"article:modified_time\" content=\"2026-04-29T18:47:23+00:00\" \/>\n<meta property=\"og:image\" content=\"https:\/\/animefigurer.se\/wp-content\/uploads\/2026\/04\/x_ban-is72483.jpg\" \/>\n\t<meta property=\"og:image:width\" content=\"395\" \/>\n\t<meta property=\"og:image:height\" content=\"494\" \/>\n\t<meta property=\"og:image:type\" content=\"image\/jpeg\" \/>\n<meta name=\"twitter:card\" content=\"summary_large_image\" \/>\n<meta name=\"twitter:label1\" content=\"Estimated reading time\" \/>\n\t<meta name=\"twitter:data1\" content=\"1 minute\" \/>\n<script type=\"application\/ld+json\" class=\"yoast-schema-graph\">{\"@context\":\"https:\\\/\\\/schema.org\",\"@graph\":[{\"@type\":\"WebPage\",\"@id\":\"https:\\\/\\\/animefigurer.se\\\/figurer\\\/one-piece\\\/one-piece-giant-bash-vol-2-ichibansho-masterlise-expiece-pvc-figure-character-a-tba-16-cm\\\/\",\"url\":\"https:\\\/\\\/animefigurer.se\\\/figurer\\\/one-piece\\\/one-piece-giant-bash-vol-2-ichibansho-masterlise-expiece-pvc-figure-character-a-tba-16-cm\\\/\",\"name\":\"One Piece Giant Bash!! Vol. 2 Ichibansho Masterlise Expiece PVC Figure Character A (TBA) 16 cm | Animefigurer.se\",\"isPartOf\":{\"@id\":\"https:\\\/\\\/animefigurer.se\\\/#website\"},\"primaryImageOfPage\":{\"@id\":\"https:\\\/\\\/animefigurer.se\\\/figurer\\\/one-piece\\\/one-piece-giant-bash-vol-2-ichibansho-masterlise-expiece-pvc-figure-character-a-tba-16-cm\\\/#primaryimage\"},\"image\":{\"@id\":\"https:\\\/\\\/animefigurer.se\\\/figurer\\\/one-piece\\\/one-piece-giant-bash-vol-2-ichibansho-masterlise-expiece-pvc-figure-character-a-tba-16-cm\\\/#primaryimage\"},\"thumbnailUrl\":\"https:\\\/\\\/animefigurer.se\\\/wp-content\\\/uploads\\\/2026\\\/04\\\/x_ban-is72483.jpg\",\"datePublished\":\"2026-04-29T15:44:51+00:00\",\"dateModified\":\"2026-04-29T18:47:23+00:00\",\"breadcrumb\":{\"@id\":\"https:\\\/\\\/animefigurer.se\\\/figurer\\\/one-piece\\\/one-piece-giant-bash-vol-2-ichibansho-masterlise-expiece-pvc-figure-character-a-tba-16-cm\\\/#breadcrumb\"},\"inLanguage\":\"en-GB\",\"potentialAction\":[{\"@type\":\"ReadAction\",\"target\":[\"https:\\\/\\\/animefigurer.se\\\/figurer\\\/one-piece\\\/one-piece-giant-bash-vol-2-ichibansho-masterlise-expiece-pvc-figure-character-a-tba-16-cm\\\/\"]}]},{\"@type\":\"ImageObject\",\"inLanguage\":\"en-GB\",\"@id\":\"https:\\\/\\\/animefigurer.se\\\/figurer\\\/one-piece\\\/one-piece-giant-bash-vol-2-ichibansho-masterlise-expiece-pvc-figure-character-a-tba-16-cm\\\/#primaryimage\",\"url\":\"https:\\\/\\\/animefigurer.se\\\/wp-content\\\/uploads\\\/2026\\\/04\\\/x_ban-is72483.jpg\",\"contentUrl\":\"https:\\\/\\\/animefigurer.se\\\/wp-content\\\/uploads\\\/2026\\\/04\\\/x_ban-is72483.jpg\",\"width\":395,\"height\":494},{\"@type\":\"BreadcrumbList\",\"@id\":\"https:\\\/\\\/animefigurer.se\\\/figurer\\\/one-piece\\\/one-piece-giant-bash-vol-2-ichibansho-masterlise-expiece-pvc-figure-character-a-tba-16-cm\\\/#breadcrumb\",\"itemListElement\":[{\"@type\":\"ListItem\",\"position\":1,\"name\":\"Home\",\"item\":\"https:\\\/\\\/animefigurer.se\\\/\"},{\"@type\":\"ListItem\",\"position\":2,\"name\":\"Butik\",\"item\":\"https:\\\/\\\/animefigurer.se\\\/figurer\\\/\"},{\"@type\":\"ListItem\",\"position\":3,\"name\":\"One Piece Giant Bash!! Vol. 2 Ichibansho Masterlise Expiece PVC Figure Character A (TBA) 16 cm\"}]},{\"@type\":\"WebSite\",\"@id\":\"https:\\\/\\\/animefigurer.se\\\/#website\",\"url\":\"https:\\\/\\\/animefigurer.se\\\/\",\"name\":\"Animefigurer.se\",\"description\":\"Anime figurer fr\u00e5n \u00f6ver 300 olika anime serier med \u00f6ver 9000 produkter | Anime Shop\",\"publisher\":{\"@id\":\"https:\\\/\\\/animefigurer.se\\\/#organization\"},\"potentialAction\":[{\"@type\":\"SearchAction\",\"target\":{\"@type\":\"EntryPoint\",\"urlTemplate\":\"https:\\\/\\\/animefigurer.se\\\/?s={search_term_string}\"},\"query-input\":{\"@type\":\"PropertyValueSpecification\",\"valueRequired\":true,\"valueName\":\"search_term_string\"}}],\"inLanguage\":\"en-GB\"},{\"@type\":\"Organization\",\"@id\":\"https:\\\/\\\/animefigurer.se\\\/#organization\",\"name\":\"Animefigurer.se\",\"alternateName\":\"Anime figurer | Anime shop\",\"url\":\"https:\\\/\\\/animefigurer.se\\\/\",\"logo\":{\"@type\":\"ImageObject\",\"inLanguage\":\"en-GB\",\"@id\":\"https:\\\/\\\/animefigurer.se\\\/#\\\/schema\\\/logo\\\/image\\\/\",\"url\":\"https:\\\/\\\/animefigurer.se\\\/wp-content\\\/uploads\\\/2025\\\/12\\\/Animefigurer_logowhite.png\",\"contentUrl\":\"https:\\\/\\\/animefigurer.se\\\/wp-content\\\/uploads\\\/2025\\\/12\\\/Animefigurer_logowhite.png\",\"width\":1890,\"height\":1417,\"caption\":\"Animefigurer.se\"},\"image\":{\"@id\":\"https:\\\/\\\/animefigurer.se\\\/#\\\/schema\\\/logo\\\/image\\\/\"},\"sameAs\":[\"https:\\\/\\\/www.facebook.com\\\/profile.php?id=61581826539670\",\"https:\\\/\\\/www.instagram.com\\\/animefigurer.se\\\/\"],\"email\":\"info@animefigurer.se\"}]}<\/script>\n<!-- \/ Yoast SEO Premium plugin. -->","yoast_head_json":{"title":"One Piece Giant Bash!! Vol. 2 Ichibansho Masterlise Expiece PVC Figure Character A (TBA) 16 cm | Animefigurer.se","robots":{"index":"index","follow":"follow","max-snippet":"max-snippet:-1","max-image-preview":"max-image-preview:large","max-video-preview":"max-video-preview:-1"},"canonical":"https:\/\/animefigurer.se\/en\/figurer\/one-piece\/one-piece-giant-bash-vol-2-ichibansho-masterlise-expiece-pvc-figure-character-a-tba-16-cm\/","og_locale":"en_GB","og_type":"article","og_title":"One Piece Giant Bash!! Vol. 2 Ichibansho Masterlise Expiece PVC Figure Character A (TBA) 16 cm","og_description":"Denna figur \u00e4r en del av One Piece Giant Bash!! Vol. 2-serien och ing\u00e5r i Ichibansho Masterlise Expiece-kollektionen. Figuren representerar en \u00e4nnu ej avsl\u00f6jad karakt\u00e4r och erbjuder en sp\u00e4nnande \u00f6verraskning f\u00f6r samlare. Med en h\u00f6jd p\u00e5 cirka 16 cm och tillverkad i PVC \u00e4r denna figur ett intressant tillskott f\u00f6r fans som vill komplettera sin [&hellip;]","og_url":"https:\/\/animefigurer.se\/en\/figurer\/one-piece\/one-piece-giant-bash-vol-2-ichibansho-masterlise-expiece-pvc-figure-character-a-tba-16-cm\/","og_site_name":"Animefigurer.se","article_publisher":"https:\/\/www.facebook.com\/profile.php?id=61581826539670","article_modified_time":"2026-04-29T18:47:23+00:00","og_image":[{"width":395,"height":494,"url":"https:\/\/animefigurer.se\/wp-content\/uploads\/2026\/04\/x_ban-is72483.jpg","type":"image\/jpeg"}],"twitter_card":"summary_large_image","twitter_misc":{"Estimated reading time":"1 minute"},"schema":{"@context":"https:\/\/schema.org","@graph":[{"@type":"WebPage","@id":"https:\/\/animefigurer.se\/figurer\/one-piece\/one-piece-giant-bash-vol-2-ichibansho-masterlise-expiece-pvc-figure-character-a-tba-16-cm\/","url":"https:\/\/animefigurer.se\/figurer\/one-piece\/one-piece-giant-bash-vol-2-ichibansho-masterlise-expiece-pvc-figure-character-a-tba-16-cm\/","name":"One Piece Giant Bash!! Vol. 2 Ichibansho Masterlise Expiece PVC Figure Character A (TBA) 16 cm | Animefigurer.se","isPartOf":{"@id":"https:\/\/animefigurer.se\/#website"},"primaryImageOfPage":{"@id":"https:\/\/animefigurer.se\/figurer\/one-piece\/one-piece-giant-bash-vol-2-ichibansho-masterlise-expiece-pvc-figure-character-a-tba-16-cm\/#primaryimage"},"image":{"@id":"https:\/\/animefigurer.se\/figurer\/one-piece\/one-piece-giant-bash-vol-2-ichibansho-masterlise-expiece-pvc-figure-character-a-tba-16-cm\/#primaryimage"},"thumbnailUrl":"https:\/\/animefigurer.se\/wp-content\/uploads\/2026\/04\/x_ban-is72483.jpg","datePublished":"2026-04-29T15:44:51+00:00","dateModified":"2026-04-29T18:47:23+00:00","breadcrumb":{"@id":"https:\/\/animefigurer.se\/figurer\/one-piece\/one-piece-giant-bash-vol-2-ichibansho-masterlise-expiece-pvc-figure-character-a-tba-16-cm\/#breadcrumb"},"inLanguage":"en-GB","potentialAction":[{"@type":"ReadAction","target":["https:\/\/animefigurer.se\/figurer\/one-piece\/one-piece-giant-bash-vol-2-ichibansho-masterlise-expiece-pvc-figure-character-a-tba-16-cm\/"]}]},{"@type":"ImageObject","inLanguage":"en-GB","@id":"https:\/\/animefigurer.se\/figurer\/one-piece\/one-piece-giant-bash-vol-2-ichibansho-masterlise-expiece-pvc-figure-character-a-tba-16-cm\/#primaryimage","url":"https:\/\/animefigurer.se\/wp-content\/uploads\/2026\/04\/x_ban-is72483.jpg","contentUrl":"https:\/\/animefigurer.se\/wp-content\/uploads\/2026\/04\/x_ban-is72483.jpg","width":395,"height":494},{"@type":"BreadcrumbList","@id":"https:\/\/animefigurer.se\/figurer\/one-piece\/one-piece-giant-bash-vol-2-ichibansho-masterlise-expiece-pvc-figure-character-a-tba-16-cm\/#breadcrumb","itemListElement":[{"@type":"ListItem","position":1,"name":"Home","item":"https:\/\/animefigurer.se\/"},{"@type":"ListItem","position":2,"name":"Butik","item":"https:\/\/animefigurer.se\/figurer\/"},{"@type":"ListItem","position":3,"name":"One Piece Giant Bash!! Vol. 2 Ichibansho Masterlise Expiece PVC Figure Character A (TBA) 16 cm"}]},{"@type":"WebSite","@id":"https:\/\/animefigurer.se\/#website","url":"https:\/\/animefigurer.se\/","name":"Animefigurer.se","description":"Anime figures from over 300 different anime series with over 9000 products | Anime Shop","publisher":{"@id":"https:\/\/animefigurer.se\/#organization"},"potentialAction":[{"@type":"SearchAction","target":{"@type":"EntryPoint","urlTemplate":"https:\/\/animefigurer.se\/?s={search_term_string}"},"query-input":{"@type":"PropertyValueSpecification","valueRequired":true,"valueName":"search_term_string"}}],"inLanguage":"en-GB"},{"@type":"Organization","@id":"https:\/\/animefigurer.se\/#organization","name":"Animefigurer.se","alternateName":"Anime figurer | Anime shop","url":"https:\/\/animefigurer.se\/","logo":{"@type":"ImageObject","inLanguage":"en-GB","@id":"https:\/\/animefigurer.se\/#\/schema\/logo\/image\/","url":"https:\/\/animefigurer.se\/wp-content\/uploads\/2025\/12\/Animefigurer_logowhite.png","contentUrl":"https:\/\/animefigurer.se\/wp-content\/uploads\/2025\/12\/Animefigurer_logowhite.png","width":1890,"height":1417,"caption":"Animefigurer.se"},"image":{"@id":"https:\/\/animefigurer.se\/#\/schema\/logo\/image\/"},"sameAs":["https:\/\/www.facebook.com\/profile.php?id=61581826539670","https:\/\/www.instagram.com\/animefigurer.se\/"],"email":"info@animefigurer.se"}]}},"_links":{"self":[{"href":"https:\/\/animefigurer.se\/en\/wp-json\/wp\/v2\/product\/100821","targetHints":{"allow":["GET"]}}],"collection":[{"href":"https:\/\/animefigurer.se\/en\/wp-json\/wp\/v2\/product"}],"about":[{"href":"https:\/\/animefigurer.se\/en\/wp-json\/wp\/v2\/types\/product"}],"replies":[{"embeddable":true,"href":"https:\/\/animefigurer.se\/en\/wp-json\/wp\/v2\/comments?post=100821"}],"wp:featuredmedia":[{"embeddable":true,"href":"https:\/\/animefigurer.se\/en\/wp-json\/wp\/v2\/media\/100820"}],"wp:attachment":[{"href":"https:\/\/animefigurer.se\/en\/wp-json\/wp\/v2\/media?parent=100821"}],"wp:term":[{"taxonomy":"product_brand","embeddable":true,"href":"https:\/\/animefigurer.se\/en\/wp-json\/wp\/v2\/product_brand?post=100821"},{"taxonomy":"product_cat","embeddable":true,"href":"https:\/\/animefigurer.se\/en\/wp-json\/wp\/v2\/product_cat?post=100821"},{"taxonomy":"product_tag","embeddable":true,"href":"https:\/\/animefigurer.se\/en\/wp-json\/wp\/v2\/product_tag?post=100821"},{"taxonomy":"giftcard-category","embeddable":true,"href":"https:\/\/animefigurer.se\/en\/wp-json\/wp\/v2\/giftcard-category?post=100821"}],"curies":[{"name":"wp","href":"https:\/\/api.w.org\/{rel}","templated":true}]}}