{"id":100780,"date":"2026-04-29T17:44:39","date_gmt":"2026-04-29T15:44:39","guid":{"rendered":"https:\/\/animefigurer.se\/?post_type=product&#038;p=100780"},"modified":"2026-04-29T20:51:15","modified_gmt":"2026-04-29T18:51:15","slug":"magical-girl-lyrical-nanoha-exceeds-gun-blaze-vengeance-puchish-plush-figure-shiina-kuze-12-cm","status":"publish","type":"product","link":"https:\/\/animefigurer.se\/en\/figurer\/magical-girl-lyrical-nanoha\/magical-girl-lyrical-nanoha-exceeds-gun-blaze-vengeance-puchish-plush-figure-shiina-kuze-12-cm\/","title":{"rendered":"Magical Girl Lyrical Nanoha Exceeds Gun Blaze Vengeance Puchish! Plush Figure Shiina Kuze 12 cm"},"content":{"rendered":"<p>Denna officiella plyschfigur f\u00f6rest\u00e4ller Shiina Kuze fr\u00e5n serien Magical Girl Lyrical Nanoha Exceeds Gun Blaze Vengeance. Figuren \u00e4r designad i en s\u00f6t chibi-stil med broderade detaljer och en kompakt form som g\u00f6r den perfekt f\u00f6r samling eller dekoration.<\/p>\n<p>Tillverkad av mjuk polyester och cirka 12 cm h\u00f6g, \u00e4r denna figur en del av Puchish!-serien. Den f\u00e5ngar karakt\u00e4rens lugna uttryck och unika design i ett mjukt och stilrent format som passar b\u00e5de fans och samlare.<\/p>","protected":false},"excerpt":{"rendered":"<p>Denna officiella plyschfigur f\u00f6rest\u00e4ller Shiina Kuze fr\u00e5n serien Magical Girl Lyrical Nanoha Exceeds Gun Blaze Vengeance. Figuren \u00e4r designad i en s\u00f6t chibi-stil med broderade detaljer och en kompakt form som g\u00f6r den perfekt f\u00f6r samling eller dekoration. Tillverkad av mjuk polyester och cirka 12 cm h\u00f6g, \u00e4r denna figur en del av Puchish!-serien. Den [&hellip;]<\/p>\n","protected":false},"featured_media":100779,"comment_status":"closed","ping_status":"closed","template":"","meta":{"_acf_changed":false,"_monsterinsights_skip_tracking":false,"_monsterinsights_sitenote_active":false,"_monsterinsights_sitenote_note":"","_monsterinsights_sitenote_category":0},"product_brand":[6941],"product_cat":[8216],"product_tag":[26],"giftcard-category":[],"class_list":{"0":"post-100780","1":"product","2":"type-product","3":"status-publish","4":"has-post-thumbnail","6":"product_brand-bushiroad","7":"product_cat-magical-girl-lyrical-nanoha","8":"product_tag-pre-order","9":"pa_franchise-magical-girl-lyrical-nanoha","10":"pa_karaktar-shiina-kuze","11":"pa_material-polyester","12":"pa_produktserie-plushie","13":"pa_storlek-12-cm","15":"first","16":"instock","17":"taxable","18":"shipping-taxable","19":"purchasable","20":"product-type-simple"},"acf":[],"yoast_head":"<!-- This site is optimized with the Yoast SEO Premium plugin v24.6 (Yoast SEO v27.4) - https:\/\/yoast.com\/product\/yoast-seo-premium-wordpress\/ -->\n<title>Magical Girl Lyrical Nanoha Exceeds Gun Blaze Vengeance Puchish! Plush Figure Shiina Kuze 12 cm | Animefigurer.se<\/title>\n<meta name=\"robots\" content=\"index, follow, max-snippet:-1, max-image-preview:large, max-video-preview:-1\" \/>\n<link rel=\"canonical\" href=\"https:\/\/animefigurer.se\/en\/figurer\/magical-girl-lyrical-nanoha\/magical-girl-lyrical-nanoha-exceeds-gun-blaze-vengeance-puchish-plush-figure-shiina-kuze-12-cm\/\" \/>\n<meta property=\"og:locale\" content=\"en_GB\" \/>\n<meta property=\"og:type\" content=\"article\" \/>\n<meta property=\"og:title\" content=\"Magical Girl Lyrical Nanoha Exceeds Gun Blaze Vengeance Puchish! Plush Figure Shiina Kuze 12 cm\" \/>\n<meta property=\"og:description\" content=\"Denna officiella plyschfigur f\u00f6rest\u00e4ller Shiina Kuze fr\u00e5n serien Magical Girl Lyrical Nanoha Exceeds Gun Blaze Vengeance. Figuren \u00e4r designad i en s\u00f6t chibi-stil med broderade detaljer och en kompakt form som g\u00f6r den perfekt f\u00f6r samling eller dekoration. Tillverkad av mjuk polyester och cirka 12 cm h\u00f6g, \u00e4r denna figur en del av Puchish!-serien. Den [&hellip;]\" \/>\n<meta property=\"og:url\" content=\"https:\/\/animefigurer.se\/en\/figurer\/magical-girl-lyrical-nanoha\/magical-girl-lyrical-nanoha-exceeds-gun-blaze-vengeance-puchish-plush-figure-shiina-kuze-12-cm\/\" \/>\n<meta property=\"og:site_name\" content=\"Animefigurer.se\" \/>\n<meta property=\"article:publisher\" content=\"https:\/\/www.facebook.com\/profile.php?id=61581826539670\" \/>\n<meta property=\"article:modified_time\" content=\"2026-04-29T18:51:15+00:00\" \/>\n<meta property=\"og:image\" content=\"https:\/\/animefigurer.se\/wp-content\/uploads\/2026\/04\/x_buro45574.jpg\" \/>\n\t<meta property=\"og:image:width\" content=\"1000\" \/>\n\t<meta property=\"og:image:height\" content=\"1000\" \/>\n\t<meta property=\"og:image:type\" content=\"image\/jpeg\" \/>\n<meta name=\"twitter:card\" content=\"summary_large_image\" \/>\n<meta name=\"twitter:label1\" content=\"Estimated reading time\" \/>\n\t<meta name=\"twitter:data1\" content=\"1 minute\" \/>\n<script type=\"application\/ld+json\" class=\"yoast-schema-graph\">{\"@context\":\"https:\\\/\\\/schema.org\",\"@graph\":[{\"@type\":\"WebPage\",\"@id\":\"https:\\\/\\\/animefigurer.se\\\/figurer\\\/magical-girl-lyrical-nanoha\\\/magical-girl-lyrical-nanoha-exceeds-gun-blaze-vengeance-puchish-plush-figure-shiina-kuze-12-cm\\\/\",\"url\":\"https:\\\/\\\/animefigurer.se\\\/figurer\\\/magical-girl-lyrical-nanoha\\\/magical-girl-lyrical-nanoha-exceeds-gun-blaze-vengeance-puchish-plush-figure-shiina-kuze-12-cm\\\/\",\"name\":\"Magical Girl Lyrical Nanoha Exceeds Gun Blaze Vengeance Puchish! Plush Figure Shiina Kuze 12 cm | Animefigurer.se\",\"isPartOf\":{\"@id\":\"https:\\\/\\\/animefigurer.se\\\/#website\"},\"primaryImageOfPage\":{\"@id\":\"https:\\\/\\\/animefigurer.se\\\/figurer\\\/magical-girl-lyrical-nanoha\\\/magical-girl-lyrical-nanoha-exceeds-gun-blaze-vengeance-puchish-plush-figure-shiina-kuze-12-cm\\\/#primaryimage\"},\"image\":{\"@id\":\"https:\\\/\\\/animefigurer.se\\\/figurer\\\/magical-girl-lyrical-nanoha\\\/magical-girl-lyrical-nanoha-exceeds-gun-blaze-vengeance-puchish-plush-figure-shiina-kuze-12-cm\\\/#primaryimage\"},\"thumbnailUrl\":\"https:\\\/\\\/animefigurer.se\\\/wp-content\\\/uploads\\\/2026\\\/04\\\/x_buro45574.jpg\",\"datePublished\":\"2026-04-29T15:44:39+00:00\",\"dateModified\":\"2026-04-29T18:51:15+00:00\",\"breadcrumb\":{\"@id\":\"https:\\\/\\\/animefigurer.se\\\/figurer\\\/magical-girl-lyrical-nanoha\\\/magical-girl-lyrical-nanoha-exceeds-gun-blaze-vengeance-puchish-plush-figure-shiina-kuze-12-cm\\\/#breadcrumb\"},\"inLanguage\":\"en-GB\",\"potentialAction\":[{\"@type\":\"ReadAction\",\"target\":[\"https:\\\/\\\/animefigurer.se\\\/figurer\\\/magical-girl-lyrical-nanoha\\\/magical-girl-lyrical-nanoha-exceeds-gun-blaze-vengeance-puchish-plush-figure-shiina-kuze-12-cm\\\/\"]}]},{\"@type\":\"ImageObject\",\"inLanguage\":\"en-GB\",\"@id\":\"https:\\\/\\\/animefigurer.se\\\/figurer\\\/magical-girl-lyrical-nanoha\\\/magical-girl-lyrical-nanoha-exceeds-gun-blaze-vengeance-puchish-plush-figure-shiina-kuze-12-cm\\\/#primaryimage\",\"url\":\"https:\\\/\\\/animefigurer.se\\\/wp-content\\\/uploads\\\/2026\\\/04\\\/x_buro45574.jpg\",\"contentUrl\":\"https:\\\/\\\/animefigurer.se\\\/wp-content\\\/uploads\\\/2026\\\/04\\\/x_buro45574.jpg\",\"width\":1000,\"height\":1000},{\"@type\":\"BreadcrumbList\",\"@id\":\"https:\\\/\\\/animefigurer.se\\\/figurer\\\/magical-girl-lyrical-nanoha\\\/magical-girl-lyrical-nanoha-exceeds-gun-blaze-vengeance-puchish-plush-figure-shiina-kuze-12-cm\\\/#breadcrumb\",\"itemListElement\":[{\"@type\":\"ListItem\",\"position\":1,\"name\":\"Home\",\"item\":\"https:\\\/\\\/animefigurer.se\\\/\"},{\"@type\":\"ListItem\",\"position\":2,\"name\":\"Butik\",\"item\":\"https:\\\/\\\/animefigurer.se\\\/figurer\\\/\"},{\"@type\":\"ListItem\",\"position\":3,\"name\":\"Magical Girl Lyrical Nanoha Exceeds Gun Blaze Vengeance Puchish! Plush Figure Shiina Kuze 12 cm\"}]},{\"@type\":\"WebSite\",\"@id\":\"https:\\\/\\\/animefigurer.se\\\/#website\",\"url\":\"https:\\\/\\\/animefigurer.se\\\/\",\"name\":\"Animefigurer.se\",\"description\":\"Anime figurer fr\u00e5n \u00f6ver 300 olika anime serier med \u00f6ver 9000 produkter | Anime Shop\",\"publisher\":{\"@id\":\"https:\\\/\\\/animefigurer.se\\\/#organization\"},\"potentialAction\":[{\"@type\":\"SearchAction\",\"target\":{\"@type\":\"EntryPoint\",\"urlTemplate\":\"https:\\\/\\\/animefigurer.se\\\/?s={search_term_string}\"},\"query-input\":{\"@type\":\"PropertyValueSpecification\",\"valueRequired\":true,\"valueName\":\"search_term_string\"}}],\"inLanguage\":\"en-GB\"},{\"@type\":\"Organization\",\"@id\":\"https:\\\/\\\/animefigurer.se\\\/#organization\",\"name\":\"Animefigurer.se\",\"alternateName\":\"Anime figurer | Anime shop\",\"url\":\"https:\\\/\\\/animefigurer.se\\\/\",\"logo\":{\"@type\":\"ImageObject\",\"inLanguage\":\"en-GB\",\"@id\":\"https:\\\/\\\/animefigurer.se\\\/#\\\/schema\\\/logo\\\/image\\\/\",\"url\":\"https:\\\/\\\/animefigurer.se\\\/wp-content\\\/uploads\\\/2025\\\/12\\\/Animefigurer_logowhite.png\",\"contentUrl\":\"https:\\\/\\\/animefigurer.se\\\/wp-content\\\/uploads\\\/2025\\\/12\\\/Animefigurer_logowhite.png\",\"width\":1890,\"height\":1417,\"caption\":\"Animefigurer.se\"},\"image\":{\"@id\":\"https:\\\/\\\/animefigurer.se\\\/#\\\/schema\\\/logo\\\/image\\\/\"},\"sameAs\":[\"https:\\\/\\\/www.facebook.com\\\/profile.php?id=61581826539670\",\"https:\\\/\\\/www.instagram.com\\\/animefigurer.se\\\/\"],\"email\":\"info@animefigurer.se\"}]}<\/script>\n<!-- \/ Yoast SEO Premium plugin. -->","yoast_head_json":{"title":"Magical Girl Lyrical Nanoha Exceeds Gun Blaze Vengeance Puchish! Plush Figure Shiina Kuze 12 cm | Animefigurer.se","robots":{"index":"index","follow":"follow","max-snippet":"max-snippet:-1","max-image-preview":"max-image-preview:large","max-video-preview":"max-video-preview:-1"},"canonical":"https:\/\/animefigurer.se\/en\/figurer\/magical-girl-lyrical-nanoha\/magical-girl-lyrical-nanoha-exceeds-gun-blaze-vengeance-puchish-plush-figure-shiina-kuze-12-cm\/","og_locale":"en_GB","og_type":"article","og_title":"Magical Girl Lyrical Nanoha Exceeds Gun Blaze Vengeance Puchish! Plush Figure Shiina Kuze 12 cm","og_description":"Denna officiella plyschfigur f\u00f6rest\u00e4ller Shiina Kuze fr\u00e5n serien Magical Girl Lyrical Nanoha Exceeds Gun Blaze Vengeance. Figuren \u00e4r designad i en s\u00f6t chibi-stil med broderade detaljer och en kompakt form som g\u00f6r den perfekt f\u00f6r samling eller dekoration. Tillverkad av mjuk polyester och cirka 12 cm h\u00f6g, \u00e4r denna figur en del av Puchish!-serien. Den [&hellip;]","og_url":"https:\/\/animefigurer.se\/en\/figurer\/magical-girl-lyrical-nanoha\/magical-girl-lyrical-nanoha-exceeds-gun-blaze-vengeance-puchish-plush-figure-shiina-kuze-12-cm\/","og_site_name":"Animefigurer.se","article_publisher":"https:\/\/www.facebook.com\/profile.php?id=61581826539670","article_modified_time":"2026-04-29T18:51:15+00:00","og_image":[{"width":1000,"height":1000,"url":"https:\/\/animefigurer.se\/wp-content\/uploads\/2026\/04\/x_buro45574.jpg","type":"image\/jpeg"}],"twitter_card":"summary_large_image","twitter_misc":{"Estimated reading time":"1 minute"},"schema":{"@context":"https:\/\/schema.org","@graph":[{"@type":"WebPage","@id":"https:\/\/animefigurer.se\/figurer\/magical-girl-lyrical-nanoha\/magical-girl-lyrical-nanoha-exceeds-gun-blaze-vengeance-puchish-plush-figure-shiina-kuze-12-cm\/","url":"https:\/\/animefigurer.se\/figurer\/magical-girl-lyrical-nanoha\/magical-girl-lyrical-nanoha-exceeds-gun-blaze-vengeance-puchish-plush-figure-shiina-kuze-12-cm\/","name":"Magical Girl Lyrical Nanoha Exceeds Gun Blaze Vengeance Puchish! Plush Figure Shiina Kuze 12 cm | Animefigurer.se","isPartOf":{"@id":"https:\/\/animefigurer.se\/#website"},"primaryImageOfPage":{"@id":"https:\/\/animefigurer.se\/figurer\/magical-girl-lyrical-nanoha\/magical-girl-lyrical-nanoha-exceeds-gun-blaze-vengeance-puchish-plush-figure-shiina-kuze-12-cm\/#primaryimage"},"image":{"@id":"https:\/\/animefigurer.se\/figurer\/magical-girl-lyrical-nanoha\/magical-girl-lyrical-nanoha-exceeds-gun-blaze-vengeance-puchish-plush-figure-shiina-kuze-12-cm\/#primaryimage"},"thumbnailUrl":"https:\/\/animefigurer.se\/wp-content\/uploads\/2026\/04\/x_buro45574.jpg","datePublished":"2026-04-29T15:44:39+00:00","dateModified":"2026-04-29T18:51:15+00:00","breadcrumb":{"@id":"https:\/\/animefigurer.se\/figurer\/magical-girl-lyrical-nanoha\/magical-girl-lyrical-nanoha-exceeds-gun-blaze-vengeance-puchish-plush-figure-shiina-kuze-12-cm\/#breadcrumb"},"inLanguage":"en-GB","potentialAction":[{"@type":"ReadAction","target":["https:\/\/animefigurer.se\/figurer\/magical-girl-lyrical-nanoha\/magical-girl-lyrical-nanoha-exceeds-gun-blaze-vengeance-puchish-plush-figure-shiina-kuze-12-cm\/"]}]},{"@type":"ImageObject","inLanguage":"en-GB","@id":"https:\/\/animefigurer.se\/figurer\/magical-girl-lyrical-nanoha\/magical-girl-lyrical-nanoha-exceeds-gun-blaze-vengeance-puchish-plush-figure-shiina-kuze-12-cm\/#primaryimage","url":"https:\/\/animefigurer.se\/wp-content\/uploads\/2026\/04\/x_buro45574.jpg","contentUrl":"https:\/\/animefigurer.se\/wp-content\/uploads\/2026\/04\/x_buro45574.jpg","width":1000,"height":1000},{"@type":"BreadcrumbList","@id":"https:\/\/animefigurer.se\/figurer\/magical-girl-lyrical-nanoha\/magical-girl-lyrical-nanoha-exceeds-gun-blaze-vengeance-puchish-plush-figure-shiina-kuze-12-cm\/#breadcrumb","itemListElement":[{"@type":"ListItem","position":1,"name":"Home","item":"https:\/\/animefigurer.se\/"},{"@type":"ListItem","position":2,"name":"Butik","item":"https:\/\/animefigurer.se\/figurer\/"},{"@type":"ListItem","position":3,"name":"Magical Girl Lyrical Nanoha Exceeds Gun Blaze Vengeance Puchish! Plush Figure Shiina Kuze 12 cm"}]},{"@type":"WebSite","@id":"https:\/\/animefigurer.se\/#website","url":"https:\/\/animefigurer.se\/","name":"Animefigurer.se","description":"Anime figures from over 300 different anime series with over 9000 products | Anime Shop","publisher":{"@id":"https:\/\/animefigurer.se\/#organization"},"potentialAction":[{"@type":"SearchAction","target":{"@type":"EntryPoint","urlTemplate":"https:\/\/animefigurer.se\/?s={search_term_string}"},"query-input":{"@type":"PropertyValueSpecification","valueRequired":true,"valueName":"search_term_string"}}],"inLanguage":"en-GB"},{"@type":"Organization","@id":"https:\/\/animefigurer.se\/#organization","name":"Animefigurer.se","alternateName":"Anime figurer | Anime shop","url":"https:\/\/animefigurer.se\/","logo":{"@type":"ImageObject","inLanguage":"en-GB","@id":"https:\/\/animefigurer.se\/#\/schema\/logo\/image\/","url":"https:\/\/animefigurer.se\/wp-content\/uploads\/2025\/12\/Animefigurer_logowhite.png","contentUrl":"https:\/\/animefigurer.se\/wp-content\/uploads\/2025\/12\/Animefigurer_logowhite.png","width":1890,"height":1417,"caption":"Animefigurer.se"},"image":{"@id":"https:\/\/animefigurer.se\/#\/schema\/logo\/image\/"},"sameAs":["https:\/\/www.facebook.com\/profile.php?id=61581826539670","https:\/\/www.instagram.com\/animefigurer.se\/"],"email":"info@animefigurer.se"}]}},"_links":{"self":[{"href":"https:\/\/animefigurer.se\/en\/wp-json\/wp\/v2\/product\/100780","targetHints":{"allow":["GET"]}}],"collection":[{"href":"https:\/\/animefigurer.se\/en\/wp-json\/wp\/v2\/product"}],"about":[{"href":"https:\/\/animefigurer.se\/en\/wp-json\/wp\/v2\/types\/product"}],"replies":[{"embeddable":true,"href":"https:\/\/animefigurer.se\/en\/wp-json\/wp\/v2\/comments?post=100780"}],"wp:featuredmedia":[{"embeddable":true,"href":"https:\/\/animefigurer.se\/en\/wp-json\/wp\/v2\/media\/100779"}],"wp:attachment":[{"href":"https:\/\/animefigurer.se\/en\/wp-json\/wp\/v2\/media?parent=100780"}],"wp:term":[{"taxonomy":"product_brand","embeddable":true,"href":"https:\/\/animefigurer.se\/en\/wp-json\/wp\/v2\/product_brand?post=100780"},{"taxonomy":"product_cat","embeddable":true,"href":"https:\/\/animefigurer.se\/en\/wp-json\/wp\/v2\/product_cat?post=100780"},{"taxonomy":"product_tag","embeddable":true,"href":"https:\/\/animefigurer.se\/en\/wp-json\/wp\/v2\/product_tag?post=100780"},{"taxonomy":"giftcard-category","embeddable":true,"href":"https:\/\/animefigurer.se\/en\/wp-json\/wp\/v2\/giftcard-category?post=100780"}],"curies":[{"name":"wp","href":"https:\/\/api.w.org\/{rel}","templated":true}]}}