{"id":100772,"date":"2026-04-29T17:44:37","date_gmt":"2026-04-29T15:44:37","guid":{"rendered":"https:\/\/animefigurer.se\/?post_type=product&#038;p=100772"},"modified":"2026-04-29T20:51:34","modified_gmt":"2026-04-29T18:51:34","slug":"haikyu-petatto-clockwork-mini-figures-vol-2-5-cm-blind-box-display-6","status":"publish","type":"product","link":"https:\/\/animefigurer.se\/en\/figurer\/haikyu\/haikyu-petatto-clockwork-mini-figures-vol-2-5-cm-blind-box-display-6\/","title":{"rendered":"Haikyu!! Petatto Clockwork Mini Figures Vol. 2 5 cm Blind Box Display (6)"},"content":{"rendered":"<p>Fr\u00e5n den popul\u00e4ra anime-serien Haikyu!! kommer denna blind box-display fr\u00e5n Petatto Clockwork Figure Vol.2. Setet inneh\u00e5ller flera sm\u00e5 figurer med stiliserad design som f\u00e5ngar karakt\u00e4rernas unika personligheter i kompakta och lekfulla poser.Varje figur \u00e4r cirka 5 cm h\u00f6g och passar perfekt f\u00f6r samling eller display p\u00e5 skrivbord och hyllor. En idealisk produkt f\u00f6r fans som vill samla hela serien i ett smidigt format.<\/p>","protected":false},"excerpt":{"rendered":"<p>Fr\u00e5n den popul\u00e4ra anime-serien Haikyu!! kommer denna blind box-display fr\u00e5n Petatto Clockwork Figure Vol.2. Setet inneh\u00e5ller flera sm\u00e5 figurer med stiliserad design som f\u00e5ngar karakt\u00e4rernas unika personligheter i kompakta och lekfulla poser.Varje figur \u00e4r cirka 5 cm h\u00f6g och passar perfekt f\u00f6r samling eller display p\u00e5 skrivbord och hyllor. En idealisk produkt f\u00f6r fans som [&hellip;]<\/p>\n","protected":false},"featured_media":100771,"comment_status":"closed","ping_status":"closed","template":"","meta":{"_acf_changed":false,"_monsterinsights_skip_tracking":false,"_monsterinsights_sitenote_active":false,"_monsterinsights_sitenote_note":"","_monsterinsights_sitenote_category":0},"product_brand":[6941],"product_cat":[2759],"product_tag":[26],"giftcard-category":[],"class_list":{"0":"post-100772","1":"product","2":"type-product","3":"status-publish","4":"has-post-thumbnail","6":"product_brand-bushiroad","7":"product_cat-haikyu","8":"product_tag-pre-order","9":"pa_franchise-haikyu","10":"pa_material-pvc","11":"pa_storlek-5-cm","13":"first","14":"instock","15":"taxable","16":"shipping-taxable","17":"purchasable","18":"product-type-simple"},"acf":[],"yoast_head":"<!-- This site is optimized with the Yoast SEO Premium plugin v24.6 (Yoast SEO v27.4) - https:\/\/yoast.com\/product\/yoast-seo-premium-wordpress\/ -->\n<title>Haikyu!! Petatto Clockwork Mini Figures Vol. 2 5 cm Blind Box Display (6) | Animefigurer.se<\/title>\n<meta name=\"robots\" content=\"index, follow, max-snippet:-1, max-image-preview:large, max-video-preview:-1\" \/>\n<link rel=\"canonical\" href=\"https:\/\/animefigurer.se\/en\/figurer\/haikyuu\/haikyu-petatto-clockwork-mini-figures-vol-2-5-cm-blind-box-display-6\/\" \/>\n<meta property=\"og:locale\" content=\"en_GB\" \/>\n<meta property=\"og:type\" content=\"article\" \/>\n<meta property=\"og:title\" content=\"Haikyu!! Petatto Clockwork Mini Figures Vol. 2 5 cm Blind Box Display (6)\" \/>\n<meta property=\"og:description\" content=\"Fr\u00e5n den popul\u00e4ra anime-serien Haikyu!! kommer denna blind box-display fr\u00e5n Petatto Clockwork Figure Vol.2. Setet inneh\u00e5ller flera sm\u00e5 figurer med stiliserad design som f\u00e5ngar karakt\u00e4rernas unika personligheter i kompakta och lekfulla poser.Varje figur \u00e4r cirka 5 cm h\u00f6g och passar perfekt f\u00f6r samling eller display p\u00e5 skrivbord och hyllor. En idealisk produkt f\u00f6r fans som [&hellip;]\" \/>\n<meta property=\"og:url\" content=\"https:\/\/animefigurer.se\/en\/figurer\/haikyuu\/haikyu-petatto-clockwork-mini-figures-vol-2-5-cm-blind-box-display-6\/\" \/>\n<meta property=\"og:site_name\" content=\"Animefigurer.se\" \/>\n<meta property=\"article:publisher\" content=\"https:\/\/www.facebook.com\/profile.php?id=61581826539670\" \/>\n<meta property=\"article:modified_time\" content=\"2026-04-29T18:51:34+00:00\" \/>\n<meta property=\"og:image\" content=\"https:\/\/animefigurer.se\/wp-content\/uploads\/2026\/04\/x_buro43339.jpg\" \/>\n\t<meta property=\"og:image:width\" content=\"1000\" \/>\n\t<meta property=\"og:image:height\" content=\"1000\" \/>\n\t<meta property=\"og:image:type\" content=\"image\/jpeg\" \/>\n<meta name=\"twitter:card\" content=\"summary_large_image\" \/>\n<meta name=\"twitter:label1\" content=\"Estimated reading time\" \/>\n\t<meta name=\"twitter:data1\" content=\"1 minute\" \/>\n<script type=\"application\/ld+json\" class=\"yoast-schema-graph\">{\"@context\":\"https:\\\/\\\/schema.org\",\"@graph\":[{\"@type\":\"WebPage\",\"@id\":\"https:\\\/\\\/animefigurer.se\\\/figurer\\\/haikyu\\\/haikyu-petatto-clockwork-mini-figures-vol-2-5-cm-blind-box-display-6\\\/\",\"url\":\"https:\\\/\\\/animefigurer.se\\\/figurer\\\/haikyu\\\/haikyu-petatto-clockwork-mini-figures-vol-2-5-cm-blind-box-display-6\\\/\",\"name\":\"Haikyu!! Petatto Clockwork Mini Figures Vol. 2 5 cm Blind Box Display (6) | Animefigurer.se\",\"isPartOf\":{\"@id\":\"https:\\\/\\\/animefigurer.se\\\/#website\"},\"primaryImageOfPage\":{\"@id\":\"https:\\\/\\\/animefigurer.se\\\/figurer\\\/haikyu\\\/haikyu-petatto-clockwork-mini-figures-vol-2-5-cm-blind-box-display-6\\\/#primaryimage\"},\"image\":{\"@id\":\"https:\\\/\\\/animefigurer.se\\\/figurer\\\/haikyu\\\/haikyu-petatto-clockwork-mini-figures-vol-2-5-cm-blind-box-display-6\\\/#primaryimage\"},\"thumbnailUrl\":\"https:\\\/\\\/animefigurer.se\\\/wp-content\\\/uploads\\\/2026\\\/04\\\/x_buro43339.jpg\",\"datePublished\":\"2026-04-29T15:44:37+00:00\",\"dateModified\":\"2026-04-29T18:51:34+00:00\",\"breadcrumb\":{\"@id\":\"https:\\\/\\\/animefigurer.se\\\/figurer\\\/haikyu\\\/haikyu-petatto-clockwork-mini-figures-vol-2-5-cm-blind-box-display-6\\\/#breadcrumb\"},\"inLanguage\":\"en-GB\",\"potentialAction\":[{\"@type\":\"ReadAction\",\"target\":[\"https:\\\/\\\/animefigurer.se\\\/figurer\\\/haikyu\\\/haikyu-petatto-clockwork-mini-figures-vol-2-5-cm-blind-box-display-6\\\/\"]}]},{\"@type\":\"ImageObject\",\"inLanguage\":\"en-GB\",\"@id\":\"https:\\\/\\\/animefigurer.se\\\/figurer\\\/haikyu\\\/haikyu-petatto-clockwork-mini-figures-vol-2-5-cm-blind-box-display-6\\\/#primaryimage\",\"url\":\"https:\\\/\\\/animefigurer.se\\\/wp-content\\\/uploads\\\/2026\\\/04\\\/x_buro43339.jpg\",\"contentUrl\":\"https:\\\/\\\/animefigurer.se\\\/wp-content\\\/uploads\\\/2026\\\/04\\\/x_buro43339.jpg\",\"width\":1000,\"height\":1000},{\"@type\":\"BreadcrumbList\",\"@id\":\"https:\\\/\\\/animefigurer.se\\\/figurer\\\/haikyu\\\/haikyu-petatto-clockwork-mini-figures-vol-2-5-cm-blind-box-display-6\\\/#breadcrumb\",\"itemListElement\":[{\"@type\":\"ListItem\",\"position\":1,\"name\":\"Home\",\"item\":\"https:\\\/\\\/animefigurer.se\\\/\"},{\"@type\":\"ListItem\",\"position\":2,\"name\":\"Butik\",\"item\":\"https:\\\/\\\/animefigurer.se\\\/figurer\\\/\"},{\"@type\":\"ListItem\",\"position\":3,\"name\":\"Haikyu!! Petatto Clockwork Mini Figures Vol. 2 5 cm Blind Box Display (6)\"}]},{\"@type\":\"WebSite\",\"@id\":\"https:\\\/\\\/animefigurer.se\\\/#website\",\"url\":\"https:\\\/\\\/animefigurer.se\\\/\",\"name\":\"Animefigurer.se\",\"description\":\"Anime figurer fr\u00e5n \u00f6ver 300 olika anime serier med \u00f6ver 9000 produkter | Anime Shop\",\"publisher\":{\"@id\":\"https:\\\/\\\/animefigurer.se\\\/#organization\"},\"potentialAction\":[{\"@type\":\"SearchAction\",\"target\":{\"@type\":\"EntryPoint\",\"urlTemplate\":\"https:\\\/\\\/animefigurer.se\\\/?s={search_term_string}\"},\"query-input\":{\"@type\":\"PropertyValueSpecification\",\"valueRequired\":true,\"valueName\":\"search_term_string\"}}],\"inLanguage\":\"en-GB\"},{\"@type\":\"Organization\",\"@id\":\"https:\\\/\\\/animefigurer.se\\\/#organization\",\"name\":\"Animefigurer.se\",\"alternateName\":\"Anime figurer | Anime shop\",\"url\":\"https:\\\/\\\/animefigurer.se\\\/\",\"logo\":{\"@type\":\"ImageObject\",\"inLanguage\":\"en-GB\",\"@id\":\"https:\\\/\\\/animefigurer.se\\\/#\\\/schema\\\/logo\\\/image\\\/\",\"url\":\"https:\\\/\\\/animefigurer.se\\\/wp-content\\\/uploads\\\/2025\\\/12\\\/Animefigurer_logowhite.png\",\"contentUrl\":\"https:\\\/\\\/animefigurer.se\\\/wp-content\\\/uploads\\\/2025\\\/12\\\/Animefigurer_logowhite.png\",\"width\":1890,\"height\":1417,\"caption\":\"Animefigurer.se\"},\"image\":{\"@id\":\"https:\\\/\\\/animefigurer.se\\\/#\\\/schema\\\/logo\\\/image\\\/\"},\"sameAs\":[\"https:\\\/\\\/www.facebook.com\\\/profile.php?id=61581826539670\",\"https:\\\/\\\/www.instagram.com\\\/animefigurer.se\\\/\"],\"email\":\"info@animefigurer.se\"}]}<\/script>\n<!-- \/ Yoast SEO Premium plugin. -->","yoast_head_json":{"title":"Haikyu!! Petatto Clockwork Mini Figures Vol. 2 5 cm Blind Box Display (6) | Animefigurer.se","robots":{"index":"index","follow":"follow","max-snippet":"max-snippet:-1","max-image-preview":"max-image-preview:large","max-video-preview":"max-video-preview:-1"},"canonical":"https:\/\/animefigurer.se\/en\/figurer\/haikyuu\/haikyu-petatto-clockwork-mini-figures-vol-2-5-cm-blind-box-display-6\/","og_locale":"en_GB","og_type":"article","og_title":"Haikyu!! Petatto Clockwork Mini Figures Vol. 2 5 cm Blind Box Display (6)","og_description":"Fr\u00e5n den popul\u00e4ra anime-serien Haikyu!! kommer denna blind box-display fr\u00e5n Petatto Clockwork Figure Vol.2. Setet inneh\u00e5ller flera sm\u00e5 figurer med stiliserad design som f\u00e5ngar karakt\u00e4rernas unika personligheter i kompakta och lekfulla poser.Varje figur \u00e4r cirka 5 cm h\u00f6g och passar perfekt f\u00f6r samling eller display p\u00e5 skrivbord och hyllor. En idealisk produkt f\u00f6r fans som [&hellip;]","og_url":"https:\/\/animefigurer.se\/en\/figurer\/haikyuu\/haikyu-petatto-clockwork-mini-figures-vol-2-5-cm-blind-box-display-6\/","og_site_name":"Animefigurer.se","article_publisher":"https:\/\/www.facebook.com\/profile.php?id=61581826539670","article_modified_time":"2026-04-29T18:51:34+00:00","og_image":[{"width":1000,"height":1000,"url":"https:\/\/animefigurer.se\/wp-content\/uploads\/2026\/04\/x_buro43339.jpg","type":"image\/jpeg"}],"twitter_card":"summary_large_image","twitter_misc":{"Estimated reading time":"1 minute"},"schema":{"@context":"https:\/\/schema.org","@graph":[{"@type":"WebPage","@id":"https:\/\/animefigurer.se\/figurer\/haikyu\/haikyu-petatto-clockwork-mini-figures-vol-2-5-cm-blind-box-display-6\/","url":"https:\/\/animefigurer.se\/figurer\/haikyu\/haikyu-petatto-clockwork-mini-figures-vol-2-5-cm-blind-box-display-6\/","name":"Haikyu!! Petatto Clockwork Mini Figures Vol. 2 5 cm Blind Box Display (6) | Animefigurer.se","isPartOf":{"@id":"https:\/\/animefigurer.se\/#website"},"primaryImageOfPage":{"@id":"https:\/\/animefigurer.se\/figurer\/haikyu\/haikyu-petatto-clockwork-mini-figures-vol-2-5-cm-blind-box-display-6\/#primaryimage"},"image":{"@id":"https:\/\/animefigurer.se\/figurer\/haikyu\/haikyu-petatto-clockwork-mini-figures-vol-2-5-cm-blind-box-display-6\/#primaryimage"},"thumbnailUrl":"https:\/\/animefigurer.se\/wp-content\/uploads\/2026\/04\/x_buro43339.jpg","datePublished":"2026-04-29T15:44:37+00:00","dateModified":"2026-04-29T18:51:34+00:00","breadcrumb":{"@id":"https:\/\/animefigurer.se\/figurer\/haikyu\/haikyu-petatto-clockwork-mini-figures-vol-2-5-cm-blind-box-display-6\/#breadcrumb"},"inLanguage":"en-GB","potentialAction":[{"@type":"ReadAction","target":["https:\/\/animefigurer.se\/figurer\/haikyu\/haikyu-petatto-clockwork-mini-figures-vol-2-5-cm-blind-box-display-6\/"]}]},{"@type":"ImageObject","inLanguage":"en-GB","@id":"https:\/\/animefigurer.se\/figurer\/haikyu\/haikyu-petatto-clockwork-mini-figures-vol-2-5-cm-blind-box-display-6\/#primaryimage","url":"https:\/\/animefigurer.se\/wp-content\/uploads\/2026\/04\/x_buro43339.jpg","contentUrl":"https:\/\/animefigurer.se\/wp-content\/uploads\/2026\/04\/x_buro43339.jpg","width":1000,"height":1000},{"@type":"BreadcrumbList","@id":"https:\/\/animefigurer.se\/figurer\/haikyu\/haikyu-petatto-clockwork-mini-figures-vol-2-5-cm-blind-box-display-6\/#breadcrumb","itemListElement":[{"@type":"ListItem","position":1,"name":"Home","item":"https:\/\/animefigurer.se\/"},{"@type":"ListItem","position":2,"name":"Butik","item":"https:\/\/animefigurer.se\/figurer\/"},{"@type":"ListItem","position":3,"name":"Haikyu!! Petatto Clockwork Mini Figures Vol. 2 5 cm Blind Box Display (6)"}]},{"@type":"WebSite","@id":"https:\/\/animefigurer.se\/#website","url":"https:\/\/animefigurer.se\/","name":"Animefigurer.se","description":"Anime figures from over 300 different anime series with over 9000 products | Anime Shop","publisher":{"@id":"https:\/\/animefigurer.se\/#organization"},"potentialAction":[{"@type":"SearchAction","target":{"@type":"EntryPoint","urlTemplate":"https:\/\/animefigurer.se\/?s={search_term_string}"},"query-input":{"@type":"PropertyValueSpecification","valueRequired":true,"valueName":"search_term_string"}}],"inLanguage":"en-GB"},{"@type":"Organization","@id":"https:\/\/animefigurer.se\/#organization","name":"Animefigurer.se","alternateName":"Anime figurer | Anime shop","url":"https:\/\/animefigurer.se\/","logo":{"@type":"ImageObject","inLanguage":"en-GB","@id":"https:\/\/animefigurer.se\/#\/schema\/logo\/image\/","url":"https:\/\/animefigurer.se\/wp-content\/uploads\/2025\/12\/Animefigurer_logowhite.png","contentUrl":"https:\/\/animefigurer.se\/wp-content\/uploads\/2025\/12\/Animefigurer_logowhite.png","width":1890,"height":1417,"caption":"Animefigurer.se"},"image":{"@id":"https:\/\/animefigurer.se\/#\/schema\/logo\/image\/"},"sameAs":["https:\/\/www.facebook.com\/profile.php?id=61581826539670","https:\/\/www.instagram.com\/animefigurer.se\/"],"email":"info@animefigurer.se"}]}},"_links":{"self":[{"href":"https:\/\/animefigurer.se\/en\/wp-json\/wp\/v2\/product\/100772","targetHints":{"allow":["GET"]}}],"collection":[{"href":"https:\/\/animefigurer.se\/en\/wp-json\/wp\/v2\/product"}],"about":[{"href":"https:\/\/animefigurer.se\/en\/wp-json\/wp\/v2\/types\/product"}],"replies":[{"embeddable":true,"href":"https:\/\/animefigurer.se\/en\/wp-json\/wp\/v2\/comments?post=100772"}],"wp:featuredmedia":[{"embeddable":true,"href":"https:\/\/animefigurer.se\/en\/wp-json\/wp\/v2\/media\/100771"}],"wp:attachment":[{"href":"https:\/\/animefigurer.se\/en\/wp-json\/wp\/v2\/media?parent=100772"}],"wp:term":[{"taxonomy":"product_brand","embeddable":true,"href":"https:\/\/animefigurer.se\/en\/wp-json\/wp\/v2\/product_brand?post=100772"},{"taxonomy":"product_cat","embeddable":true,"href":"https:\/\/animefigurer.se\/en\/wp-json\/wp\/v2\/product_cat?post=100772"},{"taxonomy":"product_tag","embeddable":true,"href":"https:\/\/animefigurer.se\/en\/wp-json\/wp\/v2\/product_tag?post=100772"},{"taxonomy":"giftcard-category","embeddable":true,"href":"https:\/\/animefigurer.se\/en\/wp-json\/wp\/v2\/giftcard-category?post=100772"}],"curies":[{"name":"wp","href":"https:\/\/api.w.org\/{rel}","templated":true}]}}