{"id":100762,"date":"2026-04-29T17:44:34","date_gmt":"2026-04-29T15:44:34","guid":{"rendered":"https:\/\/animefigurer.se\/?post_type=product&#038;p=100762"},"modified":"2026-04-29T20:52:25","modified_gmt":"2026-04-29T18:52:25","slug":"frieren-beyond-journeys-end-bushiroad-the-box-collection-figures-rich-vol-2-5-cm-blind-box-display-6","status":"publish","type":"product","link":"https:\/\/animefigurer.se\/en\/figurer\/frieren-beyond-journeys-end-2\/frieren-beyond-journeys-end-bushiroad-the-box-collection-figures-rich-vol-2-5-cm-blind-box-display-6\/","title":{"rendered":"Frieren: Beyond Journey&#8217;s End BUSHIROAD THE BOX Collection Figures RICH vol.2 5 cm Blind Box Display (6)"},"content":{"rendered":"<p>Fr\u00e5n Frieren: Beyond Journey\u2019s End kommer denna blind box-serie med charmiga mini-figurer fr\u00e5n RICH vol.2-kollektionen. Varje figur \u00e4r cirka 5 cm h\u00f6g och visar karakt\u00e4rerna i s\u00f6ta och samlarv\u00e4nliga designer.Displayen inneh\u00e5ller flera olika figurer och \u00e4r perfekt f\u00f6r fans som vill samla hela serien. En kompakt och detaljrik kollektion som passar utm\u00e4rkt f\u00f6r b\u00e5de hylla och skrivbord.<\/p>","protected":false},"excerpt":{"rendered":"<p>Fr\u00e5n Frieren: Beyond Journey\u2019s End kommer denna blind box-serie med charmiga mini-figurer fr\u00e5n RICH vol.2-kollektionen. Varje figur \u00e4r cirka 5 cm h\u00f6g och visar karakt\u00e4rerna i s\u00f6ta och samlarv\u00e4nliga designer.Displayen inneh\u00e5ller flera olika figurer och \u00e4r perfekt f\u00f6r fans som vill samla hela serien. En kompakt och detaljrik kollektion som passar utm\u00e4rkt f\u00f6r b\u00e5de hylla [&hellip;]<\/p>\n","protected":false},"featured_media":100761,"comment_status":"closed","ping_status":"closed","template":"","meta":{"_acf_changed":false,"_monsterinsights_skip_tracking":false,"_monsterinsights_sitenote_active":false,"_monsterinsights_sitenote_note":"","_monsterinsights_sitenote_category":0},"product_brand":[6941],"product_cat":[8057],"product_tag":[26],"giftcard-category":[],"class_list":{"0":"post-100762","1":"product","2":"type-product","3":"status-publish","4":"has-post-thumbnail","6":"product_brand-bushiroad","7":"product_cat-frieren-beyond-journeys-end-2","8":"product_tag-pre-order","9":"pa_franchise-frieren-beyond-journeys-end-3","10":"pa_karaktar-fern","11":"pa_karaktar-frieren","12":"pa_karaktar-himmel","13":"pa_karaktar-stark","14":"pa_material-pvc","15":"pa_storlek-5-cm","17":"first","18":"instock","19":"taxable","20":"shipping-taxable","21":"purchasable","22":"product-type-simple"},"acf":[],"yoast_head":"<!-- This site is optimized with the Yoast SEO Premium plugin v24.6 (Yoast SEO v27.4) - https:\/\/yoast.com\/product\/yoast-seo-premium-wordpress\/ -->\n<title>Frieren: Beyond Journey&#039;s End BUSHIROAD THE BOX Collection Figures RICH vol.2 5 cm Blind Box Display (6) | Animefigurer.se<\/title>\n<meta name=\"robots\" content=\"index, follow, max-snippet:-1, max-image-preview:large, max-video-preview:-1\" \/>\n<link rel=\"canonical\" href=\"https:\/\/animefigurer.se\/en\/figurer\/frieren-beyond-journeys-end-2\/frieren-beyond-journeys-end-bushiroad-the-box-collection-figures-rich-vol-2-5-cm-blind-box-display-6\/\" \/>\n<meta property=\"og:locale\" content=\"en_GB\" \/>\n<meta property=\"og:type\" content=\"article\" \/>\n<meta property=\"og:title\" content=\"Frieren: Beyond Journey&#039;s End BUSHIROAD THE BOX Collection Figures RICH vol.2 5 cm Blind Box Display (6)\" \/>\n<meta property=\"og:description\" content=\"Fr\u00e5n Frieren: Beyond Journey\u2019s End kommer denna blind box-serie med charmiga mini-figurer fr\u00e5n RICH vol.2-kollektionen. Varje figur \u00e4r cirka 5 cm h\u00f6g och visar karakt\u00e4rerna i s\u00f6ta och samlarv\u00e4nliga designer.Displayen inneh\u00e5ller flera olika figurer och \u00e4r perfekt f\u00f6r fans som vill samla hela serien. En kompakt och detaljrik kollektion som passar utm\u00e4rkt f\u00f6r b\u00e5de hylla [&hellip;]\" \/>\n<meta property=\"og:url\" content=\"https:\/\/animefigurer.se\/en\/figurer\/frieren-beyond-journeys-end-2\/frieren-beyond-journeys-end-bushiroad-the-box-collection-figures-rich-vol-2-5-cm-blind-box-display-6\/\" \/>\n<meta property=\"og:site_name\" content=\"Animefigurer.se\" \/>\n<meta property=\"article:publisher\" content=\"https:\/\/www.facebook.com\/profile.php?id=61581826539670\" \/>\n<meta property=\"article:modified_time\" content=\"2026-04-29T18:52:25+00:00\" \/>\n<meta property=\"og:image\" content=\"https:\/\/animefigurer.se\/wp-content\/uploads\/2026\/04\/x_buro42154.jpg\" \/>\n\t<meta property=\"og:image:width\" content=\"1000\" \/>\n\t<meta property=\"og:image:height\" content=\"1000\" \/>\n\t<meta property=\"og:image:type\" content=\"image\/jpeg\" \/>\n<meta name=\"twitter:card\" content=\"summary_large_image\" \/>\n<meta name=\"twitter:label1\" content=\"Estimated reading time\" \/>\n\t<meta name=\"twitter:data1\" content=\"1 minute\" \/>\n<script type=\"application\/ld+json\" class=\"yoast-schema-graph\">{\"@context\":\"https:\\\/\\\/schema.org\",\"@graph\":[{\"@type\":\"WebPage\",\"@id\":\"https:\\\/\\\/animefigurer.se\\\/figurer\\\/frieren-beyond-journeys-end-2\\\/frieren-beyond-journeys-end-bushiroad-the-box-collection-figures-rich-vol-2-5-cm-blind-box-display-6\\\/\",\"url\":\"https:\\\/\\\/animefigurer.se\\\/figurer\\\/frieren-beyond-journeys-end-2\\\/frieren-beyond-journeys-end-bushiroad-the-box-collection-figures-rich-vol-2-5-cm-blind-box-display-6\\\/\",\"name\":\"Frieren: Beyond Journey's End BUSHIROAD THE BOX Collection Figures RICH vol.2 5 cm Blind Box Display (6) | Animefigurer.se\",\"isPartOf\":{\"@id\":\"https:\\\/\\\/animefigurer.se\\\/#website\"},\"primaryImageOfPage\":{\"@id\":\"https:\\\/\\\/animefigurer.se\\\/figurer\\\/frieren-beyond-journeys-end-2\\\/frieren-beyond-journeys-end-bushiroad-the-box-collection-figures-rich-vol-2-5-cm-blind-box-display-6\\\/#primaryimage\"},\"image\":{\"@id\":\"https:\\\/\\\/animefigurer.se\\\/figurer\\\/frieren-beyond-journeys-end-2\\\/frieren-beyond-journeys-end-bushiroad-the-box-collection-figures-rich-vol-2-5-cm-blind-box-display-6\\\/#primaryimage\"},\"thumbnailUrl\":\"https:\\\/\\\/animefigurer.se\\\/wp-content\\\/uploads\\\/2026\\\/04\\\/x_buro42154.jpg\",\"datePublished\":\"2026-04-29T15:44:34+00:00\",\"dateModified\":\"2026-04-29T18:52:25+00:00\",\"breadcrumb\":{\"@id\":\"https:\\\/\\\/animefigurer.se\\\/figurer\\\/frieren-beyond-journeys-end-2\\\/frieren-beyond-journeys-end-bushiroad-the-box-collection-figures-rich-vol-2-5-cm-blind-box-display-6\\\/#breadcrumb\"},\"inLanguage\":\"en-GB\",\"potentialAction\":[{\"@type\":\"ReadAction\",\"target\":[\"https:\\\/\\\/animefigurer.se\\\/figurer\\\/frieren-beyond-journeys-end-2\\\/frieren-beyond-journeys-end-bushiroad-the-box-collection-figures-rich-vol-2-5-cm-blind-box-display-6\\\/\"]}]},{\"@type\":\"ImageObject\",\"inLanguage\":\"en-GB\",\"@id\":\"https:\\\/\\\/animefigurer.se\\\/figurer\\\/frieren-beyond-journeys-end-2\\\/frieren-beyond-journeys-end-bushiroad-the-box-collection-figures-rich-vol-2-5-cm-blind-box-display-6\\\/#primaryimage\",\"url\":\"https:\\\/\\\/animefigurer.se\\\/wp-content\\\/uploads\\\/2026\\\/04\\\/x_buro42154.jpg\",\"contentUrl\":\"https:\\\/\\\/animefigurer.se\\\/wp-content\\\/uploads\\\/2026\\\/04\\\/x_buro42154.jpg\",\"width\":1000,\"height\":1000},{\"@type\":\"BreadcrumbList\",\"@id\":\"https:\\\/\\\/animefigurer.se\\\/figurer\\\/frieren-beyond-journeys-end-2\\\/frieren-beyond-journeys-end-bushiroad-the-box-collection-figures-rich-vol-2-5-cm-blind-box-display-6\\\/#breadcrumb\",\"itemListElement\":[{\"@type\":\"ListItem\",\"position\":1,\"name\":\"Home\",\"item\":\"https:\\\/\\\/animefigurer.se\\\/\"},{\"@type\":\"ListItem\",\"position\":2,\"name\":\"Butik\",\"item\":\"https:\\\/\\\/animefigurer.se\\\/figurer\\\/\"},{\"@type\":\"ListItem\",\"position\":3,\"name\":\"Frieren: Beyond Journey&#8217;s End BUSHIROAD THE BOX Collection Figures RICH vol.2 5 cm Blind Box Display (6)\"}]},{\"@type\":\"WebSite\",\"@id\":\"https:\\\/\\\/animefigurer.se\\\/#website\",\"url\":\"https:\\\/\\\/animefigurer.se\\\/\",\"name\":\"Animefigurer.se\",\"description\":\"Anime figurer fr\u00e5n \u00f6ver 300 olika anime serier med \u00f6ver 9000 produkter | Anime Shop\",\"publisher\":{\"@id\":\"https:\\\/\\\/animefigurer.se\\\/#organization\"},\"potentialAction\":[{\"@type\":\"SearchAction\",\"target\":{\"@type\":\"EntryPoint\",\"urlTemplate\":\"https:\\\/\\\/animefigurer.se\\\/?s={search_term_string}\"},\"query-input\":{\"@type\":\"PropertyValueSpecification\",\"valueRequired\":true,\"valueName\":\"search_term_string\"}}],\"inLanguage\":\"en-GB\"},{\"@type\":\"Organization\",\"@id\":\"https:\\\/\\\/animefigurer.se\\\/#organization\",\"name\":\"Animefigurer.se\",\"alternateName\":\"Anime figurer | Anime shop\",\"url\":\"https:\\\/\\\/animefigurer.se\\\/\",\"logo\":{\"@type\":\"ImageObject\",\"inLanguage\":\"en-GB\",\"@id\":\"https:\\\/\\\/animefigurer.se\\\/#\\\/schema\\\/logo\\\/image\\\/\",\"url\":\"https:\\\/\\\/animefigurer.se\\\/wp-content\\\/uploads\\\/2025\\\/12\\\/Animefigurer_logowhite.png\",\"contentUrl\":\"https:\\\/\\\/animefigurer.se\\\/wp-content\\\/uploads\\\/2025\\\/12\\\/Animefigurer_logowhite.png\",\"width\":1890,\"height\":1417,\"caption\":\"Animefigurer.se\"},\"image\":{\"@id\":\"https:\\\/\\\/animefigurer.se\\\/#\\\/schema\\\/logo\\\/image\\\/\"},\"sameAs\":[\"https:\\\/\\\/www.facebook.com\\\/profile.php?id=61581826539670\",\"https:\\\/\\\/www.instagram.com\\\/animefigurer.se\\\/\"],\"email\":\"info@animefigurer.se\"}]}<\/script>\n<!-- \/ Yoast SEO Premium plugin. -->","yoast_head_json":{"title":"Frieren: Beyond Journey's End BUSHIROAD THE BOX Collection Figures RICH vol.2 5 cm Blind Box Display (6) | Animefigurer.se","robots":{"index":"index","follow":"follow","max-snippet":"max-snippet:-1","max-image-preview":"max-image-preview:large","max-video-preview":"max-video-preview:-1"},"canonical":"https:\/\/animefigurer.se\/en\/figurer\/frieren-beyond-journeys-end-2\/frieren-beyond-journeys-end-bushiroad-the-box-collection-figures-rich-vol-2-5-cm-blind-box-display-6\/","og_locale":"en_GB","og_type":"article","og_title":"Frieren: Beyond Journey's End BUSHIROAD THE BOX Collection Figures RICH vol.2 5 cm Blind Box Display (6)","og_description":"Fr\u00e5n Frieren: Beyond Journey\u2019s End kommer denna blind box-serie med charmiga mini-figurer fr\u00e5n RICH vol.2-kollektionen. Varje figur \u00e4r cirka 5 cm h\u00f6g och visar karakt\u00e4rerna i s\u00f6ta och samlarv\u00e4nliga designer.Displayen inneh\u00e5ller flera olika figurer och \u00e4r perfekt f\u00f6r fans som vill samla hela serien. En kompakt och detaljrik kollektion som passar utm\u00e4rkt f\u00f6r b\u00e5de hylla [&hellip;]","og_url":"https:\/\/animefigurer.se\/en\/figurer\/frieren-beyond-journeys-end-2\/frieren-beyond-journeys-end-bushiroad-the-box-collection-figures-rich-vol-2-5-cm-blind-box-display-6\/","og_site_name":"Animefigurer.se","article_publisher":"https:\/\/www.facebook.com\/profile.php?id=61581826539670","article_modified_time":"2026-04-29T18:52:25+00:00","og_image":[{"width":1000,"height":1000,"url":"https:\/\/animefigurer.se\/wp-content\/uploads\/2026\/04\/x_buro42154.jpg","type":"image\/jpeg"}],"twitter_card":"summary_large_image","twitter_misc":{"Estimated reading time":"1 minute"},"schema":{"@context":"https:\/\/schema.org","@graph":[{"@type":"WebPage","@id":"https:\/\/animefigurer.se\/figurer\/frieren-beyond-journeys-end-2\/frieren-beyond-journeys-end-bushiroad-the-box-collection-figures-rich-vol-2-5-cm-blind-box-display-6\/","url":"https:\/\/animefigurer.se\/figurer\/frieren-beyond-journeys-end-2\/frieren-beyond-journeys-end-bushiroad-the-box-collection-figures-rich-vol-2-5-cm-blind-box-display-6\/","name":"Frieren: Beyond Journey's End BUSHIROAD THE BOX Collection Figures RICH vol.2 5 cm Blind Box Display (6) | Animefigurer.se","isPartOf":{"@id":"https:\/\/animefigurer.se\/#website"},"primaryImageOfPage":{"@id":"https:\/\/animefigurer.se\/figurer\/frieren-beyond-journeys-end-2\/frieren-beyond-journeys-end-bushiroad-the-box-collection-figures-rich-vol-2-5-cm-blind-box-display-6\/#primaryimage"},"image":{"@id":"https:\/\/animefigurer.se\/figurer\/frieren-beyond-journeys-end-2\/frieren-beyond-journeys-end-bushiroad-the-box-collection-figures-rich-vol-2-5-cm-blind-box-display-6\/#primaryimage"},"thumbnailUrl":"https:\/\/animefigurer.se\/wp-content\/uploads\/2026\/04\/x_buro42154.jpg","datePublished":"2026-04-29T15:44:34+00:00","dateModified":"2026-04-29T18:52:25+00:00","breadcrumb":{"@id":"https:\/\/animefigurer.se\/figurer\/frieren-beyond-journeys-end-2\/frieren-beyond-journeys-end-bushiroad-the-box-collection-figures-rich-vol-2-5-cm-blind-box-display-6\/#breadcrumb"},"inLanguage":"en-GB","potentialAction":[{"@type":"ReadAction","target":["https:\/\/animefigurer.se\/figurer\/frieren-beyond-journeys-end-2\/frieren-beyond-journeys-end-bushiroad-the-box-collection-figures-rich-vol-2-5-cm-blind-box-display-6\/"]}]},{"@type":"ImageObject","inLanguage":"en-GB","@id":"https:\/\/animefigurer.se\/figurer\/frieren-beyond-journeys-end-2\/frieren-beyond-journeys-end-bushiroad-the-box-collection-figures-rich-vol-2-5-cm-blind-box-display-6\/#primaryimage","url":"https:\/\/animefigurer.se\/wp-content\/uploads\/2026\/04\/x_buro42154.jpg","contentUrl":"https:\/\/animefigurer.se\/wp-content\/uploads\/2026\/04\/x_buro42154.jpg","width":1000,"height":1000},{"@type":"BreadcrumbList","@id":"https:\/\/animefigurer.se\/figurer\/frieren-beyond-journeys-end-2\/frieren-beyond-journeys-end-bushiroad-the-box-collection-figures-rich-vol-2-5-cm-blind-box-display-6\/#breadcrumb","itemListElement":[{"@type":"ListItem","position":1,"name":"Home","item":"https:\/\/animefigurer.se\/"},{"@type":"ListItem","position":2,"name":"Butik","item":"https:\/\/animefigurer.se\/figurer\/"},{"@type":"ListItem","position":3,"name":"Frieren: Beyond Journey&#8217;s End BUSHIROAD THE BOX Collection Figures RICH vol.2 5 cm Blind Box Display (6)"}]},{"@type":"WebSite","@id":"https:\/\/animefigurer.se\/#website","url":"https:\/\/animefigurer.se\/","name":"Animefigurer.se","description":"Anime figures from over 300 different anime series with over 9000 products | Anime Shop","publisher":{"@id":"https:\/\/animefigurer.se\/#organization"},"potentialAction":[{"@type":"SearchAction","target":{"@type":"EntryPoint","urlTemplate":"https:\/\/animefigurer.se\/?s={search_term_string}"},"query-input":{"@type":"PropertyValueSpecification","valueRequired":true,"valueName":"search_term_string"}}],"inLanguage":"en-GB"},{"@type":"Organization","@id":"https:\/\/animefigurer.se\/#organization","name":"Animefigurer.se","alternateName":"Anime figurer | Anime shop","url":"https:\/\/animefigurer.se\/","logo":{"@type":"ImageObject","inLanguage":"en-GB","@id":"https:\/\/animefigurer.se\/#\/schema\/logo\/image\/","url":"https:\/\/animefigurer.se\/wp-content\/uploads\/2025\/12\/Animefigurer_logowhite.png","contentUrl":"https:\/\/animefigurer.se\/wp-content\/uploads\/2025\/12\/Animefigurer_logowhite.png","width":1890,"height":1417,"caption":"Animefigurer.se"},"image":{"@id":"https:\/\/animefigurer.se\/#\/schema\/logo\/image\/"},"sameAs":["https:\/\/www.facebook.com\/profile.php?id=61581826539670","https:\/\/www.instagram.com\/animefigurer.se\/"],"email":"info@animefigurer.se"}]}},"_links":{"self":[{"href":"https:\/\/animefigurer.se\/en\/wp-json\/wp\/v2\/product\/100762","targetHints":{"allow":["GET"]}}],"collection":[{"href":"https:\/\/animefigurer.se\/en\/wp-json\/wp\/v2\/product"}],"about":[{"href":"https:\/\/animefigurer.se\/en\/wp-json\/wp\/v2\/types\/product"}],"replies":[{"embeddable":true,"href":"https:\/\/animefigurer.se\/en\/wp-json\/wp\/v2\/comments?post=100762"}],"wp:featuredmedia":[{"embeddable":true,"href":"https:\/\/animefigurer.se\/en\/wp-json\/wp\/v2\/media\/100761"}],"wp:attachment":[{"href":"https:\/\/animefigurer.se\/en\/wp-json\/wp\/v2\/media?parent=100762"}],"wp:term":[{"taxonomy":"product_brand","embeddable":true,"href":"https:\/\/animefigurer.se\/en\/wp-json\/wp\/v2\/product_brand?post=100762"},{"taxonomy":"product_cat","embeddable":true,"href":"https:\/\/animefigurer.se\/en\/wp-json\/wp\/v2\/product_cat?post=100762"},{"taxonomy":"product_tag","embeddable":true,"href":"https:\/\/animefigurer.se\/en\/wp-json\/wp\/v2\/product_tag?post=100762"},{"taxonomy":"giftcard-category","embeddable":true,"href":"https:\/\/animefigurer.se\/en\/wp-json\/wp\/v2\/giftcard-category?post=100762"}],"curies":[{"name":"wp","href":"https:\/\/api.w.org\/{rel}","templated":true}]}}