{"id":100422,"date":"2026-04-28T15:56:23","date_gmt":"2026-04-28T13:56:23","guid":{"rendered":"https:\/\/animefigurer.se\/?post_type=product&#038;p=100422"},"modified":"2026-04-28T20:46:41","modified_gmt":"2026-04-28T18:46:41","slug":"nendoroid-doll-through-the-looking-glass-alice-another-color-figure","status":"publish","type":"product","link":"https:\/\/animefigurer.se\/en\/figurer\/through-the-looking-glass-alice\/nendoroid-doll-through-the-looking-glass-alice-another-color-figure\/","title":{"rendered":"Nendoroid Doll Through the Looking-Glass: Alice &#8211; Another Color (Figure)"},"content":{"rendered":"<p>Denna charmiga Nendoroid Doll-figur presenterar Alice i en alternativ f\u00e4rgversion inspirerad av Through the Looking-Glass. Figuren har en detaljerad outfit med fina texturer och tillbeh\u00f6r som ger en elegant och sagolik k\u00e4nsla.Med r\u00f6rliga leder och utbytbara delar kan figuren enkelt poseras f\u00f6r olika uttryck. Ett perfekt val f\u00f6r samlare som vill kombinera lekfull design med h\u00f6g anpassningsm\u00f6jlighet.<\/p>","protected":false},"excerpt":{"rendered":"<p>Denna charmiga Nendoroid Doll-figur presenterar Alice i en alternativ f\u00e4rgversion inspirerad av Through the Looking-Glass. Figuren har en detaljerad outfit med fina texturer och tillbeh\u00f6r som ger en elegant och sagolik k\u00e4nsla.Med r\u00f6rliga leder och utbytbara delar kan figuren enkelt poseras f\u00f6r olika uttryck. Ett perfekt val f\u00f6r samlare som vill kombinera lekfull design med [&hellip;]<\/p>\n","protected":false},"featured_media":100421,"comment_status":"closed","ping_status":"closed","template":"","meta":{"_acf_changed":false,"_monsterinsights_skip_tracking":false,"_monsterinsights_sitenote_active":false,"_monsterinsights_sitenote_note":"","_monsterinsights_sitenote_category":0},"product_brand":[6890],"product_cat":[8178],"product_tag":[26],"giftcard-category":[],"class_list":{"0":"post-100422","1":"product","2":"type-product","3":"status-publish","4":"has-post-thumbnail","6":"product_brand-good-smile-company","7":"product_cat-through-the-looking-glass-alice","8":"product_tag-pre-order","9":"pa_franchise-through-the-looking-glass-alice","10":"pa_karaktar-alice","11":"pa_material-cloth","12":"pa_material-magnet","13":"pa_material-plastic","14":"pa_produktserie-nendoroid-doll","15":"pa_storlek-14-cm","17":"first","18":"instock","19":"taxable","20":"shipping-taxable","21":"purchasable","22":"product-type-simple"},"acf":[],"yoast_head":"<!-- This site is optimized with the Yoast SEO Premium plugin v24.6 (Yoast SEO v27.4) - https:\/\/yoast.com\/product\/yoast-seo-premium-wordpress\/ -->\n<title>Nendoroid Doll Through the Looking-Glass: Alice - Another Color (Figure) | Animefigurer.se<\/title>\n<meta name=\"robots\" content=\"index, follow, max-snippet:-1, max-image-preview:large, max-video-preview:-1\" \/>\n<link rel=\"canonical\" href=\"https:\/\/animefigurer.se\/en\/figurer\/through-the-looking-glass-alice\/nendoroid-doll-through-the-looking-glass-alice-another-color-figure\/\" \/>\n<meta property=\"og:locale\" content=\"en_GB\" \/>\n<meta property=\"og:type\" content=\"article\" \/>\n<meta property=\"og:title\" content=\"Nendoroid Doll Through the Looking-Glass: Alice - Another Color (Figure)\" \/>\n<meta property=\"og:description\" content=\"Denna charmiga Nendoroid Doll-figur presenterar Alice i en alternativ f\u00e4rgversion inspirerad av Through the Looking-Glass. Figuren har en detaljerad outfit med fina texturer och tillbeh\u00f6r som ger en elegant och sagolik k\u00e4nsla.Med r\u00f6rliga leder och utbytbara delar kan figuren enkelt poseras f\u00f6r olika uttryck. Ett perfekt val f\u00f6r samlare som vill kombinera lekfull design med [&hellip;]\" \/>\n<meta property=\"og:url\" content=\"https:\/\/animefigurer.se\/en\/figurer\/through-the-looking-glass-alice\/nendoroid-doll-through-the-looking-glass-alice-another-color-figure\/\" \/>\n<meta property=\"og:site_name\" content=\"Animefigurer.se\" \/>\n<meta property=\"article:publisher\" content=\"https:\/\/www.facebook.com\/profile.php?id=61581826539670\" \/>\n<meta property=\"article:modified_time\" content=\"2026-04-28T18:46:41+00:00\" \/>\n<meta property=\"og:image\" content=\"https:\/\/animefigurer.se\/wp-content\/uploads\/2026\/04\/11377507a.jpg\" \/>\n\t<meta property=\"og:image:width\" content=\"750\" \/>\n\t<meta property=\"og:image:height\" content=\"1000\" \/>\n\t<meta property=\"og:image:type\" content=\"image\/jpeg\" \/>\n<meta name=\"twitter:card\" content=\"summary_large_image\" \/>\n<meta name=\"twitter:label1\" content=\"Estimated reading time\" \/>\n\t<meta name=\"twitter:data1\" content=\"1 minute\" \/>\n<script type=\"application\/ld+json\" class=\"yoast-schema-graph\">{\"@context\":\"https:\\\/\\\/schema.org\",\"@graph\":[{\"@type\":\"WebPage\",\"@id\":\"https:\\\/\\\/animefigurer.se\\\/figurer\\\/through-the-looking-glass-alice\\\/nendoroid-doll-through-the-looking-glass-alice-another-color-figure\\\/\",\"url\":\"https:\\\/\\\/animefigurer.se\\\/figurer\\\/through-the-looking-glass-alice\\\/nendoroid-doll-through-the-looking-glass-alice-another-color-figure\\\/\",\"name\":\"Nendoroid Doll Through the Looking-Glass: Alice - Another Color (Figure) | Animefigurer.se\",\"isPartOf\":{\"@id\":\"https:\\\/\\\/animefigurer.se\\\/#website\"},\"primaryImageOfPage\":{\"@id\":\"https:\\\/\\\/animefigurer.se\\\/figurer\\\/through-the-looking-glass-alice\\\/nendoroid-doll-through-the-looking-glass-alice-another-color-figure\\\/#primaryimage\"},\"image\":{\"@id\":\"https:\\\/\\\/animefigurer.se\\\/figurer\\\/through-the-looking-glass-alice\\\/nendoroid-doll-through-the-looking-glass-alice-another-color-figure\\\/#primaryimage\"},\"thumbnailUrl\":\"https:\\\/\\\/animefigurer.se\\\/wp-content\\\/uploads\\\/2026\\\/04\\\/11377507a.jpg\",\"datePublished\":\"2026-04-28T13:56:23+00:00\",\"dateModified\":\"2026-04-28T18:46:41+00:00\",\"breadcrumb\":{\"@id\":\"https:\\\/\\\/animefigurer.se\\\/figurer\\\/through-the-looking-glass-alice\\\/nendoroid-doll-through-the-looking-glass-alice-another-color-figure\\\/#breadcrumb\"},\"inLanguage\":\"en-GB\",\"potentialAction\":[{\"@type\":\"ReadAction\",\"target\":[\"https:\\\/\\\/animefigurer.se\\\/figurer\\\/through-the-looking-glass-alice\\\/nendoroid-doll-through-the-looking-glass-alice-another-color-figure\\\/\"]}]},{\"@type\":\"ImageObject\",\"inLanguage\":\"en-GB\",\"@id\":\"https:\\\/\\\/animefigurer.se\\\/figurer\\\/through-the-looking-glass-alice\\\/nendoroid-doll-through-the-looking-glass-alice-another-color-figure\\\/#primaryimage\",\"url\":\"https:\\\/\\\/animefigurer.se\\\/wp-content\\\/uploads\\\/2026\\\/04\\\/11377507a.jpg\",\"contentUrl\":\"https:\\\/\\\/animefigurer.se\\\/wp-content\\\/uploads\\\/2026\\\/04\\\/11377507a.jpg\",\"width\":750,\"height\":1000},{\"@type\":\"BreadcrumbList\",\"@id\":\"https:\\\/\\\/animefigurer.se\\\/figurer\\\/through-the-looking-glass-alice\\\/nendoroid-doll-through-the-looking-glass-alice-another-color-figure\\\/#breadcrumb\",\"itemListElement\":[{\"@type\":\"ListItem\",\"position\":1,\"name\":\"Home\",\"item\":\"https:\\\/\\\/animefigurer.se\\\/\"},{\"@type\":\"ListItem\",\"position\":2,\"name\":\"Butik\",\"item\":\"https:\\\/\\\/animefigurer.se\\\/figurer\\\/\"},{\"@type\":\"ListItem\",\"position\":3,\"name\":\"Nendoroid Doll Through the Looking-Glass: Alice &#8211; Another Color (Figure)\"}]},{\"@type\":\"WebSite\",\"@id\":\"https:\\\/\\\/animefigurer.se\\\/#website\",\"url\":\"https:\\\/\\\/animefigurer.se\\\/\",\"name\":\"Animefigurer.se\",\"description\":\"Anime figurer fr\u00e5n \u00f6ver 300 olika anime serier med \u00f6ver 9000 produkter | Anime Shop\",\"publisher\":{\"@id\":\"https:\\\/\\\/animefigurer.se\\\/#organization\"},\"potentialAction\":[{\"@type\":\"SearchAction\",\"target\":{\"@type\":\"EntryPoint\",\"urlTemplate\":\"https:\\\/\\\/animefigurer.se\\\/?s={search_term_string}\"},\"query-input\":{\"@type\":\"PropertyValueSpecification\",\"valueRequired\":true,\"valueName\":\"search_term_string\"}}],\"inLanguage\":\"en-GB\"},{\"@type\":\"Organization\",\"@id\":\"https:\\\/\\\/animefigurer.se\\\/#organization\",\"name\":\"Animefigurer.se\",\"alternateName\":\"Anime figurer | Anime shop\",\"url\":\"https:\\\/\\\/animefigurer.se\\\/\",\"logo\":{\"@type\":\"ImageObject\",\"inLanguage\":\"en-GB\",\"@id\":\"https:\\\/\\\/animefigurer.se\\\/#\\\/schema\\\/logo\\\/image\\\/\",\"url\":\"https:\\\/\\\/animefigurer.se\\\/wp-content\\\/uploads\\\/2025\\\/12\\\/Animefigurer_logowhite.png\",\"contentUrl\":\"https:\\\/\\\/animefigurer.se\\\/wp-content\\\/uploads\\\/2025\\\/12\\\/Animefigurer_logowhite.png\",\"width\":1890,\"height\":1417,\"caption\":\"Animefigurer.se\"},\"image\":{\"@id\":\"https:\\\/\\\/animefigurer.se\\\/#\\\/schema\\\/logo\\\/image\\\/\"},\"sameAs\":[\"https:\\\/\\\/www.facebook.com\\\/profile.php?id=61581826539670\",\"https:\\\/\\\/www.instagram.com\\\/animefigurer.se\\\/\"],\"email\":\"info@animefigurer.se\"}]}<\/script>\n<!-- \/ Yoast SEO Premium plugin. -->","yoast_head_json":{"title":"Nendoroid Doll Through the Looking-Glass: Alice - Another Color (Figure) | Animefigurer.se","robots":{"index":"index","follow":"follow","max-snippet":"max-snippet:-1","max-image-preview":"max-image-preview:large","max-video-preview":"max-video-preview:-1"},"canonical":"https:\/\/animefigurer.se\/en\/figurer\/through-the-looking-glass-alice\/nendoroid-doll-through-the-looking-glass-alice-another-color-figure\/","og_locale":"en_GB","og_type":"article","og_title":"Nendoroid Doll Through the Looking-Glass: Alice - Another Color (Figure)","og_description":"Denna charmiga Nendoroid Doll-figur presenterar Alice i en alternativ f\u00e4rgversion inspirerad av Through the Looking-Glass. Figuren har en detaljerad outfit med fina texturer och tillbeh\u00f6r som ger en elegant och sagolik k\u00e4nsla.Med r\u00f6rliga leder och utbytbara delar kan figuren enkelt poseras f\u00f6r olika uttryck. Ett perfekt val f\u00f6r samlare som vill kombinera lekfull design med [&hellip;]","og_url":"https:\/\/animefigurer.se\/en\/figurer\/through-the-looking-glass-alice\/nendoroid-doll-through-the-looking-glass-alice-another-color-figure\/","og_site_name":"Animefigurer.se","article_publisher":"https:\/\/www.facebook.com\/profile.php?id=61581826539670","article_modified_time":"2026-04-28T18:46:41+00:00","og_image":[{"width":750,"height":1000,"url":"https:\/\/animefigurer.se\/wp-content\/uploads\/2026\/04\/11377507a.jpg","type":"image\/jpeg"}],"twitter_card":"summary_large_image","twitter_misc":{"Estimated reading time":"1 minute"},"schema":{"@context":"https:\/\/schema.org","@graph":[{"@type":"WebPage","@id":"https:\/\/animefigurer.se\/figurer\/through-the-looking-glass-alice\/nendoroid-doll-through-the-looking-glass-alice-another-color-figure\/","url":"https:\/\/animefigurer.se\/figurer\/through-the-looking-glass-alice\/nendoroid-doll-through-the-looking-glass-alice-another-color-figure\/","name":"Nendoroid Doll Through the Looking-Glass: Alice - Another Color (Figure) | Animefigurer.se","isPartOf":{"@id":"https:\/\/animefigurer.se\/#website"},"primaryImageOfPage":{"@id":"https:\/\/animefigurer.se\/figurer\/through-the-looking-glass-alice\/nendoroid-doll-through-the-looking-glass-alice-another-color-figure\/#primaryimage"},"image":{"@id":"https:\/\/animefigurer.se\/figurer\/through-the-looking-glass-alice\/nendoroid-doll-through-the-looking-glass-alice-another-color-figure\/#primaryimage"},"thumbnailUrl":"https:\/\/animefigurer.se\/wp-content\/uploads\/2026\/04\/11377507a.jpg","datePublished":"2026-04-28T13:56:23+00:00","dateModified":"2026-04-28T18:46:41+00:00","breadcrumb":{"@id":"https:\/\/animefigurer.se\/figurer\/through-the-looking-glass-alice\/nendoroid-doll-through-the-looking-glass-alice-another-color-figure\/#breadcrumb"},"inLanguage":"en-GB","potentialAction":[{"@type":"ReadAction","target":["https:\/\/animefigurer.se\/figurer\/through-the-looking-glass-alice\/nendoroid-doll-through-the-looking-glass-alice-another-color-figure\/"]}]},{"@type":"ImageObject","inLanguage":"en-GB","@id":"https:\/\/animefigurer.se\/figurer\/through-the-looking-glass-alice\/nendoroid-doll-through-the-looking-glass-alice-another-color-figure\/#primaryimage","url":"https:\/\/animefigurer.se\/wp-content\/uploads\/2026\/04\/11377507a.jpg","contentUrl":"https:\/\/animefigurer.se\/wp-content\/uploads\/2026\/04\/11377507a.jpg","width":750,"height":1000},{"@type":"BreadcrumbList","@id":"https:\/\/animefigurer.se\/figurer\/through-the-looking-glass-alice\/nendoroid-doll-through-the-looking-glass-alice-another-color-figure\/#breadcrumb","itemListElement":[{"@type":"ListItem","position":1,"name":"Home","item":"https:\/\/animefigurer.se\/"},{"@type":"ListItem","position":2,"name":"Butik","item":"https:\/\/animefigurer.se\/figurer\/"},{"@type":"ListItem","position":3,"name":"Nendoroid Doll Through the Looking-Glass: Alice &#8211; Another Color (Figure)"}]},{"@type":"WebSite","@id":"https:\/\/animefigurer.se\/#website","url":"https:\/\/animefigurer.se\/","name":"Animefigurer.se","description":"Anime figures from over 300 different anime series with over 9000 products | Anime Shop","publisher":{"@id":"https:\/\/animefigurer.se\/#organization"},"potentialAction":[{"@type":"SearchAction","target":{"@type":"EntryPoint","urlTemplate":"https:\/\/animefigurer.se\/?s={search_term_string}"},"query-input":{"@type":"PropertyValueSpecification","valueRequired":true,"valueName":"search_term_string"}}],"inLanguage":"en-GB"},{"@type":"Organization","@id":"https:\/\/animefigurer.se\/#organization","name":"Animefigurer.se","alternateName":"Anime figurer | Anime shop","url":"https:\/\/animefigurer.se\/","logo":{"@type":"ImageObject","inLanguage":"en-GB","@id":"https:\/\/animefigurer.se\/#\/schema\/logo\/image\/","url":"https:\/\/animefigurer.se\/wp-content\/uploads\/2025\/12\/Animefigurer_logowhite.png","contentUrl":"https:\/\/animefigurer.se\/wp-content\/uploads\/2025\/12\/Animefigurer_logowhite.png","width":1890,"height":1417,"caption":"Animefigurer.se"},"image":{"@id":"https:\/\/animefigurer.se\/#\/schema\/logo\/image\/"},"sameAs":["https:\/\/www.facebook.com\/profile.php?id=61581826539670","https:\/\/www.instagram.com\/animefigurer.se\/"],"email":"info@animefigurer.se"}]}},"_links":{"self":[{"href":"https:\/\/animefigurer.se\/en\/wp-json\/wp\/v2\/product\/100422","targetHints":{"allow":["GET"]}}],"collection":[{"href":"https:\/\/animefigurer.se\/en\/wp-json\/wp\/v2\/product"}],"about":[{"href":"https:\/\/animefigurer.se\/en\/wp-json\/wp\/v2\/types\/product"}],"replies":[{"embeddable":true,"href":"https:\/\/animefigurer.se\/en\/wp-json\/wp\/v2\/comments?post=100422"}],"wp:featuredmedia":[{"embeddable":true,"href":"https:\/\/animefigurer.se\/en\/wp-json\/wp\/v2\/media\/100421"}],"wp:attachment":[{"href":"https:\/\/animefigurer.se\/en\/wp-json\/wp\/v2\/media?parent=100422"}],"wp:term":[{"taxonomy":"product_brand","embeddable":true,"href":"https:\/\/animefigurer.se\/en\/wp-json\/wp\/v2\/product_brand?post=100422"},{"taxonomy":"product_cat","embeddable":true,"href":"https:\/\/animefigurer.se\/en\/wp-json\/wp\/v2\/product_cat?post=100422"},{"taxonomy":"product_tag","embeddable":true,"href":"https:\/\/animefigurer.se\/en\/wp-json\/wp\/v2\/product_tag?post=100422"},{"taxonomy":"giftcard-category","embeddable":true,"href":"https:\/\/animefigurer.se\/en\/wp-json\/wp\/v2\/giftcard-category?post=100422"}],"curies":[{"name":"wp","href":"https:\/\/api.w.org\/{rel}","templated":true}]}}