{"id":100337,"date":"2026-04-28T15:55:24","date_gmt":"2026-04-28T13:55:24","guid":{"rendered":"https:\/\/animefigurer.se\/?post_type=product&#038;p=100337"},"modified":"2026-04-28T20:40:48","modified_gmt":"2026-04-28T18:40:48","slug":"lookup-alien-stage-luka-figure","status":"publish","type":"product","link":"https:\/\/animefigurer.se\/en\/figurer\/alien-stage\/lookup-alien-stage-luka-figure\/","title":{"rendered":"Lookup ALIEN STAGE Luka (Figure)"},"content":{"rendered":"<p>Fr\u00e5n ALIEN STAGE kommer denna s\u00f6ta figur av Luka fr\u00e5n den popul\u00e4ra Lookup-serien. Figuren har en unik design med upp\u00e5tblickande \u00f6gon och en sittande pose som ger den ett charmigt och uttrycksfullt utseende.Den kompakta storleken g\u00f6r den perfekt f\u00f6r skrivbord eller hyllor, d\u00e4r den enkelt f\u00e5ngar uppm\u00e4rksamheten. Ett utm\u00e4rkt val f\u00f6r samlare som vill ha en stilren och lekfull figur med mycket personlighet.<\/p>","protected":false},"excerpt":{"rendered":"<p>Fr\u00e5n ALIEN STAGE kommer denna s\u00f6ta figur av Luka fr\u00e5n den popul\u00e4ra Lookup-serien. Figuren har en unik design med upp\u00e5tblickande \u00f6gon och en sittande pose som ger den ett charmigt och uttrycksfullt utseende.Den kompakta storleken g\u00f6r den perfekt f\u00f6r skrivbord eller hyllor, d\u00e4r den enkelt f\u00e5ngar uppm\u00e4rksamheten. Ett utm\u00e4rkt val f\u00f6r samlare som vill ha [&hellip;]<\/p>\n","protected":false},"featured_media":100336,"comment_status":"closed","ping_status":"closed","template":"","meta":{"_acf_changed":false,"_monsterinsights_skip_tracking":false,"_monsterinsights_sitenote_active":false,"_monsterinsights_sitenote_note":"","_monsterinsights_sitenote_category":0},"product_brand":[7061],"product_cat":[473],"product_tag":[26],"giftcard-category":[],"class_list":{"0":"post-100337","1":"product","2":"type-product","3":"status-publish","4":"has-post-thumbnail","6":"product_brand-megahouse","7":"product_cat-alien-stage","8":"product_tag-pre-order","9":"pa_franchise-alien-stage","10":"pa_karaktar-luka","11":"pa_produktserie-look-up-series","12":"pa_storlek-11-cm","14":"first","15":"instock","16":"taxable","17":"shipping-taxable","18":"purchasable","19":"product-type-simple"},"acf":[],"yoast_head":"<!-- This site is optimized with the Yoast SEO Premium plugin v24.6 (Yoast SEO v27.4) - https:\/\/yoast.com\/product\/yoast-seo-premium-wordpress\/ -->\n<title>Lookup ALIEN STAGE Luka (Figure) | Animefigurer.se<\/title>\n<meta name=\"robots\" content=\"index, follow, max-snippet:-1, max-image-preview:large, max-video-preview:-1\" \/>\n<link rel=\"canonical\" href=\"https:\/\/animefigurer.se\/en\/figurer\/alien-stage\/lookup-alien-stage-luka-figure\/\" \/>\n<meta property=\"og:locale\" content=\"en_GB\" \/>\n<meta property=\"og:type\" content=\"article\" \/>\n<meta property=\"og:title\" content=\"Lookup ALIEN STAGE Luka (Figure)\" \/>\n<meta property=\"og:description\" content=\"Fr\u00e5n ALIEN STAGE kommer denna s\u00f6ta figur av Luka fr\u00e5n den popul\u00e4ra Lookup-serien. Figuren har en unik design med upp\u00e5tblickande \u00f6gon och en sittande pose som ger den ett charmigt och uttrycksfullt utseende.Den kompakta storleken g\u00f6r den perfekt f\u00f6r skrivbord eller hyllor, d\u00e4r den enkelt f\u00e5ngar uppm\u00e4rksamheten. Ett utm\u00e4rkt val f\u00f6r samlare som vill ha [&hellip;]\" \/>\n<meta property=\"og:url\" content=\"https:\/\/animefigurer.se\/en\/figurer\/alien-stage\/lookup-alien-stage-luka-figure\/\" \/>\n<meta property=\"og:site_name\" content=\"Animefigurer.se\" \/>\n<meta property=\"article:publisher\" content=\"https:\/\/www.facebook.com\/profile.php?id=61581826539670\" \/>\n<meta property=\"article:modified_time\" content=\"2026-04-28T18:40:48+00:00\" \/>\n<meta property=\"og:image\" content=\"https:\/\/animefigurer.se\/wp-content\/uploads\/2026\/04\/11377520a.jpg\" \/>\n\t<meta property=\"og:image:width\" content=\"600\" \/>\n\t<meta property=\"og:image:height\" content=\"600\" \/>\n\t<meta property=\"og:image:type\" content=\"image\/jpeg\" \/>\n<meta name=\"twitter:card\" content=\"summary_large_image\" \/>\n<meta name=\"twitter:label1\" content=\"Estimated reading time\" \/>\n\t<meta name=\"twitter:data1\" content=\"1 minute\" \/>\n<script type=\"application\/ld+json\" class=\"yoast-schema-graph\">{\"@context\":\"https:\\\/\\\/schema.org\",\"@graph\":[{\"@type\":\"WebPage\",\"@id\":\"https:\\\/\\\/animefigurer.se\\\/figurer\\\/alien-stage\\\/lookup-alien-stage-luka-figure\\\/\",\"url\":\"https:\\\/\\\/animefigurer.se\\\/figurer\\\/alien-stage\\\/lookup-alien-stage-luka-figure\\\/\",\"name\":\"Lookup ALIEN STAGE Luka (Figure) | Animefigurer.se\",\"isPartOf\":{\"@id\":\"https:\\\/\\\/animefigurer.se\\\/#website\"},\"primaryImageOfPage\":{\"@id\":\"https:\\\/\\\/animefigurer.se\\\/figurer\\\/alien-stage\\\/lookup-alien-stage-luka-figure\\\/#primaryimage\"},\"image\":{\"@id\":\"https:\\\/\\\/animefigurer.se\\\/figurer\\\/alien-stage\\\/lookup-alien-stage-luka-figure\\\/#primaryimage\"},\"thumbnailUrl\":\"https:\\\/\\\/animefigurer.se\\\/wp-content\\\/uploads\\\/2026\\\/04\\\/11377520a.jpg\",\"datePublished\":\"2026-04-28T13:55:24+00:00\",\"dateModified\":\"2026-04-28T18:40:48+00:00\",\"breadcrumb\":{\"@id\":\"https:\\\/\\\/animefigurer.se\\\/figurer\\\/alien-stage\\\/lookup-alien-stage-luka-figure\\\/#breadcrumb\"},\"inLanguage\":\"en-GB\",\"potentialAction\":[{\"@type\":\"ReadAction\",\"target\":[\"https:\\\/\\\/animefigurer.se\\\/figurer\\\/alien-stage\\\/lookup-alien-stage-luka-figure\\\/\"]}]},{\"@type\":\"ImageObject\",\"inLanguage\":\"en-GB\",\"@id\":\"https:\\\/\\\/animefigurer.se\\\/figurer\\\/alien-stage\\\/lookup-alien-stage-luka-figure\\\/#primaryimage\",\"url\":\"https:\\\/\\\/animefigurer.se\\\/wp-content\\\/uploads\\\/2026\\\/04\\\/11377520a.jpg\",\"contentUrl\":\"https:\\\/\\\/animefigurer.se\\\/wp-content\\\/uploads\\\/2026\\\/04\\\/11377520a.jpg\",\"width\":600,\"height\":600},{\"@type\":\"BreadcrumbList\",\"@id\":\"https:\\\/\\\/animefigurer.se\\\/figurer\\\/alien-stage\\\/lookup-alien-stage-luka-figure\\\/#breadcrumb\",\"itemListElement\":[{\"@type\":\"ListItem\",\"position\":1,\"name\":\"Home\",\"item\":\"https:\\\/\\\/animefigurer.se\\\/\"},{\"@type\":\"ListItem\",\"position\":2,\"name\":\"Butik\",\"item\":\"https:\\\/\\\/animefigurer.se\\\/figurer\\\/\"},{\"@type\":\"ListItem\",\"position\":3,\"name\":\"Lookup ALIEN STAGE Luka (Figure)\"}]},{\"@type\":\"WebSite\",\"@id\":\"https:\\\/\\\/animefigurer.se\\\/#website\",\"url\":\"https:\\\/\\\/animefigurer.se\\\/\",\"name\":\"Animefigurer.se\",\"description\":\"Anime figurer fr\u00e5n \u00f6ver 300 olika anime serier med \u00f6ver 9000 produkter | Anime Shop\",\"publisher\":{\"@id\":\"https:\\\/\\\/animefigurer.se\\\/#organization\"},\"potentialAction\":[{\"@type\":\"SearchAction\",\"target\":{\"@type\":\"EntryPoint\",\"urlTemplate\":\"https:\\\/\\\/animefigurer.se\\\/?s={search_term_string}\"},\"query-input\":{\"@type\":\"PropertyValueSpecification\",\"valueRequired\":true,\"valueName\":\"search_term_string\"}}],\"inLanguage\":\"en-GB\"},{\"@type\":\"Organization\",\"@id\":\"https:\\\/\\\/animefigurer.se\\\/#organization\",\"name\":\"Animefigurer.se\",\"alternateName\":\"Anime figurer | Anime shop\",\"url\":\"https:\\\/\\\/animefigurer.se\\\/\",\"logo\":{\"@type\":\"ImageObject\",\"inLanguage\":\"en-GB\",\"@id\":\"https:\\\/\\\/animefigurer.se\\\/#\\\/schema\\\/logo\\\/image\\\/\",\"url\":\"https:\\\/\\\/animefigurer.se\\\/wp-content\\\/uploads\\\/2025\\\/12\\\/Animefigurer_logowhite.png\",\"contentUrl\":\"https:\\\/\\\/animefigurer.se\\\/wp-content\\\/uploads\\\/2025\\\/12\\\/Animefigurer_logowhite.png\",\"width\":1890,\"height\":1417,\"caption\":\"Animefigurer.se\"},\"image\":{\"@id\":\"https:\\\/\\\/animefigurer.se\\\/#\\\/schema\\\/logo\\\/image\\\/\"},\"sameAs\":[\"https:\\\/\\\/www.facebook.com\\\/profile.php?id=61581826539670\",\"https:\\\/\\\/www.instagram.com\\\/animefigurer.se\\\/\"],\"email\":\"info@animefigurer.se\"}]}<\/script>\n<!-- \/ Yoast SEO Premium plugin. -->","yoast_head_json":{"title":"Lookup ALIEN STAGE Luka (Figure) | Animefigurer.se","robots":{"index":"index","follow":"follow","max-snippet":"max-snippet:-1","max-image-preview":"max-image-preview:large","max-video-preview":"max-video-preview:-1"},"canonical":"https:\/\/animefigurer.se\/en\/figurer\/alien-stage\/lookup-alien-stage-luka-figure\/","og_locale":"en_GB","og_type":"article","og_title":"Lookup ALIEN STAGE Luka (Figure)","og_description":"Fr\u00e5n ALIEN STAGE kommer denna s\u00f6ta figur av Luka fr\u00e5n den popul\u00e4ra Lookup-serien. Figuren har en unik design med upp\u00e5tblickande \u00f6gon och en sittande pose som ger den ett charmigt och uttrycksfullt utseende.Den kompakta storleken g\u00f6r den perfekt f\u00f6r skrivbord eller hyllor, d\u00e4r den enkelt f\u00e5ngar uppm\u00e4rksamheten. Ett utm\u00e4rkt val f\u00f6r samlare som vill ha [&hellip;]","og_url":"https:\/\/animefigurer.se\/en\/figurer\/alien-stage\/lookup-alien-stage-luka-figure\/","og_site_name":"Animefigurer.se","article_publisher":"https:\/\/www.facebook.com\/profile.php?id=61581826539670","article_modified_time":"2026-04-28T18:40:48+00:00","og_image":[{"width":600,"height":600,"url":"https:\/\/animefigurer.se\/wp-content\/uploads\/2026\/04\/11377520a.jpg","type":"image\/jpeg"}],"twitter_card":"summary_large_image","twitter_misc":{"Estimated reading time":"1 minute"},"schema":{"@context":"https:\/\/schema.org","@graph":[{"@type":"WebPage","@id":"https:\/\/animefigurer.se\/figurer\/alien-stage\/lookup-alien-stage-luka-figure\/","url":"https:\/\/animefigurer.se\/figurer\/alien-stage\/lookup-alien-stage-luka-figure\/","name":"Lookup ALIEN STAGE Luka (Figure) | Animefigurer.se","isPartOf":{"@id":"https:\/\/animefigurer.se\/#website"},"primaryImageOfPage":{"@id":"https:\/\/animefigurer.se\/figurer\/alien-stage\/lookup-alien-stage-luka-figure\/#primaryimage"},"image":{"@id":"https:\/\/animefigurer.se\/figurer\/alien-stage\/lookup-alien-stage-luka-figure\/#primaryimage"},"thumbnailUrl":"https:\/\/animefigurer.se\/wp-content\/uploads\/2026\/04\/11377520a.jpg","datePublished":"2026-04-28T13:55:24+00:00","dateModified":"2026-04-28T18:40:48+00:00","breadcrumb":{"@id":"https:\/\/animefigurer.se\/figurer\/alien-stage\/lookup-alien-stage-luka-figure\/#breadcrumb"},"inLanguage":"en-GB","potentialAction":[{"@type":"ReadAction","target":["https:\/\/animefigurer.se\/figurer\/alien-stage\/lookup-alien-stage-luka-figure\/"]}]},{"@type":"ImageObject","inLanguage":"en-GB","@id":"https:\/\/animefigurer.se\/figurer\/alien-stage\/lookup-alien-stage-luka-figure\/#primaryimage","url":"https:\/\/animefigurer.se\/wp-content\/uploads\/2026\/04\/11377520a.jpg","contentUrl":"https:\/\/animefigurer.se\/wp-content\/uploads\/2026\/04\/11377520a.jpg","width":600,"height":600},{"@type":"BreadcrumbList","@id":"https:\/\/animefigurer.se\/figurer\/alien-stage\/lookup-alien-stage-luka-figure\/#breadcrumb","itemListElement":[{"@type":"ListItem","position":1,"name":"Home","item":"https:\/\/animefigurer.se\/"},{"@type":"ListItem","position":2,"name":"Butik","item":"https:\/\/animefigurer.se\/figurer\/"},{"@type":"ListItem","position":3,"name":"Lookup ALIEN STAGE Luka (Figure)"}]},{"@type":"WebSite","@id":"https:\/\/animefigurer.se\/#website","url":"https:\/\/animefigurer.se\/","name":"Animefigurer.se","description":"Anime figures from over 300 different anime series with over 9000 products | Anime Shop","publisher":{"@id":"https:\/\/animefigurer.se\/#organization"},"potentialAction":[{"@type":"SearchAction","target":{"@type":"EntryPoint","urlTemplate":"https:\/\/animefigurer.se\/?s={search_term_string}"},"query-input":{"@type":"PropertyValueSpecification","valueRequired":true,"valueName":"search_term_string"}}],"inLanguage":"en-GB"},{"@type":"Organization","@id":"https:\/\/animefigurer.se\/#organization","name":"Animefigurer.se","alternateName":"Anime figurer | Anime shop","url":"https:\/\/animefigurer.se\/","logo":{"@type":"ImageObject","inLanguage":"en-GB","@id":"https:\/\/animefigurer.se\/#\/schema\/logo\/image\/","url":"https:\/\/animefigurer.se\/wp-content\/uploads\/2025\/12\/Animefigurer_logowhite.png","contentUrl":"https:\/\/animefigurer.se\/wp-content\/uploads\/2025\/12\/Animefigurer_logowhite.png","width":1890,"height":1417,"caption":"Animefigurer.se"},"image":{"@id":"https:\/\/animefigurer.se\/#\/schema\/logo\/image\/"},"sameAs":["https:\/\/www.facebook.com\/profile.php?id=61581826539670","https:\/\/www.instagram.com\/animefigurer.se\/"],"email":"info@animefigurer.se"}]}},"_links":{"self":[{"href":"https:\/\/animefigurer.se\/en\/wp-json\/wp\/v2\/product\/100337","targetHints":{"allow":["GET"]}}],"collection":[{"href":"https:\/\/animefigurer.se\/en\/wp-json\/wp\/v2\/product"}],"about":[{"href":"https:\/\/animefigurer.se\/en\/wp-json\/wp\/v2\/types\/product"}],"replies":[{"embeddable":true,"href":"https:\/\/animefigurer.se\/en\/wp-json\/wp\/v2\/comments?post=100337"}],"wp:featuredmedia":[{"embeddable":true,"href":"https:\/\/animefigurer.se\/en\/wp-json\/wp\/v2\/media\/100336"}],"wp:attachment":[{"href":"https:\/\/animefigurer.se\/en\/wp-json\/wp\/v2\/media?parent=100337"}],"wp:term":[{"taxonomy":"product_brand","embeddable":true,"href":"https:\/\/animefigurer.se\/en\/wp-json\/wp\/v2\/product_brand?post=100337"},{"taxonomy":"product_cat","embeddable":true,"href":"https:\/\/animefigurer.se\/en\/wp-json\/wp\/v2\/product_cat?post=100337"},{"taxonomy":"product_tag","embeddable":true,"href":"https:\/\/animefigurer.se\/en\/wp-json\/wp\/v2\/product_tag?post=100337"},{"taxonomy":"giftcard-category","embeddable":true,"href":"https:\/\/animefigurer.se\/en\/wp-json\/wp\/v2\/giftcard-category?post=100337"}],"curies":[{"name":"wp","href":"https:\/\/api.w.org\/{rel}","templated":true}]}}