{"id":100286,"date":"2026-04-28T15:54:59","date_gmt":"2026-04-28T13:54:59","guid":{"rendered":"https:\/\/animefigurer.se\/?post_type=product&#038;p=100286"},"modified":"2026-04-28T20:40:01","modified_gmt":"2026-04-28T18:40:01","slug":"fate-miyu-edelfelt-wedding-swimsuit-ver-figure","status":"publish","type":"product","link":"https:\/\/animefigurer.se\/en\/figurer\/fate-2\/fate-miyu-edelfelt-wedding-swimsuit-ver-figure\/","title":{"rendered":"Fate Miyu Edelfelt: Wedding Swimsuit ver. (Figure)"},"content":{"rendered":"<p>Fr\u00e5n Fate\/kaleid liner Prisma Illya kommer denna eleganta figur av Miyu Edelfelt i hennes unika Wedding Swimsuit-version. Figuren kombinerar en brudliknande estetik med en somrig design, vilket skapar en sofistikerad och i\u00f6gonfallande helhet.De mjuka f\u00e4rg\u00f6verg\u00e5ngarna, de fina spetsdetaljerna och det fl\u00f6dande tyget ger figuren en k\u00e4nsla av r\u00f6relse och elegans. Ett vackert samlarobjekt som framh\u00e4ver b\u00e5de grace och detaljrikedom.<\/p>","protected":false},"excerpt":{"rendered":"<p>Fr\u00e5n Fate\/kaleid liner Prisma Illya kommer denna eleganta figur av Miyu Edelfelt i hennes unika Wedding Swimsuit-version. Figuren kombinerar en brudliknande estetik med en somrig design, vilket skapar en sofistikerad och i\u00f6gonfallande helhet.De mjuka f\u00e4rg\u00f6verg\u00e5ngarna, de fina spetsdetaljerna och det fl\u00f6dande tyget ger figuren en k\u00e4nsla av r\u00f6relse och elegans. Ett vackert samlarobjekt som framh\u00e4ver [&hellip;]<\/p>\n","protected":false},"featured_media":100285,"comment_status":"closed","ping_status":"closed","template":"","meta":{"_acf_changed":false,"_monsterinsights_skip_tracking":false,"_monsterinsights_sitenote_active":false,"_monsterinsights_sitenote_note":"","_monsterinsights_sitenote_category":0},"product_brand":[6994],"product_cat":[7848],"product_tag":[26],"giftcard-category":[],"class_list":{"0":"post-100286","1":"product","2":"type-product","3":"status-publish","4":"has-post-thumbnail","6":"product_brand-furyu","7":"product_cat-fate-2","8":"product_tag-pre-order","9":"pa_franchise-fate","10":"pa_karaktar-miyu-edelfelt","11":"pa_material-plastic","12":"pa_produktserie-fnex","13":"pa_skala-41","14":"pa_storlek-21-cm","16":"first","17":"instock","18":"taxable","19":"shipping-taxable","20":"purchasable","21":"product-type-simple"},"acf":[],"yoast_head":"<!-- This site is optimized with the Yoast SEO Premium plugin v24.6 (Yoast SEO v27.4) - https:\/\/yoast.com\/product\/yoast-seo-premium-wordpress\/ -->\n<title>Fate Miyu Edelfelt: Wedding Swimsuit ver. (Figure) | Animefigurer.se<\/title>\n<meta name=\"robots\" content=\"index, follow, max-snippet:-1, max-image-preview:large, max-video-preview:-1\" \/>\n<link rel=\"canonical\" href=\"https:\/\/animefigurer.se\/en\/figurer\/fate-2\/fate-miyu-edelfelt-wedding-swimsuit-ver-figure\/\" \/>\n<meta property=\"og:locale\" content=\"en_GB\" \/>\n<meta property=\"og:type\" content=\"article\" \/>\n<meta property=\"og:title\" content=\"Fate Miyu Edelfelt: Wedding Swimsuit ver. (Figure)\" \/>\n<meta property=\"og:description\" content=\"Fr\u00e5n Fate\/kaleid liner Prisma Illya kommer denna eleganta figur av Miyu Edelfelt i hennes unika Wedding Swimsuit-version. Figuren kombinerar en brudliknande estetik med en somrig design, vilket skapar en sofistikerad och i\u00f6gonfallande helhet.De mjuka f\u00e4rg\u00f6verg\u00e5ngarna, de fina spetsdetaljerna och det fl\u00f6dande tyget ger figuren en k\u00e4nsla av r\u00f6relse och elegans. Ett vackert samlarobjekt som framh\u00e4ver [&hellip;]\" \/>\n<meta property=\"og:url\" content=\"https:\/\/animefigurer.se\/en\/figurer\/fate-2\/fate-miyu-edelfelt-wedding-swimsuit-ver-figure\/\" \/>\n<meta property=\"og:site_name\" content=\"Animefigurer.se\" \/>\n<meta property=\"article:publisher\" content=\"https:\/\/www.facebook.com\/profile.php?id=61581826539670\" \/>\n<meta property=\"article:modified_time\" content=\"2026-04-28T18:40:01+00:00\" \/>\n<meta property=\"og:image\" content=\"https:\/\/animefigurer.se\/wp-content\/uploads\/2026\/04\/11376215a.jpg\" \/>\n\t<meta property=\"og:image:width\" content=\"900\" \/>\n\t<meta property=\"og:image:height\" content=\"1200\" \/>\n\t<meta property=\"og:image:type\" content=\"image\/jpeg\" \/>\n<meta name=\"twitter:card\" content=\"summary_large_image\" \/>\n<meta name=\"twitter:label1\" content=\"Estimated reading time\" \/>\n\t<meta name=\"twitter:data1\" content=\"1 minute\" \/>\n<script type=\"application\/ld+json\" class=\"yoast-schema-graph\">{\"@context\":\"https:\\\/\\\/schema.org\",\"@graph\":[{\"@type\":\"WebPage\",\"@id\":\"https:\\\/\\\/animefigurer.se\\\/figurer\\\/fate-2\\\/fate-miyu-edelfelt-wedding-swimsuit-ver-figure\\\/\",\"url\":\"https:\\\/\\\/animefigurer.se\\\/figurer\\\/fate-2\\\/fate-miyu-edelfelt-wedding-swimsuit-ver-figure\\\/\",\"name\":\"Fate Miyu Edelfelt: Wedding Swimsuit ver. (Figure) | Animefigurer.se\",\"isPartOf\":{\"@id\":\"https:\\\/\\\/animefigurer.se\\\/#website\"},\"primaryImageOfPage\":{\"@id\":\"https:\\\/\\\/animefigurer.se\\\/figurer\\\/fate-2\\\/fate-miyu-edelfelt-wedding-swimsuit-ver-figure\\\/#primaryimage\"},\"image\":{\"@id\":\"https:\\\/\\\/animefigurer.se\\\/figurer\\\/fate-2\\\/fate-miyu-edelfelt-wedding-swimsuit-ver-figure\\\/#primaryimage\"},\"thumbnailUrl\":\"https:\\\/\\\/animefigurer.se\\\/wp-content\\\/uploads\\\/2026\\\/04\\\/11376215a.jpg\",\"datePublished\":\"2026-04-28T13:54:59+00:00\",\"dateModified\":\"2026-04-28T18:40:01+00:00\",\"breadcrumb\":{\"@id\":\"https:\\\/\\\/animefigurer.se\\\/figurer\\\/fate-2\\\/fate-miyu-edelfelt-wedding-swimsuit-ver-figure\\\/#breadcrumb\"},\"inLanguage\":\"en-GB\",\"potentialAction\":[{\"@type\":\"ReadAction\",\"target\":[\"https:\\\/\\\/animefigurer.se\\\/figurer\\\/fate-2\\\/fate-miyu-edelfelt-wedding-swimsuit-ver-figure\\\/\"]}]},{\"@type\":\"ImageObject\",\"inLanguage\":\"en-GB\",\"@id\":\"https:\\\/\\\/animefigurer.se\\\/figurer\\\/fate-2\\\/fate-miyu-edelfelt-wedding-swimsuit-ver-figure\\\/#primaryimage\",\"url\":\"https:\\\/\\\/animefigurer.se\\\/wp-content\\\/uploads\\\/2026\\\/04\\\/11376215a.jpg\",\"contentUrl\":\"https:\\\/\\\/animefigurer.se\\\/wp-content\\\/uploads\\\/2026\\\/04\\\/11376215a.jpg\",\"width\":900,\"height\":1200},{\"@type\":\"BreadcrumbList\",\"@id\":\"https:\\\/\\\/animefigurer.se\\\/figurer\\\/fate-2\\\/fate-miyu-edelfelt-wedding-swimsuit-ver-figure\\\/#breadcrumb\",\"itemListElement\":[{\"@type\":\"ListItem\",\"position\":1,\"name\":\"Home\",\"item\":\"https:\\\/\\\/animefigurer.se\\\/\"},{\"@type\":\"ListItem\",\"position\":2,\"name\":\"Butik\",\"item\":\"https:\\\/\\\/animefigurer.se\\\/figurer\\\/\"},{\"@type\":\"ListItem\",\"position\":3,\"name\":\"Fate Miyu Edelfelt: Wedding Swimsuit ver. (Figure)\"}]},{\"@type\":\"WebSite\",\"@id\":\"https:\\\/\\\/animefigurer.se\\\/#website\",\"url\":\"https:\\\/\\\/animefigurer.se\\\/\",\"name\":\"Animefigurer.se\",\"description\":\"Anime figurer fr\u00e5n \u00f6ver 300 olika anime serier med \u00f6ver 9000 produkter | Anime Shop\",\"publisher\":{\"@id\":\"https:\\\/\\\/animefigurer.se\\\/#organization\"},\"potentialAction\":[{\"@type\":\"SearchAction\",\"target\":{\"@type\":\"EntryPoint\",\"urlTemplate\":\"https:\\\/\\\/animefigurer.se\\\/?s={search_term_string}\"},\"query-input\":{\"@type\":\"PropertyValueSpecification\",\"valueRequired\":true,\"valueName\":\"search_term_string\"}}],\"inLanguage\":\"en-GB\"},{\"@type\":\"Organization\",\"@id\":\"https:\\\/\\\/animefigurer.se\\\/#organization\",\"name\":\"Animefigurer.se\",\"alternateName\":\"Anime figurer | Anime shop\",\"url\":\"https:\\\/\\\/animefigurer.se\\\/\",\"logo\":{\"@type\":\"ImageObject\",\"inLanguage\":\"en-GB\",\"@id\":\"https:\\\/\\\/animefigurer.se\\\/#\\\/schema\\\/logo\\\/image\\\/\",\"url\":\"https:\\\/\\\/animefigurer.se\\\/wp-content\\\/uploads\\\/2025\\\/12\\\/Animefigurer_logowhite.png\",\"contentUrl\":\"https:\\\/\\\/animefigurer.se\\\/wp-content\\\/uploads\\\/2025\\\/12\\\/Animefigurer_logowhite.png\",\"width\":1890,\"height\":1417,\"caption\":\"Animefigurer.se\"},\"image\":{\"@id\":\"https:\\\/\\\/animefigurer.se\\\/#\\\/schema\\\/logo\\\/image\\\/\"},\"sameAs\":[\"https:\\\/\\\/www.facebook.com\\\/profile.php?id=61581826539670\",\"https:\\\/\\\/www.instagram.com\\\/animefigurer.se\\\/\"],\"email\":\"info@animefigurer.se\"}]}<\/script>\n<!-- \/ Yoast SEO Premium plugin. -->","yoast_head_json":{"title":"Fate Miyu Edelfelt: Wedding Swimsuit ver. (Figure) | Animefigurer.se","robots":{"index":"index","follow":"follow","max-snippet":"max-snippet:-1","max-image-preview":"max-image-preview:large","max-video-preview":"max-video-preview:-1"},"canonical":"https:\/\/animefigurer.se\/en\/figurer\/fate-2\/fate-miyu-edelfelt-wedding-swimsuit-ver-figure\/","og_locale":"en_GB","og_type":"article","og_title":"Fate Miyu Edelfelt: Wedding Swimsuit ver. (Figure)","og_description":"Fr\u00e5n Fate\/kaleid liner Prisma Illya kommer denna eleganta figur av Miyu Edelfelt i hennes unika Wedding Swimsuit-version. Figuren kombinerar en brudliknande estetik med en somrig design, vilket skapar en sofistikerad och i\u00f6gonfallande helhet.De mjuka f\u00e4rg\u00f6verg\u00e5ngarna, de fina spetsdetaljerna och det fl\u00f6dande tyget ger figuren en k\u00e4nsla av r\u00f6relse och elegans. Ett vackert samlarobjekt som framh\u00e4ver [&hellip;]","og_url":"https:\/\/animefigurer.se\/en\/figurer\/fate-2\/fate-miyu-edelfelt-wedding-swimsuit-ver-figure\/","og_site_name":"Animefigurer.se","article_publisher":"https:\/\/www.facebook.com\/profile.php?id=61581826539670","article_modified_time":"2026-04-28T18:40:01+00:00","og_image":[{"width":900,"height":1200,"url":"https:\/\/animefigurer.se\/wp-content\/uploads\/2026\/04\/11376215a.jpg","type":"image\/jpeg"}],"twitter_card":"summary_large_image","twitter_misc":{"Estimated reading time":"1 minute"},"schema":{"@context":"https:\/\/schema.org","@graph":[{"@type":"WebPage","@id":"https:\/\/animefigurer.se\/figurer\/fate-2\/fate-miyu-edelfelt-wedding-swimsuit-ver-figure\/","url":"https:\/\/animefigurer.se\/figurer\/fate-2\/fate-miyu-edelfelt-wedding-swimsuit-ver-figure\/","name":"Fate Miyu Edelfelt: Wedding Swimsuit ver. (Figure) | Animefigurer.se","isPartOf":{"@id":"https:\/\/animefigurer.se\/#website"},"primaryImageOfPage":{"@id":"https:\/\/animefigurer.se\/figurer\/fate-2\/fate-miyu-edelfelt-wedding-swimsuit-ver-figure\/#primaryimage"},"image":{"@id":"https:\/\/animefigurer.se\/figurer\/fate-2\/fate-miyu-edelfelt-wedding-swimsuit-ver-figure\/#primaryimage"},"thumbnailUrl":"https:\/\/animefigurer.se\/wp-content\/uploads\/2026\/04\/11376215a.jpg","datePublished":"2026-04-28T13:54:59+00:00","dateModified":"2026-04-28T18:40:01+00:00","breadcrumb":{"@id":"https:\/\/animefigurer.se\/figurer\/fate-2\/fate-miyu-edelfelt-wedding-swimsuit-ver-figure\/#breadcrumb"},"inLanguage":"en-GB","potentialAction":[{"@type":"ReadAction","target":["https:\/\/animefigurer.se\/figurer\/fate-2\/fate-miyu-edelfelt-wedding-swimsuit-ver-figure\/"]}]},{"@type":"ImageObject","inLanguage":"en-GB","@id":"https:\/\/animefigurer.se\/figurer\/fate-2\/fate-miyu-edelfelt-wedding-swimsuit-ver-figure\/#primaryimage","url":"https:\/\/animefigurer.se\/wp-content\/uploads\/2026\/04\/11376215a.jpg","contentUrl":"https:\/\/animefigurer.se\/wp-content\/uploads\/2026\/04\/11376215a.jpg","width":900,"height":1200},{"@type":"BreadcrumbList","@id":"https:\/\/animefigurer.se\/figurer\/fate-2\/fate-miyu-edelfelt-wedding-swimsuit-ver-figure\/#breadcrumb","itemListElement":[{"@type":"ListItem","position":1,"name":"Home","item":"https:\/\/animefigurer.se\/"},{"@type":"ListItem","position":2,"name":"Butik","item":"https:\/\/animefigurer.se\/figurer\/"},{"@type":"ListItem","position":3,"name":"Fate Miyu Edelfelt: Wedding Swimsuit ver. (Figure)"}]},{"@type":"WebSite","@id":"https:\/\/animefigurer.se\/#website","url":"https:\/\/animefigurer.se\/","name":"Animefigurer.se","description":"Anime figures from over 300 different anime series with over 9000 products | Anime Shop","publisher":{"@id":"https:\/\/animefigurer.se\/#organization"},"potentialAction":[{"@type":"SearchAction","target":{"@type":"EntryPoint","urlTemplate":"https:\/\/animefigurer.se\/?s={search_term_string}"},"query-input":{"@type":"PropertyValueSpecification","valueRequired":true,"valueName":"search_term_string"}}],"inLanguage":"en-GB"},{"@type":"Organization","@id":"https:\/\/animefigurer.se\/#organization","name":"Animefigurer.se","alternateName":"Anime figurer | Anime shop","url":"https:\/\/animefigurer.se\/","logo":{"@type":"ImageObject","inLanguage":"en-GB","@id":"https:\/\/animefigurer.se\/#\/schema\/logo\/image\/","url":"https:\/\/animefigurer.se\/wp-content\/uploads\/2025\/12\/Animefigurer_logowhite.png","contentUrl":"https:\/\/animefigurer.se\/wp-content\/uploads\/2025\/12\/Animefigurer_logowhite.png","width":1890,"height":1417,"caption":"Animefigurer.se"},"image":{"@id":"https:\/\/animefigurer.se\/#\/schema\/logo\/image\/"},"sameAs":["https:\/\/www.facebook.com\/profile.php?id=61581826539670","https:\/\/www.instagram.com\/animefigurer.se\/"],"email":"info@animefigurer.se"}]}},"_links":{"self":[{"href":"https:\/\/animefigurer.se\/en\/wp-json\/wp\/v2\/product\/100286","targetHints":{"allow":["GET"]}}],"collection":[{"href":"https:\/\/animefigurer.se\/en\/wp-json\/wp\/v2\/product"}],"about":[{"href":"https:\/\/animefigurer.se\/en\/wp-json\/wp\/v2\/types\/product"}],"replies":[{"embeddable":true,"href":"https:\/\/animefigurer.se\/en\/wp-json\/wp\/v2\/comments?post=100286"}],"wp:featuredmedia":[{"embeddable":true,"href":"https:\/\/animefigurer.se\/en\/wp-json\/wp\/v2\/media\/100285"}],"wp:attachment":[{"href":"https:\/\/animefigurer.se\/en\/wp-json\/wp\/v2\/media?parent=100286"}],"wp:term":[{"taxonomy":"product_brand","embeddable":true,"href":"https:\/\/animefigurer.se\/en\/wp-json\/wp\/v2\/product_brand?post=100286"},{"taxonomy":"product_cat","embeddable":true,"href":"https:\/\/animefigurer.se\/en\/wp-json\/wp\/v2\/product_cat?post=100286"},{"taxonomy":"product_tag","embeddable":true,"href":"https:\/\/animefigurer.se\/en\/wp-json\/wp\/v2\/product_tag?post=100286"},{"taxonomy":"giftcard-category","embeddable":true,"href":"https:\/\/animefigurer.se\/en\/wp-json\/wp\/v2\/giftcard-category?post=100286"}],"curies":[{"name":"wp","href":"https:\/\/api.w.org\/{rel}","templated":true}]}}