{"id":100195,"date":"2026-04-27T13:22:55","date_gmt":"2026-04-27T11:22:55","guid":{"rendered":"https:\/\/animefigurer.se\/?post_type=product&#038;p=100195"},"modified":"2026-04-28T20:53:58","modified_gmt":"2026-04-28T18:53:58","slug":"oshi-no-ko-ruby-cat-maid-ver-figure","status":"publish","type":"product","link":"https:\/\/animefigurer.se\/en\/figurer\/oshi-no-ko\/oshi-no-ko-ruby-cat-maid-ver-figure\/","title":{"rendered":"[Oshi no Ko] Ruby Cat Maid ver. (Figure)"},"content":{"rendered":"<p>En charmig figur av Ruby fr\u00e5n Oshi no Ko i en s\u00f6t cat maid-outfit, designad med eleganta detaljer och lekfull pose. Figuren f\u00e5ngar hennes livliga personlighet med noggrant skulpterade kl\u00e4der och accessoarer.<\/p>\n<p>Den mjukt fl\u00f6dande kjolen och detaljer som rosett och huvudbonad ger figuren en extra niv\u00e5 av charm, vilket g\u00f6r den till ett utm\u00e4rkt samlarobjekt.<\/p>","protected":false},"excerpt":{"rendered":"<p>En charmig figur av Ruby fr\u00e5n Oshi no Ko i en s\u00f6t cat maid-outfit, designad med eleganta detaljer och lekfull pose. Figuren f\u00e5ngar hennes livliga personlighet med noggrant skulpterade kl\u00e4der och accessoarer. Den mjukt fl\u00f6dande kjolen och detaljer som rosett och huvudbonad ger figuren en extra niv\u00e5 av charm, vilket g\u00f6r den till ett utm\u00e4rkt [&hellip;]<\/p>\n","protected":false},"featured_media":100196,"comment_status":"closed","ping_status":"closed","template":"","meta":{"_acf_changed":false,"_monsterinsights_skip_tracking":false,"_monsterinsights_sitenote_active":false,"_monsterinsights_sitenote_note":"","_monsterinsights_sitenote_category":0},"product_brand":[7171],"product_cat":[4372],"product_tag":[26],"giftcard-category":[],"class_list":{"0":"post-100195","1":"product","2":"type-product","3":"status-publish","4":"has-post-thumbnail","6":"product_brand-union-creative","7":"product_cat-oshi-no-ko","8":"product_tag-pre-order","9":"pa_franchise-oshi-no-ko","10":"pa_karaktar-ruby","11":"pa_material-pvc-abs","12":"pa_skala-57","13":"pa_storlek-27-cm","15":"first","16":"instock","17":"taxable","18":"shipping-taxable","19":"purchasable","20":"product-type-simple"},"acf":[],"yoast_head":"<!-- This site is optimized with the Yoast SEO Premium plugin v24.6 (Yoast SEO v27.4) - https:\/\/yoast.com\/product\/yoast-seo-premium-wordpress\/ -->\n<title>[Oshi no Ko] Ruby Cat Maid ver. (Figure) | Animefigurer.se<\/title>\n<meta name=\"robots\" content=\"index, follow, max-snippet:-1, max-image-preview:large, max-video-preview:-1\" \/>\n<link rel=\"canonical\" href=\"https:\/\/animefigurer.se\/en\/figurer\/oshi-no-ko\/oshi-no-ko-ruby-cat-maid-ver-figure\/\" \/>\n<meta property=\"og:locale\" content=\"en_GB\" \/>\n<meta property=\"og:type\" content=\"article\" \/>\n<meta property=\"og:title\" content=\"[Oshi no Ko] Ruby Cat Maid ver. (Figure)\" \/>\n<meta property=\"og:description\" content=\"En charmig figur av Ruby fr\u00e5n Oshi no Ko i en s\u00f6t cat maid-outfit, designad med eleganta detaljer och lekfull pose. Figuren f\u00e5ngar hennes livliga personlighet med noggrant skulpterade kl\u00e4der och accessoarer. Den mjukt fl\u00f6dande kjolen och detaljer som rosett och huvudbonad ger figuren en extra niv\u00e5 av charm, vilket g\u00f6r den till ett utm\u00e4rkt [&hellip;]\" \/>\n<meta property=\"og:url\" content=\"https:\/\/animefigurer.se\/en\/figurer\/oshi-no-ko\/oshi-no-ko-ruby-cat-maid-ver-figure\/\" \/>\n<meta property=\"og:site_name\" content=\"Animefigurer.se\" \/>\n<meta property=\"article:publisher\" content=\"https:\/\/www.facebook.com\/profile.php?id=61581826539670\" \/>\n<meta property=\"article:modified_time\" content=\"2026-04-28T18:53:58+00:00\" \/>\n<meta property=\"og:image\" content=\"https:\/\/animefigurer.se\/wp-content\/uploads\/2026\/04\/11376551b.webp\" \/>\n\t<meta property=\"og:image:width\" content=\"1200\" \/>\n\t<meta property=\"og:image:height\" content=\"1200\" \/>\n\t<meta property=\"og:image:type\" content=\"image\/webp\" \/>\n<meta name=\"twitter:card\" content=\"summary_large_image\" \/>\n<meta name=\"twitter:label1\" content=\"Estimated reading time\" \/>\n\t<meta name=\"twitter:data1\" content=\"1 minute\" \/>\n<script type=\"application\/ld+json\" class=\"yoast-schema-graph\">{\"@context\":\"https:\\\/\\\/schema.org\",\"@graph\":[{\"@type\":\"WebPage\",\"@id\":\"https:\\\/\\\/animefigurer.se\\\/figurer\\\/oshi-no-ko\\\/oshi-no-ko-ruby-cat-maid-ver-figure\\\/\",\"url\":\"https:\\\/\\\/animefigurer.se\\\/figurer\\\/oshi-no-ko\\\/oshi-no-ko-ruby-cat-maid-ver-figure\\\/\",\"name\":\"[Oshi no Ko] Ruby Cat Maid ver. (Figure) | Animefigurer.se\",\"isPartOf\":{\"@id\":\"https:\\\/\\\/animefigurer.se\\\/#website\"},\"primaryImageOfPage\":{\"@id\":\"https:\\\/\\\/animefigurer.se\\\/figurer\\\/oshi-no-ko\\\/oshi-no-ko-ruby-cat-maid-ver-figure\\\/#primaryimage\"},\"image\":{\"@id\":\"https:\\\/\\\/animefigurer.se\\\/figurer\\\/oshi-no-ko\\\/oshi-no-ko-ruby-cat-maid-ver-figure\\\/#primaryimage\"},\"thumbnailUrl\":\"https:\\\/\\\/animefigurer.se\\\/wp-content\\\/uploads\\\/2026\\\/04\\\/11376551b.webp\",\"datePublished\":\"2026-04-27T11:22:55+00:00\",\"dateModified\":\"2026-04-28T18:53:58+00:00\",\"breadcrumb\":{\"@id\":\"https:\\\/\\\/animefigurer.se\\\/figurer\\\/oshi-no-ko\\\/oshi-no-ko-ruby-cat-maid-ver-figure\\\/#breadcrumb\"},\"inLanguage\":\"en-GB\",\"potentialAction\":[{\"@type\":\"ReadAction\",\"target\":[\"https:\\\/\\\/animefigurer.se\\\/figurer\\\/oshi-no-ko\\\/oshi-no-ko-ruby-cat-maid-ver-figure\\\/\"]}]},{\"@type\":\"ImageObject\",\"inLanguage\":\"en-GB\",\"@id\":\"https:\\\/\\\/animefigurer.se\\\/figurer\\\/oshi-no-ko\\\/oshi-no-ko-ruby-cat-maid-ver-figure\\\/#primaryimage\",\"url\":\"https:\\\/\\\/animefigurer.se\\\/wp-content\\\/uploads\\\/2026\\\/04\\\/11376551b.webp\",\"contentUrl\":\"https:\\\/\\\/animefigurer.se\\\/wp-content\\\/uploads\\\/2026\\\/04\\\/11376551b.webp\",\"width\":1200,\"height\":1200,\"caption\":\"[Oshi no Ko] Ruby Cat Maid ver. (Figure)\"},{\"@type\":\"BreadcrumbList\",\"@id\":\"https:\\\/\\\/animefigurer.se\\\/figurer\\\/oshi-no-ko\\\/oshi-no-ko-ruby-cat-maid-ver-figure\\\/#breadcrumb\",\"itemListElement\":[{\"@type\":\"ListItem\",\"position\":1,\"name\":\"Home\",\"item\":\"https:\\\/\\\/animefigurer.se\\\/\"},{\"@type\":\"ListItem\",\"position\":2,\"name\":\"Butik\",\"item\":\"https:\\\/\\\/animefigurer.se\\\/figurer\\\/\"},{\"@type\":\"ListItem\",\"position\":3,\"name\":\"[Oshi no Ko] Ruby Cat Maid ver. (Figure)\"}]},{\"@type\":\"WebSite\",\"@id\":\"https:\\\/\\\/animefigurer.se\\\/#website\",\"url\":\"https:\\\/\\\/animefigurer.se\\\/\",\"name\":\"Animefigurer.se\",\"description\":\"Anime figurer fr\u00e5n \u00f6ver 300 olika anime serier med \u00f6ver 9000 produkter | Anime Shop\",\"publisher\":{\"@id\":\"https:\\\/\\\/animefigurer.se\\\/#organization\"},\"potentialAction\":[{\"@type\":\"SearchAction\",\"target\":{\"@type\":\"EntryPoint\",\"urlTemplate\":\"https:\\\/\\\/animefigurer.se\\\/?s={search_term_string}\"},\"query-input\":{\"@type\":\"PropertyValueSpecification\",\"valueRequired\":true,\"valueName\":\"search_term_string\"}}],\"inLanguage\":\"en-GB\"},{\"@type\":\"Organization\",\"@id\":\"https:\\\/\\\/animefigurer.se\\\/#organization\",\"name\":\"Animefigurer.se\",\"alternateName\":\"Anime figurer | Anime shop\",\"url\":\"https:\\\/\\\/animefigurer.se\\\/\",\"logo\":{\"@type\":\"ImageObject\",\"inLanguage\":\"en-GB\",\"@id\":\"https:\\\/\\\/animefigurer.se\\\/#\\\/schema\\\/logo\\\/image\\\/\",\"url\":\"https:\\\/\\\/animefigurer.se\\\/wp-content\\\/uploads\\\/2025\\\/12\\\/Animefigurer_logowhite.png\",\"contentUrl\":\"https:\\\/\\\/animefigurer.se\\\/wp-content\\\/uploads\\\/2025\\\/12\\\/Animefigurer_logowhite.png\",\"width\":1890,\"height\":1417,\"caption\":\"Animefigurer.se\"},\"image\":{\"@id\":\"https:\\\/\\\/animefigurer.se\\\/#\\\/schema\\\/logo\\\/image\\\/\"},\"sameAs\":[\"https:\\\/\\\/www.facebook.com\\\/profile.php?id=61581826539670\",\"https:\\\/\\\/www.instagram.com\\\/animefigurer.se\\\/\"],\"email\":\"info@animefigurer.se\"}]}<\/script>\n<!-- \/ Yoast SEO Premium plugin. -->","yoast_head_json":{"title":"[Oshi no Ko] Ruby Cat Maid ver. (Figure) | Animefigurer.se","robots":{"index":"index","follow":"follow","max-snippet":"max-snippet:-1","max-image-preview":"max-image-preview:large","max-video-preview":"max-video-preview:-1"},"canonical":"https:\/\/animefigurer.se\/en\/figurer\/oshi-no-ko\/oshi-no-ko-ruby-cat-maid-ver-figure\/","og_locale":"en_GB","og_type":"article","og_title":"[Oshi no Ko] Ruby Cat Maid ver. (Figure)","og_description":"En charmig figur av Ruby fr\u00e5n Oshi no Ko i en s\u00f6t cat maid-outfit, designad med eleganta detaljer och lekfull pose. Figuren f\u00e5ngar hennes livliga personlighet med noggrant skulpterade kl\u00e4der och accessoarer. Den mjukt fl\u00f6dande kjolen och detaljer som rosett och huvudbonad ger figuren en extra niv\u00e5 av charm, vilket g\u00f6r den till ett utm\u00e4rkt [&hellip;]","og_url":"https:\/\/animefigurer.se\/en\/figurer\/oshi-no-ko\/oshi-no-ko-ruby-cat-maid-ver-figure\/","og_site_name":"Animefigurer.se","article_publisher":"https:\/\/www.facebook.com\/profile.php?id=61581826539670","article_modified_time":"2026-04-28T18:53:58+00:00","og_image":[{"width":1200,"height":1200,"url":"https:\/\/animefigurer.se\/wp-content\/uploads\/2026\/04\/11376551b.webp","type":"image\/webp"}],"twitter_card":"summary_large_image","twitter_misc":{"Estimated reading time":"1 minute"},"schema":{"@context":"https:\/\/schema.org","@graph":[{"@type":"WebPage","@id":"https:\/\/animefigurer.se\/figurer\/oshi-no-ko\/oshi-no-ko-ruby-cat-maid-ver-figure\/","url":"https:\/\/animefigurer.se\/figurer\/oshi-no-ko\/oshi-no-ko-ruby-cat-maid-ver-figure\/","name":"[Oshi no Ko] Ruby Cat Maid ver. (Figure) | Animefigurer.se","isPartOf":{"@id":"https:\/\/animefigurer.se\/#website"},"primaryImageOfPage":{"@id":"https:\/\/animefigurer.se\/figurer\/oshi-no-ko\/oshi-no-ko-ruby-cat-maid-ver-figure\/#primaryimage"},"image":{"@id":"https:\/\/animefigurer.se\/figurer\/oshi-no-ko\/oshi-no-ko-ruby-cat-maid-ver-figure\/#primaryimage"},"thumbnailUrl":"https:\/\/animefigurer.se\/wp-content\/uploads\/2026\/04\/11376551b.webp","datePublished":"2026-04-27T11:22:55+00:00","dateModified":"2026-04-28T18:53:58+00:00","breadcrumb":{"@id":"https:\/\/animefigurer.se\/figurer\/oshi-no-ko\/oshi-no-ko-ruby-cat-maid-ver-figure\/#breadcrumb"},"inLanguage":"en-GB","potentialAction":[{"@type":"ReadAction","target":["https:\/\/animefigurer.se\/figurer\/oshi-no-ko\/oshi-no-ko-ruby-cat-maid-ver-figure\/"]}]},{"@type":"ImageObject","inLanguage":"en-GB","@id":"https:\/\/animefigurer.se\/figurer\/oshi-no-ko\/oshi-no-ko-ruby-cat-maid-ver-figure\/#primaryimage","url":"https:\/\/animefigurer.se\/wp-content\/uploads\/2026\/04\/11376551b.webp","contentUrl":"https:\/\/animefigurer.se\/wp-content\/uploads\/2026\/04\/11376551b.webp","width":1200,"height":1200,"caption":"[Oshi no Ko] Ruby Cat Maid ver. (Figure)"},{"@type":"BreadcrumbList","@id":"https:\/\/animefigurer.se\/figurer\/oshi-no-ko\/oshi-no-ko-ruby-cat-maid-ver-figure\/#breadcrumb","itemListElement":[{"@type":"ListItem","position":1,"name":"Home","item":"https:\/\/animefigurer.se\/"},{"@type":"ListItem","position":2,"name":"Butik","item":"https:\/\/animefigurer.se\/figurer\/"},{"@type":"ListItem","position":3,"name":"[Oshi no Ko] Ruby Cat Maid ver. (Figure)"}]},{"@type":"WebSite","@id":"https:\/\/animefigurer.se\/#website","url":"https:\/\/animefigurer.se\/","name":"Animefigurer.se","description":"Anime figures from over 300 different anime series with over 9000 products | Anime Shop","publisher":{"@id":"https:\/\/animefigurer.se\/#organization"},"potentialAction":[{"@type":"SearchAction","target":{"@type":"EntryPoint","urlTemplate":"https:\/\/animefigurer.se\/?s={search_term_string}"},"query-input":{"@type":"PropertyValueSpecification","valueRequired":true,"valueName":"search_term_string"}}],"inLanguage":"en-GB"},{"@type":"Organization","@id":"https:\/\/animefigurer.se\/#organization","name":"Animefigurer.se","alternateName":"Anime figurer | Anime shop","url":"https:\/\/animefigurer.se\/","logo":{"@type":"ImageObject","inLanguage":"en-GB","@id":"https:\/\/animefigurer.se\/#\/schema\/logo\/image\/","url":"https:\/\/animefigurer.se\/wp-content\/uploads\/2025\/12\/Animefigurer_logowhite.png","contentUrl":"https:\/\/animefigurer.se\/wp-content\/uploads\/2025\/12\/Animefigurer_logowhite.png","width":1890,"height":1417,"caption":"Animefigurer.se"},"image":{"@id":"https:\/\/animefigurer.se\/#\/schema\/logo\/image\/"},"sameAs":["https:\/\/www.facebook.com\/profile.php?id=61581826539670","https:\/\/www.instagram.com\/animefigurer.se\/"],"email":"info@animefigurer.se"}]}},"_links":{"self":[{"href":"https:\/\/animefigurer.se\/en\/wp-json\/wp\/v2\/product\/100195","targetHints":{"allow":["GET"]}}],"collection":[{"href":"https:\/\/animefigurer.se\/en\/wp-json\/wp\/v2\/product"}],"about":[{"href":"https:\/\/animefigurer.se\/en\/wp-json\/wp\/v2\/types\/product"}],"replies":[{"embeddable":true,"href":"https:\/\/animefigurer.se\/en\/wp-json\/wp\/v2\/comments?post=100195"}],"wp:featuredmedia":[{"embeddable":true,"href":"https:\/\/animefigurer.se\/en\/wp-json\/wp\/v2\/media\/100196"}],"wp:attachment":[{"href":"https:\/\/animefigurer.se\/en\/wp-json\/wp\/v2\/media?parent=100195"}],"wp:term":[{"taxonomy":"product_brand","embeddable":true,"href":"https:\/\/animefigurer.se\/en\/wp-json\/wp\/v2\/product_brand?post=100195"},{"taxonomy":"product_cat","embeddable":true,"href":"https:\/\/animefigurer.se\/en\/wp-json\/wp\/v2\/product_cat?post=100195"},{"taxonomy":"product_tag","embeddable":true,"href":"https:\/\/animefigurer.se\/en\/wp-json\/wp\/v2\/product_tag?post=100195"},{"taxonomy":"giftcard-category","embeddable":true,"href":"https:\/\/animefigurer.se\/en\/wp-json\/wp\/v2\/giftcard-category?post=100195"}],"curies":[{"name":"wp","href":"https:\/\/api.w.org\/{rel}","templated":true}]}}