{"id":100023,"date":"2026-04-25T07:06:26","date_gmt":"2026-04-25T05:06:26","guid":{"rendered":"https:\/\/animefigurer.se\/?post_type=product&#038;p=100023"},"modified":"2026-04-25T10:20:07","modified_gmt":"2026-04-25T08:20:07","slug":"bungo-stray-dogs-huggy-good-smile-osamu-dazai-figure","status":"publish","type":"product","link":"https:\/\/animefigurer.se\/en\/figurer\/bungo-stray-dogs\/bungo-stray-dogs-huggy-good-smile-osamu-dazai-figure\/","title":{"rendered":"Bungo Stray Dogs: Huggy Good Smile Osamu Dazai (Figure)"},"content":{"rendered":"<p>En s\u00f6t chibi-figur av Osamu Dazai fr\u00e5n Bungo Stray Dogs, designad i den popul\u00e4ra Huggy Good Smile-serien. Figuren har ett lekfullt uttryck och kompakta proportioner som g\u00f6r den perfekt f\u00f6r b\u00e5de samling och display.Med r\u00f6rliga armar och en magnet p\u00e5 baksidan av huvudet kan figuren enkelt poseras, vilket ger flexibilitet och extra charm till din samling.<\/p>","protected":false},"excerpt":{"rendered":"<p>En s\u00f6t chibi-figur av Osamu Dazai fr\u00e5n Bungo Stray Dogs, designad i den popul\u00e4ra Huggy Good Smile-serien. Figuren har ett lekfullt uttryck och kompakta proportioner som g\u00f6r den perfekt f\u00f6r b\u00e5de samling och display.Med r\u00f6rliga armar och en magnet p\u00e5 baksidan av huvudet kan figuren enkelt poseras, vilket ger flexibilitet och extra charm till din [&hellip;]<\/p>\n","protected":false},"featured_media":100022,"comment_status":"closed","ping_status":"closed","template":"","meta":{"_acf_changed":false,"_monsterinsights_skip_tracking":false,"_monsterinsights_sitenote_active":false,"_monsterinsights_sitenote_note":"","_monsterinsights_sitenote_category":0},"product_brand":[7487],"product_cat":[1159],"product_tag":[26],"giftcard-category":[],"class_list":{"0":"post-100023","1":"product","2":"type-product","3":"status-publish","4":"has-post-thumbnail","6":"product_brand-good-smile-arts-shanghai","7":"product_cat-bungo-stray-dogs","8":"product_tag-pre-order","9":"pa_franchise-bungo-stray-dogs","10":"pa_karaktar-osamu-dazai","11":"pa_material-magnet","12":"pa_material-plastic","13":"pa_produktserie-huggy-good-smile","14":"pa_storlek-6-5-cm","16":"first","17":"instock","18":"taxable","19":"shipping-taxable","20":"purchasable","21":"product-type-simple"},"acf":[],"yoast_head":"<!-- This site is optimized with the Yoast SEO Premium plugin v24.6 (Yoast SEO v27.4) - https:\/\/yoast.com\/product\/yoast-seo-premium-wordpress\/ -->\n<title>Bungo Stray Dogs: Huggy Good Smile Osamu Dazai (Figure) | Animefigurer.se<\/title>\n<meta name=\"robots\" content=\"index, follow, max-snippet:-1, max-image-preview:large, max-video-preview:-1\" \/>\n<link rel=\"canonical\" href=\"https:\/\/animefigurer.se\/en\/figurer\/bungo-stray-dogs\/bungo-stray-dogs-huggy-good-smile-osamu-dazai-figure\/\" \/>\n<meta property=\"og:locale\" content=\"en_GB\" \/>\n<meta property=\"og:type\" content=\"article\" \/>\n<meta property=\"og:title\" content=\"Bungo Stray Dogs: Huggy Good Smile Osamu Dazai (Figure)\" \/>\n<meta property=\"og:description\" content=\"En s\u00f6t chibi-figur av Osamu Dazai fr\u00e5n Bungo Stray Dogs, designad i den popul\u00e4ra Huggy Good Smile-serien. Figuren har ett lekfullt uttryck och kompakta proportioner som g\u00f6r den perfekt f\u00f6r b\u00e5de samling och display.Med r\u00f6rliga armar och en magnet p\u00e5 baksidan av huvudet kan figuren enkelt poseras, vilket ger flexibilitet och extra charm till din [&hellip;]\" \/>\n<meta property=\"og:url\" content=\"https:\/\/animefigurer.se\/en\/figurer\/bungo-stray-dogs\/bungo-stray-dogs-huggy-good-smile-osamu-dazai-figure\/\" \/>\n<meta property=\"og:site_name\" content=\"Animefigurer.se\" \/>\n<meta property=\"article:publisher\" content=\"https:\/\/www.facebook.com\/profile.php?id=61581826539670\" \/>\n<meta property=\"article:modified_time\" content=\"2026-04-25T08:20:07+00:00\" \/>\n<meta property=\"og:image\" content=\"https:\/\/animefigurer.se\/wp-content\/uploads\/2026\/04\/11375746a.jpg\" \/>\n\t<meta property=\"og:image:width\" content=\"750\" \/>\n\t<meta property=\"og:image:height\" content=\"780\" \/>\n\t<meta property=\"og:image:type\" content=\"image\/jpeg\" \/>\n<meta name=\"twitter:card\" content=\"summary_large_image\" \/>\n<meta name=\"twitter:label1\" content=\"Estimated reading time\" \/>\n\t<meta name=\"twitter:data1\" content=\"1 minute\" \/>\n<script type=\"application\/ld+json\" class=\"yoast-schema-graph\">{\"@context\":\"https:\\\/\\\/schema.org\",\"@graph\":[{\"@type\":\"WebPage\",\"@id\":\"https:\\\/\\\/animefigurer.se\\\/figurer\\\/bungo-stray-dogs\\\/bungo-stray-dogs-huggy-good-smile-osamu-dazai-figure\\\/\",\"url\":\"https:\\\/\\\/animefigurer.se\\\/figurer\\\/bungo-stray-dogs\\\/bungo-stray-dogs-huggy-good-smile-osamu-dazai-figure\\\/\",\"name\":\"Bungo Stray Dogs: Huggy Good Smile Osamu Dazai (Figure) | Animefigurer.se\",\"isPartOf\":{\"@id\":\"https:\\\/\\\/animefigurer.se\\\/#website\"},\"primaryImageOfPage\":{\"@id\":\"https:\\\/\\\/animefigurer.se\\\/figurer\\\/bungo-stray-dogs\\\/bungo-stray-dogs-huggy-good-smile-osamu-dazai-figure\\\/#primaryimage\"},\"image\":{\"@id\":\"https:\\\/\\\/animefigurer.se\\\/figurer\\\/bungo-stray-dogs\\\/bungo-stray-dogs-huggy-good-smile-osamu-dazai-figure\\\/#primaryimage\"},\"thumbnailUrl\":\"https:\\\/\\\/animefigurer.se\\\/wp-content\\\/uploads\\\/2026\\\/04\\\/11375746a.jpg\",\"datePublished\":\"2026-04-25T05:06:26+00:00\",\"dateModified\":\"2026-04-25T08:20:07+00:00\",\"breadcrumb\":{\"@id\":\"https:\\\/\\\/animefigurer.se\\\/figurer\\\/bungo-stray-dogs\\\/bungo-stray-dogs-huggy-good-smile-osamu-dazai-figure\\\/#breadcrumb\"},\"inLanguage\":\"en-GB\",\"potentialAction\":[{\"@type\":\"ReadAction\",\"target\":[\"https:\\\/\\\/animefigurer.se\\\/figurer\\\/bungo-stray-dogs\\\/bungo-stray-dogs-huggy-good-smile-osamu-dazai-figure\\\/\"]}]},{\"@type\":\"ImageObject\",\"inLanguage\":\"en-GB\",\"@id\":\"https:\\\/\\\/animefigurer.se\\\/figurer\\\/bungo-stray-dogs\\\/bungo-stray-dogs-huggy-good-smile-osamu-dazai-figure\\\/#primaryimage\",\"url\":\"https:\\\/\\\/animefigurer.se\\\/wp-content\\\/uploads\\\/2026\\\/04\\\/11375746a.jpg\",\"contentUrl\":\"https:\\\/\\\/animefigurer.se\\\/wp-content\\\/uploads\\\/2026\\\/04\\\/11375746a.jpg\",\"width\":750,\"height\":780},{\"@type\":\"BreadcrumbList\",\"@id\":\"https:\\\/\\\/animefigurer.se\\\/figurer\\\/bungo-stray-dogs\\\/bungo-stray-dogs-huggy-good-smile-osamu-dazai-figure\\\/#breadcrumb\",\"itemListElement\":[{\"@type\":\"ListItem\",\"position\":1,\"name\":\"Home\",\"item\":\"https:\\\/\\\/animefigurer.se\\\/\"},{\"@type\":\"ListItem\",\"position\":2,\"name\":\"Butik\",\"item\":\"https:\\\/\\\/animefigurer.se\\\/figurer\\\/\"},{\"@type\":\"ListItem\",\"position\":3,\"name\":\"Bungo Stray Dogs: Huggy Good Smile Osamu Dazai (Figure)\"}]},{\"@type\":\"WebSite\",\"@id\":\"https:\\\/\\\/animefigurer.se\\\/#website\",\"url\":\"https:\\\/\\\/animefigurer.se\\\/\",\"name\":\"Animefigurer.se\",\"description\":\"Anime figurer fr\u00e5n \u00f6ver 300 olika anime serier med \u00f6ver 9000 produkter | Anime Shop\",\"publisher\":{\"@id\":\"https:\\\/\\\/animefigurer.se\\\/#organization\"},\"potentialAction\":[{\"@type\":\"SearchAction\",\"target\":{\"@type\":\"EntryPoint\",\"urlTemplate\":\"https:\\\/\\\/animefigurer.se\\\/?s={search_term_string}\"},\"query-input\":{\"@type\":\"PropertyValueSpecification\",\"valueRequired\":true,\"valueName\":\"search_term_string\"}}],\"inLanguage\":\"en-GB\"},{\"@type\":\"Organization\",\"@id\":\"https:\\\/\\\/animefigurer.se\\\/#organization\",\"name\":\"Animefigurer.se\",\"alternateName\":\"Anime figurer | Anime shop\",\"url\":\"https:\\\/\\\/animefigurer.se\\\/\",\"logo\":{\"@type\":\"ImageObject\",\"inLanguage\":\"en-GB\",\"@id\":\"https:\\\/\\\/animefigurer.se\\\/#\\\/schema\\\/logo\\\/image\\\/\",\"url\":\"https:\\\/\\\/animefigurer.se\\\/wp-content\\\/uploads\\\/2025\\\/12\\\/Animefigurer_logowhite.png\",\"contentUrl\":\"https:\\\/\\\/animefigurer.se\\\/wp-content\\\/uploads\\\/2025\\\/12\\\/Animefigurer_logowhite.png\",\"width\":1890,\"height\":1417,\"caption\":\"Animefigurer.se\"},\"image\":{\"@id\":\"https:\\\/\\\/animefigurer.se\\\/#\\\/schema\\\/logo\\\/image\\\/\"},\"sameAs\":[\"https:\\\/\\\/www.facebook.com\\\/profile.php?id=61581826539670\",\"https:\\\/\\\/www.instagram.com\\\/animefigurer.se\\\/\"],\"email\":\"info@animefigurer.se\"}]}<\/script>\n<!-- \/ Yoast SEO Premium plugin. -->","yoast_head_json":{"title":"Bungo Stray Dogs: Huggy Good Smile Osamu Dazai (Figure) | Animefigurer.se","robots":{"index":"index","follow":"follow","max-snippet":"max-snippet:-1","max-image-preview":"max-image-preview:large","max-video-preview":"max-video-preview:-1"},"canonical":"https:\/\/animefigurer.se\/en\/figurer\/bungo-stray-dogs\/bungo-stray-dogs-huggy-good-smile-osamu-dazai-figure\/","og_locale":"en_GB","og_type":"article","og_title":"Bungo Stray Dogs: Huggy Good Smile Osamu Dazai (Figure)","og_description":"En s\u00f6t chibi-figur av Osamu Dazai fr\u00e5n Bungo Stray Dogs, designad i den popul\u00e4ra Huggy Good Smile-serien. Figuren har ett lekfullt uttryck och kompakta proportioner som g\u00f6r den perfekt f\u00f6r b\u00e5de samling och display.Med r\u00f6rliga armar och en magnet p\u00e5 baksidan av huvudet kan figuren enkelt poseras, vilket ger flexibilitet och extra charm till din [&hellip;]","og_url":"https:\/\/animefigurer.se\/en\/figurer\/bungo-stray-dogs\/bungo-stray-dogs-huggy-good-smile-osamu-dazai-figure\/","og_site_name":"Animefigurer.se","article_publisher":"https:\/\/www.facebook.com\/profile.php?id=61581826539670","article_modified_time":"2026-04-25T08:20:07+00:00","og_image":[{"width":750,"height":780,"url":"https:\/\/animefigurer.se\/wp-content\/uploads\/2026\/04\/11375746a.jpg","type":"image\/jpeg"}],"twitter_card":"summary_large_image","twitter_misc":{"Estimated reading time":"1 minute"},"schema":{"@context":"https:\/\/schema.org","@graph":[{"@type":"WebPage","@id":"https:\/\/animefigurer.se\/figurer\/bungo-stray-dogs\/bungo-stray-dogs-huggy-good-smile-osamu-dazai-figure\/","url":"https:\/\/animefigurer.se\/figurer\/bungo-stray-dogs\/bungo-stray-dogs-huggy-good-smile-osamu-dazai-figure\/","name":"Bungo Stray Dogs: Huggy Good Smile Osamu Dazai (Figure) | Animefigurer.se","isPartOf":{"@id":"https:\/\/animefigurer.se\/#website"},"primaryImageOfPage":{"@id":"https:\/\/animefigurer.se\/figurer\/bungo-stray-dogs\/bungo-stray-dogs-huggy-good-smile-osamu-dazai-figure\/#primaryimage"},"image":{"@id":"https:\/\/animefigurer.se\/figurer\/bungo-stray-dogs\/bungo-stray-dogs-huggy-good-smile-osamu-dazai-figure\/#primaryimage"},"thumbnailUrl":"https:\/\/animefigurer.se\/wp-content\/uploads\/2026\/04\/11375746a.jpg","datePublished":"2026-04-25T05:06:26+00:00","dateModified":"2026-04-25T08:20:07+00:00","breadcrumb":{"@id":"https:\/\/animefigurer.se\/figurer\/bungo-stray-dogs\/bungo-stray-dogs-huggy-good-smile-osamu-dazai-figure\/#breadcrumb"},"inLanguage":"en-GB","potentialAction":[{"@type":"ReadAction","target":["https:\/\/animefigurer.se\/figurer\/bungo-stray-dogs\/bungo-stray-dogs-huggy-good-smile-osamu-dazai-figure\/"]}]},{"@type":"ImageObject","inLanguage":"en-GB","@id":"https:\/\/animefigurer.se\/figurer\/bungo-stray-dogs\/bungo-stray-dogs-huggy-good-smile-osamu-dazai-figure\/#primaryimage","url":"https:\/\/animefigurer.se\/wp-content\/uploads\/2026\/04\/11375746a.jpg","contentUrl":"https:\/\/animefigurer.se\/wp-content\/uploads\/2026\/04\/11375746a.jpg","width":750,"height":780},{"@type":"BreadcrumbList","@id":"https:\/\/animefigurer.se\/figurer\/bungo-stray-dogs\/bungo-stray-dogs-huggy-good-smile-osamu-dazai-figure\/#breadcrumb","itemListElement":[{"@type":"ListItem","position":1,"name":"Home","item":"https:\/\/animefigurer.se\/"},{"@type":"ListItem","position":2,"name":"Butik","item":"https:\/\/animefigurer.se\/figurer\/"},{"@type":"ListItem","position":3,"name":"Bungo Stray Dogs: Huggy Good Smile Osamu Dazai (Figure)"}]},{"@type":"WebSite","@id":"https:\/\/animefigurer.se\/#website","url":"https:\/\/animefigurer.se\/","name":"Animefigurer.se","description":"Anime figures from over 300 different anime series with over 9000 products | Anime Shop","publisher":{"@id":"https:\/\/animefigurer.se\/#organization"},"potentialAction":[{"@type":"SearchAction","target":{"@type":"EntryPoint","urlTemplate":"https:\/\/animefigurer.se\/?s={search_term_string}"},"query-input":{"@type":"PropertyValueSpecification","valueRequired":true,"valueName":"search_term_string"}}],"inLanguage":"en-GB"},{"@type":"Organization","@id":"https:\/\/animefigurer.se\/#organization","name":"Animefigurer.se","alternateName":"Anime figurer | Anime shop","url":"https:\/\/animefigurer.se\/","logo":{"@type":"ImageObject","inLanguage":"en-GB","@id":"https:\/\/animefigurer.se\/#\/schema\/logo\/image\/","url":"https:\/\/animefigurer.se\/wp-content\/uploads\/2025\/12\/Animefigurer_logowhite.png","contentUrl":"https:\/\/animefigurer.se\/wp-content\/uploads\/2025\/12\/Animefigurer_logowhite.png","width":1890,"height":1417,"caption":"Animefigurer.se"},"image":{"@id":"https:\/\/animefigurer.se\/#\/schema\/logo\/image\/"},"sameAs":["https:\/\/www.facebook.com\/profile.php?id=61581826539670","https:\/\/www.instagram.com\/animefigurer.se\/"],"email":"info@animefigurer.se"}]}},"_links":{"self":[{"href":"https:\/\/animefigurer.se\/en\/wp-json\/wp\/v2\/product\/100023","targetHints":{"allow":["GET"]}}],"collection":[{"href":"https:\/\/animefigurer.se\/en\/wp-json\/wp\/v2\/product"}],"about":[{"href":"https:\/\/animefigurer.se\/en\/wp-json\/wp\/v2\/types\/product"}],"replies":[{"embeddable":true,"href":"https:\/\/animefigurer.se\/en\/wp-json\/wp\/v2\/comments?post=100023"}],"wp:featuredmedia":[{"embeddable":true,"href":"https:\/\/animefigurer.se\/en\/wp-json\/wp\/v2\/media\/100022"}],"wp:attachment":[{"href":"https:\/\/animefigurer.se\/en\/wp-json\/wp\/v2\/media?parent=100023"}],"wp:term":[{"taxonomy":"product_brand","embeddable":true,"href":"https:\/\/animefigurer.se\/en\/wp-json\/wp\/v2\/product_brand?post=100023"},{"taxonomy":"product_cat","embeddable":true,"href":"https:\/\/animefigurer.se\/en\/wp-json\/wp\/v2\/product_cat?post=100023"},{"taxonomy":"product_tag","embeddable":true,"href":"https:\/\/animefigurer.se\/en\/wp-json\/wp\/v2\/product_tag?post=100023"},{"taxonomy":"giftcard-category","embeddable":true,"href":"https:\/\/animefigurer.se\/en\/wp-json\/wp\/v2\/giftcard-category?post=100023"}],"curies":[{"name":"wp","href":"https:\/\/api.w.org\/{rel}","templated":true}]}}