{"id":100015,"date":"2026-04-25T07:06:11","date_gmt":"2026-04-25T05:06:11","guid":{"rendered":"https:\/\/animefigurer.se\/?post_type=product&#038;p=100015"},"modified":"2026-04-25T10:20:10","modified_gmt":"2026-04-25T08:20:10","slug":"bungo-stray-dogs-huggy-good-smile-chuya-nakahara-figure","status":"publish","type":"product","link":"https:\/\/animefigurer.se\/en\/figurer\/bungo-stray-dogs\/bungo-stray-dogs-huggy-good-smile-chuya-nakahara-figure\/","title":{"rendered":"Bungo Stray Dogs: Huggy Good Smile Chuya Nakahara (Figure)"},"content":{"rendered":"<p>En charmig chibi-figur av Chuya Nakahara fr\u00e5n Bungo Stray Dogs, designad i den popul\u00e4ra Huggy Good Smile-serien. Figuren har ett lekfullt uttryck och kompakta proportioner som g\u00f6r den perfekt f\u00f6r samling och display.Med r\u00f6rliga armar och en magnet p\u00e5 baksidan av huvudet kan figuren enkelt poseras, samtidigt som den \u00e4r tillverkad i h\u00e5llbara material f\u00f6r l\u00e5ngvarig kvalitet.<\/p>","protected":false},"excerpt":{"rendered":"<p>En charmig chibi-figur av Chuya Nakahara fr\u00e5n Bungo Stray Dogs, designad i den popul\u00e4ra Huggy Good Smile-serien. Figuren har ett lekfullt uttryck och kompakta proportioner som g\u00f6r den perfekt f\u00f6r samling och display.Med r\u00f6rliga armar och en magnet p\u00e5 baksidan av huvudet kan figuren enkelt poseras, samtidigt som den \u00e4r tillverkad i h\u00e5llbara material f\u00f6r [&hellip;]<\/p>\n","protected":false},"featured_media":100014,"comment_status":"closed","ping_status":"closed","template":"","meta":{"_acf_changed":false,"_monsterinsights_skip_tracking":false,"_monsterinsights_sitenote_active":false,"_monsterinsights_sitenote_note":"","_monsterinsights_sitenote_category":0},"product_brand":[7487],"product_cat":[1159],"product_tag":[26],"giftcard-category":[],"class_list":{"0":"post-100015","1":"product","2":"type-product","3":"status-publish","4":"has-post-thumbnail","6":"product_brand-good-smile-arts-shanghai","7":"product_cat-bungo-stray-dogs","8":"product_tag-pre-order","9":"pa_franchise-bungo-stray-dogs","10":"pa_karaktar-chuya-nakahara","11":"pa_material-magnet","12":"pa_material-plastic","13":"pa_produktserie-huggy-good-smile","14":"pa_storlek-6-5-cm","16":"first","17":"instock","18":"taxable","19":"shipping-taxable","20":"purchasable","21":"product-type-simple"},"acf":[],"yoast_head":"<!-- This site is optimized with the Yoast SEO Premium plugin v24.6 (Yoast SEO v27.4) - https:\/\/yoast.com\/product\/yoast-seo-premium-wordpress\/ -->\n<title>Bungo Stray Dogs: Huggy Good Smile Chuya Nakahara (Figure) | Animefigurer.se<\/title>\n<meta name=\"robots\" content=\"index, follow, max-snippet:-1, max-image-preview:large, max-video-preview:-1\" \/>\n<link rel=\"canonical\" href=\"https:\/\/animefigurer.se\/en\/figurer\/bungo-stray-dogs\/bungo-stray-dogs-huggy-good-smile-chuya-nakahara-figure\/\" \/>\n<meta property=\"og:locale\" content=\"en_GB\" \/>\n<meta property=\"og:type\" content=\"article\" \/>\n<meta property=\"og:title\" content=\"Bungo Stray Dogs: Huggy Good Smile Chuya Nakahara (Figure)\" \/>\n<meta property=\"og:description\" content=\"En charmig chibi-figur av Chuya Nakahara fr\u00e5n Bungo Stray Dogs, designad i den popul\u00e4ra Huggy Good Smile-serien. Figuren har ett lekfullt uttryck och kompakta proportioner som g\u00f6r den perfekt f\u00f6r samling och display.Med r\u00f6rliga armar och en magnet p\u00e5 baksidan av huvudet kan figuren enkelt poseras, samtidigt som den \u00e4r tillverkad i h\u00e5llbara material f\u00f6r [&hellip;]\" \/>\n<meta property=\"og:url\" content=\"https:\/\/animefigurer.se\/en\/figurer\/bungo-stray-dogs\/bungo-stray-dogs-huggy-good-smile-chuya-nakahara-figure\/\" \/>\n<meta property=\"og:site_name\" content=\"Animefigurer.se\" \/>\n<meta property=\"article:publisher\" content=\"https:\/\/www.facebook.com\/profile.php?id=61581826539670\" \/>\n<meta property=\"article:modified_time\" content=\"2026-04-25T08:20:10+00:00\" \/>\n<meta property=\"og:image\" content=\"https:\/\/animefigurer.se\/wp-content\/uploads\/2026\/04\/11375747a.jpg\" \/>\n\t<meta property=\"og:image:width\" content=\"750\" \/>\n\t<meta property=\"og:image:height\" content=\"780\" \/>\n\t<meta property=\"og:image:type\" content=\"image\/jpeg\" \/>\n<meta name=\"twitter:card\" content=\"summary_large_image\" \/>\n<meta name=\"twitter:label1\" content=\"Estimated reading time\" \/>\n\t<meta name=\"twitter:data1\" content=\"1 minute\" \/>\n<script type=\"application\/ld+json\" class=\"yoast-schema-graph\">{\"@context\":\"https:\\\/\\\/schema.org\",\"@graph\":[{\"@type\":\"WebPage\",\"@id\":\"https:\\\/\\\/animefigurer.se\\\/figurer\\\/bungo-stray-dogs\\\/bungo-stray-dogs-huggy-good-smile-chuya-nakahara-figure\\\/\",\"url\":\"https:\\\/\\\/animefigurer.se\\\/figurer\\\/bungo-stray-dogs\\\/bungo-stray-dogs-huggy-good-smile-chuya-nakahara-figure\\\/\",\"name\":\"Bungo Stray Dogs: Huggy Good Smile Chuya Nakahara (Figure) | Animefigurer.se\",\"isPartOf\":{\"@id\":\"https:\\\/\\\/animefigurer.se\\\/#website\"},\"primaryImageOfPage\":{\"@id\":\"https:\\\/\\\/animefigurer.se\\\/figurer\\\/bungo-stray-dogs\\\/bungo-stray-dogs-huggy-good-smile-chuya-nakahara-figure\\\/#primaryimage\"},\"image\":{\"@id\":\"https:\\\/\\\/animefigurer.se\\\/figurer\\\/bungo-stray-dogs\\\/bungo-stray-dogs-huggy-good-smile-chuya-nakahara-figure\\\/#primaryimage\"},\"thumbnailUrl\":\"https:\\\/\\\/animefigurer.se\\\/wp-content\\\/uploads\\\/2026\\\/04\\\/11375747a.jpg\",\"datePublished\":\"2026-04-25T05:06:11+00:00\",\"dateModified\":\"2026-04-25T08:20:10+00:00\",\"breadcrumb\":{\"@id\":\"https:\\\/\\\/animefigurer.se\\\/figurer\\\/bungo-stray-dogs\\\/bungo-stray-dogs-huggy-good-smile-chuya-nakahara-figure\\\/#breadcrumb\"},\"inLanguage\":\"en-GB\",\"potentialAction\":[{\"@type\":\"ReadAction\",\"target\":[\"https:\\\/\\\/animefigurer.se\\\/figurer\\\/bungo-stray-dogs\\\/bungo-stray-dogs-huggy-good-smile-chuya-nakahara-figure\\\/\"]}]},{\"@type\":\"ImageObject\",\"inLanguage\":\"en-GB\",\"@id\":\"https:\\\/\\\/animefigurer.se\\\/figurer\\\/bungo-stray-dogs\\\/bungo-stray-dogs-huggy-good-smile-chuya-nakahara-figure\\\/#primaryimage\",\"url\":\"https:\\\/\\\/animefigurer.se\\\/wp-content\\\/uploads\\\/2026\\\/04\\\/11375747a.jpg\",\"contentUrl\":\"https:\\\/\\\/animefigurer.se\\\/wp-content\\\/uploads\\\/2026\\\/04\\\/11375747a.jpg\",\"width\":750,\"height\":780},{\"@type\":\"BreadcrumbList\",\"@id\":\"https:\\\/\\\/animefigurer.se\\\/figurer\\\/bungo-stray-dogs\\\/bungo-stray-dogs-huggy-good-smile-chuya-nakahara-figure\\\/#breadcrumb\",\"itemListElement\":[{\"@type\":\"ListItem\",\"position\":1,\"name\":\"Home\",\"item\":\"https:\\\/\\\/animefigurer.se\\\/\"},{\"@type\":\"ListItem\",\"position\":2,\"name\":\"Butik\",\"item\":\"https:\\\/\\\/animefigurer.se\\\/figurer\\\/\"},{\"@type\":\"ListItem\",\"position\":3,\"name\":\"Bungo Stray Dogs: Huggy Good Smile Chuya Nakahara (Figure)\"}]},{\"@type\":\"WebSite\",\"@id\":\"https:\\\/\\\/animefigurer.se\\\/#website\",\"url\":\"https:\\\/\\\/animefigurer.se\\\/\",\"name\":\"Animefigurer.se\",\"description\":\"Anime figurer fr\u00e5n \u00f6ver 300 olika anime serier med \u00f6ver 9000 produkter | Anime Shop\",\"publisher\":{\"@id\":\"https:\\\/\\\/animefigurer.se\\\/#organization\"},\"potentialAction\":[{\"@type\":\"SearchAction\",\"target\":{\"@type\":\"EntryPoint\",\"urlTemplate\":\"https:\\\/\\\/animefigurer.se\\\/?s={search_term_string}\"},\"query-input\":{\"@type\":\"PropertyValueSpecification\",\"valueRequired\":true,\"valueName\":\"search_term_string\"}}],\"inLanguage\":\"en-GB\"},{\"@type\":\"Organization\",\"@id\":\"https:\\\/\\\/animefigurer.se\\\/#organization\",\"name\":\"Animefigurer.se\",\"alternateName\":\"Anime figurer | Anime shop\",\"url\":\"https:\\\/\\\/animefigurer.se\\\/\",\"logo\":{\"@type\":\"ImageObject\",\"inLanguage\":\"en-GB\",\"@id\":\"https:\\\/\\\/animefigurer.se\\\/#\\\/schema\\\/logo\\\/image\\\/\",\"url\":\"https:\\\/\\\/animefigurer.se\\\/wp-content\\\/uploads\\\/2025\\\/12\\\/Animefigurer_logowhite.png\",\"contentUrl\":\"https:\\\/\\\/animefigurer.se\\\/wp-content\\\/uploads\\\/2025\\\/12\\\/Animefigurer_logowhite.png\",\"width\":1890,\"height\":1417,\"caption\":\"Animefigurer.se\"},\"image\":{\"@id\":\"https:\\\/\\\/animefigurer.se\\\/#\\\/schema\\\/logo\\\/image\\\/\"},\"sameAs\":[\"https:\\\/\\\/www.facebook.com\\\/profile.php?id=61581826539670\",\"https:\\\/\\\/www.instagram.com\\\/animefigurer.se\\\/\"],\"email\":\"info@animefigurer.se\"}]}<\/script>\n<!-- \/ Yoast SEO Premium plugin. -->","yoast_head_json":{"title":"Bungo Stray Dogs: Huggy Good Smile Chuya Nakahara (Figure) | Animefigurer.se","robots":{"index":"index","follow":"follow","max-snippet":"max-snippet:-1","max-image-preview":"max-image-preview:large","max-video-preview":"max-video-preview:-1"},"canonical":"https:\/\/animefigurer.se\/en\/figurer\/bungo-stray-dogs\/bungo-stray-dogs-huggy-good-smile-chuya-nakahara-figure\/","og_locale":"en_GB","og_type":"article","og_title":"Bungo Stray Dogs: Huggy Good Smile Chuya Nakahara (Figure)","og_description":"En charmig chibi-figur av Chuya Nakahara fr\u00e5n Bungo Stray Dogs, designad i den popul\u00e4ra Huggy Good Smile-serien. Figuren har ett lekfullt uttryck och kompakta proportioner som g\u00f6r den perfekt f\u00f6r samling och display.Med r\u00f6rliga armar och en magnet p\u00e5 baksidan av huvudet kan figuren enkelt poseras, samtidigt som den \u00e4r tillverkad i h\u00e5llbara material f\u00f6r [&hellip;]","og_url":"https:\/\/animefigurer.se\/en\/figurer\/bungo-stray-dogs\/bungo-stray-dogs-huggy-good-smile-chuya-nakahara-figure\/","og_site_name":"Animefigurer.se","article_publisher":"https:\/\/www.facebook.com\/profile.php?id=61581826539670","article_modified_time":"2026-04-25T08:20:10+00:00","og_image":[{"width":750,"height":780,"url":"https:\/\/animefigurer.se\/wp-content\/uploads\/2026\/04\/11375747a.jpg","type":"image\/jpeg"}],"twitter_card":"summary_large_image","twitter_misc":{"Estimated reading time":"1 minute"},"schema":{"@context":"https:\/\/schema.org","@graph":[{"@type":"WebPage","@id":"https:\/\/animefigurer.se\/figurer\/bungo-stray-dogs\/bungo-stray-dogs-huggy-good-smile-chuya-nakahara-figure\/","url":"https:\/\/animefigurer.se\/figurer\/bungo-stray-dogs\/bungo-stray-dogs-huggy-good-smile-chuya-nakahara-figure\/","name":"Bungo Stray Dogs: Huggy Good Smile Chuya Nakahara (Figure) | Animefigurer.se","isPartOf":{"@id":"https:\/\/animefigurer.se\/#website"},"primaryImageOfPage":{"@id":"https:\/\/animefigurer.se\/figurer\/bungo-stray-dogs\/bungo-stray-dogs-huggy-good-smile-chuya-nakahara-figure\/#primaryimage"},"image":{"@id":"https:\/\/animefigurer.se\/figurer\/bungo-stray-dogs\/bungo-stray-dogs-huggy-good-smile-chuya-nakahara-figure\/#primaryimage"},"thumbnailUrl":"https:\/\/animefigurer.se\/wp-content\/uploads\/2026\/04\/11375747a.jpg","datePublished":"2026-04-25T05:06:11+00:00","dateModified":"2026-04-25T08:20:10+00:00","breadcrumb":{"@id":"https:\/\/animefigurer.se\/figurer\/bungo-stray-dogs\/bungo-stray-dogs-huggy-good-smile-chuya-nakahara-figure\/#breadcrumb"},"inLanguage":"en-GB","potentialAction":[{"@type":"ReadAction","target":["https:\/\/animefigurer.se\/figurer\/bungo-stray-dogs\/bungo-stray-dogs-huggy-good-smile-chuya-nakahara-figure\/"]}]},{"@type":"ImageObject","inLanguage":"en-GB","@id":"https:\/\/animefigurer.se\/figurer\/bungo-stray-dogs\/bungo-stray-dogs-huggy-good-smile-chuya-nakahara-figure\/#primaryimage","url":"https:\/\/animefigurer.se\/wp-content\/uploads\/2026\/04\/11375747a.jpg","contentUrl":"https:\/\/animefigurer.se\/wp-content\/uploads\/2026\/04\/11375747a.jpg","width":750,"height":780},{"@type":"BreadcrumbList","@id":"https:\/\/animefigurer.se\/figurer\/bungo-stray-dogs\/bungo-stray-dogs-huggy-good-smile-chuya-nakahara-figure\/#breadcrumb","itemListElement":[{"@type":"ListItem","position":1,"name":"Home","item":"https:\/\/animefigurer.se\/"},{"@type":"ListItem","position":2,"name":"Butik","item":"https:\/\/animefigurer.se\/figurer\/"},{"@type":"ListItem","position":3,"name":"Bungo Stray Dogs: Huggy Good Smile Chuya Nakahara (Figure)"}]},{"@type":"WebSite","@id":"https:\/\/animefigurer.se\/#website","url":"https:\/\/animefigurer.se\/","name":"Animefigurer.se","description":"Anime figures from over 300 different anime series with over 9000 products | Anime Shop","publisher":{"@id":"https:\/\/animefigurer.se\/#organization"},"potentialAction":[{"@type":"SearchAction","target":{"@type":"EntryPoint","urlTemplate":"https:\/\/animefigurer.se\/?s={search_term_string}"},"query-input":{"@type":"PropertyValueSpecification","valueRequired":true,"valueName":"search_term_string"}}],"inLanguage":"en-GB"},{"@type":"Organization","@id":"https:\/\/animefigurer.se\/#organization","name":"Animefigurer.se","alternateName":"Anime figurer | Anime shop","url":"https:\/\/animefigurer.se\/","logo":{"@type":"ImageObject","inLanguage":"en-GB","@id":"https:\/\/animefigurer.se\/#\/schema\/logo\/image\/","url":"https:\/\/animefigurer.se\/wp-content\/uploads\/2025\/12\/Animefigurer_logowhite.png","contentUrl":"https:\/\/animefigurer.se\/wp-content\/uploads\/2025\/12\/Animefigurer_logowhite.png","width":1890,"height":1417,"caption":"Animefigurer.se"},"image":{"@id":"https:\/\/animefigurer.se\/#\/schema\/logo\/image\/"},"sameAs":["https:\/\/www.facebook.com\/profile.php?id=61581826539670","https:\/\/www.instagram.com\/animefigurer.se\/"],"email":"info@animefigurer.se"}]}},"_links":{"self":[{"href":"https:\/\/animefigurer.se\/en\/wp-json\/wp\/v2\/product\/100015","targetHints":{"allow":["GET"]}}],"collection":[{"href":"https:\/\/animefigurer.se\/en\/wp-json\/wp\/v2\/product"}],"about":[{"href":"https:\/\/animefigurer.se\/en\/wp-json\/wp\/v2\/types\/product"}],"replies":[{"embeddable":true,"href":"https:\/\/animefigurer.se\/en\/wp-json\/wp\/v2\/comments?post=100015"}],"wp:featuredmedia":[{"embeddable":true,"href":"https:\/\/animefigurer.se\/en\/wp-json\/wp\/v2\/media\/100014"}],"wp:attachment":[{"href":"https:\/\/animefigurer.se\/en\/wp-json\/wp\/v2\/media?parent=100015"}],"wp:term":[{"taxonomy":"product_brand","embeddable":true,"href":"https:\/\/animefigurer.se\/en\/wp-json\/wp\/v2\/product_brand?post=100015"},{"taxonomy":"product_cat","embeddable":true,"href":"https:\/\/animefigurer.se\/en\/wp-json\/wp\/v2\/product_cat?post=100015"},{"taxonomy":"product_tag","embeddable":true,"href":"https:\/\/animefigurer.se\/en\/wp-json\/wp\/v2\/product_tag?post=100015"},{"taxonomy":"giftcard-category","embeddable":true,"href":"https:\/\/animefigurer.se\/en\/wp-json\/wp\/v2\/giftcard-category?post=100015"}],"curies":[{"name":"wp","href":"https:\/\/api.w.org\/{rel}","templated":true}]}}