{"id":89214,"date":"2026-02-01T12:10:00","date_gmt":"2026-02-01T11:10:00","guid":{"rendered":"https:\/\/animefigurer.se\/?post_type=product&#038;p=89214"},"modified":"2026-02-01T12:19:41","modified_gmt":"2026-02-01T11:19:41","slug":"jujutsu-kaisen-jukon-no-kata-megumi-fushiguro-kento-nanami-a-megumi-fushiguro","status":"publish","type":"product","link":"http:\/\/animefigurer.se\/en\/figurer\/jujutsu-kaisen\/jujutsu-kaisen-jukon-no-kata-megumi-fushiguro-kento-nanami-a-megumi-fushiguro\/","title":{"rendered":"Jujutsu Kaisen Jukon No Kata Megumi Fushiguro &amp; Kento Nanami (A: Megumi Fushiguro)"},"content":{"rendered":"<p>Take your <em data-start=\"177\" data-end=\"193\">Jujutsu Kaisen<\/em>-collection to the next level with this expressive figure series that unites two beloved characters: <strong data-start=\"286\" data-end=\"306\">Megumi Fushiguro<\/strong> and <strong data-start=\"311\" data-end=\"327\">Kento Nanami<\/strong>. The dynamic presentation captures Megumi in a distinctive pose that reflects his character in the series, while Nanami contributes a balanced, stylish presence \u2014 perfect for adding a sense of battle energy and samurai aesthetics to your shelf. The figure comes in original packaging and measures approx. <strong data-start=\"614\" data-end=\"638\">18.5 \u00d7 12.5 \u00d7 9.5 cm<\/strong> and a weight around <strong data-start=\"656\" data-end=\"665\">195g<\/strong>, making it ideal for display in a display cabinet, on a desk or as a highlight in your collection. A must-have for fans and collectors who appreciate detailed design and well-rendered anime characters.<\/p>","protected":false},"excerpt":{"rendered":"<p>Ta din Jujutsu Kaisen-samling till n\u00e4sta niv\u00e5 med denna expressiva figurserie som f\u00f6renar tv\u00e5 \u00e4lskade karakt\u00e4rer: Megumi Fushiguro och Kento Nanami. Den dynamiska presentationen f\u00e5ngar Megumi i en distinkt pose som speglar hans karakt\u00e4r i serien, medan Nanami bidrar med en balanserad, stilfull n\u00e4rvaro \u2014 perfekt f\u00f6r att ge din hylla en k\u00e4nsla av stridsenergi [&hellip;]<\/p>\n","protected":false},"featured_media":89215,"comment_status":"open","ping_status":"closed","template":"","meta":{"_acf_changed":false,"_monsterinsights_skip_tracking":false,"_monsterinsights_sitenote_active":false,"_monsterinsights_sitenote_note":"","_monsterinsights_sitenote_category":0},"product_brand":[6928],"product_cat":[3210],"product_tag":[25],"giftcard-category":[],"class_list":{"0":"post-89214","1":"product","2":"type-product","3":"status-publish","4":"has-post-thumbnail","6":"product_brand-banpresto","7":"product_cat-jujutsu-kaisen","8":"product_tag-i-lager","9":"pa_franchise-jujutsu-kaisen","10":"pa_karaktar-megumi-fushiguro","11":"pa_material-pvc-abs","13":"first","14":"instock","15":"taxable","16":"shipping-taxable","17":"purchasable","18":"product-type-simple"},"acf":[],"yoast_head":"<!-- This site is optimized with the Yoast SEO Premium plugin v24.6 (Yoast SEO v27.3) - https:\/\/yoast.com\/product\/yoast-seo-premium-wordpress\/ -->\n<title>Jujutsu Kaisen Jukon No Kata Megumi Fushiguro &amp; Kento Nanami (A: Megumi Fushiguro) | Animefigurer.se<\/title>\n<meta name=\"robots\" content=\"index, follow, max-snippet:-1, max-image-preview:large, max-video-preview:-1\" \/>\n<link rel=\"canonical\" href=\"http:\/\/animefigurer.se\/en\/figurer\/jujutsu-kaisen\/jujutsu-kaisen-jukon-no-kata-megumi-fushiguro-kento-nanami-a-megumi-fushiguro\/\" \/>\n<meta property=\"og:locale\" content=\"en_GB\" \/>\n<meta property=\"og:type\" content=\"article\" \/>\n<meta property=\"og:title\" content=\"Jujutsu Kaisen Jukon No Kata Megumi Fushiguro &amp; Kento Nanami (A: Megumi Fushiguro)\" \/>\n<meta property=\"og:description\" content=\"Ta din Jujutsu Kaisen-samling till n\u00e4sta niv\u00e5 med denna expressiva figurserie som f\u00f6renar tv\u00e5 \u00e4lskade karakt\u00e4rer: Megumi Fushiguro och Kento Nanami. Den dynamiska presentationen f\u00e5ngar Megumi i en distinkt pose som speglar hans karakt\u00e4r i serien, medan Nanami bidrar med en balanserad, stilfull n\u00e4rvaro \u2014 perfekt f\u00f6r att ge din hylla en k\u00e4nsla av stridsenergi [&hellip;]\" \/>\n<meta property=\"og:url\" content=\"http:\/\/animefigurer.se\/en\/figurer\/jujutsu-kaisen\/jujutsu-kaisen-jukon-no-kata-megumi-fushiguro-kento-nanami-a-megumi-fushiguro\/\" \/>\n<meta property=\"og:site_name\" content=\"Animefigurer.se\" \/>\n<meta property=\"article:publisher\" content=\"https:\/\/www.facebook.com\/profile.php?id=61581826539670\" \/>\n<meta property=\"article:modified_time\" content=\"2026-02-01T11:19:41+00:00\" \/>\n<meta property=\"og:image\" content=\"https:\/\/animefigurer.se\/wp-content\/uploads\/2026\/01\/19360_1_360x.webp\" \/>\n\t<meta property=\"og:image:width\" content=\"360\" \/>\n\t<meta property=\"og:image:height\" content=\"360\" \/>\n\t<meta property=\"og:image:type\" content=\"image\/webp\" \/>\n<meta name=\"twitter:card\" content=\"summary_large_image\" \/>\n<meta name=\"twitter:label1\" content=\"Estimated reading time\" \/>\n\t<meta name=\"twitter:data1\" content=\"1 minute\" \/>\n<script type=\"application\/ld+json\" class=\"yoast-schema-graph\">{\"@context\":\"https:\\\/\\\/schema.org\",\"@graph\":[{\"@type\":\"WebPage\",\"@id\":\"https:\\\/\\\/animefigurer.se\\\/figurer\\\/jujutsu-kaisen\\\/jujutsu-kaisen-jukon-no-kata-megumi-fushiguro-kento-nanami-a-megumi-fushiguro\\\/\",\"url\":\"https:\\\/\\\/animefigurer.se\\\/figurer\\\/jujutsu-kaisen\\\/jujutsu-kaisen-jukon-no-kata-megumi-fushiguro-kento-nanami-a-megumi-fushiguro\\\/\",\"name\":\"Jujutsu Kaisen Jukon No Kata Megumi Fushiguro &amp; Kento Nanami (A: Megumi Fushiguro) | Animefigurer.se\",\"isPartOf\":{\"@id\":\"https:\\\/\\\/animefigurer.se\\\/#website\"},\"primaryImageOfPage\":{\"@id\":\"https:\\\/\\\/animefigurer.se\\\/figurer\\\/jujutsu-kaisen\\\/jujutsu-kaisen-jukon-no-kata-megumi-fushiguro-kento-nanami-a-megumi-fushiguro\\\/#primaryimage\"},\"image\":{\"@id\":\"https:\\\/\\\/animefigurer.se\\\/figurer\\\/jujutsu-kaisen\\\/jujutsu-kaisen-jukon-no-kata-megumi-fushiguro-kento-nanami-a-megumi-fushiguro\\\/#primaryimage\"},\"thumbnailUrl\":\"https:\\\/\\\/animefigurer.se\\\/wp-content\\\/uploads\\\/2026\\\/01\\\/19360_1_360x.webp\",\"datePublished\":\"2026-02-01T11:10:00+00:00\",\"dateModified\":\"2026-02-01T11:19:41+00:00\",\"breadcrumb\":{\"@id\":\"https:\\\/\\\/animefigurer.se\\\/figurer\\\/jujutsu-kaisen\\\/jujutsu-kaisen-jukon-no-kata-megumi-fushiguro-kento-nanami-a-megumi-fushiguro\\\/#breadcrumb\"},\"inLanguage\":\"en-GB\",\"potentialAction\":[{\"@type\":\"ReadAction\",\"target\":[\"https:\\\/\\\/animefigurer.se\\\/figurer\\\/jujutsu-kaisen\\\/jujutsu-kaisen-jukon-no-kata-megumi-fushiguro-kento-nanami-a-megumi-fushiguro\\\/\"]}]},{\"@type\":\"ImageObject\",\"inLanguage\":\"en-GB\",\"@id\":\"https:\\\/\\\/animefigurer.se\\\/figurer\\\/jujutsu-kaisen\\\/jujutsu-kaisen-jukon-no-kata-megumi-fushiguro-kento-nanami-a-megumi-fushiguro\\\/#primaryimage\",\"url\":\"https:\\\/\\\/animefigurer.se\\\/wp-content\\\/uploads\\\/2026\\\/01\\\/19360_1_360x.webp\",\"contentUrl\":\"https:\\\/\\\/animefigurer.se\\\/wp-content\\\/uploads\\\/2026\\\/01\\\/19360_1_360x.webp\",\"width\":360,\"height\":360,\"caption\":\"Jujutsu Kaisen Jukon No Kata Megumi Fushiguro & Kento Nanami (A: Megumi Fushiguro)\"},{\"@type\":\"BreadcrumbList\",\"@id\":\"https:\\\/\\\/animefigurer.se\\\/figurer\\\/jujutsu-kaisen\\\/jujutsu-kaisen-jukon-no-kata-megumi-fushiguro-kento-nanami-a-megumi-fushiguro\\\/#breadcrumb\",\"itemListElement\":[{\"@type\":\"ListItem\",\"position\":1,\"name\":\"Home\",\"item\":\"https:\\\/\\\/animefigurer.se\\\/\"},{\"@type\":\"ListItem\",\"position\":2,\"name\":\"Butik\",\"item\":\"https:\\\/\\\/animefigurer.se\\\/figurer\\\/\"},{\"@type\":\"ListItem\",\"position\":3,\"name\":\"Jujutsu Kaisen Jukon No Kata Megumi Fushiguro &amp; Kento Nanami (A: Megumi Fushiguro)\"}]},{\"@type\":\"WebSite\",\"@id\":\"https:\\\/\\\/animefigurer.se\\\/#website\",\"url\":\"https:\\\/\\\/animefigurer.se\\\/\",\"name\":\"Animefigurer.se\",\"description\":\"Anime figurer fr\u00e5n \u00f6ver 300 olika anime serier med \u00f6ver 9000 produkter | Anime Shop\",\"publisher\":{\"@id\":\"https:\\\/\\\/animefigurer.se\\\/#organization\"},\"potentialAction\":[{\"@type\":\"SearchAction\",\"target\":{\"@type\":\"EntryPoint\",\"urlTemplate\":\"https:\\\/\\\/animefigurer.se\\\/?s={search_term_string}\"},\"query-input\":{\"@type\":\"PropertyValueSpecification\",\"valueRequired\":true,\"valueName\":\"search_term_string\"}}],\"inLanguage\":\"en-GB\"},{\"@type\":\"Organization\",\"@id\":\"https:\\\/\\\/animefigurer.se\\\/#organization\",\"name\":\"Animefigurer.se\",\"alternateName\":\"Anime figurer | Anime shop\",\"url\":\"https:\\\/\\\/animefigurer.se\\\/\",\"logo\":{\"@type\":\"ImageObject\",\"inLanguage\":\"en-GB\",\"@id\":\"https:\\\/\\\/animefigurer.se\\\/#\\\/schema\\\/logo\\\/image\\\/\",\"url\":\"https:\\\/\\\/animefigurer.se\\\/wp-content\\\/uploads\\\/2025\\\/12\\\/Animefigurer_logowhite.png\",\"contentUrl\":\"https:\\\/\\\/animefigurer.se\\\/wp-content\\\/uploads\\\/2025\\\/12\\\/Animefigurer_logowhite.png\",\"width\":1890,\"height\":1417,\"caption\":\"Animefigurer.se\"},\"image\":{\"@id\":\"https:\\\/\\\/animefigurer.se\\\/#\\\/schema\\\/logo\\\/image\\\/\"},\"sameAs\":[\"https:\\\/\\\/www.facebook.com\\\/profile.php?id=61581826539670\",\"https:\\\/\\\/www.instagram.com\\\/animefigurer.se\\\/\"],\"email\":\"info@animefigurer.se\"}]}<\/script>\n<!-- \/ Yoast SEO Premium plugin. -->","yoast_head_json":{"title":"Jujutsu Kaisen Jukon No Kata Megumi Fushiguro &amp; Kento Nanami (A: Megumi Fushiguro) | Animefigurer.se","robots":{"index":"index","follow":"follow","max-snippet":"max-snippet:-1","max-image-preview":"max-image-preview:large","max-video-preview":"max-video-preview:-1"},"canonical":"http:\/\/animefigurer.se\/en\/figurer\/jujutsu-kaisen\/jujutsu-kaisen-jukon-no-kata-megumi-fushiguro-kento-nanami-a-megumi-fushiguro\/","og_locale":"en_GB","og_type":"article","og_title":"Jujutsu Kaisen Jukon No Kata Megumi Fushiguro &amp; Kento Nanami (A: Megumi Fushiguro)","og_description":"Ta din Jujutsu Kaisen-samling till n\u00e4sta niv\u00e5 med denna expressiva figurserie som f\u00f6renar tv\u00e5 \u00e4lskade karakt\u00e4rer: Megumi Fushiguro och Kento Nanami. Den dynamiska presentationen f\u00e5ngar Megumi i en distinkt pose som speglar hans karakt\u00e4r i serien, medan Nanami bidrar med en balanserad, stilfull n\u00e4rvaro \u2014 perfekt f\u00f6r att ge din hylla en k\u00e4nsla av stridsenergi [&hellip;]","og_url":"http:\/\/animefigurer.se\/en\/figurer\/jujutsu-kaisen\/jujutsu-kaisen-jukon-no-kata-megumi-fushiguro-kento-nanami-a-megumi-fushiguro\/","og_site_name":"Animefigurer.se","article_publisher":"https:\/\/www.facebook.com\/profile.php?id=61581826539670","article_modified_time":"2026-02-01T11:19:41+00:00","og_image":[{"width":360,"height":360,"url":"https:\/\/animefigurer.se\/wp-content\/uploads\/2026\/01\/19360_1_360x.webp","type":"image\/webp"}],"twitter_card":"summary_large_image","twitter_misc":{"Estimated reading time":"1 minute"},"schema":{"@context":"https:\/\/schema.org","@graph":[{"@type":"WebPage","@id":"https:\/\/animefigurer.se\/figurer\/jujutsu-kaisen\/jujutsu-kaisen-jukon-no-kata-megumi-fushiguro-kento-nanami-a-megumi-fushiguro\/","url":"https:\/\/animefigurer.se\/figurer\/jujutsu-kaisen\/jujutsu-kaisen-jukon-no-kata-megumi-fushiguro-kento-nanami-a-megumi-fushiguro\/","name":"Jujutsu Kaisen Jukon No Kata Megumi Fushiguro &amp; Kento Nanami (A: Megumi Fushiguro) | Animefigurer.se","isPartOf":{"@id":"https:\/\/animefigurer.se\/#website"},"primaryImageOfPage":{"@id":"https:\/\/animefigurer.se\/figurer\/jujutsu-kaisen\/jujutsu-kaisen-jukon-no-kata-megumi-fushiguro-kento-nanami-a-megumi-fushiguro\/#primaryimage"},"image":{"@id":"https:\/\/animefigurer.se\/figurer\/jujutsu-kaisen\/jujutsu-kaisen-jukon-no-kata-megumi-fushiguro-kento-nanami-a-megumi-fushiguro\/#primaryimage"},"thumbnailUrl":"https:\/\/animefigurer.se\/wp-content\/uploads\/2026\/01\/19360_1_360x.webp","datePublished":"2026-02-01T11:10:00+00:00","dateModified":"2026-02-01T11:19:41+00:00","breadcrumb":{"@id":"https:\/\/animefigurer.se\/figurer\/jujutsu-kaisen\/jujutsu-kaisen-jukon-no-kata-megumi-fushiguro-kento-nanami-a-megumi-fushiguro\/#breadcrumb"},"inLanguage":"en-GB","potentialAction":[{"@type":"ReadAction","target":["https:\/\/animefigurer.se\/figurer\/jujutsu-kaisen\/jujutsu-kaisen-jukon-no-kata-megumi-fushiguro-kento-nanami-a-megumi-fushiguro\/"]}]},{"@type":"ImageObject","inLanguage":"en-GB","@id":"https:\/\/animefigurer.se\/figurer\/jujutsu-kaisen\/jujutsu-kaisen-jukon-no-kata-megumi-fushiguro-kento-nanami-a-megumi-fushiguro\/#primaryimage","url":"https:\/\/animefigurer.se\/wp-content\/uploads\/2026\/01\/19360_1_360x.webp","contentUrl":"https:\/\/animefigurer.se\/wp-content\/uploads\/2026\/01\/19360_1_360x.webp","width":360,"height":360,"caption":"Jujutsu Kaisen Jukon No Kata Megumi Fushiguro & Kento Nanami (A: Megumi Fushiguro)"},{"@type":"BreadcrumbList","@id":"https:\/\/animefigurer.se\/figurer\/jujutsu-kaisen\/jujutsu-kaisen-jukon-no-kata-megumi-fushiguro-kento-nanami-a-megumi-fushiguro\/#breadcrumb","itemListElement":[{"@type":"ListItem","position":1,"name":"Home","item":"https:\/\/animefigurer.se\/"},{"@type":"ListItem","position":2,"name":"Butik","item":"https:\/\/animefigurer.se\/figurer\/"},{"@type":"ListItem","position":3,"name":"Jujutsu Kaisen Jukon No Kata Megumi Fushiguro &amp; Kento Nanami (A: Megumi Fushiguro)"}]},{"@type":"WebSite","@id":"https:\/\/animefigurer.se\/#website","url":"https:\/\/animefigurer.se\/","name":"Animefigurer.se","description":"Anime figures from over 300 different anime series with over 9000 products | Anime Shop","publisher":{"@id":"https:\/\/animefigurer.se\/#organization"},"potentialAction":[{"@type":"SearchAction","target":{"@type":"EntryPoint","urlTemplate":"https:\/\/animefigurer.se\/?s={search_term_string}"},"query-input":{"@type":"PropertyValueSpecification","valueRequired":true,"valueName":"search_term_string"}}],"inLanguage":"en-GB"},{"@type":"Organization","@id":"https:\/\/animefigurer.se\/#organization","name":"Animefigurer.se","alternateName":"Anime figurer | Anime shop","url":"https:\/\/animefigurer.se\/","logo":{"@type":"ImageObject","inLanguage":"en-GB","@id":"https:\/\/animefigurer.se\/#\/schema\/logo\/image\/","url":"https:\/\/animefigurer.se\/wp-content\/uploads\/2025\/12\/Animefigurer_logowhite.png","contentUrl":"https:\/\/animefigurer.se\/wp-content\/uploads\/2025\/12\/Animefigurer_logowhite.png","width":1890,"height":1417,"caption":"Animefigurer.se"},"image":{"@id":"https:\/\/animefigurer.se\/#\/schema\/logo\/image\/"},"sameAs":["https:\/\/www.facebook.com\/profile.php?id=61581826539670","https:\/\/www.instagram.com\/animefigurer.se\/"],"email":"info@animefigurer.se"}]}},"_links":{"self":[{"href":"http:\/\/animefigurer.se\/en\/wp-json\/wp\/v2\/product\/89214","targetHints":{"allow":["GET"]}}],"collection":[{"href":"http:\/\/animefigurer.se\/en\/wp-json\/wp\/v2\/product"}],"about":[{"href":"http:\/\/animefigurer.se\/en\/wp-json\/wp\/v2\/types\/product"}],"replies":[{"embeddable":true,"href":"http:\/\/animefigurer.se\/en\/wp-json\/wp\/v2\/comments?post=89214"}],"wp:featuredmedia":[{"embeddable":true,"href":"http:\/\/animefigurer.se\/en\/wp-json\/wp\/v2\/media\/89215"}],"wp:attachment":[{"href":"http:\/\/animefigurer.se\/en\/wp-json\/wp\/v2\/media?parent=89214"}],"wp:term":[{"taxonomy":"product_brand","embeddable":true,"href":"http:\/\/animefigurer.se\/en\/wp-json\/wp\/v2\/product_brand?post=89214"},{"taxonomy":"product_cat","embeddable":true,"href":"http:\/\/animefigurer.se\/en\/wp-json\/wp\/v2\/product_cat?post=89214"},{"taxonomy":"product_tag","embeddable":true,"href":"http:\/\/animefigurer.se\/en\/wp-json\/wp\/v2\/product_tag?post=89214"},{"taxonomy":"giftcard-category","embeddable":true,"href":"http:\/\/animefigurer.se\/en\/wp-json\/wp\/v2\/giftcard-category?post=89214"}],"curies":[{"name":"wp","href":"https:\/\/api.w.org\/{rel}","templated":true}]}}