{"id":88050,"date":"2026-01-23T16:35:33","date_gmt":"2026-01-23T15:35:33","guid":{"rendered":"https:\/\/animefigurer.se\/?post_type=product&#038;p=88050"},"modified":"2026-01-23T16:35:33","modified_gmt":"2026-01-23T15:35:33","slug":"jujutsu-kaisen-nendoroid-yuta-okkotsu-execution-ver","status":"publish","type":"product","link":"http:\/\/animefigurer.se\/en\/figurer\/jujutsu-kaisen\/jujutsu-kaisen-nendoroid-yuta-okkotsu-execution-ver\/","title":{"rendered":"Jujutsu Kaisen Nendoroid Yuta Okkotsu: Execution Ver."},"content":{"rendered":"<p data-start=\"161\" data-end=\"560\">Embrace the strength and determination of <strong data-start=\"238\" data-end=\"254\">Yuta Okkotsu<\/strong> from <em data-start=\"260\" data-end=\"303\">Jujutsu Kaisen Season 3: The Culling Game<\/em> in your collection with this expressive <strong data-start=\"342\" data-end=\"372\">Nendoroid: Execution Ver.!<\/strong> The figure is a detailed, <strong data-start=\"399\" data-end=\"449\">pre-painted PVC figure with articulated joints<\/strong> and comes with several alternative parts that allow you to create scenic poses.<\/p>\n<p data-start=\"562\" data-end=\"943\">Yuta includes three interchangeable face parts \u2014 <strong data-start=\"607\" data-end=\"673\">a creepy expression, a teasing smile and a relieved face<\/strong> \u2014 so you can showcase different sides of his personality in your display. <br data-start=\"784\" data-end=\"787\" \/>The accessories include: <strong data-start=\"821\" data-end=\"834\">a sword<\/strong> and other parts that will help you recreate iconic poses from the series.<\/p>\n<p data-start=\"945\" data-end=\"1214\">The figure is approximately <strong data-start=\"962\" data-end=\"976\">100mm high<\/strong> and comes with a display base that makes it easy to display him on a shelf, desk, or in a thematic collection \u2014 a perfect choice for fans of both <em data-start=\"1135\" data-end=\"1151\">Jujutsu Kaisen<\/em> and Nendoroid collections!<\/p>","protected":false},"excerpt":{"rendered":"<p>Ta in styrkan och beslutsamheten hos Yuta Okkotsu fr\u00e5n Jujutsu Kaisen Season 3: The Culling Game i din samling med denna uttrycksfulla Nendoroid: Execution Ver.! Figuren \u00e4r en detaljerad, f\u00e4rdigm\u00e5lad figur i PVC med artikulerade leder och kommer med flera alternativdelar som l\u00e5ter dig skapa sceniska poser. Yuta inkluderar tre utbytbara ansiktsdelar \u2014 ett kusligt [&hellip;]<\/p>\n","protected":false},"featured_media":88051,"comment_status":"open","ping_status":"closed","template":"","meta":{"_acf_changed":false,"_monsterinsights_skip_tracking":false,"_monsterinsights_sitenote_active":false,"_monsterinsights_sitenote_note":"","_monsterinsights_sitenote_category":0},"product_brand":[6890],"product_cat":[3210],"product_tag":[26],"giftcard-category":[],"class_list":{"0":"post-88050","1":"product","2":"type-product","3":"status-publish","4":"has-post-thumbnail","6":"product_brand-good-smile-company","7":"product_cat-jujutsu-kaisen","8":"product_tag-pre-order","9":"pa_franchise-jujutsu-kaisen","10":"pa_karaktar-yuta-okkotsu","11":"pa_material-plastic","12":"pa_produktserie-nendoroid","13":"pa_storlek-10-cm","15":"first","16":"instock","17":"taxable","18":"shipping-taxable","19":"purchasable","20":"product-type-simple"},"acf":[],"yoast_head":"<!-- This site is optimized with the Yoast SEO Premium plugin v24.6 (Yoast SEO v27.3) - https:\/\/yoast.com\/product\/yoast-seo-premium-wordpress\/ -->\n<title>Jujutsu Kaisen Nendoroid Yuta Okkotsu: Execution Ver. | Animefigurer.se<\/title>\n<meta name=\"robots\" content=\"index, follow, max-snippet:-1, max-image-preview:large, max-video-preview:-1\" \/>\n<link rel=\"canonical\" href=\"http:\/\/animefigurer.se\/en\/figurer\/jujutsu-kaisen\/jujutsu-kaisen-nendoroid-yuta-okkotsu-execution-ver\/\" \/>\n<meta property=\"og:locale\" content=\"en_GB\" \/>\n<meta property=\"og:type\" content=\"article\" \/>\n<meta property=\"og:title\" content=\"Jujutsu Kaisen Nendoroid Yuta Okkotsu: Execution Ver.\" \/>\n<meta property=\"og:description\" content=\"Ta in styrkan och beslutsamheten hos Yuta Okkotsu fr\u00e5n Jujutsu Kaisen Season 3: The Culling Game i din samling med denna uttrycksfulla Nendoroid: Execution Ver.! Figuren \u00e4r en detaljerad, f\u00e4rdigm\u00e5lad figur i PVC med artikulerade leder och kommer med flera alternativdelar som l\u00e5ter dig skapa sceniska poser. Yuta inkluderar tre utbytbara ansiktsdelar \u2014 ett kusligt [&hellip;]\" \/>\n<meta property=\"og:url\" content=\"http:\/\/animefigurer.se\/en\/figurer\/jujutsu-kaisen\/jujutsu-kaisen-nendoroid-yuta-okkotsu-execution-ver\/\" \/>\n<meta property=\"og:site_name\" content=\"Animefigurer.se\" \/>\n<meta property=\"article:publisher\" content=\"https:\/\/www.facebook.com\/profile.php?id=61581826539670\" \/>\n<meta property=\"og:image\" content=\"https:\/\/animefigurer.se\/wp-content\/uploads\/2026\/01\/dj6unsCJ0MPqXtV3F5iKxRYTBbvEDUwH.webp\" \/>\n\t<meta property=\"og:image:width\" content=\"750\" \/>\n\t<meta property=\"og:image:height\" content=\"840\" \/>\n\t<meta property=\"og:image:type\" content=\"image\/webp\" \/>\n<meta name=\"twitter:card\" content=\"summary_large_image\" \/>\n<meta name=\"twitter:label1\" content=\"Estimated reading time\" \/>\n\t<meta name=\"twitter:data1\" content=\"1 minute\" \/>\n<script type=\"application\/ld+json\" class=\"yoast-schema-graph\">{\"@context\":\"https:\\\/\\\/schema.org\",\"@graph\":[{\"@type\":\"WebPage\",\"@id\":\"https:\\\/\\\/animefigurer.se\\\/figurer\\\/jujutsu-kaisen\\\/jujutsu-kaisen-nendoroid-yuta-okkotsu-execution-ver\\\/\",\"url\":\"https:\\\/\\\/animefigurer.se\\\/figurer\\\/jujutsu-kaisen\\\/jujutsu-kaisen-nendoroid-yuta-okkotsu-execution-ver\\\/\",\"name\":\"Jujutsu Kaisen Nendoroid Yuta Okkotsu: Execution Ver. | Animefigurer.se\",\"isPartOf\":{\"@id\":\"https:\\\/\\\/animefigurer.se\\\/#website\"},\"primaryImageOfPage\":{\"@id\":\"https:\\\/\\\/animefigurer.se\\\/figurer\\\/jujutsu-kaisen\\\/jujutsu-kaisen-nendoroid-yuta-okkotsu-execution-ver\\\/#primaryimage\"},\"image\":{\"@id\":\"https:\\\/\\\/animefigurer.se\\\/figurer\\\/jujutsu-kaisen\\\/jujutsu-kaisen-nendoroid-yuta-okkotsu-execution-ver\\\/#primaryimage\"},\"thumbnailUrl\":\"https:\\\/\\\/animefigurer.se\\\/wp-content\\\/uploads\\\/2026\\\/01\\\/dj6unsCJ0MPqXtV3F5iKxRYTBbvEDUwH.webp\",\"datePublished\":\"2026-01-23T15:35:33+00:00\",\"breadcrumb\":{\"@id\":\"https:\\\/\\\/animefigurer.se\\\/figurer\\\/jujutsu-kaisen\\\/jujutsu-kaisen-nendoroid-yuta-okkotsu-execution-ver\\\/#breadcrumb\"},\"inLanguage\":\"en-GB\",\"potentialAction\":[{\"@type\":\"ReadAction\",\"target\":[\"https:\\\/\\\/animefigurer.se\\\/figurer\\\/jujutsu-kaisen\\\/jujutsu-kaisen-nendoroid-yuta-okkotsu-execution-ver\\\/\"]}]},{\"@type\":\"ImageObject\",\"inLanguage\":\"en-GB\",\"@id\":\"https:\\\/\\\/animefigurer.se\\\/figurer\\\/jujutsu-kaisen\\\/jujutsu-kaisen-nendoroid-yuta-okkotsu-execution-ver\\\/#primaryimage\",\"url\":\"https:\\\/\\\/animefigurer.se\\\/wp-content\\\/uploads\\\/2026\\\/01\\\/dj6unsCJ0MPqXtV3F5iKxRYTBbvEDUwH.webp\",\"contentUrl\":\"https:\\\/\\\/animefigurer.se\\\/wp-content\\\/uploads\\\/2026\\\/01\\\/dj6unsCJ0MPqXtV3F5iKxRYTBbvEDUwH.webp\",\"width\":750,\"height\":840,\"caption\":\"Jujutsu Kaisen Nendoroid Yuta Okkotsu: Execution Ver.\"},{\"@type\":\"BreadcrumbList\",\"@id\":\"https:\\\/\\\/animefigurer.se\\\/figurer\\\/jujutsu-kaisen\\\/jujutsu-kaisen-nendoroid-yuta-okkotsu-execution-ver\\\/#breadcrumb\",\"itemListElement\":[{\"@type\":\"ListItem\",\"position\":1,\"name\":\"Home\",\"item\":\"https:\\\/\\\/animefigurer.se\\\/\"},{\"@type\":\"ListItem\",\"position\":2,\"name\":\"Butik\",\"item\":\"https:\\\/\\\/animefigurer.se\\\/figurer\\\/\"},{\"@type\":\"ListItem\",\"position\":3,\"name\":\"Jujutsu Kaisen Nendoroid Yuta Okkotsu: Execution Ver.\"}]},{\"@type\":\"WebSite\",\"@id\":\"https:\\\/\\\/animefigurer.se\\\/#website\",\"url\":\"https:\\\/\\\/animefigurer.se\\\/\",\"name\":\"Animefigurer.se\",\"description\":\"Anime figurer fr\u00e5n \u00f6ver 300 olika anime serier med \u00f6ver 9000 produkter | Anime Shop\",\"publisher\":{\"@id\":\"https:\\\/\\\/animefigurer.se\\\/#organization\"},\"potentialAction\":[{\"@type\":\"SearchAction\",\"target\":{\"@type\":\"EntryPoint\",\"urlTemplate\":\"https:\\\/\\\/animefigurer.se\\\/?s={search_term_string}\"},\"query-input\":{\"@type\":\"PropertyValueSpecification\",\"valueRequired\":true,\"valueName\":\"search_term_string\"}}],\"inLanguage\":\"en-GB\"},{\"@type\":\"Organization\",\"@id\":\"https:\\\/\\\/animefigurer.se\\\/#organization\",\"name\":\"Animefigurer.se\",\"alternateName\":\"Anime figurer | Anime shop\",\"url\":\"https:\\\/\\\/animefigurer.se\\\/\",\"logo\":{\"@type\":\"ImageObject\",\"inLanguage\":\"en-GB\",\"@id\":\"https:\\\/\\\/animefigurer.se\\\/#\\\/schema\\\/logo\\\/image\\\/\",\"url\":\"https:\\\/\\\/animefigurer.se\\\/wp-content\\\/uploads\\\/2025\\\/12\\\/Animefigurer_logowhite.png\",\"contentUrl\":\"https:\\\/\\\/animefigurer.se\\\/wp-content\\\/uploads\\\/2025\\\/12\\\/Animefigurer_logowhite.png\",\"width\":1890,\"height\":1417,\"caption\":\"Animefigurer.se\"},\"image\":{\"@id\":\"https:\\\/\\\/animefigurer.se\\\/#\\\/schema\\\/logo\\\/image\\\/\"},\"sameAs\":[\"https:\\\/\\\/www.facebook.com\\\/profile.php?id=61581826539670\",\"https:\\\/\\\/www.instagram.com\\\/animefigurer.se\\\/\"],\"email\":\"info@animefigurer.se\"}]}<\/script>\n<!-- \/ Yoast SEO Premium plugin. -->","yoast_head_json":{"title":"Jujutsu Kaisen Nendoroid Yuta Okkotsu: Execution Ver. | Animefigurer.se","robots":{"index":"index","follow":"follow","max-snippet":"max-snippet:-1","max-image-preview":"max-image-preview:large","max-video-preview":"max-video-preview:-1"},"canonical":"http:\/\/animefigurer.se\/en\/figurer\/jujutsu-kaisen\/jujutsu-kaisen-nendoroid-yuta-okkotsu-execution-ver\/","og_locale":"en_GB","og_type":"article","og_title":"Jujutsu Kaisen Nendoroid Yuta Okkotsu: Execution Ver.","og_description":"Ta in styrkan och beslutsamheten hos Yuta Okkotsu fr\u00e5n Jujutsu Kaisen Season 3: The Culling Game i din samling med denna uttrycksfulla Nendoroid: Execution Ver.! Figuren \u00e4r en detaljerad, f\u00e4rdigm\u00e5lad figur i PVC med artikulerade leder och kommer med flera alternativdelar som l\u00e5ter dig skapa sceniska poser. Yuta inkluderar tre utbytbara ansiktsdelar \u2014 ett kusligt [&hellip;]","og_url":"http:\/\/animefigurer.se\/en\/figurer\/jujutsu-kaisen\/jujutsu-kaisen-nendoroid-yuta-okkotsu-execution-ver\/","og_site_name":"Animefigurer.se","article_publisher":"https:\/\/www.facebook.com\/profile.php?id=61581826539670","og_image":[{"width":750,"height":840,"url":"https:\/\/animefigurer.se\/wp-content\/uploads\/2026\/01\/dj6unsCJ0MPqXtV3F5iKxRYTBbvEDUwH.webp","type":"image\/webp"}],"twitter_card":"summary_large_image","twitter_misc":{"Estimated reading time":"1 minute"},"schema":{"@context":"https:\/\/schema.org","@graph":[{"@type":"WebPage","@id":"https:\/\/animefigurer.se\/figurer\/jujutsu-kaisen\/jujutsu-kaisen-nendoroid-yuta-okkotsu-execution-ver\/","url":"https:\/\/animefigurer.se\/figurer\/jujutsu-kaisen\/jujutsu-kaisen-nendoroid-yuta-okkotsu-execution-ver\/","name":"Jujutsu Kaisen Nendoroid Yuta Okkotsu: Execution Ver. | Animefigurer.se","isPartOf":{"@id":"https:\/\/animefigurer.se\/#website"},"primaryImageOfPage":{"@id":"https:\/\/animefigurer.se\/figurer\/jujutsu-kaisen\/jujutsu-kaisen-nendoroid-yuta-okkotsu-execution-ver\/#primaryimage"},"image":{"@id":"https:\/\/animefigurer.se\/figurer\/jujutsu-kaisen\/jujutsu-kaisen-nendoroid-yuta-okkotsu-execution-ver\/#primaryimage"},"thumbnailUrl":"https:\/\/animefigurer.se\/wp-content\/uploads\/2026\/01\/dj6unsCJ0MPqXtV3F5iKxRYTBbvEDUwH.webp","datePublished":"2026-01-23T15:35:33+00:00","breadcrumb":{"@id":"https:\/\/animefigurer.se\/figurer\/jujutsu-kaisen\/jujutsu-kaisen-nendoroid-yuta-okkotsu-execution-ver\/#breadcrumb"},"inLanguage":"en-GB","potentialAction":[{"@type":"ReadAction","target":["https:\/\/animefigurer.se\/figurer\/jujutsu-kaisen\/jujutsu-kaisen-nendoroid-yuta-okkotsu-execution-ver\/"]}]},{"@type":"ImageObject","inLanguage":"en-GB","@id":"https:\/\/animefigurer.se\/figurer\/jujutsu-kaisen\/jujutsu-kaisen-nendoroid-yuta-okkotsu-execution-ver\/#primaryimage","url":"https:\/\/animefigurer.se\/wp-content\/uploads\/2026\/01\/dj6unsCJ0MPqXtV3F5iKxRYTBbvEDUwH.webp","contentUrl":"https:\/\/animefigurer.se\/wp-content\/uploads\/2026\/01\/dj6unsCJ0MPqXtV3F5iKxRYTBbvEDUwH.webp","width":750,"height":840,"caption":"Jujutsu Kaisen Nendoroid Yuta Okkotsu: Execution Ver."},{"@type":"BreadcrumbList","@id":"https:\/\/animefigurer.se\/figurer\/jujutsu-kaisen\/jujutsu-kaisen-nendoroid-yuta-okkotsu-execution-ver\/#breadcrumb","itemListElement":[{"@type":"ListItem","position":1,"name":"Home","item":"https:\/\/animefigurer.se\/"},{"@type":"ListItem","position":2,"name":"Butik","item":"https:\/\/animefigurer.se\/figurer\/"},{"@type":"ListItem","position":3,"name":"Jujutsu Kaisen Nendoroid Yuta Okkotsu: Execution Ver."}]},{"@type":"WebSite","@id":"https:\/\/animefigurer.se\/#website","url":"https:\/\/animefigurer.se\/","name":"Animefigurer.se","description":"Anime figures from over 300 different anime series with over 9000 products | Anime Shop","publisher":{"@id":"https:\/\/animefigurer.se\/#organization"},"potentialAction":[{"@type":"SearchAction","target":{"@type":"EntryPoint","urlTemplate":"https:\/\/animefigurer.se\/?s={search_term_string}"},"query-input":{"@type":"PropertyValueSpecification","valueRequired":true,"valueName":"search_term_string"}}],"inLanguage":"en-GB"},{"@type":"Organization","@id":"https:\/\/animefigurer.se\/#organization","name":"Animefigurer.se","alternateName":"Anime figurer | Anime shop","url":"https:\/\/animefigurer.se\/","logo":{"@type":"ImageObject","inLanguage":"en-GB","@id":"https:\/\/animefigurer.se\/#\/schema\/logo\/image\/","url":"https:\/\/animefigurer.se\/wp-content\/uploads\/2025\/12\/Animefigurer_logowhite.png","contentUrl":"https:\/\/animefigurer.se\/wp-content\/uploads\/2025\/12\/Animefigurer_logowhite.png","width":1890,"height":1417,"caption":"Animefigurer.se"},"image":{"@id":"https:\/\/animefigurer.se\/#\/schema\/logo\/image\/"},"sameAs":["https:\/\/www.facebook.com\/profile.php?id=61581826539670","https:\/\/www.instagram.com\/animefigurer.se\/"],"email":"info@animefigurer.se"}]}},"_links":{"self":[{"href":"http:\/\/animefigurer.se\/en\/wp-json\/wp\/v2\/product\/88050","targetHints":{"allow":["GET"]}}],"collection":[{"href":"http:\/\/animefigurer.se\/en\/wp-json\/wp\/v2\/product"}],"about":[{"href":"http:\/\/animefigurer.se\/en\/wp-json\/wp\/v2\/types\/product"}],"replies":[{"embeddable":true,"href":"http:\/\/animefigurer.se\/en\/wp-json\/wp\/v2\/comments?post=88050"}],"wp:featuredmedia":[{"embeddable":true,"href":"http:\/\/animefigurer.se\/en\/wp-json\/wp\/v2\/media\/88051"}],"wp:attachment":[{"href":"http:\/\/animefigurer.se\/en\/wp-json\/wp\/v2\/media?parent=88050"}],"wp:term":[{"taxonomy":"product_brand","embeddable":true,"href":"http:\/\/animefigurer.se\/en\/wp-json\/wp\/v2\/product_brand?post=88050"},{"taxonomy":"product_cat","embeddable":true,"href":"http:\/\/animefigurer.se\/en\/wp-json\/wp\/v2\/product_cat?post=88050"},{"taxonomy":"product_tag","embeddable":true,"href":"http:\/\/animefigurer.se\/en\/wp-json\/wp\/v2\/product_tag?post=88050"},{"taxonomy":"giftcard-category","embeddable":true,"href":"http:\/\/animefigurer.se\/en\/wp-json\/wp\/v2\/giftcard-category?post=88050"}],"curies":[{"name":"wp","href":"https:\/\/api.w.org\/{rel}","templated":true}]}}