{"id":84432,"date":"2025-11-29T13:09:55","date_gmt":"2025-11-29T12:09:55","guid":{"rendered":"https:\/\/animefigurer.se\/?post_type=product&#038;p=84432"},"modified":"2026-03-30T13:11:24","modified_gmt":"2026-03-30T11:11:24","slug":"one-punch-man-celestial-vivi-hellish-blizzard","status":"publish","type":"product","link":"http:\/\/animefigurer.se\/en\/figurer\/one-punch-man\/one-punch-man-celestial-vivi-hellish-blizzard\/","title":{"rendered":"One Punch Man Celestial Vivi Hellish Blizzard"},"content":{"rendered":"<p>Supercharge your collection with this action-packed figure: <strong data-start=\"54\" data-end=\"91\">Celestial Vivi \u201cHellish Blizzard\u201d<\/strong> from One Punch Man \u2014 designed to bring the drama straight to your shelf. The figure comes in original packaging measuring approximately 20 \u00d7 15.5 \u00d7 10 cm and weighing approximately 215 g, ready to be displayed in its full glory. It captures the energy of the series with a chilling intensity and detailed posing options \u2014 a must-have for all serious collectors and fans who want a powerful eye-catcher in their anime collection.<\/p>","protected":false},"excerpt":{"rendered":"<p>Supercharge din samling med denna actionfyllda figur: Celestial Vivi \u201cHellish Blizzard\u201d fr\u00e5n One Punch Man \u2014 designad f\u00f6r att f\u00f6ra dramatiken direkt till din hylla. Figuren levereras i originalf\u00f6rpackning med m\u00e5tten ca 20 \u00d7 15,5 \u00d7 10 cm och v\u00e4ger ca 215 g, redo att visas upp i sin fulla glans. Den f\u00e5ngar seriens energi [&hellip;]<\/p>\n","protected":false},"featured_media":84433,"comment_status":"open","ping_status":"closed","template":"","meta":{"_acf_changed":false,"_monsterinsights_skip_tracking":false,"_monsterinsights_sitenote_active":false,"_monsterinsights_sitenote_note":"","_monsterinsights_sitenote_category":0},"product_brand":[6924,6926,6928],"product_cat":[4184],"product_tag":[25],"giftcard-category":[],"class_list":{"0":"post-84432","1":"product","2":"type-product","3":"status-publish","4":"has-post-thumbnail","6":"product_brand-bandai","7":"product_brand-bandai-namco","8":"product_brand-banpresto","9":"product_cat-one-punch-man","10":"product_tag-i-lager","11":"pa_franchise-one-punch-man","12":"pa_karaktar-fubuki","13":"pa_karaktar-hellish-blizzard","14":"pa_produktserie-celestial-vivi","16":"first","17":"instock","18":"taxable","19":"shipping-taxable","20":"purchasable","21":"product-type-simple"},"acf":[],"yoast_head":"<!-- This site is optimized with the Yoast SEO Premium plugin v24.6 (Yoast SEO v27.3) - https:\/\/yoast.com\/product\/yoast-seo-premium-wordpress\/ -->\n<title>One Punch Man Celestial Vivi Hellish Blizzard | Animefigurer.se<\/title>\n<meta name=\"robots\" content=\"index, follow, max-snippet:-1, max-image-preview:large, max-video-preview:-1\" \/>\n<link rel=\"canonical\" href=\"http:\/\/animefigurer.se\/en\/figurer\/one-punch-man\/one-punch-man-celestial-vivi-hellish-blizzard\/\" \/>\n<meta property=\"og:locale\" content=\"en_GB\" \/>\n<meta property=\"og:type\" content=\"article\" \/>\n<meta property=\"og:title\" content=\"One Punch Man Celestial Vivi Hellish Blizzard\" \/>\n<meta property=\"og:description\" content=\"Supercharge din samling med denna actionfyllda figur: Celestial Vivi \u201cHellish Blizzard\u201d fr\u00e5n One Punch Man \u2014 designad f\u00f6r att f\u00f6ra dramatiken direkt till din hylla. Figuren levereras i originalf\u00f6rpackning med m\u00e5tten ca 20 \u00d7 15,5 \u00d7 10 cm och v\u00e4ger ca 215 g, redo att visas upp i sin fulla glans. Den f\u00e5ngar seriens energi [&hellip;]\" \/>\n<meta property=\"og:url\" content=\"http:\/\/animefigurer.se\/en\/figurer\/one-punch-man\/one-punch-man-celestial-vivi-hellish-blizzard\/\" \/>\n<meta property=\"og:site_name\" content=\"Animefigurer.se\" \/>\n<meta property=\"article:publisher\" content=\"https:\/\/www.facebook.com\/profile.php?id=61581826539670\" \/>\n<meta property=\"article:modified_time\" content=\"2026-03-30T11:11:24+00:00\" \/>\n<meta property=\"og:image\" content=\"https:\/\/animefigurer.se\/wp-content\/uploads\/2025\/11\/19355_1_1800x1800.webp\" \/>\n\t<meta property=\"og:image:width\" content=\"692\" \/>\n\t<meta property=\"og:image:height\" content=\"690\" \/>\n\t<meta property=\"og:image:type\" content=\"image\/webp\" \/>\n<meta name=\"twitter:card\" content=\"summary_large_image\" \/>\n<meta name=\"twitter:label1\" content=\"Estimated reading time\" \/>\n\t<meta name=\"twitter:data1\" content=\"1 minute\" \/>\n<script type=\"application\/ld+json\" class=\"yoast-schema-graph\">{\"@context\":\"https:\\\/\\\/schema.org\",\"@graph\":[{\"@type\":\"WebPage\",\"@id\":\"https:\\\/\\\/animefigurer.se\\\/figurer\\\/one-punch-man\\\/one-punch-man-celestial-vivi-hellish-blizzard\\\/\",\"url\":\"https:\\\/\\\/animefigurer.se\\\/figurer\\\/one-punch-man\\\/one-punch-man-celestial-vivi-hellish-blizzard\\\/\",\"name\":\"One Punch Man Celestial Vivi Hellish Blizzard | Animefigurer.se\",\"isPartOf\":{\"@id\":\"https:\\\/\\\/animefigurer.se\\\/#website\"},\"primaryImageOfPage\":{\"@id\":\"https:\\\/\\\/animefigurer.se\\\/figurer\\\/one-punch-man\\\/one-punch-man-celestial-vivi-hellish-blizzard\\\/#primaryimage\"},\"image\":{\"@id\":\"https:\\\/\\\/animefigurer.se\\\/figurer\\\/one-punch-man\\\/one-punch-man-celestial-vivi-hellish-blizzard\\\/#primaryimage\"},\"thumbnailUrl\":\"https:\\\/\\\/animefigurer.se\\\/wp-content\\\/uploads\\\/2025\\\/11\\\/19355_1_1800x1800.webp\",\"datePublished\":\"2025-11-29T12:09:55+00:00\",\"dateModified\":\"2026-03-30T11:11:24+00:00\",\"breadcrumb\":{\"@id\":\"https:\\\/\\\/animefigurer.se\\\/figurer\\\/one-punch-man\\\/one-punch-man-celestial-vivi-hellish-blizzard\\\/#breadcrumb\"},\"inLanguage\":\"en-GB\",\"potentialAction\":[{\"@type\":\"ReadAction\",\"target\":[\"https:\\\/\\\/animefigurer.se\\\/figurer\\\/one-punch-man\\\/one-punch-man-celestial-vivi-hellish-blizzard\\\/\"]}]},{\"@type\":\"ImageObject\",\"inLanguage\":\"en-GB\",\"@id\":\"https:\\\/\\\/animefigurer.se\\\/figurer\\\/one-punch-man\\\/one-punch-man-celestial-vivi-hellish-blizzard\\\/#primaryimage\",\"url\":\"https:\\\/\\\/animefigurer.se\\\/wp-content\\\/uploads\\\/2025\\\/11\\\/19355_1_1800x1800.webp\",\"contentUrl\":\"https:\\\/\\\/animefigurer.se\\\/wp-content\\\/uploads\\\/2025\\\/11\\\/19355_1_1800x1800.webp\",\"width\":692,\"height\":690,\"caption\":\"One Punch Man Celestial Vivi Hellish Blizzard\"},{\"@type\":\"BreadcrumbList\",\"@id\":\"https:\\\/\\\/animefigurer.se\\\/figurer\\\/one-punch-man\\\/one-punch-man-celestial-vivi-hellish-blizzard\\\/#breadcrumb\",\"itemListElement\":[{\"@type\":\"ListItem\",\"position\":1,\"name\":\"Home\",\"item\":\"https:\\\/\\\/animefigurer.se\\\/\"},{\"@type\":\"ListItem\",\"position\":2,\"name\":\"Butik\",\"item\":\"https:\\\/\\\/animefigurer.se\\\/figurer\\\/\"},{\"@type\":\"ListItem\",\"position\":3,\"name\":\"One Punch Man Celestial Vivi Hellish Blizzard\"}]},{\"@type\":\"WebSite\",\"@id\":\"https:\\\/\\\/animefigurer.se\\\/#website\",\"url\":\"https:\\\/\\\/animefigurer.se\\\/\",\"name\":\"Animefigurer.se\",\"description\":\"Anime figurer fr\u00e5n \u00f6ver 300 olika anime serier med \u00f6ver 9000 produkter | Anime Shop\",\"publisher\":{\"@id\":\"https:\\\/\\\/animefigurer.se\\\/#organization\"},\"potentialAction\":[{\"@type\":\"SearchAction\",\"target\":{\"@type\":\"EntryPoint\",\"urlTemplate\":\"https:\\\/\\\/animefigurer.se\\\/?s={search_term_string}\"},\"query-input\":{\"@type\":\"PropertyValueSpecification\",\"valueRequired\":true,\"valueName\":\"search_term_string\"}}],\"inLanguage\":\"en-GB\"},{\"@type\":\"Organization\",\"@id\":\"https:\\\/\\\/animefigurer.se\\\/#organization\",\"name\":\"Animefigurer.se\",\"alternateName\":\"Anime figurer | Anime shop\",\"url\":\"https:\\\/\\\/animefigurer.se\\\/\",\"logo\":{\"@type\":\"ImageObject\",\"inLanguage\":\"en-GB\",\"@id\":\"https:\\\/\\\/animefigurer.se\\\/#\\\/schema\\\/logo\\\/image\\\/\",\"url\":\"https:\\\/\\\/animefigurer.se\\\/wp-content\\\/uploads\\\/2025\\\/12\\\/Animefigurer_logowhite.png\",\"contentUrl\":\"https:\\\/\\\/animefigurer.se\\\/wp-content\\\/uploads\\\/2025\\\/12\\\/Animefigurer_logowhite.png\",\"width\":1890,\"height\":1417,\"caption\":\"Animefigurer.se\"},\"image\":{\"@id\":\"https:\\\/\\\/animefigurer.se\\\/#\\\/schema\\\/logo\\\/image\\\/\"},\"sameAs\":[\"https:\\\/\\\/www.facebook.com\\\/profile.php?id=61581826539670\",\"https:\\\/\\\/www.instagram.com\\\/animefigurer.se\\\/\"],\"email\":\"info@animefigurer.se\"}]}<\/script>\n<!-- \/ Yoast SEO Premium plugin. -->","yoast_head_json":{"title":"One Punch Man Celestial Vivi Hellish Blizzard | Animefigurer.se","robots":{"index":"index","follow":"follow","max-snippet":"max-snippet:-1","max-image-preview":"max-image-preview:large","max-video-preview":"max-video-preview:-1"},"canonical":"http:\/\/animefigurer.se\/en\/figurer\/one-punch-man\/one-punch-man-celestial-vivi-hellish-blizzard\/","og_locale":"en_GB","og_type":"article","og_title":"One Punch Man Celestial Vivi Hellish Blizzard","og_description":"Supercharge din samling med denna actionfyllda figur: Celestial Vivi \u201cHellish Blizzard\u201d fr\u00e5n One Punch Man \u2014 designad f\u00f6r att f\u00f6ra dramatiken direkt till din hylla. Figuren levereras i originalf\u00f6rpackning med m\u00e5tten ca 20 \u00d7 15,5 \u00d7 10 cm och v\u00e4ger ca 215 g, redo att visas upp i sin fulla glans. Den f\u00e5ngar seriens energi [&hellip;]","og_url":"http:\/\/animefigurer.se\/en\/figurer\/one-punch-man\/one-punch-man-celestial-vivi-hellish-blizzard\/","og_site_name":"Animefigurer.se","article_publisher":"https:\/\/www.facebook.com\/profile.php?id=61581826539670","article_modified_time":"2026-03-30T11:11:24+00:00","og_image":[{"width":692,"height":690,"url":"https:\/\/animefigurer.se\/wp-content\/uploads\/2025\/11\/19355_1_1800x1800.webp","type":"image\/webp"}],"twitter_card":"summary_large_image","twitter_misc":{"Estimated reading time":"1 minute"},"schema":{"@context":"https:\/\/schema.org","@graph":[{"@type":"WebPage","@id":"https:\/\/animefigurer.se\/figurer\/one-punch-man\/one-punch-man-celestial-vivi-hellish-blizzard\/","url":"https:\/\/animefigurer.se\/figurer\/one-punch-man\/one-punch-man-celestial-vivi-hellish-blizzard\/","name":"One Punch Man Celestial Vivi Hellish Blizzard | Animefigurer.se","isPartOf":{"@id":"https:\/\/animefigurer.se\/#website"},"primaryImageOfPage":{"@id":"https:\/\/animefigurer.se\/figurer\/one-punch-man\/one-punch-man-celestial-vivi-hellish-blizzard\/#primaryimage"},"image":{"@id":"https:\/\/animefigurer.se\/figurer\/one-punch-man\/one-punch-man-celestial-vivi-hellish-blizzard\/#primaryimage"},"thumbnailUrl":"https:\/\/animefigurer.se\/wp-content\/uploads\/2025\/11\/19355_1_1800x1800.webp","datePublished":"2025-11-29T12:09:55+00:00","dateModified":"2026-03-30T11:11:24+00:00","breadcrumb":{"@id":"https:\/\/animefigurer.se\/figurer\/one-punch-man\/one-punch-man-celestial-vivi-hellish-blizzard\/#breadcrumb"},"inLanguage":"en-GB","potentialAction":[{"@type":"ReadAction","target":["https:\/\/animefigurer.se\/figurer\/one-punch-man\/one-punch-man-celestial-vivi-hellish-blizzard\/"]}]},{"@type":"ImageObject","inLanguage":"en-GB","@id":"https:\/\/animefigurer.se\/figurer\/one-punch-man\/one-punch-man-celestial-vivi-hellish-blizzard\/#primaryimage","url":"https:\/\/animefigurer.se\/wp-content\/uploads\/2025\/11\/19355_1_1800x1800.webp","contentUrl":"https:\/\/animefigurer.se\/wp-content\/uploads\/2025\/11\/19355_1_1800x1800.webp","width":692,"height":690,"caption":"One Punch Man Celestial Vivi Hellish Blizzard"},{"@type":"BreadcrumbList","@id":"https:\/\/animefigurer.se\/figurer\/one-punch-man\/one-punch-man-celestial-vivi-hellish-blizzard\/#breadcrumb","itemListElement":[{"@type":"ListItem","position":1,"name":"Home","item":"https:\/\/animefigurer.se\/"},{"@type":"ListItem","position":2,"name":"Butik","item":"https:\/\/animefigurer.se\/figurer\/"},{"@type":"ListItem","position":3,"name":"One Punch Man Celestial Vivi Hellish Blizzard"}]},{"@type":"WebSite","@id":"https:\/\/animefigurer.se\/#website","url":"https:\/\/animefigurer.se\/","name":"Animefigurer.se","description":"Anime figures from over 300 different anime series with over 9000 products | Anime Shop","publisher":{"@id":"https:\/\/animefigurer.se\/#organization"},"potentialAction":[{"@type":"SearchAction","target":{"@type":"EntryPoint","urlTemplate":"https:\/\/animefigurer.se\/?s={search_term_string}"},"query-input":{"@type":"PropertyValueSpecification","valueRequired":true,"valueName":"search_term_string"}}],"inLanguage":"en-GB"},{"@type":"Organization","@id":"https:\/\/animefigurer.se\/#organization","name":"Animefigurer.se","alternateName":"Anime figurer | Anime shop","url":"https:\/\/animefigurer.se\/","logo":{"@type":"ImageObject","inLanguage":"en-GB","@id":"https:\/\/animefigurer.se\/#\/schema\/logo\/image\/","url":"https:\/\/animefigurer.se\/wp-content\/uploads\/2025\/12\/Animefigurer_logowhite.png","contentUrl":"https:\/\/animefigurer.se\/wp-content\/uploads\/2025\/12\/Animefigurer_logowhite.png","width":1890,"height":1417,"caption":"Animefigurer.se"},"image":{"@id":"https:\/\/animefigurer.se\/#\/schema\/logo\/image\/"},"sameAs":["https:\/\/www.facebook.com\/profile.php?id=61581826539670","https:\/\/www.instagram.com\/animefigurer.se\/"],"email":"info@animefigurer.se"}]}},"_links":{"self":[{"href":"http:\/\/animefigurer.se\/en\/wp-json\/wp\/v2\/product\/84432","targetHints":{"allow":["GET"]}}],"collection":[{"href":"http:\/\/animefigurer.se\/en\/wp-json\/wp\/v2\/product"}],"about":[{"href":"http:\/\/animefigurer.se\/en\/wp-json\/wp\/v2\/types\/product"}],"replies":[{"embeddable":true,"href":"http:\/\/animefigurer.se\/en\/wp-json\/wp\/v2\/comments?post=84432"}],"wp:featuredmedia":[{"embeddable":true,"href":"http:\/\/animefigurer.se\/en\/wp-json\/wp\/v2\/media\/84433"}],"wp:attachment":[{"href":"http:\/\/animefigurer.se\/en\/wp-json\/wp\/v2\/media?parent=84432"}],"wp:term":[{"taxonomy":"product_brand","embeddable":true,"href":"http:\/\/animefigurer.se\/en\/wp-json\/wp\/v2\/product_brand?post=84432"},{"taxonomy":"product_cat","embeddable":true,"href":"http:\/\/animefigurer.se\/en\/wp-json\/wp\/v2\/product_cat?post=84432"},{"taxonomy":"product_tag","embeddable":true,"href":"http:\/\/animefigurer.se\/en\/wp-json\/wp\/v2\/product_tag?post=84432"},{"taxonomy":"giftcard-category","embeddable":true,"href":"http:\/\/animefigurer.se\/en\/wp-json\/wp\/v2\/giftcard-category?post=84432"}],"curies":[{"name":"wp","href":"https:\/\/api.w.org\/{rel}","templated":true}]}}