{"id":68484,"date":"2025-10-21T14:46:23","date_gmt":"2025-10-21T12:46:23","guid":{"rendered":"https:\/\/animefigurer.se\/produkt\/the-lord-of-the-rings-the-war-of-the-rohirrim-s-h-figuarts-hera-hammerhand\/"},"modified":"2025-12-21T19:36:08","modified_gmt":"2025-12-21T18:36:08","slug":"the-lord-of-the-rings-the-war-of-the-rohirrim-s-h-figuarts-hera-hammerhand","status":"publish","type":"product","link":"http:\/\/animefigurer.se\/en\/figurer\/the-lord-of-the-rings\/the-lord-of-the-rings-the-war-of-the-rohirrim-sh-figuarts-hera-hammerhand\/","title":{"rendered":"The Lord of the Rings: The War of the Rohirrim SHFiguarts Hera Hammerhand"},"content":{"rendered":"<p>From the animated film The Lord of the Rings: The War of the Rohirrim comes Hera Hammerhand to the SHFiguarts line. Hera, daughter of Helm Hammerhand, is known for her free spirit, compassion, and courage as she tries to protect her people from the armies of Wulf. Don&#039;t miss your chance to add this figure to your collection \u2014 order today!<\/p>","protected":false},"excerpt":{"rendered":"<p>From the animated film The Lord of the Rings: The War of the Rohirrim comes Hera Hammerhand to the SHFiguarts line. Hera, daughter of Helm Hammerhand, is known for her free spirit, compassion, and courage as she tries to protect her people from the armies of Wulf. Don&#039;t miss the chance to add this fig<\/p>","protected":false},"featured_media":68485,"comment_status":"closed","ping_status":"open","template":"","meta":{"_acf_changed":false,"_monsterinsights_skip_tracking":false,"_monsterinsights_sitenote_active":false,"_monsterinsights_sitenote_note":"","_monsterinsights_sitenote_category":0},"product_brand":[6927],"product_cat":[5568],"product_tag":[24],"giftcard-category":[],"class_list":{"0":"post-68484","1":"product","2":"type-product","3":"status-publish","4":"has-post-thumbnail","6":"product_brand-bandai-tamashii-nations","7":"product_cat-the-lord-of-the-rings","8":"product_tag-2-3-weeks","9":"pa_franchise-the-lord-of-the-rings-the-war-of-the-rohirrim","10":"pa_karaktar-hera-hammerhand","11":"pa_material-plastic","12":"pa_produktserie-s-h-figuarts","13":"pa_storlek-15-cm","15":"first","16":"instock","17":"taxable","18":"shipping-taxable","19":"purchasable","20":"product-type-simple"},"acf":[],"yoast_head":"<!-- This site is optimized with the Yoast SEO Premium plugin v24.6 (Yoast SEO v27.3) - https:\/\/yoast.com\/product\/yoast-seo-premium-wordpress\/ -->\n<title>The Lord of the Rings: The War of the Rohirrim S.H.Figuarts Hera Hammerhand | Animefigurer.se<\/title>\n<meta name=\"robots\" content=\"index, follow, max-snippet:-1, max-image-preview:large, max-video-preview:-1\" \/>\n<link rel=\"canonical\" href=\"http:\/\/animefigurer.se\/en\/figurer\/the-lord-of-the-rings\/the-lord-of-the-rings-the-war-of-the-rohirrim-sh-figuarts-hera-hammerhand\/\" \/>\n<meta property=\"og:locale\" content=\"en_GB\" \/>\n<meta property=\"og:type\" content=\"article\" \/>\n<meta property=\"og:title\" content=\"The Lord of the Rings: The War of the Rohirrim S.H.Figuarts Hera Hammerhand\" \/>\n<meta property=\"og:description\" content=\"Fr\u00e5n den animerade filmen The Lord of the Rings: The War of the Rohirrim kommer Hera Hammerhand till S.H.Figuarts-serien. Hera, dotter till Helm Hammerhand, \u00e4r k\u00e4nd f\u00f6r sitt fria sinne, medk\u00e4nsla och mod n\u00e4r hon f\u00f6rs\u00f6ker skydda sitt folk fr\u00e5n Wulfs arm\u00e9er. Missa inte chansen att l\u00e4gga till denna fig\" \/>\n<meta property=\"og:url\" content=\"http:\/\/animefigurer.se\/en\/figurer\/the-lord-of-the-rings\/the-lord-of-the-rings-the-war-of-the-rohirrim-sh-figuarts-hera-hammerhand\/\" \/>\n<meta property=\"og:site_name\" content=\"Animefigurer.se\" \/>\n<meta property=\"article:publisher\" content=\"https:\/\/www.facebook.com\/profile.php?id=61581826539670\" \/>\n<meta property=\"article:modified_time\" content=\"2025-12-21T18:36:08+00:00\" \/>\n<meta property=\"og:image\" content=\"https:\/\/animefigurer.se\/wp-content\/uploads\/2025\/12\/Animefigurer_logowhite.png\" \/>\n\t<meta property=\"og:image:width\" content=\"1890\" \/>\n\t<meta property=\"og:image:height\" content=\"1417\" \/>\n\t<meta property=\"og:image:type\" content=\"image\/png\" \/>\n<meta name=\"twitter:card\" content=\"summary_large_image\" \/>\n<script type=\"application\/ld+json\" class=\"yoast-schema-graph\">{\"@context\":\"https:\\\/\\\/schema.org\",\"@graph\":[{\"@type\":\"WebPage\",\"@id\":\"https:\\\/\\\/animefigurer.se\\\/figurer\\\/the-lord-of-the-rings\\\/the-lord-of-the-rings-the-war-of-the-rohirrim-s-h-figuarts-hera-hammerhand\\\/\",\"url\":\"https:\\\/\\\/animefigurer.se\\\/figurer\\\/the-lord-of-the-rings\\\/the-lord-of-the-rings-the-war-of-the-rohirrim-s-h-figuarts-hera-hammerhand\\\/\",\"name\":\"The Lord of the Rings: The War of the Rohirrim S.H.Figuarts Hera Hammerhand | Animefigurer.se\",\"isPartOf\":{\"@id\":\"https:\\\/\\\/animefigurer.se\\\/#website\"},\"primaryImageOfPage\":{\"@id\":\"https:\\\/\\\/animefigurer.se\\\/figurer\\\/the-lord-of-the-rings\\\/the-lord-of-the-rings-the-war-of-the-rohirrim-s-h-figuarts-hera-hammerhand\\\/#primaryimage\"},\"image\":{\"@id\":\"https:\\\/\\\/animefigurer.se\\\/figurer\\\/the-lord-of-the-rings\\\/the-lord-of-the-rings-the-war-of-the-rohirrim-s-h-figuarts-hera-hammerhand\\\/#primaryimage\"},\"thumbnailUrl\":\"https:\\\/\\\/animefigurer.se\\\/wp-content\\\/uploads\\\/2025\\\/10\\\/676e9dcad8d94.jpeg\",\"datePublished\":\"2025-10-21T12:46:23+00:00\",\"dateModified\":\"2025-12-21T18:36:08+00:00\",\"breadcrumb\":{\"@id\":\"https:\\\/\\\/animefigurer.se\\\/figurer\\\/the-lord-of-the-rings\\\/the-lord-of-the-rings-the-war-of-the-rohirrim-s-h-figuarts-hera-hammerhand\\\/#breadcrumb\"},\"inLanguage\":\"en-GB\",\"potentialAction\":[{\"@type\":\"ReadAction\",\"target\":[\"https:\\\/\\\/animefigurer.se\\\/figurer\\\/the-lord-of-the-rings\\\/the-lord-of-the-rings-the-war-of-the-rohirrim-s-h-figuarts-hera-hammerhand\\\/\"]}]},{\"@type\":\"ImageObject\",\"inLanguage\":\"en-GB\",\"@id\":\"https:\\\/\\\/animefigurer.se\\\/figurer\\\/the-lord-of-the-rings\\\/the-lord-of-the-rings-the-war-of-the-rohirrim-s-h-figuarts-hera-hammerhand\\\/#primaryimage\",\"url\":\"https:\\\/\\\/animefigurer.se\\\/wp-content\\\/uploads\\\/2025\\\/10\\\/676e9dcad8d94.jpeg\",\"contentUrl\":\"https:\\\/\\\/animefigurer.se\\\/wp-content\\\/uploads\\\/2025\\\/10\\\/676e9dcad8d94.jpeg\",\"width\":720,\"height\":540},{\"@type\":\"BreadcrumbList\",\"@id\":\"https:\\\/\\\/animefigurer.se\\\/figurer\\\/the-lord-of-the-rings\\\/the-lord-of-the-rings-the-war-of-the-rohirrim-s-h-figuarts-hera-hammerhand\\\/#breadcrumb\",\"itemListElement\":[{\"@type\":\"ListItem\",\"position\":1,\"name\":\"Home\",\"item\":\"https:\\\/\\\/animefigurer.se\\\/\"},{\"@type\":\"ListItem\",\"position\":2,\"name\":\"Butik\",\"item\":\"https:\\\/\\\/animefigurer.se\\\/figurer\\\/\"},{\"@type\":\"ListItem\",\"position\":3,\"name\":\"The Lord of the Rings: The War of the Rohirrim S.H.Figuarts Hera Hammerhand\"}]},{\"@type\":\"WebSite\",\"@id\":\"https:\\\/\\\/animefigurer.se\\\/#website\",\"url\":\"https:\\\/\\\/animefigurer.se\\\/\",\"name\":\"Animefigurer.se\",\"description\":\"Anime figurer fr\u00e5n \u00f6ver 300 olika anime serier med \u00f6ver 9000 produkter | Anime Shop\",\"publisher\":{\"@id\":\"https:\\\/\\\/animefigurer.se\\\/#organization\"},\"potentialAction\":[{\"@type\":\"SearchAction\",\"target\":{\"@type\":\"EntryPoint\",\"urlTemplate\":\"https:\\\/\\\/animefigurer.se\\\/?s={search_term_string}\"},\"query-input\":{\"@type\":\"PropertyValueSpecification\",\"valueRequired\":true,\"valueName\":\"search_term_string\"}}],\"inLanguage\":\"en-GB\"},{\"@type\":\"Organization\",\"@id\":\"https:\\\/\\\/animefigurer.se\\\/#organization\",\"name\":\"Animefigurer.se\",\"alternateName\":\"Anime figurer | Anime shop\",\"url\":\"https:\\\/\\\/animefigurer.se\\\/\",\"logo\":{\"@type\":\"ImageObject\",\"inLanguage\":\"en-GB\",\"@id\":\"https:\\\/\\\/animefigurer.se\\\/#\\\/schema\\\/logo\\\/image\\\/\",\"url\":\"https:\\\/\\\/animefigurer.se\\\/wp-content\\\/uploads\\\/2025\\\/12\\\/Animefigurer_logowhite.png\",\"contentUrl\":\"https:\\\/\\\/animefigurer.se\\\/wp-content\\\/uploads\\\/2025\\\/12\\\/Animefigurer_logowhite.png\",\"width\":1890,\"height\":1417,\"caption\":\"Animefigurer.se\"},\"image\":{\"@id\":\"https:\\\/\\\/animefigurer.se\\\/#\\\/schema\\\/logo\\\/image\\\/\"},\"sameAs\":[\"https:\\\/\\\/www.facebook.com\\\/profile.php?id=61581826539670\",\"https:\\\/\\\/www.instagram.com\\\/animefigurer.se\\\/\"],\"email\":\"info@animefigurer.se\"}]}<\/script>\n<!-- \/ Yoast SEO Premium plugin. -->","yoast_head_json":{"title":"The Lord of the Rings: The War of the Rohirrim SHFiguarts Hera Hammerhand | Animefigurer.se","robots":{"index":"index","follow":"follow","max-snippet":"max-snippet:-1","max-image-preview":"max-image-preview:large","max-video-preview":"max-video-preview:-1"},"canonical":"http:\/\/animefigurer.se\/en\/figurer\/the-lord-of-the-rings\/the-lord-of-the-rings-the-war-of-the-rohirrim-sh-figuarts-hera-hammerhand\/","og_locale":"en_GB","og_type":"article","og_title":"The Lord of the Rings: The War of the Rohirrim S.H.Figuarts Hera Hammerhand","og_description":"Fr\u00e5n den animerade filmen The Lord of the Rings: The War of the Rohirrim kommer Hera Hammerhand till S.H.Figuarts-serien. Hera, dotter till Helm Hammerhand, \u00e4r k\u00e4nd f\u00f6r sitt fria sinne, medk\u00e4nsla och mod n\u00e4r hon f\u00f6rs\u00f6ker skydda sitt folk fr\u00e5n Wulfs arm\u00e9er. Missa inte chansen att l\u00e4gga till denna fig","og_url":"http:\/\/animefigurer.se\/en\/figurer\/the-lord-of-the-rings\/the-lord-of-the-rings-the-war-of-the-rohirrim-sh-figuarts-hera-hammerhand\/","og_site_name":"Animefigurer.se","article_publisher":"https:\/\/www.facebook.com\/profile.php?id=61581826539670","article_modified_time":"2025-12-21T18:36:08+00:00","og_image":[{"width":1890,"height":1417,"url":"https:\/\/animefigurer.se\/wp-content\/uploads\/2025\/12\/Animefigurer_logowhite.png","type":"image\/png"}],"twitter_card":"summary_large_image","schema":{"@context":"https:\/\/schema.org","@graph":[{"@type":"WebPage","@id":"https:\/\/animefigurer.se\/figurer\/the-lord-of-the-rings\/the-lord-of-the-rings-the-war-of-the-rohirrim-s-h-figuarts-hera-hammerhand\/","url":"https:\/\/animefigurer.se\/figurer\/the-lord-of-the-rings\/the-lord-of-the-rings-the-war-of-the-rohirrim-s-h-figuarts-hera-hammerhand\/","name":"The Lord of the Rings: The War of the Rohirrim SHFiguarts Hera Hammerhand | Animefigurer.se","isPartOf":{"@id":"https:\/\/animefigurer.se\/#website"},"primaryImageOfPage":{"@id":"https:\/\/animefigurer.se\/figurer\/the-lord-of-the-rings\/the-lord-of-the-rings-the-war-of-the-rohirrim-s-h-figuarts-hera-hammerhand\/#primaryimage"},"image":{"@id":"https:\/\/animefigurer.se\/figurer\/the-lord-of-the-rings\/the-lord-of-the-rings-the-war-of-the-rohirrim-s-h-figuarts-hera-hammerhand\/#primaryimage"},"thumbnailUrl":"https:\/\/animefigurer.se\/wp-content\/uploads\/2025\/10\/676e9dcad8d94.jpeg","datePublished":"2025-10-21T12:46:23+00:00","dateModified":"2025-12-21T18:36:08+00:00","breadcrumb":{"@id":"https:\/\/animefigurer.se\/figurer\/the-lord-of-the-rings\/the-lord-of-the-rings-the-war-of-the-rohirrim-s-h-figuarts-hera-hammerhand\/#breadcrumb"},"inLanguage":"en-GB","potentialAction":[{"@type":"ReadAction","target":["https:\/\/animefigurer.se\/figurer\/the-lord-of-the-rings\/the-lord-of-the-rings-the-war-of-the-rohirrim-s-h-figuarts-hera-hammerhand\/"]}]},{"@type":"ImageObject","inLanguage":"en-GB","@id":"https:\/\/animefigurer.se\/figurer\/the-lord-of-the-rings\/the-lord-of-the-rings-the-war-of-the-rohirrim-s-h-figuarts-hera-hammerhand\/#primaryimage","url":"https:\/\/animefigurer.se\/wp-content\/uploads\/2025\/10\/676e9dcad8d94.jpeg","contentUrl":"https:\/\/animefigurer.se\/wp-content\/uploads\/2025\/10\/676e9dcad8d94.jpeg","width":720,"height":540},{"@type":"BreadcrumbList","@id":"https:\/\/animefigurer.se\/figurer\/the-lord-of-the-rings\/the-lord-of-the-rings-the-war-of-the-rohirrim-s-h-figuarts-hera-hammerhand\/#breadcrumb","itemListElement":[{"@type":"ListItem","position":1,"name":"Home","item":"https:\/\/animefigurer.se\/"},{"@type":"ListItem","position":2,"name":"Butik","item":"https:\/\/animefigurer.se\/figurer\/"},{"@type":"ListItem","position":3,"name":"The Lord of the Rings: The War of the Rohirrim S.H.Figuarts Hera Hammerhand"}]},{"@type":"WebSite","@id":"https:\/\/animefigurer.se\/#website","url":"https:\/\/animefigurer.se\/","name":"Animefigurer.se","description":"Anime figures from over 300 different anime series with over 9000 products | Anime Shop","publisher":{"@id":"https:\/\/animefigurer.se\/#organization"},"potentialAction":[{"@type":"SearchAction","target":{"@type":"EntryPoint","urlTemplate":"https:\/\/animefigurer.se\/?s={search_term_string}"},"query-input":{"@type":"PropertyValueSpecification","valueRequired":true,"valueName":"search_term_string"}}],"inLanguage":"en-GB"},{"@type":"Organization","@id":"https:\/\/animefigurer.se\/#organization","name":"Animefigurer.se","alternateName":"Anime figurer | Anime shop","url":"https:\/\/animefigurer.se\/","logo":{"@type":"ImageObject","inLanguage":"en-GB","@id":"https:\/\/animefigurer.se\/#\/schema\/logo\/image\/","url":"https:\/\/animefigurer.se\/wp-content\/uploads\/2025\/12\/Animefigurer_logowhite.png","contentUrl":"https:\/\/animefigurer.se\/wp-content\/uploads\/2025\/12\/Animefigurer_logowhite.png","width":1890,"height":1417,"caption":"Animefigurer.se"},"image":{"@id":"https:\/\/animefigurer.se\/#\/schema\/logo\/image\/"},"sameAs":["https:\/\/www.facebook.com\/profile.php?id=61581826539670","https:\/\/www.instagram.com\/animefigurer.se\/"],"email":"info@animefigurer.se"}]}},"_links":{"self":[{"href":"http:\/\/animefigurer.se\/en\/wp-json\/wp\/v2\/product\/68484","targetHints":{"allow":["GET"]}}],"collection":[{"href":"http:\/\/animefigurer.se\/en\/wp-json\/wp\/v2\/product"}],"about":[{"href":"http:\/\/animefigurer.se\/en\/wp-json\/wp\/v2\/types\/product"}],"replies":[{"embeddable":true,"href":"http:\/\/animefigurer.se\/en\/wp-json\/wp\/v2\/comments?post=68484"}],"wp:featuredmedia":[{"embeddable":true,"href":"http:\/\/animefigurer.se\/en\/wp-json\/wp\/v2\/media\/68485"}],"wp:attachment":[{"href":"http:\/\/animefigurer.se\/en\/wp-json\/wp\/v2\/media?parent=68484"}],"wp:term":[{"taxonomy":"product_brand","embeddable":true,"href":"http:\/\/animefigurer.se\/en\/wp-json\/wp\/v2\/product_brand?post=68484"},{"taxonomy":"product_cat","embeddable":true,"href":"http:\/\/animefigurer.se\/en\/wp-json\/wp\/v2\/product_cat?post=68484"},{"taxonomy":"product_tag","embeddable":true,"href":"http:\/\/animefigurer.se\/en\/wp-json\/wp\/v2\/product_tag?post=68484"},{"taxonomy":"giftcard-category","embeddable":true,"href":"http:\/\/animefigurer.se\/en\/wp-json\/wp\/v2\/giftcard-category?post=68484"}],"curies":[{"name":"wp","href":"https:\/\/api.w.org\/{rel}","templated":true}]}}